{"id":250527,"date":"2026-04-16T23:15:13","date_gmt":"2026-04-17T05:15:13","guid":{"rendered":"https:\/\/compuviper.mx\/tienda\/producto\/dahua-dhi-vth2421fb-p-monitor-ip-para-videoportero-vth2421fb-p-tactil-de-7-serie-pro-con-8gb-de-memoria-embebida-poe-estandar-ranura-misd-soporta-llamada-grupal-videos-mensajes-6-e-s-de-alar\/"},"modified":"2026-04-16T23:15:14","modified_gmt":"2026-04-17T05:15:14","slug":"dahua-dhi-vth2421fb-p6939554972485-monitor-ip-para-videoportero-vth2421fb-p-tactil-de-7-serie-pro-con-8gb-de-memoria-embebida-poe-estandar-ranura-misd-soporta-llamada-grupal-videos-mensajes","status":"publish","type":"product","link":"https:\/\/compuviper.mx\/tienda\/producto\/dahua-dhi-vth2421fb-p6939554972485-monitor-ip-para-videoportero-vth2421fb-p-tactil-de-7-serie-pro-con-8gb-de-memoria-embebida-poe-estandar-ranura-misd-soporta-llamada-grupal-videos-mensajes\/","title":{"rendered":"Dahua Dhi-vth2421fb-p,6939554972485 Monitor Ip Para Videoportero\/ \/ Vth2421fb-p\/tactil De 7 Serie Pro, Con 8gb De Memoria Embebida, Poe Estandar, Ranura Misd, Soporta Llamada Grupal, Videos, Mensajes, 6 E\/s De Alarma, Y Hasta 9 Mo"},"content":{"rendered":"<table class=\"descripcion\">\n<tr>\n<td>Especificaciones<\/td>\n<\/tr>\n<tr>\n<td>\u0095alimentacion: 12 v dc \/ 500 ma, 48 v poe 802.3af<\/td>\n<\/tr>\n<tr>\n<td>\u0095dimensiones: 119,6 mm  221,5 mm  21,5 mm<\/td>\n<\/tr>\n<tr>\n<td>\u0095temperatura de funcionamiento: &#8211; 10\u00b0c a 55\u00b0c<\/td>\n<\/tr>\n<tr>\n<td>\u0095humedad de funcionamiento: 10 hr-95 hr<\/td>\n<\/tr>\n<tr>\n<td>\u0095consumo de energia: en espera and 8804;4w, trabajo and 8804;6w<\/td>\n<\/tr>\n<tr>\n<td>\u0095peso bruto: 0,35 kilogramos<\/td>\n<\/tr>\n<tr>\n<td>Principales caracteristicas.<\/td>\n<\/tr>\n<tr>\n<td>\u0095pantalla: tactil capacitiva tft de 7, 1024 x 600<\/td>\n<\/tr>\n<tr>\n<td>\u0095funciones: vigilancia pci<\/td>\n<\/tr>\n<tr>\n<td>\u0095alarma: integracion de alarma<\/td>\n<\/tr>\n<tr>\n<td>\u0095ventajas: alto rendimiento y rentable<\/td>\n<\/tr>\n<tr>\n<td>\u0095memoria: admite tarjeta sd de 8gb<\/td>\n<\/tr>\n<tr>\n<td>\u0095tecnologia: soporta poe estandar<\/td>\n<\/tr>\n<tr>\n<td>Incluye<\/td>\n<\/tr>\n<tr>\n<td>\u0095x1 monitor: vth2421fb-p<\/td>\n<\/tr>\n<tr>\n<td>\u0095x1 manual de usuario<\/td>\n<\/tr>\n<tr>\n<td>\u0095x1 poliza de garantia<\/td>\n<\/tr>\n<\/table>\n","protected":false},"excerpt":{"rendered":"<p>Informacion general. El dahua vth2421fb-p es un monitor ip tactil de 7 de la serie pro, ideal para mejorar la videointercomunicacion. Equipado con 8gb de memoria embebida y una ranura microsd, ofrece amplio almacenamiento para videos y mensajes. Su compatibilidad con poe estandar permite una instalacion sencilla utilizando un solo cable para energia y datos. El monitor soporta llamadas grupales y la conexion de hasta 9 monitores adicionales, lo que lo hace adaptable a sistemas mas grandes. Ademas, cuenta con 6 entradas y salidas de alarma, asegurando una integracion completa con sistemas de seguridad existentes<\/p>\n","protected":false},"featured_media":258794,"comment_status":"open","ping_status":"open","template":"","meta":[],"product_cat":[2200,1540],"product_tag":[1555],"acf":[],"yoast_head":"<!-- This site is optimized with the Yoast SEO plugin v21.7 - https:\/\/yoast.com\/wordpress\/plugins\/seo\/ -->\n<title>[ Dahua ] &#129351; Dhi-vth2421fb-p,6939554972485 Monitor Ip Para Videoportero\/ \/ Vth2421fb-p\/tactil De 7 Serie Pro, Con 8gb De Memoria Embebida, Poe Estandar, Ranura Misd, Soporta Llamada Grupal, Videos, Mensajes, 6 E\/s De Alarma, Y Hasta 9 Mo<\/title>\n<meta name=\"description\" content=\"Compra Dhi-vth2421fb-p,6939554972485 Monitor Ip Para Videoportero\/ \/ Vth2421fb-p\/tactil De 7 Serie Pro, Con 8gb De Memoria Embebida, Poe Estandar, Ranura Misd, Soporta Llamada Grupal, Videos, Mensajes, 6 E\/s De Alarma, Y Hasta 9 Mo + Env\u00edo a domicilio + Pago seguro + Garant\u00eda\" \/>\n<meta name=\"robots\" content=\"index, follow, max-snippet:-1, max-image-preview:large, max-video-preview:-1\" \/>\n<link rel=\"canonical\" href=\"https:\/\/compuviper.mx\/tienda\/producto\/dahua-dhi-vth2421fb-p6939554972485-monitor-ip-para-videoportero-vth2421fb-p-tactil-de-7-serie-pro-con-8gb-de-memoria-embebida-poe-estandar-ranura-misd-soporta-llamada-grupal-videos-mensajes\/\" \/>\n<meta property=\"og:locale\" content=\"es_MX\" \/>\n<meta property=\"og:type\" content=\"article\" \/>\n<meta property=\"og:title\" content=\"[ Dahua ] &#129351; Dhi-vth2421fb-p,6939554972485 Monitor Ip Para Videoportero\/ \/ Vth2421fb-p\/tactil De 7 Serie Pro, Con 8gb De Memoria Embebida, Poe Estandar, Ranura Misd, Soporta Llamada Grupal, Videos, Mensajes, 6 E\/s De Alarma, Y Hasta 9 Mo\" \/>\n<meta property=\"og:description\" content=\"Compra Dhi-vth2421fb-p,6939554972485 Monitor Ip Para Videoportero\/ \/ Vth2421fb-p\/tactil De 7 Serie Pro, Con 8gb De Memoria Embebida, Poe Estandar, Ranura Misd, Soporta Llamada Grupal, Videos, Mensajes, 6 E\/s De Alarma, Y Hasta 9 Mo + Env\u00edo a domicilio + Pago seguro + Garant\u00eda\" \/>\n<meta property=\"og:url\" content=\"https:\/\/compuviper.mx\/tienda\/producto\/dahua-dhi-vth2421fb-p6939554972485-monitor-ip-para-videoportero-vth2421fb-p-tactil-de-7-serie-pro-con-8gb-de-memoria-embebida-poe-estandar-ranura-misd-soporta-llamada-grupal-videos-mensajes\/\" \/>\n<meta property=\"og:site_name\" content=\"Compuviper\" \/>\n<meta property=\"article:publisher\" content=\"https:\/\/www.facebook.com\/compuviper\" \/>\n<meta property=\"article:modified_time\" content=\"2026-04-17T05:15:14+00:00\" \/>\n<meta property=\"og:image\" content=\"https:\/\/compuviper.mx\/tienda\/wp-content\/uploads\/2025\/10\/Monitor-ip-para-videoportero-dahua-vth2421fb-ptactil-de-7-serie-pro-con-8gb-de-memoria-embebida-poe-estandar-ranura-misd-soporta-llamada-grupal-videos-mensajes-6-es-de-alarma-y-hasta-9-mo.jpg\" \/>\n\t<meta property=\"og:image:width\" content=\"200\" \/>\n\t<meta property=\"og:image:height\" content=\"200\" \/>\n\t<meta property=\"og:image:type\" content=\"image\/jpeg\" \/>\n<meta name=\"twitter:card\" content=\"summary_large_image\" \/>\n<meta name=\"twitter:label1\" content=\"Precio\" \/>\n\t<meta name=\"twitter:data1\" content=\"&#36;1,962 con IVA\" \/>\n\t<meta name=\"twitter:label2\" content=\"Availability\" \/>\n\t<meta name=\"twitter:data2\" content=\"Out of stock\" \/>\n<script type=\"application\/ld+json\" class=\"yoast-schema-graph\">{\"@context\":\"https:\/\/schema.org\",\"@graph\":[{\"@type\":\"WebPage\",\"@id\":\"https:\/\/compuviper.mx\/tienda\/producto\/dahua-dhi-vth2421fb-p6939554972485-monitor-ip-para-videoportero-vth2421fb-p-tactil-de-7-serie-pro-con-8gb-de-memoria-embebida-poe-estandar-ranura-misd-soporta-llamada-grupal-videos-mensajes\/\",\"url\":\"https:\/\/compuviper.mx\/tienda\/producto\/dahua-dhi-vth2421fb-p6939554972485-monitor-ip-para-videoportero-vth2421fb-p-tactil-de-7-serie-pro-con-8gb-de-memoria-embebida-poe-estandar-ranura-misd-soporta-llamada-grupal-videos-mensajes\/\",\"name\":\"[ Dahua ] &#129351; Dhi-vth2421fb-p,6939554972485 Monitor Ip Para Videoportero\/ \/ Vth2421fb-p\/tactil De 7 Serie Pro, Con 8gb De Memoria Embebida, Poe Estandar, Ranura Misd, Soporta Llamada Grupal, Videos, Mensajes, 6 E\/s De Alarma, Y Hasta 9 Mo\",\"isPartOf\":{\"@id\":\"https:\/\/compuviper.mx\/tienda\/#website\"},\"datePublished\":\"2026-04-17T05:15:13+00:00\",\"dateModified\":\"2026-04-17T05:15:14+00:00\",\"description\":\"Compra Dhi-vth2421fb-p,6939554972485 Monitor Ip Para Videoportero\/ \/ Vth2421fb-p\/tactil De 7 Serie Pro, Con 8gb De Memoria Embebida, Poe Estandar, Ranura Misd, Soporta Llamada Grupal, Videos, Mensajes, 6 E\/s De Alarma, Y Hasta 9 Mo + Env\u00edo a domicilio + Pago seguro + Garant\u00eda\",\"breadcrumb\":{\"@id\":\"https:\/\/compuviper.mx\/tienda\/producto\/dahua-dhi-vth2421fb-p6939554972485-monitor-ip-para-videoportero-vth2421fb-p-tactil-de-7-serie-pro-con-8gb-de-memoria-embebida-poe-estandar-ranura-misd-soporta-llamada-grupal-videos-mensajes\/#breadcrumb\"},\"inLanguage\":\"es-MX\",\"potentialAction\":[{\"@type\":\"ReadAction\",\"target\":[\"https:\/\/compuviper.mx\/tienda\/producto\/dahua-dhi-vth2421fb-p6939554972485-monitor-ip-para-videoportero-vth2421fb-p-tactil-de-7-serie-pro-con-8gb-de-memoria-embebida-poe-estandar-ranura-misd-soporta-llamada-grupal-videos-mensajes\/\"]}]},{\"@type\":\"BreadcrumbList\",\"@id\":\"https:\/\/compuviper.mx\/tienda\/producto\/dahua-dhi-vth2421fb-p6939554972485-monitor-ip-para-videoportero-vth2421fb-p-tactil-de-7-serie-pro-con-8gb-de-memoria-embebida-poe-estandar-ranura-misd-soporta-llamada-grupal-videos-mensajes\/#breadcrumb\",\"itemListElement\":[{\"@type\":\"ListItem\",\"position\":1,\"name\":\"Inicio\",\"item\":\"https:\/\/compuviper.mx\/tienda\/\"},{\"@type\":\"ListItem\",\"position\":2,\"name\":\"Productos\",\"item\":\"https:\/\/compuviper.mx\/tienda\/productos\/\"},{\"@type\":\"ListItem\",\"position\":3,\"name\":\"Control De Acceso Y Asistencia\",\"item\":\"https:\/\/compuviper.mx\/tienda\/categoria-producto\/control-de-acceso-y-asistencia\/\"},{\"@type\":\"ListItem\",\"position\":4,\"name\":\"Accesorios Para Videopportero\",\"item\":\"https:\/\/compuviper.mx\/tienda\/categoria-producto\/control-de-acceso-y-asistencia\/accesorios-para-videopportero\/\"},{\"@type\":\"ListItem\",\"position\":5,\"name\":\"Dahua Dhi-vth2421fb-p,6939554972485 Monitor Ip Para Videoportero\/ \/ Vth2421fb-p\/tactil De 7 Serie Pro, Con 8gb De Memoria Embebida, Poe Estandar, Ranura Misd, Soporta Llamada Grupal, Videos, Mensajes, 6 E\/s De Alarma, Y Hasta 9 Mo\"}]},{\"@type\":\"WebSite\",\"@id\":\"https:\/\/compuviper.mx\/tienda\/#website\",\"url\":\"https:\/\/compuviper.mx\/tienda\/\",\"name\":\"Compuviper\",\"description\":\"Proveedor de Computadoras, Laptops, Servidores, Monitores, Puntos de Venta, Teclados,   Impresoras, T\u00f3ner, C\u00e1maras de Seguridad y m\u00e1s en tu tienda en l\u00ednea\",\"publisher\":{\"@id\":\"https:\/\/compuviper.mx\/tienda\/#organization\"},\"potentialAction\":[{\"@type\":\"SearchAction\",\"target\":{\"@type\":\"EntryPoint\",\"urlTemplate\":\"https:\/\/compuviper.mx\/tienda\/?s={search_term_string}\"},\"query-input\":\"required name=search_term_string\"}],\"inLanguage\":\"es-MX\"},{\"@type\":\"Organization\",\"@id\":\"https:\/\/compuviper.mx\/tienda\/#organization\",\"name\":\"Compuviper\",\"url\":\"https:\/\/compuviper.mx\/tienda\/\",\"logo\":{\"@type\":\"ImageObject\",\"inLanguage\":\"es-MX\",\"@id\":\"https:\/\/compuviper.mx\/tienda\/#\/schema\/logo\/image\/\",\"url\":\"https:\/\/compuviper.mx\/tienda\/wp-content\/uploads\/2021\/08\/Logo-Compuviper-10.png\",\"contentUrl\":\"https:\/\/compuviper.mx\/tienda\/wp-content\/uploads\/2021\/08\/Logo-Compuviper-10.png\",\"width\":1000,\"height\":500,\"caption\":\"Compuviper\"},\"image\":{\"@id\":\"https:\/\/compuviper.mx\/tienda\/#\/schema\/logo\/image\/\"},\"sameAs\":[\"https:\/\/www.facebook.com\/compuviper\",\"https:\/\/www.youtube.com\/channel\/UCf73dERp9Y3cfOq7q8BhLjA?view_as=subscriber\"]}]}<\/script>\n<meta property=\"product:brand\" content=\"DAHUA\" \/>\n<meta property=\"product:price:amount\" content=\"1962\" \/>\n<meta property=\"product:price:currency\" content=\"MXN\" \/>\n<meta property=\"og:availability\" content=\"out of stock\" \/>\n<meta property=\"product:availability\" content=\"out of stock\" \/>\n<meta property=\"product:retailer_item_id\" content=\"DHI-VTH2421FB-P,6939554972485\" \/>\n<meta property=\"product:condition\" content=\"new\" \/>\n<!-- \/ Yoast SEO plugin. -->","yoast_head_json":{"title":"[ Dahua ] &#129351; Dhi-vth2421fb-p,6939554972485 Monitor Ip Para Videoportero\/ \/ Vth2421fb-p\/tactil De 7 Serie Pro, Con 8gb De Memoria Embebida, Poe Estandar, Ranura Misd, Soporta Llamada Grupal, Videos, Mensajes, 6 E\/s De Alarma, Y Hasta 9 Mo","description":"Compra Dhi-vth2421fb-p,6939554972485 Monitor Ip Para Videoportero\/ \/ Vth2421fb-p\/tactil De 7 Serie Pro, Con 8gb De Memoria Embebida, Poe Estandar, Ranura Misd, Soporta Llamada Grupal, Videos, Mensajes, 6 E\/s De Alarma, Y Hasta 9 Mo + Env\u00edo a domicilio + Pago seguro + Garant\u00eda","robots":{"index":"index","follow":"follow","max-snippet":"max-snippet:-1","max-image-preview":"max-image-preview:large","max-video-preview":"max-video-preview:-1"},"canonical":"https:\/\/compuviper.mx\/tienda\/producto\/dahua-dhi-vth2421fb-p6939554972485-monitor-ip-para-videoportero-vth2421fb-p-tactil-de-7-serie-pro-con-8gb-de-memoria-embebida-poe-estandar-ranura-misd-soporta-llamada-grupal-videos-mensajes\/","og_locale":"es_MX","og_type":"article","og_title":"[ Dahua ] &#129351; Dhi-vth2421fb-p,6939554972485 Monitor Ip Para Videoportero\/ \/ Vth2421fb-p\/tactil De 7 Serie Pro, Con 8gb De Memoria Embebida, Poe Estandar, Ranura Misd, Soporta Llamada Grupal, Videos, Mensajes, 6 E\/s De Alarma, Y Hasta 9 Mo","og_description":"Compra Dhi-vth2421fb-p,6939554972485 Monitor Ip Para Videoportero\/ \/ Vth2421fb-p\/tactil De 7 Serie Pro, Con 8gb De Memoria Embebida, Poe Estandar, Ranura Misd, Soporta Llamada Grupal, Videos, Mensajes, 6 E\/s De Alarma, Y Hasta 9 Mo + Env\u00edo a domicilio + Pago seguro + Garant\u00eda","og_url":"https:\/\/compuviper.mx\/tienda\/producto\/dahua-dhi-vth2421fb-p6939554972485-monitor-ip-para-videoportero-vth2421fb-p-tactil-de-7-serie-pro-con-8gb-de-memoria-embebida-poe-estandar-ranura-misd-soporta-llamada-grupal-videos-mensajes\/","og_site_name":"Compuviper","article_publisher":"https:\/\/www.facebook.com\/compuviper","article_modified_time":"2026-04-17T05:15:14+00:00","og_image":[{"width":200,"height":200,"url":"https:\/\/compuviper.mx\/tienda\/wp-content\/uploads\/2025\/10\/Monitor-ip-para-videoportero-dahua-vth2421fb-ptactil-de-7-serie-pro-con-8gb-de-memoria-embebida-poe-estandar-ranura-misd-soporta-llamada-grupal-videos-mensajes-6-es-de-alarma-y-hasta-9-mo.jpg","type":"image\/jpeg"}],"twitter_card":"summary_large_image","twitter_misc":{"Precio":"&#36;1,962 con IVA","Availability":"Out of stock"},"schema":{"@context":"https:\/\/schema.org","@graph":[{"@type":"WebPage","@id":"https:\/\/compuviper.mx\/tienda\/producto\/dahua-dhi-vth2421fb-p6939554972485-monitor-ip-para-videoportero-vth2421fb-p-tactil-de-7-serie-pro-con-8gb-de-memoria-embebida-poe-estandar-ranura-misd-soporta-llamada-grupal-videos-mensajes\/","url":"https:\/\/compuviper.mx\/tienda\/producto\/dahua-dhi-vth2421fb-p6939554972485-monitor-ip-para-videoportero-vth2421fb-p-tactil-de-7-serie-pro-con-8gb-de-memoria-embebida-poe-estandar-ranura-misd-soporta-llamada-grupal-videos-mensajes\/","name":"[ Dahua ] &#129351; Dhi-vth2421fb-p,6939554972485 Monitor Ip Para Videoportero\/ \/ Vth2421fb-p\/tactil De 7 Serie Pro, Con 8gb De Memoria Embebida, Poe Estandar, Ranura Misd, Soporta Llamada Grupal, Videos, Mensajes, 6 E\/s De Alarma, Y Hasta 9 Mo","isPartOf":{"@id":"https:\/\/compuviper.mx\/tienda\/#website"},"datePublished":"2026-04-17T05:15:13+00:00","dateModified":"2026-04-17T05:15:14+00:00","description":"Compra Dhi-vth2421fb-p,6939554972485 Monitor Ip Para Videoportero\/ \/ Vth2421fb-p\/tactil De 7 Serie Pro, Con 8gb De Memoria Embebida, Poe Estandar, Ranura Misd, Soporta Llamada Grupal, Videos, Mensajes, 6 E\/s De Alarma, Y Hasta 9 Mo + Env\u00edo a domicilio + Pago seguro + Garant\u00eda","breadcrumb":{"@id":"https:\/\/compuviper.mx\/tienda\/producto\/dahua-dhi-vth2421fb-p6939554972485-monitor-ip-para-videoportero-vth2421fb-p-tactil-de-7-serie-pro-con-8gb-de-memoria-embebida-poe-estandar-ranura-misd-soporta-llamada-grupal-videos-mensajes\/#breadcrumb"},"inLanguage":"es-MX","potentialAction":[{"@type":"ReadAction","target":["https:\/\/compuviper.mx\/tienda\/producto\/dahua-dhi-vth2421fb-p6939554972485-monitor-ip-para-videoportero-vth2421fb-p-tactil-de-7-serie-pro-con-8gb-de-memoria-embebida-poe-estandar-ranura-misd-soporta-llamada-grupal-videos-mensajes\/"]}]},{"@type":"BreadcrumbList","@id":"https:\/\/compuviper.mx\/tienda\/producto\/dahua-dhi-vth2421fb-p6939554972485-monitor-ip-para-videoportero-vth2421fb-p-tactil-de-7-serie-pro-con-8gb-de-memoria-embebida-poe-estandar-ranura-misd-soporta-llamada-grupal-videos-mensajes\/#breadcrumb","itemListElement":[{"@type":"ListItem","position":1,"name":"Inicio","item":"https:\/\/compuviper.mx\/tienda\/"},{"@type":"ListItem","position":2,"name":"Productos","item":"https:\/\/compuviper.mx\/tienda\/productos\/"},{"@type":"ListItem","position":3,"name":"Control De Acceso Y Asistencia","item":"https:\/\/compuviper.mx\/tienda\/categoria-producto\/control-de-acceso-y-asistencia\/"},{"@type":"ListItem","position":4,"name":"Accesorios Para Videopportero","item":"https:\/\/compuviper.mx\/tienda\/categoria-producto\/control-de-acceso-y-asistencia\/accesorios-para-videopportero\/"},{"@type":"ListItem","position":5,"name":"Dahua Dhi-vth2421fb-p,6939554972485 Monitor Ip Para Videoportero\/ \/ Vth2421fb-p\/tactil De 7 Serie Pro, Con 8gb De Memoria Embebida, Poe Estandar, Ranura Misd, Soporta Llamada Grupal, Videos, Mensajes, 6 E\/s De Alarma, Y Hasta 9 Mo"}]},{"@type":"WebSite","@id":"https:\/\/compuviper.mx\/tienda\/#website","url":"https:\/\/compuviper.mx\/tienda\/","name":"Compuviper","description":"Proveedor de Computadoras, Laptops, Servidores, Monitores, Puntos de Venta, Teclados,   Impresoras, T\u00f3ner, C\u00e1maras de Seguridad y m\u00e1s en tu tienda en l\u00ednea","publisher":{"@id":"https:\/\/compuviper.mx\/tienda\/#organization"},"potentialAction":[{"@type":"SearchAction","target":{"@type":"EntryPoint","urlTemplate":"https:\/\/compuviper.mx\/tienda\/?s={search_term_string}"},"query-input":"required name=search_term_string"}],"inLanguage":"es-MX"},{"@type":"Organization","@id":"https:\/\/compuviper.mx\/tienda\/#organization","name":"Compuviper","url":"https:\/\/compuviper.mx\/tienda\/","logo":{"@type":"ImageObject","inLanguage":"es-MX","@id":"https:\/\/compuviper.mx\/tienda\/#\/schema\/logo\/image\/","url":"https:\/\/compuviper.mx\/tienda\/wp-content\/uploads\/2021\/08\/Logo-Compuviper-10.png","contentUrl":"https:\/\/compuviper.mx\/tienda\/wp-content\/uploads\/2021\/08\/Logo-Compuviper-10.png","width":1000,"height":500,"caption":"Compuviper"},"image":{"@id":"https:\/\/compuviper.mx\/tienda\/#\/schema\/logo\/image\/"},"sameAs":["https:\/\/www.facebook.com\/compuviper","https:\/\/www.youtube.com\/channel\/UCf73dERp9Y3cfOq7q8BhLjA?view_as=subscriber"]}]},"product_brand":"DAHUA","product_price_amount":"1962","product_price_currency":"MXN","og_availability":"out of stock","product_availability":"out of stock","product_retailer_item_id":"DHI-VTH2421FB-P,6939554972485","product_condition":"new"},"_links":{"self":[{"href":"https:\/\/compuviper.mx\/tienda\/wp-json\/wp\/v2\/product\/250527"}],"collection":[{"href":"https:\/\/compuviper.mx\/tienda\/wp-json\/wp\/v2\/product"}],"about":[{"href":"https:\/\/compuviper.mx\/tienda\/wp-json\/wp\/v2\/types\/product"}],"replies":[{"embeddable":true,"href":"https:\/\/compuviper.mx\/tienda\/wp-json\/wp\/v2\/comments?post=250527"}],"wp:featuredmedia":[{"embeddable":true,"href":"https:\/\/compuviper.mx\/tienda\/wp-json\/wp\/v2\/media\/258794"}],"wp:attachment":[{"href":"https:\/\/compuviper.mx\/tienda\/wp-json\/wp\/v2\/media?parent=250527"}],"wp:term":[{"taxonomy":"product_cat","embeddable":true,"href":"https:\/\/compuviper.mx\/tienda\/wp-json\/wp\/v2\/product_cat?post=250527"},{"taxonomy":"product_tag","embeddable":true,"href":"https:\/\/compuviper.mx\/tienda\/wp-json\/wp\/v2\/product_tag?post=250527"}],"curies":[{"name":"wp","href":"https:\/\/api.w.org\/{rel}","templated":true}]}}