{"id":250465,"date":"2026-04-16T02:19:54","date_gmt":"2026-04-16T08:19:54","guid":{"rendered":"https:\/\/compuviper.mx\/tienda\/producto\/panasonic-kx-tgb312meb-telefono-telefono-dect-6-0-bloqueo-de-llamadas-2-auriculares-inalambricos-18hrs-de-bateria-negro\/"},"modified":"2026-04-16T02:19:54","modified_gmt":"2026-04-16T08:19:54","slug":"panasonic-kx-tgb312meb-telefono-telefono-dect-6-0-bloqueo-de-llamadas-2-auriculares-inalambricos-18hrs-de-bateria-negro","status":"publish","type":"product","link":"https:\/\/compuviper.mx\/tienda\/producto\/panasonic-kx-tgb312meb-telefono-telefono-dect-6-0-bloqueo-de-llamadas-2-auriculares-inalambricos-18hrs-de-bateria-negro\/","title":{"rendered":"Panasonic Kx-tgb312meb Telefono   \/ Telefono Dect 6.0, Bloqueo De Llamadas, 2 Auriculares Inalambricos, 18hrs De Bateria, Negro"},"content":{"rendered":"<table class=\"descripcion\">\n<tr>\n<td>Color: negro<\/td>\n<\/tr>\n<tr>\n<td>Cantidad de auriculares inal\u00e1mbricos: 2<\/td>\n<\/tr>\n<tr>\n<td>Est\u00e1ndar para tel\u00e9fonos inal\u00e1mbricos: dect<\/td>\n<\/tr>\n<tr>\n<td>N\u00famero de l\u00edneas telef\u00f3nicas: 1<\/td>\n<\/tr>\n<tr>\n<td>Bloqueo de llamadas: s\u00ed (50 n\u00fameros)<\/td>\n<\/tr>\n<tr>\n<td>Bloqueo de llamadas maliciosas: s\u00ed<\/td>\n<\/tr>\n<tr>\n<td>Bloquear llamadas sin n\u00famero: si<\/td>\n<\/tr>\n<tr>\n<td>Registro f\u00e1cil mediante bot\u00f3n de bloquear llamada: s\u00ed<\/td>\n<\/tr>\n<tr>\n<td>Correo de voz: s\u00ed<\/td>\n<\/tr>\n<tr>\n<td>Pantalla: tipo lcd monocrom\u00e1tico<\/td>\n<\/tr>\n<tr>\n<td>12 d\u00edgitos x 1 l\u00ednea + s\u00edmbolos x 2 l\u00edneas<\/td>\n<\/tr>\n<tr>\n<td>Tama\u00f1o diagonal: 1.4 pulg. (3.5 cm)<\/td>\n<\/tr>\n<tr>\n<td>Idioma: espa\u00f1ol<\/td>\n<\/tr>\n<tr>\n<td>Color de retroiluminaci\u00f3n: \u00e1mbar<\/td>\n<\/tr>\n<tr>\n<td>Bater\u00edas<\/td>\n<\/tr>\n<tr>\n<td>Tipo: recargable &#8211; ni-mh<\/td>\n<\/tr>\n<tr>\n<td>Cantidad x tama\u00f1o: 2 x aaa<\/td>\n<\/tr>\n<tr>\n<td>Tiempo de llamada: hasta 18 horas *7<\/td>\n<\/tr>\n<tr>\n<td>Tiempo en espera: hasta 200 horas *7<\/td>\n<\/tr>\n<tr>\n<td>Tiempo de recarga: aprox. 7 hours<\/td>\n<\/tr>\n<tr>\n<td>Dimensiones\/peso<\/td>\n<\/tr>\n<tr>\n<td>Unidad base. dimensiones: aprox. 56 mm x 78 mm x 88 mm<\/td>\n<\/tr>\n<tr>\n<td>Peso: aprox. 80 g<\/td>\n<\/tr>\n<tr>\n<td>Auricular inal\u00e1mbrico. dimensiones (alto x ancho x fondo): aprox. 164 mm x 48 mm x 32 mm<\/td>\n<\/tr>\n<tr>\n<td>Peso con bater\u00eda: aprox. 130 g<\/td>\n<\/tr>\n<tr>\n<td>Cargador. dimensiones (alto x ancho x fondo): aprox. 46 mm x 73 mm x 76 mm<\/td>\n<\/tr>\n<tr>\n<td>Peso: aprox. 50 g<\/td>\n<\/tr>\n<\/table>\n","protected":false},"excerpt":{"rendered":"<p>Refinado y simple, y con funciones mejoradas. Un tel\u00e9fono inal\u00e1mbrico digital con bot\u00f3n dedicado para bloqueo de llamadas, volumen de receptor mejorado y dise\u00f1o moderno y elegante. Su superficie brillante y su dise\u00f1o minimalista complementan la distribuci\u00f3n simple de los botones. Su aspecto es elegante, reducido y accesible.<\/p>\n","protected":false},"featured_media":258493,"comment_status":"open","ping_status":"open","template":"","meta":[],"product_cat":[1610,1837],"product_tag":[1522],"acf":[],"yoast_head":"<!-- This site is optimized with the Yoast SEO plugin v21.7 - https:\/\/yoast.com\/wordpress\/plugins\/seo\/ -->\n<title>[ Panasonic ] &#129351; Kx-tgb312meb Telefono \/ Telefono Dect 6.0, Bloqueo De Llamadas, 2 Auriculares Inalambricos, 18hrs De Bateria, Negro<\/title>\n<meta name=\"description\" content=\"Compra Kx-tgb312meb Telefono \/ Telefono Dect 6.0, Bloqueo De Llamadas, 2 Auriculares Inalambricos, 18hrs De Bateria, Negro + Env\u00edo a domicilio + Pago seguro + Garant\u00eda\" \/>\n<meta name=\"robots\" content=\"index, follow, max-snippet:-1, max-image-preview:large, max-video-preview:-1\" \/>\n<link rel=\"canonical\" href=\"https:\/\/compuviper.mx\/tienda\/producto\/panasonic-kx-tgb312meb-telefono-telefono-dect-6-0-bloqueo-de-llamadas-2-auriculares-inalambricos-18hrs-de-bateria-negro\/\" \/>\n<meta property=\"og:locale\" content=\"es_MX\" \/>\n<meta property=\"og:type\" content=\"article\" \/>\n<meta property=\"og:title\" content=\"[ Panasonic ] &#129351; Kx-tgb312meb Telefono \/ Telefono Dect 6.0, Bloqueo De Llamadas, 2 Auriculares Inalambricos, 18hrs De Bateria, Negro\" \/>\n<meta property=\"og:description\" content=\"Compra Kx-tgb312meb Telefono \/ Telefono Dect 6.0, Bloqueo De Llamadas, 2 Auriculares Inalambricos, 18hrs De Bateria, Negro + Env\u00edo a domicilio + Pago seguro + Garant\u00eda\" \/>\n<meta property=\"og:url\" content=\"https:\/\/compuviper.mx\/tienda\/producto\/panasonic-kx-tgb312meb-telefono-telefono-dect-6-0-bloqueo-de-llamadas-2-auriculares-inalambricos-18hrs-de-bateria-negro\/\" \/>\n<meta property=\"og:site_name\" content=\"Compuviper\" \/>\n<meta property=\"article:publisher\" content=\"https:\/\/www.facebook.com\/compuviper\" \/>\n<meta property=\"og:image\" content=\"https:\/\/compuviper.mx\/tienda\/wp-content\/uploads\/2025\/10\/Telefono-panasonic-kx-tgb312meb-telefono-dect-6.0-bloqueo-de-llamadas-2-auriculares-inalambricos-18hrs-de-bateria-negro.jpg\" \/>\n\t<meta property=\"og:image:width\" content=\"200\" \/>\n\t<meta property=\"og:image:height\" content=\"200\" \/>\n\t<meta property=\"og:image:type\" content=\"image\/jpeg\" \/>\n<meta name=\"twitter:card\" content=\"summary_large_image\" \/>\n<meta name=\"twitter:label1\" content=\"Precio\" \/>\n\t<meta name=\"twitter:data1\" content=\"&#36;1,394 con IVA\" \/>\n\t<meta name=\"twitter:label2\" content=\"Availability\" \/>\n\t<meta name=\"twitter:data2\" content=\"On backorder\" \/>\n<script type=\"application\/ld+json\" class=\"yoast-schema-graph\">{\"@context\":\"https:\/\/schema.org\",\"@graph\":[{\"@type\":\"WebPage\",\"@id\":\"https:\/\/compuviper.mx\/tienda\/producto\/panasonic-kx-tgb312meb-telefono-telefono-dect-6-0-bloqueo-de-llamadas-2-auriculares-inalambricos-18hrs-de-bateria-negro\/\",\"url\":\"https:\/\/compuviper.mx\/tienda\/producto\/panasonic-kx-tgb312meb-telefono-telefono-dect-6-0-bloqueo-de-llamadas-2-auriculares-inalambricos-18hrs-de-bateria-negro\/\",\"name\":\"[ Panasonic ] &#129351; Kx-tgb312meb Telefono \/ Telefono Dect 6.0, Bloqueo De Llamadas, 2 Auriculares Inalambricos, 18hrs De Bateria, Negro\",\"isPartOf\":{\"@id\":\"https:\/\/compuviper.mx\/tienda\/#website\"},\"datePublished\":\"2026-04-16T08:19:54+00:00\",\"dateModified\":\"2026-04-16T08:19:54+00:00\",\"description\":\"Compra Kx-tgb312meb Telefono \/ Telefono Dect 6.0, Bloqueo De Llamadas, 2 Auriculares Inalambricos, 18hrs De Bateria, Negro + Env\u00edo a domicilio + Pago seguro + Garant\u00eda\",\"breadcrumb\":{\"@id\":\"https:\/\/compuviper.mx\/tienda\/producto\/panasonic-kx-tgb312meb-telefono-telefono-dect-6-0-bloqueo-de-llamadas-2-auriculares-inalambricos-18hrs-de-bateria-negro\/#breadcrumb\"},\"inLanguage\":\"es-MX\",\"potentialAction\":[{\"@type\":\"ReadAction\",\"target\":[\"https:\/\/compuviper.mx\/tienda\/producto\/panasonic-kx-tgb312meb-telefono-telefono-dect-6-0-bloqueo-de-llamadas-2-auriculares-inalambricos-18hrs-de-bateria-negro\/\"]}]},{\"@type\":\"BreadcrumbList\",\"@id\":\"https:\/\/compuviper.mx\/tienda\/producto\/panasonic-kx-tgb312meb-telefono-telefono-dect-6-0-bloqueo-de-llamadas-2-auriculares-inalambricos-18hrs-de-bateria-negro\/#breadcrumb\",\"itemListElement\":[{\"@type\":\"ListItem\",\"position\":1,\"name\":\"Inicio\",\"item\":\"https:\/\/compuviper.mx\/tienda\/\"},{\"@type\":\"ListItem\",\"position\":2,\"name\":\"Productos\",\"item\":\"https:\/\/compuviper.mx\/tienda\/productos\/\"},{\"@type\":\"ListItem\",\"position\":3,\"name\":\"Telefonia\",\"item\":\"https:\/\/compuviper.mx\/tienda\/categoria-producto\/telefonia-2\/\"},{\"@type\":\"ListItem\",\"position\":4,\"name\":\"Telefono Inalambrico\",\"item\":\"https:\/\/compuviper.mx\/tienda\/categoria-producto\/telefonia-2\/telefono-inalambrico\/\"},{\"@type\":\"ListItem\",\"position\":5,\"name\":\"Panasonic Kx-tgb312meb Telefono \/ Telefono Dect 6.0, Bloqueo De Llamadas, 2 Auriculares Inalambricos, 18hrs De Bateria, Negro\"}]},{\"@type\":\"WebSite\",\"@id\":\"https:\/\/compuviper.mx\/tienda\/#website\",\"url\":\"https:\/\/compuviper.mx\/tienda\/\",\"name\":\"Compuviper\",\"description\":\"Proveedor de Computadoras, Laptops, Servidores, Monitores, Puntos de Venta, Teclados,   Impresoras, T\u00f3ner, C\u00e1maras de Seguridad y m\u00e1s en tu tienda en l\u00ednea\",\"publisher\":{\"@id\":\"https:\/\/compuviper.mx\/tienda\/#organization\"},\"potentialAction\":[{\"@type\":\"SearchAction\",\"target\":{\"@type\":\"EntryPoint\",\"urlTemplate\":\"https:\/\/compuviper.mx\/tienda\/?s={search_term_string}\"},\"query-input\":\"required name=search_term_string\"}],\"inLanguage\":\"es-MX\"},{\"@type\":\"Organization\",\"@id\":\"https:\/\/compuviper.mx\/tienda\/#organization\",\"name\":\"Compuviper\",\"url\":\"https:\/\/compuviper.mx\/tienda\/\",\"logo\":{\"@type\":\"ImageObject\",\"inLanguage\":\"es-MX\",\"@id\":\"https:\/\/compuviper.mx\/tienda\/#\/schema\/logo\/image\/\",\"url\":\"https:\/\/compuviper.mx\/tienda\/wp-content\/uploads\/2021\/08\/Logo-Compuviper-10.png\",\"contentUrl\":\"https:\/\/compuviper.mx\/tienda\/wp-content\/uploads\/2021\/08\/Logo-Compuviper-10.png\",\"width\":1000,\"height\":500,\"caption\":\"Compuviper\"},\"image\":{\"@id\":\"https:\/\/compuviper.mx\/tienda\/#\/schema\/logo\/image\/\"},\"sameAs\":[\"https:\/\/www.facebook.com\/compuviper\",\"https:\/\/www.youtube.com\/channel\/UCf73dERp9Y3cfOq7q8BhLjA?view_as=subscriber\"]}]}<\/script>\n<meta property=\"product:brand\" content=\"PANASONIC\" \/>\n<meta property=\"product:price:amount\" content=\"1394\" \/>\n<meta property=\"product:price:currency\" content=\"MXN\" \/>\n<meta property=\"og:availability\" content=\"backorder\" \/>\n<meta property=\"product:availability\" content=\"available for order\" \/>\n<meta property=\"product:retailer_item_id\" content=\"KX-TGB312MEB\" \/>\n<meta property=\"product:condition\" content=\"new\" \/>\n<!-- \/ Yoast SEO plugin. -->","yoast_head_json":{"title":"[ Panasonic ] &#129351; Kx-tgb312meb Telefono \/ Telefono Dect 6.0, Bloqueo De Llamadas, 2 Auriculares Inalambricos, 18hrs De Bateria, Negro","description":"Compra Kx-tgb312meb Telefono \/ Telefono Dect 6.0, Bloqueo De Llamadas, 2 Auriculares Inalambricos, 18hrs De Bateria, Negro + Env\u00edo a domicilio + Pago seguro + Garant\u00eda","robots":{"index":"index","follow":"follow","max-snippet":"max-snippet:-1","max-image-preview":"max-image-preview:large","max-video-preview":"max-video-preview:-1"},"canonical":"https:\/\/compuviper.mx\/tienda\/producto\/panasonic-kx-tgb312meb-telefono-telefono-dect-6-0-bloqueo-de-llamadas-2-auriculares-inalambricos-18hrs-de-bateria-negro\/","og_locale":"es_MX","og_type":"article","og_title":"[ Panasonic ] &#129351; Kx-tgb312meb Telefono \/ Telefono Dect 6.0, Bloqueo De Llamadas, 2 Auriculares Inalambricos, 18hrs De Bateria, Negro","og_description":"Compra Kx-tgb312meb Telefono \/ Telefono Dect 6.0, Bloqueo De Llamadas, 2 Auriculares Inalambricos, 18hrs De Bateria, Negro + Env\u00edo a domicilio + Pago seguro + Garant\u00eda","og_url":"https:\/\/compuviper.mx\/tienda\/producto\/panasonic-kx-tgb312meb-telefono-telefono-dect-6-0-bloqueo-de-llamadas-2-auriculares-inalambricos-18hrs-de-bateria-negro\/","og_site_name":"Compuviper","article_publisher":"https:\/\/www.facebook.com\/compuviper","og_image":[{"width":200,"height":200,"url":"https:\/\/compuviper.mx\/tienda\/wp-content\/uploads\/2025\/10\/Telefono-panasonic-kx-tgb312meb-telefono-dect-6.0-bloqueo-de-llamadas-2-auriculares-inalambricos-18hrs-de-bateria-negro.jpg","type":"image\/jpeg"}],"twitter_card":"summary_large_image","twitter_misc":{"Precio":"&#36;1,394 con IVA","Availability":"On backorder"},"schema":{"@context":"https:\/\/schema.org","@graph":[{"@type":"WebPage","@id":"https:\/\/compuviper.mx\/tienda\/producto\/panasonic-kx-tgb312meb-telefono-telefono-dect-6-0-bloqueo-de-llamadas-2-auriculares-inalambricos-18hrs-de-bateria-negro\/","url":"https:\/\/compuviper.mx\/tienda\/producto\/panasonic-kx-tgb312meb-telefono-telefono-dect-6-0-bloqueo-de-llamadas-2-auriculares-inalambricos-18hrs-de-bateria-negro\/","name":"[ Panasonic ] &#129351; Kx-tgb312meb Telefono \/ Telefono Dect 6.0, Bloqueo De Llamadas, 2 Auriculares Inalambricos, 18hrs De Bateria, Negro","isPartOf":{"@id":"https:\/\/compuviper.mx\/tienda\/#website"},"datePublished":"2026-04-16T08:19:54+00:00","dateModified":"2026-04-16T08:19:54+00:00","description":"Compra Kx-tgb312meb Telefono \/ Telefono Dect 6.0, Bloqueo De Llamadas, 2 Auriculares Inalambricos, 18hrs De Bateria, Negro + Env\u00edo a domicilio + Pago seguro + Garant\u00eda","breadcrumb":{"@id":"https:\/\/compuviper.mx\/tienda\/producto\/panasonic-kx-tgb312meb-telefono-telefono-dect-6-0-bloqueo-de-llamadas-2-auriculares-inalambricos-18hrs-de-bateria-negro\/#breadcrumb"},"inLanguage":"es-MX","potentialAction":[{"@type":"ReadAction","target":["https:\/\/compuviper.mx\/tienda\/producto\/panasonic-kx-tgb312meb-telefono-telefono-dect-6-0-bloqueo-de-llamadas-2-auriculares-inalambricos-18hrs-de-bateria-negro\/"]}]},{"@type":"BreadcrumbList","@id":"https:\/\/compuviper.mx\/tienda\/producto\/panasonic-kx-tgb312meb-telefono-telefono-dect-6-0-bloqueo-de-llamadas-2-auriculares-inalambricos-18hrs-de-bateria-negro\/#breadcrumb","itemListElement":[{"@type":"ListItem","position":1,"name":"Inicio","item":"https:\/\/compuviper.mx\/tienda\/"},{"@type":"ListItem","position":2,"name":"Productos","item":"https:\/\/compuviper.mx\/tienda\/productos\/"},{"@type":"ListItem","position":3,"name":"Telefonia","item":"https:\/\/compuviper.mx\/tienda\/categoria-producto\/telefonia-2\/"},{"@type":"ListItem","position":4,"name":"Telefono Inalambrico","item":"https:\/\/compuviper.mx\/tienda\/categoria-producto\/telefonia-2\/telefono-inalambrico\/"},{"@type":"ListItem","position":5,"name":"Panasonic Kx-tgb312meb Telefono \/ Telefono Dect 6.0, Bloqueo De Llamadas, 2 Auriculares Inalambricos, 18hrs De Bateria, Negro"}]},{"@type":"WebSite","@id":"https:\/\/compuviper.mx\/tienda\/#website","url":"https:\/\/compuviper.mx\/tienda\/","name":"Compuviper","description":"Proveedor de Computadoras, Laptops, Servidores, Monitores, Puntos de Venta, Teclados,   Impresoras, T\u00f3ner, C\u00e1maras de Seguridad y m\u00e1s en tu tienda en l\u00ednea","publisher":{"@id":"https:\/\/compuviper.mx\/tienda\/#organization"},"potentialAction":[{"@type":"SearchAction","target":{"@type":"EntryPoint","urlTemplate":"https:\/\/compuviper.mx\/tienda\/?s={search_term_string}"},"query-input":"required name=search_term_string"}],"inLanguage":"es-MX"},{"@type":"Organization","@id":"https:\/\/compuviper.mx\/tienda\/#organization","name":"Compuviper","url":"https:\/\/compuviper.mx\/tienda\/","logo":{"@type":"ImageObject","inLanguage":"es-MX","@id":"https:\/\/compuviper.mx\/tienda\/#\/schema\/logo\/image\/","url":"https:\/\/compuviper.mx\/tienda\/wp-content\/uploads\/2021\/08\/Logo-Compuviper-10.png","contentUrl":"https:\/\/compuviper.mx\/tienda\/wp-content\/uploads\/2021\/08\/Logo-Compuviper-10.png","width":1000,"height":500,"caption":"Compuviper"},"image":{"@id":"https:\/\/compuviper.mx\/tienda\/#\/schema\/logo\/image\/"},"sameAs":["https:\/\/www.facebook.com\/compuviper","https:\/\/www.youtube.com\/channel\/UCf73dERp9Y3cfOq7q8BhLjA?view_as=subscriber"]}]},"product_brand":"PANASONIC","product_price_amount":"1394","product_price_currency":"MXN","og_availability":"backorder","product_availability":"available for order","product_retailer_item_id":"KX-TGB312MEB","product_condition":"new"},"_links":{"self":[{"href":"https:\/\/compuviper.mx\/tienda\/wp-json\/wp\/v2\/product\/250465"}],"collection":[{"href":"https:\/\/compuviper.mx\/tienda\/wp-json\/wp\/v2\/product"}],"about":[{"href":"https:\/\/compuviper.mx\/tienda\/wp-json\/wp\/v2\/types\/product"}],"replies":[{"embeddable":true,"href":"https:\/\/compuviper.mx\/tienda\/wp-json\/wp\/v2\/comments?post=250465"}],"wp:featuredmedia":[{"embeddable":true,"href":"https:\/\/compuviper.mx\/tienda\/wp-json\/wp\/v2\/media\/258493"}],"wp:attachment":[{"href":"https:\/\/compuviper.mx\/tienda\/wp-json\/wp\/v2\/media?parent=250465"}],"wp:term":[{"taxonomy":"product_cat","embeddable":true,"href":"https:\/\/compuviper.mx\/tienda\/wp-json\/wp\/v2\/product_cat?post=250465"},{"taxonomy":"product_tag","embeddable":true,"href":"https:\/\/compuviper.mx\/tienda\/wp-json\/wp\/v2\/product_tag?post=250465"}],"curies":[{"name":"wp","href":"https:\/\/api.w.org\/{rel}","templated":true}]}}