{"id":250378,"date":"2026-04-18T01:14:23","date_gmt":"2026-04-18T07:14:23","guid":{"rendered":"https:\/\/compuviper.mx\/tienda\/producto\/tp-link-hc220-g51-pack-router-easy-mesh-wifi-5-gigabit-ac1200-867-mbps-5-ghz-300-mbps-24-ghz-modos-router-ap-controlador-easy-mesh-o-agente\/"},"modified":"2026-04-18T01:14:23","modified_gmt":"2026-04-18T07:14:23","slug":"tp-link-hc220-g51-pack-router-easy-mesh-wifi-5-gigabit-ac1200-867-mbps-5-ghz-300-mbps-24-ghz-modos-router-ap-controlador-easy-mesh-o-agente","status":"publish","type":"product","link":"https:\/\/compuviper.mx\/tienda\/producto\/tp-link-hc220-g51-pack-router-easy-mesh-wifi-5-gigabit-ac1200-867-mbps-5-ghz-300-mbps-24-ghz-modos-router-ap-controlador-easy-mesh-o-agente\/","title":{"rendered":"Tp Link Hc220-g5(1-pack) Router |  |  | Easy Mesh | Wifi 5 | Gigabit | Ac1200 867 Mbps (5 Ghz) + 300 Mbps (2,4 Ghz) | Modos: Router , Ap , Controlador Easy Mesh O Agente |"},"content":{"rendered":"<table class=\"descripcion\">\n<tr>\n<td>Caractersticas de hardware<\/td>\n<\/tr>\n<tr>\n<td>Interface<\/td>\n<\/tr>\n<tr>\n<td>3 puertos gigabit<\/td>\n<\/tr>\n<tr>\n<td> por unidad<\/td>\n<\/tr>\n<tr>\n<td>1 puerto admite deteccin autom\u00e1tica de wan\/lan<\/td>\n<\/tr>\n<tr>\n<td>Botn<\/td>\n<\/tr>\n<tr>\n<td>Botn de reset<\/td>\n<\/tr>\n<tr>\n<td>Botn wps<\/td>\n<\/tr>\n<tr>\n<td>Fuente de alimentacin externa<\/td>\n<\/tr>\n<tr>\n<td>12 v  and 9107; 1.0 a<\/td>\n<\/tr>\n<tr>\n<td>Dimensiones w x d x h<\/td>\n<\/tr>\n<tr>\n<td>3.9 x 3.9 x 3.5 in<\/td>\n<\/tr>\n<tr>\n<td>100 x 100 x 89.5 mm<\/td>\n<\/tr>\n<tr>\n<td>Caractersticas inal\u00e1mbricas<\/td>\n<\/tr>\n<tr>\n<td>Est\u00e1ndares inal\u00e1mbricos<\/td>\n<\/tr>\n<tr>\n<td>Wi-fi 5<\/td>\n<\/tr>\n<tr>\n<td>Ieee 802.11ac\/n\/a 5 ghz<\/td>\n<\/tr>\n<tr>\n<td>Ieee 802.11n\/b\/g 2.4 ghz<\/td>\n<\/tr>\n<tr>\n<td>Frecuencia<\/td>\n<\/tr>\n<tr>\n<td>2.4ghz y 5ghz<\/td>\n<\/tr>\n<tr>\n<td>Tasa de seal<\/td>\n<\/tr>\n<tr>\n<td>Ac1200<\/td>\n<\/tr>\n<tr>\n<td>5 ghz: 867 mbps 802.11ac<\/td>\n<\/tr>\n<tr>\n<td>2.4 ghz: 300 mbps 802.11n<\/td>\n<\/tr>\n<tr>\n<td>Potencia de transmision<\/td>\n<\/tr>\n<tr>\n<td>Fcc:  30 dbm2.4ghz,  30 dbm5ghz<\/td>\n<\/tr>\n<tr>\n<td>Ce:  20 dbm 2.4ghz,  23 dbm 5ghz<\/td>\n<\/tr>\n<tr>\n<td>Seguridad inal\u00e1mbrica<\/td>\n<\/tr>\n<tr>\n<td>Cifrados wpa \/ wpa2-psk \/ wpa3<\/td>\n<\/tr>\n<tr>\n<td>Multi-ssid<\/td>\n<\/tr>\n<tr>\n<td>3 5 ghz multi-ssid<\/td>\n<\/tr>\n<tr>\n<td>3 2.4 ghz multi-ssid<\/td>\n<\/tr>\n<tr>\n<td>Caractersticas de software<\/td>\n<\/tr>\n<tr>\n<td>Calidad de servicio<\/td>\n<\/tr>\n<tr>\n<td>Wmm<\/td>\n<\/tr>\n<tr>\n<td>Caractersticas avanzadas<\/td>\n<\/tr>\n<tr>\n<td>Controles para padres, qos calidad de servicio, reserva de direcciones, reenvo de puertos, horario wi-fi<\/td>\n<\/tr>\n<tr>\n<td>Wan type<\/td>\n<\/tr>\n<tr>\n<td>Dynamic ip\/static ip\/pppoe<\/td>\n<\/tr>\n<tr>\n<td>Administracin<\/td>\n<\/tr>\n<tr>\n<td>Gestin local, gestin remota, tr-069 tr-098 \/ tr-181, tr-111, tr-143<\/td>\n<\/tr>\n<tr>\n<td>Seguridad de cortafuegos<\/td>\n<\/tr>\n<tr>\n<td>Spi firewall<\/td>\n<\/tr>\n<tr>\n<td>Protocolos<\/td>\n<\/tr>\n<tr>\n<td>Ipv4<\/td>\n<\/tr>\n<tr>\n<td>Ipv6<\/td>\n<\/tr>\n<tr>\n<td>Cifrado<\/td>\n<\/tr>\n<tr>\n<td>Cifrados wpa \/ wpa-psk2 \/ wpa3<\/td>\n<\/tr>\n<tr>\n<td>Modos de trabajo<\/td>\n<\/tr>\n<tr>\n<td>Modo de enrutador<\/td>\n<\/tr>\n<tr>\n<td>Modo de punto de acceso<\/td>\n<\/tr>\n<tr>\n<td>Otros<\/td>\n<\/tr>\n<tr>\n<td>Contenidos del paquete<\/td>\n<\/tr>\n<tr>\n<td>Hc220-g5 paquete de 2<\/td>\n<\/tr>\n<tr>\n<td>2 unidades hc220-g5<\/td>\n<\/tr>\n<tr>\n<td>1 cable ethernet rj45<\/td>\n<\/tr>\n<tr>\n<td>2 adaptadores de corriente<\/td>\n<\/tr>\n<tr>\n<td>1 gua de instalacin r\u00e1pida<\/td>\n<\/tr>\n<tr>\n<td>Hc220-g5 1 paquete<\/td>\n<\/tr>\n<tr>\n<td>1 unidad hc220-g5<\/td>\n<\/tr>\n<tr>\n<td>1 cable ethernet rj45<\/td>\n<\/tr>\n<tr>\n<td>1 adaptador de corriente<\/td>\n<\/tr>\n<tr>\n<td>1 gua de instalacin r\u00e1pida<\/td>\n<\/tr>\n<tr>\n<td>Requisitos de telfono inteligente \/ tableta<\/td>\n<\/tr>\n<tr>\n<td>Android 4.4 or later<\/td>\n<\/tr>\n<tr>\n<td>Ios 9.0 or later<\/td>\n<\/tr>\n<tr>\n<td>Certificaciones<\/td>\n<\/tr>\n<tr>\n<td>Ce, fcc<\/td>\n<\/tr>\n<tr>\n<td>Ambiente<\/td>\n<\/tr>\n<tr>\n<td>Temperatura de funcionamiento: 0  and 8451; -40  and 8451; 32  and 8457; -104  and 8457;<\/td>\n<\/tr>\n<tr>\n<td>Temperatura de almacenamiento: -40  and 8451; -60  and 8451; -40  and 8457; -140  and 8457;<\/td>\n<\/tr>\n<tr>\n<td>Humedad de funcionamiento: 10 -90 sin condensacin<\/td>\n<\/tr>\n<tr>\n<td>Humedad de almacenamiento: 5 -90 sin condensacin<\/td>\n<\/tr>\n<\/table>\n","protected":false},"excerpt":{"rendered":"<p>Hc220-g5. Ac1200 wi-fi 5 easymesh router gigabit ethernet. Conectividad: 1 puerto gigabit wan\/lan  2 puertos gigabit lan ethernet. Compatible con vlan, dynamic ip\/static ip\/pppoe\/pptp\/l2tp multi-ewan. Modos: router y ap, controlador easymesh o agente. Wi-fi: wi-fi 5 ac1200 867 mbps 5 ghz  300 mbps 2,4 ghz. Tecnologa 802.11ac: compatible con caractersticas como muti-ssid, wmm, mu-mimo, time fairness, guest network y seguridad wpa\/wpa2-psk\/wpa3. Mesh: compatible con el est\u00e1ndar de la wi-fi alliance easymesh permite la creacin de una red mesh con otros dispositivos que cumplan el est\u00e1ndar. Aplicaciones: funcionalidades de control parental, vpn openvpn, ipsec, pptp, qos lan, dyndns, no-ip proporcionaran un valor aadido a sus clientes. Aplicacin aginet: compatible con la app aginet, disponible para ios y android para proporcionar una mejor experiencia de usuario a sus clientes. F\u00e1cil configuracin: configure su router de una manera r\u00e1pida y sencilla con aginetconfig, puede cargar ficheros de configuracin desde nuestra aplicacin o un servidor tftp y evitar el reset de la configuracin. Gestin remota: compatible con los est\u00e1ndares bbf tr-069, tr-098, tr-181, tr-111, tr-143 y tr-369. Admite gestin mediante https\/snmp. Compatible con tauc tr-369 usp.<\/p>\n","protected":false},"featured_media":260137,"comment_status":"open","ping_status":"open","template":"","meta":[],"product_cat":[1563,1753],"product_tag":[1562],"acf":[],"yoast_head":"<!-- This site is optimized with the Yoast SEO plugin v21.7 - https:\/\/yoast.com\/wordpress\/plugins\/seo\/ -->\n<title>[ Tp Link ] &#129351; Hc220-g5(1-pack) Router | | | Easy Mesh | Wifi 5 | Gigabit | Ac1200 867 Mbps (5 Ghz) + 300 Mbps (2,4 Ghz) | Modos: Router , Ap , Controlador Easy Mesh O Agente |<\/title>\n<meta name=\"description\" content=\"Compra Hc220-g5(1-pack) Router | | | Easy Mesh | Wifi 5 | Gigabit | Ac1200 867 Mbps (5 Ghz) + 300 Mbps (2,4 Ghz) | Modos: Router , Ap , Controlador Easy Mesh O Agente | + Env\u00edo a domicilio + Pago seguro + Garant\u00eda\" \/>\n<meta name=\"robots\" content=\"index, follow, max-snippet:-1, max-image-preview:large, max-video-preview:-1\" \/>\n<link rel=\"canonical\" href=\"https:\/\/compuviper.mx\/tienda\/producto\/tp-link-hc220-g51-pack-router-easy-mesh-wifi-5-gigabit-ac1200-867-mbps-5-ghz-300-mbps-24-ghz-modos-router-ap-controlador-easy-mesh-o-agente\/\" \/>\n<meta property=\"og:locale\" content=\"es_MX\" \/>\n<meta property=\"og:type\" content=\"article\" \/>\n<meta property=\"og:title\" content=\"[ Tp Link ] &#129351; Hc220-g5(1-pack) Router | | | Easy Mesh | Wifi 5 | Gigabit | Ac1200 867 Mbps (5 Ghz) + 300 Mbps (2,4 Ghz) | Modos: Router , Ap , Controlador Easy Mesh O Agente |\" \/>\n<meta property=\"og:description\" content=\"Compra Hc220-g5(1-pack) Router | | | Easy Mesh | Wifi 5 | Gigabit | Ac1200 867 Mbps (5 Ghz) + 300 Mbps (2,4 Ghz) | Modos: Router , Ap , Controlador Easy Mesh O Agente | + Env\u00edo a domicilio + Pago seguro + Garant\u00eda\" \/>\n<meta property=\"og:url\" content=\"https:\/\/compuviper.mx\/tienda\/producto\/tp-link-hc220-g51-pack-router-easy-mesh-wifi-5-gigabit-ac1200-867-mbps-5-ghz-300-mbps-24-ghz-modos-router-ap-controlador-easy-mesh-o-agente\/\" \/>\n<meta property=\"og:site_name\" content=\"Compuviper\" \/>\n<meta property=\"article:publisher\" content=\"https:\/\/www.facebook.com\/compuviper\" \/>\n<meta property=\"og:image\" content=\"https:\/\/compuviper.mx\/tienda\/wp-content\/uploads\/2025\/10\/Router-tp-link-hc220-g51-pack-easy-mesh-wifi-5-gigabit-ac1200-867-mbps-5-ghz-300-mbps-24-ghz-modos-router-ap-controlador-easy-mesh-o-agente.jpg\" \/>\n\t<meta property=\"og:image:width\" content=\"200\" \/>\n\t<meta property=\"og:image:height\" content=\"200\" \/>\n\t<meta property=\"og:image:type\" content=\"image\/jpeg\" \/>\n<meta name=\"twitter:card\" content=\"summary_large_image\" \/>\n<meta name=\"twitter:label1\" content=\"Precio\" \/>\n\t<meta name=\"twitter:data1\" content=\"&#36;641 con IVA\" \/>\n\t<meta name=\"twitter:label2\" content=\"Availability\" \/>\n\t<meta name=\"twitter:data2\" content=\"Out of stock\" \/>\n<script type=\"application\/ld+json\" class=\"yoast-schema-graph\">{\"@context\":\"https:\/\/schema.org\",\"@graph\":[{\"@type\":\"WebPage\",\"@id\":\"https:\/\/compuviper.mx\/tienda\/producto\/tp-link-hc220-g51-pack-router-easy-mesh-wifi-5-gigabit-ac1200-867-mbps-5-ghz-300-mbps-24-ghz-modos-router-ap-controlador-easy-mesh-o-agente\/\",\"url\":\"https:\/\/compuviper.mx\/tienda\/producto\/tp-link-hc220-g51-pack-router-easy-mesh-wifi-5-gigabit-ac1200-867-mbps-5-ghz-300-mbps-24-ghz-modos-router-ap-controlador-easy-mesh-o-agente\/\",\"name\":\"[ Tp Link ] &#129351; Hc220-g5(1-pack) Router | | | Easy Mesh | Wifi 5 | Gigabit | Ac1200 867 Mbps (5 Ghz) + 300 Mbps (2,4 Ghz) | Modos: Router , Ap , Controlador Easy Mesh O Agente |\",\"isPartOf\":{\"@id\":\"https:\/\/compuviper.mx\/tienda\/#website\"},\"datePublished\":\"2026-04-18T07:14:23+00:00\",\"dateModified\":\"2026-04-18T07:14:23+00:00\",\"description\":\"Compra Hc220-g5(1-pack) Router | | | Easy Mesh | Wifi 5 | Gigabit | Ac1200 867 Mbps (5 Ghz) + 300 Mbps (2,4 Ghz) | Modos: Router , Ap , Controlador Easy Mesh O Agente | + Env\u00edo a domicilio + Pago seguro + Garant\u00eda\",\"breadcrumb\":{\"@id\":\"https:\/\/compuviper.mx\/tienda\/producto\/tp-link-hc220-g51-pack-router-easy-mesh-wifi-5-gigabit-ac1200-867-mbps-5-ghz-300-mbps-24-ghz-modos-router-ap-controlador-easy-mesh-o-agente\/#breadcrumb\"},\"inLanguage\":\"es-MX\",\"potentialAction\":[{\"@type\":\"ReadAction\",\"target\":[\"https:\/\/compuviper.mx\/tienda\/producto\/tp-link-hc220-g51-pack-router-easy-mesh-wifi-5-gigabit-ac1200-867-mbps-5-ghz-300-mbps-24-ghz-modos-router-ap-controlador-easy-mesh-o-agente\/\"]}]},{\"@type\":\"BreadcrumbList\",\"@id\":\"https:\/\/compuviper.mx\/tienda\/producto\/tp-link-hc220-g51-pack-router-easy-mesh-wifi-5-gigabit-ac1200-867-mbps-5-ghz-300-mbps-24-ghz-modos-router-ap-controlador-easy-mesh-o-agente\/#breadcrumb\",\"itemListElement\":[{\"@type\":\"ListItem\",\"position\":1,\"name\":\"Inicio\",\"item\":\"https:\/\/compuviper.mx\/tienda\/\"},{\"@type\":\"ListItem\",\"position\":2,\"name\":\"Productos\",\"item\":\"https:\/\/compuviper.mx\/tienda\/productos\/\"},{\"@type\":\"ListItem\",\"position\":3,\"name\":\"Redes\",\"item\":\"https:\/\/compuviper.mx\/tienda\/categoria-producto\/redes\/\"},{\"@type\":\"ListItem\",\"position\":4,\"name\":\"Router\",\"item\":\"https:\/\/compuviper.mx\/tienda\/categoria-producto\/redes\/router\/\"},{\"@type\":\"ListItem\",\"position\":5,\"name\":\"Tp Link Hc220-g5(1-pack) Router | | | Easy Mesh | Wifi 5 | Gigabit | Ac1200 867 Mbps (5 Ghz) + 300 Mbps (2,4 Ghz) | Modos: Router , Ap , Controlador Easy Mesh O Agente |\"}]},{\"@type\":\"WebSite\",\"@id\":\"https:\/\/compuviper.mx\/tienda\/#website\",\"url\":\"https:\/\/compuviper.mx\/tienda\/\",\"name\":\"Compuviper\",\"description\":\"Proveedor de Computadoras, Laptops, Servidores, Monitores, Puntos de Venta, Teclados,   Impresoras, T\u00f3ner, C\u00e1maras de Seguridad y m\u00e1s en tu tienda en l\u00ednea\",\"publisher\":{\"@id\":\"https:\/\/compuviper.mx\/tienda\/#organization\"},\"potentialAction\":[{\"@type\":\"SearchAction\",\"target\":{\"@type\":\"EntryPoint\",\"urlTemplate\":\"https:\/\/compuviper.mx\/tienda\/?s={search_term_string}\"},\"query-input\":\"required name=search_term_string\"}],\"inLanguage\":\"es-MX\"},{\"@type\":\"Organization\",\"@id\":\"https:\/\/compuviper.mx\/tienda\/#organization\",\"name\":\"Compuviper\",\"url\":\"https:\/\/compuviper.mx\/tienda\/\",\"logo\":{\"@type\":\"ImageObject\",\"inLanguage\":\"es-MX\",\"@id\":\"https:\/\/compuviper.mx\/tienda\/#\/schema\/logo\/image\/\",\"url\":\"https:\/\/compuviper.mx\/tienda\/wp-content\/uploads\/2021\/08\/Logo-Compuviper-10.png\",\"contentUrl\":\"https:\/\/compuviper.mx\/tienda\/wp-content\/uploads\/2021\/08\/Logo-Compuviper-10.png\",\"width\":1000,\"height\":500,\"caption\":\"Compuviper\"},\"image\":{\"@id\":\"https:\/\/compuviper.mx\/tienda\/#\/schema\/logo\/image\/\"},\"sameAs\":[\"https:\/\/www.facebook.com\/compuviper\",\"https:\/\/www.youtube.com\/channel\/UCf73dERp9Y3cfOq7q8BhLjA?view_as=subscriber\"]}]}<\/script>\n<meta property=\"product:brand\" content=\"TP LINK\" \/>\n<meta property=\"product:price:amount\" content=\"641\" \/>\n<meta property=\"product:price:currency\" content=\"MXN\" \/>\n<meta property=\"og:availability\" content=\"out of stock\" \/>\n<meta property=\"product:availability\" content=\"out of stock\" \/>\n<meta property=\"product:retailer_item_id\" content=\"HC220-G5(1-PACK)\" \/>\n<meta property=\"product:condition\" content=\"new\" \/>\n<!-- \/ Yoast SEO plugin. -->","yoast_head_json":{"title":"[ Tp Link ] &#129351; Hc220-g5(1-pack) Router | | | Easy Mesh | Wifi 5 | Gigabit | Ac1200 867 Mbps (5 Ghz) + 300 Mbps (2,4 Ghz) | Modos: Router , Ap , Controlador Easy Mesh O Agente |","description":"Compra Hc220-g5(1-pack) Router | | | Easy Mesh | Wifi 5 | Gigabit | Ac1200 867 Mbps (5 Ghz) + 300 Mbps (2,4 Ghz) | Modos: Router , Ap , Controlador Easy Mesh O Agente | + Env\u00edo a domicilio + Pago seguro + Garant\u00eda","robots":{"index":"index","follow":"follow","max-snippet":"max-snippet:-1","max-image-preview":"max-image-preview:large","max-video-preview":"max-video-preview:-1"},"canonical":"https:\/\/compuviper.mx\/tienda\/producto\/tp-link-hc220-g51-pack-router-easy-mesh-wifi-5-gigabit-ac1200-867-mbps-5-ghz-300-mbps-24-ghz-modos-router-ap-controlador-easy-mesh-o-agente\/","og_locale":"es_MX","og_type":"article","og_title":"[ Tp Link ] &#129351; Hc220-g5(1-pack) Router | | | Easy Mesh | Wifi 5 | Gigabit | Ac1200 867 Mbps (5 Ghz) + 300 Mbps (2,4 Ghz) | Modos: Router , Ap , Controlador Easy Mesh O Agente |","og_description":"Compra Hc220-g5(1-pack) Router | | | Easy Mesh | Wifi 5 | Gigabit | Ac1200 867 Mbps (5 Ghz) + 300 Mbps (2,4 Ghz) | Modos: Router , Ap , Controlador Easy Mesh O Agente | + Env\u00edo a domicilio + Pago seguro + Garant\u00eda","og_url":"https:\/\/compuviper.mx\/tienda\/producto\/tp-link-hc220-g51-pack-router-easy-mesh-wifi-5-gigabit-ac1200-867-mbps-5-ghz-300-mbps-24-ghz-modos-router-ap-controlador-easy-mesh-o-agente\/","og_site_name":"Compuviper","article_publisher":"https:\/\/www.facebook.com\/compuviper","og_image":[{"width":200,"height":200,"url":"https:\/\/compuviper.mx\/tienda\/wp-content\/uploads\/2025\/10\/Router-tp-link-hc220-g51-pack-easy-mesh-wifi-5-gigabit-ac1200-867-mbps-5-ghz-300-mbps-24-ghz-modos-router-ap-controlador-easy-mesh-o-agente.jpg","type":"image\/jpeg"}],"twitter_card":"summary_large_image","twitter_misc":{"Precio":"&#36;641 con IVA","Availability":"Out of stock"},"schema":{"@context":"https:\/\/schema.org","@graph":[{"@type":"WebPage","@id":"https:\/\/compuviper.mx\/tienda\/producto\/tp-link-hc220-g51-pack-router-easy-mesh-wifi-5-gigabit-ac1200-867-mbps-5-ghz-300-mbps-24-ghz-modos-router-ap-controlador-easy-mesh-o-agente\/","url":"https:\/\/compuviper.mx\/tienda\/producto\/tp-link-hc220-g51-pack-router-easy-mesh-wifi-5-gigabit-ac1200-867-mbps-5-ghz-300-mbps-24-ghz-modos-router-ap-controlador-easy-mesh-o-agente\/","name":"[ Tp Link ] &#129351; Hc220-g5(1-pack) Router | | | Easy Mesh | Wifi 5 | Gigabit | Ac1200 867 Mbps (5 Ghz) + 300 Mbps (2,4 Ghz) | Modos: Router , Ap , Controlador Easy Mesh O Agente |","isPartOf":{"@id":"https:\/\/compuviper.mx\/tienda\/#website"},"datePublished":"2026-04-18T07:14:23+00:00","dateModified":"2026-04-18T07:14:23+00:00","description":"Compra Hc220-g5(1-pack) Router | | | Easy Mesh | Wifi 5 | Gigabit | Ac1200 867 Mbps (5 Ghz) + 300 Mbps (2,4 Ghz) | Modos: Router , Ap , Controlador Easy Mesh O Agente | + Env\u00edo a domicilio + Pago seguro + Garant\u00eda","breadcrumb":{"@id":"https:\/\/compuviper.mx\/tienda\/producto\/tp-link-hc220-g51-pack-router-easy-mesh-wifi-5-gigabit-ac1200-867-mbps-5-ghz-300-mbps-24-ghz-modos-router-ap-controlador-easy-mesh-o-agente\/#breadcrumb"},"inLanguage":"es-MX","potentialAction":[{"@type":"ReadAction","target":["https:\/\/compuviper.mx\/tienda\/producto\/tp-link-hc220-g51-pack-router-easy-mesh-wifi-5-gigabit-ac1200-867-mbps-5-ghz-300-mbps-24-ghz-modos-router-ap-controlador-easy-mesh-o-agente\/"]}]},{"@type":"BreadcrumbList","@id":"https:\/\/compuviper.mx\/tienda\/producto\/tp-link-hc220-g51-pack-router-easy-mesh-wifi-5-gigabit-ac1200-867-mbps-5-ghz-300-mbps-24-ghz-modos-router-ap-controlador-easy-mesh-o-agente\/#breadcrumb","itemListElement":[{"@type":"ListItem","position":1,"name":"Inicio","item":"https:\/\/compuviper.mx\/tienda\/"},{"@type":"ListItem","position":2,"name":"Productos","item":"https:\/\/compuviper.mx\/tienda\/productos\/"},{"@type":"ListItem","position":3,"name":"Redes","item":"https:\/\/compuviper.mx\/tienda\/categoria-producto\/redes\/"},{"@type":"ListItem","position":4,"name":"Router","item":"https:\/\/compuviper.mx\/tienda\/categoria-producto\/redes\/router\/"},{"@type":"ListItem","position":5,"name":"Tp Link Hc220-g5(1-pack) Router | | | Easy Mesh | Wifi 5 | Gigabit | Ac1200 867 Mbps (5 Ghz) + 300 Mbps (2,4 Ghz) | Modos: Router , Ap , Controlador Easy Mesh O Agente |"}]},{"@type":"WebSite","@id":"https:\/\/compuviper.mx\/tienda\/#website","url":"https:\/\/compuviper.mx\/tienda\/","name":"Compuviper","description":"Proveedor de Computadoras, Laptops, Servidores, Monitores, Puntos de Venta, Teclados,   Impresoras, T\u00f3ner, C\u00e1maras de Seguridad y m\u00e1s en tu tienda en l\u00ednea","publisher":{"@id":"https:\/\/compuviper.mx\/tienda\/#organization"},"potentialAction":[{"@type":"SearchAction","target":{"@type":"EntryPoint","urlTemplate":"https:\/\/compuviper.mx\/tienda\/?s={search_term_string}"},"query-input":"required name=search_term_string"}],"inLanguage":"es-MX"},{"@type":"Organization","@id":"https:\/\/compuviper.mx\/tienda\/#organization","name":"Compuviper","url":"https:\/\/compuviper.mx\/tienda\/","logo":{"@type":"ImageObject","inLanguage":"es-MX","@id":"https:\/\/compuviper.mx\/tienda\/#\/schema\/logo\/image\/","url":"https:\/\/compuviper.mx\/tienda\/wp-content\/uploads\/2021\/08\/Logo-Compuviper-10.png","contentUrl":"https:\/\/compuviper.mx\/tienda\/wp-content\/uploads\/2021\/08\/Logo-Compuviper-10.png","width":1000,"height":500,"caption":"Compuviper"},"image":{"@id":"https:\/\/compuviper.mx\/tienda\/#\/schema\/logo\/image\/"},"sameAs":["https:\/\/www.facebook.com\/compuviper","https:\/\/www.youtube.com\/channel\/UCf73dERp9Y3cfOq7q8BhLjA?view_as=subscriber"]}]},"product_brand":"TP LINK","product_price_amount":"641","product_price_currency":"MXN","og_availability":"out of stock","product_availability":"out of stock","product_retailer_item_id":"HC220-G5(1-PACK)","product_condition":"new"},"_links":{"self":[{"href":"https:\/\/compuviper.mx\/tienda\/wp-json\/wp\/v2\/product\/250378"}],"collection":[{"href":"https:\/\/compuviper.mx\/tienda\/wp-json\/wp\/v2\/product"}],"about":[{"href":"https:\/\/compuviper.mx\/tienda\/wp-json\/wp\/v2\/types\/product"}],"replies":[{"embeddable":true,"href":"https:\/\/compuviper.mx\/tienda\/wp-json\/wp\/v2\/comments?post=250378"}],"wp:featuredmedia":[{"embeddable":true,"href":"https:\/\/compuviper.mx\/tienda\/wp-json\/wp\/v2\/media\/260137"}],"wp:attachment":[{"href":"https:\/\/compuviper.mx\/tienda\/wp-json\/wp\/v2\/media?parent=250378"}],"wp:term":[{"taxonomy":"product_cat","embeddable":true,"href":"https:\/\/compuviper.mx\/tienda\/wp-json\/wp\/v2\/product_cat?post=250378"},{"taxonomy":"product_tag","embeddable":true,"href":"https:\/\/compuviper.mx\/tienda\/wp-json\/wp\/v2\/product_tag?post=250378"}],"curies":[{"name":"wp","href":"https:\/\/api.w.org\/{rel}","templated":true}]}}