{"id":250372,"date":"2026-04-01T23:16:19","date_gmt":"2026-04-02T05:16:19","guid":{"rendered":"https:\/\/compuviper.mx\/tienda\/producto\/hikvision-ds-k1t320mfwx-b-terminal-min-moe-wifi-con-batera-de-respaldo-administrable-por-smartphone-o-nube-acceso-y-asistencia-huella-facial-y-tarjetas-mifare-500-rostros-y-1000-huellas-y\/"},"modified":"2026-04-01T23:16:19","modified_gmt":"2026-04-02T05:16:19","slug":"hikvision-ds-k1t320mfwx-b-terminal-min-moe-wifi-con-batera-de-respaldo-administrable-por-smartphone-o-nube-acceso-y-asistencia-huella-facial-y-tarjetas-mifare-500-rostros-y-1000-huellas-y","status":"publish","type":"product","link":"https:\/\/compuviper.mx\/tienda\/producto\/hikvision-ds-k1t320mfwx-b-terminal-min-moe-wifi-con-batera-de-respaldo-administrable-por-smartphone-o-nube-acceso-y-asistencia-huella-facial-y-tarjetas-mifare-500-rostros-y-1000-huellas-y\/","title":{"rendered":"Hikvision Ds-k1t320mfwx-b Terminal Min Moe   Wifi Con Bater?a De Respaldo \/ Administrable Por Smartphone O Nube \/ Acceso Y Asistencia \/ Huella, Facial Y Tarjetas Mifare \/ 500 Rostros Y 1,000 Huellas Y Tarjetas \/ Dete"},"content":{"rendered":"<table class=\"descripcion\">\n<tr>\n<td>Pantalla de 2.4 pulgadas para visualizaci\u00f3n clara,c\u00e1mara 2 mp gran angular para capturas detalladas,soporta hasta 500 rostros almacenamiento eficiente,capacidad para 100,000 eventos almacenados.<\/td>\n<\/tr>\n<\/table>\n","protected":false},"excerpt":{"rendered":"<p>La terminal frontal de la serie ds-k1t320 adopta un algoritmo deep learning que ayuda a reconocer el rostro de las personas m\u00e1s r\u00e1pido y con mayor precisi\u00f3n. Aplicable en escenarios, como edificios, empresas, industrias y otras \u00e1reas importantes.<\/p>\n","protected":false},"featured_media":258788,"comment_status":"open","ping_status":"open","template":"","meta":[],"product_cat":[1540,1910],"product_tag":[1595],"acf":[],"yoast_head":"<!-- This site is optimized with the Yoast SEO plugin v21.7 - https:\/\/yoast.com\/wordpress\/plugins\/seo\/ -->\n<title>[ Hikvision ] &#129351; Ds-k1t320mfwx-b Terminal Min Moe Wifi Con Bater\u00eda De Respaldo \/ Administrable Por Smartphone O Nube \/ Acceso Y Asistencia \/ Huella, Facial Y Tarjetas Mifare \/ 500 Rostros Y 1,000 Huellas Y Tarjetas \/ Dete<\/title>\n<meta name=\"description\" content=\"Compra Ds-k1t320mfwx-b Terminal Min Moe Wifi Con Bater\u00eda De Respaldo \/ Administrable Por Smartphone O Nube \/ Acceso Y Asistencia \/ Huella, Facial Y Tarjetas Mifare \/ 500 Rostros Y 1,000 Huellas Y Tarjetas \/ Dete + Env\u00edo a domicilio + Pago seguro + Garant\u00eda\" \/>\n<meta name=\"robots\" content=\"index, follow, max-snippet:-1, max-image-preview:large, max-video-preview:-1\" \/>\n<link rel=\"canonical\" href=\"https:\/\/compuviper.mx\/tienda\/producto\/hikvision-ds-k1t320mfwx-b-terminal-min-moe-wifi-con-batera-de-respaldo-administrable-por-smartphone-o-nube-acceso-y-asistencia-huella-facial-y-tarjetas-mifare-500-rostros-y-1000-huellas-y\/\" \/>\n<meta property=\"og:locale\" content=\"es_MX\" \/>\n<meta property=\"og:type\" content=\"article\" \/>\n<meta property=\"og:title\" content=\"[ Hikvision ] &#129351; Ds-k1t320mfwx-b Terminal Min Moe Wifi Con Bater\u00eda De Respaldo \/ Administrable Por Smartphone O Nube \/ Acceso Y Asistencia \/ Huella, Facial Y Tarjetas Mifare \/ 500 Rostros Y 1,000 Huellas Y Tarjetas \/ Dete\" \/>\n<meta property=\"og:description\" content=\"Compra Ds-k1t320mfwx-b Terminal Min Moe Wifi Con Bater\u00eda De Respaldo \/ Administrable Por Smartphone O Nube \/ Acceso Y Asistencia \/ Huella, Facial Y Tarjetas Mifare \/ 500 Rostros Y 1,000 Huellas Y Tarjetas \/ Dete + Env\u00edo a domicilio + Pago seguro + Garant\u00eda\" \/>\n<meta property=\"og:url\" content=\"https:\/\/compuviper.mx\/tienda\/producto\/hikvision-ds-k1t320mfwx-b-terminal-min-moe-wifi-con-batera-de-respaldo-administrable-por-smartphone-o-nube-acceso-y-asistencia-huella-facial-y-tarjetas-mifare-500-rostros-y-1000-huellas-y\/\" \/>\n<meta property=\"og:site_name\" content=\"Compuviper\" \/>\n<meta property=\"article:publisher\" content=\"https:\/\/www.facebook.com\/compuviper\" \/>\n<meta property=\"og:image\" content=\"https:\/\/compuviper.mx\/tienda\/wp-content\/uploads\/2025\/10\/Terminal-min-moe-hikvision-wifi-con-bateria-de-respaldo-administrable-por-smartphone-o-nube-acceso-y-asistencia-huella-facial-y-tarjetas-mifare-500-rostros-y-1000-huellas-y-tarjetas-dete.jpg\" \/>\n\t<meta property=\"og:image:width\" content=\"200\" \/>\n\t<meta property=\"og:image:height\" content=\"200\" \/>\n\t<meta property=\"og:image:type\" content=\"image\/jpeg\" \/>\n<meta name=\"twitter:card\" content=\"summary_large_image\" \/>\n<meta name=\"twitter:label1\" content=\"Precio\" \/>\n\t<meta name=\"twitter:data1\" content=\"&#36;1,418 con IVA\" \/>\n\t<meta name=\"twitter:label2\" content=\"Availability\" \/>\n\t<meta name=\"twitter:data2\" content=\"On backorder\" \/>\n<script type=\"application\/ld+json\" class=\"yoast-schema-graph\">{\"@context\":\"https:\/\/schema.org\",\"@graph\":[{\"@type\":\"WebPage\",\"@id\":\"https:\/\/compuviper.mx\/tienda\/producto\/hikvision-ds-k1t320mfwx-b-terminal-min-moe-wifi-con-batera-de-respaldo-administrable-por-smartphone-o-nube-acceso-y-asistencia-huella-facial-y-tarjetas-mifare-500-rostros-y-1000-huellas-y\/\",\"url\":\"https:\/\/compuviper.mx\/tienda\/producto\/hikvision-ds-k1t320mfwx-b-terminal-min-moe-wifi-con-batera-de-respaldo-administrable-por-smartphone-o-nube-acceso-y-asistencia-huella-facial-y-tarjetas-mifare-500-rostros-y-1000-huellas-y\/\",\"name\":\"[ Hikvision ] &#129351; Ds-k1t320mfwx-b Terminal Min Moe Wifi Con Bater\u00eda De Respaldo \/ Administrable Por Smartphone O Nube \/ Acceso Y Asistencia \/ Huella, Facial Y Tarjetas Mifare \/ 500 Rostros Y 1,000 Huellas Y Tarjetas \/ Dete\",\"isPartOf\":{\"@id\":\"https:\/\/compuviper.mx\/tienda\/#website\"},\"datePublished\":\"2026-04-02T05:16:19+00:00\",\"dateModified\":\"2026-04-02T05:16:19+00:00\",\"description\":\"Compra Ds-k1t320mfwx-b Terminal Min Moe Wifi Con Bater\u00eda De Respaldo \/ Administrable Por Smartphone O Nube \/ Acceso Y Asistencia \/ Huella, Facial Y Tarjetas Mifare \/ 500 Rostros Y 1,000 Huellas Y Tarjetas \/ Dete + Env\u00edo a domicilio + Pago seguro + Garant\u00eda\",\"breadcrumb\":{\"@id\":\"https:\/\/compuviper.mx\/tienda\/producto\/hikvision-ds-k1t320mfwx-b-terminal-min-moe-wifi-con-batera-de-respaldo-administrable-por-smartphone-o-nube-acceso-y-asistencia-huella-facial-y-tarjetas-mifare-500-rostros-y-1000-huellas-y\/#breadcrumb\"},\"inLanguage\":\"es-MX\",\"potentialAction\":[{\"@type\":\"ReadAction\",\"target\":[\"https:\/\/compuviper.mx\/tienda\/producto\/hikvision-ds-k1t320mfwx-b-terminal-min-moe-wifi-con-batera-de-respaldo-administrable-por-smartphone-o-nube-acceso-y-asistencia-huella-facial-y-tarjetas-mifare-500-rostros-y-1000-huellas-y\/\"]}]},{\"@type\":\"BreadcrumbList\",\"@id\":\"https:\/\/compuviper.mx\/tienda\/producto\/hikvision-ds-k1t320mfwx-b-terminal-min-moe-wifi-con-batera-de-respaldo-administrable-por-smartphone-o-nube-acceso-y-asistencia-huella-facial-y-tarjetas-mifare-500-rostros-y-1000-huellas-y\/#breadcrumb\",\"itemListElement\":[{\"@type\":\"ListItem\",\"position\":1,\"name\":\"Inicio\",\"item\":\"https:\/\/compuviper.mx\/tienda\/\"},{\"@type\":\"ListItem\",\"position\":2,\"name\":\"Productos\",\"item\":\"https:\/\/compuviper.mx\/tienda\/productos\/\"},{\"@type\":\"ListItem\",\"position\":3,\"name\":\"Control De Acceso Y Asistencia\",\"item\":\"https:\/\/compuviper.mx\/tienda\/categoria-producto\/control-de-acceso-y-asistencia\/\"},{\"@type\":\"ListItem\",\"position\":4,\"name\":\"Panel De Control De Acceso\",\"item\":\"https:\/\/compuviper.mx\/tienda\/categoria-producto\/control-de-acceso-y-asistencia\/panel-de-control-de-acceso\/\"},{\"@type\":\"ListItem\",\"position\":5,\"name\":\"Hikvision Ds-k1t320mfwx-b Terminal Min Moe Wifi Con Bater?a De Respaldo \/ Administrable Por Smartphone O Nube \/ Acceso Y Asistencia \/ Huella, Facial Y Tarjetas Mifare \/ 500 Rostros Y 1,000 Huellas Y Tarjetas \/ Dete\"}]},{\"@type\":\"WebSite\",\"@id\":\"https:\/\/compuviper.mx\/tienda\/#website\",\"url\":\"https:\/\/compuviper.mx\/tienda\/\",\"name\":\"Compuviper\",\"description\":\"Proveedor de Computadoras, Laptops, Servidores, Monitores, Puntos de Venta, Teclados,   Impresoras, T\u00f3ner, C\u00e1maras de Seguridad y m\u00e1s en tu tienda en l\u00ednea\",\"publisher\":{\"@id\":\"https:\/\/compuviper.mx\/tienda\/#organization\"},\"potentialAction\":[{\"@type\":\"SearchAction\",\"target\":{\"@type\":\"EntryPoint\",\"urlTemplate\":\"https:\/\/compuviper.mx\/tienda\/?s={search_term_string}\"},\"query-input\":\"required name=search_term_string\"}],\"inLanguage\":\"es-MX\"},{\"@type\":\"Organization\",\"@id\":\"https:\/\/compuviper.mx\/tienda\/#organization\",\"name\":\"Compuviper\",\"url\":\"https:\/\/compuviper.mx\/tienda\/\",\"logo\":{\"@type\":\"ImageObject\",\"inLanguage\":\"es-MX\",\"@id\":\"https:\/\/compuviper.mx\/tienda\/#\/schema\/logo\/image\/\",\"url\":\"https:\/\/compuviper.mx\/tienda\/wp-content\/uploads\/2021\/08\/Logo-Compuviper-10.png\",\"contentUrl\":\"https:\/\/compuviper.mx\/tienda\/wp-content\/uploads\/2021\/08\/Logo-Compuviper-10.png\",\"width\":1000,\"height\":500,\"caption\":\"Compuviper\"},\"image\":{\"@id\":\"https:\/\/compuviper.mx\/tienda\/#\/schema\/logo\/image\/\"},\"sameAs\":[\"https:\/\/www.facebook.com\/compuviper\",\"https:\/\/www.youtube.com\/channel\/UCf73dERp9Y3cfOq7q8BhLjA?view_as=subscriber\"]}]}<\/script>\n<meta property=\"product:brand\" content=\"HIKVISION\" \/>\n<meta property=\"product:price:amount\" content=\"1418\" \/>\n<meta property=\"product:price:currency\" content=\"MXN\" \/>\n<meta property=\"og:availability\" content=\"backorder\" \/>\n<meta property=\"product:availability\" content=\"available for order\" \/>\n<meta property=\"product:retailer_item_id\" content=\"DS-K1T320MFWX-B\" \/>\n<meta property=\"product:condition\" content=\"new\" \/>\n<!-- \/ Yoast SEO plugin. -->","yoast_head_json":{"title":"[ Hikvision ] &#129351; Ds-k1t320mfwx-b Terminal Min Moe Wifi Con Bater\u00eda De Respaldo \/ Administrable Por Smartphone O Nube \/ Acceso Y Asistencia \/ Huella, Facial Y Tarjetas Mifare \/ 500 Rostros Y 1,000 Huellas Y Tarjetas \/ Dete","description":"Compra Ds-k1t320mfwx-b Terminal Min Moe Wifi Con Bater\u00eda De Respaldo \/ Administrable Por Smartphone O Nube \/ Acceso Y Asistencia \/ Huella, Facial Y Tarjetas Mifare \/ 500 Rostros Y 1,000 Huellas Y Tarjetas \/ Dete + Env\u00edo a domicilio + Pago seguro + Garant\u00eda","robots":{"index":"index","follow":"follow","max-snippet":"max-snippet:-1","max-image-preview":"max-image-preview:large","max-video-preview":"max-video-preview:-1"},"canonical":"https:\/\/compuviper.mx\/tienda\/producto\/hikvision-ds-k1t320mfwx-b-terminal-min-moe-wifi-con-batera-de-respaldo-administrable-por-smartphone-o-nube-acceso-y-asistencia-huella-facial-y-tarjetas-mifare-500-rostros-y-1000-huellas-y\/","og_locale":"es_MX","og_type":"article","og_title":"[ Hikvision ] &#129351; Ds-k1t320mfwx-b Terminal Min Moe Wifi Con Bater\u00eda De Respaldo \/ Administrable Por Smartphone O Nube \/ Acceso Y Asistencia \/ Huella, Facial Y Tarjetas Mifare \/ 500 Rostros Y 1,000 Huellas Y Tarjetas \/ Dete","og_description":"Compra Ds-k1t320mfwx-b Terminal Min Moe Wifi Con Bater\u00eda De Respaldo \/ Administrable Por Smartphone O Nube \/ Acceso Y Asistencia \/ Huella, Facial Y Tarjetas Mifare \/ 500 Rostros Y 1,000 Huellas Y Tarjetas \/ Dete + Env\u00edo a domicilio + Pago seguro + Garant\u00eda","og_url":"https:\/\/compuviper.mx\/tienda\/producto\/hikvision-ds-k1t320mfwx-b-terminal-min-moe-wifi-con-batera-de-respaldo-administrable-por-smartphone-o-nube-acceso-y-asistencia-huella-facial-y-tarjetas-mifare-500-rostros-y-1000-huellas-y\/","og_site_name":"Compuviper","article_publisher":"https:\/\/www.facebook.com\/compuviper","og_image":[{"width":200,"height":200,"url":"https:\/\/compuviper.mx\/tienda\/wp-content\/uploads\/2025\/10\/Terminal-min-moe-hikvision-wifi-con-bateria-de-respaldo-administrable-por-smartphone-o-nube-acceso-y-asistencia-huella-facial-y-tarjetas-mifare-500-rostros-y-1000-huellas-y-tarjetas-dete.jpg","type":"image\/jpeg"}],"twitter_card":"summary_large_image","twitter_misc":{"Precio":"&#36;1,418 con IVA","Availability":"On backorder"},"schema":{"@context":"https:\/\/schema.org","@graph":[{"@type":"WebPage","@id":"https:\/\/compuviper.mx\/tienda\/producto\/hikvision-ds-k1t320mfwx-b-terminal-min-moe-wifi-con-batera-de-respaldo-administrable-por-smartphone-o-nube-acceso-y-asistencia-huella-facial-y-tarjetas-mifare-500-rostros-y-1000-huellas-y\/","url":"https:\/\/compuviper.mx\/tienda\/producto\/hikvision-ds-k1t320mfwx-b-terminal-min-moe-wifi-con-batera-de-respaldo-administrable-por-smartphone-o-nube-acceso-y-asistencia-huella-facial-y-tarjetas-mifare-500-rostros-y-1000-huellas-y\/","name":"[ Hikvision ] &#129351; Ds-k1t320mfwx-b Terminal Min Moe Wifi Con Bater\u00eda De Respaldo \/ Administrable Por Smartphone O Nube \/ Acceso Y Asistencia \/ Huella, Facial Y Tarjetas Mifare \/ 500 Rostros Y 1,000 Huellas Y Tarjetas \/ Dete","isPartOf":{"@id":"https:\/\/compuviper.mx\/tienda\/#website"},"datePublished":"2026-04-02T05:16:19+00:00","dateModified":"2026-04-02T05:16:19+00:00","description":"Compra Ds-k1t320mfwx-b Terminal Min Moe Wifi Con Bater\u00eda De Respaldo \/ Administrable Por Smartphone O Nube \/ Acceso Y Asistencia \/ Huella, Facial Y Tarjetas Mifare \/ 500 Rostros Y 1,000 Huellas Y Tarjetas \/ Dete + Env\u00edo a domicilio + Pago seguro + Garant\u00eda","breadcrumb":{"@id":"https:\/\/compuviper.mx\/tienda\/producto\/hikvision-ds-k1t320mfwx-b-terminal-min-moe-wifi-con-batera-de-respaldo-administrable-por-smartphone-o-nube-acceso-y-asistencia-huella-facial-y-tarjetas-mifare-500-rostros-y-1000-huellas-y\/#breadcrumb"},"inLanguage":"es-MX","potentialAction":[{"@type":"ReadAction","target":["https:\/\/compuviper.mx\/tienda\/producto\/hikvision-ds-k1t320mfwx-b-terminal-min-moe-wifi-con-batera-de-respaldo-administrable-por-smartphone-o-nube-acceso-y-asistencia-huella-facial-y-tarjetas-mifare-500-rostros-y-1000-huellas-y\/"]}]},{"@type":"BreadcrumbList","@id":"https:\/\/compuviper.mx\/tienda\/producto\/hikvision-ds-k1t320mfwx-b-terminal-min-moe-wifi-con-batera-de-respaldo-administrable-por-smartphone-o-nube-acceso-y-asistencia-huella-facial-y-tarjetas-mifare-500-rostros-y-1000-huellas-y\/#breadcrumb","itemListElement":[{"@type":"ListItem","position":1,"name":"Inicio","item":"https:\/\/compuviper.mx\/tienda\/"},{"@type":"ListItem","position":2,"name":"Productos","item":"https:\/\/compuviper.mx\/tienda\/productos\/"},{"@type":"ListItem","position":3,"name":"Control De Acceso Y Asistencia","item":"https:\/\/compuviper.mx\/tienda\/categoria-producto\/control-de-acceso-y-asistencia\/"},{"@type":"ListItem","position":4,"name":"Panel De Control De Acceso","item":"https:\/\/compuviper.mx\/tienda\/categoria-producto\/control-de-acceso-y-asistencia\/panel-de-control-de-acceso\/"},{"@type":"ListItem","position":5,"name":"Hikvision Ds-k1t320mfwx-b Terminal Min Moe Wifi Con Bater?a De Respaldo \/ Administrable Por Smartphone O Nube \/ Acceso Y Asistencia \/ Huella, Facial Y Tarjetas Mifare \/ 500 Rostros Y 1,000 Huellas Y Tarjetas \/ Dete"}]},{"@type":"WebSite","@id":"https:\/\/compuviper.mx\/tienda\/#website","url":"https:\/\/compuviper.mx\/tienda\/","name":"Compuviper","description":"Proveedor de Computadoras, Laptops, Servidores, Monitores, Puntos de Venta, Teclados,   Impresoras, T\u00f3ner, C\u00e1maras de Seguridad y m\u00e1s en tu tienda en l\u00ednea","publisher":{"@id":"https:\/\/compuviper.mx\/tienda\/#organization"},"potentialAction":[{"@type":"SearchAction","target":{"@type":"EntryPoint","urlTemplate":"https:\/\/compuviper.mx\/tienda\/?s={search_term_string}"},"query-input":"required name=search_term_string"}],"inLanguage":"es-MX"},{"@type":"Organization","@id":"https:\/\/compuviper.mx\/tienda\/#organization","name":"Compuviper","url":"https:\/\/compuviper.mx\/tienda\/","logo":{"@type":"ImageObject","inLanguage":"es-MX","@id":"https:\/\/compuviper.mx\/tienda\/#\/schema\/logo\/image\/","url":"https:\/\/compuviper.mx\/tienda\/wp-content\/uploads\/2021\/08\/Logo-Compuviper-10.png","contentUrl":"https:\/\/compuviper.mx\/tienda\/wp-content\/uploads\/2021\/08\/Logo-Compuviper-10.png","width":1000,"height":500,"caption":"Compuviper"},"image":{"@id":"https:\/\/compuviper.mx\/tienda\/#\/schema\/logo\/image\/"},"sameAs":["https:\/\/www.facebook.com\/compuviper","https:\/\/www.youtube.com\/channel\/UCf73dERp9Y3cfOq7q8BhLjA?view_as=subscriber"]}]},"product_brand":"HIKVISION","product_price_amount":"1418","product_price_currency":"MXN","og_availability":"backorder","product_availability":"available for order","product_retailer_item_id":"DS-K1T320MFWX-B","product_condition":"new"},"_links":{"self":[{"href":"https:\/\/compuviper.mx\/tienda\/wp-json\/wp\/v2\/product\/250372"}],"collection":[{"href":"https:\/\/compuviper.mx\/tienda\/wp-json\/wp\/v2\/product"}],"about":[{"href":"https:\/\/compuviper.mx\/tienda\/wp-json\/wp\/v2\/types\/product"}],"replies":[{"embeddable":true,"href":"https:\/\/compuviper.mx\/tienda\/wp-json\/wp\/v2\/comments?post=250372"}],"wp:featuredmedia":[{"embeddable":true,"href":"https:\/\/compuviper.mx\/tienda\/wp-json\/wp\/v2\/media\/258788"}],"wp:attachment":[{"href":"https:\/\/compuviper.mx\/tienda\/wp-json\/wp\/v2\/media?parent=250372"}],"wp:term":[{"taxonomy":"product_cat","embeddable":true,"href":"https:\/\/compuviper.mx\/tienda\/wp-json\/wp\/v2\/product_cat?post=250372"},{"taxonomy":"product_tag","embeddable":true,"href":"https:\/\/compuviper.mx\/tienda\/wp-json\/wp\/v2\/product_tag?post=250372"}],"curies":[{"name":"wp","href":"https:\/\/api.w.org\/{rel}","templated":true}]}}