{"id":250332,"date":"2026-04-01T23:16:18","date_gmt":"2026-04-02T05:16:18","guid":{"rendered":"https:\/\/compuviper.mx\/tienda\/producto\/logitech-952-000188-extend-conector-byod-para-salas-basadas-en-android\/"},"modified":"2026-04-01T23:16:18","modified_gmt":"2026-04-02T05:16:18","slug":"logitech-952-000188-extend-conector-byod-para-salas-basadas-en-android","status":"publish","type":"product","link":"https:\/\/compuviper.mx\/tienda\/producto\/logitech-952-000188-extend-conector-byod-para-salas-basadas-en-android\/","title":{"rendered":"Logitech 952-000188  Extend Conector Byod Para Salas Basadas En Android"},"content":{"rendered":"<table class=\"descripcion\">\n<tr>\n<td>Especificaciones y detalles<\/td>\n<\/tr>\n<tr>\n<td>Dimensiones<\/td>\n<\/tr>\n<tr>\n<td>Caja lateral de visualizacion<\/td>\n<\/tr>\n<tr>\n<td>Altura: 143 mm<\/td>\n<\/tr>\n<tr>\n<td>Anchura: 143 mm<\/td>\n<\/tr>\n<tr>\n<td>Profundidad: 34,5 mm<\/td>\n<\/tr>\n<tr>\n<td>Caja lateral de mesa<\/td>\n<\/tr>\n<tr>\n<td>Altura: 143 mm<\/td>\n<\/tr>\n<tr>\n<td>Anchura: 143 mm<\/td>\n<\/tr>\n<tr>\n<td>Profundidad: 34,5 mm<\/td>\n<\/tr>\n<tr>\n<td>Especificaciones tecnicas<\/td>\n<\/tr>\n<tr>\n<td>Administracion de dispositivos<\/td>\n<\/tr>\n<tr>\n<td>Administracion de dispositivos de logitech sync<\/td>\n<\/tr>\n<tr>\n<td>Puertos e interfaces<\/td>\n<\/tr>\n<tr>\n<td>Pantalla lateral (rx)<\/td>\n<\/tr>\n<tr>\n<td>Hdmi 2.0 4k60 4:4:4<\/td>\n<\/tr>\n<tr>\n<td>2 usb 2.0 tipo a<\/td>\n<\/tr>\n<tr>\n<td>Interfaz de administracion micro usb<\/td>\n<\/tr>\n<tr>\n<td>Alimentacion de logitech extend<\/td>\n<\/tr>\n<tr>\n<td>Rj45 a lateral de mesa (tx)<\/td>\n<\/tr>\n<tr>\n<td>Lateral de mesa (tx)<\/td>\n<\/tr>\n<tr>\n<td>Usb-c seguro (de la tx a la laptop del usuario)<\/td>\n<\/tr>\n<tr>\n<td>Usb-c (conexion de la fuente de alimentacion usb-c opcional)<\/td>\n<\/tr>\n<tr>\n<td>Rj45 a pantalla lateral (rx)<\/td>\n<\/tr>\n<tr>\n<td>Montaje<\/td>\n<\/tr>\n<tr>\n<td>Vesa: 100 x 100 mm<\/td>\n<\/tr>\n<tr>\n<td>Orificios de montaje: 2 orificios pasantes para el montaje directo en la pared o en la mesa (se incluyen los accesorios para montaje)<\/td>\n<\/tr>\n<tr>\n<td>Alimentacion y cables<\/td>\n<\/tr>\n<tr>\n<td>Fuente de alimentaci\u00f3n: deteccion automatica<\/td>\n<\/tr>\n<tr>\n<td>Alimentacion\/voltaje de servicio: 100-240v, 48v, 0.5a<\/td>\n<\/tr>\n<tr>\n<td>Dimensiones de fuente de alimentacion: 73.5 mm x 53 mm x 35 mm<\/td>\n<\/tr>\n<tr>\n<td>Cable de cc: 1,5 m<\/td>\n<\/tr>\n<tr>\n<td>Cable usb-c a usb-c 3.2 de 1.\u00aa generacion: 1,5 m<\/td>\n<\/tr>\n<tr>\n<td>Cable usb a a micro usb: 1 m<\/td>\n<\/tr>\n<tr>\n<td>Medioambiente<\/td>\n<\/tr>\n<tr>\n<td>Temperatura de funcionamiento: 0\u00b0 a 40\u00b0 c<\/td>\n<\/tr>\n<tr>\n<td>Temperatura de almacenamiento: -25\u00b0 a 70\u00b0 c<\/td>\n<\/tr>\n<tr>\n<td>Humedad: 10% a 90%<\/td>\n<\/tr>\n<tr>\n<td>Seguridad<\/td>\n<\/tr>\n<tr>\n<td>Cifrado basado en archivos: nist sha-256 bits<\/td>\n<\/tr>\n<tr>\n<td>Cifrado de datos: hash de clave p\u00fablica<\/td>\n<\/tr>\n<tr>\n<td>Actualizacion de firmware: firma digital<\/td>\n<\/tr>\n<tr>\n<td>Sostenibilidad<\/td>\n<\/tr>\n<tr>\n<td>Fabricado con plastico reciclado: contenido de pl\u00e1stico de logitech extend: m\u00ednimo 40% de material reciclado posconsumo (excluye plastico del conjunto de cableado impreso (pwa), cables y empaque)<\/td>\n<\/tr>\n<tr>\n<td>Empaque responsable: empaques de papel con certificaci\u00f3n fsc\u0099<\/td>\n<\/tr>\n<tr>\n<td>Informaci\u00f3n de garantia<\/td>\n<\/tr>\n<tr>\n<td>Dos a\u00f1os de garantia de hardware limitada<\/td>\n<\/tr>\n<tr>\n<td>Garantia extendida de 1 a\u00f1o y 3 a\u00f1os disponible para su compra<\/td>\n<\/tr>\n<tr>\n<td>Numero de referencia<\/td>\n<\/tr>\n<tr>\n<td>952-000188<\/td>\n<\/tr>\n<tr>\n<td>Para mas informacion:<\/td>\n<\/tr>\n<tr>\n<td>Https:\/\/www.logitech.com\/es-mx\/products\/video-conferencing\/accessories\/extend-byod-connection.952-000188.html<\/td>\n<\/tr>\n<\/table>\n","protected":false},"excerpt":{"rendered":"<p>Reuniones byod faciles. Con logitech extend, cualquiera puede ingresar a una sala de reuniones basada en android o byod, conectarse con el cable usb-c e iniciar una reunion desde su laptop o dispositivo movil. Conexiones rapidas. Sin controladores adicionales. Usa el cable usb-c para conectar rapidamente una laptop o un dispositivo movil y realizar reuniones con la plataforma de video que prefieras. No es necesario instalar software adicional. Dos casos de uso, una solucion. Paso byod. Usa extend en salas basadas en android con la familia rally bar. Permite que el anfitrion de la reunion omita el proveedor de video designado y realice la reunion desde su propio dispositivo. El soporte para las funciones y la compatibilidad con camaras y sistemas operativos pueden variar. Para obtener la informacion mas reciente, consulta logitech.Com\/support\/extend-compatibility. Extension byod. Usa extend para reuniones byod con la familia rally bar y otras camaras para conferencias de logitech conectando una laptop o un dispositivo movil para realizar reuniones con la camara para conferencias y la pantalla de la sala.<\/p>\n","protected":false},"featured_media":258786,"comment_status":"open","ping_status":"open","template":"","meta":[],"product_cat":[1485,2036],"product_tag":[1500],"acf":[],"yoast_head":"<!-- This site is optimized with the Yoast SEO plugin v21.7 - https:\/\/yoast.com\/wordpress\/plugins\/seo\/ -->\n<title>[ Logitech ] &#129351; 952-000188 Extend Conector Byod Para Salas Basadas En Android<\/title>\n<meta name=\"description\" content=\"Compra 952-000188 Extend Conector Byod Para Salas Basadas En Android + Env\u00edo a domicilio + Pago seguro + Garant\u00eda\" \/>\n<meta name=\"robots\" content=\"index, follow, max-snippet:-1, max-image-preview:large, max-video-preview:-1\" \/>\n<link rel=\"canonical\" href=\"https:\/\/compuviper.mx\/tienda\/producto\/logitech-952-000188-extend-conector-byod-para-salas-basadas-en-android\/\" \/>\n<meta property=\"og:locale\" content=\"es_MX\" \/>\n<meta property=\"og:type\" content=\"article\" \/>\n<meta property=\"og:title\" content=\"[ Logitech ] &#129351; 952-000188 Extend Conector Byod Para Salas Basadas En Android\" \/>\n<meta property=\"og:description\" content=\"Compra 952-000188 Extend Conector Byod Para Salas Basadas En Android + Env\u00edo a domicilio + Pago seguro + Garant\u00eda\" \/>\n<meta property=\"og:url\" content=\"https:\/\/compuviper.mx\/tienda\/producto\/logitech-952-000188-extend-conector-byod-para-salas-basadas-en-android\/\" \/>\n<meta property=\"og:site_name\" content=\"Compuviper\" \/>\n<meta property=\"article:publisher\" content=\"https:\/\/www.facebook.com\/compuviper\" \/>\n<meta property=\"og:image\" content=\"https:\/\/compuviper.mx\/tienda\/wp-content\/uploads\/2025\/10\/Logitech-extend-conector-byod-para-salas-basadas-en-android.jpg\" \/>\n\t<meta property=\"og:image:width\" content=\"200\" \/>\n\t<meta property=\"og:image:height\" content=\"200\" \/>\n\t<meta property=\"og:image:type\" content=\"image\/jpeg\" \/>\n<meta name=\"twitter:card\" content=\"summary_large_image\" \/>\n<meta name=\"twitter:label1\" content=\"Precio\" \/>\n\t<meta name=\"twitter:data1\" content=\"&#36;17,387 con IVA\" \/>\n\t<meta name=\"twitter:label2\" content=\"Availability\" \/>\n\t<meta name=\"twitter:data2\" content=\"Out of stock\" \/>\n<script type=\"application\/ld+json\" class=\"yoast-schema-graph\">{\"@context\":\"https:\/\/schema.org\",\"@graph\":[{\"@type\":\"WebPage\",\"@id\":\"https:\/\/compuviper.mx\/tienda\/producto\/logitech-952-000188-extend-conector-byod-para-salas-basadas-en-android\/\",\"url\":\"https:\/\/compuviper.mx\/tienda\/producto\/logitech-952-000188-extend-conector-byod-para-salas-basadas-en-android\/\",\"name\":\"[ Logitech ] &#129351; 952-000188 Extend Conector Byod Para Salas Basadas En Android\",\"isPartOf\":{\"@id\":\"https:\/\/compuviper.mx\/tienda\/#website\"},\"datePublished\":\"2026-04-02T05:16:18+00:00\",\"dateModified\":\"2026-04-02T05:16:18+00:00\",\"description\":\"Compra 952-000188 Extend Conector Byod Para Salas Basadas En Android + Env\u00edo a domicilio + Pago seguro + Garant\u00eda\",\"breadcrumb\":{\"@id\":\"https:\/\/compuviper.mx\/tienda\/producto\/logitech-952-000188-extend-conector-byod-para-salas-basadas-en-android\/#breadcrumb\"},\"inLanguage\":\"es-MX\",\"potentialAction\":[{\"@type\":\"ReadAction\",\"target\":[\"https:\/\/compuviper.mx\/tienda\/producto\/logitech-952-000188-extend-conector-byod-para-salas-basadas-en-android\/\"]}]},{\"@type\":\"BreadcrumbList\",\"@id\":\"https:\/\/compuviper.mx\/tienda\/producto\/logitech-952-000188-extend-conector-byod-para-salas-basadas-en-android\/#breadcrumb\",\"itemListElement\":[{\"@type\":\"ListItem\",\"position\":1,\"name\":\"Inicio\",\"item\":\"https:\/\/compuviper.mx\/tienda\/\"},{\"@type\":\"ListItem\",\"position\":2,\"name\":\"Productos\",\"item\":\"https:\/\/compuviper.mx\/tienda\/productos\/\"},{\"@type\":\"ListItem\",\"position\":3,\"name\":\"Accesorios\",\"item\":\"https:\/\/compuviper.mx\/tienda\/categoria-producto\/accesorios\/\"},{\"@type\":\"ListItem\",\"position\":4,\"name\":\"Videoconferencia\",\"item\":\"https:\/\/compuviper.mx\/tienda\/categoria-producto\/accesorios\/videoconferencia-accesorios\/\"},{\"@type\":\"ListItem\",\"position\":5,\"name\":\"Logitech 952-000188 Extend Conector Byod Para Salas Basadas En Android\"}]},{\"@type\":\"WebSite\",\"@id\":\"https:\/\/compuviper.mx\/tienda\/#website\",\"url\":\"https:\/\/compuviper.mx\/tienda\/\",\"name\":\"Compuviper\",\"description\":\"Proveedor de Computadoras, Laptops, Servidores, Monitores, Puntos de Venta, Teclados,   Impresoras, T\u00f3ner, C\u00e1maras de Seguridad y m\u00e1s en tu tienda en l\u00ednea\",\"publisher\":{\"@id\":\"https:\/\/compuviper.mx\/tienda\/#organization\"},\"potentialAction\":[{\"@type\":\"SearchAction\",\"target\":{\"@type\":\"EntryPoint\",\"urlTemplate\":\"https:\/\/compuviper.mx\/tienda\/?s={search_term_string}\"},\"query-input\":\"required name=search_term_string\"}],\"inLanguage\":\"es-MX\"},{\"@type\":\"Organization\",\"@id\":\"https:\/\/compuviper.mx\/tienda\/#organization\",\"name\":\"Compuviper\",\"url\":\"https:\/\/compuviper.mx\/tienda\/\",\"logo\":{\"@type\":\"ImageObject\",\"inLanguage\":\"es-MX\",\"@id\":\"https:\/\/compuviper.mx\/tienda\/#\/schema\/logo\/image\/\",\"url\":\"https:\/\/compuviper.mx\/tienda\/wp-content\/uploads\/2021\/08\/Logo-Compuviper-10.png\",\"contentUrl\":\"https:\/\/compuviper.mx\/tienda\/wp-content\/uploads\/2021\/08\/Logo-Compuviper-10.png\",\"width\":1000,\"height\":500,\"caption\":\"Compuviper\"},\"image\":{\"@id\":\"https:\/\/compuviper.mx\/tienda\/#\/schema\/logo\/image\/\"},\"sameAs\":[\"https:\/\/www.facebook.com\/compuviper\",\"https:\/\/www.youtube.com\/channel\/UCf73dERp9Y3cfOq7q8BhLjA?view_as=subscriber\"]}]}<\/script>\n<meta property=\"product:brand\" content=\"LOGITECH\" \/>\n<meta property=\"product:price:amount\" content=\"17387\" \/>\n<meta property=\"product:price:currency\" content=\"MXN\" \/>\n<meta property=\"og:availability\" content=\"out of stock\" \/>\n<meta property=\"product:availability\" content=\"out of stock\" \/>\n<meta property=\"product:retailer_item_id\" content=\"952-000188\" \/>\n<meta property=\"product:condition\" content=\"new\" \/>\n<!-- \/ Yoast SEO plugin. -->","yoast_head_json":{"title":"[ Logitech ] &#129351; 952-000188 Extend Conector Byod Para Salas Basadas En Android","description":"Compra 952-000188 Extend Conector Byod Para Salas Basadas En Android + Env\u00edo a domicilio + Pago seguro + Garant\u00eda","robots":{"index":"index","follow":"follow","max-snippet":"max-snippet:-1","max-image-preview":"max-image-preview:large","max-video-preview":"max-video-preview:-1"},"canonical":"https:\/\/compuviper.mx\/tienda\/producto\/logitech-952-000188-extend-conector-byod-para-salas-basadas-en-android\/","og_locale":"es_MX","og_type":"article","og_title":"[ Logitech ] &#129351; 952-000188 Extend Conector Byod Para Salas Basadas En Android","og_description":"Compra 952-000188 Extend Conector Byod Para Salas Basadas En Android + Env\u00edo a domicilio + Pago seguro + Garant\u00eda","og_url":"https:\/\/compuviper.mx\/tienda\/producto\/logitech-952-000188-extend-conector-byod-para-salas-basadas-en-android\/","og_site_name":"Compuviper","article_publisher":"https:\/\/www.facebook.com\/compuviper","og_image":[{"width":200,"height":200,"url":"https:\/\/compuviper.mx\/tienda\/wp-content\/uploads\/2025\/10\/Logitech-extend-conector-byod-para-salas-basadas-en-android.jpg","type":"image\/jpeg"}],"twitter_card":"summary_large_image","twitter_misc":{"Precio":"&#36;17,387 con IVA","Availability":"Out of stock"},"schema":{"@context":"https:\/\/schema.org","@graph":[{"@type":"WebPage","@id":"https:\/\/compuviper.mx\/tienda\/producto\/logitech-952-000188-extend-conector-byod-para-salas-basadas-en-android\/","url":"https:\/\/compuviper.mx\/tienda\/producto\/logitech-952-000188-extend-conector-byod-para-salas-basadas-en-android\/","name":"[ Logitech ] &#129351; 952-000188 Extend Conector Byod Para Salas Basadas En Android","isPartOf":{"@id":"https:\/\/compuviper.mx\/tienda\/#website"},"datePublished":"2026-04-02T05:16:18+00:00","dateModified":"2026-04-02T05:16:18+00:00","description":"Compra 952-000188 Extend Conector Byod Para Salas Basadas En Android + Env\u00edo a domicilio + Pago seguro + Garant\u00eda","breadcrumb":{"@id":"https:\/\/compuviper.mx\/tienda\/producto\/logitech-952-000188-extend-conector-byod-para-salas-basadas-en-android\/#breadcrumb"},"inLanguage":"es-MX","potentialAction":[{"@type":"ReadAction","target":["https:\/\/compuviper.mx\/tienda\/producto\/logitech-952-000188-extend-conector-byod-para-salas-basadas-en-android\/"]}]},{"@type":"BreadcrumbList","@id":"https:\/\/compuviper.mx\/tienda\/producto\/logitech-952-000188-extend-conector-byod-para-salas-basadas-en-android\/#breadcrumb","itemListElement":[{"@type":"ListItem","position":1,"name":"Inicio","item":"https:\/\/compuviper.mx\/tienda\/"},{"@type":"ListItem","position":2,"name":"Productos","item":"https:\/\/compuviper.mx\/tienda\/productos\/"},{"@type":"ListItem","position":3,"name":"Accesorios","item":"https:\/\/compuviper.mx\/tienda\/categoria-producto\/accesorios\/"},{"@type":"ListItem","position":4,"name":"Videoconferencia","item":"https:\/\/compuviper.mx\/tienda\/categoria-producto\/accesorios\/videoconferencia-accesorios\/"},{"@type":"ListItem","position":5,"name":"Logitech 952-000188 Extend Conector Byod Para Salas Basadas En Android"}]},{"@type":"WebSite","@id":"https:\/\/compuviper.mx\/tienda\/#website","url":"https:\/\/compuviper.mx\/tienda\/","name":"Compuviper","description":"Proveedor de Computadoras, Laptops, Servidores, Monitores, Puntos de Venta, Teclados,   Impresoras, T\u00f3ner, C\u00e1maras de Seguridad y m\u00e1s en tu tienda en l\u00ednea","publisher":{"@id":"https:\/\/compuviper.mx\/tienda\/#organization"},"potentialAction":[{"@type":"SearchAction","target":{"@type":"EntryPoint","urlTemplate":"https:\/\/compuviper.mx\/tienda\/?s={search_term_string}"},"query-input":"required name=search_term_string"}],"inLanguage":"es-MX"},{"@type":"Organization","@id":"https:\/\/compuviper.mx\/tienda\/#organization","name":"Compuviper","url":"https:\/\/compuviper.mx\/tienda\/","logo":{"@type":"ImageObject","inLanguage":"es-MX","@id":"https:\/\/compuviper.mx\/tienda\/#\/schema\/logo\/image\/","url":"https:\/\/compuviper.mx\/tienda\/wp-content\/uploads\/2021\/08\/Logo-Compuviper-10.png","contentUrl":"https:\/\/compuviper.mx\/tienda\/wp-content\/uploads\/2021\/08\/Logo-Compuviper-10.png","width":1000,"height":500,"caption":"Compuviper"},"image":{"@id":"https:\/\/compuviper.mx\/tienda\/#\/schema\/logo\/image\/"},"sameAs":["https:\/\/www.facebook.com\/compuviper","https:\/\/www.youtube.com\/channel\/UCf73dERp9Y3cfOq7q8BhLjA?view_as=subscriber"]}]},"product_brand":"LOGITECH","product_price_amount":"17387","product_price_currency":"MXN","og_availability":"out of stock","product_availability":"out of stock","product_retailer_item_id":"952-000188","product_condition":"new"},"_links":{"self":[{"href":"https:\/\/compuviper.mx\/tienda\/wp-json\/wp\/v2\/product\/250332"}],"collection":[{"href":"https:\/\/compuviper.mx\/tienda\/wp-json\/wp\/v2\/product"}],"about":[{"href":"https:\/\/compuviper.mx\/tienda\/wp-json\/wp\/v2\/types\/product"}],"replies":[{"embeddable":true,"href":"https:\/\/compuviper.mx\/tienda\/wp-json\/wp\/v2\/comments?post=250332"}],"wp:featuredmedia":[{"embeddable":true,"href":"https:\/\/compuviper.mx\/tienda\/wp-json\/wp\/v2\/media\/258786"}],"wp:attachment":[{"href":"https:\/\/compuviper.mx\/tienda\/wp-json\/wp\/v2\/media?parent=250332"}],"wp:term":[{"taxonomy":"product_cat","embeddable":true,"href":"https:\/\/compuviper.mx\/tienda\/wp-json\/wp\/v2\/product_cat?post=250332"},{"taxonomy":"product_tag","embeddable":true,"href":"https:\/\/compuviper.mx\/tienda\/wp-json\/wp\/v2\/product_tag?post=250332"}],"curies":[{"name":"wp","href":"https:\/\/api.w.org\/{rel}","templated":true}]}}