{"id":250295,"date":"2026-04-11T01:14:23","date_gmt":"2026-04-11T07:14:23","guid":{"rendered":"https:\/\/compuviper.mx\/tienda\/producto\/apple-mc9w4cl-a-ipad-air-11-chip-m3-wi-fi-128gb-gris-espacial\/"},"modified":"2026-04-11T01:14:24","modified_gmt":"2026-04-11T07:14:24","slug":"apple-mc9w4cl-a-ipad-air-11-chip-m3-wi-fi-128gb-gris-espacial","status":"publish","type":"product","link":"https:\/\/compuviper.mx\/tienda\/producto\/apple-mc9w4cl-a-ipad-air-11-chip-m3-wi-fi-128gb-gris-espacial\/","title":{"rendered":"Apple Mc9w4cl\/a Ipad Air 11 Chip M3\/ Wi-fi\/ 128gb\/ Gris Espacial"},"content":{"rendered":"<table class=\"descripcion\">\n<tr>\n<td>11 and #8243;<\/td>\n<\/tr>\n<tr>\n<td>Pantalla liquid retina<\/td>\n<\/tr>\n<tr>\n<td>Amplia gama de colores p3<\/td>\n<\/tr>\n<tr>\n<td>True tone<\/td>\n<\/tr>\n<tr>\n<td>Revestimiento antirreflejo<\/td>\n<\/tr>\n<tr>\n<td>Chip m3<\/td>\n<\/tr>\n<tr>\n<td>Cpu de 8 n\u00facleos<\/td>\n<\/tr>\n<tr>\n<td>Gpu de 9 n\u00facleos<\/td>\n<\/tr>\n<tr>\n<td>Neural engine de 16 n\u00facleos<\/td>\n<\/tr>\n<tr>\n<td>Apple intelligence<\/td>\n<\/tr>\n<tr>\n<td>C\u00e1mara gran angular de 12 mp<\/td>\n<\/tr>\n<tr>\n<td>Video 4k<\/td>\n<\/tr>\n<tr>\n<td>C\u00e1mara 12mp center stage en horizontal<\/td>\n<\/tr>\n<tr>\n<td>Encuadre centrado<\/td>\n<\/tr>\n<tr>\n<td>Conector usb c<\/td>\n<\/tr>\n<tr>\n<td>Touch id en el bot\u00f3n superior<\/td>\n<\/tr>\n<tr>\n<td>Bocinas est\u00e9reo en horizontal<\/td>\n<\/tr>\n<tr>\n<td>Dos micr\u00f3fonos<\/td>\n<\/tr>\n<tr>\n<td>Wi-fi 6e<\/td>\n<\/tr>\n<tr>\n<td>Red 5g<\/td>\n<\/tr>\n<tr>\n<td>Compatible con el apple pencil pro<\/td>\n<\/tr>\n<tr>\n<td>Compatible con el apple pencil<\/td>\n<\/tr>\n<tr>\n<td>(usb c)<\/td>\n<\/tr>\n<tr>\n<td>Compatible con el magic keyboard<\/td>\n<\/tr>\n<tr>\n<td>Para el ipad air<\/td>\n<\/tr>\n<tr>\n<td>Capacidad<\/td>\n<\/tr>\n<tr>\n<td>128 gb<\/td>\n<\/tr>\n<tr>\n<td>Tama\u00f1o y peso<\/td>\n<\/tr>\n<tr>\n<td>Alto247.6 mm<\/td>\n<\/tr>\n<tr>\n<td>Ancho178.5 mm<\/td>\n<\/tr>\n<tr>\n<td>Grosor6.1 mm<\/td>\n<\/tr>\n<tr>\n<td>Peso (wi fi)<\/td>\n<\/tr>\n<tr>\n<td>460 g<\/td>\n<\/tr>\n<tr>\n<td>Pantalla<\/td>\n<\/tr>\n<tr>\n<td>Pantalla liquid retina<\/td>\n<\/tr>\n<tr>\n<td>Pantalla multi-touch retroiluminada por led con tecnolog\u00eda ips<\/td>\n<\/tr>\n<tr>\n<td>Resoluci\u00f3n de 2360 x 1640 a 264 ppi<\/td>\n<\/tr>\n<tr>\n<td>Brillo sdr m\u00e1ximo de 500 nits<\/td>\n<\/tr>\n<tr>\n<td>Revestimiento oleof\u00f3bico resistente a huellas digitales<\/td>\n<\/tr>\n<tr>\n<td>Totalmente laminada<\/td>\n<\/tr>\n<tr>\n<td>Revestimiento antirreflejo<\/td>\n<\/tr>\n<tr>\n<td>Amplia gama de colores (p3)<\/td>\n<\/tr>\n<tr>\n<td>True tone<\/td>\n<\/tr>\n<tr>\n<td>Puntero flotante para el apple pencil<\/td>\n<\/tr>\n<tr>\n<td>Chip<\/td>\n<\/tr>\n<tr>\n<td>Chip m3 de apple<\/td>\n<\/tr>\n<tr>\n<td>Cpu de 8 n\u00facleos con 4 n\u00facleos de rendimiento y 4 de eficiencia<\/td>\n<\/tr>\n<tr>\n<td>Gpu de 9 n\u00facleos<\/td>\n<\/tr>\n<tr>\n<td>Trazado de rayos acelerado por hardware<\/td>\n<\/tr>\n<tr>\n<td>Neural engine de 16 n\u00facleos<\/td>\n<\/tr>\n<tr>\n<td>100 gb\/s de ancho de banda de memoria<\/td>\n<\/tr>\n<tr>\n<td>8 gb de ram<\/td>\n<\/tr>\n<tr>\n<td>Motor multimedia<\/td>\n<\/tr>\n<tr>\n<td>8k hevc, 4k h.264, prores y prores raw con aceleraci\u00f3n por hardware<\/td>\n<\/tr>\n<tr>\n<td>Motor de decodificaci\u00f3n de video<\/td>\n<\/tr>\n<tr>\n<td>Motor de codificaci\u00f3n de video<\/td>\n<\/tr>\n<tr>\n<td>Motor de codificaci\u00f3n y decodificaci\u00f3n prores<\/td>\n<\/tr>\n<tr>\n<td>Motor de decodificaci\u00f3n av1<\/td>\n<\/tr>\n<tr>\n<td>Apple intelligence<\/td>\n<\/tr>\n<tr>\n<td>Apple intelligence es un sistema de inteligencia personal que te ayuda a escribir, expresarte y hacer de todo con mucha facilidad. y las avanzadas protecciones de privacidad te dan la tranquilidad de saber que nadie m\u00e1s podr\u00e1 acceder a tus datos. ni siquiera apple.<\/td>\n<\/tr>\n<tr>\n<td>Energ\u00eda y bater\u00eda<\/td>\n<\/tr>\n<tr>\n<td>Hasta 10 horas para navegar por internet a trav\u00e9s de wi-fi o ver videos<\/td>\n<\/tr>\n<tr>\n<td>Hasta 9 horas para navegar por internet usando una red de datos celulares<\/td>\n<\/tr>\n<tr>\n<td>Carga mediante el conector usb c con una computadora o un adaptador de corriente<\/td>\n<\/tr>\n<tr>\n<td>Apple pencil<\/td>\n<\/tr>\n<tr>\n<td>Compatible con el apple pencil pro<\/td>\n<\/tr>\n<tr>\n<td>Se enlaza y carga de forma inal\u00e1mbrica<\/td>\n<\/tr>\n<tr>\n<td>Se adhiere magn\u00e9ticamente<\/td>\n<\/tr>\n<tr>\n<td>Precisi\u00f3n incre\u00edble<\/td>\n<\/tr>\n<tr>\n<td>Baja latencia<\/td>\n<\/tr>\n<tr>\n<td>Sensible a la inclinaci\u00f3n<\/td>\n<\/tr>\n<tr>\n<td>Sensible a la presi\u00f3n<\/td>\n<\/tr>\n<tr>\n<td>Toca dos veces para cambiar de herramienta<\/td>\n<\/tr>\n<tr>\n<td>Funcionalidad apretar<\/td>\n<\/tr>\n<tr>\n<td>Funcionalidad girar<\/td>\n<\/tr>\n<tr>\n<td>Respuesta h\u00e1ptica<\/td>\n<\/tr>\n<tr>\n<td>Compatible con la app encontrar<\/td>\n<\/tr>\n<tr>\n<td>Grabado gratuito<\/td>\n<\/tr>\n<tr>\n<td>Compatible con el apple pencil (usb c)<\/td>\n<\/tr>\n<tr>\n<td>Se enlaza y carga v\u00eda usb-c<\/td>\n<\/tr>\n<tr>\n<td>Se adhiere magn\u00e9ticamente<\/td>\n<\/tr>\n<tr>\n<td>Precisi\u00f3n incre\u00edble<\/td>\n<\/tr>\n<tr>\n<td>Baja latencia<\/td>\n<\/tr>\n<tr>\n<td>Sensible a la inclinaci\u00f3n<\/td>\n<\/tr>\n<tr>\n<td>Teclados<\/td>\n<\/tr>\n<tr>\n<td>Compatible con el magic keyboard para el ipad air<\/td>\n<\/tr>\n<tr>\n<td>Dise\u00f1o flotante<\/td>\n<\/tr>\n<tr>\n<td>Mecanismo de tijera con recorrido de 1 mm<\/td>\n<\/tr>\n<tr>\n<td>Trackpad<\/td>\n<\/tr>\n<tr>\n<td>Fila de 14 teclas de funci\u00f3n<\/td>\n<\/tr>\n<tr>\n<td>Conector usb c para cargar el ipad<\/td>\n<\/tr>\n<tr>\n<td>C\u00e1mara<\/td>\n<\/tr>\n<tr>\n<td>C\u00e1mara gran angular de 12 mp<\/td>\n<\/tr>\n<tr>\n<td>Apertura de \u0083\/1.8<\/td>\n<\/tr>\n<tr>\n<td>Zoom digital de hasta 5x<\/td>\n<\/tr>\n<tr>\n<td>Hdr inteligente 4 para fotos<\/td>\n<\/tr>\n<tr>\n<td>Grabaci\u00f3n de video<\/td>\n<\/tr>\n<tr>\n<td>Grabaci\u00f3n de video 4k a 24 cps, 25 cps, 30 cps o 60 cps<\/td>\n<\/tr>\n<tr>\n<td>Grabaci\u00f3n de video hd de 1080p a 25 cps, 30 cps o 60 cps<\/td>\n<\/tr>\n<tr>\n<td>Rango din\u00e1mico extendido para grabaci\u00f3n de video a un m\u00e1ximo de 30 cps<\/td>\n<\/tr>\n<tr>\n<td>Zoom de video de 3x<\/td>\n<\/tr>\n<tr>\n<td>Video en c\u00e1mara lenta de 1080p a 120 cps o 240 cps<\/td>\n<\/tr>\n<tr>\n<td>Video en c\u00e1mara r\u00e1pida con estabilizaci\u00f3n<\/td>\n<\/tr>\n<tr>\n<td>C\u00e1mara frontal<\/td>\n<\/tr>\n<tr>\n<td>C\u00e1mara 12mp center stage en horizontal<\/td>\n<\/tr>\n<tr>\n<td>Fotos de 12 mp<\/td>\n<\/tr>\n<tr>\n<td>Apertura de \u0083\/2.0<\/td>\n<\/tr>\n<tr>\n<td>Zoom de 2x para alejar<\/td>\n<\/tr>\n<tr>\n<td>Encuadre centrado<\/td>\n<\/tr>\n<tr>\n<td>Retina flash con true tone<\/td>\n<\/tr>\n<tr>\n<td>Retina flash<\/td>\n<\/tr>\n<tr>\n<td>Hdr inteligente 4 para fotos<\/td>\n<\/tr>\n<tr>\n<td>Rango din\u00e1mico extendido para grabaci\u00f3n de video a un m\u00e1ximo de 30 cps<\/td>\n<\/tr>\n<tr>\n<td>Estabilizaci\u00f3n cinem\u00e1tica de video<\/td>\n<\/tr>\n<tr>\n<td>Grabaci\u00f3n de video hd de 1080p a 25 cps, 30 cps o 60 cps<\/td>\n<\/tr>\n<tr>\n<td>Audio<\/td>\n<\/tr>\n<tr>\n<td>Bocinas est\u00e9reo en horizontal<\/td>\n<\/tr>\n<tr>\n<td>Dos micr\u00f3fonos<\/td>\n<\/tr>\n<tr>\n<td>Autenticaci\u00f3n segura<\/td>\n<\/tr>\n<tr>\n<td>Touch id<\/td>\n<\/tr>\n<tr>\n<td>Sensor de huellas digitales integrado en el bot\u00f3n superior<\/td>\n<\/tr>\n<tr>\n<td>Apple pay<\/td>\n<\/tr>\n<tr>\n<td>Paga con tu ipad usando touch id en apps y en sitios web<\/td>\n<\/tr>\n<tr>\n<td>Siri<\/td>\n<\/tr>\n<tr>\n<td>Recibe ayuda en las tareas de todos los d\u00edas, como mandar mensajes, programar recordatorios y m\u00e1s<\/td>\n<\/tr>\n<tr>\n<td>Act\u00edvalo con s\u00f3lo decir \u0093oye siri\u0094<\/td>\n<\/tr>\n<tr>\n<td>El asistente inteligente que m\u00e1s cuida tu privacidad<\/td>\n<\/tr>\n<tr>\n<td>Gracias a apple intelligence, siri ahora es m\u00e1s natural, m\u00e1s relevante seg\u00fan el contexto y m\u00e1s personal<\/td>\n<\/tr>\n<tr>\n<td>Conexi\u00f3n celular e inal\u00e1mbrica<\/td>\n<\/tr>\n<tr>\n<td>Todos los modelos<\/td>\n<\/tr>\n<tr>\n<td>Wi fi 6e<\/td>\n<\/tr>\n<tr>\n<td>Mimo<\/td>\n<\/tr>\n<tr>\n<td>Bluetooth 5.3<\/td>\n<\/tr>\n<tr>\n<td>Tarjeta sim<\/td>\n<\/tr>\n<tr>\n<td>Esim<\/td>\n<\/tr>\n<tr>\n<td>Compatible con tecnolog\u00eda esim avanzada para mayor seguridad y comodidad (no es compatible con tarjetas sim f\u00edsicas)<\/td>\n<\/tr>\n<tr>\n<td>Conector<\/td>\n<\/tr>\n<tr>\n<td>Usb c<\/td>\n<\/tr>\n<tr>\n<td>Smart connector (parte posterior)<\/td>\n<\/tr>\n<tr>\n<td>Sensores<\/td>\n<\/tr>\n<tr>\n<td>Touch id<\/td>\n<\/tr>\n<tr>\n<td>Giroscopio de tres ejes<\/td>\n<\/tr>\n<tr>\n<td>Aceler\u00f3metro<\/td>\n<\/tr>\n<tr>\n<td>Sensor de luz ambiental<\/td>\n<\/tr>\n<tr>\n<td>Bar\u00f3metro<\/td>\n<\/tr>\n<\/table>\n","protected":false},"excerpt":{"rendered":"<p>Ipad air, vuela ligero?. Nuevo ipad air. Con el proderoso chip m3 de apple. Preparado para hacer de todo. Dise\u00f1ado para appe intelligence. El chip m3 es el motor detr\u00e1s de apple intelligence. Hace volar al ipad air a una velocidad sorprendente y con un rendimiento descomunal. Gracias a sus potentes cpu, gpu y neural engine, es casi 2 veces m\u00e1s r\u00e1pido que el ipad air con chip m1.  La arquitectura del gpu ofrece gr\u00e1ficos avanzados hagas lo que hagas, ya sea trabajar, crear, jugar o ver contenido en streaming. Todo esto con una eficiencia asombrosa para que la bater\u00eda te acompa\u00f1e todo el d\u00eda.<\/p>\n","protected":false},"featured_media":260282,"comment_status":"open","ping_status":"open","template":"","meta":[],"product_cat":[1758,1763],"product_tag":[1585],"acf":[],"yoast_head":"<!-- This site is optimized with the Yoast SEO plugin v21.7 - https:\/\/yoast.com\/wordpress\/plugins\/seo\/ -->\n<title>[ Apple ] &#129351; Mc9w4cl\/a Ipad Air 11 Chip M3\/ Wi-fi\/ 128gb\/ Gris Espacial<\/title>\n<meta name=\"description\" content=\"Compra Mc9w4cl\/a Ipad Air 11 Chip M3\/ Wi-fi\/ 128gb\/ Gris Espacial + Env\u00edo a domicilio + Pago seguro + Garant\u00eda\" \/>\n<meta name=\"robots\" content=\"index, follow, max-snippet:-1, max-image-preview:large, max-video-preview:-1\" \/>\n<link rel=\"canonical\" href=\"https:\/\/compuviper.mx\/tienda\/producto\/apple-mc9w4cl-a-ipad-air-11-chip-m3-wi-fi-128gb-gris-espacial\/\" \/>\n<meta property=\"og:locale\" content=\"es_MX\" \/>\n<meta property=\"og:type\" content=\"article\" \/>\n<meta property=\"og:title\" content=\"[ Apple ] &#129351; Mc9w4cl\/a Ipad Air 11 Chip M3\/ Wi-fi\/ 128gb\/ Gris Espacial\" \/>\n<meta property=\"og:description\" content=\"Compra Mc9w4cl\/a Ipad Air 11 Chip M3\/ Wi-fi\/ 128gb\/ Gris Espacial + Env\u00edo a domicilio + Pago seguro + Garant\u00eda\" \/>\n<meta property=\"og:url\" content=\"https:\/\/compuviper.mx\/tienda\/producto\/apple-mc9w4cl-a-ipad-air-11-chip-m3-wi-fi-128gb-gris-espacial\/\" \/>\n<meta property=\"og:site_name\" content=\"Compuviper\" \/>\n<meta property=\"article:publisher\" content=\"https:\/\/www.facebook.com\/compuviper\" \/>\n<meta property=\"article:modified_time\" content=\"2026-04-11T07:14:24+00:00\" \/>\n<meta property=\"og:image\" content=\"https:\/\/compuviper.mx\/tienda\/wp-content\/uploads\/2025\/10\/Ipad-air-11-chip-m3-wi-fi-128gb-gris-espacial.jpg\" \/>\n\t<meta property=\"og:image:width\" content=\"200\" \/>\n\t<meta property=\"og:image:height\" content=\"200\" \/>\n\t<meta property=\"og:image:type\" content=\"image\/jpeg\" \/>\n<meta name=\"twitter:card\" content=\"summary_large_image\" \/>\n<meta name=\"twitter:label1\" content=\"Precio\" \/>\n\t<meta name=\"twitter:data1\" content=\"&#36;13,594 con IVA\" \/>\n\t<meta name=\"twitter:label2\" content=\"Availability\" \/>\n\t<meta name=\"twitter:data2\" content=\"In stock\" \/>\n<script type=\"application\/ld+json\" class=\"yoast-schema-graph\">{\"@context\":\"https:\/\/schema.org\",\"@graph\":[{\"@type\":\"WebPage\",\"@id\":\"https:\/\/compuviper.mx\/tienda\/producto\/apple-mc9w4cl-a-ipad-air-11-chip-m3-wi-fi-128gb-gris-espacial\/\",\"url\":\"https:\/\/compuviper.mx\/tienda\/producto\/apple-mc9w4cl-a-ipad-air-11-chip-m3-wi-fi-128gb-gris-espacial\/\",\"name\":\"[ Apple ] &#129351; Mc9w4cl\/a Ipad Air 11 Chip M3\/ Wi-fi\/ 128gb\/ Gris Espacial\",\"isPartOf\":{\"@id\":\"https:\/\/compuviper.mx\/tienda\/#website\"},\"datePublished\":\"2026-04-11T07:14:23+00:00\",\"dateModified\":\"2026-04-11T07:14:24+00:00\",\"description\":\"Compra Mc9w4cl\/a Ipad Air 11 Chip M3\/ Wi-fi\/ 128gb\/ Gris Espacial + Env\u00edo a domicilio + Pago seguro + Garant\u00eda\",\"breadcrumb\":{\"@id\":\"https:\/\/compuviper.mx\/tienda\/producto\/apple-mc9w4cl-a-ipad-air-11-chip-m3-wi-fi-128gb-gris-espacial\/#breadcrumb\"},\"inLanguage\":\"es-MX\",\"potentialAction\":[{\"@type\":\"ReadAction\",\"target\":[\"https:\/\/compuviper.mx\/tienda\/producto\/apple-mc9w4cl-a-ipad-air-11-chip-m3-wi-fi-128gb-gris-espacial\/\"]}]},{\"@type\":\"BreadcrumbList\",\"@id\":\"https:\/\/compuviper.mx\/tienda\/producto\/apple-mc9w4cl-a-ipad-air-11-chip-m3-wi-fi-128gb-gris-espacial\/#breadcrumb\",\"itemListElement\":[{\"@type\":\"ListItem\",\"position\":1,\"name\":\"Inicio\",\"item\":\"https:\/\/compuviper.mx\/tienda\/\"},{\"@type\":\"ListItem\",\"position\":2,\"name\":\"Productos\",\"item\":\"https:\/\/compuviper.mx\/tienda\/productos\/\"},{\"@type\":\"ListItem\",\"position\":3,\"name\":\"Tabletas\",\"item\":\"https:\/\/compuviper.mx\/tienda\/categoria-producto\/tabletas\/\"},{\"@type\":\"ListItem\",\"position\":4,\"name\":\"Sin Categor\u00eda\",\"item\":\"https:\/\/compuviper.mx\/tienda\/categoria-producto\/tabletas\/sin-categoria-tabletas\/\"},{\"@type\":\"ListItem\",\"position\":5,\"name\":\"Apple Mc9w4cl\/a Ipad Air 11 Chip M3\/ Wi-fi\/ 128gb\/ Gris Espacial\"}]},{\"@type\":\"WebSite\",\"@id\":\"https:\/\/compuviper.mx\/tienda\/#website\",\"url\":\"https:\/\/compuviper.mx\/tienda\/\",\"name\":\"Compuviper\",\"description\":\"Proveedor de Computadoras, Laptops, Servidores, Monitores, Puntos de Venta, Teclados,   Impresoras, T\u00f3ner, C\u00e1maras de Seguridad y m\u00e1s en tu tienda en l\u00ednea\",\"publisher\":{\"@id\":\"https:\/\/compuviper.mx\/tienda\/#organization\"},\"potentialAction\":[{\"@type\":\"SearchAction\",\"target\":{\"@type\":\"EntryPoint\",\"urlTemplate\":\"https:\/\/compuviper.mx\/tienda\/?s={search_term_string}\"},\"query-input\":\"required name=search_term_string\"}],\"inLanguage\":\"es-MX\"},{\"@type\":\"Organization\",\"@id\":\"https:\/\/compuviper.mx\/tienda\/#organization\",\"name\":\"Compuviper\",\"url\":\"https:\/\/compuviper.mx\/tienda\/\",\"logo\":{\"@type\":\"ImageObject\",\"inLanguage\":\"es-MX\",\"@id\":\"https:\/\/compuviper.mx\/tienda\/#\/schema\/logo\/image\/\",\"url\":\"https:\/\/compuviper.mx\/tienda\/wp-content\/uploads\/2021\/08\/Logo-Compuviper-10.png\",\"contentUrl\":\"https:\/\/compuviper.mx\/tienda\/wp-content\/uploads\/2021\/08\/Logo-Compuviper-10.png\",\"width\":1000,\"height\":500,\"caption\":\"Compuviper\"},\"image\":{\"@id\":\"https:\/\/compuviper.mx\/tienda\/#\/schema\/logo\/image\/\"},\"sameAs\":[\"https:\/\/www.facebook.com\/compuviper\",\"https:\/\/www.youtube.com\/channel\/UCf73dERp9Y3cfOq7q8BhLjA?view_as=subscriber\"]}]}<\/script>\n<meta property=\"product:brand\" content=\"APPLE\" \/>\n<meta property=\"product:price:amount\" content=\"13594\" \/>\n<meta property=\"product:price:currency\" content=\"MXN\" \/>\n<meta property=\"og:availability\" content=\"instock\" \/>\n<meta property=\"product:availability\" content=\"instock\" \/>\n<meta property=\"product:retailer_item_id\" content=\"MC9W4CL\/A\" \/>\n<meta property=\"product:condition\" content=\"new\" \/>\n<!-- \/ Yoast SEO plugin. -->","yoast_head_json":{"title":"[ Apple ] &#129351; Mc9w4cl\/a Ipad Air 11 Chip M3\/ Wi-fi\/ 128gb\/ Gris Espacial","description":"Compra Mc9w4cl\/a Ipad Air 11 Chip M3\/ Wi-fi\/ 128gb\/ Gris Espacial + Env\u00edo a domicilio + Pago seguro + Garant\u00eda","robots":{"index":"index","follow":"follow","max-snippet":"max-snippet:-1","max-image-preview":"max-image-preview:large","max-video-preview":"max-video-preview:-1"},"canonical":"https:\/\/compuviper.mx\/tienda\/producto\/apple-mc9w4cl-a-ipad-air-11-chip-m3-wi-fi-128gb-gris-espacial\/","og_locale":"es_MX","og_type":"article","og_title":"[ Apple ] &#129351; Mc9w4cl\/a Ipad Air 11 Chip M3\/ Wi-fi\/ 128gb\/ Gris Espacial","og_description":"Compra Mc9w4cl\/a Ipad Air 11 Chip M3\/ Wi-fi\/ 128gb\/ Gris Espacial + Env\u00edo a domicilio + Pago seguro + Garant\u00eda","og_url":"https:\/\/compuviper.mx\/tienda\/producto\/apple-mc9w4cl-a-ipad-air-11-chip-m3-wi-fi-128gb-gris-espacial\/","og_site_name":"Compuviper","article_publisher":"https:\/\/www.facebook.com\/compuviper","article_modified_time":"2026-04-11T07:14:24+00:00","og_image":[{"width":200,"height":200,"url":"https:\/\/compuviper.mx\/tienda\/wp-content\/uploads\/2025\/10\/Ipad-air-11-chip-m3-wi-fi-128gb-gris-espacial.jpg","type":"image\/jpeg"}],"twitter_card":"summary_large_image","twitter_misc":{"Precio":"&#36;13,594 con IVA","Availability":"In stock"},"schema":{"@context":"https:\/\/schema.org","@graph":[{"@type":"WebPage","@id":"https:\/\/compuviper.mx\/tienda\/producto\/apple-mc9w4cl-a-ipad-air-11-chip-m3-wi-fi-128gb-gris-espacial\/","url":"https:\/\/compuviper.mx\/tienda\/producto\/apple-mc9w4cl-a-ipad-air-11-chip-m3-wi-fi-128gb-gris-espacial\/","name":"[ Apple ] &#129351; Mc9w4cl\/a Ipad Air 11 Chip M3\/ Wi-fi\/ 128gb\/ Gris Espacial","isPartOf":{"@id":"https:\/\/compuviper.mx\/tienda\/#website"},"datePublished":"2026-04-11T07:14:23+00:00","dateModified":"2026-04-11T07:14:24+00:00","description":"Compra Mc9w4cl\/a Ipad Air 11 Chip M3\/ Wi-fi\/ 128gb\/ Gris Espacial + Env\u00edo a domicilio + Pago seguro + Garant\u00eda","breadcrumb":{"@id":"https:\/\/compuviper.mx\/tienda\/producto\/apple-mc9w4cl-a-ipad-air-11-chip-m3-wi-fi-128gb-gris-espacial\/#breadcrumb"},"inLanguage":"es-MX","potentialAction":[{"@type":"ReadAction","target":["https:\/\/compuviper.mx\/tienda\/producto\/apple-mc9w4cl-a-ipad-air-11-chip-m3-wi-fi-128gb-gris-espacial\/"]}]},{"@type":"BreadcrumbList","@id":"https:\/\/compuviper.mx\/tienda\/producto\/apple-mc9w4cl-a-ipad-air-11-chip-m3-wi-fi-128gb-gris-espacial\/#breadcrumb","itemListElement":[{"@type":"ListItem","position":1,"name":"Inicio","item":"https:\/\/compuviper.mx\/tienda\/"},{"@type":"ListItem","position":2,"name":"Productos","item":"https:\/\/compuviper.mx\/tienda\/productos\/"},{"@type":"ListItem","position":3,"name":"Tabletas","item":"https:\/\/compuviper.mx\/tienda\/categoria-producto\/tabletas\/"},{"@type":"ListItem","position":4,"name":"Sin Categor\u00eda","item":"https:\/\/compuviper.mx\/tienda\/categoria-producto\/tabletas\/sin-categoria-tabletas\/"},{"@type":"ListItem","position":5,"name":"Apple Mc9w4cl\/a Ipad Air 11 Chip M3\/ Wi-fi\/ 128gb\/ Gris Espacial"}]},{"@type":"WebSite","@id":"https:\/\/compuviper.mx\/tienda\/#website","url":"https:\/\/compuviper.mx\/tienda\/","name":"Compuviper","description":"Proveedor de Computadoras, Laptops, Servidores, Monitores, Puntos de Venta, Teclados,   Impresoras, T\u00f3ner, C\u00e1maras de Seguridad y m\u00e1s en tu tienda en l\u00ednea","publisher":{"@id":"https:\/\/compuviper.mx\/tienda\/#organization"},"potentialAction":[{"@type":"SearchAction","target":{"@type":"EntryPoint","urlTemplate":"https:\/\/compuviper.mx\/tienda\/?s={search_term_string}"},"query-input":"required name=search_term_string"}],"inLanguage":"es-MX"},{"@type":"Organization","@id":"https:\/\/compuviper.mx\/tienda\/#organization","name":"Compuviper","url":"https:\/\/compuviper.mx\/tienda\/","logo":{"@type":"ImageObject","inLanguage":"es-MX","@id":"https:\/\/compuviper.mx\/tienda\/#\/schema\/logo\/image\/","url":"https:\/\/compuviper.mx\/tienda\/wp-content\/uploads\/2021\/08\/Logo-Compuviper-10.png","contentUrl":"https:\/\/compuviper.mx\/tienda\/wp-content\/uploads\/2021\/08\/Logo-Compuviper-10.png","width":1000,"height":500,"caption":"Compuviper"},"image":{"@id":"https:\/\/compuviper.mx\/tienda\/#\/schema\/logo\/image\/"},"sameAs":["https:\/\/www.facebook.com\/compuviper","https:\/\/www.youtube.com\/channel\/UCf73dERp9Y3cfOq7q8BhLjA?view_as=subscriber"]}]},"product_brand":"APPLE","product_price_amount":"13594","product_price_currency":"MXN","og_availability":"instock","product_availability":"instock","product_retailer_item_id":"MC9W4CL\/A","product_condition":"new"},"_links":{"self":[{"href":"https:\/\/compuviper.mx\/tienda\/wp-json\/wp\/v2\/product\/250295"}],"collection":[{"href":"https:\/\/compuviper.mx\/tienda\/wp-json\/wp\/v2\/product"}],"about":[{"href":"https:\/\/compuviper.mx\/tienda\/wp-json\/wp\/v2\/types\/product"}],"replies":[{"embeddable":true,"href":"https:\/\/compuviper.mx\/tienda\/wp-json\/wp\/v2\/comments?post=250295"}],"wp:featuredmedia":[{"embeddable":true,"href":"https:\/\/compuviper.mx\/tienda\/wp-json\/wp\/v2\/media\/260282"}],"wp:attachment":[{"href":"https:\/\/compuviper.mx\/tienda\/wp-json\/wp\/v2\/media?parent=250295"}],"wp:term":[{"taxonomy":"product_cat","embeddable":true,"href":"https:\/\/compuviper.mx\/tienda\/wp-json\/wp\/v2\/product_cat?post=250295"},{"taxonomy":"product_tag","embeddable":true,"href":"https:\/\/compuviper.mx\/tienda\/wp-json\/wp\/v2\/product_tag?post=250295"}],"curies":[{"name":"wp","href":"https:\/\/api.w.org\/{rel}","templated":true}]}}