{"id":250293,"date":"2026-04-16T01:12:53","date_gmt":"2026-04-16T07:12:53","guid":{"rendered":"https:\/\/compuviper.mx\/tienda\/producto\/apple-mw0x3e-a-macbook-air-13-pulgadas-chip-m4-de-con-10cpu-y-10gpu-16gb-512gb-ssd-2-puertos-thunderbolt-4-ad-usb-c-35w-magic-keyboard-con-touch-id-plata\/"},"modified":"2026-04-16T01:12:54","modified_gmt":"2026-04-16T07:12:54","slug":"apple-mw0x3e-a-macbook-air-13-pulgadas-chip-m4-de-con-10cpu-y-10gpu-16gb-512gb-ssd-2-puertos-thunderbolt-4-ad-usb-c-35w-magic-keyboard-con-touch-id-plata","status":"publish","type":"product","link":"https:\/\/compuviper.mx\/tienda\/producto\/apple-mw0x3e-a-macbook-air-13-pulgadas-chip-m4-de-con-10cpu-y-10gpu-16gb-512gb-ssd-2-puertos-thunderbolt-4-ad-usb-c-35w-magic-keyboard-con-touch-id-plata\/","title":{"rendered":"Apple Mw0x3e\/a Macbook Air 13 Pulgadas\/chip M4 De  Con 10cpu Y 10gpu\/16gb\/512gb Ssd\/2 Puertos Thunderbolt 4\/ad Usb-c 35w\/magic Keyboard Con Touch Id\/plata"},"content":{"rendered":"<table class=\"descripcion\">\n<tr>\n<td>Chip<\/td>\n<\/tr>\n<tr>\n<td>Chip m4 de apple<\/td>\n<\/tr>\n<tr>\n<td>\u0095 cpu de 10 n\u00facleos con 4 n\u00facleos de rendimiento y 6 de eficiencia<\/td>\n<\/tr>\n<tr>\n<td>\u0095 gpu de 10 n\u00facleos<\/td>\n<\/tr>\n<tr>\n<td>\u0095 trazado de rayos acelerado por hardware<\/td>\n<\/tr>\n<tr>\n<td>\u0095 neural engine de 16 n\u00facleos<\/td>\n<\/tr>\n<tr>\n<td>\u0095 120 gb\/s de ancho de banda de memoria<\/td>\n<\/tr>\n<tr>\n<td>Motor multimedia<\/td>\n<\/tr>\n<tr>\n<td>\u0095 h.264, hevc, prores y prores raw con aceleraci\u00f3n por hardware<\/td>\n<\/tr>\n<tr>\n<td>\u0095 motor de decodificaci\u00f3n de video<\/td>\n<\/tr>\n<tr>\n<td>\u0095 motor de codificaci\u00f3n de video<\/td>\n<\/tr>\n<tr>\n<td>\u0095 motor de codificaci\u00f3n y decodificaci\u00f3n prores<\/td>\n<\/tr>\n<tr>\n<td>\u0095 decodificaci\u00f3n av1<\/td>\n<\/tr>\n<tr>\n<td>Apple intelligence<\/td>\n<\/tr>\n<tr>\n<td>Apple intelligence es un sistema de inteligencia personal que te ayuda a escribir, expresarte y hacer de todo con mucha facilidad. y las avanzadas protecciones de privacidad te dan la tranquilidad de saber que nadie m\u00e1s podr\u00e1 acceder a tus datos. ni siquiera apple.<\/td>\n<\/tr>\n<tr>\n<td>Pantalla<\/td>\n<\/tr>\n<tr>\n<td>Pantalla liquid retina<\/td>\n<\/tr>\n<tr>\n<td>\u0095 pantalla de 13.6 pulgadas (diagonal) retroiluminada por led con tecnolog\u00eda ips; resoluci\u00f3n nativa de 2560 x 1664 a 224 pixeles por pulgada<\/td>\n<\/tr>\n<tr>\n<td>\u0095 brillo de 500 nits<\/td>\n<\/tr>\n<tr>\n<td>Colores<\/td>\n<\/tr>\n<tr>\n<td>\u0095 compatible con 1,000 millones de colores<\/td>\n<\/tr>\n<tr>\n<td>\u0095 amplia gama de colores (p3)<\/td>\n<\/tr>\n<tr>\n<td>\u0095 tecnolog\u00eda true tone<\/td>\n<\/tr>\n<tr>\n<td>Memoria<\/td>\n<\/tr>\n<tr>\n<td>16 gb de memoria unificada<\/td>\n<\/tr>\n<tr>\n<td>Bater\u00eda y energ\u00eda<\/td>\n<\/tr>\n<tr>\n<td>\u0095 hasta 18 horas de reproducci\u00f3n de video en streaming<\/td>\n<\/tr>\n<tr>\n<td>\u0095 hasta 15 horas de navegaci\u00f3n web inal\u00e1mbrica<\/td>\n<\/tr>\n<tr>\n<td>\u0095 bater\u00eda de pol\u00edmero de litio integrada de 53.8 wh<\/td>\n<\/tr>\n<tr>\n<td>\u0095 adaptador de corriente usb c de 30 w (incluido en el modelo con chip m4 con gpu de 8 n\u00facleos)<\/td>\n<\/tr>\n<tr>\n<td>\u0095 adaptador de corriente compacto de 35 w con dos puertos usb c (incluido en el modelo con chip m4 con gpu de 10 n\u00facleos; opcional en el modelo con chip m4 con gpu de 8 n\u00facleos)<\/td>\n<\/tr>\n<tr>\n<td>\u0095 cable de usb c a magsafe 3<\/td>\n<\/tr>\n<tr>\n<td>\u0095 carga r\u00e1pida con el adaptador de corriente usb c de 70 w<\/td>\n<\/tr>\n<tr>\n<td>Almacenamiento<\/td>\n<\/tr>\n<tr>\n<td>Ssd de 512 gb<\/td>\n<\/tr>\n<tr>\n<td>Carga y expansi\u00f3n<\/td>\n<\/tr>\n<tr>\n<td>Puerto de carga magsafe 3<\/td>\n<\/tr>\n<tr>\n<td>Entrada de 3.5 mm para aud\u00edfonos<\/td>\n<\/tr>\n<tr>\n<td>Dos puertos thunderbolt 4 (usb c) compatibles con:<\/td>\n<\/tr>\n<tr>\n<td>\u0095 carga<\/td>\n<\/tr>\n<tr>\n<td>\u0095 displayport<\/td>\n<\/tr>\n<tr>\n<td>\u0095 thunderbolt 4 (hasta 40 gb\/s)<\/td>\n<\/tr>\n<tr>\n<td>\u0095 usb 4 (hasta 40 gb\/s)<\/td>\n<\/tr>\n<tr>\n<td>Compatibilidad con monitores<\/td>\n<\/tr>\n<tr>\n<td>\u0095 es compatible simult\u00e1neamente con la resoluci\u00f3n nativa de la pantalla integrada en 1,000 millones de colores y:<\/td>\n<\/tr>\n<tr>\n<td>\u0095 hasta dos monitores externos con resoluci\u00f3n de hasta 6k a 60 hz<\/td>\n<\/tr>\n<tr>\n<td>\u0095 salida de video digital thunderbolt 4<\/td>\n<\/tr>\n<tr>\n<td>\u0095 compatible con salida displayport 1.4 nativa a trav\u00e9s de usb c<\/td>\n<\/tr>\n<tr>\n<td>Reproducci\u00f3n de video<\/td>\n<\/tr>\n<tr>\n<td>\u0095 los formatos compatibles incluyen hevc, h.264, av1 y prores<\/td>\n<\/tr>\n<tr>\n<td>\u0095 hdr con dolby vision, hdr10+\/hdr10 y hlg<\/td>\n<\/tr>\n<tr>\n<td>Reproducci\u00f3n de audio<\/td>\n<\/tr>\n<tr>\n<td>Los formatos compatibles incluyen aac, mp3, apple lossless, flac,<\/td>\n<\/tr>\n<tr>\n<td>Dolby digital, dolby digital plus y dolby atmos<\/td>\n<\/tr>\n<tr>\n<td>Teclado y trackpad<\/td>\n<\/tr>\n<tr>\n<td>Magic keyboard retroiluminado con:<\/td>\n<\/tr>\n<tr>\n<td>\u0095 78 (ee.uu.) o 79 (iso) teclas, incluidas 12 teclas de funci\u00f3n de altura est\u00e1ndar y 4 teclas de flecha en forma de \u0093t\u0094 invertida<\/td>\n<\/tr>\n<tr>\n<td>\u0095 touch id<\/td>\n<\/tr>\n<tr>\n<td>\u0095 sensor de luz ambiental<\/td>\n<\/tr>\n<tr>\n<td>\u0095 trackpad force touch con control preciso del cursor y sensibilidad a la presi\u00f3n. permite clics fuertes, aceleradores, trazos sensibles a la presi\u00f3n y gestos multi touch<\/td>\n<\/tr>\n<tr>\n<td>Conexi\u00f3n inal\u00e1mbrica<\/td>\n<\/tr>\n<tr>\n<td>\u0095 wi fi 6e (802.11ax)<\/td>\n<\/tr>\n<tr>\n<td>\u0095 bluetooth 5.3<\/td>\n<\/tr>\n<tr>\n<td>C\u00e1mara<\/td>\n<\/tr>\n<tr>\n<td>\u0095 c\u00e1mara 12mp center stage compatible con vista del escritorio<\/td>\n<\/tr>\n<tr>\n<td>\u0095 grabaci\u00f3n de video hd de 1080p<\/td>\n<\/tr>\n<tr>\n<td>\u0095 procesador de se\u00f1al de imagen avanzado con video computacional<\/td>\n<\/tr>\n<tr>\n<td>Audio<\/td>\n<\/tr>\n<tr>\n<td>\u0095 sistema de sonido de cuatro bocinas<\/td>\n<\/tr>\n<tr>\n<td>\u0095 compatible con audio espacial al reproducir m\u00fasica o video con dolby atmos en las bocinas integradas<\/td>\n<\/tr>\n<tr>\n<td>\u0095 audio espacial con seguimiento din\u00e1mico de la cabeza al usar los modelos compatibles de airpods, airpods pro y airpods max<\/td>\n<\/tr>\n<tr>\n<td>\u0095 sistema de tres micr\u00f3fonos con tecnolog\u00eda beamforming direccional<\/td>\n<\/tr>\n<tr>\n<td>\u0095 modos de micr\u00f3fono: aislamiento de voz y espectro amplio<\/td>\n<\/tr>\n<tr>\n<td>\u0095 claridad de la voz mejorada en llamadas de audio y video<\/td>\n<\/tr>\n<tr>\n<td>\u0095 entrada de 3.5 mm para aud\u00edfonos, con compatibilidad avanzada para aud\u00edfonos de alta impedancia<\/td>\n<\/tr>\n<tr>\n<td>Tama\u00f1o y peso<\/td>\n<\/tr>\n<tr>\n<td>\u0095 grosor: 1.13 cm<\/td>\n<\/tr>\n<tr>\n<td>\u0095 ancho: 30.41 cm<\/td>\n<\/tr>\n<tr>\n<td>\u0095 profundidad: 21.50 cm<\/td>\n<\/tr>\n<tr>\n<td>\u0095 peso: 1.24 kg<\/td>\n<\/tr>\n<tr>\n<td>Sistema operativo<\/td>\n<\/tr>\n<tr>\n<td>Macos<\/td>\n<\/tr>\n<tr>\n<td>Macos es el sistema operativo para computadoras de escritorio m\u00e1s avanzado del mundo. y macos sequoia ofrece nuevas formas de potenciar tu productividad y creatividad con apple intelligence1, duplicaci\u00f3n del iphone, ventanas en mosaico, importantes actualizaciones en safari y mucho m\u00e1s.<\/td>\n<\/tr>\n<tr>\n<td>En la caja<\/td>\n<\/tr>\n<tr>\n<td>\u0095 macbook air de 13 pulgadas<\/td>\n<\/tr>\n<tr>\n<td>\u0095 adaptador de corriente usb c de 30 w<\/td>\n<\/tr>\n<tr>\n<td>(chip m4 con gpu de 8 n\u00facleos)<\/td>\n<\/tr>\n<tr>\n<td>O<\/td>\n<\/tr>\n<tr>\n<td>Adaptador de corriente compacto de 35 w con dos puertos usb c<\/td>\n<\/tr>\n<tr>\n<td>(chip m4 con gpu de 10 n\u00facleos)<\/td>\n<\/tr>\n<tr>\n<td>\u0095 cable de usb c a magsafe 3<\/td>\n<\/tr>\n<tr>\n<td>(2 m)<\/td>\n<\/tr>\n<tr>\n<td>Garant\u00eda limitada y servicio t\u00e9cnico<\/td>\n<\/tr>\n<tr>\n<td>Tu mac viene con 90 d\u00edas de soporte t\u00e9cnico gratuito y garant\u00eda limitada de un a\u00f1o. contrata el applecare+ para mac para extender tu cobertura a tres a\u00f1os a partir de la fecha de compra del applecare+ y obt\u00e9n reparaciones ilimitadas por da\u00f1os accidentales originados por el manejo, cada una sujeta a un cargo de servicio de $1,899 por da\u00f1o de pantalla o estructura externa, o de $6,499 por cualquier otro da\u00f1o accidental reparable.<\/td>\n<\/tr>\n<\/table>\n","protected":false},"excerpt":{"rendered":"<p>Macbook air. Velocidad en el aire. Dise\u00f1ada para apple intelligence. La macbook air con chip m4 te da la velocidad que necesitas para volar en todo lo que hagas. Tiene una bater\u00eda que dura hasta 18 horas. Est\u00e1 dise\u00f1ada para apple intelligence, que te ayuda a hacer de todo con mucha facilidad. Y como es superport\u00e1til, te sigue adonde vayas y est\u00e1 lista para enfrentarse a lo que sea.<\/p>\n","protected":false},"featured_media":260280,"comment_status":"open","ping_status":"open","template":"","meta":[],"product_cat":[1886,1887],"product_tag":[1585],"acf":[],"yoast_head":"<!-- This site is optimized with the Yoast SEO plugin v21.7 - https:\/\/yoast.com\/wordpress\/plugins\/seo\/ -->\n<title>[ Apple ] &#129351; Mw0x3e\/a Macbook Air 13 Pulgadas\/chip M4 De Con 10cpu Y 10gpu\/16gb\/512gb Ssd\/2 Puertos Thunderbolt 4\/ad Usb-c 35w\/magic Keyboard Con Touch Id\/plata<\/title>\n<meta name=\"description\" content=\"Compra Mw0x3e\/a Macbook Air 13 Pulgadas\/chip M4 De Con 10cpu Y 10gpu\/16gb\/512gb Ssd\/2 Puertos Thunderbolt 4\/ad Usb-c 35w\/magic Keyboard Con Touch Id\/plata + Env\u00edo a domicilio + Pago seguro + Garant\u00eda\" \/>\n<meta name=\"robots\" content=\"index, follow, max-snippet:-1, max-image-preview:large, max-video-preview:-1\" \/>\n<link rel=\"canonical\" href=\"https:\/\/compuviper.mx\/tienda\/producto\/apple-mw0x3e-a-macbook-air-13-pulgadas-chip-m4-de-con-10cpu-y-10gpu-16gb-512gb-ssd-2-puertos-thunderbolt-4-ad-usb-c-35w-magic-keyboard-con-touch-id-plata\/\" \/>\n<meta property=\"og:locale\" content=\"es_MX\" \/>\n<meta property=\"og:type\" content=\"article\" \/>\n<meta property=\"og:title\" content=\"[ Apple ] &#129351; Mw0x3e\/a Macbook Air 13 Pulgadas\/chip M4 De Con 10cpu Y 10gpu\/16gb\/512gb Ssd\/2 Puertos Thunderbolt 4\/ad Usb-c 35w\/magic Keyboard Con Touch Id\/plata\" \/>\n<meta property=\"og:description\" content=\"Compra Mw0x3e\/a Macbook Air 13 Pulgadas\/chip M4 De Con 10cpu Y 10gpu\/16gb\/512gb Ssd\/2 Puertos Thunderbolt 4\/ad Usb-c 35w\/magic Keyboard Con Touch Id\/plata + Env\u00edo a domicilio + Pago seguro + Garant\u00eda\" \/>\n<meta property=\"og:url\" content=\"https:\/\/compuviper.mx\/tienda\/producto\/apple-mw0x3e-a-macbook-air-13-pulgadas-chip-m4-de-con-10cpu-y-10gpu-16gb-512gb-ssd-2-puertos-thunderbolt-4-ad-usb-c-35w-magic-keyboard-con-touch-id-plata\/\" \/>\n<meta property=\"og:site_name\" content=\"Compuviper\" \/>\n<meta property=\"article:publisher\" content=\"https:\/\/www.facebook.com\/compuviper\" \/>\n<meta property=\"article:modified_time\" content=\"2026-04-16T07:12:54+00:00\" \/>\n<meta property=\"og:image\" content=\"https:\/\/compuviper.mx\/tienda\/wp-content\/uploads\/2025\/10\/Macbook-air-13-pulgadaschip-m4-de-apple-con-10cpu-y-10gpu16gb512gb-ssd2-puertos-thunderbolt-4ad-usb-c-35wmagic-keyboard-con-touch-idplata.jpg\" \/>\n\t<meta property=\"og:image:width\" content=\"200\" \/>\n\t<meta property=\"og:image:height\" content=\"200\" \/>\n\t<meta property=\"og:image:type\" content=\"image\/jpeg\" \/>\n<meta name=\"twitter:card\" content=\"summary_large_image\" \/>\n<meta name=\"twitter:label1\" content=\"Precio\" \/>\n\t<meta name=\"twitter:data1\" content=\"&#36;23,690 con IVA\" \/>\n\t<meta name=\"twitter:label2\" content=\"Availability\" \/>\n\t<meta name=\"twitter:data2\" content=\"In stock\" \/>\n<script type=\"application\/ld+json\" class=\"yoast-schema-graph\">{\"@context\":\"https:\/\/schema.org\",\"@graph\":[{\"@type\":\"WebPage\",\"@id\":\"https:\/\/compuviper.mx\/tienda\/producto\/apple-mw0x3e-a-macbook-air-13-pulgadas-chip-m4-de-con-10cpu-y-10gpu-16gb-512gb-ssd-2-puertos-thunderbolt-4-ad-usb-c-35w-magic-keyboard-con-touch-id-plata\/\",\"url\":\"https:\/\/compuviper.mx\/tienda\/producto\/apple-mw0x3e-a-macbook-air-13-pulgadas-chip-m4-de-con-10cpu-y-10gpu-16gb-512gb-ssd-2-puertos-thunderbolt-4-ad-usb-c-35w-magic-keyboard-con-touch-id-plata\/\",\"name\":\"[ Apple ] &#129351; Mw0x3e\/a Macbook Air 13 Pulgadas\/chip M4 De Con 10cpu Y 10gpu\/16gb\/512gb Ssd\/2 Puertos Thunderbolt 4\/ad Usb-c 35w\/magic Keyboard Con Touch Id\/plata\",\"isPartOf\":{\"@id\":\"https:\/\/compuviper.mx\/tienda\/#website\"},\"datePublished\":\"2026-04-16T07:12:53+00:00\",\"dateModified\":\"2026-04-16T07:12:54+00:00\",\"description\":\"Compra Mw0x3e\/a Macbook Air 13 Pulgadas\/chip M4 De Con 10cpu Y 10gpu\/16gb\/512gb Ssd\/2 Puertos Thunderbolt 4\/ad Usb-c 35w\/magic Keyboard Con Touch Id\/plata + Env\u00edo a domicilio + Pago seguro + Garant\u00eda\",\"breadcrumb\":{\"@id\":\"https:\/\/compuviper.mx\/tienda\/producto\/apple-mw0x3e-a-macbook-air-13-pulgadas-chip-m4-de-con-10cpu-y-10gpu-16gb-512gb-ssd-2-puertos-thunderbolt-4-ad-usb-c-35w-magic-keyboard-con-touch-id-plata\/#breadcrumb\"},\"inLanguage\":\"es-MX\",\"potentialAction\":[{\"@type\":\"ReadAction\",\"target\":[\"https:\/\/compuviper.mx\/tienda\/producto\/apple-mw0x3e-a-macbook-air-13-pulgadas-chip-m4-de-con-10cpu-y-10gpu-16gb-512gb-ssd-2-puertos-thunderbolt-4-ad-usb-c-35w-magic-keyboard-con-touch-id-plata\/\"]}]},{\"@type\":\"BreadcrumbList\",\"@id\":\"https:\/\/compuviper.mx\/tienda\/producto\/apple-mw0x3e-a-macbook-air-13-pulgadas-chip-m4-de-con-10cpu-y-10gpu-16gb-512gb-ssd-2-puertos-thunderbolt-4-ad-usb-c-35w-magic-keyboard-con-touch-id-plata\/#breadcrumb\",\"itemListElement\":[{\"@type\":\"ListItem\",\"position\":1,\"name\":\"Inicio\",\"item\":\"https:\/\/compuviper.mx\/tienda\/\"},{\"@type\":\"ListItem\",\"position\":2,\"name\":\"Productos\",\"item\":\"https:\/\/compuviper.mx\/tienda\/productos\/\"},{\"@type\":\"ListItem\",\"position\":3,\"name\":\"Laptops\",\"item\":\"https:\/\/compuviper.mx\/tienda\/categoria-producto\/laptops\/\"},{\"@type\":\"ListItem\",\"position\":4,\"name\":\"Notebook\",\"item\":\"https:\/\/compuviper.mx\/tienda\/categoria-producto\/laptops\/notebook-laptops\/\"},{\"@type\":\"ListItem\",\"position\":5,\"name\":\"Apple Mw0x3e\/a Macbook Air 13 Pulgadas\/chip M4 De Con 10cpu Y 10gpu\/16gb\/512gb Ssd\/2 Puertos Thunderbolt 4\/ad Usb-c 35w\/magic Keyboard Con Touch Id\/plata\"}]},{\"@type\":\"WebSite\",\"@id\":\"https:\/\/compuviper.mx\/tienda\/#website\",\"url\":\"https:\/\/compuviper.mx\/tienda\/\",\"name\":\"Compuviper\",\"description\":\"Proveedor de Computadoras, Laptops, Servidores, Monitores, Puntos de Venta, Teclados,   Impresoras, T\u00f3ner, C\u00e1maras de Seguridad y m\u00e1s en tu tienda en l\u00ednea\",\"publisher\":{\"@id\":\"https:\/\/compuviper.mx\/tienda\/#organization\"},\"potentialAction\":[{\"@type\":\"SearchAction\",\"target\":{\"@type\":\"EntryPoint\",\"urlTemplate\":\"https:\/\/compuviper.mx\/tienda\/?s={search_term_string}\"},\"query-input\":\"required name=search_term_string\"}],\"inLanguage\":\"es-MX\"},{\"@type\":\"Organization\",\"@id\":\"https:\/\/compuviper.mx\/tienda\/#organization\",\"name\":\"Compuviper\",\"url\":\"https:\/\/compuviper.mx\/tienda\/\",\"logo\":{\"@type\":\"ImageObject\",\"inLanguage\":\"es-MX\",\"@id\":\"https:\/\/compuviper.mx\/tienda\/#\/schema\/logo\/image\/\",\"url\":\"https:\/\/compuviper.mx\/tienda\/wp-content\/uploads\/2021\/08\/Logo-Compuviper-10.png\",\"contentUrl\":\"https:\/\/compuviper.mx\/tienda\/wp-content\/uploads\/2021\/08\/Logo-Compuviper-10.png\",\"width\":1000,\"height\":500,\"caption\":\"Compuviper\"},\"image\":{\"@id\":\"https:\/\/compuviper.mx\/tienda\/#\/schema\/logo\/image\/\"},\"sameAs\":[\"https:\/\/www.facebook.com\/compuviper\",\"https:\/\/www.youtube.com\/channel\/UCf73dERp9Y3cfOq7q8BhLjA?view_as=subscriber\"]}]}<\/script>\n<meta property=\"product:brand\" content=\"APPLE\" \/>\n<meta property=\"product:price:amount\" content=\"23690\" \/>\n<meta property=\"product:price:currency\" content=\"MXN\" \/>\n<meta property=\"og:availability\" content=\"instock\" \/>\n<meta property=\"product:availability\" content=\"instock\" \/>\n<meta property=\"product:retailer_item_id\" content=\"MW0X3E\/A\" \/>\n<meta property=\"product:condition\" content=\"new\" \/>\n<!-- \/ Yoast SEO plugin. -->","yoast_head_json":{"title":"[ Apple ] &#129351; Mw0x3e\/a Macbook Air 13 Pulgadas\/chip M4 De Con 10cpu Y 10gpu\/16gb\/512gb Ssd\/2 Puertos Thunderbolt 4\/ad Usb-c 35w\/magic Keyboard Con Touch Id\/plata","description":"Compra Mw0x3e\/a Macbook Air 13 Pulgadas\/chip M4 De Con 10cpu Y 10gpu\/16gb\/512gb Ssd\/2 Puertos Thunderbolt 4\/ad Usb-c 35w\/magic Keyboard Con Touch Id\/plata + Env\u00edo a domicilio + Pago seguro + Garant\u00eda","robots":{"index":"index","follow":"follow","max-snippet":"max-snippet:-1","max-image-preview":"max-image-preview:large","max-video-preview":"max-video-preview:-1"},"canonical":"https:\/\/compuviper.mx\/tienda\/producto\/apple-mw0x3e-a-macbook-air-13-pulgadas-chip-m4-de-con-10cpu-y-10gpu-16gb-512gb-ssd-2-puertos-thunderbolt-4-ad-usb-c-35w-magic-keyboard-con-touch-id-plata\/","og_locale":"es_MX","og_type":"article","og_title":"[ Apple ] &#129351; Mw0x3e\/a Macbook Air 13 Pulgadas\/chip M4 De Con 10cpu Y 10gpu\/16gb\/512gb Ssd\/2 Puertos Thunderbolt 4\/ad Usb-c 35w\/magic Keyboard Con Touch Id\/plata","og_description":"Compra Mw0x3e\/a Macbook Air 13 Pulgadas\/chip M4 De Con 10cpu Y 10gpu\/16gb\/512gb Ssd\/2 Puertos Thunderbolt 4\/ad Usb-c 35w\/magic Keyboard Con Touch Id\/plata + Env\u00edo a domicilio + Pago seguro + Garant\u00eda","og_url":"https:\/\/compuviper.mx\/tienda\/producto\/apple-mw0x3e-a-macbook-air-13-pulgadas-chip-m4-de-con-10cpu-y-10gpu-16gb-512gb-ssd-2-puertos-thunderbolt-4-ad-usb-c-35w-magic-keyboard-con-touch-id-plata\/","og_site_name":"Compuviper","article_publisher":"https:\/\/www.facebook.com\/compuviper","article_modified_time":"2026-04-16T07:12:54+00:00","og_image":[{"width":200,"height":200,"url":"https:\/\/compuviper.mx\/tienda\/wp-content\/uploads\/2025\/10\/Macbook-air-13-pulgadaschip-m4-de-apple-con-10cpu-y-10gpu16gb512gb-ssd2-puertos-thunderbolt-4ad-usb-c-35wmagic-keyboard-con-touch-idplata.jpg","type":"image\/jpeg"}],"twitter_card":"summary_large_image","twitter_misc":{"Precio":"&#36;23,690 con IVA","Availability":"In stock"},"schema":{"@context":"https:\/\/schema.org","@graph":[{"@type":"WebPage","@id":"https:\/\/compuviper.mx\/tienda\/producto\/apple-mw0x3e-a-macbook-air-13-pulgadas-chip-m4-de-con-10cpu-y-10gpu-16gb-512gb-ssd-2-puertos-thunderbolt-4-ad-usb-c-35w-magic-keyboard-con-touch-id-plata\/","url":"https:\/\/compuviper.mx\/tienda\/producto\/apple-mw0x3e-a-macbook-air-13-pulgadas-chip-m4-de-con-10cpu-y-10gpu-16gb-512gb-ssd-2-puertos-thunderbolt-4-ad-usb-c-35w-magic-keyboard-con-touch-id-plata\/","name":"[ Apple ] &#129351; Mw0x3e\/a Macbook Air 13 Pulgadas\/chip M4 De Con 10cpu Y 10gpu\/16gb\/512gb Ssd\/2 Puertos Thunderbolt 4\/ad Usb-c 35w\/magic Keyboard Con Touch Id\/plata","isPartOf":{"@id":"https:\/\/compuviper.mx\/tienda\/#website"},"datePublished":"2026-04-16T07:12:53+00:00","dateModified":"2026-04-16T07:12:54+00:00","description":"Compra Mw0x3e\/a Macbook Air 13 Pulgadas\/chip M4 De Con 10cpu Y 10gpu\/16gb\/512gb Ssd\/2 Puertos Thunderbolt 4\/ad Usb-c 35w\/magic Keyboard Con Touch Id\/plata + Env\u00edo a domicilio + Pago seguro + Garant\u00eda","breadcrumb":{"@id":"https:\/\/compuviper.mx\/tienda\/producto\/apple-mw0x3e-a-macbook-air-13-pulgadas-chip-m4-de-con-10cpu-y-10gpu-16gb-512gb-ssd-2-puertos-thunderbolt-4-ad-usb-c-35w-magic-keyboard-con-touch-id-plata\/#breadcrumb"},"inLanguage":"es-MX","potentialAction":[{"@type":"ReadAction","target":["https:\/\/compuviper.mx\/tienda\/producto\/apple-mw0x3e-a-macbook-air-13-pulgadas-chip-m4-de-con-10cpu-y-10gpu-16gb-512gb-ssd-2-puertos-thunderbolt-4-ad-usb-c-35w-magic-keyboard-con-touch-id-plata\/"]}]},{"@type":"BreadcrumbList","@id":"https:\/\/compuviper.mx\/tienda\/producto\/apple-mw0x3e-a-macbook-air-13-pulgadas-chip-m4-de-con-10cpu-y-10gpu-16gb-512gb-ssd-2-puertos-thunderbolt-4-ad-usb-c-35w-magic-keyboard-con-touch-id-plata\/#breadcrumb","itemListElement":[{"@type":"ListItem","position":1,"name":"Inicio","item":"https:\/\/compuviper.mx\/tienda\/"},{"@type":"ListItem","position":2,"name":"Productos","item":"https:\/\/compuviper.mx\/tienda\/productos\/"},{"@type":"ListItem","position":3,"name":"Laptops","item":"https:\/\/compuviper.mx\/tienda\/categoria-producto\/laptops\/"},{"@type":"ListItem","position":4,"name":"Notebook","item":"https:\/\/compuviper.mx\/tienda\/categoria-producto\/laptops\/notebook-laptops\/"},{"@type":"ListItem","position":5,"name":"Apple Mw0x3e\/a Macbook Air 13 Pulgadas\/chip M4 De Con 10cpu Y 10gpu\/16gb\/512gb Ssd\/2 Puertos Thunderbolt 4\/ad Usb-c 35w\/magic Keyboard Con Touch Id\/plata"}]},{"@type":"WebSite","@id":"https:\/\/compuviper.mx\/tienda\/#website","url":"https:\/\/compuviper.mx\/tienda\/","name":"Compuviper","description":"Proveedor de Computadoras, Laptops, Servidores, Monitores, Puntos de Venta, Teclados,   Impresoras, T\u00f3ner, C\u00e1maras de Seguridad y m\u00e1s en tu tienda en l\u00ednea","publisher":{"@id":"https:\/\/compuviper.mx\/tienda\/#organization"},"potentialAction":[{"@type":"SearchAction","target":{"@type":"EntryPoint","urlTemplate":"https:\/\/compuviper.mx\/tienda\/?s={search_term_string}"},"query-input":"required name=search_term_string"}],"inLanguage":"es-MX"},{"@type":"Organization","@id":"https:\/\/compuviper.mx\/tienda\/#organization","name":"Compuviper","url":"https:\/\/compuviper.mx\/tienda\/","logo":{"@type":"ImageObject","inLanguage":"es-MX","@id":"https:\/\/compuviper.mx\/tienda\/#\/schema\/logo\/image\/","url":"https:\/\/compuviper.mx\/tienda\/wp-content\/uploads\/2021\/08\/Logo-Compuviper-10.png","contentUrl":"https:\/\/compuviper.mx\/tienda\/wp-content\/uploads\/2021\/08\/Logo-Compuviper-10.png","width":1000,"height":500,"caption":"Compuviper"},"image":{"@id":"https:\/\/compuviper.mx\/tienda\/#\/schema\/logo\/image\/"},"sameAs":["https:\/\/www.facebook.com\/compuviper","https:\/\/www.youtube.com\/channel\/UCf73dERp9Y3cfOq7q8BhLjA?view_as=subscriber"]}]},"product_brand":"APPLE","product_price_amount":"23690","product_price_currency":"MXN","og_availability":"instock","product_availability":"instock","product_retailer_item_id":"MW0X3E\/A","product_condition":"new"},"_links":{"self":[{"href":"https:\/\/compuviper.mx\/tienda\/wp-json\/wp\/v2\/product\/250293"}],"collection":[{"href":"https:\/\/compuviper.mx\/tienda\/wp-json\/wp\/v2\/product"}],"about":[{"href":"https:\/\/compuviper.mx\/tienda\/wp-json\/wp\/v2\/types\/product"}],"replies":[{"embeddable":true,"href":"https:\/\/compuviper.mx\/tienda\/wp-json\/wp\/v2\/comments?post=250293"}],"wp:featuredmedia":[{"embeddable":true,"href":"https:\/\/compuviper.mx\/tienda\/wp-json\/wp\/v2\/media\/260280"}],"wp:attachment":[{"href":"https:\/\/compuviper.mx\/tienda\/wp-json\/wp\/v2\/media?parent=250293"}],"wp:term":[{"taxonomy":"product_cat","embeddable":true,"href":"https:\/\/compuviper.mx\/tienda\/wp-json\/wp\/v2\/product_cat?post=250293"},{"taxonomy":"product_tag","embeddable":true,"href":"https:\/\/compuviper.mx\/tienda\/wp-json\/wp\/v2\/product_tag?post=250293"}],"curies":[{"name":"wp","href":"https:\/\/api.w.org\/{rel}","templated":true}]}}