{"id":250286,"date":"2026-04-21T01:25:05","date_gmt":"2026-04-21T07:25:05","guid":{"rendered":"https:\/\/compuviper.mx\/tienda\/producto\/apple-md3y4cl-a-ipad-11-chip-a16-wi-fi-128gb-plata\/"},"modified":"2026-04-21T01:25:06","modified_gmt":"2026-04-21T07:25:06","slug":"apple-md3y4cl-a-ipad-11-chip-a16-wi-fi-128gb-plata","status":"publish","type":"product","link":"https:\/\/compuviper.mx\/tienda\/producto\/apple-md3y4cl-a-ipad-11-chip-a16-wi-fi-128gb-plata\/","title":{"rendered":"Apple Md3y4cl\/a Ipad 11 Chip A16 \/ Wi-fi \/ 128gb \/ Plata"},"content":{"rendered":"<table class=\"descripcion\">\n<tr>\n<td>Capacidad<\/td>\n<\/tr>\n<tr>\n<td>128 gb<\/td>\n<\/tr>\n<tr>\n<td>Tama\u00f1o y peso<\/td>\n<\/tr>\n<tr>\n<td>248.6 mm<\/td>\n<\/tr>\n<tr>\n<td>179.5 mm<\/td>\n<\/tr>\n<tr>\n<td>7 mm<\/td>\n<\/tr>\n<tr>\n<td>Modelos wi fi<\/td>\n<\/tr>\n<tr>\n<td>477 g<\/td>\n<\/tr>\n<tr>\n<td>En la caja<\/td>\n<\/tr>\n<tr>\n<td>\u0095ipad<\/td>\n<\/tr>\n<tr>\n<td>\u0095cable de carga usb c (1 m)<\/td>\n<\/tr>\n<tr>\n<td>\u0095adaptador de corriente usb c de 20 w<\/td>\n<\/tr>\n<tr>\n<td>Pantalla<\/td>\n<\/tr>\n<tr>\n<td>\u0095pantalla liquid retina<\/td>\n<\/tr>\n<tr>\n<td>\u0095pantalla multi touch retroiluminada por led con tecnolog\u00eda ips<\/td>\n<\/tr>\n<tr>\n<td>\u0095resoluci\u00f3n de 2360 x 1640 a 264 (ppi)<\/td>\n<\/tr>\n<tr>\n<td>\u0095true tone<\/td>\n<\/tr>\n<tr>\n<td>\u0095brillo de 500 nits<\/td>\n<\/tr>\n<tr>\n<td>\u0095revestimiento oleof\u00f3bico resistente a huellas dactilares<\/td>\n<\/tr>\n<tr>\n<td>\u0095compatible con el apple pencil<\/td>\n<\/tr>\n<tr>\n<td>(usb-c)<\/td>\n<\/tr>\n<tr>\n<td>\u0095compatible con el apple pencil<\/td>\n<\/tr>\n<tr>\n<td>(1.\u00aa generaci\u00f3n)<\/td>\n<\/tr>\n<tr>\n<td>\u0095<\/td>\n<\/tr>\n<tr>\n<td>La pantalla del ipad tiene esquinas redondeadas. si se mide como rect\u00e1ngulo en diagonal, la pantalla tiene 10.86 pulgadas. el \u00e1rea real de visualizaci\u00f3n es menor.<\/td>\n<\/tr>\n<tr>\n<td>\u0095<\/td>\n<\/tr>\n<tr>\n<td>Enlaza y carga el apple pencil (1.\u00aa generaci\u00f3n) usando un adaptador de usb c a apple pencil.<\/td>\n<\/tr>\n<tr>\n<td>Chip<\/td>\n<\/tr>\n<tr>\n<td>\u0095chip a16<\/td>\n<\/tr>\n<tr>\n<td>\u0095cpu de 5 n\u00facleos<\/td>\n<\/tr>\n<tr>\n<td>\u0095gpu de 4 n\u00facleos<\/td>\n<\/tr>\n<tr>\n<td>\u0095neural engine de 16 n\u00facleos<\/td>\n<\/tr>\n<tr>\n<td>C\u00e1mara<\/td>\n<\/tr>\n<tr>\n<td>\u0095c\u00e1mara gran angular de 12 mp, apertura de \u0083\/1.8<\/td>\n<\/tr>\n<tr>\n<td>\u0095zoom digital de hasta 5x<\/td>\n<\/tr>\n<tr>\n<td>\u0095lente de cinco elementos<\/td>\n<\/tr>\n<tr>\n<td>\u0095autoenfoque con focus pixels<\/td>\n<\/tr>\n<tr>\n<td>\u0095fotos panor\u00e1micas (hasta 63 mp)<\/td>\n<\/tr>\n<tr>\n<td>\u0095hdr inteligente 4<\/td>\n<\/tr>\n<tr>\n<td>\u0095geoetiquetado de fotos<\/td>\n<\/tr>\n<tr>\n<td>\u0095estabilizaci\u00f3n autom\u00e1tica de imagen<\/td>\n<\/tr>\n<tr>\n<td>\u0095modo r\u00e1faga<\/td>\n<\/tr>\n<tr>\n<td>\u0095captura de imagen en formatos heif y jpeg<\/td>\n<\/tr>\n<tr>\n<td>Grabaci\u00f3n de video<\/td>\n<\/tr>\n<tr>\n<td>\u0095grabaci\u00f3n de video 4k a 24 cps, 25 cps, 30 cps o 60 cps<\/td>\n<\/tr>\n<tr>\n<td>\u0095grabaci\u00f3n de video hd de 1080p a 25 cps, 30 cps o 60 cps<\/td>\n<\/tr>\n<tr>\n<td>\u0095grabaci\u00f3n de video hd de 720p a 30 cps o 60 cps<\/td>\n<\/tr>\n<tr>\n<td>\u0095video en c\u00e1mara lenta de 1080p a 120 cps o 240 cps<\/td>\n<\/tr>\n<tr>\n<td>\u0095video en c\u00e1mara r\u00e1pida con estabilizaci\u00f3n<\/td>\n<\/tr>\n<tr>\n<td>\u0095rango din\u00e1mico extendido para grabaci\u00f3n de video a un m\u00e1ximo de 30 cps<\/td>\n<\/tr>\n<tr>\n<td>\u0095<\/td>\n<\/tr>\n<tr>\n<td>Estabilizaci\u00f3n de imagen de video<\/td>\n<\/tr>\n<tr>\n<td>\u0095estabilizaci\u00f3n cinem\u00e1tica de video (1080p y 720p)<\/td>\n<\/tr>\n<tr>\n<td>\u0095video con autoenfoque continuo<\/td>\n<\/tr>\n<tr>\n<td>\u0095zoom de reproducci\u00f3n<\/td>\n<\/tr>\n<tr>\n<td>\u0095grabaci\u00f3n de video en formatos hevc y h.264<\/td>\n<\/tr>\n<tr>\n<td>C\u00e1mara frontal<\/td>\n<\/tr>\n<tr>\n<td>\u0095c\u00e1mara 12mp center stage en horizontal<\/td>\n<\/tr>\n<tr>\n<td>\u0095apertura de \u0083\/2.4<\/td>\n<\/tr>\n<tr>\n<td>\u0095hdr inteligente 4<\/td>\n<\/tr>\n<tr>\n<td>\u0095grabaci\u00f3n de video hd de 1080p a 25 cps, 30 cps o 60 cps<\/td>\n<\/tr>\n<tr>\n<td>\u0095video en c\u00e1mara r\u00e1pida con estabilizaci\u00f3n<\/td>\n<\/tr>\n<tr>\n<td>\u0095rango din\u00e1mico extendido para grabaci\u00f3n de video a un m\u00e1ximo de 30 cps<\/td>\n<\/tr>\n<tr>\n<td>\u0095<\/td>\n<\/tr>\n<tr>\n<td>Estabilizaci\u00f3n cinem\u00e1tica de video (1080p y 720p)<\/td>\n<\/tr>\n<tr>\n<td>\u0095correcci\u00f3n de lente<\/td>\n<\/tr>\n<tr>\n<td>\u0095retina flash<\/td>\n<\/tr>\n<tr>\n<td>\u0095estabilizaci\u00f3n autom\u00e1tica de imagen<\/td>\n<\/tr>\n<tr>\n<td>\u0095modo r\u00e1faga<\/td>\n<\/tr>\n<tr>\n<td>Llamadas de video<\/td>\n<\/tr>\n<tr>\n<td>\u0095llamadas de video de facetime<\/td>\n<\/tr>\n<tr>\n<td>\u0095encuadre centrado<\/td>\n<\/tr>\n<tr>\n<td>\u0095desde el ipad a cualquier dispositivo con facetime a trav\u00e9s de wi fi o red celular<\/td>\n<\/tr>\n<tr>\n<td>Llamadas de audio<\/td>\n<\/tr>\n<tr>\n<td>\u0095llamadas de audio de facetime<\/td>\n<\/tr>\n<tr>\n<td>\u0095desde el ipad a cualquier dispositivo con facetime a trav\u00e9s de wi fi o red celular<\/td>\n<\/tr>\n<tr>\n<td>Bocinas<\/td>\n<\/tr>\n<tr>\n<td>Bocinas est\u00e9reo en horizontal<\/td>\n<\/tr>\n<tr>\n<td>Micr\u00f3fonos<\/td>\n<\/tr>\n<tr>\n<td>Dos micr\u00f3fonos para llamadas y grabaci\u00f3n de audio y video<\/td>\n<\/tr>\n<tr>\n<td>Conexi\u00f3n celular e inal\u00e1mbrica<\/td>\n<\/tr>\n<tr>\n<td>Todos los modelos<\/td>\n<\/tr>\n<tr>\n<td>\u0095wi fi 6 (802.11ax) con mimo 2&#215;2<\/td>\n<\/tr>\n<tr>\n<td>\u0095doble banda simult\u00e1nea<\/td>\n<\/tr>\n<tr>\n<td>\u0095bluetooth 5.3<\/td>\n<\/tr>\n<tr>\n<td>Tarjeta sim<\/td>\n<\/tr>\n<tr>\n<td>\u0095esim6<\/td>\n<\/tr>\n<tr>\n<td>\u0095el ipad usa tecnolog\u00eda esim avanzada para mayor seguridad y comodidad (no es compatible con tarjetas sim f\u00edsicas).<\/td>\n<\/tr>\n<tr>\n<td>Ubicaci\u00f3n<\/td>\n<\/tr>\n<tr>\n<td>Todos los modelos<\/td>\n<\/tr>\n<tr>\n<td>\u0095br\u00fajula digital<\/td>\n<\/tr>\n<tr>\n<td>\u0095wi fi<\/td>\n<\/tr>\n<tr>\n<td>\u0095microlocalizaci\u00f3n ibeacon<\/td>\n<\/tr>\n<tr>\n<td>Sensores<\/td>\n<\/tr>\n<tr>\n<td>\u0095touch id<\/td>\n<\/tr>\n<tr>\n<td>\u0095giroscopio de tres ejes<\/td>\n<\/tr>\n<tr>\n<td>\u0095aceler\u00f3metro<\/td>\n<\/tr>\n<tr>\n<td>\u0095bar\u00f3metro<\/td>\n<\/tr>\n<tr>\n<td>\u0095sensor de luz ambiental<\/td>\n<\/tr>\n<tr>\n<td>Touch id<\/td>\n<\/tr>\n<tr>\n<td>\u0095desbloquea tu ipad<\/td>\n<\/tr>\n<tr>\n<td>\u0095protege tus datos personales en las apps<\/td>\n<\/tr>\n<tr>\n<td>\u0095haz compras en el itunes store, app store y apple books<\/td>\n<\/tr>\n<tr>\n<td>Apple pay<\/td>\n<\/tr>\n<tr>\n<td>\u0095paga en apps con tu ipad usando face id<\/td>\n<\/tr>\n<tr>\n<td>Siri<\/td>\n<\/tr>\n<tr>\n<td>\u0095recibe ayuda en las tareas de todos los d\u00edas, como mandar mensajes, programar recordatorios y m\u00e1s<\/td>\n<\/tr>\n<tr>\n<td>\u0095act\u00edvalo con s\u00f3lo decir \u0093oye siri\u0094<\/td>\n<\/tr>\n<tr>\n<td>\u0095el asistente inteligente que m\u00e1s cuida tu privacidad<\/td>\n<\/tr>\n<tr>\n<td>Carga y expansi\u00f3n<\/td>\n<\/tr>\n<tr>\n<td>\u0095puerto usb c compatible con:<\/td>\n<\/tr>\n<tr>\n<td>\u0095carga<\/td>\n<\/tr>\n<tr>\n<td>\u0095displayport<\/td>\n<\/tr>\n<tr>\n<td>\u0095usb 2.0 (hasta 480 mb\/s)<\/td>\n<\/tr>\n<tr>\n<td>Compatibilidad con monitores<\/td>\n<\/tr>\n<tr>\n<td>Es compatible con la resoluci\u00f3n nativa de la pantalla integrada en millones de colores<\/td>\n<\/tr>\n<tr>\n<td>\u0095admite un monitor externo con resoluci\u00f3n de hasta 4k a 60 hz<\/td>\n<\/tr>\n<tr>\n<td>Salida de video digital<\/td>\n<\/tr>\n<tr>\n<td>\u0095salida displayport nativa a trav\u00e9s de usb c<\/td>\n<\/tr>\n<tr>\n<td>\u0095compatible con salidas vga, hdmi y dvi mediante adaptadores (se venden por separado)<\/td>\n<\/tr>\n<tr>\n<td>Duplicaci\u00f3n de video<\/td>\n<\/tr>\n<tr>\n<td>\u0095airplay para duplicaci\u00f3n de pantalla y reproducci\u00f3n de fotos y videos hasta 4k a trav\u00e9s del apple tv (2.\u00aa generaci\u00f3n o posterior) o de una smart tv compatible con airplay<\/td>\n<\/tr>\n<tr>\n<td>\u0095compatibilidad con duplicaci\u00f3n de video y salida de video a trav\u00e9s del adaptador multipuerto de usb c a av digital y del adaptador multipuerto de usb c a vga (los adaptadores se venden por separado)<\/td>\n<\/tr>\n<tr>\n<td>Energ\u00eda y bater\u00eda<\/td>\n<\/tr>\n<tr>\n<td>Todos los modelos<\/td>\n<\/tr>\n<tr>\n<td>\u0095bater\u00eda de pol\u00edmero de litio recargable integrada de 28.93 wh<\/td>\n<\/tr>\n<tr>\n<td>\u0095hasta 10 horas para navegar por internet a trav\u00e9s de wi fi o ver<\/td>\n<\/tr>\n<tr>\n<td>Videos<\/td>\n<\/tr>\n<tr>\n<td>\u0095carga mediante el puerto usb-c con una computadora o un adaptador de corriente<\/td>\n<\/tr>\n<tr>\n<td>Sistema operativo<\/td>\n<\/tr>\n<tr>\n<td>Ipados 18<\/td>\n<\/tr>\n<tr>\n<td>Ipados incluye poderosas funcionalidades y apps integradas para que puedas aprovechar al m\u00e1ximo las posibilidades \u00fanicas del ipad.<\/td>\n<\/tr>\n<tr>\n<td>Reproducci\u00f3n de video<\/td>\n<\/tr>\n<tr>\n<td>\u0095los formatos compatibles incluyen hevc y h.264<\/td>\n<\/tr>\n<tr>\n<td>\u0095compatible con contenido dolby vision y hdr10<\/td>\n<\/tr>\n<tr>\n<td>Reproducci\u00f3n de audio<\/td>\n<\/tr>\n<tr>\n<td>\u0095los formatos compatibles incluyen aac, mp3, apple lossless, flac, dolby digital, dolby digital plus y dolby atmos<\/td>\n<\/tr>\n<tr>\n<td>\u0095volumen m\u00e1ximo configurable por el usuario<\/td>\n<\/tr>\n<\/table>\n","protected":false},"excerpt":{"rendered":"<p>Insp\u00edrate. Expr\u00e9sate. Divi\u00e9rtete. Ahora con el ultrarrapido chip a16. Mas almacenamiento que nunca. Espectacular pantalla liquid retina. Dise\u00f1o todo pantalla. Diversion a todo dar.<\/p>\n","protected":false},"featured_media":260274,"comment_status":"open","ping_status":"open","template":"","meta":[],"product_cat":[1758,1763],"product_tag":[1585],"acf":[],"yoast_head":"<!-- This site is optimized with the Yoast SEO plugin v21.7 - https:\/\/yoast.com\/wordpress\/plugins\/seo\/ -->\n<title>[ Apple ] &#129351; Md3y4cl\/a Ipad 11 Chip A16 \/ Wi-fi \/ 128gb \/ Plata<\/title>\n<meta name=\"description\" content=\"Compra Md3y4cl\/a Ipad 11 Chip A16 \/ Wi-fi \/ 128gb \/ Plata + Env\u00edo a domicilio + Pago seguro + Garant\u00eda\" \/>\n<meta name=\"robots\" content=\"index, follow, max-snippet:-1, max-image-preview:large, max-video-preview:-1\" \/>\n<link rel=\"canonical\" href=\"https:\/\/compuviper.mx\/tienda\/producto\/apple-md3y4cl-a-ipad-11-chip-a16-wi-fi-128gb-plata\/\" \/>\n<meta property=\"og:locale\" content=\"es_MX\" \/>\n<meta property=\"og:type\" content=\"article\" \/>\n<meta property=\"og:title\" content=\"[ Apple ] &#129351; Md3y4cl\/a Ipad 11 Chip A16 \/ Wi-fi \/ 128gb \/ Plata\" \/>\n<meta property=\"og:description\" content=\"Compra Md3y4cl\/a Ipad 11 Chip A16 \/ Wi-fi \/ 128gb \/ Plata + Env\u00edo a domicilio + Pago seguro + Garant\u00eda\" \/>\n<meta property=\"og:url\" content=\"https:\/\/compuviper.mx\/tienda\/producto\/apple-md3y4cl-a-ipad-11-chip-a16-wi-fi-128gb-plata\/\" \/>\n<meta property=\"og:site_name\" content=\"Compuviper\" \/>\n<meta property=\"article:publisher\" content=\"https:\/\/www.facebook.com\/compuviper\" \/>\n<meta property=\"article:modified_time\" content=\"2026-04-21T07:25:06+00:00\" \/>\n<meta property=\"og:image\" content=\"https:\/\/compuviper.mx\/tienda\/wp-content\/uploads\/2025\/10\/Ipad-11-chip-a16-wi-fi-128gb-plata.jpg\" \/>\n\t<meta property=\"og:image:width\" content=\"200\" \/>\n\t<meta property=\"og:image:height\" content=\"200\" \/>\n\t<meta property=\"og:image:type\" content=\"image\/jpeg\" \/>\n<meta name=\"twitter:card\" content=\"summary_large_image\" \/>\n<meta name=\"twitter:label1\" content=\"Precio\" \/>\n\t<meta name=\"twitter:data1\" content=\"&#36;7,970 con IVA\" \/>\n\t<meta name=\"twitter:label2\" content=\"Availability\" \/>\n\t<meta name=\"twitter:data2\" content=\"In stock\" \/>\n<script type=\"application\/ld+json\" class=\"yoast-schema-graph\">{\"@context\":\"https:\/\/schema.org\",\"@graph\":[{\"@type\":\"WebPage\",\"@id\":\"https:\/\/compuviper.mx\/tienda\/producto\/apple-md3y4cl-a-ipad-11-chip-a16-wi-fi-128gb-plata\/\",\"url\":\"https:\/\/compuviper.mx\/tienda\/producto\/apple-md3y4cl-a-ipad-11-chip-a16-wi-fi-128gb-plata\/\",\"name\":\"[ Apple ] &#129351; Md3y4cl\/a Ipad 11 Chip A16 \/ Wi-fi \/ 128gb \/ Plata\",\"isPartOf\":{\"@id\":\"https:\/\/compuviper.mx\/tienda\/#website\"},\"datePublished\":\"2026-04-21T07:25:05+00:00\",\"dateModified\":\"2026-04-21T07:25:06+00:00\",\"description\":\"Compra Md3y4cl\/a Ipad 11 Chip A16 \/ Wi-fi \/ 128gb \/ Plata + Env\u00edo a domicilio + Pago seguro + Garant\u00eda\",\"breadcrumb\":{\"@id\":\"https:\/\/compuviper.mx\/tienda\/producto\/apple-md3y4cl-a-ipad-11-chip-a16-wi-fi-128gb-plata\/#breadcrumb\"},\"inLanguage\":\"es-MX\",\"potentialAction\":[{\"@type\":\"ReadAction\",\"target\":[\"https:\/\/compuviper.mx\/tienda\/producto\/apple-md3y4cl-a-ipad-11-chip-a16-wi-fi-128gb-plata\/\"]}]},{\"@type\":\"BreadcrumbList\",\"@id\":\"https:\/\/compuviper.mx\/tienda\/producto\/apple-md3y4cl-a-ipad-11-chip-a16-wi-fi-128gb-plata\/#breadcrumb\",\"itemListElement\":[{\"@type\":\"ListItem\",\"position\":1,\"name\":\"Inicio\",\"item\":\"https:\/\/compuviper.mx\/tienda\/\"},{\"@type\":\"ListItem\",\"position\":2,\"name\":\"Productos\",\"item\":\"https:\/\/compuviper.mx\/tienda\/productos\/\"},{\"@type\":\"ListItem\",\"position\":3,\"name\":\"Tabletas\",\"item\":\"https:\/\/compuviper.mx\/tienda\/categoria-producto\/tabletas\/\"},{\"@type\":\"ListItem\",\"position\":4,\"name\":\"Sin Categor\u00eda\",\"item\":\"https:\/\/compuviper.mx\/tienda\/categoria-producto\/tabletas\/sin-categoria-tabletas\/\"},{\"@type\":\"ListItem\",\"position\":5,\"name\":\"Apple Md3y4cl\/a Ipad 11 Chip A16 \/ Wi-fi \/ 128gb \/ Plata\"}]},{\"@type\":\"WebSite\",\"@id\":\"https:\/\/compuviper.mx\/tienda\/#website\",\"url\":\"https:\/\/compuviper.mx\/tienda\/\",\"name\":\"Compuviper\",\"description\":\"Proveedor de Computadoras, Laptops, Servidores, Monitores, Puntos de Venta, Teclados,   Impresoras, T\u00f3ner, C\u00e1maras de Seguridad y m\u00e1s en tu tienda en l\u00ednea\",\"publisher\":{\"@id\":\"https:\/\/compuviper.mx\/tienda\/#organization\"},\"potentialAction\":[{\"@type\":\"SearchAction\",\"target\":{\"@type\":\"EntryPoint\",\"urlTemplate\":\"https:\/\/compuviper.mx\/tienda\/?s={search_term_string}\"},\"query-input\":\"required name=search_term_string\"}],\"inLanguage\":\"es-MX\"},{\"@type\":\"Organization\",\"@id\":\"https:\/\/compuviper.mx\/tienda\/#organization\",\"name\":\"Compuviper\",\"url\":\"https:\/\/compuviper.mx\/tienda\/\",\"logo\":{\"@type\":\"ImageObject\",\"inLanguage\":\"es-MX\",\"@id\":\"https:\/\/compuviper.mx\/tienda\/#\/schema\/logo\/image\/\",\"url\":\"https:\/\/compuviper.mx\/tienda\/wp-content\/uploads\/2021\/08\/Logo-Compuviper-10.png\",\"contentUrl\":\"https:\/\/compuviper.mx\/tienda\/wp-content\/uploads\/2021\/08\/Logo-Compuviper-10.png\",\"width\":1000,\"height\":500,\"caption\":\"Compuviper\"},\"image\":{\"@id\":\"https:\/\/compuviper.mx\/tienda\/#\/schema\/logo\/image\/\"},\"sameAs\":[\"https:\/\/www.facebook.com\/compuviper\",\"https:\/\/www.youtube.com\/channel\/UCf73dERp9Y3cfOq7q8BhLjA?view_as=subscriber\"]}]}<\/script>\n<meta property=\"product:brand\" content=\"APPLE\" \/>\n<meta property=\"product:price:amount\" content=\"7970\" \/>\n<meta property=\"product:price:currency\" content=\"MXN\" \/>\n<meta property=\"og:availability\" content=\"instock\" \/>\n<meta property=\"product:availability\" content=\"instock\" \/>\n<meta property=\"product:retailer_item_id\" content=\"MD3Y4CL\/A\" \/>\n<meta property=\"product:condition\" content=\"new\" \/>\n<!-- \/ Yoast SEO plugin. -->","yoast_head_json":{"title":"[ Apple ] &#129351; Md3y4cl\/a Ipad 11 Chip A16 \/ Wi-fi \/ 128gb \/ Plata","description":"Compra Md3y4cl\/a Ipad 11 Chip A16 \/ Wi-fi \/ 128gb \/ Plata + Env\u00edo a domicilio + Pago seguro + Garant\u00eda","robots":{"index":"index","follow":"follow","max-snippet":"max-snippet:-1","max-image-preview":"max-image-preview:large","max-video-preview":"max-video-preview:-1"},"canonical":"https:\/\/compuviper.mx\/tienda\/producto\/apple-md3y4cl-a-ipad-11-chip-a16-wi-fi-128gb-plata\/","og_locale":"es_MX","og_type":"article","og_title":"[ Apple ] &#129351; Md3y4cl\/a Ipad 11 Chip A16 \/ Wi-fi \/ 128gb \/ Plata","og_description":"Compra Md3y4cl\/a Ipad 11 Chip A16 \/ Wi-fi \/ 128gb \/ Plata + Env\u00edo a domicilio + Pago seguro + Garant\u00eda","og_url":"https:\/\/compuviper.mx\/tienda\/producto\/apple-md3y4cl-a-ipad-11-chip-a16-wi-fi-128gb-plata\/","og_site_name":"Compuviper","article_publisher":"https:\/\/www.facebook.com\/compuviper","article_modified_time":"2026-04-21T07:25:06+00:00","og_image":[{"width":200,"height":200,"url":"https:\/\/compuviper.mx\/tienda\/wp-content\/uploads\/2025\/10\/Ipad-11-chip-a16-wi-fi-128gb-plata.jpg","type":"image\/jpeg"}],"twitter_card":"summary_large_image","twitter_misc":{"Precio":"&#36;7,970 con IVA","Availability":"In stock"},"schema":{"@context":"https:\/\/schema.org","@graph":[{"@type":"WebPage","@id":"https:\/\/compuviper.mx\/tienda\/producto\/apple-md3y4cl-a-ipad-11-chip-a16-wi-fi-128gb-plata\/","url":"https:\/\/compuviper.mx\/tienda\/producto\/apple-md3y4cl-a-ipad-11-chip-a16-wi-fi-128gb-plata\/","name":"[ Apple ] &#129351; Md3y4cl\/a Ipad 11 Chip A16 \/ Wi-fi \/ 128gb \/ Plata","isPartOf":{"@id":"https:\/\/compuviper.mx\/tienda\/#website"},"datePublished":"2026-04-21T07:25:05+00:00","dateModified":"2026-04-21T07:25:06+00:00","description":"Compra Md3y4cl\/a Ipad 11 Chip A16 \/ Wi-fi \/ 128gb \/ Plata + Env\u00edo a domicilio + Pago seguro + Garant\u00eda","breadcrumb":{"@id":"https:\/\/compuviper.mx\/tienda\/producto\/apple-md3y4cl-a-ipad-11-chip-a16-wi-fi-128gb-plata\/#breadcrumb"},"inLanguage":"es-MX","potentialAction":[{"@type":"ReadAction","target":["https:\/\/compuviper.mx\/tienda\/producto\/apple-md3y4cl-a-ipad-11-chip-a16-wi-fi-128gb-plata\/"]}]},{"@type":"BreadcrumbList","@id":"https:\/\/compuviper.mx\/tienda\/producto\/apple-md3y4cl-a-ipad-11-chip-a16-wi-fi-128gb-plata\/#breadcrumb","itemListElement":[{"@type":"ListItem","position":1,"name":"Inicio","item":"https:\/\/compuviper.mx\/tienda\/"},{"@type":"ListItem","position":2,"name":"Productos","item":"https:\/\/compuviper.mx\/tienda\/productos\/"},{"@type":"ListItem","position":3,"name":"Tabletas","item":"https:\/\/compuviper.mx\/tienda\/categoria-producto\/tabletas\/"},{"@type":"ListItem","position":4,"name":"Sin Categor\u00eda","item":"https:\/\/compuviper.mx\/tienda\/categoria-producto\/tabletas\/sin-categoria-tabletas\/"},{"@type":"ListItem","position":5,"name":"Apple Md3y4cl\/a Ipad 11 Chip A16 \/ Wi-fi \/ 128gb \/ Plata"}]},{"@type":"WebSite","@id":"https:\/\/compuviper.mx\/tienda\/#website","url":"https:\/\/compuviper.mx\/tienda\/","name":"Compuviper","description":"Proveedor de Computadoras, Laptops, Servidores, Monitores, Puntos de Venta, Teclados,   Impresoras, T\u00f3ner, C\u00e1maras de Seguridad y m\u00e1s en tu tienda en l\u00ednea","publisher":{"@id":"https:\/\/compuviper.mx\/tienda\/#organization"},"potentialAction":[{"@type":"SearchAction","target":{"@type":"EntryPoint","urlTemplate":"https:\/\/compuviper.mx\/tienda\/?s={search_term_string}"},"query-input":"required name=search_term_string"}],"inLanguage":"es-MX"},{"@type":"Organization","@id":"https:\/\/compuviper.mx\/tienda\/#organization","name":"Compuviper","url":"https:\/\/compuviper.mx\/tienda\/","logo":{"@type":"ImageObject","inLanguage":"es-MX","@id":"https:\/\/compuviper.mx\/tienda\/#\/schema\/logo\/image\/","url":"https:\/\/compuviper.mx\/tienda\/wp-content\/uploads\/2021\/08\/Logo-Compuviper-10.png","contentUrl":"https:\/\/compuviper.mx\/tienda\/wp-content\/uploads\/2021\/08\/Logo-Compuviper-10.png","width":1000,"height":500,"caption":"Compuviper"},"image":{"@id":"https:\/\/compuviper.mx\/tienda\/#\/schema\/logo\/image\/"},"sameAs":["https:\/\/www.facebook.com\/compuviper","https:\/\/www.youtube.com\/channel\/UCf73dERp9Y3cfOq7q8BhLjA?view_as=subscriber"]}]},"product_brand":"APPLE","product_price_amount":"7970","product_price_currency":"MXN","og_availability":"instock","product_availability":"instock","product_retailer_item_id":"MD3Y4CL\/A","product_condition":"new"},"_links":{"self":[{"href":"https:\/\/compuviper.mx\/tienda\/wp-json\/wp\/v2\/product\/250286"}],"collection":[{"href":"https:\/\/compuviper.mx\/tienda\/wp-json\/wp\/v2\/product"}],"about":[{"href":"https:\/\/compuviper.mx\/tienda\/wp-json\/wp\/v2\/types\/product"}],"replies":[{"embeddable":true,"href":"https:\/\/compuviper.mx\/tienda\/wp-json\/wp\/v2\/comments?post=250286"}],"wp:featuredmedia":[{"embeddable":true,"href":"https:\/\/compuviper.mx\/tienda\/wp-json\/wp\/v2\/media\/260274"}],"wp:attachment":[{"href":"https:\/\/compuviper.mx\/tienda\/wp-json\/wp\/v2\/media?parent=250286"}],"wp:term":[{"taxonomy":"product_cat","embeddable":true,"href":"https:\/\/compuviper.mx\/tienda\/wp-json\/wp\/v2\/product_cat?post=250286"},{"taxonomy":"product_tag","embeddable":true,"href":"https:\/\/compuviper.mx\/tienda\/wp-json\/wp\/v2\/product_tag?post=250286"}],"curies":[{"name":"wp","href":"https:\/\/api.w.org\/{rel}","templated":true}]}}