{"id":250196,"date":"2026-04-02T01:51:48","date_gmt":"2026-04-02T07:51:48","guid":{"rendered":"https:\/\/compuviper.mx\/tienda\/producto\/hikvision-hs-tf-e1-256g-hiksemi-memoria-microsd-clase-10-de-256-gb-especializada-para-videovigilancia-uso-24-7-compatibles-con-cmaras-y-otras-marcas-95-mb-s-lectura-55-mb-s-escritura\/"},"modified":"2026-04-02T01:51:48","modified_gmt":"2026-04-02T07:51:48","slug":"hikvision-hs-tf-e1-256g-hiksemi-memoria-microsd-clase-10-de-256-gb-especializada-para-videovigilancia-uso-24-7-compatibles-con-cmaras-y-otras-marcas-95-mb-s-lectura-55-mb-s-escritura","status":"publish","type":"product","link":"https:\/\/compuviper.mx\/tienda\/producto\/hikvision-hs-tf-e1-256g-hiksemi-memoria-microsd-clase-10-de-256-gb-especializada-para-videovigilancia-uso-24-7-compatibles-con-cmaras-y-otras-marcas-95-mb-s-lectura-55-mb-s-escritura\/","title":{"rendered":"Hikvision Hs-tf-e1\/256g Hiksemi Memoria Microsd \/ Clase 10 De 256 Gb \/ Especializada Para Videovigilancia (uso 24\/7) \/ Compatibles Con C?maras  Y Otras Marcas \/ 95 Mb\/s Lectura \/ 55 Mb\/s Escritura"},"content":{"rendered":"<table class=\"descripcion\">\n<tr>\n<td>Capacidad de 256 gb para gran almacenamiento,velocidad de lectura 95 mb\/s y escritura 55 mb\/s,sistema de archivos exfat, compatible con m\u00faltiples dispositivos,clase 10, u3 para video 4k fluido<\/td>\n<\/tr>\n<\/table>\n","protected":false},"excerpt":{"rendered":"<p>Las memorias micro sd neo plus de hiksemi ofrecen un rendimiento excepcional con alta velocidad de transferencia de datos. Permiten almacenar hasta 512gb de archivos, brindando amplia capacidad para fotos, videos y documentos. Son resistentes a ambientes agresivos, ideales para uso en situaciones exigentes al aire libre. Adem\u00e1s, son compatibles con una amplia gama de c\u00e1maras, asegurando su versatilidad y utilidad en m\u00faltiples escenarios.<\/p>\n","protected":false},"featured_media":260679,"comment_status":"open","ping_status":"open","template":"","meta":[],"product_cat":[1793,1795],"product_tag":[1595],"acf":[],"yoast_head":"<!-- This site is optimized with the Yoast SEO plugin v21.7 - https:\/\/yoast.com\/wordpress\/plugins\/seo\/ -->\n<title>[ Hikvision ] &#129351; Hs-tf-e1\/256g Hiksemi Memoria Microsd \/ Clase 10 De 256 Gb \/ Especializada Para Videovigilancia (uso 24\/7) \/ Compatibles Con C\u00e1maras Y Otras Marcas \/ 95 Mb\/s Lectura \/ 55 Mb\/s Escritura<\/title>\n<meta name=\"description\" content=\"Compra Hs-tf-e1\/256g Hiksemi Memoria Microsd \/ Clase 10 De 256 Gb \/ Especializada Para Videovigilancia (uso 24\/7) \/ Compatibles Con C\u00e1maras Y Otras Marcas \/ 95 Mb\/s Lectura \/ 55 Mb\/s Escritura + Env\u00edo a domicilio + Pago seguro + Garant\u00eda\" \/>\n<meta name=\"robots\" content=\"index, follow, max-snippet:-1, max-image-preview:large, max-video-preview:-1\" \/>\n<link rel=\"canonical\" href=\"https:\/\/compuviper.mx\/tienda\/producto\/hikvision-hs-tf-e1-256g-hiksemi-memoria-microsd-clase-10-de-256-gb-especializada-para-videovigilancia-uso-24-7-compatibles-con-cmaras-y-otras-marcas-95-mb-s-lectura-55-mb-s-escritura\/\" \/>\n<meta property=\"og:locale\" content=\"es_MX\" \/>\n<meta property=\"og:type\" content=\"article\" \/>\n<meta property=\"og:title\" content=\"[ Hikvision ] &#129351; Hs-tf-e1\/256g Hiksemi Memoria Microsd \/ Clase 10 De 256 Gb \/ Especializada Para Videovigilancia (uso 24\/7) \/ Compatibles Con C\u00e1maras Y Otras Marcas \/ 95 Mb\/s Lectura \/ 55 Mb\/s Escritura\" \/>\n<meta property=\"og:description\" content=\"Compra Hs-tf-e1\/256g Hiksemi Memoria Microsd \/ Clase 10 De 256 Gb \/ Especializada Para Videovigilancia (uso 24\/7) \/ Compatibles Con C\u00e1maras Y Otras Marcas \/ 95 Mb\/s Lectura \/ 55 Mb\/s Escritura + Env\u00edo a domicilio + Pago seguro + Garant\u00eda\" \/>\n<meta property=\"og:url\" content=\"https:\/\/compuviper.mx\/tienda\/producto\/hikvision-hs-tf-e1-256g-hiksemi-memoria-microsd-clase-10-de-256-gb-especializada-para-videovigilancia-uso-24-7-compatibles-con-cmaras-y-otras-marcas-95-mb-s-lectura-55-mb-s-escritura\/\" \/>\n<meta property=\"og:site_name\" content=\"Compuviper\" \/>\n<meta property=\"article:publisher\" content=\"https:\/\/www.facebook.com\/compuviper\" \/>\n<meta property=\"og:image\" content=\"https:\/\/compuviper.mx\/tienda\/wp-content\/uploads\/2025\/10\/Hiksemi-memoria-microsd-clase-10-de-256-gb-especializada-para-videovigilancia-uso-247-compatibles-con-camaras-hikvision-y-otras-marcas-95-mbs-lectura-55-mbs-escritura.jpg\" \/>\n\t<meta property=\"og:image:width\" content=\"200\" \/>\n\t<meta property=\"og:image:height\" content=\"200\" \/>\n\t<meta property=\"og:image:type\" content=\"image\/jpeg\" \/>\n<meta name=\"twitter:card\" content=\"summary_large_image\" \/>\n<meta name=\"twitter:label1\" content=\"Precio\" \/>\n\t<meta name=\"twitter:data1\" content=\"&#36;626 con IVA\" \/>\n\t<meta name=\"twitter:label2\" content=\"Availability\" \/>\n\t<meta name=\"twitter:data2\" content=\"On backorder\" \/>\n<script type=\"application\/ld+json\" class=\"yoast-schema-graph\">{\"@context\":\"https:\/\/schema.org\",\"@graph\":[{\"@type\":\"WebPage\",\"@id\":\"https:\/\/compuviper.mx\/tienda\/producto\/hikvision-hs-tf-e1-256g-hiksemi-memoria-microsd-clase-10-de-256-gb-especializada-para-videovigilancia-uso-24-7-compatibles-con-cmaras-y-otras-marcas-95-mb-s-lectura-55-mb-s-escritura\/\",\"url\":\"https:\/\/compuviper.mx\/tienda\/producto\/hikvision-hs-tf-e1-256g-hiksemi-memoria-microsd-clase-10-de-256-gb-especializada-para-videovigilancia-uso-24-7-compatibles-con-cmaras-y-otras-marcas-95-mb-s-lectura-55-mb-s-escritura\/\",\"name\":\"[ Hikvision ] &#129351; Hs-tf-e1\/256g Hiksemi Memoria Microsd \/ Clase 10 De 256 Gb \/ Especializada Para Videovigilancia (uso 24\/7) \/ Compatibles Con C\u00e1maras Y Otras Marcas \/ 95 Mb\/s Lectura \/ 55 Mb\/s Escritura\",\"isPartOf\":{\"@id\":\"https:\/\/compuviper.mx\/tienda\/#website\"},\"datePublished\":\"2026-04-02T07:51:48+00:00\",\"dateModified\":\"2026-04-02T07:51:48+00:00\",\"description\":\"Compra Hs-tf-e1\/256g Hiksemi Memoria Microsd \/ Clase 10 De 256 Gb \/ Especializada Para Videovigilancia (uso 24\/7) \/ Compatibles Con C\u00e1maras Y Otras Marcas \/ 95 Mb\/s Lectura \/ 55 Mb\/s Escritura + Env\u00edo a domicilio + Pago seguro + Garant\u00eda\",\"breadcrumb\":{\"@id\":\"https:\/\/compuviper.mx\/tienda\/producto\/hikvision-hs-tf-e1-256g-hiksemi-memoria-microsd-clase-10-de-256-gb-especializada-para-videovigilancia-uso-24-7-compatibles-con-cmaras-y-otras-marcas-95-mb-s-lectura-55-mb-s-escritura\/#breadcrumb\"},\"inLanguage\":\"es-MX\",\"potentialAction\":[{\"@type\":\"ReadAction\",\"target\":[\"https:\/\/compuviper.mx\/tienda\/producto\/hikvision-hs-tf-e1-256g-hiksemi-memoria-microsd-clase-10-de-256-gb-especializada-para-videovigilancia-uso-24-7-compatibles-con-cmaras-y-otras-marcas-95-mb-s-lectura-55-mb-s-escritura\/\"]}]},{\"@type\":\"BreadcrumbList\",\"@id\":\"https:\/\/compuviper.mx\/tienda\/producto\/hikvision-hs-tf-e1-256g-hiksemi-memoria-microsd-clase-10-de-256-gb-especializada-para-videovigilancia-uso-24-7-compatibles-con-cmaras-y-otras-marcas-95-mb-s-lectura-55-mb-s-escritura\/#breadcrumb\",\"itemListElement\":[{\"@type\":\"ListItem\",\"position\":1,\"name\":\"Inicio\",\"item\":\"https:\/\/compuviper.mx\/tienda\/\"},{\"@type\":\"ListItem\",\"position\":2,\"name\":\"Productos\",\"item\":\"https:\/\/compuviper.mx\/tienda\/productos\/\"},{\"@type\":\"ListItem\",\"position\":3,\"name\":\"Memorias\",\"item\":\"https:\/\/compuviper.mx\/tienda\/categoria-producto\/memorias\/\"},{\"@type\":\"ListItem\",\"position\":4,\"name\":\"Memoria Flash Card\",\"item\":\"https:\/\/compuviper.mx\/tienda\/categoria-producto\/memorias\/memoria-flash-card\/\"},{\"@type\":\"ListItem\",\"position\":5,\"name\":\"Hikvision Hs-tf-e1\/256g Hiksemi Memoria Microsd \/ Clase 10 De 256 Gb \/ Especializada Para Videovigilancia (uso 24\/7) \/ Compatibles Con C?maras Y Otras Marcas \/ 95 Mb\/s Lectura \/ 55 Mb\/s Escritura\"}]},{\"@type\":\"WebSite\",\"@id\":\"https:\/\/compuviper.mx\/tienda\/#website\",\"url\":\"https:\/\/compuviper.mx\/tienda\/\",\"name\":\"Compuviper\",\"description\":\"Proveedor de Computadoras, Laptops, Servidores, Monitores, Puntos de Venta, Teclados,   Impresoras, T\u00f3ner, C\u00e1maras de Seguridad y m\u00e1s en tu tienda en l\u00ednea\",\"publisher\":{\"@id\":\"https:\/\/compuviper.mx\/tienda\/#organization\"},\"potentialAction\":[{\"@type\":\"SearchAction\",\"target\":{\"@type\":\"EntryPoint\",\"urlTemplate\":\"https:\/\/compuviper.mx\/tienda\/?s={search_term_string}\"},\"query-input\":\"required name=search_term_string\"}],\"inLanguage\":\"es-MX\"},{\"@type\":\"Organization\",\"@id\":\"https:\/\/compuviper.mx\/tienda\/#organization\",\"name\":\"Compuviper\",\"url\":\"https:\/\/compuviper.mx\/tienda\/\",\"logo\":{\"@type\":\"ImageObject\",\"inLanguage\":\"es-MX\",\"@id\":\"https:\/\/compuviper.mx\/tienda\/#\/schema\/logo\/image\/\",\"url\":\"https:\/\/compuviper.mx\/tienda\/wp-content\/uploads\/2021\/08\/Logo-Compuviper-10.png\",\"contentUrl\":\"https:\/\/compuviper.mx\/tienda\/wp-content\/uploads\/2021\/08\/Logo-Compuviper-10.png\",\"width\":1000,\"height\":500,\"caption\":\"Compuviper\"},\"image\":{\"@id\":\"https:\/\/compuviper.mx\/tienda\/#\/schema\/logo\/image\/\"},\"sameAs\":[\"https:\/\/www.facebook.com\/compuviper\",\"https:\/\/www.youtube.com\/channel\/UCf73dERp9Y3cfOq7q8BhLjA?view_as=subscriber\"]}]}<\/script>\n<meta property=\"product:brand\" content=\"HIKVISION\" \/>\n<meta property=\"product:price:amount\" content=\"626\" \/>\n<meta property=\"product:price:currency\" content=\"MXN\" \/>\n<meta property=\"og:availability\" content=\"backorder\" \/>\n<meta property=\"product:availability\" content=\"available for order\" \/>\n<meta property=\"product:retailer_item_id\" content=\"HS-TF-E1\/256G\" \/>\n<meta property=\"product:condition\" content=\"new\" \/>\n<!-- \/ Yoast SEO plugin. -->","yoast_head_json":{"title":"[ Hikvision ] &#129351; Hs-tf-e1\/256g Hiksemi Memoria Microsd \/ Clase 10 De 256 Gb \/ Especializada Para Videovigilancia (uso 24\/7) \/ Compatibles Con C\u00e1maras Y Otras Marcas \/ 95 Mb\/s Lectura \/ 55 Mb\/s Escritura","description":"Compra Hs-tf-e1\/256g Hiksemi Memoria Microsd \/ Clase 10 De 256 Gb \/ Especializada Para Videovigilancia (uso 24\/7) \/ Compatibles Con C\u00e1maras Y Otras Marcas \/ 95 Mb\/s Lectura \/ 55 Mb\/s Escritura + Env\u00edo a domicilio + Pago seguro + Garant\u00eda","robots":{"index":"index","follow":"follow","max-snippet":"max-snippet:-1","max-image-preview":"max-image-preview:large","max-video-preview":"max-video-preview:-1"},"canonical":"https:\/\/compuviper.mx\/tienda\/producto\/hikvision-hs-tf-e1-256g-hiksemi-memoria-microsd-clase-10-de-256-gb-especializada-para-videovigilancia-uso-24-7-compatibles-con-cmaras-y-otras-marcas-95-mb-s-lectura-55-mb-s-escritura\/","og_locale":"es_MX","og_type":"article","og_title":"[ Hikvision ] &#129351; Hs-tf-e1\/256g Hiksemi Memoria Microsd \/ Clase 10 De 256 Gb \/ Especializada Para Videovigilancia (uso 24\/7) \/ Compatibles Con C\u00e1maras Y Otras Marcas \/ 95 Mb\/s Lectura \/ 55 Mb\/s Escritura","og_description":"Compra Hs-tf-e1\/256g Hiksemi Memoria Microsd \/ Clase 10 De 256 Gb \/ Especializada Para Videovigilancia (uso 24\/7) \/ Compatibles Con C\u00e1maras Y Otras Marcas \/ 95 Mb\/s Lectura \/ 55 Mb\/s Escritura + Env\u00edo a domicilio + Pago seguro + Garant\u00eda","og_url":"https:\/\/compuviper.mx\/tienda\/producto\/hikvision-hs-tf-e1-256g-hiksemi-memoria-microsd-clase-10-de-256-gb-especializada-para-videovigilancia-uso-24-7-compatibles-con-cmaras-y-otras-marcas-95-mb-s-lectura-55-mb-s-escritura\/","og_site_name":"Compuviper","article_publisher":"https:\/\/www.facebook.com\/compuviper","og_image":[{"width":200,"height":200,"url":"https:\/\/compuviper.mx\/tienda\/wp-content\/uploads\/2025\/10\/Hiksemi-memoria-microsd-clase-10-de-256-gb-especializada-para-videovigilancia-uso-247-compatibles-con-camaras-hikvision-y-otras-marcas-95-mbs-lectura-55-mbs-escritura.jpg","type":"image\/jpeg"}],"twitter_card":"summary_large_image","twitter_misc":{"Precio":"&#36;626 con IVA","Availability":"On backorder"},"schema":{"@context":"https:\/\/schema.org","@graph":[{"@type":"WebPage","@id":"https:\/\/compuviper.mx\/tienda\/producto\/hikvision-hs-tf-e1-256g-hiksemi-memoria-microsd-clase-10-de-256-gb-especializada-para-videovigilancia-uso-24-7-compatibles-con-cmaras-y-otras-marcas-95-mb-s-lectura-55-mb-s-escritura\/","url":"https:\/\/compuviper.mx\/tienda\/producto\/hikvision-hs-tf-e1-256g-hiksemi-memoria-microsd-clase-10-de-256-gb-especializada-para-videovigilancia-uso-24-7-compatibles-con-cmaras-y-otras-marcas-95-mb-s-lectura-55-mb-s-escritura\/","name":"[ Hikvision ] &#129351; Hs-tf-e1\/256g Hiksemi Memoria Microsd \/ Clase 10 De 256 Gb \/ Especializada Para Videovigilancia (uso 24\/7) \/ Compatibles Con C\u00e1maras Y Otras Marcas \/ 95 Mb\/s Lectura \/ 55 Mb\/s Escritura","isPartOf":{"@id":"https:\/\/compuviper.mx\/tienda\/#website"},"datePublished":"2026-04-02T07:51:48+00:00","dateModified":"2026-04-02T07:51:48+00:00","description":"Compra Hs-tf-e1\/256g Hiksemi Memoria Microsd \/ Clase 10 De 256 Gb \/ Especializada Para Videovigilancia (uso 24\/7) \/ Compatibles Con C\u00e1maras Y Otras Marcas \/ 95 Mb\/s Lectura \/ 55 Mb\/s Escritura + Env\u00edo a domicilio + Pago seguro + Garant\u00eda","breadcrumb":{"@id":"https:\/\/compuviper.mx\/tienda\/producto\/hikvision-hs-tf-e1-256g-hiksemi-memoria-microsd-clase-10-de-256-gb-especializada-para-videovigilancia-uso-24-7-compatibles-con-cmaras-y-otras-marcas-95-mb-s-lectura-55-mb-s-escritura\/#breadcrumb"},"inLanguage":"es-MX","potentialAction":[{"@type":"ReadAction","target":["https:\/\/compuviper.mx\/tienda\/producto\/hikvision-hs-tf-e1-256g-hiksemi-memoria-microsd-clase-10-de-256-gb-especializada-para-videovigilancia-uso-24-7-compatibles-con-cmaras-y-otras-marcas-95-mb-s-lectura-55-mb-s-escritura\/"]}]},{"@type":"BreadcrumbList","@id":"https:\/\/compuviper.mx\/tienda\/producto\/hikvision-hs-tf-e1-256g-hiksemi-memoria-microsd-clase-10-de-256-gb-especializada-para-videovigilancia-uso-24-7-compatibles-con-cmaras-y-otras-marcas-95-mb-s-lectura-55-mb-s-escritura\/#breadcrumb","itemListElement":[{"@type":"ListItem","position":1,"name":"Inicio","item":"https:\/\/compuviper.mx\/tienda\/"},{"@type":"ListItem","position":2,"name":"Productos","item":"https:\/\/compuviper.mx\/tienda\/productos\/"},{"@type":"ListItem","position":3,"name":"Memorias","item":"https:\/\/compuviper.mx\/tienda\/categoria-producto\/memorias\/"},{"@type":"ListItem","position":4,"name":"Memoria Flash Card","item":"https:\/\/compuviper.mx\/tienda\/categoria-producto\/memorias\/memoria-flash-card\/"},{"@type":"ListItem","position":5,"name":"Hikvision Hs-tf-e1\/256g Hiksemi Memoria Microsd \/ Clase 10 De 256 Gb \/ Especializada Para Videovigilancia (uso 24\/7) \/ Compatibles Con C?maras Y Otras Marcas \/ 95 Mb\/s Lectura \/ 55 Mb\/s Escritura"}]},{"@type":"WebSite","@id":"https:\/\/compuviper.mx\/tienda\/#website","url":"https:\/\/compuviper.mx\/tienda\/","name":"Compuviper","description":"Proveedor de Computadoras, Laptops, Servidores, Monitores, Puntos de Venta, Teclados,   Impresoras, T\u00f3ner, C\u00e1maras de Seguridad y m\u00e1s en tu tienda en l\u00ednea","publisher":{"@id":"https:\/\/compuviper.mx\/tienda\/#organization"},"potentialAction":[{"@type":"SearchAction","target":{"@type":"EntryPoint","urlTemplate":"https:\/\/compuviper.mx\/tienda\/?s={search_term_string}"},"query-input":"required name=search_term_string"}],"inLanguage":"es-MX"},{"@type":"Organization","@id":"https:\/\/compuviper.mx\/tienda\/#organization","name":"Compuviper","url":"https:\/\/compuviper.mx\/tienda\/","logo":{"@type":"ImageObject","inLanguage":"es-MX","@id":"https:\/\/compuviper.mx\/tienda\/#\/schema\/logo\/image\/","url":"https:\/\/compuviper.mx\/tienda\/wp-content\/uploads\/2021\/08\/Logo-Compuviper-10.png","contentUrl":"https:\/\/compuviper.mx\/tienda\/wp-content\/uploads\/2021\/08\/Logo-Compuviper-10.png","width":1000,"height":500,"caption":"Compuviper"},"image":{"@id":"https:\/\/compuviper.mx\/tienda\/#\/schema\/logo\/image\/"},"sameAs":["https:\/\/www.facebook.com\/compuviper","https:\/\/www.youtube.com\/channel\/UCf73dERp9Y3cfOq7q8BhLjA?view_as=subscriber"]}]},"product_brand":"HIKVISION","product_price_amount":"626","product_price_currency":"MXN","og_availability":"backorder","product_availability":"available for order","product_retailer_item_id":"HS-TF-E1\/256G","product_condition":"new"},"_links":{"self":[{"href":"https:\/\/compuviper.mx\/tienda\/wp-json\/wp\/v2\/product\/250196"}],"collection":[{"href":"https:\/\/compuviper.mx\/tienda\/wp-json\/wp\/v2\/product"}],"about":[{"href":"https:\/\/compuviper.mx\/tienda\/wp-json\/wp\/v2\/types\/product"}],"replies":[{"embeddable":true,"href":"https:\/\/compuviper.mx\/tienda\/wp-json\/wp\/v2\/comments?post=250196"}],"wp:featuredmedia":[{"embeddable":true,"href":"https:\/\/compuviper.mx\/tienda\/wp-json\/wp\/v2\/media\/260679"}],"wp:attachment":[{"href":"https:\/\/compuviper.mx\/tienda\/wp-json\/wp\/v2\/media?parent=250196"}],"wp:term":[{"taxonomy":"product_cat","embeddable":true,"href":"https:\/\/compuviper.mx\/tienda\/wp-json\/wp\/v2\/product_cat?post=250196"},{"taxonomy":"product_tag","embeddable":true,"href":"https:\/\/compuviper.mx\/tienda\/wp-json\/wp\/v2\/product_tag?post=250196"}],"curies":[{"name":"wp","href":"https:\/\/api.w.org\/{rel}","templated":true}]}}