{"id":250091,"date":"2026-04-10T23:14:55","date_gmt":"2026-04-11T05:14:55","guid":{"rendered":"https:\/\/compuviper.mx\/tienda\/producto\/acteck-ac-940764-base-enfriadora-froost-epic-be670-altura-ajustable-5-niveles-laptop-de-15-6-pulg-5-ventiladores-10-modos-de-iluminacion-control-de-velocidad-aluminio\/"},"modified":"2026-04-10T23:14:55","modified_gmt":"2026-04-11T05:14:55","slug":"acteck-ac-940764-base-enfriadora-froost-epic-be670-altura-ajustable-5-niveles-laptop-de-15-6-pulg-5-ventiladores-10-modos-de-iluminacion-control-de-velocidad-aluminio","status":"publish","type":"product","link":"https:\/\/compuviper.mx\/tienda\/producto\/acteck-ac-940764-base-enfriadora-froost-epic-be670-altura-ajustable-5-niveles-laptop-de-15-6-pulg-5-ventiladores-10-modos-de-iluminacion-control-de-velocidad-aluminio\/","title":{"rendered":"Acteck Ac-940764 Base Enfriadora Froost Epic Be670 \/ Altura Ajustable 5 Niveles \/ Laptop De 15.6 Pulg \/ 5 Ventiladores \/ 10 Modos De Iluminacion \/ Control De Velocidad \/ Aluminio \/"},"content":{"rendered":"<table class=\"descripcion\">\n<tr>\n<td>Especificaciones<\/td>\n<\/tr>\n<tr>\n<td>\u0095 producto: base enfriadora<\/td>\n<\/tr>\n<tr>\n<td>\u0095 modelo: ac-940764<\/td>\n<\/tr>\n<tr>\n<td>\u0095 color: aluminio<\/td>\n<\/tr>\n<tr>\n<td>\u0095 material: aluminio + abs<\/td>\n<\/tr>\n<tr>\n<td>\u0095 dimensiones: 40 x 28 x 4.8 cm<\/td>\n<\/tr>\n<tr>\n<td>\u0095 peso: 0.93 kg<\/td>\n<\/tr>\n<tr>\n<td>\u0095 compatibilidad: laptops 15.6<\/td>\n<\/tr>\n<tr>\n<td>\u0095 ventiladores<\/td>\n<\/tr>\n<tr>\n<td>        &#8211; 1x 125 mm<\/td>\n<\/tr>\n<tr>\n<td>        &#8211; 4x 60 mm<\/td>\n<\/tr>\n<tr>\n<td>\u0095 velocidad de ventiladores<\/td>\n<\/tr>\n<tr>\n<td>       &#8211; 1100 rpm<\/td>\n<\/tr>\n<tr>\n<td>       &#8211; 2600 rpm<\/td>\n<\/tr>\n<tr>\n<td>\u0095 ruido: 25-28 db<\/td>\n<\/tr>\n<tr>\n<td>\u0095 flujo de aire: 92 cfm<\/td>\n<\/tr>\n<tr>\n<td>\u0095 puertos: 2x usb 2.0<\/td>\n<\/tr>\n<tr>\n<td>\u0095 cable alimentador: usb a<\/td>\n<\/tr>\n<tr>\n<td>\u0095 ajustes de altura: 5 niveles<\/td>\n<\/tr>\n<tr>\n<td>\u0095 iluminacion: 10 modos<\/td>\n<\/tr>\n<tr>\n<td>\u0095 alimentacion: 5 v and #9107; 1 a<\/td>\n<\/tr>\n<\/table>\n","protected":false},"excerpt":{"rendered":"<p>Base enfriadora froost epic be670 \/ altura ajustable 5 niveles \/ laptop de 15.6 pulg \/ 5 ventiladores \/ 10 modos de iluminacion \/ control de velocidad \/ aluminio \/ ac-940764<\/p>\n","protected":false},"featured_media":258783,"comment_status":"open","ping_status":"open","template":"","meta":[],"product_cat":[1485,2145],"product_tag":[1582],"acf":[],"yoast_head":"<!-- This site is optimized with the Yoast SEO plugin v21.7 - https:\/\/yoast.com\/wordpress\/plugins\/seo\/ -->\n<title>[ Acteck ] &#129351; Ac-940764 Base Enfriadora Froost Epic Be670 \/ Altura Ajustable 5 Niveles \/ Laptop De 15.6 Pulg \/ 5 Ventiladores \/ 10 Modos De Iluminacion \/ Control De Velocidad \/ Aluminio \/<\/title>\n<meta name=\"description\" content=\"Compra Ac-940764 Base Enfriadora Froost Epic Be670 \/ Altura Ajustable 5 Niveles \/ Laptop De 15.6 Pulg \/ 5 Ventiladores \/ 10 Modos De Iluminacion \/ Control De Velocidad \/ Aluminio \/ + Env\u00edo a domicilio + Pago seguro + Garant\u00eda\" \/>\n<meta name=\"robots\" content=\"index, follow, max-snippet:-1, max-image-preview:large, max-video-preview:-1\" \/>\n<link rel=\"canonical\" href=\"https:\/\/compuviper.mx\/tienda\/producto\/acteck-ac-940764-base-enfriadora-froost-epic-be670-altura-ajustable-5-niveles-laptop-de-15-6-pulg-5-ventiladores-10-modos-de-iluminacion-control-de-velocidad-aluminio\/\" \/>\n<meta property=\"og:locale\" content=\"es_MX\" \/>\n<meta property=\"og:type\" content=\"article\" \/>\n<meta property=\"og:title\" content=\"[ Acteck ] &#129351; Ac-940764 Base Enfriadora Froost Epic Be670 \/ Altura Ajustable 5 Niveles \/ Laptop De 15.6 Pulg \/ 5 Ventiladores \/ 10 Modos De Iluminacion \/ Control De Velocidad \/ Aluminio \/\" \/>\n<meta property=\"og:description\" content=\"Compra Ac-940764 Base Enfriadora Froost Epic Be670 \/ Altura Ajustable 5 Niveles \/ Laptop De 15.6 Pulg \/ 5 Ventiladores \/ 10 Modos De Iluminacion \/ Control De Velocidad \/ Aluminio \/ + Env\u00edo a domicilio + Pago seguro + Garant\u00eda\" \/>\n<meta property=\"og:url\" content=\"https:\/\/compuviper.mx\/tienda\/producto\/acteck-ac-940764-base-enfriadora-froost-epic-be670-altura-ajustable-5-niveles-laptop-de-15-6-pulg-5-ventiladores-10-modos-de-iluminacion-control-de-velocidad-aluminio\/\" \/>\n<meta property=\"og:site_name\" content=\"Compuviper\" \/>\n<meta property=\"article:publisher\" content=\"https:\/\/www.facebook.com\/compuviper\" \/>\n<meta property=\"og:image\" content=\"https:\/\/compuviper.mx\/tienda\/wp-content\/uploads\/2025\/10\/Base-enfriadora-froost-epic-be670-altura-ajustable-5-niveles-laptop-de-15.6-pulg-5-ventiladores-10-modos-de-iluminacion-control-de-velocidad-aluminio-ac-940764.jpg\" \/>\n\t<meta property=\"og:image:width\" content=\"200\" \/>\n\t<meta property=\"og:image:height\" content=\"200\" \/>\n\t<meta property=\"og:image:type\" content=\"image\/jpeg\" \/>\n<meta name=\"twitter:card\" content=\"summary_large_image\" \/>\n<meta name=\"twitter:label1\" content=\"Precio\" \/>\n\t<meta name=\"twitter:data1\" content=\"&#36;613 con IVA\" \/>\n\t<meta name=\"twitter:label2\" content=\"Availability\" \/>\n\t<meta name=\"twitter:data2\" content=\"In stock\" \/>\n<script type=\"application\/ld+json\" class=\"yoast-schema-graph\">{\"@context\":\"https:\/\/schema.org\",\"@graph\":[{\"@type\":\"WebPage\",\"@id\":\"https:\/\/compuviper.mx\/tienda\/producto\/acteck-ac-940764-base-enfriadora-froost-epic-be670-altura-ajustable-5-niveles-laptop-de-15-6-pulg-5-ventiladores-10-modos-de-iluminacion-control-de-velocidad-aluminio\/\",\"url\":\"https:\/\/compuviper.mx\/tienda\/producto\/acteck-ac-940764-base-enfriadora-froost-epic-be670-altura-ajustable-5-niveles-laptop-de-15-6-pulg-5-ventiladores-10-modos-de-iluminacion-control-de-velocidad-aluminio\/\",\"name\":\"[ Acteck ] &#129351; Ac-940764 Base Enfriadora Froost Epic Be670 \/ Altura Ajustable 5 Niveles \/ Laptop De 15.6 Pulg \/ 5 Ventiladores \/ 10 Modos De Iluminacion \/ Control De Velocidad \/ Aluminio \/\",\"isPartOf\":{\"@id\":\"https:\/\/compuviper.mx\/tienda\/#website\"},\"datePublished\":\"2026-04-11T05:14:55+00:00\",\"dateModified\":\"2026-04-11T05:14:55+00:00\",\"description\":\"Compra Ac-940764 Base Enfriadora Froost Epic Be670 \/ Altura Ajustable 5 Niveles \/ Laptop De 15.6 Pulg \/ 5 Ventiladores \/ 10 Modos De Iluminacion \/ Control De Velocidad \/ Aluminio \/ + Env\u00edo a domicilio + Pago seguro + Garant\u00eda\",\"breadcrumb\":{\"@id\":\"https:\/\/compuviper.mx\/tienda\/producto\/acteck-ac-940764-base-enfriadora-froost-epic-be670-altura-ajustable-5-niveles-laptop-de-15-6-pulg-5-ventiladores-10-modos-de-iluminacion-control-de-velocidad-aluminio\/#breadcrumb\"},\"inLanguage\":\"es-MX\",\"potentialAction\":[{\"@type\":\"ReadAction\",\"target\":[\"https:\/\/compuviper.mx\/tienda\/producto\/acteck-ac-940764-base-enfriadora-froost-epic-be670-altura-ajustable-5-niveles-laptop-de-15-6-pulg-5-ventiladores-10-modos-de-iluminacion-control-de-velocidad-aluminio\/\"]}]},{\"@type\":\"BreadcrumbList\",\"@id\":\"https:\/\/compuviper.mx\/tienda\/producto\/acteck-ac-940764-base-enfriadora-froost-epic-be670-altura-ajustable-5-niveles-laptop-de-15-6-pulg-5-ventiladores-10-modos-de-iluminacion-control-de-velocidad-aluminio\/#breadcrumb\",\"itemListElement\":[{\"@type\":\"ListItem\",\"position\":1,\"name\":\"Inicio\",\"item\":\"https:\/\/compuviper.mx\/tienda\/\"},{\"@type\":\"ListItem\",\"position\":2,\"name\":\"Productos\",\"item\":\"https:\/\/compuviper.mx\/tienda\/productos\/\"},{\"@type\":\"ListItem\",\"position\":3,\"name\":\"Accesorios\",\"item\":\"https:\/\/compuviper.mx\/tienda\/categoria-producto\/accesorios\/\"},{\"@type\":\"ListItem\",\"position\":4,\"name\":\"Base\",\"item\":\"https:\/\/compuviper.mx\/tienda\/categoria-producto\/accesorios\/base\/\"},{\"@type\":\"ListItem\",\"position\":5,\"name\":\"Acteck Ac-940764 Base Enfriadora Froost Epic Be670 \/ Altura Ajustable 5 Niveles \/ Laptop De 15.6 Pulg \/ 5 Ventiladores \/ 10 Modos De Iluminacion \/ Control De Velocidad \/ Aluminio \/\"}]},{\"@type\":\"WebSite\",\"@id\":\"https:\/\/compuviper.mx\/tienda\/#website\",\"url\":\"https:\/\/compuviper.mx\/tienda\/\",\"name\":\"Compuviper\",\"description\":\"Proveedor de Computadoras, Laptops, Servidores, Monitores, Puntos de Venta, Teclados,   Impresoras, T\u00f3ner, C\u00e1maras de Seguridad y m\u00e1s en tu tienda en l\u00ednea\",\"publisher\":{\"@id\":\"https:\/\/compuviper.mx\/tienda\/#organization\"},\"potentialAction\":[{\"@type\":\"SearchAction\",\"target\":{\"@type\":\"EntryPoint\",\"urlTemplate\":\"https:\/\/compuviper.mx\/tienda\/?s={search_term_string}\"},\"query-input\":\"required name=search_term_string\"}],\"inLanguage\":\"es-MX\"},{\"@type\":\"Organization\",\"@id\":\"https:\/\/compuviper.mx\/tienda\/#organization\",\"name\":\"Compuviper\",\"url\":\"https:\/\/compuviper.mx\/tienda\/\",\"logo\":{\"@type\":\"ImageObject\",\"inLanguage\":\"es-MX\",\"@id\":\"https:\/\/compuviper.mx\/tienda\/#\/schema\/logo\/image\/\",\"url\":\"https:\/\/compuviper.mx\/tienda\/wp-content\/uploads\/2021\/08\/Logo-Compuviper-10.png\",\"contentUrl\":\"https:\/\/compuviper.mx\/tienda\/wp-content\/uploads\/2021\/08\/Logo-Compuviper-10.png\",\"width\":1000,\"height\":500,\"caption\":\"Compuviper\"},\"image\":{\"@id\":\"https:\/\/compuviper.mx\/tienda\/#\/schema\/logo\/image\/\"},\"sameAs\":[\"https:\/\/www.facebook.com\/compuviper\",\"https:\/\/www.youtube.com\/channel\/UCf73dERp9Y3cfOq7q8BhLjA?view_as=subscriber\"]}]}<\/script>\n<meta property=\"product:brand\" content=\"ACTECK\" \/>\n<meta property=\"product:price:amount\" content=\"613\" \/>\n<meta property=\"product:price:currency\" content=\"MXN\" \/>\n<meta property=\"og:availability\" content=\"instock\" \/>\n<meta property=\"product:availability\" content=\"instock\" \/>\n<meta property=\"product:retailer_item_id\" content=\"AC-940764\" \/>\n<meta property=\"product:condition\" content=\"new\" \/>\n<!-- \/ Yoast SEO plugin. -->","yoast_head_json":{"title":"[ Acteck ] &#129351; Ac-940764 Base Enfriadora Froost Epic Be670 \/ Altura Ajustable 5 Niveles \/ Laptop De 15.6 Pulg \/ 5 Ventiladores \/ 10 Modos De Iluminacion \/ Control De Velocidad \/ Aluminio \/","description":"Compra Ac-940764 Base Enfriadora Froost Epic Be670 \/ Altura Ajustable 5 Niveles \/ Laptop De 15.6 Pulg \/ 5 Ventiladores \/ 10 Modos De Iluminacion \/ Control De Velocidad \/ Aluminio \/ + Env\u00edo a domicilio + Pago seguro + Garant\u00eda","robots":{"index":"index","follow":"follow","max-snippet":"max-snippet:-1","max-image-preview":"max-image-preview:large","max-video-preview":"max-video-preview:-1"},"canonical":"https:\/\/compuviper.mx\/tienda\/producto\/acteck-ac-940764-base-enfriadora-froost-epic-be670-altura-ajustable-5-niveles-laptop-de-15-6-pulg-5-ventiladores-10-modos-de-iluminacion-control-de-velocidad-aluminio\/","og_locale":"es_MX","og_type":"article","og_title":"[ Acteck ] &#129351; Ac-940764 Base Enfriadora Froost Epic Be670 \/ Altura Ajustable 5 Niveles \/ Laptop De 15.6 Pulg \/ 5 Ventiladores \/ 10 Modos De Iluminacion \/ Control De Velocidad \/ Aluminio \/","og_description":"Compra Ac-940764 Base Enfriadora Froost Epic Be670 \/ Altura Ajustable 5 Niveles \/ Laptop De 15.6 Pulg \/ 5 Ventiladores \/ 10 Modos De Iluminacion \/ Control De Velocidad \/ Aluminio \/ + Env\u00edo a domicilio + Pago seguro + Garant\u00eda","og_url":"https:\/\/compuviper.mx\/tienda\/producto\/acteck-ac-940764-base-enfriadora-froost-epic-be670-altura-ajustable-5-niveles-laptop-de-15-6-pulg-5-ventiladores-10-modos-de-iluminacion-control-de-velocidad-aluminio\/","og_site_name":"Compuviper","article_publisher":"https:\/\/www.facebook.com\/compuviper","og_image":[{"width":200,"height":200,"url":"https:\/\/compuviper.mx\/tienda\/wp-content\/uploads\/2025\/10\/Base-enfriadora-froost-epic-be670-altura-ajustable-5-niveles-laptop-de-15.6-pulg-5-ventiladores-10-modos-de-iluminacion-control-de-velocidad-aluminio-ac-940764.jpg","type":"image\/jpeg"}],"twitter_card":"summary_large_image","twitter_misc":{"Precio":"&#36;613 con IVA","Availability":"In stock"},"schema":{"@context":"https:\/\/schema.org","@graph":[{"@type":"WebPage","@id":"https:\/\/compuviper.mx\/tienda\/producto\/acteck-ac-940764-base-enfriadora-froost-epic-be670-altura-ajustable-5-niveles-laptop-de-15-6-pulg-5-ventiladores-10-modos-de-iluminacion-control-de-velocidad-aluminio\/","url":"https:\/\/compuviper.mx\/tienda\/producto\/acteck-ac-940764-base-enfriadora-froost-epic-be670-altura-ajustable-5-niveles-laptop-de-15-6-pulg-5-ventiladores-10-modos-de-iluminacion-control-de-velocidad-aluminio\/","name":"[ Acteck ] &#129351; Ac-940764 Base Enfriadora Froost Epic Be670 \/ Altura Ajustable 5 Niveles \/ Laptop De 15.6 Pulg \/ 5 Ventiladores \/ 10 Modos De Iluminacion \/ Control De Velocidad \/ Aluminio \/","isPartOf":{"@id":"https:\/\/compuviper.mx\/tienda\/#website"},"datePublished":"2026-04-11T05:14:55+00:00","dateModified":"2026-04-11T05:14:55+00:00","description":"Compra Ac-940764 Base Enfriadora Froost Epic Be670 \/ Altura Ajustable 5 Niveles \/ Laptop De 15.6 Pulg \/ 5 Ventiladores \/ 10 Modos De Iluminacion \/ Control De Velocidad \/ Aluminio \/ + Env\u00edo a domicilio + Pago seguro + Garant\u00eda","breadcrumb":{"@id":"https:\/\/compuviper.mx\/tienda\/producto\/acteck-ac-940764-base-enfriadora-froost-epic-be670-altura-ajustable-5-niveles-laptop-de-15-6-pulg-5-ventiladores-10-modos-de-iluminacion-control-de-velocidad-aluminio\/#breadcrumb"},"inLanguage":"es-MX","potentialAction":[{"@type":"ReadAction","target":["https:\/\/compuviper.mx\/tienda\/producto\/acteck-ac-940764-base-enfriadora-froost-epic-be670-altura-ajustable-5-niveles-laptop-de-15-6-pulg-5-ventiladores-10-modos-de-iluminacion-control-de-velocidad-aluminio\/"]}]},{"@type":"BreadcrumbList","@id":"https:\/\/compuviper.mx\/tienda\/producto\/acteck-ac-940764-base-enfriadora-froost-epic-be670-altura-ajustable-5-niveles-laptop-de-15-6-pulg-5-ventiladores-10-modos-de-iluminacion-control-de-velocidad-aluminio\/#breadcrumb","itemListElement":[{"@type":"ListItem","position":1,"name":"Inicio","item":"https:\/\/compuviper.mx\/tienda\/"},{"@type":"ListItem","position":2,"name":"Productos","item":"https:\/\/compuviper.mx\/tienda\/productos\/"},{"@type":"ListItem","position":3,"name":"Accesorios","item":"https:\/\/compuviper.mx\/tienda\/categoria-producto\/accesorios\/"},{"@type":"ListItem","position":4,"name":"Base","item":"https:\/\/compuviper.mx\/tienda\/categoria-producto\/accesorios\/base\/"},{"@type":"ListItem","position":5,"name":"Acteck Ac-940764 Base Enfriadora Froost Epic Be670 \/ Altura Ajustable 5 Niveles \/ Laptop De 15.6 Pulg \/ 5 Ventiladores \/ 10 Modos De Iluminacion \/ Control De Velocidad \/ Aluminio \/"}]},{"@type":"WebSite","@id":"https:\/\/compuviper.mx\/tienda\/#website","url":"https:\/\/compuviper.mx\/tienda\/","name":"Compuviper","description":"Proveedor de Computadoras, Laptops, Servidores, Monitores, Puntos de Venta, Teclados,   Impresoras, T\u00f3ner, C\u00e1maras de Seguridad y m\u00e1s en tu tienda en l\u00ednea","publisher":{"@id":"https:\/\/compuviper.mx\/tienda\/#organization"},"potentialAction":[{"@type":"SearchAction","target":{"@type":"EntryPoint","urlTemplate":"https:\/\/compuviper.mx\/tienda\/?s={search_term_string}"},"query-input":"required name=search_term_string"}],"inLanguage":"es-MX"},{"@type":"Organization","@id":"https:\/\/compuviper.mx\/tienda\/#organization","name":"Compuviper","url":"https:\/\/compuviper.mx\/tienda\/","logo":{"@type":"ImageObject","inLanguage":"es-MX","@id":"https:\/\/compuviper.mx\/tienda\/#\/schema\/logo\/image\/","url":"https:\/\/compuviper.mx\/tienda\/wp-content\/uploads\/2021\/08\/Logo-Compuviper-10.png","contentUrl":"https:\/\/compuviper.mx\/tienda\/wp-content\/uploads\/2021\/08\/Logo-Compuviper-10.png","width":1000,"height":500,"caption":"Compuviper"},"image":{"@id":"https:\/\/compuviper.mx\/tienda\/#\/schema\/logo\/image\/"},"sameAs":["https:\/\/www.facebook.com\/compuviper","https:\/\/www.youtube.com\/channel\/UCf73dERp9Y3cfOq7q8BhLjA?view_as=subscriber"]}]},"product_brand":"ACTECK","product_price_amount":"613","product_price_currency":"MXN","og_availability":"instock","product_availability":"instock","product_retailer_item_id":"AC-940764","product_condition":"new"},"_links":{"self":[{"href":"https:\/\/compuviper.mx\/tienda\/wp-json\/wp\/v2\/product\/250091"}],"collection":[{"href":"https:\/\/compuviper.mx\/tienda\/wp-json\/wp\/v2\/product"}],"about":[{"href":"https:\/\/compuviper.mx\/tienda\/wp-json\/wp\/v2\/types\/product"}],"replies":[{"embeddable":true,"href":"https:\/\/compuviper.mx\/tienda\/wp-json\/wp\/v2\/comments?post=250091"}],"wp:featuredmedia":[{"embeddable":true,"href":"https:\/\/compuviper.mx\/tienda\/wp-json\/wp\/v2\/media\/258783"}],"wp:attachment":[{"href":"https:\/\/compuviper.mx\/tienda\/wp-json\/wp\/v2\/media?parent=250091"}],"wp:term":[{"taxonomy":"product_cat","embeddable":true,"href":"https:\/\/compuviper.mx\/tienda\/wp-json\/wp\/v2\/product_cat?post=250091"},{"taxonomy":"product_tag","embeddable":true,"href":"https:\/\/compuviper.mx\/tienda\/wp-json\/wp\/v2\/product_tag?post=250091"}],"curies":[{"name":"wp","href":"https:\/\/api.w.org\/{rel}","templated":true}]}}