{"id":250079,"date":"2026-04-02T01:46:10","date_gmt":"2026-04-02T07:46:10","guid":{"rendered":"https:\/\/compuviper.mx\/tienda\/producto\/epson-c31cl02101-impresora-de-etiquetas-colorworks-cw-c8000-inyeccion-de-tinta-a-color-usb-ethernet-wifi\/"},"modified":"2026-04-02T01:46:10","modified_gmt":"2026-04-02T07:46:10","slug":"epson-c31cl02101-impresora-de-etiquetas-colorworks-cw-c8000-inyeccion-de-tinta-a-color-usb-ethernet-wifi-no-incluye-tinta-negra","status":"publish","type":"product","link":"https:\/\/compuviper.mx\/tienda\/producto\/epson-c31cl02101-impresora-de-etiquetas-colorworks-cw-c8000-inyeccion-de-tinta-a-color-usb-ethernet-wifi-no-incluye-tinta-negra\/","title":{"rendered":"Epson C31cl02101 Impresora De Etiquetas  Colorworks Cw-c8000, Inyeccion De Tinta A Color, Usb, Ethernet, Wifi No Incluye Tinta Negra"},"content":{"rendered":"<table class=\"descripcion\">\n<tr>\n<td>Especificaciones tecnicas<\/td>\n<\/tr>\n<tr>\n<td>Impresora<\/td>\n<\/tr>\n<tr>\n<td>Metodo de impresion inyeccion de tinta de linea, matriz de puntos<\/td>\n<\/tr>\n<tr>\n<td>Resolucion de impresion 600 ppp x 1200 ppp<\/td>\n<\/tr>\n<tr>\n<td>Velocidad de impresion hasta 11.8 por segundo (300 mm\/s)<\/td>\n<\/tr>\n<tr>\n<td>Ajuste de color epson preferred color, epson standard,epson vivid color<\/td>\n<\/tr>\n<tr>\n<td>Soporte del tipo de acabado cortador automatico (tipo tijera),<\/td>\n<\/tr>\n<tr>\n<td>Hasta 1,5 millones de cortes<\/td>\n<\/tr>\n<tr>\n<td>Cabezal de impresion precisioncore, permanente<\/td>\n<\/tr>\n<tr>\n<td>Vida util del mecanismo de alimentacion de papel 500 km<\/td>\n<\/tr>\n<tr>\n<td>Tinta pigmentada ultrachrome dl<\/td>\n<\/tr>\n<tr>\n<td>Configuracion del paquete de tinta cuatro (4) paquetes individuales de tinta, 480 ml cada paquete<\/td>\n<\/tr>\n<tr>\n<td>Media<\/td>\n<\/tr>\n<tr>\n<td>Tipos de media compatibles etiqueta troquelada, etiqueta continua,etiqueta sin adhesivo<\/td>\n<\/tr>\n<tr>\n<td>Tipos de materiales compatibles papel comun, papel texturizado, papel<\/td>\n<\/tr>\n<tr>\n<td>Mate, sintetico, papel brillante, pelicula<\/td>\n<\/tr>\n<tr>\n<td>Brillante, papel de alto brillo<\/td>\n<\/tr>\n<tr>\n<td>Separacion de la etiqueta troquelada 3 mm &#8211; 6 mm (0,12 &#8211; 0,24)<\/td>\n<\/tr>\n<tr>\n<td>Posicion del sensor de separacion ajustable; 3 mm &#8211; 56 mm (0,12 -2,20) desde el lado izquierdo;paso: 1 mm (0,04 )<\/td>\n<\/tr>\n<tr>\n<td>Posicion del sensor de marca negra posicion fija; aproximadamente, 12,4 mm (0,49) desde la izquierda<\/td>\n<\/tr>\n<tr>\n<td>Ancho de la marca negra 19 mm (0,75) o mas desde el borde del papel<\/td>\n<\/tr>\n<tr>\n<td>Longitud de la marca negra 4 mm a 25,4 mm (0,16 a 1,0) con 4 mm (0,16) o mas de espacio en blanco alrededor de la marca negra<\/td>\n<\/tr>\n<tr>\n<td>Ancho maximo de impresion 108 mm (4,25)<\/td>\n<\/tr>\n<tr>\n<td>Ancho de la media material de rollo interno (min. &#8211; max.) 25,4 mm \u0096 112 mm (1,0 \u0096 4,40\u0094) material del rollo externo, plegado (min. &#8211; max.):50 mm \u0096 112 mm (1,97 \u0096 4,40\u0094)<\/td>\n<\/tr>\n<tr>\n<td>Longitud de la media (min. &#8211; max.) 8 mm \u0096 1.016 mm (0,31 \u0096 40\u0094)<\/td>\n<\/tr>\n<tr>\n<td>Conectividad<\/td>\n<\/tr>\n<tr>\n<td>Conectividad usb 3.0 (un puerto), usb 2.0 (un puerto)<\/td>\n<\/tr>\n<tr>\n<td>Ethernet  1000base-t\/100base-tx\/10base-t wi-fi llave wi-fi opcional disponible (ot-wl06)<\/td>\n<\/tr>\n<tr>\n<td>Puerto de e\/s de uso general d-sub 25<\/td>\n<\/tr>\n<tr>\n<td>Peso y dimensiones<\/td>\n<\/tr>\n<tr>\n<td>Dimensiones de la impresora (ancho x prof. x altura) 620 mm x 392 mm x 420 mm (24,4 x 15,4 x 16,5)<\/td>\n<\/tr>\n<tr>\n<td>Peso de la impresora aprox.  35 kg (77.16 lb)<\/td>\n<\/tr>\n<tr>\n<td>Peso y dimensiones del empaque<\/td>\n<\/tr>\n<tr>\n<td>Dimensiones del empaque (ancho x prof. x alt.): 818 mm x 576 mm x 616<\/td>\n<\/tr>\n<tr>\n<td>Mm (32,2 x 22,7 x 24,3)<\/td>\n<\/tr>\n<tr>\n<td>Peso del empaque 43 kg (94,8 lb<\/td>\n<\/tr>\n<\/table>\n","protected":false},"excerpt":{"rendered":"<p>R\u00e1pida impresora de etiquetas a color de alta calidad. Para altos volumenes.<\/p>\n","protected":false},"featured_media":260626,"comment_status":"open","ping_status":"open","template":"","meta":[],"product_cat":[1788,1777],"product_tag":[1624],"acf":[],"yoast_head":"<!-- This site is optimized with the Yoast SEO plugin v21.7 - https:\/\/yoast.com\/wordpress\/plugins\/seo\/ -->\n<title>[ Epson ] &#129351; C31cl02101 Impresora De Etiquetas Colorworks Cw-c8000, Inyeccion De Tinta A Color, Usb, Ethernet, Wifi No Incluye Tinta Negra<\/title>\n<meta name=\"description\" content=\"Compra C31cl02101 Impresora De Etiquetas Colorworks Cw-c8000, Inyeccion De Tinta A Color, Usb, Ethernet, Wifi No Incluye Tinta Negra + Env\u00edo a domicilio + Pago seguro + Garant\u00eda\" \/>\n<meta name=\"robots\" content=\"index, follow, max-snippet:-1, max-image-preview:large, max-video-preview:-1\" \/>\n<link rel=\"canonical\" href=\"https:\/\/compuviper.mx\/tienda\/producto\/epson-c31cl02101-impresora-de-etiquetas-colorworks-cw-c8000-inyeccion-de-tinta-a-color-usb-ethernet-wifi-no-incluye-tinta-negra\/\" \/>\n<meta property=\"og:locale\" content=\"es_MX\" \/>\n<meta property=\"og:type\" content=\"article\" \/>\n<meta property=\"og:title\" content=\"[ Epson ] &#129351; C31cl02101 Impresora De Etiquetas Colorworks Cw-c8000, Inyeccion De Tinta A Color, Usb, Ethernet, Wifi No Incluye Tinta Negra\" \/>\n<meta property=\"og:description\" content=\"Compra C31cl02101 Impresora De Etiquetas Colorworks Cw-c8000, Inyeccion De Tinta A Color, Usb, Ethernet, Wifi No Incluye Tinta Negra + Env\u00edo a domicilio + Pago seguro + Garant\u00eda\" \/>\n<meta property=\"og:url\" content=\"https:\/\/compuviper.mx\/tienda\/producto\/epson-c31cl02101-impresora-de-etiquetas-colorworks-cw-c8000-inyeccion-de-tinta-a-color-usb-ethernet-wifi-no-incluye-tinta-negra\/\" \/>\n<meta property=\"og:site_name\" content=\"Compuviper\" \/>\n<meta property=\"article:publisher\" content=\"https:\/\/www.facebook.com\/compuviper\" \/>\n<meta property=\"og:image\" content=\"https:\/\/compuviper.mx\/tienda\/wp-content\/uploads\/2025\/10\/Impresora-de-etiquetas-epson-colorworks-cw-c8000-inyeccion-de-tinta-a-color-usb-ethernet-wifi-no-incluye-tinta-negra.jpg\" \/>\n\t<meta property=\"og:image:width\" content=\"200\" \/>\n\t<meta property=\"og:image:height\" content=\"200\" \/>\n\t<meta property=\"og:image:type\" content=\"image\/jpeg\" \/>\n<meta name=\"twitter:card\" content=\"summary_large_image\" \/>\n<meta name=\"twitter:label1\" content=\"Precio\" \/>\n\t<meta name=\"twitter:data1\" content=\"&#36;150,931 con IVA\" \/>\n\t<meta name=\"twitter:label2\" content=\"Availability\" \/>\n\t<meta name=\"twitter:data2\" content=\"On backorder\" \/>\n<script type=\"application\/ld+json\" class=\"yoast-schema-graph\">{\"@context\":\"https:\/\/schema.org\",\"@graph\":[{\"@type\":\"WebPage\",\"@id\":\"https:\/\/compuviper.mx\/tienda\/producto\/epson-c31cl02101-impresora-de-etiquetas-colorworks-cw-c8000-inyeccion-de-tinta-a-color-usb-ethernet-wifi-no-incluye-tinta-negra\/\",\"url\":\"https:\/\/compuviper.mx\/tienda\/producto\/epson-c31cl02101-impresora-de-etiquetas-colorworks-cw-c8000-inyeccion-de-tinta-a-color-usb-ethernet-wifi-no-incluye-tinta-negra\/\",\"name\":\"[ Epson ] &#129351; C31cl02101 Impresora De Etiquetas Colorworks Cw-c8000, Inyeccion De Tinta A Color, Usb, Ethernet, Wifi No Incluye Tinta Negra\",\"isPartOf\":{\"@id\":\"https:\/\/compuviper.mx\/tienda\/#website\"},\"datePublished\":\"2026-04-02T07:46:10+00:00\",\"dateModified\":\"2026-04-02T07:46:10+00:00\",\"description\":\"Compra C31cl02101 Impresora De Etiquetas Colorworks Cw-c8000, Inyeccion De Tinta A Color, Usb, Ethernet, Wifi No Incluye Tinta Negra + Env\u00edo a domicilio + Pago seguro + Garant\u00eda\",\"breadcrumb\":{\"@id\":\"https:\/\/compuviper.mx\/tienda\/producto\/epson-c31cl02101-impresora-de-etiquetas-colorworks-cw-c8000-inyeccion-de-tinta-a-color-usb-ethernet-wifi-no-incluye-tinta-negra\/#breadcrumb\"},\"inLanguage\":\"es-MX\",\"potentialAction\":[{\"@type\":\"ReadAction\",\"target\":[\"https:\/\/compuviper.mx\/tienda\/producto\/epson-c31cl02101-impresora-de-etiquetas-colorworks-cw-c8000-inyeccion-de-tinta-a-color-usb-ethernet-wifi-no-incluye-tinta-negra\/\"]}]},{\"@type\":\"BreadcrumbList\",\"@id\":\"https:\/\/compuviper.mx\/tienda\/producto\/epson-c31cl02101-impresora-de-etiquetas-colorworks-cw-c8000-inyeccion-de-tinta-a-color-usb-ethernet-wifi-no-incluye-tinta-negra\/#breadcrumb\",\"itemListElement\":[{\"@type\":\"ListItem\",\"position\":1,\"name\":\"Inicio\",\"item\":\"https:\/\/compuviper.mx\/tienda\/\"},{\"@type\":\"ListItem\",\"position\":2,\"name\":\"Productos\",\"item\":\"https:\/\/compuviper.mx\/tienda\/productos\/\"},{\"@type\":\"ListItem\",\"position\":3,\"name\":\"Impresoras\",\"item\":\"https:\/\/compuviper.mx\/tienda\/categoria-producto\/impresoras\/\"},{\"@type\":\"ListItem\",\"position\":4,\"name\":\"Etiquetas\",\"item\":\"https:\/\/compuviper.mx\/tienda\/categoria-producto\/impresoras\/etiquetas\/\"},{\"@type\":\"ListItem\",\"position\":5,\"name\":\"Epson C31cl02101 Impresora De Etiquetas Colorworks Cw-c8000, Inyeccion De Tinta A Color, Usb, Ethernet, Wifi No Incluye Tinta Negra\"}]},{\"@type\":\"WebSite\",\"@id\":\"https:\/\/compuviper.mx\/tienda\/#website\",\"url\":\"https:\/\/compuviper.mx\/tienda\/\",\"name\":\"Compuviper\",\"description\":\"Proveedor de Computadoras, Laptops, Servidores, Monitores, Puntos de Venta, Teclados,   Impresoras, T\u00f3ner, C\u00e1maras de Seguridad y m\u00e1s en tu tienda en l\u00ednea\",\"publisher\":{\"@id\":\"https:\/\/compuviper.mx\/tienda\/#organization\"},\"potentialAction\":[{\"@type\":\"SearchAction\",\"target\":{\"@type\":\"EntryPoint\",\"urlTemplate\":\"https:\/\/compuviper.mx\/tienda\/?s={search_term_string}\"},\"query-input\":\"required name=search_term_string\"}],\"inLanguage\":\"es-MX\"},{\"@type\":\"Organization\",\"@id\":\"https:\/\/compuviper.mx\/tienda\/#organization\",\"name\":\"Compuviper\",\"url\":\"https:\/\/compuviper.mx\/tienda\/\",\"logo\":{\"@type\":\"ImageObject\",\"inLanguage\":\"es-MX\",\"@id\":\"https:\/\/compuviper.mx\/tienda\/#\/schema\/logo\/image\/\",\"url\":\"https:\/\/compuviper.mx\/tienda\/wp-content\/uploads\/2021\/08\/Logo-Compuviper-10.png\",\"contentUrl\":\"https:\/\/compuviper.mx\/tienda\/wp-content\/uploads\/2021\/08\/Logo-Compuviper-10.png\",\"width\":1000,\"height\":500,\"caption\":\"Compuviper\"},\"image\":{\"@id\":\"https:\/\/compuviper.mx\/tienda\/#\/schema\/logo\/image\/\"},\"sameAs\":[\"https:\/\/www.facebook.com\/compuviper\",\"https:\/\/www.youtube.com\/channel\/UCf73dERp9Y3cfOq7q8BhLjA?view_as=subscriber\"]}]}<\/script>\n<meta property=\"product:brand\" content=\"EPSON\" \/>\n<meta property=\"product:price:amount\" content=\"150931\" \/>\n<meta property=\"product:price:currency\" content=\"MXN\" \/>\n<meta property=\"og:availability\" content=\"backorder\" \/>\n<meta property=\"product:availability\" content=\"available for order\" \/>\n<meta property=\"product:retailer_item_id\" content=\"C31CL02101\" \/>\n<meta property=\"product:condition\" content=\"new\" \/>\n<!-- \/ Yoast SEO plugin. -->","yoast_head_json":{"title":"[ Epson ] &#129351; C31cl02101 Impresora De Etiquetas Colorworks Cw-c8000, Inyeccion De Tinta A Color, Usb, Ethernet, Wifi No Incluye Tinta Negra","description":"Compra C31cl02101 Impresora De Etiquetas Colorworks Cw-c8000, Inyeccion De Tinta A Color, Usb, Ethernet, Wifi No Incluye Tinta Negra + Env\u00edo a domicilio + Pago seguro + Garant\u00eda","robots":{"index":"index","follow":"follow","max-snippet":"max-snippet:-1","max-image-preview":"max-image-preview:large","max-video-preview":"max-video-preview:-1"},"canonical":"https:\/\/compuviper.mx\/tienda\/producto\/epson-c31cl02101-impresora-de-etiquetas-colorworks-cw-c8000-inyeccion-de-tinta-a-color-usb-ethernet-wifi-no-incluye-tinta-negra\/","og_locale":"es_MX","og_type":"article","og_title":"[ Epson ] &#129351; C31cl02101 Impresora De Etiquetas Colorworks Cw-c8000, Inyeccion De Tinta A Color, Usb, Ethernet, Wifi No Incluye Tinta Negra","og_description":"Compra C31cl02101 Impresora De Etiquetas Colorworks Cw-c8000, Inyeccion De Tinta A Color, Usb, Ethernet, Wifi No Incluye Tinta Negra + Env\u00edo a domicilio + Pago seguro + Garant\u00eda","og_url":"https:\/\/compuviper.mx\/tienda\/producto\/epson-c31cl02101-impresora-de-etiquetas-colorworks-cw-c8000-inyeccion-de-tinta-a-color-usb-ethernet-wifi-no-incluye-tinta-negra\/","og_site_name":"Compuviper","article_publisher":"https:\/\/www.facebook.com\/compuviper","og_image":[{"width":200,"height":200,"url":"https:\/\/compuviper.mx\/tienda\/wp-content\/uploads\/2025\/10\/Impresora-de-etiquetas-epson-colorworks-cw-c8000-inyeccion-de-tinta-a-color-usb-ethernet-wifi-no-incluye-tinta-negra.jpg","type":"image\/jpeg"}],"twitter_card":"summary_large_image","twitter_misc":{"Precio":"&#36;150,931 con IVA","Availability":"On backorder"},"schema":{"@context":"https:\/\/schema.org","@graph":[{"@type":"WebPage","@id":"https:\/\/compuviper.mx\/tienda\/producto\/epson-c31cl02101-impresora-de-etiquetas-colorworks-cw-c8000-inyeccion-de-tinta-a-color-usb-ethernet-wifi-no-incluye-tinta-negra\/","url":"https:\/\/compuviper.mx\/tienda\/producto\/epson-c31cl02101-impresora-de-etiquetas-colorworks-cw-c8000-inyeccion-de-tinta-a-color-usb-ethernet-wifi-no-incluye-tinta-negra\/","name":"[ Epson ] &#129351; C31cl02101 Impresora De Etiquetas Colorworks Cw-c8000, Inyeccion De Tinta A Color, Usb, Ethernet, Wifi No Incluye Tinta Negra","isPartOf":{"@id":"https:\/\/compuviper.mx\/tienda\/#website"},"datePublished":"2026-04-02T07:46:10+00:00","dateModified":"2026-04-02T07:46:10+00:00","description":"Compra C31cl02101 Impresora De Etiquetas Colorworks Cw-c8000, Inyeccion De Tinta A Color, Usb, Ethernet, Wifi No Incluye Tinta Negra + Env\u00edo a domicilio + Pago seguro + Garant\u00eda","breadcrumb":{"@id":"https:\/\/compuviper.mx\/tienda\/producto\/epson-c31cl02101-impresora-de-etiquetas-colorworks-cw-c8000-inyeccion-de-tinta-a-color-usb-ethernet-wifi-no-incluye-tinta-negra\/#breadcrumb"},"inLanguage":"es-MX","potentialAction":[{"@type":"ReadAction","target":["https:\/\/compuviper.mx\/tienda\/producto\/epson-c31cl02101-impresora-de-etiquetas-colorworks-cw-c8000-inyeccion-de-tinta-a-color-usb-ethernet-wifi-no-incluye-tinta-negra\/"]}]},{"@type":"BreadcrumbList","@id":"https:\/\/compuviper.mx\/tienda\/producto\/epson-c31cl02101-impresora-de-etiquetas-colorworks-cw-c8000-inyeccion-de-tinta-a-color-usb-ethernet-wifi-no-incluye-tinta-negra\/#breadcrumb","itemListElement":[{"@type":"ListItem","position":1,"name":"Inicio","item":"https:\/\/compuviper.mx\/tienda\/"},{"@type":"ListItem","position":2,"name":"Productos","item":"https:\/\/compuviper.mx\/tienda\/productos\/"},{"@type":"ListItem","position":3,"name":"Impresoras","item":"https:\/\/compuviper.mx\/tienda\/categoria-producto\/impresoras\/"},{"@type":"ListItem","position":4,"name":"Etiquetas","item":"https:\/\/compuviper.mx\/tienda\/categoria-producto\/impresoras\/etiquetas\/"},{"@type":"ListItem","position":5,"name":"Epson C31cl02101 Impresora De Etiquetas Colorworks Cw-c8000, Inyeccion De Tinta A Color, Usb, Ethernet, Wifi No Incluye Tinta Negra"}]},{"@type":"WebSite","@id":"https:\/\/compuviper.mx\/tienda\/#website","url":"https:\/\/compuviper.mx\/tienda\/","name":"Compuviper","description":"Proveedor de Computadoras, Laptops, Servidores, Monitores, Puntos de Venta, Teclados,   Impresoras, T\u00f3ner, C\u00e1maras de Seguridad y m\u00e1s en tu tienda en l\u00ednea","publisher":{"@id":"https:\/\/compuviper.mx\/tienda\/#organization"},"potentialAction":[{"@type":"SearchAction","target":{"@type":"EntryPoint","urlTemplate":"https:\/\/compuviper.mx\/tienda\/?s={search_term_string}"},"query-input":"required name=search_term_string"}],"inLanguage":"es-MX"},{"@type":"Organization","@id":"https:\/\/compuviper.mx\/tienda\/#organization","name":"Compuviper","url":"https:\/\/compuviper.mx\/tienda\/","logo":{"@type":"ImageObject","inLanguage":"es-MX","@id":"https:\/\/compuviper.mx\/tienda\/#\/schema\/logo\/image\/","url":"https:\/\/compuviper.mx\/tienda\/wp-content\/uploads\/2021\/08\/Logo-Compuviper-10.png","contentUrl":"https:\/\/compuviper.mx\/tienda\/wp-content\/uploads\/2021\/08\/Logo-Compuviper-10.png","width":1000,"height":500,"caption":"Compuviper"},"image":{"@id":"https:\/\/compuviper.mx\/tienda\/#\/schema\/logo\/image\/"},"sameAs":["https:\/\/www.facebook.com\/compuviper","https:\/\/www.youtube.com\/channel\/UCf73dERp9Y3cfOq7q8BhLjA?view_as=subscriber"]}]},"product_brand":"EPSON","product_price_amount":"150931","product_price_currency":"MXN","og_availability":"backorder","product_availability":"available for order","product_retailer_item_id":"C31CL02101","product_condition":"new"},"_links":{"self":[{"href":"https:\/\/compuviper.mx\/tienda\/wp-json\/wp\/v2\/product\/250079"}],"collection":[{"href":"https:\/\/compuviper.mx\/tienda\/wp-json\/wp\/v2\/product"}],"about":[{"href":"https:\/\/compuviper.mx\/tienda\/wp-json\/wp\/v2\/types\/product"}],"replies":[{"embeddable":true,"href":"https:\/\/compuviper.mx\/tienda\/wp-json\/wp\/v2\/comments?post=250079"}],"wp:featuredmedia":[{"embeddable":true,"href":"https:\/\/compuviper.mx\/tienda\/wp-json\/wp\/v2\/media\/260626"}],"wp:attachment":[{"href":"https:\/\/compuviper.mx\/tienda\/wp-json\/wp\/v2\/media?parent=250079"}],"wp:term":[{"taxonomy":"product_cat","embeddable":true,"href":"https:\/\/compuviper.mx\/tienda\/wp-json\/wp\/v2\/product_cat?post=250079"},{"taxonomy":"product_tag","embeddable":true,"href":"https:\/\/compuviper.mx\/tienda\/wp-json\/wp\/v2\/product_tag?post=250079"}],"curies":[{"name":"wp","href":"https:\/\/api.w.org\/{rel}","templated":true}]}}