{"id":250032,"date":"2026-04-23T00:15:22","date_gmt":"2026-04-23T06:15:22","guid":{"rendered":"https:\/\/compuviper.mx\/tienda\/producto\/dahua-dh-ipc-wpt1339dd-sw-3e2-pv-camara-ip-ipc-wpt1339dd-sw-3e2-pv-ip-pt-wifi-dual-de-6-mp-2-lentes-de-3-mp-c-ufijo-y-pt-iluminador-dual-inteligente-ir-50m-microfono-y-altavoz-integrados-ia\/"},"modified":"2026-04-23T00:15:22","modified_gmt":"2026-04-23T06:15:22","slug":"dahua-dh-ipc-wpt1339dd-sw-3e2-pv-camara-ip-ipc-wpt1339dd-sw-3e2-pv-ip-pt-wifi-dual-de-6-mp-2-lentes-de-3-mp-c-ufijo-y-pt-iluminador-dual-inteligente-ir-50m-microfono-y-altavoz-integrados-ia","status":"publish","type":"product","link":"https:\/\/compuviper.mx\/tienda\/producto\/dahua-dh-ipc-wpt1339dd-sw-3e2-pv-camara-ip-ipc-wpt1339dd-sw-3e2-pv-ip-pt-wifi-dual-de-6-mp-2-lentes-de-3-mp-c-ufijo-y-pt-iluminador-dual-inteligente-ir-50m-microfono-y-altavoz-integrados-ia\/","title":{"rendered":"Dahua Dh-ipc-wpt1339dd-sw-3e2-pv Camara Ip\/ \/ Ipc-wpt1339dd-sw-3e2-pv\/ Ip Pt Wifi Dual De 6 Mp\/ 2 Lentes De 3 Mp C\/u(fijo Y Pt), Iluminador Dual Inteligente, Ir 50m, Microfono Y Altavoz Integrados, Ia, Autotracking, Disuacion A"},"content":{"rendered":"<table class=\"descripcion\">\n<tr>\n<td>Especificaciones tecnicas<\/td>\n<\/tr>\n<tr>\n<td>\u0095 lente fija longitud focal: 2.8 mm<\/td>\n<\/tr>\n<tr>\n<td>\u0095 lente pt longitud focal: 6.0 mm<\/td>\n<\/tr>\n<tr>\n<td>\u0095 fuente de alimentacion: 12 vdc<\/td>\n<\/tr>\n<tr>\n<td>\u0095 consumo de energia: basic: 2.3 w max.: 10 w<\/td>\n<\/tr>\n<tr>\n<td>\u0095 temperatura de operacion: \u009620 \u00b0c to +50 \u00b0c<\/td>\n<\/tr>\n<tr>\n<td>\u0095 humedad de operacion:  and #8804;95% (rh), sin condensacion<\/td>\n<\/tr>\n<tr>\n<td>\u0095 material de la caja: plastico<\/td>\n<\/tr>\n<tr>\n<td>\u0095 dimensiones de producto: 159.4 mm \u00d7 119.1 mm \u00d7 210 mm<\/td>\n<\/tr>\n<tr>\n<td>\u0095 peso neto: 585 g<\/td>\n<\/tr>\n<\/table>\n","protected":false},"excerpt":{"rendered":"<p>Informacion general. La dahua dh-ipc-wpt1339dd-sw-3e2-pv es una camara ip dual de exterior que combina un lente fijo y un lente pt, ambos de 3 megapixeles, para ofrecer cobertura completa de las areas monitoreadas. Con vision nocturna de hasta 50 metros, es ideal para ambientes exteriores con poca iluminacion. La camara incluye tecnologia de inteligencia artificial, que permite el analisis avanzado de imagenes y la deteccion precisa de eventos. Ademas, su sistema de audio bidireccional cuenta con microfono y altavoz integrados, lo que facilita la comunicacion remota en tiempo real. Su diseno robusto la hace resistente a condiciones climaticas adversas. Caracteristicas principales. \u0095 doble 2k: imagenes claras con detalles nitidos. \u0095 canal dual inteligente deteccion: deteccion inteligente de ambas lentes para centrarse en lo que importa. \u0095 alarma de luz y sonido: proporciona alarmas instantaneas para disuadir a los intrusos. \u0095 doble lente, doble vision: una camara, doble proteccion. \u0095 deteccion humana por ia: se centra en lo que importa y reduce las falsas alarmas. \u0095 h.265: tecnologia avanzada de compresion h.265. \u0095 luz dual inteligente: captura detalles de color para su revision posterior al evento.<\/p>\n","protected":false},"featured_media":259395,"comment_status":"open","ping_status":"open","template":"","meta":[],"product_cat":[1681,1608],"product_tag":[1555],"acf":[],"yoast_head":"<!-- This site is optimized with the Yoast SEO plugin v21.7 - https:\/\/yoast.com\/wordpress\/plugins\/seo\/ -->\n<title>[ Dahua ] &#129351; Dh-ipc-wpt1339dd-sw-3e2-pv Camara Ip\/ \/ Ipc-wpt1339dd-sw-3e2-pv\/ Ip Pt Wifi Dual De 6 Mp\/ 2 Lentes De 3 Mp C\/u(fijo Y Pt), Iluminador Dual Inteligente, Ir 50m, Microfono Y Altavoz Integrados, Ia, Autotracking, Disuacion A<\/title>\n<meta name=\"description\" content=\"Compra Dh-ipc-wpt1339dd-sw-3e2-pv Camara Ip\/ \/ Ipc-wpt1339dd-sw-3e2-pv\/ Ip Pt Wifi Dual De 6 Mp\/ 2 Lentes De 3 Mp C\/u(fijo Y Pt), Iluminador Dual Inteligente, Ir 50m, Microfono Y Altavoz Integrados, Ia, Autotracking, Disuacion A + Env\u00edo a domicilio + Pago seguro + Garant\u00eda\" \/>\n<meta name=\"robots\" content=\"index, follow, max-snippet:-1, max-image-preview:large, max-video-preview:-1\" \/>\n<link rel=\"canonical\" href=\"https:\/\/compuviper.mx\/tienda\/producto\/dahua-dh-ipc-wpt1339dd-sw-3e2-pv-camara-ip-ipc-wpt1339dd-sw-3e2-pv-ip-pt-wifi-dual-de-6-mp-2-lentes-de-3-mp-c-ufijo-y-pt-iluminador-dual-inteligente-ir-50m-microfono-y-altavoz-integrados-ia\/\" \/>\n<meta property=\"og:locale\" content=\"es_MX\" \/>\n<meta property=\"og:type\" content=\"article\" \/>\n<meta property=\"og:title\" content=\"[ Dahua ] &#129351; Dh-ipc-wpt1339dd-sw-3e2-pv Camara Ip\/ \/ Ipc-wpt1339dd-sw-3e2-pv\/ Ip Pt Wifi Dual De 6 Mp\/ 2 Lentes De 3 Mp C\/u(fijo Y Pt), Iluminador Dual Inteligente, Ir 50m, Microfono Y Altavoz Integrados, Ia, Autotracking, Disuacion A\" \/>\n<meta property=\"og:description\" content=\"Compra Dh-ipc-wpt1339dd-sw-3e2-pv Camara Ip\/ \/ Ipc-wpt1339dd-sw-3e2-pv\/ Ip Pt Wifi Dual De 6 Mp\/ 2 Lentes De 3 Mp C\/u(fijo Y Pt), Iluminador Dual Inteligente, Ir 50m, Microfono Y Altavoz Integrados, Ia, Autotracking, Disuacion A + Env\u00edo a domicilio + Pago seguro + Garant\u00eda\" \/>\n<meta property=\"og:url\" content=\"https:\/\/compuviper.mx\/tienda\/producto\/dahua-dh-ipc-wpt1339dd-sw-3e2-pv-camara-ip-ipc-wpt1339dd-sw-3e2-pv-ip-pt-wifi-dual-de-6-mp-2-lentes-de-3-mp-c-ufijo-y-pt-iluminador-dual-inteligente-ir-50m-microfono-y-altavoz-integrados-ia\/\" \/>\n<meta property=\"og:site_name\" content=\"Compuviper\" \/>\n<meta property=\"article:publisher\" content=\"https:\/\/www.facebook.com\/compuviper\" \/>\n<meta property=\"og:image\" content=\"https:\/\/compuviper.mx\/tienda\/wp-content\/uploads\/2025\/10\/Camara-ip-dahua-ipc-wpt1339dd-sw-3e2-pv-ip-pt-wifi-dual-de-6-mp-2-lentes-de-3-mp-cufijo-y-pt-iluminador-dual-inteligente-ir-50m-microfono-y-altavoz-integrados-ia-autotracking-disuacion-a.jpg\" \/>\n\t<meta property=\"og:image:width\" content=\"200\" \/>\n\t<meta property=\"og:image:height\" content=\"200\" \/>\n\t<meta property=\"og:image:type\" content=\"image\/jpeg\" \/>\n<meta name=\"twitter:card\" content=\"summary_large_image\" \/>\n<meta name=\"twitter:label1\" content=\"Precio\" \/>\n\t<meta name=\"twitter:data1\" content=\"&#36;1,025 con IVA\" \/>\n\t<meta name=\"twitter:label2\" content=\"Availability\" \/>\n\t<meta name=\"twitter:data2\" content=\"Out of stock\" \/>\n<script type=\"application\/ld+json\" class=\"yoast-schema-graph\">{\"@context\":\"https:\/\/schema.org\",\"@graph\":[{\"@type\":\"WebPage\",\"@id\":\"https:\/\/compuviper.mx\/tienda\/producto\/dahua-dh-ipc-wpt1339dd-sw-3e2-pv-camara-ip-ipc-wpt1339dd-sw-3e2-pv-ip-pt-wifi-dual-de-6-mp-2-lentes-de-3-mp-c-ufijo-y-pt-iluminador-dual-inteligente-ir-50m-microfono-y-altavoz-integrados-ia\/\",\"url\":\"https:\/\/compuviper.mx\/tienda\/producto\/dahua-dh-ipc-wpt1339dd-sw-3e2-pv-camara-ip-ipc-wpt1339dd-sw-3e2-pv-ip-pt-wifi-dual-de-6-mp-2-lentes-de-3-mp-c-ufijo-y-pt-iluminador-dual-inteligente-ir-50m-microfono-y-altavoz-integrados-ia\/\",\"name\":\"[ Dahua ] &#129351; Dh-ipc-wpt1339dd-sw-3e2-pv Camara Ip\/ \/ Ipc-wpt1339dd-sw-3e2-pv\/ Ip Pt Wifi Dual De 6 Mp\/ 2 Lentes De 3 Mp C\/u(fijo Y Pt), Iluminador Dual Inteligente, Ir 50m, Microfono Y Altavoz Integrados, Ia, Autotracking, Disuacion A\",\"isPartOf\":{\"@id\":\"https:\/\/compuviper.mx\/tienda\/#website\"},\"datePublished\":\"2026-04-23T06:15:22+00:00\",\"dateModified\":\"2026-04-23T06:15:22+00:00\",\"description\":\"Compra Dh-ipc-wpt1339dd-sw-3e2-pv Camara Ip\/ \/ Ipc-wpt1339dd-sw-3e2-pv\/ Ip Pt Wifi Dual De 6 Mp\/ 2 Lentes De 3 Mp C\/u(fijo Y Pt), Iluminador Dual Inteligente, Ir 50m, Microfono Y Altavoz Integrados, Ia, Autotracking, Disuacion A + Env\u00edo a domicilio + Pago seguro + Garant\u00eda\",\"breadcrumb\":{\"@id\":\"https:\/\/compuviper.mx\/tienda\/producto\/dahua-dh-ipc-wpt1339dd-sw-3e2-pv-camara-ip-ipc-wpt1339dd-sw-3e2-pv-ip-pt-wifi-dual-de-6-mp-2-lentes-de-3-mp-c-ufijo-y-pt-iluminador-dual-inteligente-ir-50m-microfono-y-altavoz-integrados-ia\/#breadcrumb\"},\"inLanguage\":\"es-MX\",\"potentialAction\":[{\"@type\":\"ReadAction\",\"target\":[\"https:\/\/compuviper.mx\/tienda\/producto\/dahua-dh-ipc-wpt1339dd-sw-3e2-pv-camara-ip-ipc-wpt1339dd-sw-3e2-pv-ip-pt-wifi-dual-de-6-mp-2-lentes-de-3-mp-c-ufijo-y-pt-iluminador-dual-inteligente-ir-50m-microfono-y-altavoz-integrados-ia\/\"]}]},{\"@type\":\"BreadcrumbList\",\"@id\":\"https:\/\/compuviper.mx\/tienda\/producto\/dahua-dh-ipc-wpt1339dd-sw-3e2-pv-camara-ip-ipc-wpt1339dd-sw-3e2-pv-ip-pt-wifi-dual-de-6-mp-2-lentes-de-3-mp-c-ufijo-y-pt-iluminador-dual-inteligente-ir-50m-microfono-y-altavoz-integrados-ia\/#breadcrumb\",\"itemListElement\":[{\"@type\":\"ListItem\",\"position\":1,\"name\":\"Inicio\",\"item\":\"https:\/\/compuviper.mx\/tienda\/\"},{\"@type\":\"ListItem\",\"position\":2,\"name\":\"Productos\",\"item\":\"https:\/\/compuviper.mx\/tienda\/productos\/\"},{\"@type\":\"ListItem\",\"position\":3,\"name\":\"Camaras\",\"item\":\"https:\/\/compuviper.mx\/tienda\/categoria-producto\/camaras-2\/\"},{\"@type\":\"ListItem\",\"position\":4,\"name\":\"Camara De Videovigilancia\",\"item\":\"https:\/\/compuviper.mx\/tienda\/categoria-producto\/camaras-2\/camara-de-videovigilancia\/\"},{\"@type\":\"ListItem\",\"position\":5,\"name\":\"Dahua Dh-ipc-wpt1339dd-sw-3e2-pv Camara Ip\/ \/ Ipc-wpt1339dd-sw-3e2-pv\/ Ip Pt Wifi Dual De 6 Mp\/ 2 Lentes De 3 Mp C\/u(fijo Y Pt), Iluminador Dual Inteligente, Ir 50m, Microfono Y Altavoz Integrados, Ia, Autotracking, Disuacion A\"}]},{\"@type\":\"WebSite\",\"@id\":\"https:\/\/compuviper.mx\/tienda\/#website\",\"url\":\"https:\/\/compuviper.mx\/tienda\/\",\"name\":\"Compuviper\",\"description\":\"Proveedor de Computadoras, Laptops, Servidores, Monitores, Puntos de Venta, Teclados,   Impresoras, T\u00f3ner, C\u00e1maras de Seguridad y m\u00e1s en tu tienda en l\u00ednea\",\"publisher\":{\"@id\":\"https:\/\/compuviper.mx\/tienda\/#organization\"},\"potentialAction\":[{\"@type\":\"SearchAction\",\"target\":{\"@type\":\"EntryPoint\",\"urlTemplate\":\"https:\/\/compuviper.mx\/tienda\/?s={search_term_string}\"},\"query-input\":\"required name=search_term_string\"}],\"inLanguage\":\"es-MX\"},{\"@type\":\"Organization\",\"@id\":\"https:\/\/compuviper.mx\/tienda\/#organization\",\"name\":\"Compuviper\",\"url\":\"https:\/\/compuviper.mx\/tienda\/\",\"logo\":{\"@type\":\"ImageObject\",\"inLanguage\":\"es-MX\",\"@id\":\"https:\/\/compuviper.mx\/tienda\/#\/schema\/logo\/image\/\",\"url\":\"https:\/\/compuviper.mx\/tienda\/wp-content\/uploads\/2021\/08\/Logo-Compuviper-10.png\",\"contentUrl\":\"https:\/\/compuviper.mx\/tienda\/wp-content\/uploads\/2021\/08\/Logo-Compuviper-10.png\",\"width\":1000,\"height\":500,\"caption\":\"Compuviper\"},\"image\":{\"@id\":\"https:\/\/compuviper.mx\/tienda\/#\/schema\/logo\/image\/\"},\"sameAs\":[\"https:\/\/www.facebook.com\/compuviper\",\"https:\/\/www.youtube.com\/channel\/UCf73dERp9Y3cfOq7q8BhLjA?view_as=subscriber\"]}]}<\/script>\n<meta property=\"product:brand\" content=\"DAHUA\" \/>\n<meta property=\"product:price:amount\" content=\"1025\" \/>\n<meta property=\"product:price:currency\" content=\"MXN\" \/>\n<meta property=\"og:availability\" content=\"out of stock\" \/>\n<meta property=\"product:availability\" content=\"out of stock\" \/>\n<meta property=\"product:retailer_item_id\" content=\"DH-IPC-WPT1339DD-SW-3E2-PV\" \/>\n<meta property=\"product:condition\" content=\"new\" \/>\n<!-- \/ Yoast SEO plugin. -->","yoast_head_json":{"title":"[ Dahua ] &#129351; Dh-ipc-wpt1339dd-sw-3e2-pv Camara Ip\/ \/ Ipc-wpt1339dd-sw-3e2-pv\/ Ip Pt Wifi Dual De 6 Mp\/ 2 Lentes De 3 Mp C\/u(fijo Y Pt), Iluminador Dual Inteligente, Ir 50m, Microfono Y Altavoz Integrados, Ia, Autotracking, Disuacion A","description":"Compra Dh-ipc-wpt1339dd-sw-3e2-pv Camara Ip\/ \/ Ipc-wpt1339dd-sw-3e2-pv\/ Ip Pt Wifi Dual De 6 Mp\/ 2 Lentes De 3 Mp C\/u(fijo Y Pt), Iluminador Dual Inteligente, Ir 50m, Microfono Y Altavoz Integrados, Ia, Autotracking, Disuacion A + Env\u00edo a domicilio + Pago seguro + Garant\u00eda","robots":{"index":"index","follow":"follow","max-snippet":"max-snippet:-1","max-image-preview":"max-image-preview:large","max-video-preview":"max-video-preview:-1"},"canonical":"https:\/\/compuviper.mx\/tienda\/producto\/dahua-dh-ipc-wpt1339dd-sw-3e2-pv-camara-ip-ipc-wpt1339dd-sw-3e2-pv-ip-pt-wifi-dual-de-6-mp-2-lentes-de-3-mp-c-ufijo-y-pt-iluminador-dual-inteligente-ir-50m-microfono-y-altavoz-integrados-ia\/","og_locale":"es_MX","og_type":"article","og_title":"[ Dahua ] &#129351; Dh-ipc-wpt1339dd-sw-3e2-pv Camara Ip\/ \/ Ipc-wpt1339dd-sw-3e2-pv\/ Ip Pt Wifi Dual De 6 Mp\/ 2 Lentes De 3 Mp C\/u(fijo Y Pt), Iluminador Dual Inteligente, Ir 50m, Microfono Y Altavoz Integrados, Ia, Autotracking, Disuacion A","og_description":"Compra Dh-ipc-wpt1339dd-sw-3e2-pv Camara Ip\/ \/ Ipc-wpt1339dd-sw-3e2-pv\/ Ip Pt Wifi Dual De 6 Mp\/ 2 Lentes De 3 Mp C\/u(fijo Y Pt), Iluminador Dual Inteligente, Ir 50m, Microfono Y Altavoz Integrados, Ia, Autotracking, Disuacion A + Env\u00edo a domicilio + Pago seguro + Garant\u00eda","og_url":"https:\/\/compuviper.mx\/tienda\/producto\/dahua-dh-ipc-wpt1339dd-sw-3e2-pv-camara-ip-ipc-wpt1339dd-sw-3e2-pv-ip-pt-wifi-dual-de-6-mp-2-lentes-de-3-mp-c-ufijo-y-pt-iluminador-dual-inteligente-ir-50m-microfono-y-altavoz-integrados-ia\/","og_site_name":"Compuviper","article_publisher":"https:\/\/www.facebook.com\/compuviper","og_image":[{"width":200,"height":200,"url":"https:\/\/compuviper.mx\/tienda\/wp-content\/uploads\/2025\/10\/Camara-ip-dahua-ipc-wpt1339dd-sw-3e2-pv-ip-pt-wifi-dual-de-6-mp-2-lentes-de-3-mp-cufijo-y-pt-iluminador-dual-inteligente-ir-50m-microfono-y-altavoz-integrados-ia-autotracking-disuacion-a.jpg","type":"image\/jpeg"}],"twitter_card":"summary_large_image","twitter_misc":{"Precio":"&#36;1,025 con IVA","Availability":"Out of stock"},"schema":{"@context":"https:\/\/schema.org","@graph":[{"@type":"WebPage","@id":"https:\/\/compuviper.mx\/tienda\/producto\/dahua-dh-ipc-wpt1339dd-sw-3e2-pv-camara-ip-ipc-wpt1339dd-sw-3e2-pv-ip-pt-wifi-dual-de-6-mp-2-lentes-de-3-mp-c-ufijo-y-pt-iluminador-dual-inteligente-ir-50m-microfono-y-altavoz-integrados-ia\/","url":"https:\/\/compuviper.mx\/tienda\/producto\/dahua-dh-ipc-wpt1339dd-sw-3e2-pv-camara-ip-ipc-wpt1339dd-sw-3e2-pv-ip-pt-wifi-dual-de-6-mp-2-lentes-de-3-mp-c-ufijo-y-pt-iluminador-dual-inteligente-ir-50m-microfono-y-altavoz-integrados-ia\/","name":"[ Dahua ] &#129351; Dh-ipc-wpt1339dd-sw-3e2-pv Camara Ip\/ \/ Ipc-wpt1339dd-sw-3e2-pv\/ Ip Pt Wifi Dual De 6 Mp\/ 2 Lentes De 3 Mp C\/u(fijo Y Pt), Iluminador Dual Inteligente, Ir 50m, Microfono Y Altavoz Integrados, Ia, Autotracking, Disuacion A","isPartOf":{"@id":"https:\/\/compuviper.mx\/tienda\/#website"},"datePublished":"2026-04-23T06:15:22+00:00","dateModified":"2026-04-23T06:15:22+00:00","description":"Compra Dh-ipc-wpt1339dd-sw-3e2-pv Camara Ip\/ \/ Ipc-wpt1339dd-sw-3e2-pv\/ Ip Pt Wifi Dual De 6 Mp\/ 2 Lentes De 3 Mp C\/u(fijo Y Pt), Iluminador Dual Inteligente, Ir 50m, Microfono Y Altavoz Integrados, Ia, Autotracking, Disuacion A + Env\u00edo a domicilio + Pago seguro + Garant\u00eda","breadcrumb":{"@id":"https:\/\/compuviper.mx\/tienda\/producto\/dahua-dh-ipc-wpt1339dd-sw-3e2-pv-camara-ip-ipc-wpt1339dd-sw-3e2-pv-ip-pt-wifi-dual-de-6-mp-2-lentes-de-3-mp-c-ufijo-y-pt-iluminador-dual-inteligente-ir-50m-microfono-y-altavoz-integrados-ia\/#breadcrumb"},"inLanguage":"es-MX","potentialAction":[{"@type":"ReadAction","target":["https:\/\/compuviper.mx\/tienda\/producto\/dahua-dh-ipc-wpt1339dd-sw-3e2-pv-camara-ip-ipc-wpt1339dd-sw-3e2-pv-ip-pt-wifi-dual-de-6-mp-2-lentes-de-3-mp-c-ufijo-y-pt-iluminador-dual-inteligente-ir-50m-microfono-y-altavoz-integrados-ia\/"]}]},{"@type":"BreadcrumbList","@id":"https:\/\/compuviper.mx\/tienda\/producto\/dahua-dh-ipc-wpt1339dd-sw-3e2-pv-camara-ip-ipc-wpt1339dd-sw-3e2-pv-ip-pt-wifi-dual-de-6-mp-2-lentes-de-3-mp-c-ufijo-y-pt-iluminador-dual-inteligente-ir-50m-microfono-y-altavoz-integrados-ia\/#breadcrumb","itemListElement":[{"@type":"ListItem","position":1,"name":"Inicio","item":"https:\/\/compuviper.mx\/tienda\/"},{"@type":"ListItem","position":2,"name":"Productos","item":"https:\/\/compuviper.mx\/tienda\/productos\/"},{"@type":"ListItem","position":3,"name":"Camaras","item":"https:\/\/compuviper.mx\/tienda\/categoria-producto\/camaras-2\/"},{"@type":"ListItem","position":4,"name":"Camara De Videovigilancia","item":"https:\/\/compuviper.mx\/tienda\/categoria-producto\/camaras-2\/camara-de-videovigilancia\/"},{"@type":"ListItem","position":5,"name":"Dahua Dh-ipc-wpt1339dd-sw-3e2-pv Camara Ip\/ \/ Ipc-wpt1339dd-sw-3e2-pv\/ Ip Pt Wifi Dual De 6 Mp\/ 2 Lentes De 3 Mp C\/u(fijo Y Pt), Iluminador Dual Inteligente, Ir 50m, Microfono Y Altavoz Integrados, Ia, Autotracking, Disuacion A"}]},{"@type":"WebSite","@id":"https:\/\/compuviper.mx\/tienda\/#website","url":"https:\/\/compuviper.mx\/tienda\/","name":"Compuviper","description":"Proveedor de Computadoras, Laptops, Servidores, Monitores, Puntos de Venta, Teclados,   Impresoras, T\u00f3ner, C\u00e1maras de Seguridad y m\u00e1s en tu tienda en l\u00ednea","publisher":{"@id":"https:\/\/compuviper.mx\/tienda\/#organization"},"potentialAction":[{"@type":"SearchAction","target":{"@type":"EntryPoint","urlTemplate":"https:\/\/compuviper.mx\/tienda\/?s={search_term_string}"},"query-input":"required name=search_term_string"}],"inLanguage":"es-MX"},{"@type":"Organization","@id":"https:\/\/compuviper.mx\/tienda\/#organization","name":"Compuviper","url":"https:\/\/compuviper.mx\/tienda\/","logo":{"@type":"ImageObject","inLanguage":"es-MX","@id":"https:\/\/compuviper.mx\/tienda\/#\/schema\/logo\/image\/","url":"https:\/\/compuviper.mx\/tienda\/wp-content\/uploads\/2021\/08\/Logo-Compuviper-10.png","contentUrl":"https:\/\/compuviper.mx\/tienda\/wp-content\/uploads\/2021\/08\/Logo-Compuviper-10.png","width":1000,"height":500,"caption":"Compuviper"},"image":{"@id":"https:\/\/compuviper.mx\/tienda\/#\/schema\/logo\/image\/"},"sameAs":["https:\/\/www.facebook.com\/compuviper","https:\/\/www.youtube.com\/channel\/UCf73dERp9Y3cfOq7q8BhLjA?view_as=subscriber"]}]},"product_brand":"DAHUA","product_price_amount":"1025","product_price_currency":"MXN","og_availability":"out of stock","product_availability":"out of stock","product_retailer_item_id":"DH-IPC-WPT1339DD-SW-3E2-PV","product_condition":"new"},"_links":{"self":[{"href":"https:\/\/compuviper.mx\/tienda\/wp-json\/wp\/v2\/product\/250032"}],"collection":[{"href":"https:\/\/compuviper.mx\/tienda\/wp-json\/wp\/v2\/product"}],"about":[{"href":"https:\/\/compuviper.mx\/tienda\/wp-json\/wp\/v2\/types\/product"}],"replies":[{"embeddable":true,"href":"https:\/\/compuviper.mx\/tienda\/wp-json\/wp\/v2\/comments?post=250032"}],"wp:featuredmedia":[{"embeddable":true,"href":"https:\/\/compuviper.mx\/tienda\/wp-json\/wp\/v2\/media\/259395"}],"wp:attachment":[{"href":"https:\/\/compuviper.mx\/tienda\/wp-json\/wp\/v2\/media?parent=250032"}],"wp:term":[{"taxonomy":"product_cat","embeddable":true,"href":"https:\/\/compuviper.mx\/tienda\/wp-json\/wp\/v2\/product_cat?post=250032"},{"taxonomy":"product_tag","embeddable":true,"href":"https:\/\/compuviper.mx\/tienda\/wp-json\/wp\/v2\/product_tag?post=250032"}],"curies":[{"name":"wp","href":"https:\/\/api.w.org\/{rel}","templated":true}]}}