{"id":249982,"date":"2026-04-02T02:07:04","date_gmt":"2026-04-02T08:07:04","guid":{"rendered":"https:\/\/compuviper.mx\/tienda\/producto\/poly-7d793aaaba-manos-libre-hp-voyager-5200-monoaural-con-base-de-carga-inalmbrico-bluetooth-receptor-usb-a-duracin-hasta-7-hrs-negro\/"},"modified":"2026-04-02T02:07:04","modified_gmt":"2026-04-02T08:07:04","slug":"poly-7d793aaaba-manos-libre-hp-voyager-5200-monoaural-con-base-de-carga-inalmbrico-bluetooth-receptor-usb-a-duracin-hasta-7-hrs-negro","status":"publish","type":"product","link":"https:\/\/compuviper.mx\/tienda\/producto\/poly-7d793aaaba-manos-libre-hp-voyager-5200-monoaural-con-base-de-carga-inalmbrico-bluetooth-receptor-usb-a-duracin-hasta-7-hrs-negro\/","title":{"rendered":"Poly 7d793aa#aba Manos Libre Hp   Voyager 5200 \/ Monoaural, Con Base De Carga, Inal?mbrico, Bluetooth, Receptor Usb-a, Duraci?n Hasta 7 Hrs, Negro"},"content":{"rendered":"<table class=\"descripcion\">\n<tr>\n<td>Compatibilidad con hardware:  compatible con pc con tecnolog\u00eda bluetooth\u00ae disponible<\/td>\n<\/tr>\n<tr>\n<td>Color:  negro<\/td>\n<\/tr>\n<tr>\n<td>Duraci\u00f3n de la bater\u00eda:   hasta 7 horas (tiempo de conversaci\u00f3n); hasta 9 d\u00edas (tiempo de espera)<\/td>\n<\/tr>\n<tr>\n<td>Tipo de bater\u00eda:  bater\u00eda recargable de pol\u00edmero de iones de litio<\/td>\n<\/tr>\n<tr>\n<td>Impedancia:  32 ohms<\/td>\n<\/tr>\n<tr>\n<td>Sistemas operativos compatibles:  windows 11; windows 10; macos; android\u0099; ios<\/td>\n<\/tr>\n<tr>\n<td>Dimensiones m\u00ednimas (anch. x prof. x alt.):  91 x 53 x 15 mm<\/td>\n<\/tr>\n<tr>\n<td>Dimensiones del embalaje (an x f x al):   140 x 210 x 115 mm<\/td>\n<\/tr>\n<tr>\n<td>Dimensiones del pallet (an x f x al):    101,6 x 121,9 x 194 cm<\/td>\n<\/tr>\n<tr>\n<td>Cartones por capa:   12<\/td>\n<\/tr>\n<tr>\n<td>Peso:   20 g<\/td>\n<\/tr>\n<tr>\n<td>Peso del empaque:   520 g<\/td>\n<\/tr>\n<tr>\n<td>Peso del pallet:   296 kg<\/td>\n<\/tr>\n<tr>\n<td>Contenido de la caja:   auriculares inal\u00e1mbricos; almohadillas s\/m\/l; cable usb tipo-a; base de oficina; gu\u00eda de inicio r\u00e1pido; tarjeta de garant\u00eda<\/td>\n<\/tr>\n<tr>\n<td>Garant\u00eda del fabricante:   garant\u00eda limitada est\u00e1ndar de dos a\u00f1os de poly<\/td>\n<\/tr>\n<\/table>\n","protected":false},"excerpt":{"rendered":"<p>El sistema de auriculares de la serie voyager 5200 office suena profesional en cualquier entorno, ya sea que se conecte a un tel\u00e9fono de escritorio, equipo o dispositivo m\u00f3vil. -llamadas sin distracciones. Suene profesional en cualquier entorno, ya sea que se conecte a un tel\u00e9fono de escritorio, equipo o dispositivo m\u00f3vil. Seis capas de tecnolog\u00eda windsmart y cuatro micr\u00f3fonos omnidireccionales reducen los ruidos molestos de fondo, por lo que nada se interpone en una conexi\u00f3n n\u00edtida. -conexiones simplificadas. Simplifique su espacio de trabajo con la base voyager 5200 office. Se dise\u00f1\u00f3 para quienes necesitan conectividad sin problemas para tel\u00e9fonos y equipos de escritorio. Adem\u00e1s, las conversaciones seguir\u00e1n fluyendo, ya que podr\u00e1 pasar f\u00e1cilmente a su dispositivo m\u00f3vil a trav\u00e9s de bluetooth.<\/p>\n","protected":false},"featured_media":260871,"comment_status":"open","ping_status":"open","template":"","meta":[],"product_cat":[1552,1816],"product_tag":[2035],"acf":[],"yoast_head":"<!-- This site is optimized with the Yoast SEO plugin v21.7 - https:\/\/yoast.com\/wordpress\/plugins\/seo\/ -->\n<title>[ Poly ] &#129351; 7d793aa#aba Manos Libre Hp Voyager 5200 \/ Monoaural, Con Base De Carga, Inal\u00e1mbrico, Bluetooth, Receptor Usb-a, Duraci\u00f3n Hasta 7 Hrs, Negro<\/title>\n<meta name=\"description\" content=\"Compra 7d793aa#aba Manos Libre Hp Voyager 5200 \/ Monoaural, Con Base De Carga, Inal\u00e1mbrico, Bluetooth, Receptor Usb-a, Duraci\u00f3n Hasta 7 Hrs, Negro + Env\u00edo a domicilio + Pago seguro + Garant\u00eda\" \/>\n<meta name=\"robots\" content=\"index, follow, max-snippet:-1, max-image-preview:large, max-video-preview:-1\" \/>\n<link rel=\"canonical\" href=\"https:\/\/compuviper.mx\/tienda\/producto\/poly-7d793aaaba-manos-libre-hp-voyager-5200-monoaural-con-base-de-carga-inalmbrico-bluetooth-receptor-usb-a-duracin-hasta-7-hrs-negro\/\" \/>\n<meta property=\"og:locale\" content=\"es_MX\" \/>\n<meta property=\"og:type\" content=\"article\" \/>\n<meta property=\"og:title\" content=\"[ Poly ] &#129351; 7d793aa#aba Manos Libre Hp Voyager 5200 \/ Monoaural, Con Base De Carga, Inal\u00e1mbrico, Bluetooth, Receptor Usb-a, Duraci\u00f3n Hasta 7 Hrs, Negro\" \/>\n<meta property=\"og:description\" content=\"Compra 7d793aa#aba Manos Libre Hp Voyager 5200 \/ Monoaural, Con Base De Carga, Inal\u00e1mbrico, Bluetooth, Receptor Usb-a, Duraci\u00f3n Hasta 7 Hrs, Negro + Env\u00edo a domicilio + Pago seguro + Garant\u00eda\" \/>\n<meta property=\"og:url\" content=\"https:\/\/compuviper.mx\/tienda\/producto\/poly-7d793aaaba-manos-libre-hp-voyager-5200-monoaural-con-base-de-carga-inalmbrico-bluetooth-receptor-usb-a-duracin-hasta-7-hrs-negro\/\" \/>\n<meta property=\"og:site_name\" content=\"Compuviper\" \/>\n<meta property=\"article:publisher\" content=\"https:\/\/www.facebook.com\/compuviper\" \/>\n<meta property=\"og:image\" content=\"https:\/\/compuviper.mx\/tienda\/wp-content\/uploads\/2025\/10\/Manos-libre-hp-poly-7d793aaaba-voyager-5200-monoaural-con-base-de-carga-inalambrico-bluetooth-receptor-usb-a-duracion-hasta-7-hrs-negro.jpg\" \/>\n\t<meta property=\"og:image:width\" content=\"200\" \/>\n\t<meta property=\"og:image:height\" content=\"200\" \/>\n\t<meta property=\"og:image:type\" content=\"image\/jpeg\" \/>\n<meta name=\"twitter:card\" content=\"summary_large_image\" \/>\n<meta name=\"twitter:label1\" content=\"Precio\" \/>\n\t<meta name=\"twitter:data1\" content=\"&#36;5,695 con IVA\" \/>\n\t<meta name=\"twitter:label2\" content=\"Availability\" \/>\n\t<meta name=\"twitter:data2\" content=\"On backorder\" \/>\n<script type=\"application\/ld+json\" class=\"yoast-schema-graph\">{\"@context\":\"https:\/\/schema.org\",\"@graph\":[{\"@type\":\"WebPage\",\"@id\":\"https:\/\/compuviper.mx\/tienda\/producto\/poly-7d793aaaba-manos-libre-hp-voyager-5200-monoaural-con-base-de-carga-inalmbrico-bluetooth-receptor-usb-a-duracin-hasta-7-hrs-negro\/\",\"url\":\"https:\/\/compuviper.mx\/tienda\/producto\/poly-7d793aaaba-manos-libre-hp-voyager-5200-monoaural-con-base-de-carga-inalmbrico-bluetooth-receptor-usb-a-duracin-hasta-7-hrs-negro\/\",\"name\":\"[ Poly ] &#129351; 7d793aa#aba Manos Libre Hp Voyager 5200 \/ Monoaural, Con Base De Carga, Inal\u00e1mbrico, Bluetooth, Receptor Usb-a, Duraci\u00f3n Hasta 7 Hrs, Negro\",\"isPartOf\":{\"@id\":\"https:\/\/compuviper.mx\/tienda\/#website\"},\"datePublished\":\"2026-04-02T08:07:04+00:00\",\"dateModified\":\"2026-04-02T08:07:04+00:00\",\"description\":\"Compra 7d793aa#aba Manos Libre Hp Voyager 5200 \/ Monoaural, Con Base De Carga, Inal\u00e1mbrico, Bluetooth, Receptor Usb-a, Duraci\u00f3n Hasta 7 Hrs, Negro + Env\u00edo a domicilio + Pago seguro + Garant\u00eda\",\"breadcrumb\":{\"@id\":\"https:\/\/compuviper.mx\/tienda\/producto\/poly-7d793aaaba-manos-libre-hp-voyager-5200-monoaural-con-base-de-carga-inalmbrico-bluetooth-receptor-usb-a-duracin-hasta-7-hrs-negro\/#breadcrumb\"},\"inLanguage\":\"es-MX\",\"potentialAction\":[{\"@type\":\"ReadAction\",\"target\":[\"https:\/\/compuviper.mx\/tienda\/producto\/poly-7d793aaaba-manos-libre-hp-voyager-5200-monoaural-con-base-de-carga-inalmbrico-bluetooth-receptor-usb-a-duracin-hasta-7-hrs-negro\/\"]}]},{\"@type\":\"BreadcrumbList\",\"@id\":\"https:\/\/compuviper.mx\/tienda\/producto\/poly-7d793aaaba-manos-libre-hp-voyager-5200-monoaural-con-base-de-carga-inalmbrico-bluetooth-receptor-usb-a-duracin-hasta-7-hrs-negro\/#breadcrumb\",\"itemListElement\":[{\"@type\":\"ListItem\",\"position\":1,\"name\":\"Inicio\",\"item\":\"https:\/\/compuviper.mx\/tienda\/\"},{\"@type\":\"ListItem\",\"position\":2,\"name\":\"Productos\",\"item\":\"https:\/\/compuviper.mx\/tienda\/productos\/\"},{\"@type\":\"ListItem\",\"position\":3,\"name\":\"Audifonos Y Micro\",\"item\":\"https:\/\/compuviper.mx\/tienda\/categoria-producto\/audifonos-y-micro\/\"},{\"@type\":\"ListItem\",\"position\":4,\"name\":\"Audifono Con Microfono\",\"item\":\"https:\/\/compuviper.mx\/tienda\/categoria-producto\/audifonos-y-micro\/audifono-con-microfono\/\"},{\"@type\":\"ListItem\",\"position\":5,\"name\":\"Poly 7d793aa#aba Manos Libre Hp Voyager 5200 \/ Monoaural, Con Base De Carga, Inal?mbrico, Bluetooth, Receptor Usb-a, Duraci?n Hasta 7 Hrs, Negro\"}]},{\"@type\":\"WebSite\",\"@id\":\"https:\/\/compuviper.mx\/tienda\/#website\",\"url\":\"https:\/\/compuviper.mx\/tienda\/\",\"name\":\"Compuviper\",\"description\":\"Proveedor de Computadoras, Laptops, Servidores, Monitores, Puntos de Venta, Teclados,   Impresoras, T\u00f3ner, C\u00e1maras de Seguridad y m\u00e1s en tu tienda en l\u00ednea\",\"publisher\":{\"@id\":\"https:\/\/compuviper.mx\/tienda\/#organization\"},\"potentialAction\":[{\"@type\":\"SearchAction\",\"target\":{\"@type\":\"EntryPoint\",\"urlTemplate\":\"https:\/\/compuviper.mx\/tienda\/?s={search_term_string}\"},\"query-input\":\"required name=search_term_string\"}],\"inLanguage\":\"es-MX\"},{\"@type\":\"Organization\",\"@id\":\"https:\/\/compuviper.mx\/tienda\/#organization\",\"name\":\"Compuviper\",\"url\":\"https:\/\/compuviper.mx\/tienda\/\",\"logo\":{\"@type\":\"ImageObject\",\"inLanguage\":\"es-MX\",\"@id\":\"https:\/\/compuviper.mx\/tienda\/#\/schema\/logo\/image\/\",\"url\":\"https:\/\/compuviper.mx\/tienda\/wp-content\/uploads\/2021\/08\/Logo-Compuviper-10.png\",\"contentUrl\":\"https:\/\/compuviper.mx\/tienda\/wp-content\/uploads\/2021\/08\/Logo-Compuviper-10.png\",\"width\":1000,\"height\":500,\"caption\":\"Compuviper\"},\"image\":{\"@id\":\"https:\/\/compuviper.mx\/tienda\/#\/schema\/logo\/image\/\"},\"sameAs\":[\"https:\/\/www.facebook.com\/compuviper\",\"https:\/\/www.youtube.com\/channel\/UCf73dERp9Y3cfOq7q8BhLjA?view_as=subscriber\"]}]}<\/script>\n<meta property=\"product:brand\" content=\"POLY\" \/>\n<meta property=\"product:price:amount\" content=\"5695\" \/>\n<meta property=\"product:price:currency\" content=\"MXN\" \/>\n<meta property=\"og:availability\" content=\"backorder\" \/>\n<meta property=\"product:availability\" content=\"available for order\" \/>\n<meta property=\"product:retailer_item_id\" content=\"7D793AA#ABA\" \/>\n<meta property=\"product:condition\" content=\"new\" \/>\n<!-- \/ Yoast SEO plugin. -->","yoast_head_json":{"title":"[ Poly ] &#129351; 7d793aa#aba Manos Libre Hp Voyager 5200 \/ Monoaural, Con Base De Carga, Inal\u00e1mbrico, Bluetooth, Receptor Usb-a, Duraci\u00f3n Hasta 7 Hrs, Negro","description":"Compra 7d793aa#aba Manos Libre Hp Voyager 5200 \/ Monoaural, Con Base De Carga, Inal\u00e1mbrico, Bluetooth, Receptor Usb-a, Duraci\u00f3n Hasta 7 Hrs, Negro + Env\u00edo a domicilio + Pago seguro + Garant\u00eda","robots":{"index":"index","follow":"follow","max-snippet":"max-snippet:-1","max-image-preview":"max-image-preview:large","max-video-preview":"max-video-preview:-1"},"canonical":"https:\/\/compuviper.mx\/tienda\/producto\/poly-7d793aaaba-manos-libre-hp-voyager-5200-monoaural-con-base-de-carga-inalmbrico-bluetooth-receptor-usb-a-duracin-hasta-7-hrs-negro\/","og_locale":"es_MX","og_type":"article","og_title":"[ Poly ] &#129351; 7d793aa#aba Manos Libre Hp Voyager 5200 \/ Monoaural, Con Base De Carga, Inal\u00e1mbrico, Bluetooth, Receptor Usb-a, Duraci\u00f3n Hasta 7 Hrs, Negro","og_description":"Compra 7d793aa#aba Manos Libre Hp Voyager 5200 \/ Monoaural, Con Base De Carga, Inal\u00e1mbrico, Bluetooth, Receptor Usb-a, Duraci\u00f3n Hasta 7 Hrs, Negro + Env\u00edo a domicilio + Pago seguro + Garant\u00eda","og_url":"https:\/\/compuviper.mx\/tienda\/producto\/poly-7d793aaaba-manos-libre-hp-voyager-5200-monoaural-con-base-de-carga-inalmbrico-bluetooth-receptor-usb-a-duracin-hasta-7-hrs-negro\/","og_site_name":"Compuviper","article_publisher":"https:\/\/www.facebook.com\/compuviper","og_image":[{"width":200,"height":200,"url":"https:\/\/compuviper.mx\/tienda\/wp-content\/uploads\/2025\/10\/Manos-libre-hp-poly-7d793aaaba-voyager-5200-monoaural-con-base-de-carga-inalambrico-bluetooth-receptor-usb-a-duracion-hasta-7-hrs-negro.jpg","type":"image\/jpeg"}],"twitter_card":"summary_large_image","twitter_misc":{"Precio":"&#36;5,695 con IVA","Availability":"On backorder"},"schema":{"@context":"https:\/\/schema.org","@graph":[{"@type":"WebPage","@id":"https:\/\/compuviper.mx\/tienda\/producto\/poly-7d793aaaba-manos-libre-hp-voyager-5200-monoaural-con-base-de-carga-inalmbrico-bluetooth-receptor-usb-a-duracin-hasta-7-hrs-negro\/","url":"https:\/\/compuviper.mx\/tienda\/producto\/poly-7d793aaaba-manos-libre-hp-voyager-5200-monoaural-con-base-de-carga-inalmbrico-bluetooth-receptor-usb-a-duracin-hasta-7-hrs-negro\/","name":"[ Poly ] &#129351; 7d793aa#aba Manos Libre Hp Voyager 5200 \/ Monoaural, Con Base De Carga, Inal\u00e1mbrico, Bluetooth, Receptor Usb-a, Duraci\u00f3n Hasta 7 Hrs, Negro","isPartOf":{"@id":"https:\/\/compuviper.mx\/tienda\/#website"},"datePublished":"2026-04-02T08:07:04+00:00","dateModified":"2026-04-02T08:07:04+00:00","description":"Compra 7d793aa#aba Manos Libre Hp Voyager 5200 \/ Monoaural, Con Base De Carga, Inal\u00e1mbrico, Bluetooth, Receptor Usb-a, Duraci\u00f3n Hasta 7 Hrs, Negro + Env\u00edo a domicilio + Pago seguro + Garant\u00eda","breadcrumb":{"@id":"https:\/\/compuviper.mx\/tienda\/producto\/poly-7d793aaaba-manos-libre-hp-voyager-5200-monoaural-con-base-de-carga-inalmbrico-bluetooth-receptor-usb-a-duracin-hasta-7-hrs-negro\/#breadcrumb"},"inLanguage":"es-MX","potentialAction":[{"@type":"ReadAction","target":["https:\/\/compuviper.mx\/tienda\/producto\/poly-7d793aaaba-manos-libre-hp-voyager-5200-monoaural-con-base-de-carga-inalmbrico-bluetooth-receptor-usb-a-duracin-hasta-7-hrs-negro\/"]}]},{"@type":"BreadcrumbList","@id":"https:\/\/compuviper.mx\/tienda\/producto\/poly-7d793aaaba-manos-libre-hp-voyager-5200-monoaural-con-base-de-carga-inalmbrico-bluetooth-receptor-usb-a-duracin-hasta-7-hrs-negro\/#breadcrumb","itemListElement":[{"@type":"ListItem","position":1,"name":"Inicio","item":"https:\/\/compuviper.mx\/tienda\/"},{"@type":"ListItem","position":2,"name":"Productos","item":"https:\/\/compuviper.mx\/tienda\/productos\/"},{"@type":"ListItem","position":3,"name":"Audifonos Y Micro","item":"https:\/\/compuviper.mx\/tienda\/categoria-producto\/audifonos-y-micro\/"},{"@type":"ListItem","position":4,"name":"Audifono Con Microfono","item":"https:\/\/compuviper.mx\/tienda\/categoria-producto\/audifonos-y-micro\/audifono-con-microfono\/"},{"@type":"ListItem","position":5,"name":"Poly 7d793aa#aba Manos Libre Hp Voyager 5200 \/ Monoaural, Con Base De Carga, Inal?mbrico, Bluetooth, Receptor Usb-a, Duraci?n Hasta 7 Hrs, Negro"}]},{"@type":"WebSite","@id":"https:\/\/compuviper.mx\/tienda\/#website","url":"https:\/\/compuviper.mx\/tienda\/","name":"Compuviper","description":"Proveedor de Computadoras, Laptops, Servidores, Monitores, Puntos de Venta, Teclados,   Impresoras, T\u00f3ner, C\u00e1maras de Seguridad y m\u00e1s en tu tienda en l\u00ednea","publisher":{"@id":"https:\/\/compuviper.mx\/tienda\/#organization"},"potentialAction":[{"@type":"SearchAction","target":{"@type":"EntryPoint","urlTemplate":"https:\/\/compuviper.mx\/tienda\/?s={search_term_string}"},"query-input":"required name=search_term_string"}],"inLanguage":"es-MX"},{"@type":"Organization","@id":"https:\/\/compuviper.mx\/tienda\/#organization","name":"Compuviper","url":"https:\/\/compuviper.mx\/tienda\/","logo":{"@type":"ImageObject","inLanguage":"es-MX","@id":"https:\/\/compuviper.mx\/tienda\/#\/schema\/logo\/image\/","url":"https:\/\/compuviper.mx\/tienda\/wp-content\/uploads\/2021\/08\/Logo-Compuviper-10.png","contentUrl":"https:\/\/compuviper.mx\/tienda\/wp-content\/uploads\/2021\/08\/Logo-Compuviper-10.png","width":1000,"height":500,"caption":"Compuviper"},"image":{"@id":"https:\/\/compuviper.mx\/tienda\/#\/schema\/logo\/image\/"},"sameAs":["https:\/\/www.facebook.com\/compuviper","https:\/\/www.youtube.com\/channel\/UCf73dERp9Y3cfOq7q8BhLjA?view_as=subscriber"]}]},"product_brand":"POLY","product_price_amount":"5695","product_price_currency":"MXN","og_availability":"backorder","product_availability":"available for order","product_retailer_item_id":"7D793AA#ABA","product_condition":"new"},"_links":{"self":[{"href":"https:\/\/compuviper.mx\/tienda\/wp-json\/wp\/v2\/product\/249982"}],"collection":[{"href":"https:\/\/compuviper.mx\/tienda\/wp-json\/wp\/v2\/product"}],"about":[{"href":"https:\/\/compuviper.mx\/tienda\/wp-json\/wp\/v2\/types\/product"}],"replies":[{"embeddable":true,"href":"https:\/\/compuviper.mx\/tienda\/wp-json\/wp\/v2\/comments?post=249982"}],"wp:featuredmedia":[{"embeddable":true,"href":"https:\/\/compuviper.mx\/tienda\/wp-json\/wp\/v2\/media\/260871"}],"wp:attachment":[{"href":"https:\/\/compuviper.mx\/tienda\/wp-json\/wp\/v2\/media?parent=249982"}],"wp:term":[{"taxonomy":"product_cat","embeddable":true,"href":"https:\/\/compuviper.mx\/tienda\/wp-json\/wp\/v2\/product_cat?post=249982"},{"taxonomy":"product_tag","embeddable":true,"href":"https:\/\/compuviper.mx\/tienda\/wp-json\/wp\/v2\/product_tag?post=249982"}],"curies":[{"name":"wp","href":"https:\/\/api.w.org\/{rel}","templated":true}]}}