{"id":249970,"date":"2026-04-18T01:14:22","date_gmt":"2026-04-18T07:14:22","guid":{"rendered":"https:\/\/compuviper.mx\/tienda\/producto\/hewlett-packard-enterprise-r3v46a-access-point-hpe-aruba-ap-505h-rw-dual-radio-802-11ax-2x2-14-ethernet-pse-usb-hospitality-ap\/"},"modified":"2026-04-18T01:14:22","modified_gmt":"2026-04-18T07:14:22","slug":"hewlett-packard-enterprise-r3v46a-access-point-hpe-aruba-ap-505h-rw-dual-radio-802-11ax-2x2-14-ethernet-pse-usb-hospitality-ap","status":"publish","type":"product","link":"https:\/\/compuviper.mx\/tienda\/producto\/hewlett-packard-enterprise-r3v46a-access-point-hpe-aruba-ap-505h-rw-dual-radio-802-11ax-2x2-14-ethernet-pse-usb-hospitality-ap\/","title":{"rendered":"Hewlett Packard Enterprise R3v46a Access Point Hpe Aruba Ap-505h (rw) Dual Radio 802.11ax 2&#215;2 1+4 Ethernet Pse Usb Hospitality Ap ()"},"content":{"rendered":"<table class=\"descripcion\">\n<tr>\n<td>Product number r3v46a differentiator available everywhere except us, israel, japan and egypt certifications bluetooth sig ethernet alliance poe wi-fi alliance:  wi-fi certified a, b, g, n, ac  wi-fi certified 6 ax  wpa, wpa2 and wpa3- enterprise with cnsa option, personal sae, enhanced open owe  wmm, wmm-ps, wi-fi agile multiband  passpoint release 2  wi-fi certified location hpe ap-505h only regulatory fcc\/ised ce marked red directive 2014\/53\/eu emc directive 2014\/30\/eu low voltage directive 2014\/35\/eu ul\/iec\/en 62368-1 en 60601-1-1, en60601-1-2 wi-fi antenna two integrated semi-directional antennas for 2&#215;2 mimo with peak single antenna gain of 5.2dbi in 2.4ghz and 5.4dbi in 5ghz. built-in antennas are optimized for vertical wall or desk mounted orientation of the ap. combining the patterns of each of the antennas of the mimo radios, the peak gain of the combined, average pattern is 3.3dbi in 2.4ghz and 2.9dbi in 5ghz. ports 1 hpe smart rate rj-45 port, auto-sensing link speed 100\/1000\/2500base-t and mdi\/mdx. 2.5 gbps speed complies with nbase-t and 802.3bz specifications 4 10\/100\/1000base-t rj-45 ports, auto-sensing link speed and mdi\/mdx power consumption 50w max radio coverage 5 ghz radio: two spatial stream su\/mu mimo for up to 1.2 gbps wireless data rate he80 2.4 ghz radio: two spatial stream su\/mu mimo for up to 287 mbps wireless data rate he20 warranty limited lifetime warranty product dimensions imperial 5.9 x 3.4 x 1.9 in weight 0.8 lb<\/td>\n<\/tr>\n<\/table>\n","protected":false},"excerpt":{"rendered":"<p>Hpe aruba networking 500h series unified hospitality access points delivers cost-effective wi-fi 6 coverage in a compact form factor that is ideal for hotels, residence halls, and remote offices. With 1.5 gbps maximum combined speed, zero touch provisioning, and wired ports, the 500h series is ready to improve wireless experiences for guests, employees, students, and. Teleworkers. The 500h series is wi-fi certified\u0099 and supports 802.11ax features: ofdma for multi-user efficiency, target wake time twt to extend the battery life of connected iot devices, and wpa3 and enhanced open for greater password and guest security. The 500h series includes a limited lifetime warranty.<\/p>\n","protected":false},"featured_media":260135,"comment_status":"open","ping_status":"open","template":"","meta":[],"product_cat":[1563,1754],"product_tag":[1568],"acf":[],"yoast_head":"<!-- This site is optimized with the Yoast SEO plugin v21.7 - https:\/\/yoast.com\/wordpress\/plugins\/seo\/ -->\n<title>[ Hewlett Packard Enterprise ] &#129351; R3v46a Access Point Hpe Aruba Ap-505h (rw) Dual Radio 802.11ax 2x2 1+4 Ethernet Pse Usb Hospitality Ap ()<\/title>\n<meta name=\"description\" content=\"Compra R3v46a Access Point Hpe Aruba Ap-505h (rw) Dual Radio 802.11ax 2x2 1+4 Ethernet Pse Usb Hospitality Ap () + Env\u00edo a domicilio + Pago seguro + Garant\u00eda\" \/>\n<meta name=\"robots\" content=\"index, follow, max-snippet:-1, max-image-preview:large, max-video-preview:-1\" \/>\n<link rel=\"canonical\" href=\"https:\/\/compuviper.mx\/tienda\/producto\/hewlett-packard-enterprise-r3v46a-access-point-hpe-aruba-ap-505h-rw-dual-radio-802-11ax-2x2-14-ethernet-pse-usb-hospitality-ap\/\" \/>\n<meta property=\"og:locale\" content=\"es_MX\" \/>\n<meta property=\"og:type\" content=\"article\" \/>\n<meta property=\"og:title\" content=\"[ Hewlett Packard Enterprise ] &#129351; R3v46a Access Point Hpe Aruba Ap-505h (rw) Dual Radio 802.11ax 2x2 1+4 Ethernet Pse Usb Hospitality Ap ()\" \/>\n<meta property=\"og:description\" content=\"Compra R3v46a Access Point Hpe Aruba Ap-505h (rw) Dual Radio 802.11ax 2x2 1+4 Ethernet Pse Usb Hospitality Ap () + Env\u00edo a domicilio + Pago seguro + Garant\u00eda\" \/>\n<meta property=\"og:url\" content=\"https:\/\/compuviper.mx\/tienda\/producto\/hewlett-packard-enterprise-r3v46a-access-point-hpe-aruba-ap-505h-rw-dual-radio-802-11ax-2x2-14-ethernet-pse-usb-hospitality-ap\/\" \/>\n<meta property=\"og:site_name\" content=\"Compuviper\" \/>\n<meta property=\"article:publisher\" content=\"https:\/\/www.facebook.com\/compuviper\" \/>\n<meta property=\"og:image\" content=\"https:\/\/compuviper.mx\/tienda\/wp-content\/uploads\/2025\/10\/Access-point-hpe-aruba-ap-505h-rw-dual-radio-802.11ax-2x2-14-ethernet-pse-usb-hospitality-ap-r3v46a.jpg\" \/>\n\t<meta property=\"og:image:width\" content=\"200\" \/>\n\t<meta property=\"og:image:height\" content=\"200\" \/>\n\t<meta property=\"og:image:type\" content=\"image\/jpeg\" \/>\n<meta name=\"twitter:card\" content=\"summary_large_image\" \/>\n<meta name=\"twitter:label1\" content=\"Precio\" \/>\n\t<meta name=\"twitter:data1\" content=\"&#36;10,658 con IVA\" \/>\n\t<meta name=\"twitter:label2\" content=\"Availability\" \/>\n\t<meta name=\"twitter:data2\" content=\"On backorder\" \/>\n<script type=\"application\/ld+json\" class=\"yoast-schema-graph\">{\"@context\":\"https:\/\/schema.org\",\"@graph\":[{\"@type\":\"WebPage\",\"@id\":\"https:\/\/compuviper.mx\/tienda\/producto\/hewlett-packard-enterprise-r3v46a-access-point-hpe-aruba-ap-505h-rw-dual-radio-802-11ax-2x2-14-ethernet-pse-usb-hospitality-ap\/\",\"url\":\"https:\/\/compuviper.mx\/tienda\/producto\/hewlett-packard-enterprise-r3v46a-access-point-hpe-aruba-ap-505h-rw-dual-radio-802-11ax-2x2-14-ethernet-pse-usb-hospitality-ap\/\",\"name\":\"[ Hewlett Packard Enterprise ] &#129351; R3v46a Access Point Hpe Aruba Ap-505h (rw) Dual Radio 802.11ax 2x2 1+4 Ethernet Pse Usb Hospitality Ap ()\",\"isPartOf\":{\"@id\":\"https:\/\/compuviper.mx\/tienda\/#website\"},\"datePublished\":\"2026-04-18T07:14:22+00:00\",\"dateModified\":\"2026-04-18T07:14:22+00:00\",\"description\":\"Compra R3v46a Access Point Hpe Aruba Ap-505h (rw) Dual Radio 802.11ax 2x2 1+4 Ethernet Pse Usb Hospitality Ap () + Env\u00edo a domicilio + Pago seguro + Garant\u00eda\",\"breadcrumb\":{\"@id\":\"https:\/\/compuviper.mx\/tienda\/producto\/hewlett-packard-enterprise-r3v46a-access-point-hpe-aruba-ap-505h-rw-dual-radio-802-11ax-2x2-14-ethernet-pse-usb-hospitality-ap\/#breadcrumb\"},\"inLanguage\":\"es-MX\",\"potentialAction\":[{\"@type\":\"ReadAction\",\"target\":[\"https:\/\/compuviper.mx\/tienda\/producto\/hewlett-packard-enterprise-r3v46a-access-point-hpe-aruba-ap-505h-rw-dual-radio-802-11ax-2x2-14-ethernet-pse-usb-hospitality-ap\/\"]}]},{\"@type\":\"BreadcrumbList\",\"@id\":\"https:\/\/compuviper.mx\/tienda\/producto\/hewlett-packard-enterprise-r3v46a-access-point-hpe-aruba-ap-505h-rw-dual-radio-802-11ax-2x2-14-ethernet-pse-usb-hospitality-ap\/#breadcrumb\",\"itemListElement\":[{\"@type\":\"ListItem\",\"position\":1,\"name\":\"Inicio\",\"item\":\"https:\/\/compuviper.mx\/tienda\/\"},{\"@type\":\"ListItem\",\"position\":2,\"name\":\"Productos\",\"item\":\"https:\/\/compuviper.mx\/tienda\/productos\/\"},{\"@type\":\"ListItem\",\"position\":3,\"name\":\"Redes\",\"item\":\"https:\/\/compuviper.mx\/tienda\/categoria-producto\/redes\/\"},{\"@type\":\"ListItem\",\"position\":4,\"name\":\"Access Point\",\"item\":\"https:\/\/compuviper.mx\/tienda\/categoria-producto\/redes\/access-point\/\"},{\"@type\":\"ListItem\",\"position\":5,\"name\":\"Hewlett Packard Enterprise R3v46a Access Point Hpe Aruba Ap-505h (rw) Dual Radio 802.11ax 2&#215;2 1+4 Ethernet Pse Usb Hospitality Ap ()\"}]},{\"@type\":\"WebSite\",\"@id\":\"https:\/\/compuviper.mx\/tienda\/#website\",\"url\":\"https:\/\/compuviper.mx\/tienda\/\",\"name\":\"Compuviper\",\"description\":\"Proveedor de Computadoras, Laptops, Servidores, Monitores, Puntos de Venta, Teclados,   Impresoras, T\u00f3ner, C\u00e1maras de Seguridad y m\u00e1s en tu tienda en l\u00ednea\",\"publisher\":{\"@id\":\"https:\/\/compuviper.mx\/tienda\/#organization\"},\"potentialAction\":[{\"@type\":\"SearchAction\",\"target\":{\"@type\":\"EntryPoint\",\"urlTemplate\":\"https:\/\/compuviper.mx\/tienda\/?s={search_term_string}\"},\"query-input\":\"required name=search_term_string\"}],\"inLanguage\":\"es-MX\"},{\"@type\":\"Organization\",\"@id\":\"https:\/\/compuviper.mx\/tienda\/#organization\",\"name\":\"Compuviper\",\"url\":\"https:\/\/compuviper.mx\/tienda\/\",\"logo\":{\"@type\":\"ImageObject\",\"inLanguage\":\"es-MX\",\"@id\":\"https:\/\/compuviper.mx\/tienda\/#\/schema\/logo\/image\/\",\"url\":\"https:\/\/compuviper.mx\/tienda\/wp-content\/uploads\/2021\/08\/Logo-Compuviper-10.png\",\"contentUrl\":\"https:\/\/compuviper.mx\/tienda\/wp-content\/uploads\/2021\/08\/Logo-Compuviper-10.png\",\"width\":1000,\"height\":500,\"caption\":\"Compuviper\"},\"image\":{\"@id\":\"https:\/\/compuviper.mx\/tienda\/#\/schema\/logo\/image\/\"},\"sameAs\":[\"https:\/\/www.facebook.com\/compuviper\",\"https:\/\/www.youtube.com\/channel\/UCf73dERp9Y3cfOq7q8BhLjA?view_as=subscriber\"]}]}<\/script>\n<meta property=\"product:brand\" content=\"HEWLETT PACKARD ENTERPRISE\" \/>\n<meta property=\"product:price:amount\" content=\"10658\" \/>\n<meta property=\"product:price:currency\" content=\"MXN\" \/>\n<meta property=\"og:availability\" content=\"backorder\" \/>\n<meta property=\"product:availability\" content=\"available for order\" \/>\n<meta property=\"product:retailer_item_id\" content=\"R3V46A\" \/>\n<meta property=\"product:condition\" content=\"new\" \/>\n<!-- \/ Yoast SEO plugin. -->","yoast_head_json":{"title":"[ Hewlett Packard Enterprise ] &#129351; R3v46a Access Point Hpe Aruba Ap-505h (rw) Dual Radio 802.11ax 2x2 1+4 Ethernet Pse Usb Hospitality Ap ()","description":"Compra R3v46a Access Point Hpe Aruba Ap-505h (rw) Dual Radio 802.11ax 2x2 1+4 Ethernet Pse Usb Hospitality Ap () + Env\u00edo a domicilio + Pago seguro + Garant\u00eda","robots":{"index":"index","follow":"follow","max-snippet":"max-snippet:-1","max-image-preview":"max-image-preview:large","max-video-preview":"max-video-preview:-1"},"canonical":"https:\/\/compuviper.mx\/tienda\/producto\/hewlett-packard-enterprise-r3v46a-access-point-hpe-aruba-ap-505h-rw-dual-radio-802-11ax-2x2-14-ethernet-pse-usb-hospitality-ap\/","og_locale":"es_MX","og_type":"article","og_title":"[ Hewlett Packard Enterprise ] &#129351; R3v46a Access Point Hpe Aruba Ap-505h (rw) Dual Radio 802.11ax 2x2 1+4 Ethernet Pse Usb Hospitality Ap ()","og_description":"Compra R3v46a Access Point Hpe Aruba Ap-505h (rw) Dual Radio 802.11ax 2x2 1+4 Ethernet Pse Usb Hospitality Ap () + Env\u00edo a domicilio + Pago seguro + Garant\u00eda","og_url":"https:\/\/compuviper.mx\/tienda\/producto\/hewlett-packard-enterprise-r3v46a-access-point-hpe-aruba-ap-505h-rw-dual-radio-802-11ax-2x2-14-ethernet-pse-usb-hospitality-ap\/","og_site_name":"Compuviper","article_publisher":"https:\/\/www.facebook.com\/compuviper","og_image":[{"width":200,"height":200,"url":"https:\/\/compuviper.mx\/tienda\/wp-content\/uploads\/2025\/10\/Access-point-hpe-aruba-ap-505h-rw-dual-radio-802.11ax-2x2-14-ethernet-pse-usb-hospitality-ap-r3v46a.jpg","type":"image\/jpeg"}],"twitter_card":"summary_large_image","twitter_misc":{"Precio":"&#36;10,658 con IVA","Availability":"On backorder"},"schema":{"@context":"https:\/\/schema.org","@graph":[{"@type":"WebPage","@id":"https:\/\/compuviper.mx\/tienda\/producto\/hewlett-packard-enterprise-r3v46a-access-point-hpe-aruba-ap-505h-rw-dual-radio-802-11ax-2x2-14-ethernet-pse-usb-hospitality-ap\/","url":"https:\/\/compuviper.mx\/tienda\/producto\/hewlett-packard-enterprise-r3v46a-access-point-hpe-aruba-ap-505h-rw-dual-radio-802-11ax-2x2-14-ethernet-pse-usb-hospitality-ap\/","name":"[ Hewlett Packard Enterprise ] &#129351; R3v46a Access Point Hpe Aruba Ap-505h (rw) Dual Radio 802.11ax 2x2 1+4 Ethernet Pse Usb Hospitality Ap ()","isPartOf":{"@id":"https:\/\/compuviper.mx\/tienda\/#website"},"datePublished":"2026-04-18T07:14:22+00:00","dateModified":"2026-04-18T07:14:22+00:00","description":"Compra R3v46a Access Point Hpe Aruba Ap-505h (rw) Dual Radio 802.11ax 2x2 1+4 Ethernet Pse Usb Hospitality Ap () + Env\u00edo a domicilio + Pago seguro + Garant\u00eda","breadcrumb":{"@id":"https:\/\/compuviper.mx\/tienda\/producto\/hewlett-packard-enterprise-r3v46a-access-point-hpe-aruba-ap-505h-rw-dual-radio-802-11ax-2x2-14-ethernet-pse-usb-hospitality-ap\/#breadcrumb"},"inLanguage":"es-MX","potentialAction":[{"@type":"ReadAction","target":["https:\/\/compuviper.mx\/tienda\/producto\/hewlett-packard-enterprise-r3v46a-access-point-hpe-aruba-ap-505h-rw-dual-radio-802-11ax-2x2-14-ethernet-pse-usb-hospitality-ap\/"]}]},{"@type":"BreadcrumbList","@id":"https:\/\/compuviper.mx\/tienda\/producto\/hewlett-packard-enterprise-r3v46a-access-point-hpe-aruba-ap-505h-rw-dual-radio-802-11ax-2x2-14-ethernet-pse-usb-hospitality-ap\/#breadcrumb","itemListElement":[{"@type":"ListItem","position":1,"name":"Inicio","item":"https:\/\/compuviper.mx\/tienda\/"},{"@type":"ListItem","position":2,"name":"Productos","item":"https:\/\/compuviper.mx\/tienda\/productos\/"},{"@type":"ListItem","position":3,"name":"Redes","item":"https:\/\/compuviper.mx\/tienda\/categoria-producto\/redes\/"},{"@type":"ListItem","position":4,"name":"Access Point","item":"https:\/\/compuviper.mx\/tienda\/categoria-producto\/redes\/access-point\/"},{"@type":"ListItem","position":5,"name":"Hewlett Packard Enterprise R3v46a Access Point Hpe Aruba Ap-505h (rw) Dual Radio 802.11ax 2&#215;2 1+4 Ethernet Pse Usb Hospitality Ap ()"}]},{"@type":"WebSite","@id":"https:\/\/compuviper.mx\/tienda\/#website","url":"https:\/\/compuviper.mx\/tienda\/","name":"Compuviper","description":"Proveedor de Computadoras, Laptops, Servidores, Monitores, Puntos de Venta, Teclados,   Impresoras, T\u00f3ner, C\u00e1maras de Seguridad y m\u00e1s en tu tienda en l\u00ednea","publisher":{"@id":"https:\/\/compuviper.mx\/tienda\/#organization"},"potentialAction":[{"@type":"SearchAction","target":{"@type":"EntryPoint","urlTemplate":"https:\/\/compuviper.mx\/tienda\/?s={search_term_string}"},"query-input":"required name=search_term_string"}],"inLanguage":"es-MX"},{"@type":"Organization","@id":"https:\/\/compuviper.mx\/tienda\/#organization","name":"Compuviper","url":"https:\/\/compuviper.mx\/tienda\/","logo":{"@type":"ImageObject","inLanguage":"es-MX","@id":"https:\/\/compuviper.mx\/tienda\/#\/schema\/logo\/image\/","url":"https:\/\/compuviper.mx\/tienda\/wp-content\/uploads\/2021\/08\/Logo-Compuviper-10.png","contentUrl":"https:\/\/compuviper.mx\/tienda\/wp-content\/uploads\/2021\/08\/Logo-Compuviper-10.png","width":1000,"height":500,"caption":"Compuviper"},"image":{"@id":"https:\/\/compuviper.mx\/tienda\/#\/schema\/logo\/image\/"},"sameAs":["https:\/\/www.facebook.com\/compuviper","https:\/\/www.youtube.com\/channel\/UCf73dERp9Y3cfOq7q8BhLjA?view_as=subscriber"]}]},"product_brand":"HEWLETT PACKARD ENTERPRISE","product_price_amount":"10658","product_price_currency":"MXN","og_availability":"backorder","product_availability":"available for order","product_retailer_item_id":"R3V46A","product_condition":"new"},"_links":{"self":[{"href":"https:\/\/compuviper.mx\/tienda\/wp-json\/wp\/v2\/product\/249970"}],"collection":[{"href":"https:\/\/compuviper.mx\/tienda\/wp-json\/wp\/v2\/product"}],"about":[{"href":"https:\/\/compuviper.mx\/tienda\/wp-json\/wp\/v2\/types\/product"}],"replies":[{"embeddable":true,"href":"https:\/\/compuviper.mx\/tienda\/wp-json\/wp\/v2\/comments?post=249970"}],"wp:featuredmedia":[{"embeddable":true,"href":"https:\/\/compuviper.mx\/tienda\/wp-json\/wp\/v2\/media\/260135"}],"wp:attachment":[{"href":"https:\/\/compuviper.mx\/tienda\/wp-json\/wp\/v2\/media?parent=249970"}],"wp:term":[{"taxonomy":"product_cat","embeddable":true,"href":"https:\/\/compuviper.mx\/tienda\/wp-json\/wp\/v2\/product_cat?post=249970"},{"taxonomy":"product_tag","embeddable":true,"href":"https:\/\/compuviper.mx\/tienda\/wp-json\/wp\/v2\/product_tag?post=249970"}],"curies":[{"name":"wp","href":"https:\/\/api.w.org\/{rel}","templated":true}]}}