{"id":249929,"date":"2026-04-02T00:07:12","date_gmt":"2026-04-02T06:07:12","guid":{"rendered":"https:\/\/compuviper.mx\/tienda\/producto\/hewlett-packard-enterprise-jl670a-fuente-de-poder-hpe-aruba-hpe-aruba-networking-x372-54vdc-1600w-110-and-8209240vac-power-supply\/"},"modified":"2026-04-02T00:07:12","modified_gmt":"2026-04-02T06:07:12","slug":"hewlett-packard-enterprise-jl670a-fuente-de-poder-hpe-aruba-hpe-aruba-networking-x372-54vdc-1600w-1108209240vac-power-supply","status":"publish","type":"product","link":"https:\/\/compuviper.mx\/tienda\/producto\/hewlett-packard-enterprise-jl670a-fuente-de-poder-hpe-aruba-hpe-aruba-networking-x372-54vdc-1600w-1108209240vac-power-supply\/","title":{"rendered":"Hewlett Packard Enterprise Jl670a Fuente De Poder Hpe Aruba Hpe Aruba Networking X372 54vdc 1600w 1108209240vac Power Supply"},"content":{"rendered":"<table class=\"descripcion\">\n<tr>\n<td>Hpe aruba networking x372 54vdc 1600w 110 and #8209;240vac power supply<\/td>\n<\/tr>\n<tr>\n<td>Differentiator54vdc 1600w 110-240vac power supply for select hpe aruba networking switches.<\/td>\n<\/tr>\n<tr>\n<td>Warrantysee http:\/\/www.hpe.com\/networking\/warrantysummary for warranty and support information included with your product purchase.<\/td>\n<\/tr>\n<tr>\n<td>Weight997.9 g (2.2 lb)<\/td>\n<\/tr>\n<tr>\n<td>Dimensions4.1 x 8.4 x 22.6 cm (1.6 x 3.3 x 8.9 in)<\/td>\n<\/tr>\n<\/table>\n","protected":false},"excerpt":{"rendered":"<p>Hpe aruba networking x372 54vdc 1600w 110 and #8209;240vac power supply. Differentiator54vdc 1600w 110-240vac power supply for select hpe aruba networking switches. Warrantysee http:\/\/www.Hpe.Com\/networking\/warrantysummary for warranty and support information included with your product purchase. Weight997.9 g (2.2 lb. Dimensions4.1 x 8.4 x 22.6 cm (1.6 x 3.3 x 8.9 in)<\/p>\n","protected":false},"featured_media":259259,"comment_status":"open","ping_status":"open","template":"","meta":[],"product_cat":[1508,1672],"product_tag":[1568],"acf":[],"yoast_head":"<!-- This site is optimized with the Yoast SEO plugin v21.7 - https:\/\/yoast.com\/wordpress\/plugins\/seo\/ -->\n<title>[ Hewlett Packard Enterprise ] &#129351; Jl670a Fuente De Poder Hpe Aruba Hpe Aruba Networking X372 54vdc 1600w 1108209240vac Power Supply<\/title>\n<meta name=\"description\" content=\"Compra Jl670a Fuente De Poder Hpe Aruba Hpe Aruba Networking X372 54vdc 1600w 1108209240vac Power Supply + Env\u00edo a domicilio + Pago seguro + Garant\u00eda\" \/>\n<meta name=\"robots\" content=\"index, follow, max-snippet:-1, max-image-preview:large, max-video-preview:-1\" \/>\n<link rel=\"canonical\" href=\"https:\/\/compuviper.mx\/tienda\/producto\/hewlett-packard-enterprise-jl670a-fuente-de-poder-hpe-aruba-hpe-aruba-networking-x372-54vdc-1600w-1108209240vac-power-supply\/\" \/>\n<meta property=\"og:locale\" content=\"es_MX\" \/>\n<meta property=\"og:type\" content=\"article\" \/>\n<meta property=\"og:title\" content=\"[ Hewlett Packard Enterprise ] &#129351; Jl670a Fuente De Poder Hpe Aruba Hpe Aruba Networking X372 54vdc 1600w 1108209240vac Power Supply\" \/>\n<meta property=\"og:description\" content=\"Compra Jl670a Fuente De Poder Hpe Aruba Hpe Aruba Networking X372 54vdc 1600w 1108209240vac Power Supply + Env\u00edo a domicilio + Pago seguro + Garant\u00eda\" \/>\n<meta property=\"og:url\" content=\"https:\/\/compuviper.mx\/tienda\/producto\/hewlett-packard-enterprise-jl670a-fuente-de-poder-hpe-aruba-hpe-aruba-networking-x372-54vdc-1600w-1108209240vac-power-supply\/\" \/>\n<meta property=\"og:site_name\" content=\"Compuviper\" \/>\n<meta property=\"article:publisher\" content=\"https:\/\/www.facebook.com\/compuviper\" \/>\n<meta property=\"og:image\" content=\"https:\/\/compuviper.mx\/tienda\/wp-content\/uploads\/2025\/10\/Fuente-de-poder-hpe-aruba-hpe-aruba-networking-x372-54vdc-1600w-110-and-8209240vac-power-supply.jpg\" \/>\n\t<meta property=\"og:image:width\" content=\"200\" \/>\n\t<meta property=\"og:image:height\" content=\"200\" \/>\n\t<meta property=\"og:image:type\" content=\"image\/jpeg\" \/>\n<meta name=\"twitter:card\" content=\"summary_large_image\" \/>\n<meta name=\"twitter:label1\" content=\"Precio\" \/>\n\t<meta name=\"twitter:data1\" content=\"&#36;34,807 con IVA\" \/>\n\t<meta name=\"twitter:label2\" content=\"Availability\" \/>\n\t<meta name=\"twitter:data2\" content=\"On backorder\" \/>\n<script type=\"application\/ld+json\" class=\"yoast-schema-graph\">{\"@context\":\"https:\/\/schema.org\",\"@graph\":[{\"@type\":\"WebPage\",\"@id\":\"https:\/\/compuviper.mx\/tienda\/producto\/hewlett-packard-enterprise-jl670a-fuente-de-poder-hpe-aruba-hpe-aruba-networking-x372-54vdc-1600w-1108209240vac-power-supply\/\",\"url\":\"https:\/\/compuviper.mx\/tienda\/producto\/hewlett-packard-enterprise-jl670a-fuente-de-poder-hpe-aruba-hpe-aruba-networking-x372-54vdc-1600w-1108209240vac-power-supply\/\",\"name\":\"[ Hewlett Packard Enterprise ] &#129351; Jl670a Fuente De Poder Hpe Aruba Hpe Aruba Networking X372 54vdc 1600w 1108209240vac Power Supply\",\"isPartOf\":{\"@id\":\"https:\/\/compuviper.mx\/tienda\/#website\"},\"datePublished\":\"2026-04-02T06:07:12+00:00\",\"dateModified\":\"2026-04-02T06:07:12+00:00\",\"description\":\"Compra Jl670a Fuente De Poder Hpe Aruba Hpe Aruba Networking X372 54vdc 1600w 1108209240vac Power Supply + Env\u00edo a domicilio + Pago seguro + Garant\u00eda\",\"breadcrumb\":{\"@id\":\"https:\/\/compuviper.mx\/tienda\/producto\/hewlett-packard-enterprise-jl670a-fuente-de-poder-hpe-aruba-hpe-aruba-networking-x372-54vdc-1600w-1108209240vac-power-supply\/#breadcrumb\"},\"inLanguage\":\"es-MX\",\"potentialAction\":[{\"@type\":\"ReadAction\",\"target\":[\"https:\/\/compuviper.mx\/tienda\/producto\/hewlett-packard-enterprise-jl670a-fuente-de-poder-hpe-aruba-hpe-aruba-networking-x372-54vdc-1600w-1108209240vac-power-supply\/\"]}]},{\"@type\":\"BreadcrumbList\",\"@id\":\"https:\/\/compuviper.mx\/tienda\/producto\/hewlett-packard-enterprise-jl670a-fuente-de-poder-hpe-aruba-hpe-aruba-networking-x372-54vdc-1600w-1108209240vac-power-supply\/#breadcrumb\",\"itemListElement\":[{\"@type\":\"ListItem\",\"position\":1,\"name\":\"Inicio\",\"item\":\"https:\/\/compuviper.mx\/tienda\/\"},{\"@type\":\"ListItem\",\"position\":2,\"name\":\"Productos\",\"item\":\"https:\/\/compuviper.mx\/tienda\/productos\/\"},{\"@type\":\"ListItem\",\"position\":3,\"name\":\"Energia\",\"item\":\"https:\/\/compuviper.mx\/tienda\/categoria-producto\/energia\/\"},{\"@type\":\"ListItem\",\"position\":4,\"name\":\"Fuentes De Poder\",\"item\":\"https:\/\/compuviper.mx\/tienda\/categoria-producto\/energia\/fuentes-de-poder\/\"},{\"@type\":\"ListItem\",\"position\":5,\"name\":\"Hewlett Packard Enterprise Jl670a Fuente De Poder Hpe Aruba Hpe Aruba Networking X372 54vdc 1600w 1108209240vac Power Supply\"}]},{\"@type\":\"WebSite\",\"@id\":\"https:\/\/compuviper.mx\/tienda\/#website\",\"url\":\"https:\/\/compuviper.mx\/tienda\/\",\"name\":\"Compuviper\",\"description\":\"Proveedor de Computadoras, Laptops, Servidores, Monitores, Puntos de Venta, Teclados,   Impresoras, T\u00f3ner, C\u00e1maras de Seguridad y m\u00e1s en tu tienda en l\u00ednea\",\"publisher\":{\"@id\":\"https:\/\/compuviper.mx\/tienda\/#organization\"},\"potentialAction\":[{\"@type\":\"SearchAction\",\"target\":{\"@type\":\"EntryPoint\",\"urlTemplate\":\"https:\/\/compuviper.mx\/tienda\/?s={search_term_string}\"},\"query-input\":\"required name=search_term_string\"}],\"inLanguage\":\"es-MX\"},{\"@type\":\"Organization\",\"@id\":\"https:\/\/compuviper.mx\/tienda\/#organization\",\"name\":\"Compuviper\",\"url\":\"https:\/\/compuviper.mx\/tienda\/\",\"logo\":{\"@type\":\"ImageObject\",\"inLanguage\":\"es-MX\",\"@id\":\"https:\/\/compuviper.mx\/tienda\/#\/schema\/logo\/image\/\",\"url\":\"https:\/\/compuviper.mx\/tienda\/wp-content\/uploads\/2021\/08\/Logo-Compuviper-10.png\",\"contentUrl\":\"https:\/\/compuviper.mx\/tienda\/wp-content\/uploads\/2021\/08\/Logo-Compuviper-10.png\",\"width\":1000,\"height\":500,\"caption\":\"Compuviper\"},\"image\":{\"@id\":\"https:\/\/compuviper.mx\/tienda\/#\/schema\/logo\/image\/\"},\"sameAs\":[\"https:\/\/www.facebook.com\/compuviper\",\"https:\/\/www.youtube.com\/channel\/UCf73dERp9Y3cfOq7q8BhLjA?view_as=subscriber\"]}]}<\/script>\n<meta property=\"product:brand\" content=\"HEWLETT PACKARD ENTERPRISE\" \/>\n<meta property=\"product:price:amount\" content=\"34807\" \/>\n<meta property=\"product:price:currency\" content=\"MXN\" \/>\n<meta property=\"og:availability\" content=\"backorder\" \/>\n<meta property=\"product:availability\" content=\"available for order\" \/>\n<meta property=\"product:retailer_item_id\" content=\"JL670A\" \/>\n<meta property=\"product:condition\" content=\"new\" \/>\n<!-- \/ Yoast SEO plugin. -->","yoast_head_json":{"title":"[ Hewlett Packard Enterprise ] &#129351; Jl670a Fuente De Poder Hpe Aruba Hpe Aruba Networking X372 54vdc 1600w 1108209240vac Power Supply","description":"Compra Jl670a Fuente De Poder Hpe Aruba Hpe Aruba Networking X372 54vdc 1600w 1108209240vac Power Supply + Env\u00edo a domicilio + Pago seguro + Garant\u00eda","robots":{"index":"index","follow":"follow","max-snippet":"max-snippet:-1","max-image-preview":"max-image-preview:large","max-video-preview":"max-video-preview:-1"},"canonical":"https:\/\/compuviper.mx\/tienda\/producto\/hewlett-packard-enterprise-jl670a-fuente-de-poder-hpe-aruba-hpe-aruba-networking-x372-54vdc-1600w-1108209240vac-power-supply\/","og_locale":"es_MX","og_type":"article","og_title":"[ Hewlett Packard Enterprise ] &#129351; Jl670a Fuente De Poder Hpe Aruba Hpe Aruba Networking X372 54vdc 1600w 1108209240vac Power Supply","og_description":"Compra Jl670a Fuente De Poder Hpe Aruba Hpe Aruba Networking X372 54vdc 1600w 1108209240vac Power Supply + Env\u00edo a domicilio + Pago seguro + Garant\u00eda","og_url":"https:\/\/compuviper.mx\/tienda\/producto\/hewlett-packard-enterprise-jl670a-fuente-de-poder-hpe-aruba-hpe-aruba-networking-x372-54vdc-1600w-1108209240vac-power-supply\/","og_site_name":"Compuviper","article_publisher":"https:\/\/www.facebook.com\/compuviper","og_image":[{"width":200,"height":200,"url":"https:\/\/compuviper.mx\/tienda\/wp-content\/uploads\/2025\/10\/Fuente-de-poder-hpe-aruba-hpe-aruba-networking-x372-54vdc-1600w-110-and-8209240vac-power-supply.jpg","type":"image\/jpeg"}],"twitter_card":"summary_large_image","twitter_misc":{"Precio":"&#36;34,807 con IVA","Availability":"On backorder"},"schema":{"@context":"https:\/\/schema.org","@graph":[{"@type":"WebPage","@id":"https:\/\/compuviper.mx\/tienda\/producto\/hewlett-packard-enterprise-jl670a-fuente-de-poder-hpe-aruba-hpe-aruba-networking-x372-54vdc-1600w-1108209240vac-power-supply\/","url":"https:\/\/compuviper.mx\/tienda\/producto\/hewlett-packard-enterprise-jl670a-fuente-de-poder-hpe-aruba-hpe-aruba-networking-x372-54vdc-1600w-1108209240vac-power-supply\/","name":"[ Hewlett Packard Enterprise ] &#129351; Jl670a Fuente De Poder Hpe Aruba Hpe Aruba Networking X372 54vdc 1600w 1108209240vac Power Supply","isPartOf":{"@id":"https:\/\/compuviper.mx\/tienda\/#website"},"datePublished":"2026-04-02T06:07:12+00:00","dateModified":"2026-04-02T06:07:12+00:00","description":"Compra Jl670a Fuente De Poder Hpe Aruba Hpe Aruba Networking X372 54vdc 1600w 1108209240vac Power Supply + Env\u00edo a domicilio + Pago seguro + Garant\u00eda","breadcrumb":{"@id":"https:\/\/compuviper.mx\/tienda\/producto\/hewlett-packard-enterprise-jl670a-fuente-de-poder-hpe-aruba-hpe-aruba-networking-x372-54vdc-1600w-1108209240vac-power-supply\/#breadcrumb"},"inLanguage":"es-MX","potentialAction":[{"@type":"ReadAction","target":["https:\/\/compuviper.mx\/tienda\/producto\/hewlett-packard-enterprise-jl670a-fuente-de-poder-hpe-aruba-hpe-aruba-networking-x372-54vdc-1600w-1108209240vac-power-supply\/"]}]},{"@type":"BreadcrumbList","@id":"https:\/\/compuviper.mx\/tienda\/producto\/hewlett-packard-enterprise-jl670a-fuente-de-poder-hpe-aruba-hpe-aruba-networking-x372-54vdc-1600w-1108209240vac-power-supply\/#breadcrumb","itemListElement":[{"@type":"ListItem","position":1,"name":"Inicio","item":"https:\/\/compuviper.mx\/tienda\/"},{"@type":"ListItem","position":2,"name":"Productos","item":"https:\/\/compuviper.mx\/tienda\/productos\/"},{"@type":"ListItem","position":3,"name":"Energia","item":"https:\/\/compuviper.mx\/tienda\/categoria-producto\/energia\/"},{"@type":"ListItem","position":4,"name":"Fuentes De Poder","item":"https:\/\/compuviper.mx\/tienda\/categoria-producto\/energia\/fuentes-de-poder\/"},{"@type":"ListItem","position":5,"name":"Hewlett Packard Enterprise Jl670a Fuente De Poder Hpe Aruba Hpe Aruba Networking X372 54vdc 1600w 1108209240vac Power Supply"}]},{"@type":"WebSite","@id":"https:\/\/compuviper.mx\/tienda\/#website","url":"https:\/\/compuviper.mx\/tienda\/","name":"Compuviper","description":"Proveedor de Computadoras, Laptops, Servidores, Monitores, Puntos de Venta, Teclados,   Impresoras, T\u00f3ner, C\u00e1maras de Seguridad y m\u00e1s en tu tienda en l\u00ednea","publisher":{"@id":"https:\/\/compuviper.mx\/tienda\/#organization"},"potentialAction":[{"@type":"SearchAction","target":{"@type":"EntryPoint","urlTemplate":"https:\/\/compuviper.mx\/tienda\/?s={search_term_string}"},"query-input":"required name=search_term_string"}],"inLanguage":"es-MX"},{"@type":"Organization","@id":"https:\/\/compuviper.mx\/tienda\/#organization","name":"Compuviper","url":"https:\/\/compuviper.mx\/tienda\/","logo":{"@type":"ImageObject","inLanguage":"es-MX","@id":"https:\/\/compuviper.mx\/tienda\/#\/schema\/logo\/image\/","url":"https:\/\/compuviper.mx\/tienda\/wp-content\/uploads\/2021\/08\/Logo-Compuviper-10.png","contentUrl":"https:\/\/compuviper.mx\/tienda\/wp-content\/uploads\/2021\/08\/Logo-Compuviper-10.png","width":1000,"height":500,"caption":"Compuviper"},"image":{"@id":"https:\/\/compuviper.mx\/tienda\/#\/schema\/logo\/image\/"},"sameAs":["https:\/\/www.facebook.com\/compuviper","https:\/\/www.youtube.com\/channel\/UCf73dERp9Y3cfOq7q8BhLjA?view_as=subscriber"]}]},"product_brand":"HEWLETT PACKARD ENTERPRISE","product_price_amount":"34807","product_price_currency":"MXN","og_availability":"backorder","product_availability":"available for order","product_retailer_item_id":"JL670A","product_condition":"new"},"_links":{"self":[{"href":"https:\/\/compuviper.mx\/tienda\/wp-json\/wp\/v2\/product\/249929"}],"collection":[{"href":"https:\/\/compuviper.mx\/tienda\/wp-json\/wp\/v2\/product"}],"about":[{"href":"https:\/\/compuviper.mx\/tienda\/wp-json\/wp\/v2\/types\/product"}],"replies":[{"embeddable":true,"href":"https:\/\/compuviper.mx\/tienda\/wp-json\/wp\/v2\/comments?post=249929"}],"wp:featuredmedia":[{"embeddable":true,"href":"https:\/\/compuviper.mx\/tienda\/wp-json\/wp\/v2\/media\/259259"}],"wp:attachment":[{"href":"https:\/\/compuviper.mx\/tienda\/wp-json\/wp\/v2\/media?parent=249929"}],"wp:term":[{"taxonomy":"product_cat","embeddable":true,"href":"https:\/\/compuviper.mx\/tienda\/wp-json\/wp\/v2\/product_cat?post=249929"},{"taxonomy":"product_tag","embeddable":true,"href":"https:\/\/compuviper.mx\/tienda\/wp-json\/wp\/v2\/product_tag?post=249929"}],"curies":[{"name":"wp","href":"https:\/\/api.w.org\/{rel}","templated":true}]}}