{"id":249840,"date":"2026-04-07T00:45:51","date_gmt":"2026-04-07T06:45:51","guid":{"rendered":"https:\/\/compuviper.mx\/tienda\/producto\/ocelot-gaming-om-c27-monitor-curvo-ocelot-gamer-27-con-240-hz-1ms-de-tiempo-de-respuesta-full-hd-1920x1080\/"},"modified":"2026-04-07T00:45:51","modified_gmt":"2026-04-07T06:45:51","slug":"ocelot-gaming-om-c27-monitor-curvo-ocelot-gamer-27-con-240-hz-1ms-de-tiempo-de-respuesta-full-hd-1920x1080","status":"publish","type":"product","link":"https:\/\/compuviper.mx\/tienda\/producto\/ocelot-gaming-om-c27-monitor-curvo-ocelot-gamer-27-con-240-hz-1ms-de-tiempo-de-respuesta-full-hd-1920x1080\/","title":{"rendered":"Ocelot Gaming Om-c27 Monitor Curvo Ocelot Gamer 27 Con 240 Hz 1ms De Tiempo De Respuesta Full Hd 1920&#215;1080"},"content":{"rendered":"<table class=\"descripcion\">\n<tr>\n<td>Monitor curvo ocelot gaming<\/td>\n<\/tr>\n<tr>\n<td>Pantall: led 27 pulgadas curvo (16:9) tipo de curvatura r1800  panel va<\/td>\n<\/tr>\n<tr>\n<td>Resoluci\u00f3n : 1920 x 1080 pixeles<\/td>\n<\/tr>\n<tr>\n<td>Brillo: 250 cd\/m2<\/td>\n<\/tr>\n<tr>\n<td>Contraste: 1000:1<\/td>\n<\/tr>\n<tr>\n<td>\u00e1ngulo de visi\u00f3n: h:178\u00ba v:178\u00ba<\/td>\n<\/tr>\n<tr>\n<td>Inclinaci\u00f3n: -5\u00ba a 15\u00ba<\/td>\n<\/tr>\n<tr>\n<td>Tiempo de respuesta: 2 ms<\/td>\n<\/tr>\n<tr>\n<td>Frecuencia: 240 hz<\/td>\n<\/tr>\n<tr>\n<td>Interface: 2 hdmi + 2 dp + audio + dc<\/td>\n<\/tr>\n<tr>\n<td>Soporte vesa: s\u00ed 100 x 100<\/td>\n<\/tr>\n<tr>\n<td>Consumo modo operativo:  40w<\/td>\n<\/tr>\n<tr>\n<td>Consumo energ\u00eda en reposo: 1w<\/td>\n<\/tr>\n<tr>\n<td>Salida: 12v cc 4.0a<\/td>\n<\/tr>\n<tr>\n<td>Colores: 16.7 millones<\/td>\n<\/tr>\n<tr>\n<td>Largo de cable: 1.5m<\/td>\n<\/tr>\n<tr>\n<td>Freesync: si<\/td>\n<\/tr>\n<tr>\n<td>Cuenta con tecnologflicker-free<\/td>\n<\/tr>\n<tr>\n<td>Tecnolog\u00eda low blue light<\/td>\n<\/tr>\n<\/table>\n","protected":false},"excerpt":{"rendered":"<p>Preparate para disfrutar tus juegos con una gran calidad al detalle con el monitor ocelot de 27 pulgadas curvo full hd (1920&#215;1080) vive tus juegos al maximo obteniendo una ventaja de visibilidad sin im\u00e1genes borrosas con una frecuencia de actualizacion entre 1-2ms y con hasta 240 hz.<\/p>\n","protected":false},"featured_media":249841,"comment_status":"open","ping_status":"open","template":"","meta":[],"product_cat":[1741,1740],"product_tag":[2019],"acf":[],"yoast_head":"<!-- This site is optimized with the Yoast SEO plugin v21.7 - https:\/\/yoast.com\/wordpress\/plugins\/seo\/ -->\n<title>[ Ocelot Gaming ] &#129351; Om-c27 Monitor Curvo Ocelot Gamer 27 Con 240 Hz 1ms De Tiempo De Respuesta Full Hd 1920x1080<\/title>\n<meta name=\"description\" content=\"Compra Om-c27 Monitor Curvo Ocelot Gamer 27 Con 240 Hz 1ms De Tiempo De Respuesta Full Hd 1920x1080 + Env\u00edo a domicilio + Pago seguro + Garant\u00eda\" \/>\n<meta name=\"robots\" content=\"index, follow, max-snippet:-1, max-image-preview:large, max-video-preview:-1\" \/>\n<link rel=\"canonical\" href=\"https:\/\/compuviper.mx\/tienda\/producto\/ocelot-gaming-om-c27-monitor-curvo-ocelot-gamer-27-con-240-hz-1ms-de-tiempo-de-respuesta-full-hd-1920x1080\/\" \/>\n<meta property=\"og:locale\" content=\"es_MX\" \/>\n<meta property=\"og:type\" content=\"article\" \/>\n<meta property=\"og:title\" content=\"[ Ocelot Gaming ] &#129351; Om-c27 Monitor Curvo Ocelot Gamer 27 Con 240 Hz 1ms De Tiempo De Respuesta Full Hd 1920x1080\" \/>\n<meta property=\"og:description\" content=\"Compra Om-c27 Monitor Curvo Ocelot Gamer 27 Con 240 Hz 1ms De Tiempo De Respuesta Full Hd 1920x1080 + Env\u00edo a domicilio + Pago seguro + Garant\u00eda\" \/>\n<meta property=\"og:url\" content=\"https:\/\/compuviper.mx\/tienda\/producto\/ocelot-gaming-om-c27-monitor-curvo-ocelot-gamer-27-con-240-hz-1ms-de-tiempo-de-respuesta-full-hd-1920x1080\/\" \/>\n<meta property=\"og:site_name\" content=\"Compuviper\" \/>\n<meta property=\"article:publisher\" content=\"https:\/\/www.facebook.com\/compuviper\" \/>\n<meta property=\"og:image\" content=\"https:\/\/compuviper.mx\/tienda\/wp-content\/uploads\/2025\/03\/Monitor-curvo-ocelot-gamer-27-con-240-hz-1ms-de-tiempo-de-respuesta-full-hd-1920x1080-1.jpg\" \/>\n\t<meta property=\"og:image:width\" content=\"200\" \/>\n\t<meta property=\"og:image:height\" content=\"200\" \/>\n\t<meta property=\"og:image:type\" content=\"image\/jpeg\" \/>\n<meta name=\"twitter:card\" content=\"summary_large_image\" \/>\n<meta name=\"twitter:label1\" content=\"Precio\" \/>\n\t<meta name=\"twitter:data1\" content=\"&#36;2,313 con IVA\" \/>\n\t<meta name=\"twitter:label2\" content=\"Availability\" \/>\n\t<meta name=\"twitter:data2\" content=\"In stock\" \/>\n<script type=\"application\/ld+json\" class=\"yoast-schema-graph\">{\"@context\":\"https:\/\/schema.org\",\"@graph\":[{\"@type\":\"WebPage\",\"@id\":\"https:\/\/compuviper.mx\/tienda\/producto\/ocelot-gaming-om-c27-monitor-curvo-ocelot-gamer-27-con-240-hz-1ms-de-tiempo-de-respuesta-full-hd-1920x1080\/\",\"url\":\"https:\/\/compuviper.mx\/tienda\/producto\/ocelot-gaming-om-c27-monitor-curvo-ocelot-gamer-27-con-240-hz-1ms-de-tiempo-de-respuesta-full-hd-1920x1080\/\",\"name\":\"[ Ocelot Gaming ] &#129351; Om-c27 Monitor Curvo Ocelot Gamer 27 Con 240 Hz 1ms De Tiempo De Respuesta Full Hd 1920x1080\",\"isPartOf\":{\"@id\":\"https:\/\/compuviper.mx\/tienda\/#website\"},\"datePublished\":\"2026-04-07T06:45:51+00:00\",\"dateModified\":\"2026-04-07T06:45:51+00:00\",\"description\":\"Compra Om-c27 Monitor Curvo Ocelot Gamer 27 Con 240 Hz 1ms De Tiempo De Respuesta Full Hd 1920x1080 + Env\u00edo a domicilio + Pago seguro + Garant\u00eda\",\"breadcrumb\":{\"@id\":\"https:\/\/compuviper.mx\/tienda\/producto\/ocelot-gaming-om-c27-monitor-curvo-ocelot-gamer-27-con-240-hz-1ms-de-tiempo-de-respuesta-full-hd-1920x1080\/#breadcrumb\"},\"inLanguage\":\"es-MX\",\"potentialAction\":[{\"@type\":\"ReadAction\",\"target\":[\"https:\/\/compuviper.mx\/tienda\/producto\/ocelot-gaming-om-c27-monitor-curvo-ocelot-gamer-27-con-240-hz-1ms-de-tiempo-de-respuesta-full-hd-1920x1080\/\"]}]},{\"@type\":\"BreadcrumbList\",\"@id\":\"https:\/\/compuviper.mx\/tienda\/producto\/ocelot-gaming-om-c27-monitor-curvo-ocelot-gamer-27-con-240-hz-1ms-de-tiempo-de-respuesta-full-hd-1920x1080\/#breadcrumb\",\"itemListElement\":[{\"@type\":\"ListItem\",\"position\":1,\"name\":\"Inicio\",\"item\":\"https:\/\/compuviper.mx\/tienda\/\"},{\"@type\":\"ListItem\",\"position\":2,\"name\":\"Productos\",\"item\":\"https:\/\/compuviper.mx\/tienda\/productos\/\"},{\"@type\":\"ListItem\",\"position\":3,\"name\":\"Monitores\",\"item\":\"https:\/\/compuviper.mx\/tienda\/categoria-producto\/monitores\/\"},{\"@type\":\"ListItem\",\"position\":4,\"name\":\"Led\",\"item\":\"https:\/\/compuviper.mx\/tienda\/categoria-producto\/monitores\/led\/\"},{\"@type\":\"ListItem\",\"position\":5,\"name\":\"Ocelot Gaming Om-c27 Monitor Curvo Ocelot Gamer 27 Con 240 Hz 1ms De Tiempo De Respuesta Full Hd 1920&#215;1080\"}]},{\"@type\":\"WebSite\",\"@id\":\"https:\/\/compuviper.mx\/tienda\/#website\",\"url\":\"https:\/\/compuviper.mx\/tienda\/\",\"name\":\"Compuviper\",\"description\":\"Proveedor de Computadoras, Laptops, Servidores, Monitores, Puntos de Venta, Teclados,   Impresoras, T\u00f3ner, C\u00e1maras de Seguridad y m\u00e1s en tu tienda en l\u00ednea\",\"publisher\":{\"@id\":\"https:\/\/compuviper.mx\/tienda\/#organization\"},\"potentialAction\":[{\"@type\":\"SearchAction\",\"target\":{\"@type\":\"EntryPoint\",\"urlTemplate\":\"https:\/\/compuviper.mx\/tienda\/?s={search_term_string}\"},\"query-input\":\"required name=search_term_string\"}],\"inLanguage\":\"es-MX\"},{\"@type\":\"Organization\",\"@id\":\"https:\/\/compuviper.mx\/tienda\/#organization\",\"name\":\"Compuviper\",\"url\":\"https:\/\/compuviper.mx\/tienda\/\",\"logo\":{\"@type\":\"ImageObject\",\"inLanguage\":\"es-MX\",\"@id\":\"https:\/\/compuviper.mx\/tienda\/#\/schema\/logo\/image\/\",\"url\":\"https:\/\/compuviper.mx\/tienda\/wp-content\/uploads\/2021\/08\/Logo-Compuviper-10.png\",\"contentUrl\":\"https:\/\/compuviper.mx\/tienda\/wp-content\/uploads\/2021\/08\/Logo-Compuviper-10.png\",\"width\":1000,\"height\":500,\"caption\":\"Compuviper\"},\"image\":{\"@id\":\"https:\/\/compuviper.mx\/tienda\/#\/schema\/logo\/image\/\"},\"sameAs\":[\"https:\/\/www.facebook.com\/compuviper\",\"https:\/\/www.youtube.com\/channel\/UCf73dERp9Y3cfOq7q8BhLjA?view_as=subscriber\"]}]}<\/script>\n<meta property=\"product:brand\" content=\"OCELOT GAMING\" \/>\n<meta property=\"product:price:amount\" content=\"2313\" \/>\n<meta property=\"product:price:currency\" content=\"MXN\" \/>\n<meta property=\"og:availability\" content=\"instock\" \/>\n<meta property=\"product:availability\" content=\"instock\" \/>\n<meta property=\"product:retailer_item_id\" content=\"OM-C27\" \/>\n<meta property=\"product:condition\" content=\"new\" \/>\n<!-- \/ Yoast SEO plugin. -->","yoast_head_json":{"title":"[ Ocelot Gaming ] &#129351; Om-c27 Monitor Curvo Ocelot Gamer 27 Con 240 Hz 1ms De Tiempo De Respuesta Full Hd 1920x1080","description":"Compra Om-c27 Monitor Curvo Ocelot Gamer 27 Con 240 Hz 1ms De Tiempo De Respuesta Full Hd 1920x1080 + Env\u00edo a domicilio + Pago seguro + Garant\u00eda","robots":{"index":"index","follow":"follow","max-snippet":"max-snippet:-1","max-image-preview":"max-image-preview:large","max-video-preview":"max-video-preview:-1"},"canonical":"https:\/\/compuviper.mx\/tienda\/producto\/ocelot-gaming-om-c27-monitor-curvo-ocelot-gamer-27-con-240-hz-1ms-de-tiempo-de-respuesta-full-hd-1920x1080\/","og_locale":"es_MX","og_type":"article","og_title":"[ Ocelot Gaming ] &#129351; Om-c27 Monitor Curvo Ocelot Gamer 27 Con 240 Hz 1ms De Tiempo De Respuesta Full Hd 1920x1080","og_description":"Compra Om-c27 Monitor Curvo Ocelot Gamer 27 Con 240 Hz 1ms De Tiempo De Respuesta Full Hd 1920x1080 + Env\u00edo a domicilio + Pago seguro + Garant\u00eda","og_url":"https:\/\/compuviper.mx\/tienda\/producto\/ocelot-gaming-om-c27-monitor-curvo-ocelot-gamer-27-con-240-hz-1ms-de-tiempo-de-respuesta-full-hd-1920x1080\/","og_site_name":"Compuviper","article_publisher":"https:\/\/www.facebook.com\/compuviper","og_image":[{"width":200,"height":200,"url":"https:\/\/compuviper.mx\/tienda\/wp-content\/uploads\/2025\/03\/Monitor-curvo-ocelot-gamer-27-con-240-hz-1ms-de-tiempo-de-respuesta-full-hd-1920x1080-1.jpg","type":"image\/jpeg"}],"twitter_card":"summary_large_image","twitter_misc":{"Precio":"&#36;2,313 con IVA","Availability":"In stock"},"schema":{"@context":"https:\/\/schema.org","@graph":[{"@type":"WebPage","@id":"https:\/\/compuviper.mx\/tienda\/producto\/ocelot-gaming-om-c27-monitor-curvo-ocelot-gamer-27-con-240-hz-1ms-de-tiempo-de-respuesta-full-hd-1920x1080\/","url":"https:\/\/compuviper.mx\/tienda\/producto\/ocelot-gaming-om-c27-monitor-curvo-ocelot-gamer-27-con-240-hz-1ms-de-tiempo-de-respuesta-full-hd-1920x1080\/","name":"[ Ocelot Gaming ] &#129351; Om-c27 Monitor Curvo Ocelot Gamer 27 Con 240 Hz 1ms De Tiempo De Respuesta Full Hd 1920x1080","isPartOf":{"@id":"https:\/\/compuviper.mx\/tienda\/#website"},"datePublished":"2026-04-07T06:45:51+00:00","dateModified":"2026-04-07T06:45:51+00:00","description":"Compra Om-c27 Monitor Curvo Ocelot Gamer 27 Con 240 Hz 1ms De Tiempo De Respuesta Full Hd 1920x1080 + Env\u00edo a domicilio + Pago seguro + Garant\u00eda","breadcrumb":{"@id":"https:\/\/compuviper.mx\/tienda\/producto\/ocelot-gaming-om-c27-monitor-curvo-ocelot-gamer-27-con-240-hz-1ms-de-tiempo-de-respuesta-full-hd-1920x1080\/#breadcrumb"},"inLanguage":"es-MX","potentialAction":[{"@type":"ReadAction","target":["https:\/\/compuviper.mx\/tienda\/producto\/ocelot-gaming-om-c27-monitor-curvo-ocelot-gamer-27-con-240-hz-1ms-de-tiempo-de-respuesta-full-hd-1920x1080\/"]}]},{"@type":"BreadcrumbList","@id":"https:\/\/compuviper.mx\/tienda\/producto\/ocelot-gaming-om-c27-monitor-curvo-ocelot-gamer-27-con-240-hz-1ms-de-tiempo-de-respuesta-full-hd-1920x1080\/#breadcrumb","itemListElement":[{"@type":"ListItem","position":1,"name":"Inicio","item":"https:\/\/compuviper.mx\/tienda\/"},{"@type":"ListItem","position":2,"name":"Productos","item":"https:\/\/compuviper.mx\/tienda\/productos\/"},{"@type":"ListItem","position":3,"name":"Monitores","item":"https:\/\/compuviper.mx\/tienda\/categoria-producto\/monitores\/"},{"@type":"ListItem","position":4,"name":"Led","item":"https:\/\/compuviper.mx\/tienda\/categoria-producto\/monitores\/led\/"},{"@type":"ListItem","position":5,"name":"Ocelot Gaming Om-c27 Monitor Curvo Ocelot Gamer 27 Con 240 Hz 1ms De Tiempo De Respuesta Full Hd 1920&#215;1080"}]},{"@type":"WebSite","@id":"https:\/\/compuviper.mx\/tienda\/#website","url":"https:\/\/compuviper.mx\/tienda\/","name":"Compuviper","description":"Proveedor de Computadoras, Laptops, Servidores, Monitores, Puntos de Venta, Teclados,   Impresoras, T\u00f3ner, C\u00e1maras de Seguridad y m\u00e1s en tu tienda en l\u00ednea","publisher":{"@id":"https:\/\/compuviper.mx\/tienda\/#organization"},"potentialAction":[{"@type":"SearchAction","target":{"@type":"EntryPoint","urlTemplate":"https:\/\/compuviper.mx\/tienda\/?s={search_term_string}"},"query-input":"required name=search_term_string"}],"inLanguage":"es-MX"},{"@type":"Organization","@id":"https:\/\/compuviper.mx\/tienda\/#organization","name":"Compuviper","url":"https:\/\/compuviper.mx\/tienda\/","logo":{"@type":"ImageObject","inLanguage":"es-MX","@id":"https:\/\/compuviper.mx\/tienda\/#\/schema\/logo\/image\/","url":"https:\/\/compuviper.mx\/tienda\/wp-content\/uploads\/2021\/08\/Logo-Compuviper-10.png","contentUrl":"https:\/\/compuviper.mx\/tienda\/wp-content\/uploads\/2021\/08\/Logo-Compuviper-10.png","width":1000,"height":500,"caption":"Compuviper"},"image":{"@id":"https:\/\/compuviper.mx\/tienda\/#\/schema\/logo\/image\/"},"sameAs":["https:\/\/www.facebook.com\/compuviper","https:\/\/www.youtube.com\/channel\/UCf73dERp9Y3cfOq7q8BhLjA?view_as=subscriber"]}]},"product_brand":"OCELOT GAMING","product_price_amount":"2313","product_price_currency":"MXN","og_availability":"instock","product_availability":"instock","product_retailer_item_id":"OM-C27","product_condition":"new"},"_links":{"self":[{"href":"https:\/\/compuviper.mx\/tienda\/wp-json\/wp\/v2\/product\/249840"}],"collection":[{"href":"https:\/\/compuviper.mx\/tienda\/wp-json\/wp\/v2\/product"}],"about":[{"href":"https:\/\/compuviper.mx\/tienda\/wp-json\/wp\/v2\/types\/product"}],"replies":[{"embeddable":true,"href":"https:\/\/compuviper.mx\/tienda\/wp-json\/wp\/v2\/comments?post=249840"}],"wp:featuredmedia":[{"embeddable":true,"href":"https:\/\/compuviper.mx\/tienda\/wp-json\/wp\/v2\/media\/249841"}],"wp:attachment":[{"href":"https:\/\/compuviper.mx\/tienda\/wp-json\/wp\/v2\/media?parent=249840"}],"wp:term":[{"taxonomy":"product_cat","embeddable":true,"href":"https:\/\/compuviper.mx\/tienda\/wp-json\/wp\/v2\/product_cat?post=249840"},{"taxonomy":"product_tag","embeddable":true,"href":"https:\/\/compuviper.mx\/tienda\/wp-json\/wp\/v2\/product_tag?post=249840"}],"curies":[{"name":"wp","href":"https:\/\/api.w.org\/{rel}","templated":true}]}}