{"id":249768,"date":"2026-04-16T00:10:58","date_gmt":"2026-04-16T06:10:58","guid":{"rendered":"https:\/\/compuviper.mx\/tienda\/producto\/acteck-ac-940047-gabinete-performance-ii-gi215f-mini-torre-micro-atx-itx-fuente-de-poder-500w-incluida-full-metal-negro-ac-935777\/"},"modified":"2026-04-16T00:10:58","modified_gmt":"2026-04-16T06:10:58","slug":"acteck-ac-940047-gabinete-performance-ii-gi215f-mini-torre-micro-atx-itx-fuente-de-poder-500w-incluida-full-metal-blanco","status":"publish","type":"product","link":"https:\/\/compuviper.mx\/tienda\/producto\/acteck-ac-940047-gabinete-performance-ii-gi215f-mini-torre-micro-atx-itx-fuente-de-poder-500w-incluida-full-metal-blanco\/","title":{"rendered":"Acteck Ac-940047 Gabinete  Performance Ii Gi215f \/ Mini Torre \/ Micro Atx, Itx \/ Fuente De Poder 500w Incluida \/ Full Metal \/ Blanco \/"},"content":{"rendered":"<table class=\"descripcion\">\n<tr>\n<td>Informacion tecnica:<\/td>\n<\/tr>\n<tr>\n<td>\u0095 producto: gabinete<\/td>\n<\/tr>\n<tr>\n<td>\u0095 factor de forma: mini torre<\/td>\n<\/tr>\n<tr>\n<td>\u0095 materiales:<\/td>\n<\/tr>\n<tr>\n<td>      o exterior: metal + plastico<\/td>\n<\/tr>\n<tr>\n<td>      o panel izq: metal<\/td>\n<\/tr>\n<tr>\n<td>      o panel der: metal<\/td>\n<\/tr>\n<tr>\n<td>      o panel frontal: plastico<\/td>\n<\/tr>\n<tr>\n<td>      o tipo de acero y grosor: spcc 0.4 mm<\/td>\n<\/tr>\n<tr>\n<td>\u0095 dimensiones (w x h x d): 32.5 x 20 x 35.3 cm<\/td>\n<\/tr>\n<tr>\n<td>\u0095 soporte tarjeta madre: mini- itx \/ micro atx<\/td>\n<\/tr>\n<tr>\n<td>\u0095 slots expandibles: 4<\/td>\n<\/tr>\n<tr>\n<td>\u0095 bahias para unidades<\/td>\n<\/tr>\n<tr>\n<td>      o 3.5 hdd: 1<\/td>\n<\/tr>\n<tr>\n<td>      o 3.5 \/ 2.5 combo: 1<\/td>\n<\/tr>\n<tr>\n<td>      o 2.5 ssd: 1<\/td>\n<\/tr>\n<tr>\n<td>\u0095 panel i\/o<\/td>\n<\/tr>\n<tr>\n<td>      o puertos usb: 2x usb 2.0<\/td>\n<\/tr>\n<tr>\n<td>      o audio: 1x 3.5 mm + 1x 3.5 mm<\/td>\n<\/tr>\n<tr>\n<td>\u0095 ventiladores<\/td>\n<\/tr>\n<tr>\n<td>      o frontal: 2x 120mm<\/td>\n<\/tr>\n<tr>\n<td>      o trasero: 1x 120mm<\/td>\n<\/tr>\n<tr>\n<td>      o otros: 1x 120mm (panel izq.)<\/td>\n<\/tr>\n<tr>\n<td>\u0095 tolerancias<\/td>\n<\/tr>\n<tr>\n<td>      o enfriamiento cpu torre: 150 mm<\/td>\n<\/tr>\n<tr>\n<td>     o  tarjetas graficas: 280 mm<\/td>\n<\/tr>\n<tr>\n<td>\u0095 cableado detras de mb: 15 mm<\/td>\n<\/tr>\n<tr>\n<td>\u0095 fuente de poder<\/td>\n<\/tr>\n<tr>\n<td>      o tipo: atx incluida<\/td>\n<\/tr>\n<tr>\n<td>      o ubicacion: 500 w parte de arriba<\/td>\n<\/tr>\n<tr>\n<td>\u0095 accesorios: tornilleria<\/td>\n<\/tr>\n<tr>\n<td>\u0095 boton de reset: si<\/td>\n<\/tr>\n<tr>\n<td>\u0095 boton de encendido: si<\/td>\n<\/tr>\n<tr>\n<td>\u0095 boton hdd: si<\/td>\n<\/tr>\n<\/table>\n","protected":false},"excerpt":{"rendered":"<p>Dise\u00f1o compacto, gran rendimiento. Este gabinete mini torre aprovecha cada cent\u00edmetro, ofreciendo un formato ideal para espacios limitados sin sacrificar rendimiento. Su dise\u00f1o eficiente asegura una experiencia optimizada y estilizada. Versatilidad en tarjetas madre. Compatible con mini-itx y micro atx. Este gabinete se adapta a las necesidades. De los usuarios m\u00e1s exigentes. Con soporte flexible. Te permitir\u00e1 personalizar tu configuraci\u00f3n al m\u00e1ximo. Potencia sin preocupaciones. Equipado con una fuente de poder de. 500 w, este gabinete est\u00e1 listo para. Soportar tu configuraci\u00f3n con energ\u00eda. Estable y eficiente, asegurando un. Rendimiento \u00f3ptimo sin interrupciones.<\/p>\n","protected":false},"featured_media":259282,"comment_status":"open","ping_status":"open","template":"","meta":[],"product_cat":[1674,1945],"product_tag":[1582],"acf":[],"yoast_head":"<!-- This site is optimized with the Yoast SEO plugin v21.7 - https:\/\/yoast.com\/wordpress\/plugins\/seo\/ -->\n<title>[ Acteck ] &#129351; Ac-940047 Gabinete Performance Ii Gi215f \/ Mini Torre \/ Micro Atx, Itx \/ Fuente De Poder 500w Incluida \/ Full Metal \/ Blanco \/<\/title>\n<meta name=\"description\" content=\"Compra Ac-940047 Gabinete Performance Ii Gi215f \/ Mini Torre \/ Micro Atx, Itx \/ Fuente De Poder 500w Incluida \/ Full Metal \/ Blanco \/ + Env\u00edo a domicilio + Pago seguro + Garant\u00eda\" \/>\n<meta name=\"robots\" content=\"index, follow, max-snippet:-1, max-image-preview:large, max-video-preview:-1\" \/>\n<link rel=\"canonical\" href=\"https:\/\/compuviper.mx\/tienda\/producto\/acteck-ac-940047-gabinete-performance-ii-gi215f-mini-torre-micro-atx-itx-fuente-de-poder-500w-incluida-full-metal-blanco\/\" \/>\n<meta property=\"og:locale\" content=\"es_MX\" \/>\n<meta property=\"og:type\" content=\"article\" \/>\n<meta property=\"og:title\" content=\"[ Acteck ] &#129351; Ac-940047 Gabinete Performance Ii Gi215f \/ Mini Torre \/ Micro Atx, Itx \/ Fuente De Poder 500w Incluida \/ Full Metal \/ Blanco \/\" \/>\n<meta property=\"og:description\" content=\"Compra Ac-940047 Gabinete Performance Ii Gi215f \/ Mini Torre \/ Micro Atx, Itx \/ Fuente De Poder 500w Incluida \/ Full Metal \/ Blanco \/ + Env\u00edo a domicilio + Pago seguro + Garant\u00eda\" \/>\n<meta property=\"og:url\" content=\"https:\/\/compuviper.mx\/tienda\/producto\/acteck-ac-940047-gabinete-performance-ii-gi215f-mini-torre-micro-atx-itx-fuente-de-poder-500w-incluida-full-metal-blanco\/\" \/>\n<meta property=\"og:site_name\" content=\"Compuviper\" \/>\n<meta property=\"article:publisher\" content=\"https:\/\/www.facebook.com\/compuviper\" \/>\n<meta property=\"og:image\" content=\"https:\/\/compuviper.mx\/tienda\/wp-content\/uploads\/2025\/10\/Gabinete-acteck-performance-ii-gi215f-mini-torre-micro-atx-itx-fuente-de-poder-500w-incluida-full-metal-blanco-ac-940047.jpg\" \/>\n\t<meta property=\"og:image:width\" content=\"200\" \/>\n\t<meta property=\"og:image:height\" content=\"200\" \/>\n\t<meta property=\"og:image:type\" content=\"image\/jpeg\" \/>\n<meta name=\"twitter:card\" content=\"summary_large_image\" \/>\n<meta name=\"twitter:label1\" content=\"Precio\" \/>\n\t<meta name=\"twitter:data1\" content=\"&#36;509 con IVA\" \/>\n\t<meta name=\"twitter:label2\" content=\"Availability\" \/>\n\t<meta name=\"twitter:data2\" content=\"Out of stock\" \/>\n<script type=\"application\/ld+json\" class=\"yoast-schema-graph\">{\"@context\":\"https:\/\/schema.org\",\"@graph\":[{\"@type\":\"WebPage\",\"@id\":\"https:\/\/compuviper.mx\/tienda\/producto\/acteck-ac-940047-gabinete-performance-ii-gi215f-mini-torre-micro-atx-itx-fuente-de-poder-500w-incluida-full-metal-blanco\/\",\"url\":\"https:\/\/compuviper.mx\/tienda\/producto\/acteck-ac-940047-gabinete-performance-ii-gi215f-mini-torre-micro-atx-itx-fuente-de-poder-500w-incluida-full-metal-blanco\/\",\"name\":\"[ Acteck ] &#129351; Ac-940047 Gabinete Performance Ii Gi215f \/ Mini Torre \/ Micro Atx, Itx \/ Fuente De Poder 500w Incluida \/ Full Metal \/ Blanco \/\",\"isPartOf\":{\"@id\":\"https:\/\/compuviper.mx\/tienda\/#website\"},\"datePublished\":\"2026-04-16T06:10:58+00:00\",\"dateModified\":\"2026-04-16T06:10:58+00:00\",\"description\":\"Compra Ac-940047 Gabinete Performance Ii Gi215f \/ Mini Torre \/ Micro Atx, Itx \/ Fuente De Poder 500w Incluida \/ Full Metal \/ Blanco \/ + Env\u00edo a domicilio + Pago seguro + Garant\u00eda\",\"breadcrumb\":{\"@id\":\"https:\/\/compuviper.mx\/tienda\/producto\/acteck-ac-940047-gabinete-performance-ii-gi215f-mini-torre-micro-atx-itx-fuente-de-poder-500w-incluida-full-metal-blanco\/#breadcrumb\"},\"inLanguage\":\"es-MX\",\"potentialAction\":[{\"@type\":\"ReadAction\",\"target\":[\"https:\/\/compuviper.mx\/tienda\/producto\/acteck-ac-940047-gabinete-performance-ii-gi215f-mini-torre-micro-atx-itx-fuente-de-poder-500w-incluida-full-metal-blanco\/\"]}]},{\"@type\":\"BreadcrumbList\",\"@id\":\"https:\/\/compuviper.mx\/tienda\/producto\/acteck-ac-940047-gabinete-performance-ii-gi215f-mini-torre-micro-atx-itx-fuente-de-poder-500w-incluida-full-metal-blanco\/#breadcrumb\",\"itemListElement\":[{\"@type\":\"ListItem\",\"position\":1,\"name\":\"Inicio\",\"item\":\"https:\/\/compuviper.mx\/tienda\/\"},{\"@type\":\"ListItem\",\"position\":2,\"name\":\"Productos\",\"item\":\"https:\/\/compuviper.mx\/tienda\/productos\/\"},{\"@type\":\"ListItem\",\"position\":3,\"name\":\"Gabinetes\",\"item\":\"https:\/\/compuviper.mx\/tienda\/categoria-producto\/gabinetes\/\"},{\"@type\":\"ListItem\",\"position\":4,\"name\":\"Mini Torre\",\"item\":\"https:\/\/compuviper.mx\/tienda\/categoria-producto\/gabinetes\/mini-torre\/\"},{\"@type\":\"ListItem\",\"position\":5,\"name\":\"Acteck Ac-940047 Gabinete Performance Ii Gi215f \/ Mini Torre \/ Micro Atx, Itx \/ Fuente De Poder 500w Incluida \/ Full Metal \/ Blanco \/\"}]},{\"@type\":\"WebSite\",\"@id\":\"https:\/\/compuviper.mx\/tienda\/#website\",\"url\":\"https:\/\/compuviper.mx\/tienda\/\",\"name\":\"Compuviper\",\"description\":\"Proveedor de Computadoras, Laptops, Servidores, Monitores, Puntos de Venta, Teclados,   Impresoras, T\u00f3ner, C\u00e1maras de Seguridad y m\u00e1s en tu tienda en l\u00ednea\",\"publisher\":{\"@id\":\"https:\/\/compuviper.mx\/tienda\/#organization\"},\"potentialAction\":[{\"@type\":\"SearchAction\",\"target\":{\"@type\":\"EntryPoint\",\"urlTemplate\":\"https:\/\/compuviper.mx\/tienda\/?s={search_term_string}\"},\"query-input\":\"required name=search_term_string\"}],\"inLanguage\":\"es-MX\"},{\"@type\":\"Organization\",\"@id\":\"https:\/\/compuviper.mx\/tienda\/#organization\",\"name\":\"Compuviper\",\"url\":\"https:\/\/compuviper.mx\/tienda\/\",\"logo\":{\"@type\":\"ImageObject\",\"inLanguage\":\"es-MX\",\"@id\":\"https:\/\/compuviper.mx\/tienda\/#\/schema\/logo\/image\/\",\"url\":\"https:\/\/compuviper.mx\/tienda\/wp-content\/uploads\/2021\/08\/Logo-Compuviper-10.png\",\"contentUrl\":\"https:\/\/compuviper.mx\/tienda\/wp-content\/uploads\/2021\/08\/Logo-Compuviper-10.png\",\"width\":1000,\"height\":500,\"caption\":\"Compuviper\"},\"image\":{\"@id\":\"https:\/\/compuviper.mx\/tienda\/#\/schema\/logo\/image\/\"},\"sameAs\":[\"https:\/\/www.facebook.com\/compuviper\",\"https:\/\/www.youtube.com\/channel\/UCf73dERp9Y3cfOq7q8BhLjA?view_as=subscriber\"]}]}<\/script>\n<meta property=\"product:brand\" content=\"ACTECK\" \/>\n<meta property=\"product:price:amount\" content=\"509\" \/>\n<meta property=\"product:price:currency\" content=\"MXN\" \/>\n<meta property=\"og:availability\" content=\"out of stock\" \/>\n<meta property=\"product:availability\" content=\"out of stock\" \/>\n<meta property=\"product:retailer_item_id\" content=\"AC-940047\" \/>\n<meta property=\"product:condition\" content=\"new\" \/>\n<!-- \/ Yoast SEO plugin. -->","yoast_head_json":{"title":"[ Acteck ] &#129351; Ac-940047 Gabinete Performance Ii Gi215f \/ Mini Torre \/ Micro Atx, Itx \/ Fuente De Poder 500w Incluida \/ Full Metal \/ Blanco \/","description":"Compra Ac-940047 Gabinete Performance Ii Gi215f \/ Mini Torre \/ Micro Atx, Itx \/ Fuente De Poder 500w Incluida \/ Full Metal \/ Blanco \/ + Env\u00edo a domicilio + Pago seguro + Garant\u00eda","robots":{"index":"index","follow":"follow","max-snippet":"max-snippet:-1","max-image-preview":"max-image-preview:large","max-video-preview":"max-video-preview:-1"},"canonical":"https:\/\/compuviper.mx\/tienda\/producto\/acteck-ac-940047-gabinete-performance-ii-gi215f-mini-torre-micro-atx-itx-fuente-de-poder-500w-incluida-full-metal-blanco\/","og_locale":"es_MX","og_type":"article","og_title":"[ Acteck ] &#129351; Ac-940047 Gabinete Performance Ii Gi215f \/ Mini Torre \/ Micro Atx, Itx \/ Fuente De Poder 500w Incluida \/ Full Metal \/ Blanco \/","og_description":"Compra Ac-940047 Gabinete Performance Ii Gi215f \/ Mini Torre \/ Micro Atx, Itx \/ Fuente De Poder 500w Incluida \/ Full Metal \/ Blanco \/ + Env\u00edo a domicilio + Pago seguro + Garant\u00eda","og_url":"https:\/\/compuviper.mx\/tienda\/producto\/acteck-ac-940047-gabinete-performance-ii-gi215f-mini-torre-micro-atx-itx-fuente-de-poder-500w-incluida-full-metal-blanco\/","og_site_name":"Compuviper","article_publisher":"https:\/\/www.facebook.com\/compuviper","og_image":[{"width":200,"height":200,"url":"https:\/\/compuviper.mx\/tienda\/wp-content\/uploads\/2025\/10\/Gabinete-acteck-performance-ii-gi215f-mini-torre-micro-atx-itx-fuente-de-poder-500w-incluida-full-metal-blanco-ac-940047.jpg","type":"image\/jpeg"}],"twitter_card":"summary_large_image","twitter_misc":{"Precio":"&#36;509 con IVA","Availability":"Out of stock"},"schema":{"@context":"https:\/\/schema.org","@graph":[{"@type":"WebPage","@id":"https:\/\/compuviper.mx\/tienda\/producto\/acteck-ac-940047-gabinete-performance-ii-gi215f-mini-torre-micro-atx-itx-fuente-de-poder-500w-incluida-full-metal-blanco\/","url":"https:\/\/compuviper.mx\/tienda\/producto\/acteck-ac-940047-gabinete-performance-ii-gi215f-mini-torre-micro-atx-itx-fuente-de-poder-500w-incluida-full-metal-blanco\/","name":"[ Acteck ] &#129351; Ac-940047 Gabinete Performance Ii Gi215f \/ Mini Torre \/ Micro Atx, Itx \/ Fuente De Poder 500w Incluida \/ Full Metal \/ Blanco \/","isPartOf":{"@id":"https:\/\/compuviper.mx\/tienda\/#website"},"datePublished":"2026-04-16T06:10:58+00:00","dateModified":"2026-04-16T06:10:58+00:00","description":"Compra Ac-940047 Gabinete Performance Ii Gi215f \/ Mini Torre \/ Micro Atx, Itx \/ Fuente De Poder 500w Incluida \/ Full Metal \/ Blanco \/ + Env\u00edo a domicilio + Pago seguro + Garant\u00eda","breadcrumb":{"@id":"https:\/\/compuviper.mx\/tienda\/producto\/acteck-ac-940047-gabinete-performance-ii-gi215f-mini-torre-micro-atx-itx-fuente-de-poder-500w-incluida-full-metal-blanco\/#breadcrumb"},"inLanguage":"es-MX","potentialAction":[{"@type":"ReadAction","target":["https:\/\/compuviper.mx\/tienda\/producto\/acteck-ac-940047-gabinete-performance-ii-gi215f-mini-torre-micro-atx-itx-fuente-de-poder-500w-incluida-full-metal-blanco\/"]}]},{"@type":"BreadcrumbList","@id":"https:\/\/compuviper.mx\/tienda\/producto\/acteck-ac-940047-gabinete-performance-ii-gi215f-mini-torre-micro-atx-itx-fuente-de-poder-500w-incluida-full-metal-blanco\/#breadcrumb","itemListElement":[{"@type":"ListItem","position":1,"name":"Inicio","item":"https:\/\/compuviper.mx\/tienda\/"},{"@type":"ListItem","position":2,"name":"Productos","item":"https:\/\/compuviper.mx\/tienda\/productos\/"},{"@type":"ListItem","position":3,"name":"Gabinetes","item":"https:\/\/compuviper.mx\/tienda\/categoria-producto\/gabinetes\/"},{"@type":"ListItem","position":4,"name":"Mini Torre","item":"https:\/\/compuviper.mx\/tienda\/categoria-producto\/gabinetes\/mini-torre\/"},{"@type":"ListItem","position":5,"name":"Acteck Ac-940047 Gabinete Performance Ii Gi215f \/ Mini Torre \/ Micro Atx, Itx \/ Fuente De Poder 500w Incluida \/ Full Metal \/ Blanco \/"}]},{"@type":"WebSite","@id":"https:\/\/compuviper.mx\/tienda\/#website","url":"https:\/\/compuviper.mx\/tienda\/","name":"Compuviper","description":"Proveedor de Computadoras, Laptops, Servidores, Monitores, Puntos de Venta, Teclados,   Impresoras, T\u00f3ner, C\u00e1maras de Seguridad y m\u00e1s en tu tienda en l\u00ednea","publisher":{"@id":"https:\/\/compuviper.mx\/tienda\/#organization"},"potentialAction":[{"@type":"SearchAction","target":{"@type":"EntryPoint","urlTemplate":"https:\/\/compuviper.mx\/tienda\/?s={search_term_string}"},"query-input":"required name=search_term_string"}],"inLanguage":"es-MX"},{"@type":"Organization","@id":"https:\/\/compuviper.mx\/tienda\/#organization","name":"Compuviper","url":"https:\/\/compuviper.mx\/tienda\/","logo":{"@type":"ImageObject","inLanguage":"es-MX","@id":"https:\/\/compuviper.mx\/tienda\/#\/schema\/logo\/image\/","url":"https:\/\/compuviper.mx\/tienda\/wp-content\/uploads\/2021\/08\/Logo-Compuviper-10.png","contentUrl":"https:\/\/compuviper.mx\/tienda\/wp-content\/uploads\/2021\/08\/Logo-Compuviper-10.png","width":1000,"height":500,"caption":"Compuviper"},"image":{"@id":"https:\/\/compuviper.mx\/tienda\/#\/schema\/logo\/image\/"},"sameAs":["https:\/\/www.facebook.com\/compuviper","https:\/\/www.youtube.com\/channel\/UCf73dERp9Y3cfOq7q8BhLjA?view_as=subscriber"]}]},"product_brand":"ACTECK","product_price_amount":"509","product_price_currency":"MXN","og_availability":"out of stock","product_availability":"out of stock","product_retailer_item_id":"AC-940047","product_condition":"new"},"_links":{"self":[{"href":"https:\/\/compuviper.mx\/tienda\/wp-json\/wp\/v2\/product\/249768"}],"collection":[{"href":"https:\/\/compuviper.mx\/tienda\/wp-json\/wp\/v2\/product"}],"about":[{"href":"https:\/\/compuviper.mx\/tienda\/wp-json\/wp\/v2\/types\/product"}],"replies":[{"embeddable":true,"href":"https:\/\/compuviper.mx\/tienda\/wp-json\/wp\/v2\/comments?post=249768"}],"wp:featuredmedia":[{"embeddable":true,"href":"https:\/\/compuviper.mx\/tienda\/wp-json\/wp\/v2\/media\/259282"}],"wp:attachment":[{"href":"https:\/\/compuviper.mx\/tienda\/wp-json\/wp\/v2\/media?parent=249768"}],"wp:term":[{"taxonomy":"product_cat","embeddable":true,"href":"https:\/\/compuviper.mx\/tienda\/wp-json\/wp\/v2\/product_cat?post=249768"},{"taxonomy":"product_tag","embeddable":true,"href":"https:\/\/compuviper.mx\/tienda\/wp-json\/wp\/v2\/product_tag?post=249768"}],"curies":[{"name":"wp","href":"https:\/\/api.w.org\/{rel}","templated":true}]}}