{"id":249754,"date":"2026-04-02T02:23:18","date_gmt":"2026-04-02T08:23:18","guid":{"rendered":"https:\/\/compuviper.mx\/tienda\/producto\/hisense-40a4nv-television-led-40-smartv-vidaa-full-hd-dts-virtual-x-hdmi-earc\/"},"modified":"2026-04-02T02:23:19","modified_gmt":"2026-04-02T08:23:19","slug":"hisense-40a4nv-television-40-pulgadas-led-smart-vidaa-full-hd-dts-virtual-x-hdmi-earc-wifi","status":"publish","type":"product","link":"https:\/\/compuviper.mx\/tienda\/producto\/hisense-40a4nv-television-40-pulgadas-led-smart-vidaa-full-hd-dts-virtual-x-hdmi-earc-wifi\/","title":{"rendered":"Hisense 40a4nv Television 40 Pulgadas Led   Smart Vidaa , Full Hd, Dts Virtual X, Hdmi-earc, Wifi"},"content":{"rendered":"<table class=\"descripcion\">\n<tr>\n<td>Modelo de mercado 40a4nv<\/td>\n<\/tr>\n<tr>\n<td>Modelo interno 40a40quv<\/td>\n<\/tr>\n<tr>\n<td>Mercado de ventas usa, canada, mexico, panama,\u00a0guatemala<\/td>\n<\/tr>\n<tr>\n<td>Marca hisense<\/td>\n<\/tr>\n<tr>\n<td>Tecnolog\u00eda premium<\/td>\n<\/tr>\n<tr>\n<td>Tecnolog\u00eda miniled no<\/td>\n<\/tr>\n<tr>\n<td>Tecnolog\u00eda de puntos cu\u00e1nticos no<\/td>\n<\/tr>\n<tr>\n<td>Aglr (baja reflexi\u00f3n) no<\/td>\n<\/tr>\n<tr>\n<td>Ai<\/td>\n<\/tr>\n<tr>\n<td>Calidad de imagen<\/td>\n<\/tr>\n<tr>\n<td>Tama\u00f1o del display 40<\/td>\n<\/tr>\n<tr>\n<td>\u00e1rea de visualizaci\u00f3n 39.5 diagonal<\/td>\n<\/tr>\n<tr>\n<td>Tipo de panel va inx v400hjb-p03-cg<\/td>\n<\/tr>\n<tr>\n<td>Relaci\u00f3n de aspecto de la pantalla 16:09<\/td>\n<\/tr>\n<tr>\n<td>Pantalla plana<\/td>\n<\/tr>\n<tr>\n<td>Resoluci\u00f3n fhd 1920*1080<\/td>\n<\/tr>\n<tr>\n<td>Frecuencia de actualizaci\u00f3n nativa (hz) 60hz<\/td>\n<\/tr>\n<tr>\n<td>Brillo m\u00e1ximo (nits t\u00edpicos) 250typ<\/td>\n<\/tr>\n<tr>\n<td>Relaci\u00f3n de contraste est\u00e1tico (con atenuaci\u00f3n local) 5000typ<\/td>\n<\/tr>\n<tr>\n<td>\u00e1ngulo de visi\u00f3n h\/v 178\/178<\/td>\n<\/tr>\n<tr>\n<td>Tiempo de respuesta (ms) 10 ms<\/td>\n<\/tr>\n<tr>\n<td>Profundidad de color 8 bit<\/td>\n<\/tr>\n<tr>\n<td>Luz de fondo full array<\/td>\n<\/tr>\n<tr>\n<td>Atenuaci\u00f3n local no<\/td>\n<\/tr>\n<tr>\n<td>Zonas de atenuaci\u00f3n local no aplica<\/td>\n<\/tr>\n<tr>\n<td>Amplia gama de colores no<\/td>\n<\/tr>\n<tr>\n<td>4k upscale no<\/td>\n<\/tr>\n<tr>\n<td>Memc no<\/td>\n<\/tr>\n<tr>\n<td>Frecuencia de movimiento 60<\/td>\n<\/tr>\n<tr>\n<td>Inserci\u00f3n de fotogramas negros no<\/td>\n<\/tr>\n<tr>\n<td>Hdr: dolby vision no<\/td>\n<\/tr>\n<tr>\n<td>Hdr: hdr10+ no<\/td>\n<\/tr>\n<tr>\n<td>Hdr: hdr10 no<\/td>\n<\/tr>\n<tr>\n<td>Hdr: hybrid log gamma (hlg) no<\/td>\n<\/tr>\n<tr>\n<td>Hdr10+ adaptativo no<\/td>\n<\/tr>\n<tr>\n<td>Hdr10+ para juegos no<\/td>\n<\/tr>\n<tr>\n<td>Dolby vision iq no<\/td>\n<\/tr>\n<tr>\n<td>Dolby gaming no<\/td>\n<\/tr>\n<tr>\n<td>Imax enhanced no<\/td>\n<\/tr>\n<tr>\n<td>Film maker mode no<\/td>\n<\/tr>\n<tr>\n<td>Otras funciones<\/td>\n<\/tr>\n<tr>\n<td>Juego<\/td>\n<\/tr>\n<tr>\n<td>Modo de juego hdr no<\/td>\n<\/tr>\n<tr>\n<td>Hsr no<\/td>\n<\/tr>\n<tr>\n<td>Vrr (frecuencia de actualizaci\u00f3n variable) no<\/td>\n<\/tr>\n<tr>\n<td>Allm (modo autom\u00e1tico de baja latencia) no<\/td>\n<\/tr>\n<tr>\n<td>Freesync no<\/td>\n<\/tr>\n<tr>\n<td>G-sync no<\/td>\n<\/tr>\n<tr>\n<td>Otras funciones de juego no<\/td>\n<\/tr>\n<tr>\n<td>Calidad de audio<\/td>\n<\/tr>\n<tr>\n<td>Mejora de audio dts virtual x<\/td>\n<\/tr>\n<tr>\n<td>Audio multicanal 2.0 ch<\/td>\n<\/tr>\n<tr>\n<td>Potencia de audio 2*7w<\/td>\n<\/tr>\n<tr>\n<td>Env\u00edo de sonido no<\/td>\n<\/tr>\n<tr>\n<td>Tipo de altavoz integrado (parte inferior)<\/td>\n<\/tr>\n<tr>\n<td>Audio bluetooth no<\/td>\n<\/tr>\n<tr>\n<td>Audio dual: bluetooth + altavoz de tv no<\/td>\n<\/tr>\n<tr>\n<td>Audio dual: 2 bluetooth no<\/td>\n<\/tr>\n<tr>\n<td>Altavoz bluetooth de tv (cuando los dispositivos m\u00f3viles est\u00e1n conectados a la tv con bluetooth, el sonido se emite a trav\u00e9s del altavoz de la tv). no<\/td>\n<\/tr>\n<tr>\n<td>Hardware y puertos<\/td>\n<\/tr>\n<tr>\n<td>Wi-fi ieee 802.11 b\/g\/n\u00a0 2.4g<\/td>\n<\/tr>\n<tr>\n<td>Bluetooth no<\/td>\n<\/tr>\n<tr>\n<td>Antena rf 1<\/td>\n<\/tr>\n<tr>\n<td>Formato compatible 480i and #12289;480p and #12289;720p and #12289;1080i and #12289;1080p<\/td>\n<\/tr>\n<tr>\n<td>Entradas hdmi hdmi1.4*2<\/td>\n<\/tr>\n<tr>\n<td>Hdmi 4k a 120 hz no<\/td>\n<\/tr>\n<tr>\n<td>Hdmi-earc si , hdmi2<\/td>\n<\/tr>\n<tr>\n<td>Usb usb 2.0*1<\/td>\n<\/tr>\n<tr>\n<td>Ethernet (lan) 1<\/td>\n<\/tr>\n<tr>\n<td>Entrada de video compuesto 1<\/td>\n<\/tr>\n<tr>\n<td>Entrada de audio l\/r para compuesto 1<\/td>\n<\/tr>\n<tr>\n<td>Salida de audio\/auriculares 1<\/td>\n<\/tr>\n<tr>\n<td>Salida de audio digital 1<\/td>\n<\/tr>\n<tr>\n<td>Se\u00f1al de salida de la placa base minilvds<\/td>\n<\/tr>\n<tr>\n<td>Conjuntos de chips<\/td>\n<\/tr>\n<tr>\n<td>So versi\u00f3n vidaa u8.5<\/td>\n<\/tr>\n<tr>\n<td>Nombre del chipset nt72690tbg-8c2k<\/td>\n<\/tr>\n<tr>\n<td>Cpu ca53x4@1.1ghz<\/td>\n<\/tr>\n<tr>\n<td>Gpu mali-g52-2ee mc1\u00a0<\/td>\n<\/tr>\n<tr>\n<td>L1<\/td>\n<\/tr>\n<tr>\n<td>L2\/l3<\/td>\n<\/tr>\n<tr>\n<td>Ddr 1g<\/td>\n<\/tr>\n<tr>\n<td>Emmc 4g<\/td>\n<\/tr>\n<tr>\n<td>Energ\u00eda<\/td>\n<\/tr>\n<tr>\n<td>Consumo de energ\u00eda 70w<\/td>\n<\/tr>\n<tr>\n<td>Consumo en modo de espera  and #8804;0.5w<\/td>\n<\/tr>\n<tr>\n<td>Fuente de alimentaci\u00f3n (voltaje\/hz) ac120v,60hz<\/td>\n<\/tr>\n<tr>\n<td>Fuente de alimentaci\u00f3n amplia no<\/td>\n<\/tr>\n<tr>\n<td>Smart tv<\/td>\n<\/tr>\n<tr>\n<td>Plataforma smart vidaa u8.5<\/td>\n<\/tr>\n<tr>\n<td>Visualizaci\u00f3n en pantalla eng\/fre\/spa\/por<\/td>\n<\/tr>\n<tr>\n<td>App store vidaa store<\/td>\n<\/tr>\n<tr>\n<td>Sistema de tv atsc\/j.83b and #12289;isdb-t and #12289;ntsc and #12289;pal<\/td>\n<\/tr>\n<tr>\n<td>Navegador web odin<\/td>\n<\/tr>\n<tr>\n<td>Subt\u00edtulos si<\/td>\n<\/tr>\n<tr>\n<td>Reducci\u00f3n de ruido si<\/td>\n<\/tr>\n<tr>\n<td>Control parental si<\/td>\n<\/tr>\n<tr>\n<td>Temporizador de apagado autom\u00e1tico s<\/td>\n<\/tr>\n<tr>\n<td>Reconocimiento de voz de larga distancia no<\/td>\n<\/tr>\n<tr>\n<td>Asistente de google no<\/td>\n<\/tr>\n<tr>\n<td>Alexa funciona con\u00a0alexa<\/td>\n<\/tr>\n<tr>\n<td>Siri no<\/td>\n<\/tr>\n<tr>\n<td>Google home google smart home (works with ga)<\/td>\n<\/tr>\n<tr>\n<td>Chromecast no<\/td>\n<\/tr>\n<tr>\n<td>Apple homekit si<\/td>\n<\/tr>\n<tr>\n<td>Airplay si<\/td>\n<\/tr>\n<tr>\n<td>Espejo de pantalla miracast, dlna<\/td>\n<\/tr>\n<tr>\n<td>Dimensiones\/peso (kg y mm)<\/td>\n<\/tr>\n<tr>\n<td>Dimensiones del televisor (sin el soporte) (mm) 898x511x78 mm<\/td>\n<\/tr>\n<tr>\n<td>Dimensiones del televisor (con el soporte) (mm) 898x559x183 mm<\/td>\n<\/tr>\n<tr>\n<td>Dimensiones del soporte: ancho (l x an) (mm) 727&#215;183 mm<\/td>\n<\/tr>\n<tr>\n<td>Dimensiones del soporte: estrecho (l x an) (mm) na<\/td>\n<\/tr>\n<tr>\n<td>Dimensiones del soporte: alto (mm) na<\/td>\n<\/tr>\n<tr>\n<td>Dimensiones del soporte: bajo (mm) na<\/td>\n<\/tr>\n<tr>\n<td>Televisor peso (sin el soporte) (kg) 4.7kg<\/td>\n<\/tr>\n<tr>\n<td>Peso del televisor (con el soporte) (kg) 4.8kg<\/td>\n<\/tr>\n<tr>\n<td>Dimensiones de la caja (an. x al. x pr.) (mm) 1008x113x615<\/td>\n<\/tr>\n<tr>\n<td>Peso del env\u00edo (kg) 6.9kg<\/td>\n<\/tr>\n<tr>\n<td>Montaje de pared<\/td>\n<\/tr>\n<tr>\n<td>Tama\u00f1o del soporte de pared 200\u00d7100<\/td>\n<\/tr>\n<tr>\n<td>Tornillo de montaje de pared m6<\/td>\n<\/tr>\n<tr>\n<td>Modelo de montaje de pared con soporte interno de hisense (se vende por separado) lg200201a<\/td>\n<\/tr>\n<tr>\n<td>N\u00famero de material de montaje de pared con soporte interno de hisense 350168-0129<\/td>\n<\/tr>\n<tr>\n<td>Accesorio<\/td>\n<\/tr>\n<tr>\n<td>Control remoto si<\/td>\n<\/tr>\n<tr>\n<td>Bater\u00eda 2<\/td>\n<\/tr>\n<tr>\n<td>Cable de alimentaci\u00f3n 1<\/td>\n<\/tr>\n<tr>\n<td>Cable hdmi no<\/td>\n<\/tr>\n<tr>\n<td>Gu\u00eda de inicio r\u00e1pido si<\/td>\n<\/tr>\n<tr>\n<td>Seguridad y garant\u00eda si<\/td>\n<\/tr>\n<tr>\n<td>Soporte dual stand<\/td>\n<\/tr>\n<tr>\n<td>Garant\u00eda 1 a\u00f1o<\/td>\n<\/tr>\n<\/table>\n","protected":false},"excerpt":{"rendered":"<p>El modelo de hisense 40a4nv es la elecci\u00f3n perfecta para aquellos que buscan un televisor inteligente que se adapte a su estilo de vida y les ofrezca una experiencia de visualizaci\u00f3n excepcional. Descubre una nueva forma de disfrutar tus contenidos con el hisense  y su innovador sistema operativo vidaa.<\/p>\n","protected":false},"featured_media":258502,"comment_status":"open","ping_status":"open","template":"","meta":[],"product_cat":[1838,1839],"product_tag":[2128],"acf":[],"yoast_head":"<!-- This site is optimized with the Yoast SEO plugin v21.7 - https:\/\/yoast.com\/wordpress\/plugins\/seo\/ -->\n<title>[ Hisense ] &#129351; 40a4nv Television 40 Pulgadas Led Smart Vidaa , Full Hd, Dts Virtual X, Hdmi-earc, Wifi<\/title>\n<meta name=\"description\" content=\"Compra 40a4nv Television 40 Pulgadas Led Smart Vidaa , Full Hd, Dts Virtual X, Hdmi-earc, Wifi + Env\u00edo a domicilio + Pago seguro + Garant\u00eda\" \/>\n<meta name=\"robots\" content=\"index, follow, max-snippet:-1, max-image-preview:large, max-video-preview:-1\" \/>\n<link rel=\"canonical\" href=\"https:\/\/compuviper.mx\/tienda\/producto\/hisense-40a4nv-television-40-pulgadas-led-smart-vidaa-full-hd-dts-virtual-x-hdmi-earc-wifi\/\" \/>\n<meta property=\"og:locale\" content=\"es_MX\" \/>\n<meta property=\"og:type\" content=\"article\" \/>\n<meta property=\"og:title\" content=\"[ Hisense ] &#129351; 40a4nv Television 40 Pulgadas Led Smart Vidaa , Full Hd, Dts Virtual X, Hdmi-earc, Wifi\" \/>\n<meta property=\"og:description\" content=\"Compra 40a4nv Television 40 Pulgadas Led Smart Vidaa , Full Hd, Dts Virtual X, Hdmi-earc, Wifi + Env\u00edo a domicilio + Pago seguro + Garant\u00eda\" \/>\n<meta property=\"og:url\" content=\"https:\/\/compuviper.mx\/tienda\/producto\/hisense-40a4nv-television-40-pulgadas-led-smart-vidaa-full-hd-dts-virtual-x-hdmi-earc-wifi\/\" \/>\n<meta property=\"og:site_name\" content=\"Compuviper\" \/>\n<meta property=\"article:publisher\" content=\"https:\/\/www.facebook.com\/compuviper\" \/>\n<meta property=\"article:modified_time\" content=\"2026-04-02T08:23:19+00:00\" \/>\n<meta property=\"og:image\" content=\"https:\/\/compuviper.mx\/tienda\/wp-content\/uploads\/2025\/10\/Television-40-pulgadas-led-hisense-40a4nv-smart-vidaa-full-hd-dts-virtual-x-hdmi-earc-wifi.jpg\" \/>\n\t<meta property=\"og:image:width\" content=\"200\" \/>\n\t<meta property=\"og:image:height\" content=\"200\" \/>\n\t<meta property=\"og:image:type\" content=\"image\/jpeg\" \/>\n<meta name=\"twitter:card\" content=\"summary_large_image\" \/>\n<meta name=\"twitter:label1\" content=\"Precio\" \/>\n\t<meta name=\"twitter:data1\" content=\"&#36;4,522 &#36;3,764 con IVA\" \/>\n\t<meta name=\"twitter:label2\" content=\"Availability\" \/>\n\t<meta name=\"twitter:data2\" content=\"In stock\" \/>\n<script type=\"application\/ld+json\" class=\"yoast-schema-graph\">{\"@context\":\"https:\/\/schema.org\",\"@graph\":[{\"@type\":\"WebPage\",\"@id\":\"https:\/\/compuviper.mx\/tienda\/producto\/hisense-40a4nv-television-40-pulgadas-led-smart-vidaa-full-hd-dts-virtual-x-hdmi-earc-wifi\/\",\"url\":\"https:\/\/compuviper.mx\/tienda\/producto\/hisense-40a4nv-television-40-pulgadas-led-smart-vidaa-full-hd-dts-virtual-x-hdmi-earc-wifi\/\",\"name\":\"[ Hisense ] &#129351; 40a4nv Television 40 Pulgadas Led Smart Vidaa , Full Hd, Dts Virtual X, Hdmi-earc, Wifi\",\"isPartOf\":{\"@id\":\"https:\/\/compuviper.mx\/tienda\/#website\"},\"datePublished\":\"2026-04-02T08:23:18+00:00\",\"dateModified\":\"2026-04-02T08:23:19+00:00\",\"description\":\"Compra 40a4nv Television 40 Pulgadas Led Smart Vidaa , Full Hd, Dts Virtual X, Hdmi-earc, Wifi + Env\u00edo a domicilio + Pago seguro + Garant\u00eda\",\"breadcrumb\":{\"@id\":\"https:\/\/compuviper.mx\/tienda\/producto\/hisense-40a4nv-television-40-pulgadas-led-smart-vidaa-full-hd-dts-virtual-x-hdmi-earc-wifi\/#breadcrumb\"},\"inLanguage\":\"es-MX\",\"potentialAction\":[{\"@type\":\"ReadAction\",\"target\":[\"https:\/\/compuviper.mx\/tienda\/producto\/hisense-40a4nv-television-40-pulgadas-led-smart-vidaa-full-hd-dts-virtual-x-hdmi-earc-wifi\/\"]}]},{\"@type\":\"BreadcrumbList\",\"@id\":\"https:\/\/compuviper.mx\/tienda\/producto\/hisense-40a4nv-television-40-pulgadas-led-smart-vidaa-full-hd-dts-virtual-x-hdmi-earc-wifi\/#breadcrumb\",\"itemListElement\":[{\"@type\":\"ListItem\",\"position\":1,\"name\":\"Inicio\",\"item\":\"https:\/\/compuviper.mx\/tienda\/\"},{\"@type\":\"ListItem\",\"position\":2,\"name\":\"Productos\",\"item\":\"https:\/\/compuviper.mx\/tienda\/productos\/\"},{\"@type\":\"ListItem\",\"position\":3,\"name\":\"Televisor\",\"item\":\"https:\/\/compuviper.mx\/tienda\/categoria-producto\/televisor\/\"},{\"@type\":\"ListItem\",\"position\":4,\"name\":\"Led\",\"item\":\"https:\/\/compuviper.mx\/tienda\/categoria-producto\/televisor\/led-televisor\/\"},{\"@type\":\"ListItem\",\"position\":5,\"name\":\"Hisense 40a4nv Television 40 Pulgadas Led Smart Vidaa , Full Hd, Dts Virtual X, Hdmi-earc, Wifi\"}]},{\"@type\":\"WebSite\",\"@id\":\"https:\/\/compuviper.mx\/tienda\/#website\",\"url\":\"https:\/\/compuviper.mx\/tienda\/\",\"name\":\"Compuviper\",\"description\":\"Proveedor de Computadoras, Laptops, Servidores, Monitores, Puntos de Venta, Teclados,   Impresoras, T\u00f3ner, C\u00e1maras de Seguridad y m\u00e1s en tu tienda en l\u00ednea\",\"publisher\":{\"@id\":\"https:\/\/compuviper.mx\/tienda\/#organization\"},\"potentialAction\":[{\"@type\":\"SearchAction\",\"target\":{\"@type\":\"EntryPoint\",\"urlTemplate\":\"https:\/\/compuviper.mx\/tienda\/?s={search_term_string}\"},\"query-input\":\"required name=search_term_string\"}],\"inLanguage\":\"es-MX\"},{\"@type\":\"Organization\",\"@id\":\"https:\/\/compuviper.mx\/tienda\/#organization\",\"name\":\"Compuviper\",\"url\":\"https:\/\/compuviper.mx\/tienda\/\",\"logo\":{\"@type\":\"ImageObject\",\"inLanguage\":\"es-MX\",\"@id\":\"https:\/\/compuviper.mx\/tienda\/#\/schema\/logo\/image\/\",\"url\":\"https:\/\/compuviper.mx\/tienda\/wp-content\/uploads\/2021\/08\/Logo-Compuviper-10.png\",\"contentUrl\":\"https:\/\/compuviper.mx\/tienda\/wp-content\/uploads\/2021\/08\/Logo-Compuviper-10.png\",\"width\":1000,\"height\":500,\"caption\":\"Compuviper\"},\"image\":{\"@id\":\"https:\/\/compuviper.mx\/tienda\/#\/schema\/logo\/image\/\"},\"sameAs\":[\"https:\/\/www.facebook.com\/compuviper\",\"https:\/\/www.youtube.com\/channel\/UCf73dERp9Y3cfOq7q8BhLjA?view_as=subscriber\"]}]}<\/script>\n<meta property=\"product:brand\" content=\"Hisense\" \/>\n<meta property=\"product:price:amount\" content=\"3764\" \/>\n<meta property=\"product:price:currency\" content=\"MXN\" \/>\n<meta property=\"og:availability\" content=\"instock\" \/>\n<meta property=\"product:availability\" content=\"instock\" \/>\n<meta property=\"product:retailer_item_id\" content=\"40A4NV\" \/>\n<meta property=\"product:condition\" content=\"new\" \/>\n<!-- \/ Yoast SEO plugin. -->","yoast_head_json":{"title":"[ Hisense ] &#129351; 40a4nv Television 40 Pulgadas Led Smart Vidaa , Full Hd, Dts Virtual X, Hdmi-earc, Wifi","description":"Compra 40a4nv Television 40 Pulgadas Led Smart Vidaa , Full Hd, Dts Virtual X, Hdmi-earc, Wifi + Env\u00edo a domicilio + Pago seguro + Garant\u00eda","robots":{"index":"index","follow":"follow","max-snippet":"max-snippet:-1","max-image-preview":"max-image-preview:large","max-video-preview":"max-video-preview:-1"},"canonical":"https:\/\/compuviper.mx\/tienda\/producto\/hisense-40a4nv-television-40-pulgadas-led-smart-vidaa-full-hd-dts-virtual-x-hdmi-earc-wifi\/","og_locale":"es_MX","og_type":"article","og_title":"[ Hisense ] &#129351; 40a4nv Television 40 Pulgadas Led Smart Vidaa , Full Hd, Dts Virtual X, Hdmi-earc, Wifi","og_description":"Compra 40a4nv Television 40 Pulgadas Led Smart Vidaa , Full Hd, Dts Virtual X, Hdmi-earc, Wifi + Env\u00edo a domicilio + Pago seguro + Garant\u00eda","og_url":"https:\/\/compuviper.mx\/tienda\/producto\/hisense-40a4nv-television-40-pulgadas-led-smart-vidaa-full-hd-dts-virtual-x-hdmi-earc-wifi\/","og_site_name":"Compuviper","article_publisher":"https:\/\/www.facebook.com\/compuviper","article_modified_time":"2026-04-02T08:23:19+00:00","og_image":[{"width":200,"height":200,"url":"https:\/\/compuviper.mx\/tienda\/wp-content\/uploads\/2025\/10\/Television-40-pulgadas-led-hisense-40a4nv-smart-vidaa-full-hd-dts-virtual-x-hdmi-earc-wifi.jpg","type":"image\/jpeg"}],"twitter_card":"summary_large_image","twitter_misc":{"Precio":"&#36;4,522 &#36;3,764 con IVA","Availability":"In stock"},"schema":{"@context":"https:\/\/schema.org","@graph":[{"@type":"WebPage","@id":"https:\/\/compuviper.mx\/tienda\/producto\/hisense-40a4nv-television-40-pulgadas-led-smart-vidaa-full-hd-dts-virtual-x-hdmi-earc-wifi\/","url":"https:\/\/compuviper.mx\/tienda\/producto\/hisense-40a4nv-television-40-pulgadas-led-smart-vidaa-full-hd-dts-virtual-x-hdmi-earc-wifi\/","name":"[ Hisense ] &#129351; 40a4nv Television 40 Pulgadas Led Smart Vidaa , Full Hd, Dts Virtual X, Hdmi-earc, Wifi","isPartOf":{"@id":"https:\/\/compuviper.mx\/tienda\/#website"},"datePublished":"2026-04-02T08:23:18+00:00","dateModified":"2026-04-02T08:23:19+00:00","description":"Compra 40a4nv Television 40 Pulgadas Led Smart Vidaa , Full Hd, Dts Virtual X, Hdmi-earc, Wifi + Env\u00edo a domicilio + Pago seguro + Garant\u00eda","breadcrumb":{"@id":"https:\/\/compuviper.mx\/tienda\/producto\/hisense-40a4nv-television-40-pulgadas-led-smart-vidaa-full-hd-dts-virtual-x-hdmi-earc-wifi\/#breadcrumb"},"inLanguage":"es-MX","potentialAction":[{"@type":"ReadAction","target":["https:\/\/compuviper.mx\/tienda\/producto\/hisense-40a4nv-television-40-pulgadas-led-smart-vidaa-full-hd-dts-virtual-x-hdmi-earc-wifi\/"]}]},{"@type":"BreadcrumbList","@id":"https:\/\/compuviper.mx\/tienda\/producto\/hisense-40a4nv-television-40-pulgadas-led-smart-vidaa-full-hd-dts-virtual-x-hdmi-earc-wifi\/#breadcrumb","itemListElement":[{"@type":"ListItem","position":1,"name":"Inicio","item":"https:\/\/compuviper.mx\/tienda\/"},{"@type":"ListItem","position":2,"name":"Productos","item":"https:\/\/compuviper.mx\/tienda\/productos\/"},{"@type":"ListItem","position":3,"name":"Televisor","item":"https:\/\/compuviper.mx\/tienda\/categoria-producto\/televisor\/"},{"@type":"ListItem","position":4,"name":"Led","item":"https:\/\/compuviper.mx\/tienda\/categoria-producto\/televisor\/led-televisor\/"},{"@type":"ListItem","position":5,"name":"Hisense 40a4nv Television 40 Pulgadas Led Smart Vidaa , Full Hd, Dts Virtual X, Hdmi-earc, Wifi"}]},{"@type":"WebSite","@id":"https:\/\/compuviper.mx\/tienda\/#website","url":"https:\/\/compuviper.mx\/tienda\/","name":"Compuviper","description":"Proveedor de Computadoras, Laptops, Servidores, Monitores, Puntos de Venta, Teclados,   Impresoras, T\u00f3ner, C\u00e1maras de Seguridad y m\u00e1s en tu tienda en l\u00ednea","publisher":{"@id":"https:\/\/compuviper.mx\/tienda\/#organization"},"potentialAction":[{"@type":"SearchAction","target":{"@type":"EntryPoint","urlTemplate":"https:\/\/compuviper.mx\/tienda\/?s={search_term_string}"},"query-input":"required name=search_term_string"}],"inLanguage":"es-MX"},{"@type":"Organization","@id":"https:\/\/compuviper.mx\/tienda\/#organization","name":"Compuviper","url":"https:\/\/compuviper.mx\/tienda\/","logo":{"@type":"ImageObject","inLanguage":"es-MX","@id":"https:\/\/compuviper.mx\/tienda\/#\/schema\/logo\/image\/","url":"https:\/\/compuviper.mx\/tienda\/wp-content\/uploads\/2021\/08\/Logo-Compuviper-10.png","contentUrl":"https:\/\/compuviper.mx\/tienda\/wp-content\/uploads\/2021\/08\/Logo-Compuviper-10.png","width":1000,"height":500,"caption":"Compuviper"},"image":{"@id":"https:\/\/compuviper.mx\/tienda\/#\/schema\/logo\/image\/"},"sameAs":["https:\/\/www.facebook.com\/compuviper","https:\/\/www.youtube.com\/channel\/UCf73dERp9Y3cfOq7q8BhLjA?view_as=subscriber"]}]},"product_brand":"Hisense","product_price_amount":"3764","product_price_currency":"MXN","og_availability":"instock","product_availability":"instock","product_retailer_item_id":"40A4NV","product_condition":"new"},"_links":{"self":[{"href":"https:\/\/compuviper.mx\/tienda\/wp-json\/wp\/v2\/product\/249754"}],"collection":[{"href":"https:\/\/compuviper.mx\/tienda\/wp-json\/wp\/v2\/product"}],"about":[{"href":"https:\/\/compuviper.mx\/tienda\/wp-json\/wp\/v2\/types\/product"}],"replies":[{"embeddable":true,"href":"https:\/\/compuviper.mx\/tienda\/wp-json\/wp\/v2\/comments?post=249754"}],"wp:featuredmedia":[{"embeddable":true,"href":"https:\/\/compuviper.mx\/tienda\/wp-json\/wp\/v2\/media\/258502"}],"wp:attachment":[{"href":"https:\/\/compuviper.mx\/tienda\/wp-json\/wp\/v2\/media?parent=249754"}],"wp:term":[{"taxonomy":"product_cat","embeddable":true,"href":"https:\/\/compuviper.mx\/tienda\/wp-json\/wp\/v2\/product_cat?post=249754"},{"taxonomy":"product_tag","embeddable":true,"href":"https:\/\/compuviper.mx\/tienda\/wp-json\/wp\/v2\/product_tag?post=249754"}],"curies":[{"name":"wp","href":"https:\/\/api.w.org\/{rel}","templated":true}]}}