{"id":249730,"date":"2026-04-07T00:07:38","date_gmt":"2026-04-07T06:07:38","guid":{"rendered":"https:\/\/compuviper.mx\/tienda\/producto\/balam-rush-br-940320-fuente-de-poder-gamer-gr-burst-gr850g-certificada-850w-80-plus-gold-atx-full-modular-bajo-nivel-de-ruido-5-aos-de-garantia-negro-br-937658\/"},"modified":"2026-04-07T00:07:38","modified_gmt":"2026-04-07T06:07:38","slug":"balam-rush-br-9403207506215940320-fuente-de-poder-gamer-gr-burst-gr850g-certificada-850w-80-plus-gold-atx-full-modular-bajo-nivel-de-ruido-5-aos-de-garantia-blanco-br-940320","status":"publish","type":"product","link":"https:\/\/compuviper.mx\/tienda\/producto\/balam-rush-br-9403207506215940320-fuente-de-poder-gamer-gr-burst-gr850g-certificada-850w-80-plus-gold-atx-full-modular-bajo-nivel-de-ruido-5-aos-de-garantia-blanco-br-940320\/","title":{"rendered":"Balam Rush Br-940320,7506215940320 Fuente De Poder Gamer  Gr Burst Gr850g \/ Certificada \/ 850w \/ 80 Plus Gold \/ Atx \/ Full Modular \/ Bajo Nivel De Ruido \/ 5 A?os De Garantia \/ Blanco \/ Br-940320"},"content":{"rendered":"<table class=\"descripcion\">\n<tr>\n<td>\u0095 producto: fuente de poder<\/td>\n<\/tr>\n<tr>\n<td>\u0095 modelo: br-940320<\/td>\n<\/tr>\n<tr>\n<td>\u0095 materiales: secc 0.5 mm<\/td>\n<\/tr>\n<tr>\n<td>\u0095 color: blanco<\/td>\n<\/tr>\n<tr>\n<td>\u0095 dimensiones: 14 x 15 x 8.6 cm<\/td>\n<\/tr>\n<tr>\n<td>\u0095 peso: 1.75 kg<\/td>\n<\/tr>\n<tr>\n<td>\u0095 factor de forma: atx<\/td>\n<\/tr>\n<tr>\n<td>\u0095 clasificacion modular: full modular<\/td>\n<\/tr>\n<tr>\n<td>\u0095 potencia: 850w<\/td>\n<\/tr>\n<tr>\n<td>\u0095 eficiencia: 87%<\/td>\n<\/tr>\n<tr>\n<td>\u0095 protecion: uvp.ovp.opp.scp<\/td>\n<\/tr>\n<tr>\n<td>\u0095 certificacion 80 plus: gold<\/td>\n<\/tr>\n<tr>\n<td>\u0095 pfc: apfc<\/td>\n<\/tr>\n<tr>\n<td>\u0095 ventilador<\/td>\n<\/tr>\n<tr>\n<td>      and #61607; medida: 120 x 120 x 25 mm<\/td>\n<\/tr>\n<tr>\n<td>      and #61607; ruido: 25 ~ 40 db<\/td>\n<\/tr>\n<tr>\n<td>      and #61607; rpm: 2000 rpm<\/td>\n<\/tr>\n<tr>\n<td>\u0095 boton de encendido: si<\/td>\n<\/tr>\n<tr>\n<td>\u0095 conectores<\/td>\n<\/tr>\n<tr>\n<td>      and #61607; 1 x atx (24 pin)<\/td>\n<\/tr>\n<tr>\n<td>      and #61607; 2 x atx12v (4+4 pin)<\/td>\n<\/tr>\n<tr>\n<td>      and #61607; 4 x pci-e (6+2 pin)<\/td>\n<\/tr>\n<tr>\n<td>      and #61607; 6 x sata<\/td>\n<\/tr>\n<tr>\n<td>      and #61607; 3 x molex<\/td>\n<\/tr>\n<tr>\n<td>      and #61607; 1 x floppy<\/td>\n<\/tr>\n<tr>\n<td>      and #61607; 1 x 12vhpwr<\/td>\n<\/tr>\n<\/table>\n","protected":false},"excerpt":{"rendered":"<p>Impulsa tu setup. Eleva tu pc al siguiente nivel con nuestra fuente de poder. De 850 w, dise\u00f1ada para gamers y creadores serios que. Exigen rendimiento y fiabilidad. Con un robusto material. Secc de 0.5 mm, esta fuente es la elecci\u00f3n perfecta para. Quienes buscan durabilidad y estilo. Potencia \u00f3ptima. Con 850 w, tu configuraci\u00f3n. Estar\u00e1 lista para enfrentar. Cualquier desaf\u00edo. Rendimiento silencioso. Equipado con un ventilador de 120 mm. Que opera a 2000 rpm generando entre. 25-40 db, disfrutar\u00e1s de un. Funcionamiento fresco y silencioso. Modularidad total. La clasificaci\u00f3n full modular. Permite una instalaci\u00f3n. Ordenada limpia, mejorando la. Circulacion de aire y la est\u00e9tica. De tu gabinete. Eficiencia superior. Con una clasificaci\u00f3n. 80 plus gold y un. Rendimiento del 87. Garantizan un consumo. Energ\u00e9tico eficiente y. Ahorros en la factura. Protecci\u00f3n integral. Con tecnolog\u00edas avanzadas como uvp. Ovp, opp y scp, tu equipo estar?. Siempre protegido contra posibles fallos.<\/p>\n","protected":false},"featured_media":259256,"comment_status":"open","ping_status":"open","template":"","meta":[],"product_cat":[1508,1672],"product_tag":[2097],"acf":[],"yoast_head":"<!-- This site is optimized with the Yoast SEO plugin v21.7 - https:\/\/yoast.com\/wordpress\/plugins\/seo\/ -->\n<title>[ Balam Rush ] &#129351; Br-940320,7506215940320 Fuente De Poder Gamer Gr Burst Gr850g \/ Certificada \/ 850w \/ 80 Plus Gold \/ Atx \/ Full Modular \/ Bajo Nivel De Ruido \/ 5 A\u00f1os De Garantia \/ Blanco \/ Br-940320<\/title>\n<meta name=\"description\" content=\"Compra Br-940320,7506215940320 Fuente De Poder Gamer Gr Burst Gr850g \/ Certificada \/ 850w \/ 80 Plus Gold \/ Atx \/ Full Modular \/ Bajo Nivel De Ruido \/ 5 A\u00f1os De Garantia \/ Blanco \/ Br-940320 + Env\u00edo a domicilio + Pago seguro + Garant\u00eda\" \/>\n<meta name=\"robots\" content=\"index, follow, max-snippet:-1, max-image-preview:large, max-video-preview:-1\" \/>\n<link rel=\"canonical\" href=\"https:\/\/compuviper.mx\/tienda\/producto\/balam-rush-br-9403207506215940320-fuente-de-poder-gamer-gr-burst-gr850g-certificada-850w-80-plus-gold-atx-full-modular-bajo-nivel-de-ruido-5-aos-de-garantia-blanco-br-940320\/\" \/>\n<meta property=\"og:locale\" content=\"es_MX\" \/>\n<meta property=\"og:type\" content=\"article\" \/>\n<meta property=\"og:title\" content=\"[ Balam Rush ] &#129351; Br-940320,7506215940320 Fuente De Poder Gamer Gr Burst Gr850g \/ Certificada \/ 850w \/ 80 Plus Gold \/ Atx \/ Full Modular \/ Bajo Nivel De Ruido \/ 5 A\u00f1os De Garantia \/ Blanco \/ Br-940320\" \/>\n<meta property=\"og:description\" content=\"Compra Br-940320,7506215940320 Fuente De Poder Gamer Gr Burst Gr850g \/ Certificada \/ 850w \/ 80 Plus Gold \/ Atx \/ Full Modular \/ Bajo Nivel De Ruido \/ 5 A\u00f1os De Garantia \/ Blanco \/ Br-940320 + Env\u00edo a domicilio + Pago seguro + Garant\u00eda\" \/>\n<meta property=\"og:url\" content=\"https:\/\/compuviper.mx\/tienda\/producto\/balam-rush-br-9403207506215940320-fuente-de-poder-gamer-gr-burst-gr850g-certificada-850w-80-plus-gold-atx-full-modular-bajo-nivel-de-ruido-5-aos-de-garantia-blanco-br-940320\/\" \/>\n<meta property=\"og:site_name\" content=\"Compuviper\" \/>\n<meta property=\"article:publisher\" content=\"https:\/\/www.facebook.com\/compuviper\" \/>\n<meta property=\"og:image\" content=\"https:\/\/compuviper.mx\/tienda\/wp-content\/uploads\/2025\/10\/Fuente-de-poder-gamer-balam-rush-gr-burst-gr850g-certificada-850w-80-plus-gold-atx-full-modular-bajo-nivel-de-ruido-5-anos-de-garantia-blanco-br-940320.jpg\" \/>\n\t<meta property=\"og:image:width\" content=\"200\" \/>\n\t<meta property=\"og:image:height\" content=\"200\" \/>\n\t<meta property=\"og:image:type\" content=\"image\/jpeg\" \/>\n<meta name=\"twitter:card\" content=\"summary_large_image\" \/>\n<meta name=\"twitter:label1\" content=\"Precio\" \/>\n\t<meta name=\"twitter:data1\" content=\"&#36;1,395 &#36;1,227 con IVA\" \/>\n\t<meta name=\"twitter:label2\" content=\"Availability\" \/>\n\t<meta name=\"twitter:data2\" content=\"Out of stock\" \/>\n<script type=\"application\/ld+json\" class=\"yoast-schema-graph\">{\"@context\":\"https:\/\/schema.org\",\"@graph\":[{\"@type\":\"WebPage\",\"@id\":\"https:\/\/compuviper.mx\/tienda\/producto\/balam-rush-br-9403207506215940320-fuente-de-poder-gamer-gr-burst-gr850g-certificada-850w-80-plus-gold-atx-full-modular-bajo-nivel-de-ruido-5-aos-de-garantia-blanco-br-940320\/\",\"url\":\"https:\/\/compuviper.mx\/tienda\/producto\/balam-rush-br-9403207506215940320-fuente-de-poder-gamer-gr-burst-gr850g-certificada-850w-80-plus-gold-atx-full-modular-bajo-nivel-de-ruido-5-aos-de-garantia-blanco-br-940320\/\",\"name\":\"[ Balam Rush ] &#129351; Br-940320,7506215940320 Fuente De Poder Gamer Gr Burst Gr850g \/ Certificada \/ 850w \/ 80 Plus Gold \/ Atx \/ Full Modular \/ Bajo Nivel De Ruido \/ 5 A\u00f1os De Garantia \/ Blanco \/ Br-940320\",\"isPartOf\":{\"@id\":\"https:\/\/compuviper.mx\/tienda\/#website\"},\"datePublished\":\"2026-04-07T06:07:38+00:00\",\"dateModified\":\"2026-04-07T06:07:38+00:00\",\"description\":\"Compra Br-940320,7506215940320 Fuente De Poder Gamer Gr Burst Gr850g \/ Certificada \/ 850w \/ 80 Plus Gold \/ Atx \/ Full Modular \/ Bajo Nivel De Ruido \/ 5 A\u00f1os De Garantia \/ Blanco \/ Br-940320 + Env\u00edo a domicilio + Pago seguro + Garant\u00eda\",\"breadcrumb\":{\"@id\":\"https:\/\/compuviper.mx\/tienda\/producto\/balam-rush-br-9403207506215940320-fuente-de-poder-gamer-gr-burst-gr850g-certificada-850w-80-plus-gold-atx-full-modular-bajo-nivel-de-ruido-5-aos-de-garantia-blanco-br-940320\/#breadcrumb\"},\"inLanguage\":\"es-MX\",\"potentialAction\":[{\"@type\":\"ReadAction\",\"target\":[\"https:\/\/compuviper.mx\/tienda\/producto\/balam-rush-br-9403207506215940320-fuente-de-poder-gamer-gr-burst-gr850g-certificada-850w-80-plus-gold-atx-full-modular-bajo-nivel-de-ruido-5-aos-de-garantia-blanco-br-940320\/\"]}]},{\"@type\":\"BreadcrumbList\",\"@id\":\"https:\/\/compuviper.mx\/tienda\/producto\/balam-rush-br-9403207506215940320-fuente-de-poder-gamer-gr-burst-gr850g-certificada-850w-80-plus-gold-atx-full-modular-bajo-nivel-de-ruido-5-aos-de-garantia-blanco-br-940320\/#breadcrumb\",\"itemListElement\":[{\"@type\":\"ListItem\",\"position\":1,\"name\":\"Inicio\",\"item\":\"https:\/\/compuviper.mx\/tienda\/\"},{\"@type\":\"ListItem\",\"position\":2,\"name\":\"Productos\",\"item\":\"https:\/\/compuviper.mx\/tienda\/productos\/\"},{\"@type\":\"ListItem\",\"position\":3,\"name\":\"Energia\",\"item\":\"https:\/\/compuviper.mx\/tienda\/categoria-producto\/energia\/\"},{\"@type\":\"ListItem\",\"position\":4,\"name\":\"Fuentes De Poder\",\"item\":\"https:\/\/compuviper.mx\/tienda\/categoria-producto\/energia\/fuentes-de-poder\/\"},{\"@type\":\"ListItem\",\"position\":5,\"name\":\"Balam Rush Br-940320,7506215940320 Fuente De Poder Gamer Gr Burst Gr850g \/ Certificada \/ 850w \/ 80 Plus Gold \/ Atx \/ Full Modular \/ Bajo Nivel De Ruido \/ 5 A?os De Garantia \/ Blanco \/ Br-940320\"}]},{\"@type\":\"WebSite\",\"@id\":\"https:\/\/compuviper.mx\/tienda\/#website\",\"url\":\"https:\/\/compuviper.mx\/tienda\/\",\"name\":\"Compuviper\",\"description\":\"Proveedor de Computadoras, Laptops, Servidores, Monitores, Puntos de Venta, Teclados,   Impresoras, T\u00f3ner, C\u00e1maras de Seguridad y m\u00e1s en tu tienda en l\u00ednea\",\"publisher\":{\"@id\":\"https:\/\/compuviper.mx\/tienda\/#organization\"},\"potentialAction\":[{\"@type\":\"SearchAction\",\"target\":{\"@type\":\"EntryPoint\",\"urlTemplate\":\"https:\/\/compuviper.mx\/tienda\/?s={search_term_string}\"},\"query-input\":\"required name=search_term_string\"}],\"inLanguage\":\"es-MX\"},{\"@type\":\"Organization\",\"@id\":\"https:\/\/compuviper.mx\/tienda\/#organization\",\"name\":\"Compuviper\",\"url\":\"https:\/\/compuviper.mx\/tienda\/\",\"logo\":{\"@type\":\"ImageObject\",\"inLanguage\":\"es-MX\",\"@id\":\"https:\/\/compuviper.mx\/tienda\/#\/schema\/logo\/image\/\",\"url\":\"https:\/\/compuviper.mx\/tienda\/wp-content\/uploads\/2021\/08\/Logo-Compuviper-10.png\",\"contentUrl\":\"https:\/\/compuviper.mx\/tienda\/wp-content\/uploads\/2021\/08\/Logo-Compuviper-10.png\",\"width\":1000,\"height\":500,\"caption\":\"Compuviper\"},\"image\":{\"@id\":\"https:\/\/compuviper.mx\/tienda\/#\/schema\/logo\/image\/\"},\"sameAs\":[\"https:\/\/www.facebook.com\/compuviper\",\"https:\/\/www.youtube.com\/channel\/UCf73dERp9Y3cfOq7q8BhLjA?view_as=subscriber\"]}]}<\/script>\n<meta property=\"product:brand\" content=\"Balam Rush\" \/>\n<meta property=\"product:price:amount\" content=\"1227\" \/>\n<meta property=\"product:price:currency\" content=\"MXN\" \/>\n<meta property=\"og:availability\" content=\"out of stock\" \/>\n<meta property=\"product:availability\" content=\"out of stock\" \/>\n<meta property=\"product:retailer_item_id\" content=\"BR-940320,7506215940320\" \/>\n<meta property=\"product:condition\" content=\"new\" \/>\n<!-- \/ Yoast SEO plugin. -->","yoast_head_json":{"title":"[ Balam Rush ] &#129351; Br-940320,7506215940320 Fuente De Poder Gamer Gr Burst Gr850g \/ Certificada \/ 850w \/ 80 Plus Gold \/ Atx \/ Full Modular \/ Bajo Nivel De Ruido \/ 5 A\u00f1os De Garantia \/ Blanco \/ Br-940320","description":"Compra Br-940320,7506215940320 Fuente De Poder Gamer Gr Burst Gr850g \/ Certificada \/ 850w \/ 80 Plus Gold \/ Atx \/ Full Modular \/ Bajo Nivel De Ruido \/ 5 A\u00f1os De Garantia \/ Blanco \/ Br-940320 + Env\u00edo a domicilio + Pago seguro + Garant\u00eda","robots":{"index":"index","follow":"follow","max-snippet":"max-snippet:-1","max-image-preview":"max-image-preview:large","max-video-preview":"max-video-preview:-1"},"canonical":"https:\/\/compuviper.mx\/tienda\/producto\/balam-rush-br-9403207506215940320-fuente-de-poder-gamer-gr-burst-gr850g-certificada-850w-80-plus-gold-atx-full-modular-bajo-nivel-de-ruido-5-aos-de-garantia-blanco-br-940320\/","og_locale":"es_MX","og_type":"article","og_title":"[ Balam Rush ] &#129351; Br-940320,7506215940320 Fuente De Poder Gamer Gr Burst Gr850g \/ Certificada \/ 850w \/ 80 Plus Gold \/ Atx \/ Full Modular \/ Bajo Nivel De Ruido \/ 5 A\u00f1os De Garantia \/ Blanco \/ Br-940320","og_description":"Compra Br-940320,7506215940320 Fuente De Poder Gamer Gr Burst Gr850g \/ Certificada \/ 850w \/ 80 Plus Gold \/ Atx \/ Full Modular \/ Bajo Nivel De Ruido \/ 5 A\u00f1os De Garantia \/ Blanco \/ Br-940320 + Env\u00edo a domicilio + Pago seguro + Garant\u00eda","og_url":"https:\/\/compuviper.mx\/tienda\/producto\/balam-rush-br-9403207506215940320-fuente-de-poder-gamer-gr-burst-gr850g-certificada-850w-80-plus-gold-atx-full-modular-bajo-nivel-de-ruido-5-aos-de-garantia-blanco-br-940320\/","og_site_name":"Compuviper","article_publisher":"https:\/\/www.facebook.com\/compuviper","og_image":[{"width":200,"height":200,"url":"https:\/\/compuviper.mx\/tienda\/wp-content\/uploads\/2025\/10\/Fuente-de-poder-gamer-balam-rush-gr-burst-gr850g-certificada-850w-80-plus-gold-atx-full-modular-bajo-nivel-de-ruido-5-anos-de-garantia-blanco-br-940320.jpg","type":"image\/jpeg"}],"twitter_card":"summary_large_image","twitter_misc":{"Precio":"&#36;1,395 &#36;1,227 con IVA","Availability":"Out of stock"},"schema":{"@context":"https:\/\/schema.org","@graph":[{"@type":"WebPage","@id":"https:\/\/compuviper.mx\/tienda\/producto\/balam-rush-br-9403207506215940320-fuente-de-poder-gamer-gr-burst-gr850g-certificada-850w-80-plus-gold-atx-full-modular-bajo-nivel-de-ruido-5-aos-de-garantia-blanco-br-940320\/","url":"https:\/\/compuviper.mx\/tienda\/producto\/balam-rush-br-9403207506215940320-fuente-de-poder-gamer-gr-burst-gr850g-certificada-850w-80-plus-gold-atx-full-modular-bajo-nivel-de-ruido-5-aos-de-garantia-blanco-br-940320\/","name":"[ Balam Rush ] &#129351; Br-940320,7506215940320 Fuente De Poder Gamer Gr Burst Gr850g \/ Certificada \/ 850w \/ 80 Plus Gold \/ Atx \/ Full Modular \/ Bajo Nivel De Ruido \/ 5 A\u00f1os De Garantia \/ Blanco \/ Br-940320","isPartOf":{"@id":"https:\/\/compuviper.mx\/tienda\/#website"},"datePublished":"2026-04-07T06:07:38+00:00","dateModified":"2026-04-07T06:07:38+00:00","description":"Compra Br-940320,7506215940320 Fuente De Poder Gamer Gr Burst Gr850g \/ Certificada \/ 850w \/ 80 Plus Gold \/ Atx \/ Full Modular \/ Bajo Nivel De Ruido \/ 5 A\u00f1os De Garantia \/ Blanco \/ Br-940320 + Env\u00edo a domicilio + Pago seguro + Garant\u00eda","breadcrumb":{"@id":"https:\/\/compuviper.mx\/tienda\/producto\/balam-rush-br-9403207506215940320-fuente-de-poder-gamer-gr-burst-gr850g-certificada-850w-80-plus-gold-atx-full-modular-bajo-nivel-de-ruido-5-aos-de-garantia-blanco-br-940320\/#breadcrumb"},"inLanguage":"es-MX","potentialAction":[{"@type":"ReadAction","target":["https:\/\/compuviper.mx\/tienda\/producto\/balam-rush-br-9403207506215940320-fuente-de-poder-gamer-gr-burst-gr850g-certificada-850w-80-plus-gold-atx-full-modular-bajo-nivel-de-ruido-5-aos-de-garantia-blanco-br-940320\/"]}]},{"@type":"BreadcrumbList","@id":"https:\/\/compuviper.mx\/tienda\/producto\/balam-rush-br-9403207506215940320-fuente-de-poder-gamer-gr-burst-gr850g-certificada-850w-80-plus-gold-atx-full-modular-bajo-nivel-de-ruido-5-aos-de-garantia-blanco-br-940320\/#breadcrumb","itemListElement":[{"@type":"ListItem","position":1,"name":"Inicio","item":"https:\/\/compuviper.mx\/tienda\/"},{"@type":"ListItem","position":2,"name":"Productos","item":"https:\/\/compuviper.mx\/tienda\/productos\/"},{"@type":"ListItem","position":3,"name":"Energia","item":"https:\/\/compuviper.mx\/tienda\/categoria-producto\/energia\/"},{"@type":"ListItem","position":4,"name":"Fuentes De Poder","item":"https:\/\/compuviper.mx\/tienda\/categoria-producto\/energia\/fuentes-de-poder\/"},{"@type":"ListItem","position":5,"name":"Balam Rush Br-940320,7506215940320 Fuente De Poder Gamer Gr Burst Gr850g \/ Certificada \/ 850w \/ 80 Plus Gold \/ Atx \/ Full Modular \/ Bajo Nivel De Ruido \/ 5 A?os De Garantia \/ Blanco \/ Br-940320"}]},{"@type":"WebSite","@id":"https:\/\/compuviper.mx\/tienda\/#website","url":"https:\/\/compuviper.mx\/tienda\/","name":"Compuviper","description":"Proveedor de Computadoras, Laptops, Servidores, Monitores, Puntos de Venta, Teclados,   Impresoras, T\u00f3ner, C\u00e1maras de Seguridad y m\u00e1s en tu tienda en l\u00ednea","publisher":{"@id":"https:\/\/compuviper.mx\/tienda\/#organization"},"potentialAction":[{"@type":"SearchAction","target":{"@type":"EntryPoint","urlTemplate":"https:\/\/compuviper.mx\/tienda\/?s={search_term_string}"},"query-input":"required name=search_term_string"}],"inLanguage":"es-MX"},{"@type":"Organization","@id":"https:\/\/compuviper.mx\/tienda\/#organization","name":"Compuviper","url":"https:\/\/compuviper.mx\/tienda\/","logo":{"@type":"ImageObject","inLanguage":"es-MX","@id":"https:\/\/compuviper.mx\/tienda\/#\/schema\/logo\/image\/","url":"https:\/\/compuviper.mx\/tienda\/wp-content\/uploads\/2021\/08\/Logo-Compuviper-10.png","contentUrl":"https:\/\/compuviper.mx\/tienda\/wp-content\/uploads\/2021\/08\/Logo-Compuviper-10.png","width":1000,"height":500,"caption":"Compuviper"},"image":{"@id":"https:\/\/compuviper.mx\/tienda\/#\/schema\/logo\/image\/"},"sameAs":["https:\/\/www.facebook.com\/compuviper","https:\/\/www.youtube.com\/channel\/UCf73dERp9Y3cfOq7q8BhLjA?view_as=subscriber"]}]},"product_brand":"Balam Rush","product_price_amount":"1227","product_price_currency":"MXN","og_availability":"out of stock","product_availability":"out of stock","product_retailer_item_id":"BR-940320,7506215940320","product_condition":"new"},"_links":{"self":[{"href":"https:\/\/compuviper.mx\/tienda\/wp-json\/wp\/v2\/product\/249730"}],"collection":[{"href":"https:\/\/compuviper.mx\/tienda\/wp-json\/wp\/v2\/product"}],"about":[{"href":"https:\/\/compuviper.mx\/tienda\/wp-json\/wp\/v2\/types\/product"}],"replies":[{"embeddable":true,"href":"https:\/\/compuviper.mx\/tienda\/wp-json\/wp\/v2\/comments?post=249730"}],"wp:featuredmedia":[{"embeddable":true,"href":"https:\/\/compuviper.mx\/tienda\/wp-json\/wp\/v2\/media\/259256"}],"wp:attachment":[{"href":"https:\/\/compuviper.mx\/tienda\/wp-json\/wp\/v2\/media?parent=249730"}],"wp:term":[{"taxonomy":"product_cat","embeddable":true,"href":"https:\/\/compuviper.mx\/tienda\/wp-json\/wp\/v2\/product_cat?post=249730"},{"taxonomy":"product_tag","embeddable":true,"href":"https:\/\/compuviper.mx\/tienda\/wp-json\/wp\/v2\/product_tag?post=249730"}],"curies":[{"name":"wp","href":"https:\/\/api.w.org\/{rel}","templated":true}]}}