{"id":249728,"date":"2026-04-07T00:07:37","date_gmt":"2026-04-07T06:07:37","guid":{"rendered":"https:\/\/compuviper.mx\/tienda\/producto\/balam-rush-br-940313-fuente-de-poder-gamer-magnetar-1000zr-1000-w-atx-3-0-full-modular-certificada-80-plus-gold-bajo-nivel-de-ruido-uvp-ovp-opp-y-scp-blanco\/"},"modified":"2026-04-07T00:07:37","modified_gmt":"2026-04-07T06:07:37","slug":"balam-rush-br-940313-fuente-de-poder-gamer-magnetar-1000zr-1000-w-atx-3-0-full-modular-certificada-80-plus-gold-bajo-nivel-de-ruido-uvp-ovp-opp-y-scp-blanco","status":"publish","type":"product","link":"https:\/\/compuviper.mx\/tienda\/producto\/balam-rush-br-940313-fuente-de-poder-gamer-magnetar-1000zr-1000-w-atx-3-0-full-modular-certificada-80-plus-gold-bajo-nivel-de-ruido-uvp-ovp-opp-y-scp-blanco\/","title":{"rendered":"Balam Rush Br-940313 Fuente De Poder Gamer  Magnetar 1000zr \/ 1000 W \/ Atx 3.0 \/ Full Modular \/ Certificada 80 Plus Gold \/ Bajo Nivel De Ruido \/ Uvp, Ovp, Opp Y Scp \/ Blanco \/"},"content":{"rendered":"<table class=\"descripcion\">\n<tr>\n<td>\u0095 producto: fuente de poder<\/td>\n<\/tr>\n<tr>\n<td>\u0095 modelo: br-940306<\/td>\n<\/tr>\n<tr>\n<td>\u0095 materiales: secc 0.5mm<\/td>\n<\/tr>\n<tr>\n<td>\u0095 color: negro<\/td>\n<\/tr>\n<tr>\n<td>\u0095 dimensiones: 14 x 15 x 8.6 cm<\/td>\n<\/tr>\n<tr>\n<td>\u0095 peso: 1.8 kg<\/td>\n<\/tr>\n<tr>\n<td>\u0095 factor de forma: atx 3.0<\/td>\n<\/tr>\n<tr>\n<td>\u0095 clasificaci\u00f3n modular: full modular<\/td>\n<\/tr>\n<tr>\n<td>\u0095 potencia: 1000 w<\/td>\n<\/tr>\n<tr>\n<td>\u0095 eficiencia: 87 %<\/td>\n<\/tr>\n<tr>\n<td>\u0095 protecci\u00f3n: uvp.ovp.opp.scp<\/td>\n<\/tr>\n<tr>\n<td>\u0095 certificaci\u00f3n 80 plus: gold<\/td>\n<\/tr>\n<tr>\n<td>\u0095 pfc: apfc<\/td>\n<\/tr>\n<tr>\n<td>\u0095 ventilador<\/td>\n<\/tr>\n<tr>\n<td>      o medida: 120 x 120 x 25 mm<\/td>\n<\/tr>\n<tr>\n<td>      o ruido: 28.2 db<\/td>\n<\/tr>\n<tr>\n<td>      o rpm: 1800 rpm<\/td>\n<\/tr>\n<tr>\n<td>\u0095 bot\u00f3n de encendido: si<\/td>\n<\/tr>\n<tr>\n<td>\u0095 conectores<\/td>\n<\/tr>\n<tr>\n<td>      o 1 x atx (24 pin)<\/td>\n<\/tr>\n<tr>\n<td>      o   2 x atx12v (4+4 pin)<\/td>\n<\/tr>\n<tr>\n<td>      o 4 x pci-e (6+2 pin)<\/td>\n<\/tr>\n<tr>\n<td>      o 6 x sata<\/td>\n<\/tr>\n<tr>\n<td>      o 3 x molex<\/td>\n<\/tr>\n<tr>\n<td>      o 1 x floppy<\/td>\n<\/tr>\n<tr>\n<td>      o 1 x 12vhpwr<\/td>\n<\/tr>\n<\/table>\n","protected":false},"excerpt":{"rendered":"<p>Potencia sin l\u00edmites. La fuente de poder perfecta para tu setup, dise\u00f1ada. Para los verdaderos entusiastas del gaming y la. Creaci\u00f3n, esta fuente de poder destaca por su. Excepcional rendimiento y fiabilidad. Con un robusto. Material secc de 0.5 mm, garantiza durabilidad y. Seguridad para todos tus componentes. Potencia imbatible. 1000 w para alimentar. Tus configuraciones m\u00e1s. Exigentes. Rendimiento silencioso. Equipado con un ventilador de 120 mm. Que opera a 1800 rpm generando 28.2 db. Tu equipo funcionar\u00e1 fresco y en silencio. Dise\u00f1o modular. Disfruta de una instalaci\u00f3n. Limpia y ordenada con su. Sistema full modular que. Reduce el desorden de cables. Eficiencia superior. Con una clasificaci\u00f3n. 80 plus gold y un. Rendimiento del 87%. Maximiza cada vatio. Consumido. Protecciones avanzadas. Con uvp, ovp, opp y scp, mant\u00e9n tu. Equipo a salvo de sobrecargas y. Cortocircuitos.<\/p>\n","protected":false},"featured_media":259254,"comment_status":"open","ping_status":"open","template":"","meta":[],"product_cat":[1508,1672],"product_tag":[2097],"acf":[],"yoast_head":"<!-- This site is optimized with the Yoast SEO plugin v21.7 - https:\/\/yoast.com\/wordpress\/plugins\/seo\/ -->\n<title>[ Balam Rush ] &#129351; Br-940313 Fuente De Poder Gamer Magnetar 1000zr \/ 1000 W \/ Atx 3.0 \/ Full Modular \/ Certificada 80 Plus Gold \/ Bajo Nivel De Ruido \/ Uvp, Ovp, Opp Y Scp \/ Blanco \/<\/title>\n<meta name=\"description\" content=\"Compra Br-940313 Fuente De Poder Gamer Magnetar 1000zr \/ 1000 W \/ Atx 3.0 \/ Full Modular \/ Certificada 80 Plus Gold \/ Bajo Nivel De Ruido \/ Uvp, Ovp, Opp Y Scp \/ Blanco \/ + Env\u00edo a domicilio + Pago seguro + Garant\u00eda\" \/>\n<meta name=\"robots\" content=\"index, follow, max-snippet:-1, max-image-preview:large, max-video-preview:-1\" \/>\n<link rel=\"canonical\" href=\"https:\/\/compuviper.mx\/tienda\/producto\/balam-rush-br-940313-fuente-de-poder-gamer-magnetar-1000zr-1000-w-atx-3-0-full-modular-certificada-80-plus-gold-bajo-nivel-de-ruido-uvp-ovp-opp-y-scp-blanco\/\" \/>\n<meta property=\"og:locale\" content=\"es_MX\" \/>\n<meta property=\"og:type\" content=\"article\" \/>\n<meta property=\"og:title\" content=\"[ Balam Rush ] &#129351; Br-940313 Fuente De Poder Gamer Magnetar 1000zr \/ 1000 W \/ Atx 3.0 \/ Full Modular \/ Certificada 80 Plus Gold \/ Bajo Nivel De Ruido \/ Uvp, Ovp, Opp Y Scp \/ Blanco \/\" \/>\n<meta property=\"og:description\" content=\"Compra Br-940313 Fuente De Poder Gamer Magnetar 1000zr \/ 1000 W \/ Atx 3.0 \/ Full Modular \/ Certificada 80 Plus Gold \/ Bajo Nivel De Ruido \/ Uvp, Ovp, Opp Y Scp \/ Blanco \/ + Env\u00edo a domicilio + Pago seguro + Garant\u00eda\" \/>\n<meta property=\"og:url\" content=\"https:\/\/compuviper.mx\/tienda\/producto\/balam-rush-br-940313-fuente-de-poder-gamer-magnetar-1000zr-1000-w-atx-3-0-full-modular-certificada-80-plus-gold-bajo-nivel-de-ruido-uvp-ovp-opp-y-scp-blanco\/\" \/>\n<meta property=\"og:site_name\" content=\"Compuviper\" \/>\n<meta property=\"article:publisher\" content=\"https:\/\/www.facebook.com\/compuviper\" \/>\n<meta property=\"og:image\" content=\"https:\/\/compuviper.mx\/tienda\/wp-content\/uploads\/2025\/10\/Fuente-de-poder-gamer-balam-rush-magnetar-1000zr-1000-w-atx-3.0-full-modular-certificada-80-plus-gold-bajo-nivel-de-ruido-uvp-ovp-opp-y-scp-blanco-br-940313.jpg\" \/>\n\t<meta property=\"og:image:width\" content=\"200\" \/>\n\t<meta property=\"og:image:height\" content=\"200\" \/>\n\t<meta property=\"og:image:type\" content=\"image\/jpeg\" \/>\n<meta name=\"twitter:card\" content=\"summary_large_image\" \/>\n<meta name=\"twitter:label1\" content=\"Precio\" \/>\n\t<meta name=\"twitter:data1\" content=\"&#36;1,958 con IVA\" \/>\n\t<meta name=\"twitter:label2\" content=\"Availability\" \/>\n\t<meta name=\"twitter:data2\" content=\"In stock\" \/>\n<script type=\"application\/ld+json\" class=\"yoast-schema-graph\">{\"@context\":\"https:\/\/schema.org\",\"@graph\":[{\"@type\":\"WebPage\",\"@id\":\"https:\/\/compuviper.mx\/tienda\/producto\/balam-rush-br-940313-fuente-de-poder-gamer-magnetar-1000zr-1000-w-atx-3-0-full-modular-certificada-80-plus-gold-bajo-nivel-de-ruido-uvp-ovp-opp-y-scp-blanco\/\",\"url\":\"https:\/\/compuviper.mx\/tienda\/producto\/balam-rush-br-940313-fuente-de-poder-gamer-magnetar-1000zr-1000-w-atx-3-0-full-modular-certificada-80-plus-gold-bajo-nivel-de-ruido-uvp-ovp-opp-y-scp-blanco\/\",\"name\":\"[ Balam Rush ] &#129351; Br-940313 Fuente De Poder Gamer Magnetar 1000zr \/ 1000 W \/ Atx 3.0 \/ Full Modular \/ Certificada 80 Plus Gold \/ Bajo Nivel De Ruido \/ Uvp, Ovp, Opp Y Scp \/ Blanco \/\",\"isPartOf\":{\"@id\":\"https:\/\/compuviper.mx\/tienda\/#website\"},\"datePublished\":\"2026-04-07T06:07:37+00:00\",\"dateModified\":\"2026-04-07T06:07:37+00:00\",\"description\":\"Compra Br-940313 Fuente De Poder Gamer Magnetar 1000zr \/ 1000 W \/ Atx 3.0 \/ Full Modular \/ Certificada 80 Plus Gold \/ Bajo Nivel De Ruido \/ Uvp, Ovp, Opp Y Scp \/ Blanco \/ + Env\u00edo a domicilio + Pago seguro + Garant\u00eda\",\"breadcrumb\":{\"@id\":\"https:\/\/compuviper.mx\/tienda\/producto\/balam-rush-br-940313-fuente-de-poder-gamer-magnetar-1000zr-1000-w-atx-3-0-full-modular-certificada-80-plus-gold-bajo-nivel-de-ruido-uvp-ovp-opp-y-scp-blanco\/#breadcrumb\"},\"inLanguage\":\"es-MX\",\"potentialAction\":[{\"@type\":\"ReadAction\",\"target\":[\"https:\/\/compuviper.mx\/tienda\/producto\/balam-rush-br-940313-fuente-de-poder-gamer-magnetar-1000zr-1000-w-atx-3-0-full-modular-certificada-80-plus-gold-bajo-nivel-de-ruido-uvp-ovp-opp-y-scp-blanco\/\"]}]},{\"@type\":\"BreadcrumbList\",\"@id\":\"https:\/\/compuviper.mx\/tienda\/producto\/balam-rush-br-940313-fuente-de-poder-gamer-magnetar-1000zr-1000-w-atx-3-0-full-modular-certificada-80-plus-gold-bajo-nivel-de-ruido-uvp-ovp-opp-y-scp-blanco\/#breadcrumb\",\"itemListElement\":[{\"@type\":\"ListItem\",\"position\":1,\"name\":\"Inicio\",\"item\":\"https:\/\/compuviper.mx\/tienda\/\"},{\"@type\":\"ListItem\",\"position\":2,\"name\":\"Productos\",\"item\":\"https:\/\/compuviper.mx\/tienda\/productos\/\"},{\"@type\":\"ListItem\",\"position\":3,\"name\":\"Energia\",\"item\":\"https:\/\/compuviper.mx\/tienda\/categoria-producto\/energia\/\"},{\"@type\":\"ListItem\",\"position\":4,\"name\":\"Fuentes De Poder\",\"item\":\"https:\/\/compuviper.mx\/tienda\/categoria-producto\/energia\/fuentes-de-poder\/\"},{\"@type\":\"ListItem\",\"position\":5,\"name\":\"Balam Rush Br-940313 Fuente De Poder Gamer Magnetar 1000zr \/ 1000 W \/ Atx 3.0 \/ Full Modular \/ Certificada 80 Plus Gold \/ Bajo Nivel De Ruido \/ Uvp, Ovp, Opp Y Scp \/ Blanco \/\"}]},{\"@type\":\"WebSite\",\"@id\":\"https:\/\/compuviper.mx\/tienda\/#website\",\"url\":\"https:\/\/compuviper.mx\/tienda\/\",\"name\":\"Compuviper\",\"description\":\"Proveedor de Computadoras, Laptops, Servidores, Monitores, Puntos de Venta, Teclados,   Impresoras, T\u00f3ner, C\u00e1maras de Seguridad y m\u00e1s en tu tienda en l\u00ednea\",\"publisher\":{\"@id\":\"https:\/\/compuviper.mx\/tienda\/#organization\"},\"potentialAction\":[{\"@type\":\"SearchAction\",\"target\":{\"@type\":\"EntryPoint\",\"urlTemplate\":\"https:\/\/compuviper.mx\/tienda\/?s={search_term_string}\"},\"query-input\":\"required name=search_term_string\"}],\"inLanguage\":\"es-MX\"},{\"@type\":\"Organization\",\"@id\":\"https:\/\/compuviper.mx\/tienda\/#organization\",\"name\":\"Compuviper\",\"url\":\"https:\/\/compuviper.mx\/tienda\/\",\"logo\":{\"@type\":\"ImageObject\",\"inLanguage\":\"es-MX\",\"@id\":\"https:\/\/compuviper.mx\/tienda\/#\/schema\/logo\/image\/\",\"url\":\"https:\/\/compuviper.mx\/tienda\/wp-content\/uploads\/2021\/08\/Logo-Compuviper-10.png\",\"contentUrl\":\"https:\/\/compuviper.mx\/tienda\/wp-content\/uploads\/2021\/08\/Logo-Compuviper-10.png\",\"width\":1000,\"height\":500,\"caption\":\"Compuviper\"},\"image\":{\"@id\":\"https:\/\/compuviper.mx\/tienda\/#\/schema\/logo\/image\/\"},\"sameAs\":[\"https:\/\/www.facebook.com\/compuviper\",\"https:\/\/www.youtube.com\/channel\/UCf73dERp9Y3cfOq7q8BhLjA?view_as=subscriber\"]}]}<\/script>\n<meta property=\"product:brand\" content=\"Balam Rush\" \/>\n<meta property=\"product:price:amount\" content=\"1958\" \/>\n<meta property=\"product:price:currency\" content=\"MXN\" \/>\n<meta property=\"og:availability\" content=\"instock\" \/>\n<meta property=\"product:availability\" content=\"instock\" \/>\n<meta property=\"product:retailer_item_id\" content=\"BR-940313\" \/>\n<meta property=\"product:condition\" content=\"new\" \/>\n<!-- \/ Yoast SEO plugin. -->","yoast_head_json":{"title":"[ Balam Rush ] &#129351; Br-940313 Fuente De Poder Gamer Magnetar 1000zr \/ 1000 W \/ Atx 3.0 \/ Full Modular \/ Certificada 80 Plus Gold \/ Bajo Nivel De Ruido \/ Uvp, Ovp, Opp Y Scp \/ Blanco \/","description":"Compra Br-940313 Fuente De Poder Gamer Magnetar 1000zr \/ 1000 W \/ Atx 3.0 \/ Full Modular \/ Certificada 80 Plus Gold \/ Bajo Nivel De Ruido \/ Uvp, Ovp, Opp Y Scp \/ Blanco \/ + Env\u00edo a domicilio + Pago seguro + Garant\u00eda","robots":{"index":"index","follow":"follow","max-snippet":"max-snippet:-1","max-image-preview":"max-image-preview:large","max-video-preview":"max-video-preview:-1"},"canonical":"https:\/\/compuviper.mx\/tienda\/producto\/balam-rush-br-940313-fuente-de-poder-gamer-magnetar-1000zr-1000-w-atx-3-0-full-modular-certificada-80-plus-gold-bajo-nivel-de-ruido-uvp-ovp-opp-y-scp-blanco\/","og_locale":"es_MX","og_type":"article","og_title":"[ Balam Rush ] &#129351; Br-940313 Fuente De Poder Gamer Magnetar 1000zr \/ 1000 W \/ Atx 3.0 \/ Full Modular \/ Certificada 80 Plus Gold \/ Bajo Nivel De Ruido \/ Uvp, Ovp, Opp Y Scp \/ Blanco \/","og_description":"Compra Br-940313 Fuente De Poder Gamer Magnetar 1000zr \/ 1000 W \/ Atx 3.0 \/ Full Modular \/ Certificada 80 Plus Gold \/ Bajo Nivel De Ruido \/ Uvp, Ovp, Opp Y Scp \/ Blanco \/ + Env\u00edo a domicilio + Pago seguro + Garant\u00eda","og_url":"https:\/\/compuviper.mx\/tienda\/producto\/balam-rush-br-940313-fuente-de-poder-gamer-magnetar-1000zr-1000-w-atx-3-0-full-modular-certificada-80-plus-gold-bajo-nivel-de-ruido-uvp-ovp-opp-y-scp-blanco\/","og_site_name":"Compuviper","article_publisher":"https:\/\/www.facebook.com\/compuviper","og_image":[{"width":200,"height":200,"url":"https:\/\/compuviper.mx\/tienda\/wp-content\/uploads\/2025\/10\/Fuente-de-poder-gamer-balam-rush-magnetar-1000zr-1000-w-atx-3.0-full-modular-certificada-80-plus-gold-bajo-nivel-de-ruido-uvp-ovp-opp-y-scp-blanco-br-940313.jpg","type":"image\/jpeg"}],"twitter_card":"summary_large_image","twitter_misc":{"Precio":"&#36;1,958 con IVA","Availability":"In stock"},"schema":{"@context":"https:\/\/schema.org","@graph":[{"@type":"WebPage","@id":"https:\/\/compuviper.mx\/tienda\/producto\/balam-rush-br-940313-fuente-de-poder-gamer-magnetar-1000zr-1000-w-atx-3-0-full-modular-certificada-80-plus-gold-bajo-nivel-de-ruido-uvp-ovp-opp-y-scp-blanco\/","url":"https:\/\/compuviper.mx\/tienda\/producto\/balam-rush-br-940313-fuente-de-poder-gamer-magnetar-1000zr-1000-w-atx-3-0-full-modular-certificada-80-plus-gold-bajo-nivel-de-ruido-uvp-ovp-opp-y-scp-blanco\/","name":"[ Balam Rush ] &#129351; Br-940313 Fuente De Poder Gamer Magnetar 1000zr \/ 1000 W \/ Atx 3.0 \/ Full Modular \/ Certificada 80 Plus Gold \/ Bajo Nivel De Ruido \/ Uvp, Ovp, Opp Y Scp \/ Blanco \/","isPartOf":{"@id":"https:\/\/compuviper.mx\/tienda\/#website"},"datePublished":"2026-04-07T06:07:37+00:00","dateModified":"2026-04-07T06:07:37+00:00","description":"Compra Br-940313 Fuente De Poder Gamer Magnetar 1000zr \/ 1000 W \/ Atx 3.0 \/ Full Modular \/ Certificada 80 Plus Gold \/ Bajo Nivel De Ruido \/ Uvp, Ovp, Opp Y Scp \/ Blanco \/ + Env\u00edo a domicilio + Pago seguro + Garant\u00eda","breadcrumb":{"@id":"https:\/\/compuviper.mx\/tienda\/producto\/balam-rush-br-940313-fuente-de-poder-gamer-magnetar-1000zr-1000-w-atx-3-0-full-modular-certificada-80-plus-gold-bajo-nivel-de-ruido-uvp-ovp-opp-y-scp-blanco\/#breadcrumb"},"inLanguage":"es-MX","potentialAction":[{"@type":"ReadAction","target":["https:\/\/compuviper.mx\/tienda\/producto\/balam-rush-br-940313-fuente-de-poder-gamer-magnetar-1000zr-1000-w-atx-3-0-full-modular-certificada-80-plus-gold-bajo-nivel-de-ruido-uvp-ovp-opp-y-scp-blanco\/"]}]},{"@type":"BreadcrumbList","@id":"https:\/\/compuviper.mx\/tienda\/producto\/balam-rush-br-940313-fuente-de-poder-gamer-magnetar-1000zr-1000-w-atx-3-0-full-modular-certificada-80-plus-gold-bajo-nivel-de-ruido-uvp-ovp-opp-y-scp-blanco\/#breadcrumb","itemListElement":[{"@type":"ListItem","position":1,"name":"Inicio","item":"https:\/\/compuviper.mx\/tienda\/"},{"@type":"ListItem","position":2,"name":"Productos","item":"https:\/\/compuviper.mx\/tienda\/productos\/"},{"@type":"ListItem","position":3,"name":"Energia","item":"https:\/\/compuviper.mx\/tienda\/categoria-producto\/energia\/"},{"@type":"ListItem","position":4,"name":"Fuentes De Poder","item":"https:\/\/compuviper.mx\/tienda\/categoria-producto\/energia\/fuentes-de-poder\/"},{"@type":"ListItem","position":5,"name":"Balam Rush Br-940313 Fuente De Poder Gamer Magnetar 1000zr \/ 1000 W \/ Atx 3.0 \/ Full Modular \/ Certificada 80 Plus Gold \/ Bajo Nivel De Ruido \/ Uvp, Ovp, Opp Y Scp \/ Blanco \/"}]},{"@type":"WebSite","@id":"https:\/\/compuviper.mx\/tienda\/#website","url":"https:\/\/compuviper.mx\/tienda\/","name":"Compuviper","description":"Proveedor de Computadoras, Laptops, Servidores, Monitores, Puntos de Venta, Teclados,   Impresoras, T\u00f3ner, C\u00e1maras de Seguridad y m\u00e1s en tu tienda en l\u00ednea","publisher":{"@id":"https:\/\/compuviper.mx\/tienda\/#organization"},"potentialAction":[{"@type":"SearchAction","target":{"@type":"EntryPoint","urlTemplate":"https:\/\/compuviper.mx\/tienda\/?s={search_term_string}"},"query-input":"required name=search_term_string"}],"inLanguage":"es-MX"},{"@type":"Organization","@id":"https:\/\/compuviper.mx\/tienda\/#organization","name":"Compuviper","url":"https:\/\/compuviper.mx\/tienda\/","logo":{"@type":"ImageObject","inLanguage":"es-MX","@id":"https:\/\/compuviper.mx\/tienda\/#\/schema\/logo\/image\/","url":"https:\/\/compuviper.mx\/tienda\/wp-content\/uploads\/2021\/08\/Logo-Compuviper-10.png","contentUrl":"https:\/\/compuviper.mx\/tienda\/wp-content\/uploads\/2021\/08\/Logo-Compuviper-10.png","width":1000,"height":500,"caption":"Compuviper"},"image":{"@id":"https:\/\/compuviper.mx\/tienda\/#\/schema\/logo\/image\/"},"sameAs":["https:\/\/www.facebook.com\/compuviper","https:\/\/www.youtube.com\/channel\/UCf73dERp9Y3cfOq7q8BhLjA?view_as=subscriber"]}]},"product_brand":"Balam Rush","product_price_amount":"1958","product_price_currency":"MXN","og_availability":"instock","product_availability":"instock","product_retailer_item_id":"BR-940313","product_condition":"new"},"_links":{"self":[{"href":"https:\/\/compuviper.mx\/tienda\/wp-json\/wp\/v2\/product\/249728"}],"collection":[{"href":"https:\/\/compuviper.mx\/tienda\/wp-json\/wp\/v2\/product"}],"about":[{"href":"https:\/\/compuviper.mx\/tienda\/wp-json\/wp\/v2\/types\/product"}],"replies":[{"embeddable":true,"href":"https:\/\/compuviper.mx\/tienda\/wp-json\/wp\/v2\/comments?post=249728"}],"wp:featuredmedia":[{"embeddable":true,"href":"https:\/\/compuviper.mx\/tienda\/wp-json\/wp\/v2\/media\/259254"}],"wp:attachment":[{"href":"https:\/\/compuviper.mx\/tienda\/wp-json\/wp\/v2\/media?parent=249728"}],"wp:term":[{"taxonomy":"product_cat","embeddable":true,"href":"https:\/\/compuviper.mx\/tienda\/wp-json\/wp\/v2\/product_cat?post=249728"},{"taxonomy":"product_tag","embeddable":true,"href":"https:\/\/compuviper.mx\/tienda\/wp-json\/wp\/v2\/product_tag?post=249728"}],"curies":[{"name":"wp","href":"https:\/\/api.w.org\/{rel}","templated":true}]}}