{"id":249406,"date":"2026-04-02T00:27:31","date_gmt":"2026-04-02T06:27:31","guid":{"rendered":"https:\/\/compuviper.mx\/tienda\/producto\/tripp-lite-rbc58-2u-cartucho-de-bateras-de-reemplazo-de-48vcd-2u-2-juegos-de-4-para-sistemas-ups-selectos-garantia-limitada-por-1-ao\/"},"modified":"2026-04-02T00:27:31","modified_gmt":"2026-04-02T06:27:31","slug":"tripp-lite-rbc58-2u-cartucho-de-bateras-de-reemplazo-de-48vcd-2u-2-juegos-de-4-para-sistemas-ups-selectos-garantia-limitada-por-1-ao","status":"publish","type":"product","link":"https:\/\/compuviper.mx\/tienda\/producto\/tripp-lite-rbc58-2u-cartucho-de-bateras-de-reemplazo-de-48vcd-2u-2-juegos-de-4-para-sistemas-ups-selectos-garantia-limitada-por-1-ao\/","title":{"rendered":"Tripp-lite Rbc58-2u Cartucho De Bater?as De Reemplazo De 48vcd, 2u, 2 Juegos De 4, Para Sistemas Ups Selectos.garantia Limitada Por 1 A?o."},"content":{"rendered":"<table class=\"descripcion\">\n<tr>\n<td>Cartucho de bater\u00eda certificado de primera calidad de tripp lite.<\/td>\n<\/tr>\n<tr>\n<td>Juego de bater\u00edas preensambladas y cableadas de f\u00e1cil instalaci\u00f3n.<\/td>\n<\/tr>\n<tr>\n<td>Construcci\u00f3n robusta a prueba de fugas<\/td>\n<\/tr>\n<tr>\n<td>Libre de mantenimiento.<\/td>\n<\/tr>\n<tr>\n<td>Amplio rango de temperatura operativa.<\/td>\n<\/tr>\n<tr>\n<td>Garant\u00eda limitada por 1 a\u00f1o.<\/td>\n<\/tr>\n<\/table>\n","protected":false},"excerpt":{"rendered":"<p>Los cartuchos premium de reemplazo de bater\u00eda de ups de tripp lite le dan nueva vida a los sistemas ups que tienen bater\u00edas internas vencidas o d\u00e9biles. Cada cartucho de bater\u00eda de reemplazo se selecciona y certifica cuidadosamente para que cumpla o supere las especificaciones originales y se env\u00eda listo para instalar en su sistema de ups. Empaque reutilizable guarda las bater\u00edas agotadas para entregarlas en el centro de reciclado. Consulte la p\u00e1gina web donde se indica la bater\u00eda de reemplazo del ups de tripp lite para confirmar la compatibilidad y la cantidad necesarias. Compatible con modelos smart3000rmxl2u de tripp lite y otros sistemas ups que recomienden este juego de bater\u00edas preensambladas de repuesto. Reestablece el rendimiento de tiempo de actividad del ups a las especificaciones originales. Viene preensamblado y listo para instalar. El conjunto reutilizable guarda las bater\u00edas caducas para entregarlas en el centro de reciclado. Incluye garant\u00eda de 18 meses.<\/p>\n","protected":false},"featured_media":250100,"comment_status":"open","ping_status":"open","template":"","meta":[],"product_cat":[1508,1511],"product_tag":[1510],"acf":[],"yoast_head":"<!-- This site is optimized with the Yoast SEO plugin v21.7 - https:\/\/yoast.com\/wordpress\/plugins\/seo\/ -->\n<title>[ Tripp-lite ] &#129351; Rbc58-2u Cartucho De Bater\u00edas De Reemplazo De 48vcd, 2u, 2 Juegos De 4, Para Sistemas Ups Selectos.garantia Limitada Por 1 A\u00f1o.<\/title>\n<meta name=\"description\" content=\"Compra Rbc58-2u Cartucho De Bater\u00edas De Reemplazo De 48vcd, 2u, 2 Juegos De 4, Para Sistemas Ups Selectos.garantia Limitada Por 1 A\u00f1o. + Env\u00edo a domicilio + Pago seguro + Garant\u00eda\" \/>\n<meta name=\"robots\" content=\"index, follow, max-snippet:-1, max-image-preview:large, max-video-preview:-1\" \/>\n<link rel=\"canonical\" href=\"https:\/\/compuviper.mx\/tienda\/producto\/tripp-lite-rbc58-2u-cartucho-de-bateras-de-reemplazo-de-48vcd-2u-2-juegos-de-4-para-sistemas-ups-selectos-garantia-limitada-por-1-ao\/\" \/>\n<meta property=\"og:locale\" content=\"es_MX\" \/>\n<meta property=\"og:type\" content=\"article\" \/>\n<meta property=\"og:title\" content=\"[ Tripp-lite ] &#129351; Rbc58-2u Cartucho De Bater\u00edas De Reemplazo De 48vcd, 2u, 2 Juegos De 4, Para Sistemas Ups Selectos.garantia Limitada Por 1 A\u00f1o.\" \/>\n<meta property=\"og:description\" content=\"Compra Rbc58-2u Cartucho De Bater\u00edas De Reemplazo De 48vcd, 2u, 2 Juegos De 4, Para Sistemas Ups Selectos.garantia Limitada Por 1 A\u00f1o. + Env\u00edo a domicilio + Pago seguro + Garant\u00eda\" \/>\n<meta property=\"og:url\" content=\"https:\/\/compuviper.mx\/tienda\/producto\/tripp-lite-rbc58-2u-cartucho-de-bateras-de-reemplazo-de-48vcd-2u-2-juegos-de-4-para-sistemas-ups-selectos-garantia-limitada-por-1-ao\/\" \/>\n<meta property=\"og:site_name\" content=\"Compuviper\" \/>\n<meta property=\"article:publisher\" content=\"https:\/\/www.facebook.com\/compuviper\" \/>\n<meta property=\"og:image\" content=\"https:\/\/compuviper.mx\/tienda\/wp-content\/uploads\/2025\/03\/Cartucho-de-baterias-de-reemplazo-de-48vcd-2u-2-juegos-de-4-para-sistemas-ups-selectos.garantia-limitada-por-1-ano.jpg\" \/>\n\t<meta property=\"og:image:width\" content=\"200\" \/>\n\t<meta property=\"og:image:height\" content=\"200\" \/>\n\t<meta property=\"og:image:type\" content=\"image\/jpeg\" \/>\n<meta name=\"twitter:card\" content=\"summary_large_image\" \/>\n<meta name=\"twitter:label1\" content=\"Precio\" \/>\n\t<meta name=\"twitter:data1\" content=\"&#36;5,778 con IVA\" \/>\n\t<meta name=\"twitter:label2\" content=\"Availability\" \/>\n\t<meta name=\"twitter:data2\" content=\"On backorder\" \/>\n<script type=\"application\/ld+json\" class=\"yoast-schema-graph\">{\"@context\":\"https:\/\/schema.org\",\"@graph\":[{\"@type\":\"WebPage\",\"@id\":\"https:\/\/compuviper.mx\/tienda\/producto\/tripp-lite-rbc58-2u-cartucho-de-bateras-de-reemplazo-de-48vcd-2u-2-juegos-de-4-para-sistemas-ups-selectos-garantia-limitada-por-1-ao\/\",\"url\":\"https:\/\/compuviper.mx\/tienda\/producto\/tripp-lite-rbc58-2u-cartucho-de-bateras-de-reemplazo-de-48vcd-2u-2-juegos-de-4-para-sistemas-ups-selectos-garantia-limitada-por-1-ao\/\",\"name\":\"[ Tripp-lite ] &#129351; Rbc58-2u Cartucho De Bater\u00edas De Reemplazo De 48vcd, 2u, 2 Juegos De 4, Para Sistemas Ups Selectos.garantia Limitada Por 1 A\u00f1o.\",\"isPartOf\":{\"@id\":\"https:\/\/compuviper.mx\/tienda\/#website\"},\"datePublished\":\"2026-04-02T06:27:31+00:00\",\"dateModified\":\"2026-04-02T06:27:31+00:00\",\"description\":\"Compra Rbc58-2u Cartucho De Bater\u00edas De Reemplazo De 48vcd, 2u, 2 Juegos De 4, Para Sistemas Ups Selectos.garantia Limitada Por 1 A\u00f1o. + Env\u00edo a domicilio + Pago seguro + Garant\u00eda\",\"breadcrumb\":{\"@id\":\"https:\/\/compuviper.mx\/tienda\/producto\/tripp-lite-rbc58-2u-cartucho-de-bateras-de-reemplazo-de-48vcd-2u-2-juegos-de-4-para-sistemas-ups-selectos-garantia-limitada-por-1-ao\/#breadcrumb\"},\"inLanguage\":\"es-MX\",\"potentialAction\":[{\"@type\":\"ReadAction\",\"target\":[\"https:\/\/compuviper.mx\/tienda\/producto\/tripp-lite-rbc58-2u-cartucho-de-bateras-de-reemplazo-de-48vcd-2u-2-juegos-de-4-para-sistemas-ups-selectos-garantia-limitada-por-1-ao\/\"]}]},{\"@type\":\"BreadcrumbList\",\"@id\":\"https:\/\/compuviper.mx\/tienda\/producto\/tripp-lite-rbc58-2u-cartucho-de-bateras-de-reemplazo-de-48vcd-2u-2-juegos-de-4-para-sistemas-ups-selectos-garantia-limitada-por-1-ao\/#breadcrumb\",\"itemListElement\":[{\"@type\":\"ListItem\",\"position\":1,\"name\":\"Inicio\",\"item\":\"https:\/\/compuviper.mx\/tienda\/\"},{\"@type\":\"ListItem\",\"position\":2,\"name\":\"Productos\",\"item\":\"https:\/\/compuviper.mx\/tienda\/productos\/\"},{\"@type\":\"ListItem\",\"position\":3,\"name\":\"Energia\",\"item\":\"https:\/\/compuviper.mx\/tienda\/categoria-producto\/energia\/\"},{\"@type\":\"ListItem\",\"position\":4,\"name\":\"Bateria\",\"item\":\"https:\/\/compuviper.mx\/tienda\/categoria-producto\/energia\/bateria\/\"},{\"@type\":\"ListItem\",\"position\":5,\"name\":\"Tripp-lite Rbc58-2u Cartucho De Bater?as De Reemplazo De 48vcd, 2u, 2 Juegos De 4, Para Sistemas Ups Selectos.garantia Limitada Por 1 A?o.\"}]},{\"@type\":\"WebSite\",\"@id\":\"https:\/\/compuviper.mx\/tienda\/#website\",\"url\":\"https:\/\/compuviper.mx\/tienda\/\",\"name\":\"Compuviper\",\"description\":\"Proveedor de Computadoras, Laptops, Servidores, Monitores, Puntos de Venta, Teclados,   Impresoras, T\u00f3ner, C\u00e1maras de Seguridad y m\u00e1s en tu tienda en l\u00ednea\",\"publisher\":{\"@id\":\"https:\/\/compuviper.mx\/tienda\/#organization\"},\"potentialAction\":[{\"@type\":\"SearchAction\",\"target\":{\"@type\":\"EntryPoint\",\"urlTemplate\":\"https:\/\/compuviper.mx\/tienda\/?s={search_term_string}\"},\"query-input\":\"required name=search_term_string\"}],\"inLanguage\":\"es-MX\"},{\"@type\":\"Organization\",\"@id\":\"https:\/\/compuviper.mx\/tienda\/#organization\",\"name\":\"Compuviper\",\"url\":\"https:\/\/compuviper.mx\/tienda\/\",\"logo\":{\"@type\":\"ImageObject\",\"inLanguage\":\"es-MX\",\"@id\":\"https:\/\/compuviper.mx\/tienda\/#\/schema\/logo\/image\/\",\"url\":\"https:\/\/compuviper.mx\/tienda\/wp-content\/uploads\/2021\/08\/Logo-Compuviper-10.png\",\"contentUrl\":\"https:\/\/compuviper.mx\/tienda\/wp-content\/uploads\/2021\/08\/Logo-Compuviper-10.png\",\"width\":1000,\"height\":500,\"caption\":\"Compuviper\"},\"image\":{\"@id\":\"https:\/\/compuviper.mx\/tienda\/#\/schema\/logo\/image\/\"},\"sameAs\":[\"https:\/\/www.facebook.com\/compuviper\",\"https:\/\/www.youtube.com\/channel\/UCf73dERp9Y3cfOq7q8BhLjA?view_as=subscriber\"]}]}<\/script>\n<meta property=\"product:brand\" content=\"TRIPP-LITE\" \/>\n<meta property=\"product:price:amount\" content=\"5778\" \/>\n<meta property=\"product:price:currency\" content=\"MXN\" \/>\n<meta property=\"og:availability\" content=\"backorder\" \/>\n<meta property=\"product:availability\" content=\"available for order\" \/>\n<meta property=\"product:retailer_item_id\" content=\"RBC58-2U\" \/>\n<meta property=\"product:condition\" content=\"new\" \/>\n<!-- \/ Yoast SEO plugin. -->","yoast_head_json":{"title":"[ Tripp-lite ] &#129351; Rbc58-2u Cartucho De Bater\u00edas De Reemplazo De 48vcd, 2u, 2 Juegos De 4, Para Sistemas Ups Selectos.garantia Limitada Por 1 A\u00f1o.","description":"Compra Rbc58-2u Cartucho De Bater\u00edas De Reemplazo De 48vcd, 2u, 2 Juegos De 4, Para Sistemas Ups Selectos.garantia Limitada Por 1 A\u00f1o. + Env\u00edo a domicilio + Pago seguro + Garant\u00eda","robots":{"index":"index","follow":"follow","max-snippet":"max-snippet:-1","max-image-preview":"max-image-preview:large","max-video-preview":"max-video-preview:-1"},"canonical":"https:\/\/compuviper.mx\/tienda\/producto\/tripp-lite-rbc58-2u-cartucho-de-bateras-de-reemplazo-de-48vcd-2u-2-juegos-de-4-para-sistemas-ups-selectos-garantia-limitada-por-1-ao\/","og_locale":"es_MX","og_type":"article","og_title":"[ Tripp-lite ] &#129351; Rbc58-2u Cartucho De Bater\u00edas De Reemplazo De 48vcd, 2u, 2 Juegos De 4, Para Sistemas Ups Selectos.garantia Limitada Por 1 A\u00f1o.","og_description":"Compra Rbc58-2u Cartucho De Bater\u00edas De Reemplazo De 48vcd, 2u, 2 Juegos De 4, Para Sistemas Ups Selectos.garantia Limitada Por 1 A\u00f1o. + Env\u00edo a domicilio + Pago seguro + Garant\u00eda","og_url":"https:\/\/compuviper.mx\/tienda\/producto\/tripp-lite-rbc58-2u-cartucho-de-bateras-de-reemplazo-de-48vcd-2u-2-juegos-de-4-para-sistemas-ups-selectos-garantia-limitada-por-1-ao\/","og_site_name":"Compuviper","article_publisher":"https:\/\/www.facebook.com\/compuviper","og_image":[{"width":200,"height":200,"url":"https:\/\/compuviper.mx\/tienda\/wp-content\/uploads\/2025\/03\/Cartucho-de-baterias-de-reemplazo-de-48vcd-2u-2-juegos-de-4-para-sistemas-ups-selectos.garantia-limitada-por-1-ano.jpg","type":"image\/jpeg"}],"twitter_card":"summary_large_image","twitter_misc":{"Precio":"&#36;5,778 con IVA","Availability":"On backorder"},"schema":{"@context":"https:\/\/schema.org","@graph":[{"@type":"WebPage","@id":"https:\/\/compuviper.mx\/tienda\/producto\/tripp-lite-rbc58-2u-cartucho-de-bateras-de-reemplazo-de-48vcd-2u-2-juegos-de-4-para-sistemas-ups-selectos-garantia-limitada-por-1-ao\/","url":"https:\/\/compuviper.mx\/tienda\/producto\/tripp-lite-rbc58-2u-cartucho-de-bateras-de-reemplazo-de-48vcd-2u-2-juegos-de-4-para-sistemas-ups-selectos-garantia-limitada-por-1-ao\/","name":"[ Tripp-lite ] &#129351; Rbc58-2u Cartucho De Bater\u00edas De Reemplazo De 48vcd, 2u, 2 Juegos De 4, Para Sistemas Ups Selectos.garantia Limitada Por 1 A\u00f1o.","isPartOf":{"@id":"https:\/\/compuviper.mx\/tienda\/#website"},"datePublished":"2026-04-02T06:27:31+00:00","dateModified":"2026-04-02T06:27:31+00:00","description":"Compra Rbc58-2u Cartucho De Bater\u00edas De Reemplazo De 48vcd, 2u, 2 Juegos De 4, Para Sistemas Ups Selectos.garantia Limitada Por 1 A\u00f1o. + Env\u00edo a domicilio + Pago seguro + Garant\u00eda","breadcrumb":{"@id":"https:\/\/compuviper.mx\/tienda\/producto\/tripp-lite-rbc58-2u-cartucho-de-bateras-de-reemplazo-de-48vcd-2u-2-juegos-de-4-para-sistemas-ups-selectos-garantia-limitada-por-1-ao\/#breadcrumb"},"inLanguage":"es-MX","potentialAction":[{"@type":"ReadAction","target":["https:\/\/compuviper.mx\/tienda\/producto\/tripp-lite-rbc58-2u-cartucho-de-bateras-de-reemplazo-de-48vcd-2u-2-juegos-de-4-para-sistemas-ups-selectos-garantia-limitada-por-1-ao\/"]}]},{"@type":"BreadcrumbList","@id":"https:\/\/compuviper.mx\/tienda\/producto\/tripp-lite-rbc58-2u-cartucho-de-bateras-de-reemplazo-de-48vcd-2u-2-juegos-de-4-para-sistemas-ups-selectos-garantia-limitada-por-1-ao\/#breadcrumb","itemListElement":[{"@type":"ListItem","position":1,"name":"Inicio","item":"https:\/\/compuviper.mx\/tienda\/"},{"@type":"ListItem","position":2,"name":"Productos","item":"https:\/\/compuviper.mx\/tienda\/productos\/"},{"@type":"ListItem","position":3,"name":"Energia","item":"https:\/\/compuviper.mx\/tienda\/categoria-producto\/energia\/"},{"@type":"ListItem","position":4,"name":"Bateria","item":"https:\/\/compuviper.mx\/tienda\/categoria-producto\/energia\/bateria\/"},{"@type":"ListItem","position":5,"name":"Tripp-lite Rbc58-2u Cartucho De Bater?as De Reemplazo De 48vcd, 2u, 2 Juegos De 4, Para Sistemas Ups Selectos.garantia Limitada Por 1 A?o."}]},{"@type":"WebSite","@id":"https:\/\/compuviper.mx\/tienda\/#website","url":"https:\/\/compuviper.mx\/tienda\/","name":"Compuviper","description":"Proveedor de Computadoras, Laptops, Servidores, Monitores, Puntos de Venta, Teclados,   Impresoras, T\u00f3ner, C\u00e1maras de Seguridad y m\u00e1s en tu tienda en l\u00ednea","publisher":{"@id":"https:\/\/compuviper.mx\/tienda\/#organization"},"potentialAction":[{"@type":"SearchAction","target":{"@type":"EntryPoint","urlTemplate":"https:\/\/compuviper.mx\/tienda\/?s={search_term_string}"},"query-input":"required name=search_term_string"}],"inLanguage":"es-MX"},{"@type":"Organization","@id":"https:\/\/compuviper.mx\/tienda\/#organization","name":"Compuviper","url":"https:\/\/compuviper.mx\/tienda\/","logo":{"@type":"ImageObject","inLanguage":"es-MX","@id":"https:\/\/compuviper.mx\/tienda\/#\/schema\/logo\/image\/","url":"https:\/\/compuviper.mx\/tienda\/wp-content\/uploads\/2021\/08\/Logo-Compuviper-10.png","contentUrl":"https:\/\/compuviper.mx\/tienda\/wp-content\/uploads\/2021\/08\/Logo-Compuviper-10.png","width":1000,"height":500,"caption":"Compuviper"},"image":{"@id":"https:\/\/compuviper.mx\/tienda\/#\/schema\/logo\/image\/"},"sameAs":["https:\/\/www.facebook.com\/compuviper","https:\/\/www.youtube.com\/channel\/UCf73dERp9Y3cfOq7q8BhLjA?view_as=subscriber"]}]},"product_brand":"TRIPP-LITE","product_price_amount":"5778","product_price_currency":"MXN","og_availability":"backorder","product_availability":"available for order","product_retailer_item_id":"RBC58-2U","product_condition":"new"},"_links":{"self":[{"href":"https:\/\/compuviper.mx\/tienda\/wp-json\/wp\/v2\/product\/249406"}],"collection":[{"href":"https:\/\/compuviper.mx\/tienda\/wp-json\/wp\/v2\/product"}],"about":[{"href":"https:\/\/compuviper.mx\/tienda\/wp-json\/wp\/v2\/types\/product"}],"replies":[{"embeddable":true,"href":"https:\/\/compuviper.mx\/tienda\/wp-json\/wp\/v2\/comments?post=249406"}],"wp:featuredmedia":[{"embeddable":true,"href":"https:\/\/compuviper.mx\/tienda\/wp-json\/wp\/v2\/media\/250100"}],"wp:attachment":[{"href":"https:\/\/compuviper.mx\/tienda\/wp-json\/wp\/v2\/media?parent=249406"}],"wp:term":[{"taxonomy":"product_cat","embeddable":true,"href":"https:\/\/compuviper.mx\/tienda\/wp-json\/wp\/v2\/product_cat?post=249406"},{"taxonomy":"product_tag","embeddable":true,"href":"https:\/\/compuviper.mx\/tienda\/wp-json\/wp\/v2\/product_tag?post=249406"}],"curies":[{"name":"wp","href":"https:\/\/api.w.org\/{rel}","templated":true}]}}