{"id":249196,"date":"2026-04-18T01:11:10","date_gmt":"2026-04-18T07:11:10","guid":{"rendered":"https:\/\/compuviper.mx\/tienda\/producto\/tp-link-halo-h30g2-pack-router-mercusys-red-mesh-doble-banda-867-mbps-en-5-ghz-400-mbps-en-24-ghz-modo-router-y-ap-proporciona-conexiones-rpidas-estables-de-hasta-100-dispositivo\/"},"modified":"2026-04-18T01:11:10","modified_gmt":"2026-04-18T07:11:10","slug":"tp-link-halo-h30g2-pack-router-mercusys-red-mesh-doble-banda-867-mbps-en-5-ghz-400-mbps-en-24-ghz-modo-router-y-ap-proporciona-conexiones-rpidas-estables-de-hasta-100-dispositivo","status":"publish","type":"product","link":"https:\/\/compuviper.mx\/tienda\/producto\/tp-link-halo-h30g2-pack-router-mercusys-red-mesh-doble-banda-867-mbps-en-5-ghz-400-mbps-en-24-ghz-modo-router-y-ap-proporciona-conexiones-rpidas-estables-de-hasta-100-dispositivo\/","title":{"rendered":"Tp Link Halo H30g(2-pack) Router | Mercusys |  | Red Mesh Doble Banda | 867 Mbps En 5 Ghz, 400 Mbps En 2,4 Ghz | Modo Router Y Ap Proporciona Conexiones R?pidas, Estables De Hasta 100 Dispositivo"},"content":{"rendered":"<table class=\"descripcion\">\n<tr>\n<td>Inal\u00e1mbrico<\/td>\n<\/tr>\n<tr>\n<td>Est\u00e1ndares inal\u00e1mbricos<\/td>\n<\/tr>\n<tr>\n<td>    ieee 802.11 a\/n\/ac 5 ghz, ieee 802.11 b\/g\/n 2,4 ghz<\/td>\n<\/tr>\n<tr>\n<td>Tasa de se\u00f1al<\/td>\n<\/tr>\n<tr>\n<td>    867 mbps en 5 ghz, 400 mbps en 2,4 ghz<\/td>\n<\/tr>\n<tr>\n<td>Sensibilidad de recepci\u00f3n<\/td>\n<\/tr>\n<tr>\n<td>    2,4 ghz:<\/td>\n<\/tr>\n<tr>\n<td>    11g 6mbps:-96dbm<\/td>\n<\/tr>\n<tr>\n<td>    11g 54mbps:-78dbm<\/td>\n<\/tr>\n<tr>\n<td>    11n ht20 mcs7:-76dbm<\/td>\n<\/tr>\n<tr>\n<td>    11n ht40 mcs7:-73dbm<\/td>\n<\/tr>\n<tr>\n<td>    5 ghz:<\/td>\n<\/tr>\n<tr>\n<td>    11a 6mbps:-95dbm<\/td>\n<\/tr>\n<tr>\n<td>    11a 54mbps:-77dbm<\/td>\n<\/tr>\n<tr>\n<td>    11ac vht20 mcs8:-72dbm<\/td>\n<\/tr>\n<tr>\n<td>    11ac vht40 mcs9:-67dbm<\/td>\n<\/tr>\n<tr>\n<td>    11ac vht80 mcs9:-63dbm<\/td>\n<\/tr>\n<tr>\n<td>Poder de transmision<\/td>\n<\/tr>\n<tr>\n<td>    2,4 ghz  20dbm (pire)<\/td>\n<\/tr>\n<tr>\n<td>    5 ghz   23dbm (pire)<\/td>\n<\/tr>\n<tr>\n<td>Seguridad inal\u00e1mbrica<\/td>\n<\/tr>\n<tr>\n<td>    wpa-psk\/wpa2-psk<\/td>\n<\/tr>\n<tr>\n<td>Protocolo de malla<\/td>\n<\/tr>\n<tr>\n<td>    802.11k\/v\/r<\/td>\n<\/tr>\n<tr>\n<td>Software<\/td>\n<\/tr>\n<tr>\n<td>Modos de operaci\u00f3n<\/td>\n<\/tr>\n<tr>\n<td>    enrutador, punto de acceso<\/td>\n<\/tr>\n<tr>\n<td>Calidad de servicio<\/td>\n<\/tr>\n<tr>\n<td>    mmm<\/td>\n<\/tr>\n<tr>\n<td>Tipo de wan<\/td>\n<\/tr>\n<tr>\n<td>    ip din\u00e1mica\/ip est\u00e1tica\/pppoe\/l2tp\/pptp<\/td>\n<\/tr>\n<tr>\n<td>Gesti\u00f3n<\/td>\n<\/tr>\n<tr>\n<td>    gesti\u00f3n local, gesti\u00f3n remota, multigestores<\/td>\n<\/tr>\n<tr>\n<td>Dhcp<\/td>\n<\/tr>\n<tr>\n<td>    servidor, cliente<\/td>\n<\/tr>\n<tr>\n<td>Seguridad del cortafuegos<\/td>\n<\/tr>\n<tr>\n<td>    cortafuegos spi<\/td>\n<\/tr>\n<tr>\n<td>Protocolos<\/td>\n<\/tr>\n<tr>\n<td>    soporta ipv4 e ipv6<\/td>\n<\/tr>\n<tr>\n<td>Red de invitados<\/td>\n<\/tr>\n<tr>\n<td>    red de invitados de 2,4 ghz x 1,<\/td>\n<\/tr>\n<tr>\n<td>    red de invitados de 5 ghz x 1<\/td>\n<\/tr>\n<tr>\n<td>Hardware<\/td>\n<\/tr>\n<tr>\n<td>Dimensiones (an. x pr. x al.)<\/td>\n<\/tr>\n<tr>\n<td>    3,5 \u00d7 3,5 \u00d7 3,5 pulgadas (88 \u00d7 88 \u00d7 88 mm)<\/td>\n<\/tr>\n<tr>\n<td>Interfaces<\/td>\n<\/tr>\n<tr>\n<td>    2 puertos gigabit por unidad halo<\/td>\n<\/tr>\n<tr>\n<td>    (detecci\u00f3n autom\u00e1tica de wan\/lan)<\/td>\n<\/tr>\n<tr>\n<td>Bot\u00f3n<\/td>\n<\/tr>\n<tr>\n<td>    bot\u00f3n de reinicio<\/td>\n<\/tr>\n<tr>\n<td>Otros<\/td>\n<\/tr>\n<tr>\n<td>Contenidos del paquete<\/td>\n<\/tr>\n<tr>\n<td>    3 unidades halo h30g<\/td>\n<\/tr>\n<tr>\n<td>    1 cable ethernet rj45.<\/td>\n<\/tr>\n<tr>\n<td>    3 \u00d7 adaptadores de corriente<\/td>\n<\/tr>\n<tr>\n<td>    1 \u00d7 gu\u00eda de instalaci\u00f3n r\u00e1pida<\/td>\n<\/tr>\n<tr>\n<td>Ambiente<\/td>\n<\/tr>\n<tr>\n<td>    temperatura de funcionamiento: 0\u00b0c~40\u00b0c (32\u00b0f~104\u00b0f)<\/td>\n<\/tr>\n<tr>\n<td>    humedad de funcionamiento: 10 %~90 % sin condensaci\u00f3n<\/td>\n<\/tr>\n<tr>\n<td>    humedad de almacenamiento: 5 %~90 % sin condensaci\u00f3n<\/td>\n<\/tr>\n<\/table>\n","protected":false},"excerpt":{"rendered":"<p>Halo h30g. Sistema wi-fi en malla para todo el hogar ac1300.     Una red unificada: con tecnolog\u00eda de malla avanzada, las unidades halo trabajan juntas para formar una \u00fanica red dom\u00e9stica unificada con un solo nombre y contrase\u00f1a de wi-fi.     Roaming continuo: cambia autom\u00e1ticamente entre halos mientras te mueves por tu casa, obteniendo siempre la mejor se\u00f1al para disfrutar de las conexiones m\u00e1s r\u00e1pidas para todos tus dispositivos.     Cobertura para toda la casa: cubra hasta 320 m\u00b2 (3500 ft\u00b2) con wi-fi de alta velocidad, eliminando las zonas muertas de wi-fi en su hogar.     Wifi de doble banda de 1,3 gbps: halo h30g proporciona conexiones r\u00e1pidas y estables de hasta 100 dispositivos con velocidades de hasta 1300 mbps y funciona con los principales proveedores de servicios de internet (isp) y m\u00f3dems.     F\u00e1cil control de aplicaciones: use la aplicaci\u00f3n mercusys para configurar y administrar r\u00e1pidamente su wifi.     Puertos gigabit completos: 2 puertos gigabit por unidad halo para conexiones por cable ultrarr\u00e1pidas. *tenga en cuenta que la serie halo h y la serie s no pueden funcionar juntas.<\/p>\n","protected":false},"featured_media":249197,"comment_status":"open","ping_status":"open","template":"","meta":[],"product_cat":[1563,1753],"product_tag":[1562],"acf":[],"yoast_head":"<!-- This site is optimized with the Yoast SEO plugin v21.7 - https:\/\/yoast.com\/wordpress\/plugins\/seo\/ -->\n<title>[ Tp Link ] &#129351; Halo H30g(2-pack) Router | Mercusys | | Red Mesh Doble Banda | 867 Mbps En 5 Ghz, 400 Mbps En 2,4 Ghz | Modo Router Y Ap Proporciona Conexiones R\u00e1pidas, Estables De Hasta 100 Dispositivo<\/title>\n<meta name=\"description\" content=\"Compra Halo H30g(2-pack) Router | Mercusys | | Red Mesh Doble Banda | 867 Mbps En 5 Ghz, 400 Mbps En 2,4 Ghz | Modo Router Y Ap Proporciona Conexiones R\u00e1pidas, Estables De Hasta 100 Dispositivo + Env\u00edo a domicilio + Pago seguro + Garant\u00eda\" \/>\n<meta name=\"robots\" content=\"index, follow, max-snippet:-1, max-image-preview:large, max-video-preview:-1\" \/>\n<link rel=\"canonical\" href=\"https:\/\/compuviper.mx\/tienda\/producto\/tp-link-halo-h30g2-pack-router-mercusys-red-mesh-doble-banda-867-mbps-en-5-ghz-400-mbps-en-24-ghz-modo-router-y-ap-proporciona-conexiones-rpidas-estables-de-hasta-100-dispositivo\/\" \/>\n<meta property=\"og:locale\" content=\"es_MX\" \/>\n<meta property=\"og:type\" content=\"article\" \/>\n<meta property=\"og:title\" content=\"[ Tp Link ] &#129351; Halo H30g(2-pack) Router | Mercusys | | Red Mesh Doble Banda | 867 Mbps En 5 Ghz, 400 Mbps En 2,4 Ghz | Modo Router Y Ap Proporciona Conexiones R\u00e1pidas, Estables De Hasta 100 Dispositivo\" \/>\n<meta property=\"og:description\" content=\"Compra Halo H30g(2-pack) Router | Mercusys | | Red Mesh Doble Banda | 867 Mbps En 5 Ghz, 400 Mbps En 2,4 Ghz | Modo Router Y Ap Proporciona Conexiones R\u00e1pidas, Estables De Hasta 100 Dispositivo + Env\u00edo a domicilio + Pago seguro + Garant\u00eda\" \/>\n<meta property=\"og:url\" content=\"https:\/\/compuviper.mx\/tienda\/producto\/tp-link-halo-h30g2-pack-router-mercusys-red-mesh-doble-banda-867-mbps-en-5-ghz-400-mbps-en-24-ghz-modo-router-y-ap-proporciona-conexiones-rpidas-estables-de-hasta-100-dispositivo\/\" \/>\n<meta property=\"og:site_name\" content=\"Compuviper\" \/>\n<meta property=\"article:publisher\" content=\"https:\/\/www.facebook.com\/compuviper\" \/>\n<meta property=\"og:image\" content=\"https:\/\/compuviper.mx\/tienda\/wp-content\/uploads\/2025\/02\/Router-mercusys-halo-h30g2-pack-red-mesh-doble-banda-867-mbps-en-5-ghz-400-mbps-en-24-ghz-modo-router-y-ap-proporciona-conexiones-rapidas-estables-de-hasta-100-dispositivo.jpg\" \/>\n\t<meta property=\"og:image:width\" content=\"200\" \/>\n\t<meta property=\"og:image:height\" content=\"200\" \/>\n\t<meta property=\"og:image:type\" content=\"image\/jpeg\" \/>\n<meta name=\"twitter:card\" content=\"summary_large_image\" \/>\n<meta name=\"twitter:label1\" content=\"Precio\" \/>\n\t<meta name=\"twitter:data1\" content=\"&#36;979 con IVA\" \/>\n\t<meta name=\"twitter:label2\" content=\"Availability\" \/>\n\t<meta name=\"twitter:data2\" content=\"Out of stock\" \/>\n<script type=\"application\/ld+json\" class=\"yoast-schema-graph\">{\"@context\":\"https:\/\/schema.org\",\"@graph\":[{\"@type\":\"WebPage\",\"@id\":\"https:\/\/compuviper.mx\/tienda\/producto\/tp-link-halo-h30g2-pack-router-mercusys-red-mesh-doble-banda-867-mbps-en-5-ghz-400-mbps-en-24-ghz-modo-router-y-ap-proporciona-conexiones-rpidas-estables-de-hasta-100-dispositivo\/\",\"url\":\"https:\/\/compuviper.mx\/tienda\/producto\/tp-link-halo-h30g2-pack-router-mercusys-red-mesh-doble-banda-867-mbps-en-5-ghz-400-mbps-en-24-ghz-modo-router-y-ap-proporciona-conexiones-rpidas-estables-de-hasta-100-dispositivo\/\",\"name\":\"[ Tp Link ] &#129351; Halo H30g(2-pack) Router | Mercusys | | Red Mesh Doble Banda | 867 Mbps En 5 Ghz, 400 Mbps En 2,4 Ghz | Modo Router Y Ap Proporciona Conexiones R\u00e1pidas, Estables De Hasta 100 Dispositivo\",\"isPartOf\":{\"@id\":\"https:\/\/compuviper.mx\/tienda\/#website\"},\"datePublished\":\"2026-04-18T07:11:10+00:00\",\"dateModified\":\"2026-04-18T07:11:10+00:00\",\"description\":\"Compra Halo H30g(2-pack) Router | Mercusys | | Red Mesh Doble Banda | 867 Mbps En 5 Ghz, 400 Mbps En 2,4 Ghz | Modo Router Y Ap Proporciona Conexiones R\u00e1pidas, Estables De Hasta 100 Dispositivo + Env\u00edo a domicilio + Pago seguro + Garant\u00eda\",\"breadcrumb\":{\"@id\":\"https:\/\/compuviper.mx\/tienda\/producto\/tp-link-halo-h30g2-pack-router-mercusys-red-mesh-doble-banda-867-mbps-en-5-ghz-400-mbps-en-24-ghz-modo-router-y-ap-proporciona-conexiones-rpidas-estables-de-hasta-100-dispositivo\/#breadcrumb\"},\"inLanguage\":\"es-MX\",\"potentialAction\":[{\"@type\":\"ReadAction\",\"target\":[\"https:\/\/compuviper.mx\/tienda\/producto\/tp-link-halo-h30g2-pack-router-mercusys-red-mesh-doble-banda-867-mbps-en-5-ghz-400-mbps-en-24-ghz-modo-router-y-ap-proporciona-conexiones-rpidas-estables-de-hasta-100-dispositivo\/\"]}]},{\"@type\":\"BreadcrumbList\",\"@id\":\"https:\/\/compuviper.mx\/tienda\/producto\/tp-link-halo-h30g2-pack-router-mercusys-red-mesh-doble-banda-867-mbps-en-5-ghz-400-mbps-en-24-ghz-modo-router-y-ap-proporciona-conexiones-rpidas-estables-de-hasta-100-dispositivo\/#breadcrumb\",\"itemListElement\":[{\"@type\":\"ListItem\",\"position\":1,\"name\":\"Inicio\",\"item\":\"https:\/\/compuviper.mx\/tienda\/\"},{\"@type\":\"ListItem\",\"position\":2,\"name\":\"Productos\",\"item\":\"https:\/\/compuviper.mx\/tienda\/productos\/\"},{\"@type\":\"ListItem\",\"position\":3,\"name\":\"Redes\",\"item\":\"https:\/\/compuviper.mx\/tienda\/categoria-producto\/redes\/\"},{\"@type\":\"ListItem\",\"position\":4,\"name\":\"Router\",\"item\":\"https:\/\/compuviper.mx\/tienda\/categoria-producto\/redes\/router\/\"},{\"@type\":\"ListItem\",\"position\":5,\"name\":\"Tp Link Halo H30g(2-pack) Router | Mercusys | | Red Mesh Doble Banda | 867 Mbps En 5 Ghz, 400 Mbps En 2,4 Ghz | Modo Router Y Ap Proporciona Conexiones R?pidas, Estables De Hasta 100 Dispositivo\"}]},{\"@type\":\"WebSite\",\"@id\":\"https:\/\/compuviper.mx\/tienda\/#website\",\"url\":\"https:\/\/compuviper.mx\/tienda\/\",\"name\":\"Compuviper\",\"description\":\"Proveedor de Computadoras, Laptops, Servidores, Monitores, Puntos de Venta, Teclados,   Impresoras, T\u00f3ner, C\u00e1maras de Seguridad y m\u00e1s en tu tienda en l\u00ednea\",\"publisher\":{\"@id\":\"https:\/\/compuviper.mx\/tienda\/#organization\"},\"potentialAction\":[{\"@type\":\"SearchAction\",\"target\":{\"@type\":\"EntryPoint\",\"urlTemplate\":\"https:\/\/compuviper.mx\/tienda\/?s={search_term_string}\"},\"query-input\":\"required name=search_term_string\"}],\"inLanguage\":\"es-MX\"},{\"@type\":\"Organization\",\"@id\":\"https:\/\/compuviper.mx\/tienda\/#organization\",\"name\":\"Compuviper\",\"url\":\"https:\/\/compuviper.mx\/tienda\/\",\"logo\":{\"@type\":\"ImageObject\",\"inLanguage\":\"es-MX\",\"@id\":\"https:\/\/compuviper.mx\/tienda\/#\/schema\/logo\/image\/\",\"url\":\"https:\/\/compuviper.mx\/tienda\/wp-content\/uploads\/2021\/08\/Logo-Compuviper-10.png\",\"contentUrl\":\"https:\/\/compuviper.mx\/tienda\/wp-content\/uploads\/2021\/08\/Logo-Compuviper-10.png\",\"width\":1000,\"height\":500,\"caption\":\"Compuviper\"},\"image\":{\"@id\":\"https:\/\/compuviper.mx\/tienda\/#\/schema\/logo\/image\/\"},\"sameAs\":[\"https:\/\/www.facebook.com\/compuviper\",\"https:\/\/www.youtube.com\/channel\/UCf73dERp9Y3cfOq7q8BhLjA?view_as=subscriber\"]}]}<\/script>\n<meta property=\"product:brand\" content=\"TP LINK\" \/>\n<meta property=\"product:price:amount\" content=\"979\" \/>\n<meta property=\"product:price:currency\" content=\"MXN\" \/>\n<meta property=\"og:availability\" content=\"out of stock\" \/>\n<meta property=\"product:availability\" content=\"out of stock\" \/>\n<meta property=\"product:retailer_item_id\" content=\"HALO H30G(2-PACK)\" \/>\n<meta property=\"product:condition\" content=\"new\" \/>\n<!-- \/ Yoast SEO plugin. -->","yoast_head_json":{"title":"[ Tp Link ] &#129351; Halo H30g(2-pack) Router | Mercusys | | Red Mesh Doble Banda | 867 Mbps En 5 Ghz, 400 Mbps En 2,4 Ghz | Modo Router Y Ap Proporciona Conexiones R\u00e1pidas, Estables De Hasta 100 Dispositivo","description":"Compra Halo H30g(2-pack) Router | Mercusys | | Red Mesh Doble Banda | 867 Mbps En 5 Ghz, 400 Mbps En 2,4 Ghz | Modo Router Y Ap Proporciona Conexiones R\u00e1pidas, Estables De Hasta 100 Dispositivo + Env\u00edo a domicilio + Pago seguro + Garant\u00eda","robots":{"index":"index","follow":"follow","max-snippet":"max-snippet:-1","max-image-preview":"max-image-preview:large","max-video-preview":"max-video-preview:-1"},"canonical":"https:\/\/compuviper.mx\/tienda\/producto\/tp-link-halo-h30g2-pack-router-mercusys-red-mesh-doble-banda-867-mbps-en-5-ghz-400-mbps-en-24-ghz-modo-router-y-ap-proporciona-conexiones-rpidas-estables-de-hasta-100-dispositivo\/","og_locale":"es_MX","og_type":"article","og_title":"[ Tp Link ] &#129351; Halo H30g(2-pack) Router | Mercusys | | Red Mesh Doble Banda | 867 Mbps En 5 Ghz, 400 Mbps En 2,4 Ghz | Modo Router Y Ap Proporciona Conexiones R\u00e1pidas, Estables De Hasta 100 Dispositivo","og_description":"Compra Halo H30g(2-pack) Router | Mercusys | | Red Mesh Doble Banda | 867 Mbps En 5 Ghz, 400 Mbps En 2,4 Ghz | Modo Router Y Ap Proporciona Conexiones R\u00e1pidas, Estables De Hasta 100 Dispositivo + Env\u00edo a domicilio + Pago seguro + Garant\u00eda","og_url":"https:\/\/compuviper.mx\/tienda\/producto\/tp-link-halo-h30g2-pack-router-mercusys-red-mesh-doble-banda-867-mbps-en-5-ghz-400-mbps-en-24-ghz-modo-router-y-ap-proporciona-conexiones-rpidas-estables-de-hasta-100-dispositivo\/","og_site_name":"Compuviper","article_publisher":"https:\/\/www.facebook.com\/compuviper","og_image":[{"width":200,"height":200,"url":"https:\/\/compuviper.mx\/tienda\/wp-content\/uploads\/2025\/02\/Router-mercusys-halo-h30g2-pack-red-mesh-doble-banda-867-mbps-en-5-ghz-400-mbps-en-24-ghz-modo-router-y-ap-proporciona-conexiones-rapidas-estables-de-hasta-100-dispositivo.jpg","type":"image\/jpeg"}],"twitter_card":"summary_large_image","twitter_misc":{"Precio":"&#36;979 con IVA","Availability":"Out of stock"},"schema":{"@context":"https:\/\/schema.org","@graph":[{"@type":"WebPage","@id":"https:\/\/compuviper.mx\/tienda\/producto\/tp-link-halo-h30g2-pack-router-mercusys-red-mesh-doble-banda-867-mbps-en-5-ghz-400-mbps-en-24-ghz-modo-router-y-ap-proporciona-conexiones-rpidas-estables-de-hasta-100-dispositivo\/","url":"https:\/\/compuviper.mx\/tienda\/producto\/tp-link-halo-h30g2-pack-router-mercusys-red-mesh-doble-banda-867-mbps-en-5-ghz-400-mbps-en-24-ghz-modo-router-y-ap-proporciona-conexiones-rpidas-estables-de-hasta-100-dispositivo\/","name":"[ Tp Link ] &#129351; Halo H30g(2-pack) Router | Mercusys | | Red Mesh Doble Banda | 867 Mbps En 5 Ghz, 400 Mbps En 2,4 Ghz | Modo Router Y Ap Proporciona Conexiones R\u00e1pidas, Estables De Hasta 100 Dispositivo","isPartOf":{"@id":"https:\/\/compuviper.mx\/tienda\/#website"},"datePublished":"2026-04-18T07:11:10+00:00","dateModified":"2026-04-18T07:11:10+00:00","description":"Compra Halo H30g(2-pack) Router | Mercusys | | Red Mesh Doble Banda | 867 Mbps En 5 Ghz, 400 Mbps En 2,4 Ghz | Modo Router Y Ap Proporciona Conexiones R\u00e1pidas, Estables De Hasta 100 Dispositivo + Env\u00edo a domicilio + Pago seguro + Garant\u00eda","breadcrumb":{"@id":"https:\/\/compuviper.mx\/tienda\/producto\/tp-link-halo-h30g2-pack-router-mercusys-red-mesh-doble-banda-867-mbps-en-5-ghz-400-mbps-en-24-ghz-modo-router-y-ap-proporciona-conexiones-rpidas-estables-de-hasta-100-dispositivo\/#breadcrumb"},"inLanguage":"es-MX","potentialAction":[{"@type":"ReadAction","target":["https:\/\/compuviper.mx\/tienda\/producto\/tp-link-halo-h30g2-pack-router-mercusys-red-mesh-doble-banda-867-mbps-en-5-ghz-400-mbps-en-24-ghz-modo-router-y-ap-proporciona-conexiones-rpidas-estables-de-hasta-100-dispositivo\/"]}]},{"@type":"BreadcrumbList","@id":"https:\/\/compuviper.mx\/tienda\/producto\/tp-link-halo-h30g2-pack-router-mercusys-red-mesh-doble-banda-867-mbps-en-5-ghz-400-mbps-en-24-ghz-modo-router-y-ap-proporciona-conexiones-rpidas-estables-de-hasta-100-dispositivo\/#breadcrumb","itemListElement":[{"@type":"ListItem","position":1,"name":"Inicio","item":"https:\/\/compuviper.mx\/tienda\/"},{"@type":"ListItem","position":2,"name":"Productos","item":"https:\/\/compuviper.mx\/tienda\/productos\/"},{"@type":"ListItem","position":3,"name":"Redes","item":"https:\/\/compuviper.mx\/tienda\/categoria-producto\/redes\/"},{"@type":"ListItem","position":4,"name":"Router","item":"https:\/\/compuviper.mx\/tienda\/categoria-producto\/redes\/router\/"},{"@type":"ListItem","position":5,"name":"Tp Link Halo H30g(2-pack) Router | Mercusys | | Red Mesh Doble Banda | 867 Mbps En 5 Ghz, 400 Mbps En 2,4 Ghz | Modo Router Y Ap Proporciona Conexiones R?pidas, Estables De Hasta 100 Dispositivo"}]},{"@type":"WebSite","@id":"https:\/\/compuviper.mx\/tienda\/#website","url":"https:\/\/compuviper.mx\/tienda\/","name":"Compuviper","description":"Proveedor de Computadoras, Laptops, Servidores, Monitores, Puntos de Venta, Teclados,   Impresoras, T\u00f3ner, C\u00e1maras de Seguridad y m\u00e1s en tu tienda en l\u00ednea","publisher":{"@id":"https:\/\/compuviper.mx\/tienda\/#organization"},"potentialAction":[{"@type":"SearchAction","target":{"@type":"EntryPoint","urlTemplate":"https:\/\/compuviper.mx\/tienda\/?s={search_term_string}"},"query-input":"required name=search_term_string"}],"inLanguage":"es-MX"},{"@type":"Organization","@id":"https:\/\/compuviper.mx\/tienda\/#organization","name":"Compuviper","url":"https:\/\/compuviper.mx\/tienda\/","logo":{"@type":"ImageObject","inLanguage":"es-MX","@id":"https:\/\/compuviper.mx\/tienda\/#\/schema\/logo\/image\/","url":"https:\/\/compuviper.mx\/tienda\/wp-content\/uploads\/2021\/08\/Logo-Compuviper-10.png","contentUrl":"https:\/\/compuviper.mx\/tienda\/wp-content\/uploads\/2021\/08\/Logo-Compuviper-10.png","width":1000,"height":500,"caption":"Compuviper"},"image":{"@id":"https:\/\/compuviper.mx\/tienda\/#\/schema\/logo\/image\/"},"sameAs":["https:\/\/www.facebook.com\/compuviper","https:\/\/www.youtube.com\/channel\/UCf73dERp9Y3cfOq7q8BhLjA?view_as=subscriber"]}]},"product_brand":"TP LINK","product_price_amount":"979","product_price_currency":"MXN","og_availability":"out of stock","product_availability":"out of stock","product_retailer_item_id":"HALO H30G(2-PACK)","product_condition":"new"},"_links":{"self":[{"href":"https:\/\/compuviper.mx\/tienda\/wp-json\/wp\/v2\/product\/249196"}],"collection":[{"href":"https:\/\/compuviper.mx\/tienda\/wp-json\/wp\/v2\/product"}],"about":[{"href":"https:\/\/compuviper.mx\/tienda\/wp-json\/wp\/v2\/types\/product"}],"replies":[{"embeddable":true,"href":"https:\/\/compuviper.mx\/tienda\/wp-json\/wp\/v2\/comments?post=249196"}],"wp:featuredmedia":[{"embeddable":true,"href":"https:\/\/compuviper.mx\/tienda\/wp-json\/wp\/v2\/media\/249197"}],"wp:attachment":[{"href":"https:\/\/compuviper.mx\/tienda\/wp-json\/wp\/v2\/media?parent=249196"}],"wp:term":[{"taxonomy":"product_cat","embeddable":true,"href":"https:\/\/compuviper.mx\/tienda\/wp-json\/wp\/v2\/product_cat?post=249196"},{"taxonomy":"product_tag","embeddable":true,"href":"https:\/\/compuviper.mx\/tienda\/wp-json\/wp\/v2\/product_tag?post=249196"}],"curies":[{"name":"wp","href":"https:\/\/api.w.org\/{rel}","templated":true}]}}