{"id":249168,"date":"2026-04-06T23:14:29","date_gmt":"2026-04-07T05:14:29","guid":{"rendered":"https:\/\/compuviper.mx\/tienda\/producto\/balam-rush-br-941389-escritorio-olympus-spot-glow-pro-mrx8000-ergonomico-estructura-z-diseo-gamer-rgb-blanco\/"},"modified":"2026-04-06T23:14:29","modified_gmt":"2026-04-07T05:14:29","slug":"balam-rush-br-941389-escritorio-gamer-olympus-spot-glow-pro-mrx8000-ergonomico-estructura-z-antirrayas-portavasos-y-gancho-para-audifonos-iluminacion-rgb-blanco","status":"publish","type":"product","link":"https:\/\/compuviper.mx\/tienda\/producto\/balam-rush-br-941389-escritorio-gamer-olympus-spot-glow-pro-mrx8000-ergonomico-estructura-z-antirrayas-portavasos-y-gancho-para-audifonos-iluminacion-rgb-blanco\/","title":{"rendered":"Balam Rush Br-941389 Escritorio Gamer  Olympus Spot Glow Pro Mrx8000 \/ Ergonomico \/ Estructura Z \/ Antirrayas \/ Portavasos Y Gancho Para Audifonos \/ Iluminacion Rgb \/ Blanco \/"},"content":{"rendered":"<table class=\"descripcion\">\n<tr>\n<td>Producto: escritorio gaming<\/td>\n<\/tr>\n<tr>\n<td>\u0095 modelo: br-941389<\/td>\n<\/tr>\n<tr>\n<td>\u0095 material: abs  pc  acero  aglomerado<\/td>\n<\/tr>\n<tr>\n<td>\u0095 dimensiones:<\/td>\n<\/tr>\n<tr>\n<td>Tabla: 120 x 60 cm<\/td>\n<\/tr>\n<tr>\n<td>Escritorio armado: 120 x 60 x 74 cm<\/td>\n<\/tr>\n<tr>\n<td>\u0095 peso: 15 kg<\/td>\n<\/tr>\n<tr>\n<td>Peso soportado: 100 kg<\/td>\n<\/tr>\n<tr>\n<td>Materiales tabla: aglomerado 18 mm<\/td>\n<\/tr>\n<tr>\n<td>Terminado tabla: melamina con acabado de fibra de carbon<\/td>\n<\/tr>\n<tr>\n<td>Iluminacion:<\/td>\n<\/tr>\n<tr>\n<td>Tipo: led<\/td>\n<\/tr>\n<tr>\n<td>10 modos:   10 modos<\/td>\n<\/tr>\n<tr>\n<td>\u0095 alimentacin: 5 v~ 1 a<\/td>\n<\/tr>\n<tr>\n<td>\u0095 color: blanco<\/td>\n<\/tr>\n<tr>\n<td>\u0095 garanta: 1 ao<\/td>\n<\/tr>\n<tr>\n<td>Informacin de empaque<\/td>\n<\/tr>\n<tr>\n<td>Ean-13:  7506215941389<\/td>\n<\/tr>\n<tr>\n<td>Medida empaque 1 :  127 cm  8.5 cm  67 cm<\/td>\n<\/tr>\n<tr>\n<td>Medida empaque 1 :  125.5 cm  8 cm  65.5 cm<\/td>\n<\/tr>\n<\/table>\n","protected":false},"excerpt":{"rendered":"<p>Escritorio balam rush olympus spot glow pro mrx8000 \/ ergonomico \/ estructura z \/ diseo gamer \/  rgb  \/ blanco \/ br-941389<\/p>\n","protected":false},"featured_media":258759,"comment_status":"open","ping_status":"open","template":"","meta":[],"product_cat":[2075,2083],"product_tag":[2097],"acf":[],"yoast_head":"<!-- This site is optimized with the Yoast SEO plugin v21.7 - https:\/\/yoast.com\/wordpress\/plugins\/seo\/ -->\n<title>[ Balam Rush ] &#129351; Br-941389 Escritorio Gamer Olympus Spot Glow Pro Mrx8000 \/ Ergonomico \/ Estructura Z \/ Antirrayas \/ Portavasos Y Gancho Para Audifonos \/ Iluminacion Rgb \/ Blanco \/<\/title>\n<meta name=\"description\" content=\"Compra Br-941389 Escritorio Gamer Olympus Spot Glow Pro Mrx8000 \/ Ergonomico \/ Estructura Z \/ Antirrayas \/ Portavasos Y Gancho Para Audifonos \/ Iluminacion Rgb \/ Blanco \/ + Env\u00edo a domicilio + Pago seguro + Garant\u00eda\" \/>\n<meta name=\"robots\" content=\"index, follow, max-snippet:-1, max-image-preview:large, max-video-preview:-1\" \/>\n<link rel=\"canonical\" href=\"https:\/\/compuviper.mx\/tienda\/producto\/balam-rush-br-941389-escritorio-gamer-olympus-spot-glow-pro-mrx8000-ergonomico-estructura-z-antirrayas-portavasos-y-gancho-para-audifonos-iluminacion-rgb-blanco\/\" \/>\n<meta property=\"og:locale\" content=\"es_MX\" \/>\n<meta property=\"og:type\" content=\"article\" \/>\n<meta property=\"og:title\" content=\"[ Balam Rush ] &#129351; Br-941389 Escritorio Gamer Olympus Spot Glow Pro Mrx8000 \/ Ergonomico \/ Estructura Z \/ Antirrayas \/ Portavasos Y Gancho Para Audifonos \/ Iluminacion Rgb \/ Blanco \/\" \/>\n<meta property=\"og:description\" content=\"Compra Br-941389 Escritorio Gamer Olympus Spot Glow Pro Mrx8000 \/ Ergonomico \/ Estructura Z \/ Antirrayas \/ Portavasos Y Gancho Para Audifonos \/ Iluminacion Rgb \/ Blanco \/ + Env\u00edo a domicilio + Pago seguro + Garant\u00eda\" \/>\n<meta property=\"og:url\" content=\"https:\/\/compuviper.mx\/tienda\/producto\/balam-rush-br-941389-escritorio-gamer-olympus-spot-glow-pro-mrx8000-ergonomico-estructura-z-antirrayas-portavasos-y-gancho-para-audifonos-iluminacion-rgb-blanco\/\" \/>\n<meta property=\"og:site_name\" content=\"Compuviper\" \/>\n<meta property=\"article:publisher\" content=\"https:\/\/www.facebook.com\/compuviper\" \/>\n<meta property=\"og:image\" content=\"https:\/\/compuviper.mx\/tienda\/wp-content\/uploads\/2025\/10\/Escritorio-gamer-balam-rush-olympus-spot-glow-pro-mrx8000-ergonomico-estructura-z-antirrayas-portavasos-y-gancho-para-audifonos-iluminacion-rgb-blanco-br-941389.jpg\" \/>\n\t<meta property=\"og:image:width\" content=\"200\" \/>\n\t<meta property=\"og:image:height\" content=\"200\" \/>\n\t<meta property=\"og:image:type\" content=\"image\/jpeg\" \/>\n<meta name=\"twitter:card\" content=\"summary_large_image\" \/>\n<meta name=\"twitter:label1\" content=\"Precio\" \/>\n\t<meta name=\"twitter:data1\" content=\"&#36;2,687 &#36;2,553 con IVA\" \/>\n\t<meta name=\"twitter:label2\" content=\"Availability\" \/>\n\t<meta name=\"twitter:data2\" content=\"Out of stock\" \/>\n<script type=\"application\/ld+json\" class=\"yoast-schema-graph\">{\"@context\":\"https:\/\/schema.org\",\"@graph\":[{\"@type\":\"WebPage\",\"@id\":\"https:\/\/compuviper.mx\/tienda\/producto\/balam-rush-br-941389-escritorio-gamer-olympus-spot-glow-pro-mrx8000-ergonomico-estructura-z-antirrayas-portavasos-y-gancho-para-audifonos-iluminacion-rgb-blanco\/\",\"url\":\"https:\/\/compuviper.mx\/tienda\/producto\/balam-rush-br-941389-escritorio-gamer-olympus-spot-glow-pro-mrx8000-ergonomico-estructura-z-antirrayas-portavasos-y-gancho-para-audifonos-iluminacion-rgb-blanco\/\",\"name\":\"[ Balam Rush ] &#129351; Br-941389 Escritorio Gamer Olympus Spot Glow Pro Mrx8000 \/ Ergonomico \/ Estructura Z \/ Antirrayas \/ Portavasos Y Gancho Para Audifonos \/ Iluminacion Rgb \/ Blanco \/\",\"isPartOf\":{\"@id\":\"https:\/\/compuviper.mx\/tienda\/#website\"},\"datePublished\":\"2026-04-07T05:14:29+00:00\",\"dateModified\":\"2026-04-07T05:14:29+00:00\",\"description\":\"Compra Br-941389 Escritorio Gamer Olympus Spot Glow Pro Mrx8000 \/ Ergonomico \/ Estructura Z \/ Antirrayas \/ Portavasos Y Gancho Para Audifonos \/ Iluminacion Rgb \/ Blanco \/ + Env\u00edo a domicilio + Pago seguro + Garant\u00eda\",\"breadcrumb\":{\"@id\":\"https:\/\/compuviper.mx\/tienda\/producto\/balam-rush-br-941389-escritorio-gamer-olympus-spot-glow-pro-mrx8000-ergonomico-estructura-z-antirrayas-portavasos-y-gancho-para-audifonos-iluminacion-rgb-blanco\/#breadcrumb\"},\"inLanguage\":\"es-MX\",\"potentialAction\":[{\"@type\":\"ReadAction\",\"target\":[\"https:\/\/compuviper.mx\/tienda\/producto\/balam-rush-br-941389-escritorio-gamer-olympus-spot-glow-pro-mrx8000-ergonomico-estructura-z-antirrayas-portavasos-y-gancho-para-audifonos-iluminacion-rgb-blanco\/\"]}]},{\"@type\":\"BreadcrumbList\",\"@id\":\"https:\/\/compuviper.mx\/tienda\/producto\/balam-rush-br-941389-escritorio-gamer-olympus-spot-glow-pro-mrx8000-ergonomico-estructura-z-antirrayas-portavasos-y-gancho-para-audifonos-iluminacion-rgb-blanco\/#breadcrumb\",\"itemListElement\":[{\"@type\":\"ListItem\",\"position\":1,\"name\":\"Inicio\",\"item\":\"https:\/\/compuviper.mx\/tienda\/\"},{\"@type\":\"ListItem\",\"position\":2,\"name\":\"Productos\",\"item\":\"https:\/\/compuviper.mx\/tienda\/productos\/\"},{\"@type\":\"ListItem\",\"position\":3,\"name\":\"Muebles Para Oficina\",\"item\":\"https:\/\/compuviper.mx\/tienda\/categoria-producto\/muebles-para-oficina\/\"},{\"@type\":\"ListItem\",\"position\":4,\"name\":\"Escritorio\",\"item\":\"https:\/\/compuviper.mx\/tienda\/categoria-producto\/muebles-para-oficina\/escritorio\/\"},{\"@type\":\"ListItem\",\"position\":5,\"name\":\"Balam Rush Br-941389 Escritorio Gamer Olympus Spot Glow Pro Mrx8000 \/ Ergonomico \/ Estructura Z \/ Antirrayas \/ Portavasos Y Gancho Para Audifonos \/ Iluminacion Rgb \/ Blanco \/\"}]},{\"@type\":\"WebSite\",\"@id\":\"https:\/\/compuviper.mx\/tienda\/#website\",\"url\":\"https:\/\/compuviper.mx\/tienda\/\",\"name\":\"Compuviper\",\"description\":\"Proveedor de Computadoras, Laptops, Servidores, Monitores, Puntos de Venta, Teclados,   Impresoras, T\u00f3ner, C\u00e1maras de Seguridad y m\u00e1s en tu tienda en l\u00ednea\",\"publisher\":{\"@id\":\"https:\/\/compuviper.mx\/tienda\/#organization\"},\"potentialAction\":[{\"@type\":\"SearchAction\",\"target\":{\"@type\":\"EntryPoint\",\"urlTemplate\":\"https:\/\/compuviper.mx\/tienda\/?s={search_term_string}\"},\"query-input\":\"required name=search_term_string\"}],\"inLanguage\":\"es-MX\"},{\"@type\":\"Organization\",\"@id\":\"https:\/\/compuviper.mx\/tienda\/#organization\",\"name\":\"Compuviper\",\"url\":\"https:\/\/compuviper.mx\/tienda\/\",\"logo\":{\"@type\":\"ImageObject\",\"inLanguage\":\"es-MX\",\"@id\":\"https:\/\/compuviper.mx\/tienda\/#\/schema\/logo\/image\/\",\"url\":\"https:\/\/compuviper.mx\/tienda\/wp-content\/uploads\/2021\/08\/Logo-Compuviper-10.png\",\"contentUrl\":\"https:\/\/compuviper.mx\/tienda\/wp-content\/uploads\/2021\/08\/Logo-Compuviper-10.png\",\"width\":1000,\"height\":500,\"caption\":\"Compuviper\"},\"image\":{\"@id\":\"https:\/\/compuviper.mx\/tienda\/#\/schema\/logo\/image\/\"},\"sameAs\":[\"https:\/\/www.facebook.com\/compuviper\",\"https:\/\/www.youtube.com\/channel\/UCf73dERp9Y3cfOq7q8BhLjA?view_as=subscriber\"]}]}<\/script>\n<meta property=\"product:brand\" content=\"Balam Rush\" \/>\n<meta property=\"product:price:amount\" content=\"2553\" \/>\n<meta property=\"product:price:currency\" content=\"MXN\" \/>\n<meta property=\"og:availability\" content=\"out of stock\" \/>\n<meta property=\"product:availability\" content=\"out of stock\" \/>\n<meta property=\"product:retailer_item_id\" content=\"BR-941389\" \/>\n<meta property=\"product:condition\" content=\"new\" \/>\n<!-- \/ Yoast SEO plugin. -->","yoast_head_json":{"title":"[ Balam Rush ] &#129351; Br-941389 Escritorio Gamer Olympus Spot Glow Pro Mrx8000 \/ Ergonomico \/ Estructura Z \/ Antirrayas \/ Portavasos Y Gancho Para Audifonos \/ Iluminacion Rgb \/ Blanco \/","description":"Compra Br-941389 Escritorio Gamer Olympus Spot Glow Pro Mrx8000 \/ Ergonomico \/ Estructura Z \/ Antirrayas \/ Portavasos Y Gancho Para Audifonos \/ Iluminacion Rgb \/ Blanco \/ + Env\u00edo a domicilio + Pago seguro + Garant\u00eda","robots":{"index":"index","follow":"follow","max-snippet":"max-snippet:-1","max-image-preview":"max-image-preview:large","max-video-preview":"max-video-preview:-1"},"canonical":"https:\/\/compuviper.mx\/tienda\/producto\/balam-rush-br-941389-escritorio-gamer-olympus-spot-glow-pro-mrx8000-ergonomico-estructura-z-antirrayas-portavasos-y-gancho-para-audifonos-iluminacion-rgb-blanco\/","og_locale":"es_MX","og_type":"article","og_title":"[ Balam Rush ] &#129351; Br-941389 Escritorio Gamer Olympus Spot Glow Pro Mrx8000 \/ Ergonomico \/ Estructura Z \/ Antirrayas \/ Portavasos Y Gancho Para Audifonos \/ Iluminacion Rgb \/ Blanco \/","og_description":"Compra Br-941389 Escritorio Gamer Olympus Spot Glow Pro Mrx8000 \/ Ergonomico \/ Estructura Z \/ Antirrayas \/ Portavasos Y Gancho Para Audifonos \/ Iluminacion Rgb \/ Blanco \/ + Env\u00edo a domicilio + Pago seguro + Garant\u00eda","og_url":"https:\/\/compuviper.mx\/tienda\/producto\/balam-rush-br-941389-escritorio-gamer-olympus-spot-glow-pro-mrx8000-ergonomico-estructura-z-antirrayas-portavasos-y-gancho-para-audifonos-iluminacion-rgb-blanco\/","og_site_name":"Compuviper","article_publisher":"https:\/\/www.facebook.com\/compuviper","og_image":[{"width":200,"height":200,"url":"https:\/\/compuviper.mx\/tienda\/wp-content\/uploads\/2025\/10\/Escritorio-gamer-balam-rush-olympus-spot-glow-pro-mrx8000-ergonomico-estructura-z-antirrayas-portavasos-y-gancho-para-audifonos-iluminacion-rgb-blanco-br-941389.jpg","type":"image\/jpeg"}],"twitter_card":"summary_large_image","twitter_misc":{"Precio":"&#36;2,687 &#36;2,553 con IVA","Availability":"Out of stock"},"schema":{"@context":"https:\/\/schema.org","@graph":[{"@type":"WebPage","@id":"https:\/\/compuviper.mx\/tienda\/producto\/balam-rush-br-941389-escritorio-gamer-olympus-spot-glow-pro-mrx8000-ergonomico-estructura-z-antirrayas-portavasos-y-gancho-para-audifonos-iluminacion-rgb-blanco\/","url":"https:\/\/compuviper.mx\/tienda\/producto\/balam-rush-br-941389-escritorio-gamer-olympus-spot-glow-pro-mrx8000-ergonomico-estructura-z-antirrayas-portavasos-y-gancho-para-audifonos-iluminacion-rgb-blanco\/","name":"[ Balam Rush ] &#129351; Br-941389 Escritorio Gamer Olympus Spot Glow Pro Mrx8000 \/ Ergonomico \/ Estructura Z \/ Antirrayas \/ Portavasos Y Gancho Para Audifonos \/ Iluminacion Rgb \/ Blanco \/","isPartOf":{"@id":"https:\/\/compuviper.mx\/tienda\/#website"},"datePublished":"2026-04-07T05:14:29+00:00","dateModified":"2026-04-07T05:14:29+00:00","description":"Compra Br-941389 Escritorio Gamer Olympus Spot Glow Pro Mrx8000 \/ Ergonomico \/ Estructura Z \/ Antirrayas \/ Portavasos Y Gancho Para Audifonos \/ Iluminacion Rgb \/ Blanco \/ + Env\u00edo a domicilio + Pago seguro + Garant\u00eda","breadcrumb":{"@id":"https:\/\/compuviper.mx\/tienda\/producto\/balam-rush-br-941389-escritorio-gamer-olympus-spot-glow-pro-mrx8000-ergonomico-estructura-z-antirrayas-portavasos-y-gancho-para-audifonos-iluminacion-rgb-blanco\/#breadcrumb"},"inLanguage":"es-MX","potentialAction":[{"@type":"ReadAction","target":["https:\/\/compuviper.mx\/tienda\/producto\/balam-rush-br-941389-escritorio-gamer-olympus-spot-glow-pro-mrx8000-ergonomico-estructura-z-antirrayas-portavasos-y-gancho-para-audifonos-iluminacion-rgb-blanco\/"]}]},{"@type":"BreadcrumbList","@id":"https:\/\/compuviper.mx\/tienda\/producto\/balam-rush-br-941389-escritorio-gamer-olympus-spot-glow-pro-mrx8000-ergonomico-estructura-z-antirrayas-portavasos-y-gancho-para-audifonos-iluminacion-rgb-blanco\/#breadcrumb","itemListElement":[{"@type":"ListItem","position":1,"name":"Inicio","item":"https:\/\/compuviper.mx\/tienda\/"},{"@type":"ListItem","position":2,"name":"Productos","item":"https:\/\/compuviper.mx\/tienda\/productos\/"},{"@type":"ListItem","position":3,"name":"Muebles Para Oficina","item":"https:\/\/compuviper.mx\/tienda\/categoria-producto\/muebles-para-oficina\/"},{"@type":"ListItem","position":4,"name":"Escritorio","item":"https:\/\/compuviper.mx\/tienda\/categoria-producto\/muebles-para-oficina\/escritorio\/"},{"@type":"ListItem","position":5,"name":"Balam Rush Br-941389 Escritorio Gamer Olympus Spot Glow Pro Mrx8000 \/ Ergonomico \/ Estructura Z \/ Antirrayas \/ Portavasos Y Gancho Para Audifonos \/ Iluminacion Rgb \/ Blanco \/"}]},{"@type":"WebSite","@id":"https:\/\/compuviper.mx\/tienda\/#website","url":"https:\/\/compuviper.mx\/tienda\/","name":"Compuviper","description":"Proveedor de Computadoras, Laptops, Servidores, Monitores, Puntos de Venta, Teclados,   Impresoras, T\u00f3ner, C\u00e1maras de Seguridad y m\u00e1s en tu tienda en l\u00ednea","publisher":{"@id":"https:\/\/compuviper.mx\/tienda\/#organization"},"potentialAction":[{"@type":"SearchAction","target":{"@type":"EntryPoint","urlTemplate":"https:\/\/compuviper.mx\/tienda\/?s={search_term_string}"},"query-input":"required name=search_term_string"}],"inLanguage":"es-MX"},{"@type":"Organization","@id":"https:\/\/compuviper.mx\/tienda\/#organization","name":"Compuviper","url":"https:\/\/compuviper.mx\/tienda\/","logo":{"@type":"ImageObject","inLanguage":"es-MX","@id":"https:\/\/compuviper.mx\/tienda\/#\/schema\/logo\/image\/","url":"https:\/\/compuviper.mx\/tienda\/wp-content\/uploads\/2021\/08\/Logo-Compuviper-10.png","contentUrl":"https:\/\/compuviper.mx\/tienda\/wp-content\/uploads\/2021\/08\/Logo-Compuviper-10.png","width":1000,"height":500,"caption":"Compuviper"},"image":{"@id":"https:\/\/compuviper.mx\/tienda\/#\/schema\/logo\/image\/"},"sameAs":["https:\/\/www.facebook.com\/compuviper","https:\/\/www.youtube.com\/channel\/UCf73dERp9Y3cfOq7q8BhLjA?view_as=subscriber"]}]},"product_brand":"Balam Rush","product_price_amount":"2553","product_price_currency":"MXN","og_availability":"out of stock","product_availability":"out of stock","product_retailer_item_id":"BR-941389","product_condition":"new"},"_links":{"self":[{"href":"https:\/\/compuviper.mx\/tienda\/wp-json\/wp\/v2\/product\/249168"}],"collection":[{"href":"https:\/\/compuviper.mx\/tienda\/wp-json\/wp\/v2\/product"}],"about":[{"href":"https:\/\/compuviper.mx\/tienda\/wp-json\/wp\/v2\/types\/product"}],"replies":[{"embeddable":true,"href":"https:\/\/compuviper.mx\/tienda\/wp-json\/wp\/v2\/comments?post=249168"}],"wp:featuredmedia":[{"embeddable":true,"href":"https:\/\/compuviper.mx\/tienda\/wp-json\/wp\/v2\/media\/258759"}],"wp:attachment":[{"href":"https:\/\/compuviper.mx\/tienda\/wp-json\/wp\/v2\/media?parent=249168"}],"wp:term":[{"taxonomy":"product_cat","embeddable":true,"href":"https:\/\/compuviper.mx\/tienda\/wp-json\/wp\/v2\/product_cat?post=249168"},{"taxonomy":"product_tag","embeddable":true,"href":"https:\/\/compuviper.mx\/tienda\/wp-json\/wp\/v2\/product_tag?post=249168"}],"curies":[{"name":"wp","href":"https:\/\/api.w.org\/{rel}","templated":true}]}}