{"id":249064,"date":"2026-04-11T00:45:24","date_gmt":"2026-04-11T06:45:24","guid":{"rendered":"https:\/\/compuviper.mx\/tienda\/producto\/tech-zone-pos-tzpocw21-01-kiosko-celeron-21-techzone-con-pedestal-de-piso-windows10-wifi-bluetooth\/"},"modified":"2026-04-11T00:45:24","modified_gmt":"2026-04-11T06:45:24","slug":"tech-zone-pos-tzpocw21-01-kiosko-celeron-21-techzone-con-pedestal-de-piso-windows10-wifi-bluetooth-no-incluye-impresora","status":"publish","type":"product","link":"https:\/\/compuviper.mx\/tienda\/producto\/tech-zone-pos-tzpocw21-01-kiosko-celeron-21-techzone-con-pedestal-de-piso-windows10-wifi-bluetooth-no-incluye-impresora\/","title":{"rendered":"Tech Zone Pos Tzpocw21-01 Kiosko Celeron 21\/ Techzone \/ Con Pedestal De Piso \/ Windows10 \/ Wifi \/ Bluetooth \/ No Incluye Impresora"},"content":{"rendered":"<table class=\"descripcion\">\n<tr>\n<td>Pantalla t\u00e1ctil<\/td>\n<\/tr>\n<tr>\n<td>Monitor: multi touch capacitivo fhd 10 puntos<\/td>\n<\/tr>\n<tr>\n<td>Tama\u00f1o de pantalla: 21.5\u0094 con formato 16:9 widescreen<\/td>\n<\/tr>\n<tr>\n<td>Resoluci\u00f3n: 1920 x 1080px<\/td>\n<\/tr>\n<tr>\n<td>Procesador y conectividad<\/td>\n<\/tr>\n<tr>\n<td>Procesador: intel celeron j6412 de cuatro n\u00facleos<\/td>\n<\/tr>\n<tr>\n<td>Memoria ram: 8gb<\/td>\n<\/tr>\n<tr>\n<td>Almacenamiento : 128 gb<\/td>\n<\/tr>\n<tr>\n<td>Puertos<\/td>\n<\/tr>\n<tr>\n<td>&#8211; 2 usb 2.0<\/td>\n<\/tr>\n<tr>\n<td>&#8211; 2 usb 3.0<\/td>\n<\/tr>\n<tr>\n<td>&#8211; 1 vga<\/td>\n<\/tr>\n<tr>\n<td>&#8211; 1 hdmi<\/td>\n<\/tr>\n<tr>\n<td>&#8211; 1 rj45<\/td>\n<\/tr>\n<tr>\n<td>&#8211; 1 jack de audio 3.5 mm<\/td>\n<\/tr>\n<tr>\n<td>&#8211; 1 jack de micr\u00f3fono 3.5 mm<\/td>\n<\/tr>\n<tr>\n<td>&#8211; 1 encendido dc jack  and #934; 5.5 mm<\/td>\n<\/tr>\n<tr>\n<td>Interfaz de comunicaci\u00f3n<\/td>\n<\/tr>\n<tr>\n<td>&#8211; ethernet<\/td>\n<\/tr>\n<tr>\n<td>&#8211; wifi dual band 2.4 ghz + 5 ghz<\/td>\n<\/tr>\n<tr>\n<td>Compatibilidad: windows \u00ae 10 o superior (licencia no incluida)<\/td>\n<\/tr>\n<tr>\n<td>Caracteristicas el\u00e9ctricas<\/td>\n<\/tr>\n<tr>\n<td>Alimentacio and #769;n: 100 \u0096 240 vac \/ 50 &#8211; 60 hz<\/td>\n<\/tr>\n<tr>\n<td>Potencia: 35 w<\/td>\n<\/tr>\n<tr>\n<td>Condiciones ambientales<\/td>\n<\/tr>\n<tr>\n<td>Temperatura de trabajo : 0\u00b0 &#8211; 40\u00b0 c<\/td>\n<\/tr>\n<tr>\n<td>Temperatura de almacenamiento -20 &#8211; 60\u00b0 c<\/td>\n<\/tr>\n<tr>\n<td>Humedad de trabajo 20% &#8211; 80% (sin condensaci\u00f3n)<\/td>\n<\/tr>\n<tr>\n<td>Humedad de almacenamiento: 10% &#8211; 90% (sin condensaci\u00f3n)<\/td>\n<\/tr>\n<tr>\n<td>Caracter\u00edsticas f\u00edsicas<\/td>\n<\/tr>\n<tr>\n<td>Medidas del producto<\/td>\n<\/tr>\n<tr>\n<td>Pantalla: 32.5 x 52.7 x 5.6 cm<\/td>\n<\/tr>\n<tr>\n<td>Stand modular inclu\u00eddo:<\/td>\n<\/tr>\n<tr>\n<td>&#8211; secci\u00f3n de piso:<\/td>\n<\/tr>\n<tr>\n<td>54 x 152.5 x 37 cm<\/td>\n<\/tr>\n<tr>\n<td>&#8211; secci\u00f3n de escritorio:<\/td>\n<\/tr>\n<tr>\n<td>32 x 70.5 x 31 cm<\/td>\n<\/tr>\n<tr>\n<td>Medidas del empaque de la pantalla: 64 cm (ancho) x 44 cm (alto) x 18 cm (profundo)<\/td>\n<\/tr>\n<tr>\n<td>Medidas del empaque del pedestal:  91.5 cm (ancho) x 27 cm (alto) x 44 cm (profundo)<\/td>\n<\/tr>\n<tr>\n<td>Peso neto: 34 kg<\/td>\n<\/tr>\n<tr>\n<td>Peso bruto: 30 kg<\/td>\n<\/tr>\n<tr>\n<td>Garant\u00eda: 1 a\u00f1o por defectos de f\u00e1brica<\/td>\n<\/tr>\n<tr>\n<td>Accesorios<\/td>\n<\/tr>\n<tr>\n<td>Impresora t\u00e9rmica de 80 mm: opcional (tzbe102)<\/td>\n<\/tr>\n<tr>\n<td>Brazo para pinpad: incluido<\/td>\n<\/tr>\n<tr>\n<td>Esc\u00e1ner 1d y 2d: incluido<\/td>\n<\/tr>\n<tr>\n<td>C\u00e1mara web: opcional<\/td>\n<\/tr>\n<\/table>\n","protected":false},"excerpt":{"rendered":"<p>Pantalla t\u00e1ctil Monitor: multi touch capacitivo fhd 10 puntos Tama\u00f1o de pantalla: 21.5\u0094 con formato 16:9 widescreen Resoluci\u00f3n: 1920 x 1080px Procesador y conectividad Procesador: intel celeron j6412 de cuatro n\u00facleos Memoria ram: 8gb Almacenamiento : 128 gb Puertos &#8211; 2 usb 2.0 &#8211; 2 usb 3.0 &#8211; 1 vga &#8211; 1 hdmi &#8211; 1 [&hellip;]<\/p>\n","protected":false},"featured_media":259791,"comment_status":"open","ping_status":"open","template":"","meta":[],"product_cat":[2261,2262],"product_tag":[2234],"acf":[],"yoast_head":"<!-- This site is optimized with the Yoast SEO plugin v21.7 - https:\/\/yoast.com\/wordpress\/plugins\/seo\/ -->\n<title>[ Tech Zone Pos ] &#129351; Tzpocw21-01 Kiosko Celeron 21\/ Techzone \/ Con Pedestal De Piso \/ Windows10 \/ Wifi \/ Bluetooth \/ No Incluye Impresora<\/title>\n<meta name=\"description\" content=\"Compra Tzpocw21-01 Kiosko Celeron 21\/ Techzone \/ Con Pedestal De Piso \/ Windows10 \/ Wifi \/ Bluetooth \/ No Incluye Impresora + Env\u00edo a domicilio + Pago seguro + Garant\u00eda\" \/>\n<meta name=\"robots\" content=\"index, follow, max-snippet:-1, max-image-preview:large, max-video-preview:-1\" \/>\n<link rel=\"canonical\" href=\"https:\/\/compuviper.mx\/tienda\/producto\/tech-zone-pos-tzpocw21-01-kiosko-celeron-21-techzone-con-pedestal-de-piso-windows10-wifi-bluetooth-no-incluye-impresora\/\" \/>\n<meta property=\"og:locale\" content=\"es_MX\" \/>\n<meta property=\"og:type\" content=\"article\" \/>\n<meta property=\"og:title\" content=\"[ Tech Zone Pos ] &#129351; Tzpocw21-01 Kiosko Celeron 21\/ Techzone \/ Con Pedestal De Piso \/ Windows10 \/ Wifi \/ Bluetooth \/ No Incluye Impresora\" \/>\n<meta property=\"og:description\" content=\"Compra Tzpocw21-01 Kiosko Celeron 21\/ Techzone \/ Con Pedestal De Piso \/ Windows10 \/ Wifi \/ Bluetooth \/ No Incluye Impresora + Env\u00edo a domicilio + Pago seguro + Garant\u00eda\" \/>\n<meta property=\"og:url\" content=\"https:\/\/compuviper.mx\/tienda\/producto\/tech-zone-pos-tzpocw21-01-kiosko-celeron-21-techzone-con-pedestal-de-piso-windows10-wifi-bluetooth-no-incluye-impresora\/\" \/>\n<meta property=\"og:site_name\" content=\"Compuviper\" \/>\n<meta property=\"article:publisher\" content=\"https:\/\/www.facebook.com\/compuviper\" \/>\n<meta property=\"og:image\" content=\"https:\/\/compuviper.mx\/tienda\/wp-content\/uploads\/2025\/10\/Kiosko-celeron-21-techzone-con-pedestal-de-piso-windows10-wifi-bluetooth.jpg\" \/>\n\t<meta property=\"og:image:width\" content=\"200\" \/>\n\t<meta property=\"og:image:height\" content=\"200\" \/>\n\t<meta property=\"og:image:type\" content=\"image\/jpeg\" \/>\n<meta name=\"twitter:card\" content=\"summary_large_image\" \/>\n<meta name=\"twitter:label1\" content=\"Precio\" \/>\n\t<meta name=\"twitter:data1\" content=\"&#36;31,697 con IVA\" \/>\n\t<meta name=\"twitter:label2\" content=\"Availability\" \/>\n\t<meta name=\"twitter:data2\" content=\"Out of stock\" \/>\n<script type=\"application\/ld+json\" class=\"yoast-schema-graph\">{\"@context\":\"https:\/\/schema.org\",\"@graph\":[{\"@type\":\"WebPage\",\"@id\":\"https:\/\/compuviper.mx\/tienda\/producto\/tech-zone-pos-tzpocw21-01-kiosko-celeron-21-techzone-con-pedestal-de-piso-windows10-wifi-bluetooth-no-incluye-impresora\/\",\"url\":\"https:\/\/compuviper.mx\/tienda\/producto\/tech-zone-pos-tzpocw21-01-kiosko-celeron-21-techzone-con-pedestal-de-piso-windows10-wifi-bluetooth-no-incluye-impresora\/\",\"name\":\"[ Tech Zone Pos ] &#129351; Tzpocw21-01 Kiosko Celeron 21\/ Techzone \/ Con Pedestal De Piso \/ Windows10 \/ Wifi \/ Bluetooth \/ No Incluye Impresora\",\"isPartOf\":{\"@id\":\"https:\/\/compuviper.mx\/tienda\/#website\"},\"datePublished\":\"2026-04-11T06:45:24+00:00\",\"dateModified\":\"2026-04-11T06:45:24+00:00\",\"description\":\"Compra Tzpocw21-01 Kiosko Celeron 21\/ Techzone \/ Con Pedestal De Piso \/ Windows10 \/ Wifi \/ Bluetooth \/ No Incluye Impresora + Env\u00edo a domicilio + Pago seguro + Garant\u00eda\",\"breadcrumb\":{\"@id\":\"https:\/\/compuviper.mx\/tienda\/producto\/tech-zone-pos-tzpocw21-01-kiosko-celeron-21-techzone-con-pedestal-de-piso-windows10-wifi-bluetooth-no-incluye-impresora\/#breadcrumb\"},\"inLanguage\":\"es-MX\",\"potentialAction\":[{\"@type\":\"ReadAction\",\"target\":[\"https:\/\/compuviper.mx\/tienda\/producto\/tech-zone-pos-tzpocw21-01-kiosko-celeron-21-techzone-con-pedestal-de-piso-windows10-wifi-bluetooth-no-incluye-impresora\/\"]}]},{\"@type\":\"BreadcrumbList\",\"@id\":\"https:\/\/compuviper.mx\/tienda\/producto\/tech-zone-pos-tzpocw21-01-kiosko-celeron-21-techzone-con-pedestal-de-piso-windows10-wifi-bluetooth-no-incluye-impresora\/#breadcrumb\",\"itemListElement\":[{\"@type\":\"ListItem\",\"position\":1,\"name\":\"Inicio\",\"item\":\"https:\/\/compuviper.mx\/tienda\/\"},{\"@type\":\"ListItem\",\"position\":2,\"name\":\"Productos\",\"item\":\"https:\/\/compuviper.mx\/tienda\/productos\/\"},{\"@type\":\"ListItem\",\"position\":3,\"name\":\"Kiosko\",\"item\":\"https:\/\/compuviper.mx\/tienda\/categoria-producto\/kiosko\/\"},{\"@type\":\"ListItem\",\"position\":4,\"name\":\"Sin Categor\u00eda\",\"item\":\"https:\/\/compuviper.mx\/tienda\/categoria-producto\/kiosko\/sin-categoria-kiosko\/\"},{\"@type\":\"ListItem\",\"position\":5,\"name\":\"Tech Zone Pos Tzpocw21-01 Kiosko Celeron 21\/ Techzone \/ Con Pedestal De Piso \/ Windows10 \/ Wifi \/ Bluetooth \/ No Incluye Impresora\"}]},{\"@type\":\"WebSite\",\"@id\":\"https:\/\/compuviper.mx\/tienda\/#website\",\"url\":\"https:\/\/compuviper.mx\/tienda\/\",\"name\":\"Compuviper\",\"description\":\"Proveedor de Computadoras, Laptops, Servidores, Monitores, Puntos de Venta, Teclados,   Impresoras, T\u00f3ner, C\u00e1maras de Seguridad y m\u00e1s en tu tienda en l\u00ednea\",\"publisher\":{\"@id\":\"https:\/\/compuviper.mx\/tienda\/#organization\"},\"potentialAction\":[{\"@type\":\"SearchAction\",\"target\":{\"@type\":\"EntryPoint\",\"urlTemplate\":\"https:\/\/compuviper.mx\/tienda\/?s={search_term_string}\"},\"query-input\":\"required name=search_term_string\"}],\"inLanguage\":\"es-MX\"},{\"@type\":\"Organization\",\"@id\":\"https:\/\/compuviper.mx\/tienda\/#organization\",\"name\":\"Compuviper\",\"url\":\"https:\/\/compuviper.mx\/tienda\/\",\"logo\":{\"@type\":\"ImageObject\",\"inLanguage\":\"es-MX\",\"@id\":\"https:\/\/compuviper.mx\/tienda\/#\/schema\/logo\/image\/\",\"url\":\"https:\/\/compuviper.mx\/tienda\/wp-content\/uploads\/2021\/08\/Logo-Compuviper-10.png\",\"contentUrl\":\"https:\/\/compuviper.mx\/tienda\/wp-content\/uploads\/2021\/08\/Logo-Compuviper-10.png\",\"width\":1000,\"height\":500,\"caption\":\"Compuviper\"},\"image\":{\"@id\":\"https:\/\/compuviper.mx\/tienda\/#\/schema\/logo\/image\/\"},\"sameAs\":[\"https:\/\/www.facebook.com\/compuviper\",\"https:\/\/www.youtube.com\/channel\/UCf73dERp9Y3cfOq7q8BhLjA?view_as=subscriber\"]}]}<\/script>\n<meta property=\"product:brand\" content=\"Tech Zone Pos\" \/>\n<meta property=\"product:price:amount\" content=\"31697\" \/>\n<meta property=\"product:price:currency\" content=\"MXN\" \/>\n<meta property=\"og:availability\" content=\"out of stock\" \/>\n<meta property=\"product:availability\" content=\"out of stock\" \/>\n<meta property=\"product:retailer_item_id\" content=\"TZPOCW21-01\" \/>\n<meta property=\"product:condition\" content=\"new\" \/>\n<!-- \/ Yoast SEO plugin. -->","yoast_head_json":{"title":"[ Tech Zone Pos ] &#129351; Tzpocw21-01 Kiosko Celeron 21\/ Techzone \/ Con Pedestal De Piso \/ Windows10 \/ Wifi \/ Bluetooth \/ No Incluye Impresora","description":"Compra Tzpocw21-01 Kiosko Celeron 21\/ Techzone \/ Con Pedestal De Piso \/ Windows10 \/ Wifi \/ Bluetooth \/ No Incluye Impresora + Env\u00edo a domicilio + Pago seguro + Garant\u00eda","robots":{"index":"index","follow":"follow","max-snippet":"max-snippet:-1","max-image-preview":"max-image-preview:large","max-video-preview":"max-video-preview:-1"},"canonical":"https:\/\/compuviper.mx\/tienda\/producto\/tech-zone-pos-tzpocw21-01-kiosko-celeron-21-techzone-con-pedestal-de-piso-windows10-wifi-bluetooth-no-incluye-impresora\/","og_locale":"es_MX","og_type":"article","og_title":"[ Tech Zone Pos ] &#129351; Tzpocw21-01 Kiosko Celeron 21\/ Techzone \/ Con Pedestal De Piso \/ Windows10 \/ Wifi \/ Bluetooth \/ No Incluye Impresora","og_description":"Compra Tzpocw21-01 Kiosko Celeron 21\/ Techzone \/ Con Pedestal De Piso \/ Windows10 \/ Wifi \/ Bluetooth \/ No Incluye Impresora + Env\u00edo a domicilio + Pago seguro + Garant\u00eda","og_url":"https:\/\/compuviper.mx\/tienda\/producto\/tech-zone-pos-tzpocw21-01-kiosko-celeron-21-techzone-con-pedestal-de-piso-windows10-wifi-bluetooth-no-incluye-impresora\/","og_site_name":"Compuviper","article_publisher":"https:\/\/www.facebook.com\/compuviper","og_image":[{"width":200,"height":200,"url":"https:\/\/compuviper.mx\/tienda\/wp-content\/uploads\/2025\/10\/Kiosko-celeron-21-techzone-con-pedestal-de-piso-windows10-wifi-bluetooth.jpg","type":"image\/jpeg"}],"twitter_card":"summary_large_image","twitter_misc":{"Precio":"&#36;31,697 con IVA","Availability":"Out of stock"},"schema":{"@context":"https:\/\/schema.org","@graph":[{"@type":"WebPage","@id":"https:\/\/compuviper.mx\/tienda\/producto\/tech-zone-pos-tzpocw21-01-kiosko-celeron-21-techzone-con-pedestal-de-piso-windows10-wifi-bluetooth-no-incluye-impresora\/","url":"https:\/\/compuviper.mx\/tienda\/producto\/tech-zone-pos-tzpocw21-01-kiosko-celeron-21-techzone-con-pedestal-de-piso-windows10-wifi-bluetooth-no-incluye-impresora\/","name":"[ Tech Zone Pos ] &#129351; Tzpocw21-01 Kiosko Celeron 21\/ Techzone \/ Con Pedestal De Piso \/ Windows10 \/ Wifi \/ Bluetooth \/ No Incluye Impresora","isPartOf":{"@id":"https:\/\/compuviper.mx\/tienda\/#website"},"datePublished":"2026-04-11T06:45:24+00:00","dateModified":"2026-04-11T06:45:24+00:00","description":"Compra Tzpocw21-01 Kiosko Celeron 21\/ Techzone \/ Con Pedestal De Piso \/ Windows10 \/ Wifi \/ Bluetooth \/ No Incluye Impresora + Env\u00edo a domicilio + Pago seguro + Garant\u00eda","breadcrumb":{"@id":"https:\/\/compuviper.mx\/tienda\/producto\/tech-zone-pos-tzpocw21-01-kiosko-celeron-21-techzone-con-pedestal-de-piso-windows10-wifi-bluetooth-no-incluye-impresora\/#breadcrumb"},"inLanguage":"es-MX","potentialAction":[{"@type":"ReadAction","target":["https:\/\/compuviper.mx\/tienda\/producto\/tech-zone-pos-tzpocw21-01-kiosko-celeron-21-techzone-con-pedestal-de-piso-windows10-wifi-bluetooth-no-incluye-impresora\/"]}]},{"@type":"BreadcrumbList","@id":"https:\/\/compuviper.mx\/tienda\/producto\/tech-zone-pos-tzpocw21-01-kiosko-celeron-21-techzone-con-pedestal-de-piso-windows10-wifi-bluetooth-no-incluye-impresora\/#breadcrumb","itemListElement":[{"@type":"ListItem","position":1,"name":"Inicio","item":"https:\/\/compuviper.mx\/tienda\/"},{"@type":"ListItem","position":2,"name":"Productos","item":"https:\/\/compuviper.mx\/tienda\/productos\/"},{"@type":"ListItem","position":3,"name":"Kiosko","item":"https:\/\/compuviper.mx\/tienda\/categoria-producto\/kiosko\/"},{"@type":"ListItem","position":4,"name":"Sin Categor\u00eda","item":"https:\/\/compuviper.mx\/tienda\/categoria-producto\/kiosko\/sin-categoria-kiosko\/"},{"@type":"ListItem","position":5,"name":"Tech Zone Pos Tzpocw21-01 Kiosko Celeron 21\/ Techzone \/ Con Pedestal De Piso \/ Windows10 \/ Wifi \/ Bluetooth \/ No Incluye Impresora"}]},{"@type":"WebSite","@id":"https:\/\/compuviper.mx\/tienda\/#website","url":"https:\/\/compuviper.mx\/tienda\/","name":"Compuviper","description":"Proveedor de Computadoras, Laptops, Servidores, Monitores, Puntos de Venta, Teclados,   Impresoras, T\u00f3ner, C\u00e1maras de Seguridad y m\u00e1s en tu tienda en l\u00ednea","publisher":{"@id":"https:\/\/compuviper.mx\/tienda\/#organization"},"potentialAction":[{"@type":"SearchAction","target":{"@type":"EntryPoint","urlTemplate":"https:\/\/compuviper.mx\/tienda\/?s={search_term_string}"},"query-input":"required name=search_term_string"}],"inLanguage":"es-MX"},{"@type":"Organization","@id":"https:\/\/compuviper.mx\/tienda\/#organization","name":"Compuviper","url":"https:\/\/compuviper.mx\/tienda\/","logo":{"@type":"ImageObject","inLanguage":"es-MX","@id":"https:\/\/compuviper.mx\/tienda\/#\/schema\/logo\/image\/","url":"https:\/\/compuviper.mx\/tienda\/wp-content\/uploads\/2021\/08\/Logo-Compuviper-10.png","contentUrl":"https:\/\/compuviper.mx\/tienda\/wp-content\/uploads\/2021\/08\/Logo-Compuviper-10.png","width":1000,"height":500,"caption":"Compuviper"},"image":{"@id":"https:\/\/compuviper.mx\/tienda\/#\/schema\/logo\/image\/"},"sameAs":["https:\/\/www.facebook.com\/compuviper","https:\/\/www.youtube.com\/channel\/UCf73dERp9Y3cfOq7q8BhLjA?view_as=subscriber"]}]},"product_brand":"Tech Zone Pos","product_price_amount":"31697","product_price_currency":"MXN","og_availability":"out of stock","product_availability":"out of stock","product_retailer_item_id":"TZPOCW21-01","product_condition":"new"},"_links":{"self":[{"href":"https:\/\/compuviper.mx\/tienda\/wp-json\/wp\/v2\/product\/249064"}],"collection":[{"href":"https:\/\/compuviper.mx\/tienda\/wp-json\/wp\/v2\/product"}],"about":[{"href":"https:\/\/compuviper.mx\/tienda\/wp-json\/wp\/v2\/types\/product"}],"replies":[{"embeddable":true,"href":"https:\/\/compuviper.mx\/tienda\/wp-json\/wp\/v2\/comments?post=249064"}],"wp:featuredmedia":[{"embeddable":true,"href":"https:\/\/compuviper.mx\/tienda\/wp-json\/wp\/v2\/media\/259791"}],"wp:attachment":[{"href":"https:\/\/compuviper.mx\/tienda\/wp-json\/wp\/v2\/media?parent=249064"}],"wp:term":[{"taxonomy":"product_cat","embeddable":true,"href":"https:\/\/compuviper.mx\/tienda\/wp-json\/wp\/v2\/product_cat?post=249064"},{"taxonomy":"product_tag","embeddable":true,"href":"https:\/\/compuviper.mx\/tienda\/wp-json\/wp\/v2\/product_tag?post=249064"}],"curies":[{"name":"wp","href":"https:\/\/api.w.org\/{rel}","templated":true}]}}