{"id":249060,"date":"2026-04-07T00:23:40","date_gmt":"2026-04-07T06:23:40","guid":{"rendered":"https:\/\/compuviper.mx\/tienda\/producto\/tripp-lite-rbc94-2u037332122308-bateria-interna-rbc94-2u-cartucho-de-bateras-de-reemplazo-de-48vcd-2u-1-juego-de-4-para-ups-smartpro-selectos-garantia-1-ao\/"},"modified":"2026-04-07T00:23:41","modified_gmt":"2026-04-07T06:23:41","slug":"tripp-lite-rbc94-2u-bateria-interna-cartucho-de-bateras-de-reemplazo-de-48vcd-2u-1-juego-de-4-para-ups-smartpro-selectos-garantia-1-ao","status":"publish","type":"product","link":"https:\/\/compuviper.mx\/tienda\/producto\/tripp-lite-rbc94-2u-bateria-interna-cartucho-de-bateras-de-reemplazo-de-48vcd-2u-1-juego-de-4-para-ups-smartpro-selectos-garantia-1-ao\/","title":{"rendered":"Tripp-lite Rbc94-2u Bateria Interna   Cartucho De Bateras De Reemplazo De 48vcd 2u 1 Juego De 4 Para Ups Smartpro Selectos. Garantia 1 A?o"},"content":{"rendered":"<table class=\"descripcion\">\n<tr>\n<td>\u0095  restablece el rendimiento de la autonom\u00eda del ups a las especificaciones originales<\/td>\n<\/tr>\n<tr>\n<td>\u0095  viene preensamblado y listo para instalar<\/td>\n<\/tr>\n<tr>\n<td>\u0095  el embalaje reutilizable guarda las bater\u00edas vencidas para entregarlas en el centro de reciclado<\/td>\n<\/tr>\n<tr>\n<td>Compatible con los modelos tripp lite smart1500rmxl2u, smart2200rmxl2u, smart3000rm2u, su1500rtxl2ua, su2200rtxl2ua y otros sistemas ups a que se refiera este rbc.<\/td>\n<\/tr>\n<\/table>\n","protected":false},"excerpt":{"rendered":"<p>Los cartuchos premium de reemplazo de bater\u00eda de ups de tripp lite le dan nueva vida a los sistemas ups que tiene bater\u00edas internas vencidas o d\u00e9biles. Cada cartucho de bater\u00eda de reemplazo se selecciona y certifica cuidadosamente para que cumpla o supere las especificaciones originales y se env\u00eda listo para instalar en su sistema de ups. Embalaje reutilizable guarda las bater\u00edas agotadas para entregarlas en el centro de reciclado. Consulte la p\u00e1gina web donde se indica la bater\u00eda de reemplazo del ups de tripp lite para confirmar la compatibilidad y la cantidad necesarias. Compatible con los modelos tripp lite smart1500rmxl2u (fr-228),  smart2200rmxl2u (fr-101), smart3000rm2u (fr-181). (versiones con cartuchos preensamblados de 4 bater\u00edas solamente; ver la lista de compatibilidad para versiones de bater\u00edas no ensambladas), su1500rtxl2ua (fr-314), su2200rtxl2ua (fr-138), y otros sistemas ups a que se refiera este rbc.<\/p>\n","protected":false},"featured_media":249258,"comment_status":"open","ping_status":"open","template":"","meta":[],"product_cat":[1508,1511],"product_tag":[1510],"acf":[],"yoast_head":"<!-- This site is optimized with the Yoast SEO plugin v21.7 - https:\/\/yoast.com\/wordpress\/plugins\/seo\/ -->\n<title>[ Tripp-lite ] &#129351; Rbc94-2u Bateria Interna Cartucho De Bateras De Reemplazo De 48vcd 2u 1 Juego De 4 Para Ups Smartpro Selectos. Garantia 1 A\u00f1o<\/title>\n<meta name=\"description\" content=\"Compra Rbc94-2u Bateria Interna Cartucho De Bateras De Reemplazo De 48vcd 2u 1 Juego De 4 Para Ups Smartpro Selectos. Garantia 1 A\u00f1o + Env\u00edo a domicilio + Pago seguro + Garant\u00eda\" \/>\n<meta name=\"robots\" content=\"index, follow, max-snippet:-1, max-image-preview:large, max-video-preview:-1\" \/>\n<link rel=\"canonical\" href=\"https:\/\/compuviper.mx\/tienda\/producto\/tripp-lite-rbc94-2u-bateria-interna-cartucho-de-bateras-de-reemplazo-de-48vcd-2u-1-juego-de-4-para-ups-smartpro-selectos-garantia-1-ao\/\" \/>\n<meta property=\"og:locale\" content=\"es_MX\" \/>\n<meta property=\"og:type\" content=\"article\" \/>\n<meta property=\"og:title\" content=\"[ Tripp-lite ] &#129351; Rbc94-2u Bateria Interna Cartucho De Bateras De Reemplazo De 48vcd 2u 1 Juego De 4 Para Ups Smartpro Selectos. Garantia 1 A\u00f1o\" \/>\n<meta property=\"og:description\" content=\"Compra Rbc94-2u Bateria Interna Cartucho De Bateras De Reemplazo De 48vcd 2u 1 Juego De 4 Para Ups Smartpro Selectos. Garantia 1 A\u00f1o + Env\u00edo a domicilio + Pago seguro + Garant\u00eda\" \/>\n<meta property=\"og:url\" content=\"https:\/\/compuviper.mx\/tienda\/producto\/tripp-lite-rbc94-2u-bateria-interna-cartucho-de-bateras-de-reemplazo-de-48vcd-2u-1-juego-de-4-para-ups-smartpro-selectos-garantia-1-ao\/\" \/>\n<meta property=\"og:site_name\" content=\"Compuviper\" \/>\n<meta property=\"article:publisher\" content=\"https:\/\/www.facebook.com\/compuviper\" \/>\n<meta property=\"article:modified_time\" content=\"2026-04-07T06:23:41+00:00\" \/>\n<meta property=\"og:image\" content=\"https:\/\/compuviper.mx\/tienda\/wp-content\/uploads\/2025\/02\/Bateria-interna-tripp-lite-rbc94-2u-cartucho-de-baterias-de-reemplazo-de-48vcd-2u-1-juego-de-4-para-ups-smartpro-selectos.-garantia-1-ano.jpg\" \/>\n\t<meta property=\"og:image:width\" content=\"200\" \/>\n\t<meta property=\"og:image:height\" content=\"200\" \/>\n\t<meta property=\"og:image:type\" content=\"image\/jpeg\" \/>\n<meta name=\"twitter:card\" content=\"summary_large_image\" \/>\n<meta name=\"twitter:label1\" content=\"Precio\" \/>\n\t<meta name=\"twitter:data1\" content=\"&#36;3,094 con IVA\" \/>\n\t<meta name=\"twitter:label2\" content=\"Availability\" \/>\n\t<meta name=\"twitter:data2\" content=\"On backorder\" \/>\n<script type=\"application\/ld+json\" class=\"yoast-schema-graph\">{\"@context\":\"https:\/\/schema.org\",\"@graph\":[{\"@type\":\"WebPage\",\"@id\":\"https:\/\/compuviper.mx\/tienda\/producto\/tripp-lite-rbc94-2u-bateria-interna-cartucho-de-bateras-de-reemplazo-de-48vcd-2u-1-juego-de-4-para-ups-smartpro-selectos-garantia-1-ao\/\",\"url\":\"https:\/\/compuviper.mx\/tienda\/producto\/tripp-lite-rbc94-2u-bateria-interna-cartucho-de-bateras-de-reemplazo-de-48vcd-2u-1-juego-de-4-para-ups-smartpro-selectos-garantia-1-ao\/\",\"name\":\"[ Tripp-lite ] &#129351; Rbc94-2u Bateria Interna Cartucho De Bateras De Reemplazo De 48vcd 2u 1 Juego De 4 Para Ups Smartpro Selectos. Garantia 1 A\u00f1o\",\"isPartOf\":{\"@id\":\"https:\/\/compuviper.mx\/tienda\/#website\"},\"datePublished\":\"2026-04-07T06:23:40+00:00\",\"dateModified\":\"2026-04-07T06:23:41+00:00\",\"description\":\"Compra Rbc94-2u Bateria Interna Cartucho De Bateras De Reemplazo De 48vcd 2u 1 Juego De 4 Para Ups Smartpro Selectos. Garantia 1 A\u00f1o + Env\u00edo a domicilio + Pago seguro + Garant\u00eda\",\"breadcrumb\":{\"@id\":\"https:\/\/compuviper.mx\/tienda\/producto\/tripp-lite-rbc94-2u-bateria-interna-cartucho-de-bateras-de-reemplazo-de-48vcd-2u-1-juego-de-4-para-ups-smartpro-selectos-garantia-1-ao\/#breadcrumb\"},\"inLanguage\":\"es-MX\",\"potentialAction\":[{\"@type\":\"ReadAction\",\"target\":[\"https:\/\/compuviper.mx\/tienda\/producto\/tripp-lite-rbc94-2u-bateria-interna-cartucho-de-bateras-de-reemplazo-de-48vcd-2u-1-juego-de-4-para-ups-smartpro-selectos-garantia-1-ao\/\"]}]},{\"@type\":\"BreadcrumbList\",\"@id\":\"https:\/\/compuviper.mx\/tienda\/producto\/tripp-lite-rbc94-2u-bateria-interna-cartucho-de-bateras-de-reemplazo-de-48vcd-2u-1-juego-de-4-para-ups-smartpro-selectos-garantia-1-ao\/#breadcrumb\",\"itemListElement\":[{\"@type\":\"ListItem\",\"position\":1,\"name\":\"Inicio\",\"item\":\"https:\/\/compuviper.mx\/tienda\/\"},{\"@type\":\"ListItem\",\"position\":2,\"name\":\"Productos\",\"item\":\"https:\/\/compuviper.mx\/tienda\/productos\/\"},{\"@type\":\"ListItem\",\"position\":3,\"name\":\"Energia\",\"item\":\"https:\/\/compuviper.mx\/tienda\/categoria-producto\/energia\/\"},{\"@type\":\"ListItem\",\"position\":4,\"name\":\"Bateria\",\"item\":\"https:\/\/compuviper.mx\/tienda\/categoria-producto\/energia\/bateria\/\"},{\"@type\":\"ListItem\",\"position\":5,\"name\":\"Tripp-lite Rbc94-2u Bateria Interna Cartucho De Bateras De Reemplazo De 48vcd 2u 1 Juego De 4 Para Ups Smartpro Selectos. Garantia 1 A?o\"}]},{\"@type\":\"WebSite\",\"@id\":\"https:\/\/compuviper.mx\/tienda\/#website\",\"url\":\"https:\/\/compuviper.mx\/tienda\/\",\"name\":\"Compuviper\",\"description\":\"Proveedor de Computadoras, Laptops, Servidores, Monitores, Puntos de Venta, Teclados,   Impresoras, T\u00f3ner, C\u00e1maras de Seguridad y m\u00e1s en tu tienda en l\u00ednea\",\"publisher\":{\"@id\":\"https:\/\/compuviper.mx\/tienda\/#organization\"},\"potentialAction\":[{\"@type\":\"SearchAction\",\"target\":{\"@type\":\"EntryPoint\",\"urlTemplate\":\"https:\/\/compuviper.mx\/tienda\/?s={search_term_string}\"},\"query-input\":\"required name=search_term_string\"}],\"inLanguage\":\"es-MX\"},{\"@type\":\"Organization\",\"@id\":\"https:\/\/compuviper.mx\/tienda\/#organization\",\"name\":\"Compuviper\",\"url\":\"https:\/\/compuviper.mx\/tienda\/\",\"logo\":{\"@type\":\"ImageObject\",\"inLanguage\":\"es-MX\",\"@id\":\"https:\/\/compuviper.mx\/tienda\/#\/schema\/logo\/image\/\",\"url\":\"https:\/\/compuviper.mx\/tienda\/wp-content\/uploads\/2021\/08\/Logo-Compuviper-10.png\",\"contentUrl\":\"https:\/\/compuviper.mx\/tienda\/wp-content\/uploads\/2021\/08\/Logo-Compuviper-10.png\",\"width\":1000,\"height\":500,\"caption\":\"Compuviper\"},\"image\":{\"@id\":\"https:\/\/compuviper.mx\/tienda\/#\/schema\/logo\/image\/\"},\"sameAs\":[\"https:\/\/www.facebook.com\/compuviper\",\"https:\/\/www.youtube.com\/channel\/UCf73dERp9Y3cfOq7q8BhLjA?view_as=subscriber\"]}]}<\/script>\n<meta property=\"product:brand\" content=\"TRIPP-LITE\" \/>\n<meta property=\"product:price:amount\" content=\"3094\" \/>\n<meta property=\"product:price:currency\" content=\"MXN\" \/>\n<meta property=\"og:availability\" content=\"backorder\" \/>\n<meta property=\"product:availability\" content=\"available for order\" \/>\n<meta property=\"product:retailer_item_id\" content=\"RBC94-2U\" \/>\n<meta property=\"product:condition\" content=\"new\" \/>\n<!-- \/ Yoast SEO plugin. -->","yoast_head_json":{"title":"[ Tripp-lite ] &#129351; Rbc94-2u Bateria Interna Cartucho De Bateras De Reemplazo De 48vcd 2u 1 Juego De 4 Para Ups Smartpro Selectos. Garantia 1 A\u00f1o","description":"Compra Rbc94-2u Bateria Interna Cartucho De Bateras De Reemplazo De 48vcd 2u 1 Juego De 4 Para Ups Smartpro Selectos. Garantia 1 A\u00f1o + Env\u00edo a domicilio + Pago seguro + Garant\u00eda","robots":{"index":"index","follow":"follow","max-snippet":"max-snippet:-1","max-image-preview":"max-image-preview:large","max-video-preview":"max-video-preview:-1"},"canonical":"https:\/\/compuviper.mx\/tienda\/producto\/tripp-lite-rbc94-2u-bateria-interna-cartucho-de-bateras-de-reemplazo-de-48vcd-2u-1-juego-de-4-para-ups-smartpro-selectos-garantia-1-ao\/","og_locale":"es_MX","og_type":"article","og_title":"[ Tripp-lite ] &#129351; Rbc94-2u Bateria Interna Cartucho De Bateras De Reemplazo De 48vcd 2u 1 Juego De 4 Para Ups Smartpro Selectos. Garantia 1 A\u00f1o","og_description":"Compra Rbc94-2u Bateria Interna Cartucho De Bateras De Reemplazo De 48vcd 2u 1 Juego De 4 Para Ups Smartpro Selectos. Garantia 1 A\u00f1o + Env\u00edo a domicilio + Pago seguro + Garant\u00eda","og_url":"https:\/\/compuviper.mx\/tienda\/producto\/tripp-lite-rbc94-2u-bateria-interna-cartucho-de-bateras-de-reemplazo-de-48vcd-2u-1-juego-de-4-para-ups-smartpro-selectos-garantia-1-ao\/","og_site_name":"Compuviper","article_publisher":"https:\/\/www.facebook.com\/compuviper","article_modified_time":"2026-04-07T06:23:41+00:00","og_image":[{"width":200,"height":200,"url":"https:\/\/compuviper.mx\/tienda\/wp-content\/uploads\/2025\/02\/Bateria-interna-tripp-lite-rbc94-2u-cartucho-de-baterias-de-reemplazo-de-48vcd-2u-1-juego-de-4-para-ups-smartpro-selectos.-garantia-1-ano.jpg","type":"image\/jpeg"}],"twitter_card":"summary_large_image","twitter_misc":{"Precio":"&#36;3,094 con IVA","Availability":"On backorder"},"schema":{"@context":"https:\/\/schema.org","@graph":[{"@type":"WebPage","@id":"https:\/\/compuviper.mx\/tienda\/producto\/tripp-lite-rbc94-2u-bateria-interna-cartucho-de-bateras-de-reemplazo-de-48vcd-2u-1-juego-de-4-para-ups-smartpro-selectos-garantia-1-ao\/","url":"https:\/\/compuviper.mx\/tienda\/producto\/tripp-lite-rbc94-2u-bateria-interna-cartucho-de-bateras-de-reemplazo-de-48vcd-2u-1-juego-de-4-para-ups-smartpro-selectos-garantia-1-ao\/","name":"[ Tripp-lite ] &#129351; Rbc94-2u Bateria Interna Cartucho De Bateras De Reemplazo De 48vcd 2u 1 Juego De 4 Para Ups Smartpro Selectos. Garantia 1 A\u00f1o","isPartOf":{"@id":"https:\/\/compuviper.mx\/tienda\/#website"},"datePublished":"2026-04-07T06:23:40+00:00","dateModified":"2026-04-07T06:23:41+00:00","description":"Compra Rbc94-2u Bateria Interna Cartucho De Bateras De Reemplazo De 48vcd 2u 1 Juego De 4 Para Ups Smartpro Selectos. Garantia 1 A\u00f1o + Env\u00edo a domicilio + Pago seguro + Garant\u00eda","breadcrumb":{"@id":"https:\/\/compuviper.mx\/tienda\/producto\/tripp-lite-rbc94-2u-bateria-interna-cartucho-de-bateras-de-reemplazo-de-48vcd-2u-1-juego-de-4-para-ups-smartpro-selectos-garantia-1-ao\/#breadcrumb"},"inLanguage":"es-MX","potentialAction":[{"@type":"ReadAction","target":["https:\/\/compuviper.mx\/tienda\/producto\/tripp-lite-rbc94-2u-bateria-interna-cartucho-de-bateras-de-reemplazo-de-48vcd-2u-1-juego-de-4-para-ups-smartpro-selectos-garantia-1-ao\/"]}]},{"@type":"BreadcrumbList","@id":"https:\/\/compuviper.mx\/tienda\/producto\/tripp-lite-rbc94-2u-bateria-interna-cartucho-de-bateras-de-reemplazo-de-48vcd-2u-1-juego-de-4-para-ups-smartpro-selectos-garantia-1-ao\/#breadcrumb","itemListElement":[{"@type":"ListItem","position":1,"name":"Inicio","item":"https:\/\/compuviper.mx\/tienda\/"},{"@type":"ListItem","position":2,"name":"Productos","item":"https:\/\/compuviper.mx\/tienda\/productos\/"},{"@type":"ListItem","position":3,"name":"Energia","item":"https:\/\/compuviper.mx\/tienda\/categoria-producto\/energia\/"},{"@type":"ListItem","position":4,"name":"Bateria","item":"https:\/\/compuviper.mx\/tienda\/categoria-producto\/energia\/bateria\/"},{"@type":"ListItem","position":5,"name":"Tripp-lite Rbc94-2u Bateria Interna Cartucho De Bateras De Reemplazo De 48vcd 2u 1 Juego De 4 Para Ups Smartpro Selectos. Garantia 1 A?o"}]},{"@type":"WebSite","@id":"https:\/\/compuviper.mx\/tienda\/#website","url":"https:\/\/compuviper.mx\/tienda\/","name":"Compuviper","description":"Proveedor de Computadoras, Laptops, Servidores, Monitores, Puntos de Venta, Teclados,   Impresoras, T\u00f3ner, C\u00e1maras de Seguridad y m\u00e1s en tu tienda en l\u00ednea","publisher":{"@id":"https:\/\/compuviper.mx\/tienda\/#organization"},"potentialAction":[{"@type":"SearchAction","target":{"@type":"EntryPoint","urlTemplate":"https:\/\/compuviper.mx\/tienda\/?s={search_term_string}"},"query-input":"required name=search_term_string"}],"inLanguage":"es-MX"},{"@type":"Organization","@id":"https:\/\/compuviper.mx\/tienda\/#organization","name":"Compuviper","url":"https:\/\/compuviper.mx\/tienda\/","logo":{"@type":"ImageObject","inLanguage":"es-MX","@id":"https:\/\/compuviper.mx\/tienda\/#\/schema\/logo\/image\/","url":"https:\/\/compuviper.mx\/tienda\/wp-content\/uploads\/2021\/08\/Logo-Compuviper-10.png","contentUrl":"https:\/\/compuviper.mx\/tienda\/wp-content\/uploads\/2021\/08\/Logo-Compuviper-10.png","width":1000,"height":500,"caption":"Compuviper"},"image":{"@id":"https:\/\/compuviper.mx\/tienda\/#\/schema\/logo\/image\/"},"sameAs":["https:\/\/www.facebook.com\/compuviper","https:\/\/www.youtube.com\/channel\/UCf73dERp9Y3cfOq7q8BhLjA?view_as=subscriber"]}]},"product_brand":"TRIPP-LITE","product_price_amount":"3094","product_price_currency":"MXN","og_availability":"backorder","product_availability":"available for order","product_retailer_item_id":"RBC94-2U","product_condition":"new"},"_links":{"self":[{"href":"https:\/\/compuviper.mx\/tienda\/wp-json\/wp\/v2\/product\/249060"}],"collection":[{"href":"https:\/\/compuviper.mx\/tienda\/wp-json\/wp\/v2\/product"}],"about":[{"href":"https:\/\/compuviper.mx\/tienda\/wp-json\/wp\/v2\/types\/product"}],"replies":[{"embeddable":true,"href":"https:\/\/compuviper.mx\/tienda\/wp-json\/wp\/v2\/comments?post=249060"}],"wp:featuredmedia":[{"embeddable":true,"href":"https:\/\/compuviper.mx\/tienda\/wp-json\/wp\/v2\/media\/249258"}],"wp:attachment":[{"href":"https:\/\/compuviper.mx\/tienda\/wp-json\/wp\/v2\/media?parent=249060"}],"wp:term":[{"taxonomy":"product_cat","embeddable":true,"href":"https:\/\/compuviper.mx\/tienda\/wp-json\/wp\/v2\/product_cat?post=249060"},{"taxonomy":"product_tag","embeddable":true,"href":"https:\/\/compuviper.mx\/tienda\/wp-json\/wp\/v2\/product_tag?post=249060"}],"curies":[{"name":"wp","href":"https:\/\/api.w.org\/{rel}","templated":true}]}}