{"id":248992,"date":"2026-04-09T02:13:05","date_gmt":"2026-04-09T08:13:05","guid":{"rendered":"https:\/\/compuviper.mx\/tienda\/producto\/dell-520-bbds-audifonos-con-microfono-wh3024-alambricos-usb-a\/"},"modified":"2026-04-09T02:13:05","modified_gmt":"2026-04-09T08:13:05","slug":"dell-520-bbdswh3024-dww-audifonos-con-microfono-wh3024-alambricos-usb-a-520-bbds","status":"publish","type":"product","link":"https:\/\/compuviper.mx\/tienda\/producto\/dell-520-bbdswh3024-dww-audifonos-con-microfono-wh3024-alambricos-usb-a-520-bbds\/","title":{"rendered":"Dell 520-bbds,wh3024-dww Audifonos Con Microfono  Wh3024 Alambricos Usb-a 520-bbds"},"content":{"rendered":"<table class=\"descripcion\">\n<tr>\n<td>Tamao del altavoz<\/td>\n<\/tr>\n<tr>\n<td>28 mm<\/td>\n<\/tr>\n<tr>\n<td>Respuesta de frecuencia modo msica<\/td>\n<\/tr>\n<tr>\n<td>20 hz &#8211; 20 khz<\/td>\n<\/tr>\n<tr>\n<td>Respuesta de frecuencia modo de conversacin<\/td>\n<\/tr>\n<tr>\n<td>100 hz &#8211; 8 khz<\/td>\n<\/tr>\n<tr>\n<td>Sensibilidad del controlador del altavoz<\/td>\n<\/tr>\n<tr>\n<td>119 db a 1 mw\/1 khz<\/td>\n<\/tr>\n<tr>\n<td>Cancelacin de ruido<\/td>\n<\/tr>\n<tr>\n<td>Pasivo<\/td>\n<\/tr>\n<tr>\n<td>Proteccin auditiva del usuario<\/td>\n<\/tr>\n<tr>\n<td>S<\/td>\n<\/tr>\n<tr>\n<td>Cancelacin de ruido micrfono<\/td>\n<\/tr>\n<tr>\n<td>Cancelacin de ruido de enlace ascendente con ia<\/td>\n<\/tr>\n<tr>\n<td>Tipo de micrfono<\/td>\n<\/tr>\n<tr>\n<td>2, analgico<\/td>\n<\/tr>\n<tr>\n<td>Rango de frecuencia del micrfono<\/td>\n<\/tr>\n<tr>\n<td>100 hz &#8211; 14 khz<\/td>\n<\/tr>\n<tr>\n<td>Direccin del micrfono<\/td>\n<\/tr>\n<tr>\n<td>Formacin de haz unidireccional con ia<\/td>\n<\/tr>\n<tr>\n<td>Sensibilidad<\/td>\n<\/tr>\n<tr>\n<td>-45 dbv\/pa<\/td>\n<\/tr>\n<tr>\n<td>Relacin seal-ruido snr<\/td>\n<\/tr>\n<tr>\n<td>53 db<\/td>\n<\/tr>\n<tr>\n<td>Micrfono boom<\/td>\n<\/tr>\n<tr>\n<td>Rotacin de 260\u00b0 \/-130\u00b0 adaptacin a usuarios de izquierda a derecha<\/td>\n<\/tr>\n<tr>\n<td>Factor de forma<\/td>\n<\/tr>\n<tr>\n<td>En la oreja<\/td>\n<\/tr>\n<tr>\n<td>Peso<\/td>\n<\/tr>\n<tr>\n<td>0,24 libras<\/td>\n<\/tr>\n<tr>\n<td>Tamao del auricular dimetro<\/td>\n<\/tr>\n<tr>\n<td>2,28 pulgadas<\/td>\n<\/tr>\n<tr>\n<td>Conexin a pc<\/td>\n<\/tr>\n<tr>\n<td>Usb-c, con cable<\/td>\n<\/tr>\n<tr>\n<td>Longitud del cable incluido el controlador<\/td>\n<\/tr>\n<tr>\n<td>2,0 millones<\/td>\n<\/tr>\n<tr>\n<td>Adaptador usb<\/td>\n<\/tr>\n<tr>\n<td>Usb-a enchufe, usb-c receptculo<\/td>\n<\/tr>\n<tr>\n<td>Control en lnea<\/td>\n<\/tr>\n<tr>\n<td>S<\/td>\n<\/tr>\n<tr>\n<td>Controles de botones<\/td>\n<\/tr>\n<tr>\n<td>Silenciar\/activar el micrfono silenciar\/activar el micrfono con brazo elevador<\/td>\n<\/tr>\n<tr>\n<td>Volumen \/-<\/td>\n<\/tr>\n<tr>\n<td>Responder \/ finalizar llamada<\/td>\n<\/tr>\n<tr>\n<td>Equipos de microsoft<\/td>\n<\/tr>\n<tr>\n<td>Indicador led de uso\/llamada<\/td>\n<\/tr>\n<tr>\n<td>De un solo lado izquierda<\/td>\n<\/tr>\n<tr>\n<td>Soporte de hardware y sistema operativo<\/td>\n<\/tr>\n<tr>\n<td>Win11\/10 de 64 bits, sistema operativo mac<\/td>\n<\/tr>\n<tr>\n<td>Soporte de software<\/td>\n<\/tr>\n<tr>\n<td>Administrador de perifricos de dell para sistemas operativos windows<\/td>\n<\/tr>\n<tr>\n<td>Certificaciones<\/td>\n<\/tr>\n<tr>\n<td>Certificacin de microsoft teams open office<\/td>\n<\/tr>\n<tr>\n<td>Certificado por zoom<\/td>\n<\/tr>\n<tr>\n<td>Contenido del paquete<\/td>\n<\/tr>\n<tr>\n<td>Auriculares dell wh3024<\/td>\n<\/tr>\n<tr>\n<td>Adaptador usb-a<\/td>\n<\/tr>\n<tr>\n<td>Documentacin de usuario<\/td>\n<\/tr>\n<\/table>\n","protected":false},"excerpt":{"rendered":"<p>Experimente una comunicacin ininterrumpida con estos auriculares con micrfono con cancelacin de ruido basados  and 8203; and 8203;en ia y cableado, diseados teniendo en cuenta la productividad y la comodidad para conferencias que duran todo el da. Tecnologa de conectividad por cable. Garanta limitada de hardware de 3 aos con servicio de intercambio avanzado. Upc: 884116451761<\/p>\n","protected":false},"featured_media":260868,"comment_status":"open","ping_status":"open","template":"","meta":[],"product_cat":[1552,1816],"product_tag":[1537],"acf":[],"yoast_head":"<!-- This site is optimized with the Yoast SEO plugin v21.7 - https:\/\/yoast.com\/wordpress\/plugins\/seo\/ -->\n<title>[ Dell ] &#129351; 520-bbds,wh3024-dww Audifonos Con Microfono Wh3024 Alambricos Usb-a 520-bbds<\/title>\n<meta name=\"description\" content=\"Compra 520-bbds,wh3024-dww Audifonos Con Microfono Wh3024 Alambricos Usb-a 520-bbds + Env\u00edo a domicilio + Pago seguro + Garant\u00eda\" \/>\n<meta name=\"robots\" content=\"index, follow, max-snippet:-1, max-image-preview:large, max-video-preview:-1\" \/>\n<link rel=\"canonical\" href=\"https:\/\/compuviper.mx\/tienda\/producto\/dell-520-bbdswh3024-dww-audifonos-con-microfono-wh3024-alambricos-usb-a-520-bbds\/\" \/>\n<meta property=\"og:locale\" content=\"es_MX\" \/>\n<meta property=\"og:type\" content=\"article\" \/>\n<meta property=\"og:title\" content=\"[ Dell ] &#129351; 520-bbds,wh3024-dww Audifonos Con Microfono Wh3024 Alambricos Usb-a 520-bbds\" \/>\n<meta property=\"og:description\" content=\"Compra 520-bbds,wh3024-dww Audifonos Con Microfono Wh3024 Alambricos Usb-a 520-bbds + Env\u00edo a domicilio + Pago seguro + Garant\u00eda\" \/>\n<meta property=\"og:url\" content=\"https:\/\/compuviper.mx\/tienda\/producto\/dell-520-bbdswh3024-dww-audifonos-con-microfono-wh3024-alambricos-usb-a-520-bbds\/\" \/>\n<meta property=\"og:site_name\" content=\"Compuviper\" \/>\n<meta property=\"article:publisher\" content=\"https:\/\/www.facebook.com\/compuviper\" \/>\n<meta property=\"og:image\" content=\"https:\/\/compuviper.mx\/tienda\/wp-content\/uploads\/2025\/10\/Audifonos-con-microfono-dell-wh3024-alambricos-usb-a-520-bbds.jpg\" \/>\n\t<meta property=\"og:image:width\" content=\"200\" \/>\n\t<meta property=\"og:image:height\" content=\"200\" \/>\n\t<meta property=\"og:image:type\" content=\"image\/jpeg\" \/>\n<meta name=\"twitter:card\" content=\"summary_large_image\" \/>\n<meta name=\"twitter:label1\" content=\"Precio\" \/>\n\t<meta name=\"twitter:data1\" content=\"&#36;1,148 &#36;1,058 con IVA\" \/>\n\t<meta name=\"twitter:label2\" content=\"Availability\" \/>\n\t<meta name=\"twitter:data2\" content=\"In stock\" \/>\n<script type=\"application\/ld+json\" class=\"yoast-schema-graph\">{\"@context\":\"https:\/\/schema.org\",\"@graph\":[{\"@type\":\"WebPage\",\"@id\":\"https:\/\/compuviper.mx\/tienda\/producto\/dell-520-bbdswh3024-dww-audifonos-con-microfono-wh3024-alambricos-usb-a-520-bbds\/\",\"url\":\"https:\/\/compuviper.mx\/tienda\/producto\/dell-520-bbdswh3024-dww-audifonos-con-microfono-wh3024-alambricos-usb-a-520-bbds\/\",\"name\":\"[ Dell ] &#129351; 520-bbds,wh3024-dww Audifonos Con Microfono Wh3024 Alambricos Usb-a 520-bbds\",\"isPartOf\":{\"@id\":\"https:\/\/compuviper.mx\/tienda\/#website\"},\"datePublished\":\"2026-04-09T08:13:05+00:00\",\"dateModified\":\"2026-04-09T08:13:05+00:00\",\"description\":\"Compra 520-bbds,wh3024-dww Audifonos Con Microfono Wh3024 Alambricos Usb-a 520-bbds + Env\u00edo a domicilio + Pago seguro + Garant\u00eda\",\"breadcrumb\":{\"@id\":\"https:\/\/compuviper.mx\/tienda\/producto\/dell-520-bbdswh3024-dww-audifonos-con-microfono-wh3024-alambricos-usb-a-520-bbds\/#breadcrumb\"},\"inLanguage\":\"es-MX\",\"potentialAction\":[{\"@type\":\"ReadAction\",\"target\":[\"https:\/\/compuviper.mx\/tienda\/producto\/dell-520-bbdswh3024-dww-audifonos-con-microfono-wh3024-alambricos-usb-a-520-bbds\/\"]}]},{\"@type\":\"BreadcrumbList\",\"@id\":\"https:\/\/compuviper.mx\/tienda\/producto\/dell-520-bbdswh3024-dww-audifonos-con-microfono-wh3024-alambricos-usb-a-520-bbds\/#breadcrumb\",\"itemListElement\":[{\"@type\":\"ListItem\",\"position\":1,\"name\":\"Inicio\",\"item\":\"https:\/\/compuviper.mx\/tienda\/\"},{\"@type\":\"ListItem\",\"position\":2,\"name\":\"Productos\",\"item\":\"https:\/\/compuviper.mx\/tienda\/productos\/\"},{\"@type\":\"ListItem\",\"position\":3,\"name\":\"Audifonos Y Micro\",\"item\":\"https:\/\/compuviper.mx\/tienda\/categoria-producto\/audifonos-y-micro\/\"},{\"@type\":\"ListItem\",\"position\":4,\"name\":\"Audifono Con Microfono\",\"item\":\"https:\/\/compuviper.mx\/tienda\/categoria-producto\/audifonos-y-micro\/audifono-con-microfono\/\"},{\"@type\":\"ListItem\",\"position\":5,\"name\":\"Dell 520-bbds,wh3024-dww Audifonos Con Microfono Wh3024 Alambricos Usb-a 520-bbds\"}]},{\"@type\":\"WebSite\",\"@id\":\"https:\/\/compuviper.mx\/tienda\/#website\",\"url\":\"https:\/\/compuviper.mx\/tienda\/\",\"name\":\"Compuviper\",\"description\":\"Proveedor de Computadoras, Laptops, Servidores, Monitores, Puntos de Venta, Teclados,   Impresoras, T\u00f3ner, C\u00e1maras de Seguridad y m\u00e1s en tu tienda en l\u00ednea\",\"publisher\":{\"@id\":\"https:\/\/compuviper.mx\/tienda\/#organization\"},\"potentialAction\":[{\"@type\":\"SearchAction\",\"target\":{\"@type\":\"EntryPoint\",\"urlTemplate\":\"https:\/\/compuviper.mx\/tienda\/?s={search_term_string}\"},\"query-input\":\"required name=search_term_string\"}],\"inLanguage\":\"es-MX\"},{\"@type\":\"Organization\",\"@id\":\"https:\/\/compuviper.mx\/tienda\/#organization\",\"name\":\"Compuviper\",\"url\":\"https:\/\/compuviper.mx\/tienda\/\",\"logo\":{\"@type\":\"ImageObject\",\"inLanguage\":\"es-MX\",\"@id\":\"https:\/\/compuviper.mx\/tienda\/#\/schema\/logo\/image\/\",\"url\":\"https:\/\/compuviper.mx\/tienda\/wp-content\/uploads\/2021\/08\/Logo-Compuviper-10.png\",\"contentUrl\":\"https:\/\/compuviper.mx\/tienda\/wp-content\/uploads\/2021\/08\/Logo-Compuviper-10.png\",\"width\":1000,\"height\":500,\"caption\":\"Compuviper\"},\"image\":{\"@id\":\"https:\/\/compuviper.mx\/tienda\/#\/schema\/logo\/image\/\"},\"sameAs\":[\"https:\/\/www.facebook.com\/compuviper\",\"https:\/\/www.youtube.com\/channel\/UCf73dERp9Y3cfOq7q8BhLjA?view_as=subscriber\"]}]}<\/script>\n<meta property=\"product:brand\" content=\"DELL\" \/>\n<meta property=\"product:price:amount\" content=\"1058\" \/>\n<meta property=\"product:price:currency\" content=\"MXN\" \/>\n<meta property=\"og:availability\" content=\"instock\" \/>\n<meta property=\"product:availability\" content=\"instock\" \/>\n<meta property=\"product:retailer_item_id\" content=\"520-BBDS,WH3024-DWW\" \/>\n<meta property=\"product:condition\" content=\"new\" \/>\n<!-- \/ Yoast SEO plugin. -->","yoast_head_json":{"title":"[ Dell ] &#129351; 520-bbds,wh3024-dww Audifonos Con Microfono Wh3024 Alambricos Usb-a 520-bbds","description":"Compra 520-bbds,wh3024-dww Audifonos Con Microfono Wh3024 Alambricos Usb-a 520-bbds + Env\u00edo a domicilio + Pago seguro + Garant\u00eda","robots":{"index":"index","follow":"follow","max-snippet":"max-snippet:-1","max-image-preview":"max-image-preview:large","max-video-preview":"max-video-preview:-1"},"canonical":"https:\/\/compuviper.mx\/tienda\/producto\/dell-520-bbdswh3024-dww-audifonos-con-microfono-wh3024-alambricos-usb-a-520-bbds\/","og_locale":"es_MX","og_type":"article","og_title":"[ Dell ] &#129351; 520-bbds,wh3024-dww Audifonos Con Microfono Wh3024 Alambricos Usb-a 520-bbds","og_description":"Compra 520-bbds,wh3024-dww Audifonos Con Microfono Wh3024 Alambricos Usb-a 520-bbds + Env\u00edo a domicilio + Pago seguro + Garant\u00eda","og_url":"https:\/\/compuviper.mx\/tienda\/producto\/dell-520-bbdswh3024-dww-audifonos-con-microfono-wh3024-alambricos-usb-a-520-bbds\/","og_site_name":"Compuviper","article_publisher":"https:\/\/www.facebook.com\/compuviper","og_image":[{"width":200,"height":200,"url":"https:\/\/compuviper.mx\/tienda\/wp-content\/uploads\/2025\/10\/Audifonos-con-microfono-dell-wh3024-alambricos-usb-a-520-bbds.jpg","type":"image\/jpeg"}],"twitter_card":"summary_large_image","twitter_misc":{"Precio":"&#36;1,148 &#36;1,058 con IVA","Availability":"In stock"},"schema":{"@context":"https:\/\/schema.org","@graph":[{"@type":"WebPage","@id":"https:\/\/compuviper.mx\/tienda\/producto\/dell-520-bbdswh3024-dww-audifonos-con-microfono-wh3024-alambricos-usb-a-520-bbds\/","url":"https:\/\/compuviper.mx\/tienda\/producto\/dell-520-bbdswh3024-dww-audifonos-con-microfono-wh3024-alambricos-usb-a-520-bbds\/","name":"[ Dell ] &#129351; 520-bbds,wh3024-dww Audifonos Con Microfono Wh3024 Alambricos Usb-a 520-bbds","isPartOf":{"@id":"https:\/\/compuviper.mx\/tienda\/#website"},"datePublished":"2026-04-09T08:13:05+00:00","dateModified":"2026-04-09T08:13:05+00:00","description":"Compra 520-bbds,wh3024-dww Audifonos Con Microfono Wh3024 Alambricos Usb-a 520-bbds + Env\u00edo a domicilio + Pago seguro + Garant\u00eda","breadcrumb":{"@id":"https:\/\/compuviper.mx\/tienda\/producto\/dell-520-bbdswh3024-dww-audifonos-con-microfono-wh3024-alambricos-usb-a-520-bbds\/#breadcrumb"},"inLanguage":"es-MX","potentialAction":[{"@type":"ReadAction","target":["https:\/\/compuviper.mx\/tienda\/producto\/dell-520-bbdswh3024-dww-audifonos-con-microfono-wh3024-alambricos-usb-a-520-bbds\/"]}]},{"@type":"BreadcrumbList","@id":"https:\/\/compuviper.mx\/tienda\/producto\/dell-520-bbdswh3024-dww-audifonos-con-microfono-wh3024-alambricos-usb-a-520-bbds\/#breadcrumb","itemListElement":[{"@type":"ListItem","position":1,"name":"Inicio","item":"https:\/\/compuviper.mx\/tienda\/"},{"@type":"ListItem","position":2,"name":"Productos","item":"https:\/\/compuviper.mx\/tienda\/productos\/"},{"@type":"ListItem","position":3,"name":"Audifonos Y Micro","item":"https:\/\/compuviper.mx\/tienda\/categoria-producto\/audifonos-y-micro\/"},{"@type":"ListItem","position":4,"name":"Audifono Con Microfono","item":"https:\/\/compuviper.mx\/tienda\/categoria-producto\/audifonos-y-micro\/audifono-con-microfono\/"},{"@type":"ListItem","position":5,"name":"Dell 520-bbds,wh3024-dww Audifonos Con Microfono Wh3024 Alambricos Usb-a 520-bbds"}]},{"@type":"WebSite","@id":"https:\/\/compuviper.mx\/tienda\/#website","url":"https:\/\/compuviper.mx\/tienda\/","name":"Compuviper","description":"Proveedor de Computadoras, Laptops, Servidores, Monitores, Puntos de Venta, Teclados,   Impresoras, T\u00f3ner, C\u00e1maras de Seguridad y m\u00e1s en tu tienda en l\u00ednea","publisher":{"@id":"https:\/\/compuviper.mx\/tienda\/#organization"},"potentialAction":[{"@type":"SearchAction","target":{"@type":"EntryPoint","urlTemplate":"https:\/\/compuviper.mx\/tienda\/?s={search_term_string}"},"query-input":"required name=search_term_string"}],"inLanguage":"es-MX"},{"@type":"Organization","@id":"https:\/\/compuviper.mx\/tienda\/#organization","name":"Compuviper","url":"https:\/\/compuviper.mx\/tienda\/","logo":{"@type":"ImageObject","inLanguage":"es-MX","@id":"https:\/\/compuviper.mx\/tienda\/#\/schema\/logo\/image\/","url":"https:\/\/compuviper.mx\/tienda\/wp-content\/uploads\/2021\/08\/Logo-Compuviper-10.png","contentUrl":"https:\/\/compuviper.mx\/tienda\/wp-content\/uploads\/2021\/08\/Logo-Compuviper-10.png","width":1000,"height":500,"caption":"Compuviper"},"image":{"@id":"https:\/\/compuviper.mx\/tienda\/#\/schema\/logo\/image\/"},"sameAs":["https:\/\/www.facebook.com\/compuviper","https:\/\/www.youtube.com\/channel\/UCf73dERp9Y3cfOq7q8BhLjA?view_as=subscriber"]}]},"product_brand":"DELL","product_price_amount":"1058","product_price_currency":"MXN","og_availability":"instock","product_availability":"instock","product_retailer_item_id":"520-BBDS,WH3024-DWW","product_condition":"new"},"_links":{"self":[{"href":"https:\/\/compuviper.mx\/tienda\/wp-json\/wp\/v2\/product\/248992"}],"collection":[{"href":"https:\/\/compuviper.mx\/tienda\/wp-json\/wp\/v2\/product"}],"about":[{"href":"https:\/\/compuviper.mx\/tienda\/wp-json\/wp\/v2\/types\/product"}],"replies":[{"embeddable":true,"href":"https:\/\/compuviper.mx\/tienda\/wp-json\/wp\/v2\/comments?post=248992"}],"wp:featuredmedia":[{"embeddable":true,"href":"https:\/\/compuviper.mx\/tienda\/wp-json\/wp\/v2\/media\/260868"}],"wp:attachment":[{"href":"https:\/\/compuviper.mx\/tienda\/wp-json\/wp\/v2\/media?parent=248992"}],"wp:term":[{"taxonomy":"product_cat","embeddable":true,"href":"https:\/\/compuviper.mx\/tienda\/wp-json\/wp\/v2\/product_cat?post=248992"},{"taxonomy":"product_tag","embeddable":true,"href":"https:\/\/compuviper.mx\/tienda\/wp-json\/wp\/v2\/product_tag?post=248992"}],"curies":[{"name":"wp","href":"https:\/\/api.w.org\/{rel}","templated":true}]}}