{"id":248892,"date":"2026-04-25T00:40:18","date_gmt":"2026-04-25T06:40:18","guid":{"rendered":"https:\/\/compuviper.mx\/tienda\/producto\/gigabyte-b760m-ds3h-mb-b760-intel-s-1700-14a-13a-12a-gen-4xddr5-4800mhz-hdmi-dp-5x-usb-3-2-micro-atx-gama-media\/"},"modified":"2026-04-26T00:00:19","modified_gmt":"2026-04-26T06:00:19","slug":"gigabyte-b760m-ds3h-mb-b760-intel-s-1700-14a-13a-12a-gen-4xddr5-4800mhz-hdmi-dp-5x-usb-3-2-micro-atx-gama-media","status":"publish","type":"product","link":"https:\/\/compuviper.mx\/tienda\/producto\/gigabyte-b760m-ds3h-mb-b760-intel-s-1700-14a-13a-12a-gen-4xddr5-4800mhz-hdmi-dp-5x-usb-3-2-micro-atx-gama-media\/","title":{"rendered":"Gigabyte B760m Ds3h Mb  B760 Intel S-1700 14a, 13a, 12a Gen\/4xddr5 4800mhz\/hdmi\/dp\/5x Usb 3.2\/micro Atx\/gama Media"},"content":{"rendered":"<table class=\"descripcion\">\n<tr>\n<td>Procesador<\/td>\n<\/tr>\n<tr>\n<td>Z\u00f3calo lga1700: compatibilidad con los procesadores intel\u00ae core\u0099, pentium\u00ae gold y celeron\u00ae de 14.\u00aa 13.\u00aa y 12.\u00aa generaci\u00f3n<\/td>\n<\/tr>\n<tr>\n<td>La cach\u00e9 l3 var\u00eda seg\u00fan la cpu<\/td>\n<\/tr>\n<tr>\n<td>(consulte la lista de compatibilidad de cpu para obtener m\u00e1s informaci\u00f3n).<\/td>\n<\/tr>\n<tr>\n<td>Conjunto de chips<\/td>\n<\/tr>\n<tr>\n<td>Conjunto de chips intel\u00ae b760 express<\/td>\n<\/tr>\n<tr>\n<td>Memoria<\/td>\n<\/tr>\n<tr>\n<td>Compatibilidad con ddr5 7600(oc) \/7400(oc) \/7200(oc) \/7000(oc) \/6800(oc) \/6600(oc) \/ 6400(oc) \/ 6200(oc) \/ 6000(oc) \/ 5800( oc) \/ 5600(oc) \/ 5400(oc) \/ 5200(oc) \/ 4800 \/ 4000 mt\/s m\u00f3dulos de memoria<\/td>\n<\/tr>\n<tr>\n<td>4 z\u00f3calos dimm ddr5 que admiten hasta 192 gb (48 gb de capacidad dimm \u00fanica) de memoria del sistema<\/td>\n<\/tr>\n<tr>\n<td>Arquitectura de memoria de doble canal<\/td>\n<\/tr>\n<tr>\n<td>Compatibilidad con m\u00f3dulos de memoria dimm 1rx8\/2rx8 sin b\u00fafer ecc (funcionan en modo no ecc)<\/td>\n<\/tr>\n<tr>\n<td>Compatibilidad con m\u00f3dulos de memoria dimm 1rx8\/2rx8\/1rx16 sin b\u00fafer y sin ecc<\/td>\n<\/tr>\n<tr>\n<td>Soporte para m\u00f3dulos de memoria extreme memory profile (xmp)<\/td>\n<\/tr>\n<tr>\n<td>(la configuraci\u00f3n de la cpu y la memoria puede afectar los tipos de memoria admitidos, la velocidad de datos (velocidad) y la cantidad de m\u00f3dulos dram; consulte la lista de compatibilidad de memoria para obtener m\u00e1s informaci\u00f3n).<\/td>\n<\/tr>\n<tr>\n<td>Gr\u00e1ficos integrados<\/td>\n<\/tr>\n<tr>\n<td>Procesador de gr\u00e1ficos integrado: compatibilidad con gr\u00e1ficos intel\u00ae hd :<\/td>\n<\/tr>\n<tr>\n<td>1 x puerto d-sub, compatible con una resoluci\u00f3n m\u00e1xima de 1920&#215;1200@60 hz km<\/td>\n<\/tr>\n<tr>\n<td>1 x puerto hdmi, que admite una resoluci\u00f3n m\u00e1xima de 4096&#215;2160@60 hz<\/td>\n<\/tr>\n<tr>\n<td>* compatibilidad con la versi\u00f3n hdmi 2.0 y hdcp 2.3.<\/td>\n<\/tr>\n<tr>\n<td>1 x displayport, compatible con una resoluci\u00f3n m\u00e1xima de 4096&#215;2304@60 hz<\/td>\n<\/tr>\n<tr>\n<td>* compatibilidad con la versi\u00f3n displayport 1.2 y hdcp 2.3<\/td>\n<\/tr>\n<tr>\n<td>1 x displayport, compatible con una resoluci\u00f3n m\u00e1xima de 4096&#215;2304@60 hz<\/td>\n<\/tr>\n<tr>\n<td>* compatibilidad con la versi\u00f3n displayport 1.2.<\/td>\n<\/tr>\n<tr>\n<td>(las especificaciones gr\u00e1ficas pueden variar seg\u00fan la compatibilidad de la cpu).<\/td>\n<\/tr>\n<tr>\n<td>Admite hasta cuatro pantallas al mismo tiempo<\/td>\n<\/tr>\n<tr>\n<td>Audio<\/td>\n<\/tr>\n<tr>\n<td>Codec de audio realtek\u00ae<\/td>\n<\/tr>\n<tr>\n<td>Audio de alta definici\u00f3n<\/td>\n<\/tr>\n<tr>\n<td>2\/4\/5.1\/7.1 canales<\/td>\n<\/tr>\n<tr>\n<td>* puede cambiar la funcionalidad de un conector de audio utilizando el software de audio. para configurar el audio de 7.1 canales, acceda al software de audio para realizar la configuraci\u00f3n de audio.<\/td>\n<\/tr>\n<tr>\n<td>Soporte para salida s\/pdif<\/td>\n<\/tr>\n<tr>\n<td>Lan<\/td>\n<\/tr>\n<tr>\n<td>Chip lan realtek\u00ae de 2,5 gbe (2,5 gbps\/1 gbps\/100 mbps)<\/td>\n<\/tr>\n<tr>\n<td>Puertos de expansi\u00f3n<\/td>\n<\/tr>\n<tr>\n<td>Upc:<\/td>\n<\/tr>\n<tr>\n<td>1 x ranura pci express x16, compatible con pcie 4.0 y funcionando en x16<\/td>\n<\/tr>\n<tr>\n<td>Conjunto de chips:<\/td>\n<\/tr>\n<tr>\n<td>2 x ranuras pci express x1, compatibles con pcie 3.0 y funcionando en x1<\/td>\n<\/tr>\n<tr>\n<td>Interfaz de almacenamiento<\/td>\n<\/tr>\n<tr>\n<td>Upc:<\/td>\n<\/tr>\n<tr>\n<td>1 x conector m.2 (socket 3, clave m, soporte para ssd tipo 2280 pcie 4.0 x4\/x2) (m2a_cpu)<\/td>\n<\/tr>\n<tr>\n<td>Conjunto de chips:<\/td>\n<\/tr>\n<tr>\n<td>1 x conector m.2 (socket 3, clave m, soporte para ssd tipo 2280 pcie 4.0 x4\/x2) (m2p_sb)<\/td>\n<\/tr>\n<tr>\n<td>4 conectores sata de 6 gb\/s<\/td>\n<\/tr>\n<tr>\n<td>Compatibilidad con raid 0, raid 1, raid 5 y raid 10 para dispositivos de almacenamiento sata<\/td>\n<\/tr>\n<tr>\n<td>Usb<\/td>\n<\/tr>\n<tr>\n<td>Conjunto de chips:<\/td>\n<\/tr>\n<tr>\n<td>1 x puerto usb type-c \u00ae en el panel posterior, compatible con usb 3.2 gen 2<\/td>\n<\/tr>\n<tr>\n<td>5 x puertos usb 3.2 gen 1 (3 puertos en el panel posterior, 2 puertos disponibles a trav\u00e9s del encabezado usb interno)<\/td>\n<\/tr>\n<tr>\n<td>2 x puertos usb 2.0\/1.1 en el panel posterior<\/td>\n<\/tr>\n<tr>\n<td>Conjunto de chips+2 concentradores usb 2.0:<\/td>\n<\/tr>\n<tr>\n<td>4 x puertos usb 2.0\/1.1 disponibles a trav\u00e9s de los cabezales usb internos<\/td>\n<\/tr>\n<tr>\n<td>Conectores internos de e\/s<\/td>\n<\/tr>\n<tr>\n<td>1 conector de alimentaci\u00f3n principal atx de 24 pines<\/td>\n<\/tr>\n<tr>\n<td>1 conector de alimentaci\u00f3n atx de 12 v de 8 pines<\/td>\n<\/tr>\n<tr>\n<td>1 x encabezado del ventilador de la cpu<\/td>\n<\/tr>\n<tr>\n<td>3 x cabezales de ventilador del sistema<\/td>\n<\/tr>\n<tr>\n<td>1 x cabezal de tira led direccionable<\/td>\n<\/tr>\n<tr>\n<td>1 cabezal de tira led rgb<\/td>\n<\/tr>\n<tr>\n<td>2 conectores m.2 hembra 3<\/td>\n<\/tr>\n<tr>\n<td>4 conectores sata de 6 gb\/s<\/td>\n<\/tr>\n<tr>\n<td>1 x encabezado del panel frontal<\/td>\n<\/tr>\n<tr>\n<td>1 x encabezado de audio del panel frontal<\/td>\n<\/tr>\n<tr>\n<td>1 conector usb 3.2 gen 1<\/td>\n<\/tr>\n<tr>\n<td>2 cabezales usb 2.0\/1.1<\/td>\n<\/tr>\n<tr>\n<td>1 encabezado del m\u00f3dulo de plataforma segura (solo para el m\u00f3dulo gc-tpm2.0 spi\/gc-tpm2.0 spi 2.0)<\/td>\n<\/tr>\n<tr>\n<td>1 x encabezado de puerto serie<\/td>\n<\/tr>\n<tr>\n<td>1 x encabezado de puerto paralelo<\/td>\n<\/tr>\n<tr>\n<td>1 x encabezado de salida s\/pdif<\/td>\n<\/tr>\n<tr>\n<td>1 bot\u00f3n q-flash plus<\/td>\n<\/tr>\n<tr>\n<td>1 x puente de reinicio<\/td>\n<\/tr>\n<tr>\n<td>1 x puente cmos transparente<\/td>\n<\/tr>\n<tr>\n<td>Conectores del panel trasero<\/td>\n<\/tr>\n<tr>\n<td>2 puertos usb 2.0\/1.1<\/td>\n<\/tr>\n<tr>\n<td>1 x puerto de teclado\/rat\u00f3n ps\/2<\/td>\n<\/tr>\n<tr>\n<td>1 puerto d-sub<\/td>\n<\/tr>\n<tr>\n<td>1 puerto hdmi<\/td>\n<\/tr>\n<tr>\n<td>2 puertos displayport<\/td>\n<\/tr>\n<tr>\n<td>3 puertos usb 3.2 gen 1<\/td>\n<\/tr>\n<tr>\n<td>1 x puerto usb type-c\u00ae , compatible con usb 3.2 gen 2<\/td>\n<\/tr>\n<tr>\n<td>1 puerto rj-45<\/td>\n<\/tr>\n<tr>\n<td>3 x conectores de audio<\/td>\n<\/tr>\n<tr>\n<td>Controlador de e\/s<\/td>\n<\/tr>\n<tr>\n<td>Chip controlador de e\/ s ite\u00ae<\/td>\n<\/tr>\n<tr>\n<td>Monitorizaci\u00f3n h\/w<\/td>\n<\/tr>\n<tr>\n<td>Detecci\u00f3n de voltaje<\/td>\n<\/tr>\n<tr>\n<td>Detecci\u00f3n de temperatura<\/td>\n<\/tr>\n<tr>\n<td>Detecci\u00f3n de velocidad del ventilador<\/td>\n<\/tr>\n<tr>\n<td>Detecci\u00f3n del caudal de refrigeraci\u00f3n por agua<\/td>\n<\/tr>\n<tr>\n<td>Advertencia de falla del ventilador<\/td>\n<\/tr>\n<tr>\n<td>Control de velocidad del ventilador<\/td>\n<\/tr>\n<tr>\n<td>* la compatibilidad de la funci\u00f3n de control de velocidad del ventilador depender\u00e1 del enfriador que instale.<\/td>\n<\/tr>\n<tr>\n<td>Bios<\/td>\n<\/tr>\n<tr>\n<td>1 flash de 128 mbit<\/td>\n<\/tr>\n<tr>\n<td>Uso de bios ami uefi con licencia<\/td>\n<\/tr>\n<tr>\n<td>Pnp 1.0a, dmi 2.7, wfm 2.0, sm bios 2.7, acpi 5.0<\/td>\n<\/tr>\n<tr>\n<td>Caracter\u00edsticas \u00fanicas<\/td>\n<\/tr>\n<tr>\n<td>Soporte para gigabyte control center (gcc)<\/td>\n<\/tr>\n<tr>\n<td>* las aplicaciones disponibles en gcc pueden variar seg\u00fan el modelo de placa base. las funciones admitidas de cada aplicaci\u00f3n tambi\u00e9n pueden variar seg\u00fan las especificaciones de la placa base.<\/td>\n<\/tr>\n<tr>\n<td>Soporte para q-flash<\/td>\n<\/tr>\n<tr>\n<td>Soporte para q-flash plus<\/td>\n<\/tr>\n<tr>\n<td>Software incluido<\/td>\n<\/tr>\n<tr>\n<td>Norton\u00ae internet security ( versi\u00f3n oem)<\/td>\n<\/tr>\n<tr>\n<td>Software de gesti\u00f3n de ancho de banda lan<\/td>\n<\/tr>\n<tr>\n<td>Sistema operativo<\/td>\n<\/tr>\n<tr>\n<td>Soporte para windows 11 de 64 bits<\/td>\n<\/tr>\n<tr>\n<td>Soporte para windows 10 de 64 bits<\/td>\n<\/tr>\n<tr>\n<td>Dise\u00f1o<\/td>\n<\/tr>\n<tr>\n<td>Factor de forma micro atx; 24,4 x 24,4 cm.<\/td>\n<\/tr>\n<\/table>\n","protected":false},"excerpt":{"rendered":"<p>Intel\u00ae socket lga 1700: compatible con procesadores de las series 14.\u00aa, 13.\u00aa y 12.\u00aa generaci\u00f3n. Rendimiento incomparable: soluci\u00f3n vrm digital h\u00edbrida de 6+2+1 fases. Ddr5 de doble canal: compatibilidad con m\u00f3dulos de memoria xmp de 4 * dimm. Almacenamiento de pr\u00f3xima generaci\u00f3n: 2 * conectores pcie 4.0 x4 m.2. Protector t\u00e9rmico m.2: para garantizar el rendimiento del ssd m.2. Ez-latch: ranura pcie 4.0&#215;16 con dise\u00f1o de liberaci\u00f3n r\u00e1pida. Redes r\u00e1pidas: lan de 2,5 gbe. Conectividad extendida: usb-c\u00ae trasero de 10 gb\/s, dp, hdmi. Smart fan 6: cuenta con m\u00faltiples sensores de temperatura y cabezales de ventilador h\u00edbridos con fan stop. Q-flash plus: actualice el bios sin instalar la cpu, la memoria y la tarjeta gr\u00e1fica<\/p>\n","protected":false},"featured_media":248893,"comment_status":"open","ping_status":"open","template":"","meta":[],"product_cat":[2016,1727],"product_tag":[1732],"acf":[],"yoast_head":"<!-- This site is optimized with the Yoast SEO plugin v21.7 - https:\/\/yoast.com\/wordpress\/plugins\/seo\/ -->\n<title>[ Gigabyte ] &#129351; B760m Ds3h Mb B760 Intel S-1700 14a, 13a, 12a Gen\/4xddr5 4800mhz\/hdmi\/dp\/5x Usb 3.2\/micro Atx\/gama Media<\/title>\n<meta name=\"description\" content=\"Compra B760m Ds3h Mb B760 Intel S-1700 14a, 13a, 12a Gen\/4xddr5 4800mhz\/hdmi\/dp\/5x Usb 3.2\/micro Atx\/gama Media + Env\u00edo a domicilio + Pago seguro + Garant\u00eda\" \/>\n<meta name=\"robots\" content=\"index, follow, max-snippet:-1, max-image-preview:large, max-video-preview:-1\" \/>\n<link rel=\"canonical\" href=\"https:\/\/compuviper.mx\/tienda\/producto\/gigabyte-b760m-ds3h-mb-b760-intel-s-1700-14a-13a-12a-gen-4xddr5-4800mhz-hdmi-dp-5x-usb-3-2-micro-atx-gama-media\/\" \/>\n<meta property=\"og:locale\" content=\"es_MX\" \/>\n<meta property=\"og:type\" content=\"article\" \/>\n<meta property=\"og:title\" content=\"[ Gigabyte ] &#129351; B760m Ds3h Mb B760 Intel S-1700 14a, 13a, 12a Gen\/4xddr5 4800mhz\/hdmi\/dp\/5x Usb 3.2\/micro Atx\/gama Media\" \/>\n<meta property=\"og:description\" content=\"Compra B760m Ds3h Mb B760 Intel S-1700 14a, 13a, 12a Gen\/4xddr5 4800mhz\/hdmi\/dp\/5x Usb 3.2\/micro Atx\/gama Media + Env\u00edo a domicilio + Pago seguro + Garant\u00eda\" \/>\n<meta property=\"og:url\" content=\"https:\/\/compuviper.mx\/tienda\/producto\/gigabyte-b760m-ds3h-mb-b760-intel-s-1700-14a-13a-12a-gen-4xddr5-4800mhz-hdmi-dp-5x-usb-3-2-micro-atx-gama-media\/\" \/>\n<meta property=\"og:site_name\" content=\"Compuviper\" \/>\n<meta property=\"article:publisher\" content=\"https:\/\/www.facebook.com\/compuviper\" \/>\n<meta property=\"article:modified_time\" content=\"2026-04-26T06:00:19+00:00\" \/>\n<meta property=\"og:image\" content=\"https:\/\/compuviper.mx\/tienda\/wp-content\/uploads\/2025\/02\/Mb-gigabyte-b760-intel-s-1700-14a-13a-12a-gen4xddr5-4800mhzhdmidp5x-usb-3.2micro-atxgama-media.jpg\" \/>\n\t<meta property=\"og:image:width\" content=\"200\" \/>\n\t<meta property=\"og:image:height\" content=\"200\" \/>\n\t<meta property=\"og:image:type\" content=\"image\/jpeg\" \/>\n<meta name=\"twitter:card\" content=\"summary_large_image\" \/>\n<meta name=\"twitter:label1\" content=\"Precio\" \/>\n\t<meta name=\"twitter:data1\" content=\"&#36;1,936 con IVA\" \/>\n\t<meta name=\"twitter:label2\" content=\"Availability\" \/>\n\t<meta name=\"twitter:data2\" content=\"Out of stock\" \/>\n<script type=\"application\/ld+json\" class=\"yoast-schema-graph\">{\"@context\":\"https:\/\/schema.org\",\"@graph\":[{\"@type\":\"WebPage\",\"@id\":\"https:\/\/compuviper.mx\/tienda\/producto\/gigabyte-b760m-ds3h-mb-b760-intel-s-1700-14a-13a-12a-gen-4xddr5-4800mhz-hdmi-dp-5x-usb-3-2-micro-atx-gama-media\/\",\"url\":\"https:\/\/compuviper.mx\/tienda\/producto\/gigabyte-b760m-ds3h-mb-b760-intel-s-1700-14a-13a-12a-gen-4xddr5-4800mhz-hdmi-dp-5x-usb-3-2-micro-atx-gama-media\/\",\"name\":\"[ Gigabyte ] &#129351; B760m Ds3h Mb B760 Intel S-1700 14a, 13a, 12a Gen\/4xddr5 4800mhz\/hdmi\/dp\/5x Usb 3.2\/micro Atx\/gama Media\",\"isPartOf\":{\"@id\":\"https:\/\/compuviper.mx\/tienda\/#website\"},\"datePublished\":\"2026-04-25T06:40:18+00:00\",\"dateModified\":\"2026-04-26T06:00:19+00:00\",\"description\":\"Compra B760m Ds3h Mb B760 Intel S-1700 14a, 13a, 12a Gen\/4xddr5 4800mhz\/hdmi\/dp\/5x Usb 3.2\/micro Atx\/gama Media + Env\u00edo a domicilio + Pago seguro + Garant\u00eda\",\"breadcrumb\":{\"@id\":\"https:\/\/compuviper.mx\/tienda\/producto\/gigabyte-b760m-ds3h-mb-b760-intel-s-1700-14a-13a-12a-gen-4xddr5-4800mhz-hdmi-dp-5x-usb-3-2-micro-atx-gama-media\/#breadcrumb\"},\"inLanguage\":\"es-MX\",\"potentialAction\":[{\"@type\":\"ReadAction\",\"target\":[\"https:\/\/compuviper.mx\/tienda\/producto\/gigabyte-b760m-ds3h-mb-b760-intel-s-1700-14a-13a-12a-gen-4xddr5-4800mhz-hdmi-dp-5x-usb-3-2-micro-atx-gama-media\/\"]}]},{\"@type\":\"BreadcrumbList\",\"@id\":\"https:\/\/compuviper.mx\/tienda\/producto\/gigabyte-b760m-ds3h-mb-b760-intel-s-1700-14a-13a-12a-gen-4xddr5-4800mhz-hdmi-dp-5x-usb-3-2-micro-atx-gama-media\/#breadcrumb\",\"itemListElement\":[{\"@type\":\"ListItem\",\"position\":1,\"name\":\"Inicio\",\"item\":\"https:\/\/compuviper.mx\/tienda\/\"},{\"@type\":\"ListItem\",\"position\":2,\"name\":\"Productos\",\"item\":\"https:\/\/compuviper.mx\/tienda\/productos\/\"},{\"@type\":\"ListItem\",\"position\":3,\"name\":\"Tarjeta Madre\",\"item\":\"https:\/\/compuviper.mx\/tienda\/categoria-producto\/tarjeta-madre\/\"},{\"@type\":\"ListItem\",\"position\":4,\"name\":\"Socket 1200\",\"item\":\"https:\/\/compuviper.mx\/tienda\/categoria-producto\/tarjeta-madre\/socket-1200\/\"},{\"@type\":\"ListItem\",\"position\":5,\"name\":\"Gigabyte B760m Ds3h Mb B760 Intel S-1700 14a, 13a, 12a Gen\/4xddr5 4800mhz\/hdmi\/dp\/5x Usb 3.2\/micro Atx\/gama Media\"}]},{\"@type\":\"WebSite\",\"@id\":\"https:\/\/compuviper.mx\/tienda\/#website\",\"url\":\"https:\/\/compuviper.mx\/tienda\/\",\"name\":\"Compuviper\",\"description\":\"Proveedor de Computadoras, Laptops, Servidores, Monitores, Puntos de Venta, Teclados,   Impresoras, T\u00f3ner, C\u00e1maras de Seguridad y m\u00e1s en tu tienda en l\u00ednea\",\"publisher\":{\"@id\":\"https:\/\/compuviper.mx\/tienda\/#organization\"},\"potentialAction\":[{\"@type\":\"SearchAction\",\"target\":{\"@type\":\"EntryPoint\",\"urlTemplate\":\"https:\/\/compuviper.mx\/tienda\/?s={search_term_string}\"},\"query-input\":\"required name=search_term_string\"}],\"inLanguage\":\"es-MX\"},{\"@type\":\"Organization\",\"@id\":\"https:\/\/compuviper.mx\/tienda\/#organization\",\"name\":\"Compuviper\",\"url\":\"https:\/\/compuviper.mx\/tienda\/\",\"logo\":{\"@type\":\"ImageObject\",\"inLanguage\":\"es-MX\",\"@id\":\"https:\/\/compuviper.mx\/tienda\/#\/schema\/logo\/image\/\",\"url\":\"https:\/\/compuviper.mx\/tienda\/wp-content\/uploads\/2021\/08\/Logo-Compuviper-10.png\",\"contentUrl\":\"https:\/\/compuviper.mx\/tienda\/wp-content\/uploads\/2021\/08\/Logo-Compuviper-10.png\",\"width\":1000,\"height\":500,\"caption\":\"Compuviper\"},\"image\":{\"@id\":\"https:\/\/compuviper.mx\/tienda\/#\/schema\/logo\/image\/\"},\"sameAs\":[\"https:\/\/www.facebook.com\/compuviper\",\"https:\/\/www.youtube.com\/channel\/UCf73dERp9Y3cfOq7q8BhLjA?view_as=subscriber\"]}]}<\/script>\n<meta property=\"product:brand\" content=\"GIGABYTE\" \/>\n<meta property=\"product:price:amount\" content=\"1936\" \/>\n<meta property=\"product:price:currency\" content=\"MXN\" \/>\n<meta property=\"og:availability\" content=\"out of stock\" \/>\n<meta property=\"product:availability\" content=\"out of stock\" \/>\n<meta property=\"product:retailer_item_id\" content=\"B760M DS3H\" \/>\n<meta property=\"product:condition\" content=\"new\" \/>\n<!-- \/ Yoast SEO plugin. -->","yoast_head_json":{"title":"[ Gigabyte ] &#129351; B760m Ds3h Mb B760 Intel S-1700 14a, 13a, 12a Gen\/4xddr5 4800mhz\/hdmi\/dp\/5x Usb 3.2\/micro Atx\/gama Media","description":"Compra B760m Ds3h Mb B760 Intel S-1700 14a, 13a, 12a Gen\/4xddr5 4800mhz\/hdmi\/dp\/5x Usb 3.2\/micro Atx\/gama Media + Env\u00edo a domicilio + Pago seguro + Garant\u00eda","robots":{"index":"index","follow":"follow","max-snippet":"max-snippet:-1","max-image-preview":"max-image-preview:large","max-video-preview":"max-video-preview:-1"},"canonical":"https:\/\/compuviper.mx\/tienda\/producto\/gigabyte-b760m-ds3h-mb-b760-intel-s-1700-14a-13a-12a-gen-4xddr5-4800mhz-hdmi-dp-5x-usb-3-2-micro-atx-gama-media\/","og_locale":"es_MX","og_type":"article","og_title":"[ Gigabyte ] &#129351; B760m Ds3h Mb B760 Intel S-1700 14a, 13a, 12a Gen\/4xddr5 4800mhz\/hdmi\/dp\/5x Usb 3.2\/micro Atx\/gama Media","og_description":"Compra B760m Ds3h Mb B760 Intel S-1700 14a, 13a, 12a Gen\/4xddr5 4800mhz\/hdmi\/dp\/5x Usb 3.2\/micro Atx\/gama Media + Env\u00edo a domicilio + Pago seguro + Garant\u00eda","og_url":"https:\/\/compuviper.mx\/tienda\/producto\/gigabyte-b760m-ds3h-mb-b760-intel-s-1700-14a-13a-12a-gen-4xddr5-4800mhz-hdmi-dp-5x-usb-3-2-micro-atx-gama-media\/","og_site_name":"Compuviper","article_publisher":"https:\/\/www.facebook.com\/compuviper","article_modified_time":"2026-04-26T06:00:19+00:00","og_image":[{"width":200,"height":200,"url":"https:\/\/compuviper.mx\/tienda\/wp-content\/uploads\/2025\/02\/Mb-gigabyte-b760-intel-s-1700-14a-13a-12a-gen4xddr5-4800mhzhdmidp5x-usb-3.2micro-atxgama-media.jpg","type":"image\/jpeg"}],"twitter_card":"summary_large_image","twitter_misc":{"Precio":"&#36;1,936 con IVA","Availability":"Out of stock"},"schema":{"@context":"https:\/\/schema.org","@graph":[{"@type":"WebPage","@id":"https:\/\/compuviper.mx\/tienda\/producto\/gigabyte-b760m-ds3h-mb-b760-intel-s-1700-14a-13a-12a-gen-4xddr5-4800mhz-hdmi-dp-5x-usb-3-2-micro-atx-gama-media\/","url":"https:\/\/compuviper.mx\/tienda\/producto\/gigabyte-b760m-ds3h-mb-b760-intel-s-1700-14a-13a-12a-gen-4xddr5-4800mhz-hdmi-dp-5x-usb-3-2-micro-atx-gama-media\/","name":"[ Gigabyte ] &#129351; B760m Ds3h Mb B760 Intel S-1700 14a, 13a, 12a Gen\/4xddr5 4800mhz\/hdmi\/dp\/5x Usb 3.2\/micro Atx\/gama Media","isPartOf":{"@id":"https:\/\/compuviper.mx\/tienda\/#website"},"datePublished":"2026-04-25T06:40:18+00:00","dateModified":"2026-04-26T06:00:19+00:00","description":"Compra B760m Ds3h Mb B760 Intel S-1700 14a, 13a, 12a Gen\/4xddr5 4800mhz\/hdmi\/dp\/5x Usb 3.2\/micro Atx\/gama Media + Env\u00edo a domicilio + Pago seguro + Garant\u00eda","breadcrumb":{"@id":"https:\/\/compuviper.mx\/tienda\/producto\/gigabyte-b760m-ds3h-mb-b760-intel-s-1700-14a-13a-12a-gen-4xddr5-4800mhz-hdmi-dp-5x-usb-3-2-micro-atx-gama-media\/#breadcrumb"},"inLanguage":"es-MX","potentialAction":[{"@type":"ReadAction","target":["https:\/\/compuviper.mx\/tienda\/producto\/gigabyte-b760m-ds3h-mb-b760-intel-s-1700-14a-13a-12a-gen-4xddr5-4800mhz-hdmi-dp-5x-usb-3-2-micro-atx-gama-media\/"]}]},{"@type":"BreadcrumbList","@id":"https:\/\/compuviper.mx\/tienda\/producto\/gigabyte-b760m-ds3h-mb-b760-intel-s-1700-14a-13a-12a-gen-4xddr5-4800mhz-hdmi-dp-5x-usb-3-2-micro-atx-gama-media\/#breadcrumb","itemListElement":[{"@type":"ListItem","position":1,"name":"Inicio","item":"https:\/\/compuviper.mx\/tienda\/"},{"@type":"ListItem","position":2,"name":"Productos","item":"https:\/\/compuviper.mx\/tienda\/productos\/"},{"@type":"ListItem","position":3,"name":"Tarjeta Madre","item":"https:\/\/compuviper.mx\/tienda\/categoria-producto\/tarjeta-madre\/"},{"@type":"ListItem","position":4,"name":"Socket 1200","item":"https:\/\/compuviper.mx\/tienda\/categoria-producto\/tarjeta-madre\/socket-1200\/"},{"@type":"ListItem","position":5,"name":"Gigabyte B760m Ds3h Mb B760 Intel S-1700 14a, 13a, 12a Gen\/4xddr5 4800mhz\/hdmi\/dp\/5x Usb 3.2\/micro Atx\/gama Media"}]},{"@type":"WebSite","@id":"https:\/\/compuviper.mx\/tienda\/#website","url":"https:\/\/compuviper.mx\/tienda\/","name":"Compuviper","description":"Proveedor de Computadoras, Laptops, Servidores, Monitores, Puntos de Venta, Teclados,   Impresoras, T\u00f3ner, C\u00e1maras de Seguridad y m\u00e1s en tu tienda en l\u00ednea","publisher":{"@id":"https:\/\/compuviper.mx\/tienda\/#organization"},"potentialAction":[{"@type":"SearchAction","target":{"@type":"EntryPoint","urlTemplate":"https:\/\/compuviper.mx\/tienda\/?s={search_term_string}"},"query-input":"required name=search_term_string"}],"inLanguage":"es-MX"},{"@type":"Organization","@id":"https:\/\/compuviper.mx\/tienda\/#organization","name":"Compuviper","url":"https:\/\/compuviper.mx\/tienda\/","logo":{"@type":"ImageObject","inLanguage":"es-MX","@id":"https:\/\/compuviper.mx\/tienda\/#\/schema\/logo\/image\/","url":"https:\/\/compuviper.mx\/tienda\/wp-content\/uploads\/2021\/08\/Logo-Compuviper-10.png","contentUrl":"https:\/\/compuviper.mx\/tienda\/wp-content\/uploads\/2021\/08\/Logo-Compuviper-10.png","width":1000,"height":500,"caption":"Compuviper"},"image":{"@id":"https:\/\/compuviper.mx\/tienda\/#\/schema\/logo\/image\/"},"sameAs":["https:\/\/www.facebook.com\/compuviper","https:\/\/www.youtube.com\/channel\/UCf73dERp9Y3cfOq7q8BhLjA?view_as=subscriber"]}]},"product_brand":"GIGABYTE","product_price_amount":"1936","product_price_currency":"MXN","og_availability":"out of stock","product_availability":"out of stock","product_retailer_item_id":"B760M DS3H","product_condition":"new"},"_links":{"self":[{"href":"https:\/\/compuviper.mx\/tienda\/wp-json\/wp\/v2\/product\/248892"}],"collection":[{"href":"https:\/\/compuviper.mx\/tienda\/wp-json\/wp\/v2\/product"}],"about":[{"href":"https:\/\/compuviper.mx\/tienda\/wp-json\/wp\/v2\/types\/product"}],"replies":[{"embeddable":true,"href":"https:\/\/compuviper.mx\/tienda\/wp-json\/wp\/v2\/comments?post=248892"}],"wp:featuredmedia":[{"embeddable":true,"href":"https:\/\/compuviper.mx\/tienda\/wp-json\/wp\/v2\/media\/248893"}],"wp:attachment":[{"href":"https:\/\/compuviper.mx\/tienda\/wp-json\/wp\/v2\/media?parent=248892"}],"wp:term":[{"taxonomy":"product_cat","embeddable":true,"href":"https:\/\/compuviper.mx\/tienda\/wp-json\/wp\/v2\/product_cat?post=248892"},{"taxonomy":"product_tag","embeddable":true,"href":"https:\/\/compuviper.mx\/tienda\/wp-json\/wp\/v2\/product_tag?post=248892"}],"curies":[{"name":"wp","href":"https:\/\/api.w.org\/{rel}","templated":true}]}}