{"id":248887,"date":"2026-04-02T00:42:14","date_gmt":"2026-04-02T06:42:14","guid":{"rendered":"https:\/\/compuviper.mx\/tienda\/producto\/logitech-920-010924-teclado-mouse-mx-keys-combo-business-gen-2-inalambrico-usb-bolt-grafito\/"},"modified":"2026-04-02T00:42:15","modified_gmt":"2026-04-02T06:42:15","slug":"logitech-920-010924-teclado-y-mouse-mx-keys-combo-business-gen-2-inalambrico-usb-bolt-espaol-grafito","status":"publish","type":"product","link":"https:\/\/compuviper.mx\/tienda\/producto\/logitech-920-010924-teclado-y-mouse-mx-keys-combo-business-gen-2-inalambrico-usb-bolt-espaol-grafito\/","title":{"rendered":"Logitech 920-010924 Teclado Y Mouse  Mx Keys Combo Business Gen 2 Inalambrico Usb Bolt (espa?ol) Grafito"},"content":{"rendered":"<table class=\"descripcion\">\n<tr>\n<td>Teclado:<\/td>\n<\/tr>\n<tr>\n<td>Altura: 131,6 mm 5,18 pulgadas<\/td>\n<\/tr>\n<tr>\n<td>Ancho: 430,2 mm 16,94 pulgadas<\/td>\n<\/tr>\n<tr>\n<td>Profundidad: 20,5 mm 0,81 pulgadas<\/td>\n<\/tr>\n<tr>\n<td>Peso: 810 g 28,57 onzas<\/td>\n<\/tr>\n<tr>\n<td>Mouse:<\/td>\n<\/tr>\n<tr>\n<td>Altura: 124,9 mm 4,92 pulgadas<\/td>\n<\/tr>\n<tr>\n<td>Ancho: 84,3 mm 3,32 pulgadas<\/td>\n<\/tr>\n<tr>\n<td>Profundidad: 51 mm 2,01 pulgadas<\/td>\n<\/tr>\n<tr>\n<td>Peso: 141 g 4,97 oz<\/td>\n<\/tr>\n<tr>\n<td>Reposamanos:<\/td>\n<\/tr>\n<tr>\n<td>Altura: 64 mm 2,52 pulgadas<\/td>\n<\/tr>\n<tr>\n<td>Ancho: 420 mm 16,54 pulgadas<\/td>\n<\/tr>\n<tr>\n<td>Profundidad: 8 mm 0,31 pulgadas<\/td>\n<\/tr>\n<tr>\n<td>Peso: 180 g 6,35 oz<\/td>\n<\/tr>\n<tr>\n<td>Compatibilidad<\/td>\n<\/tr>\n<tr>\n<td>Receptor usb logi bolt<\/td>\n<\/tr>\n<tr>\n<td>Requerido: puerto usb disponible<\/td>\n<\/tr>\n<tr>\n<td>\u0095 windows 10, 11 o posterior \u0095 macos 11 o posterior \u0095 linux<\/td>\n<\/tr>\n<tr>\n<td>\u0095 chromeos<\/td>\n<\/tr>\n<tr>\n<td>Tecnologa inalambrica bluetooth\u00ae de baja energia<\/td>\n<\/tr>\n<tr>\n<td>Requerido: bluetooth\u00ae de baja energia<\/td>\n<\/tr>\n<tr>\n<td>\u0095 windows 10, 11 o posterior<\/td>\n<\/tr>\n<tr>\n<td>\u0095 macos 11 o posterior<\/td>\n<\/tr>\n<tr>\n<td>\u0095linux<\/td>\n<\/tr>\n<tr>\n<td>\u0095 chromeos8<\/td>\n<\/tr>\n<tr>\n<td>\u0095 ipados 14 o posterior<\/td>\n<\/tr>\n<tr>\n<td>\u0095 ios 14 o posterior<\/td>\n<\/tr>\n<tr>\n<td>\u0095 android 9.0 o posterior<\/td>\n<\/tr>\n<tr>\n<td>\u0095 disenado para porttiles intel evo laptops<\/td>\n<\/tr>\n<\/table>\n","protected":false},"excerpt":{"rendered":"<p>Logitech mx keys combo for business ofrece una experiencia de alto rendimiento para una mayor productividad. El mouse mx master 3s cuenta con tecnologia quiet click que mantiene las distracciones de ruido al minimo y un sensor optico de 8000 dpi. Incluye una comoda almohadilla de teclado que proporciona una experiencia de escritura fluida con una excelente respuesta tactil.<\/p>\n","protected":false},"featured_media":249034,"comment_status":"open","ping_status":"open","template":"","meta":[],"product_cat":[1711,1712],"product_tag":[1500],"acf":[],"yoast_head":"<!-- This site is optimized with the Yoast SEO plugin v21.7 - https:\/\/yoast.com\/wordpress\/plugins\/seo\/ -->\n<title>[ Logitech ] &#129351; 920-010924 Teclado Y Mouse Mx Keys Combo Business Gen 2 Inalambrico Usb Bolt (espa\u00f1ol) Grafito<\/title>\n<meta name=\"description\" content=\"Compra 920-010924 Teclado Y Mouse Mx Keys Combo Business Gen 2 Inalambrico Usb Bolt (espa\u00f1ol) Grafito + Env\u00edo a domicilio + Pago seguro + Garant\u00eda\" \/>\n<meta name=\"robots\" content=\"index, follow, max-snippet:-1, max-image-preview:large, max-video-preview:-1\" \/>\n<link rel=\"canonical\" href=\"https:\/\/compuviper.mx\/tienda\/producto\/logitech-920-010924-teclado-y-mouse-mx-keys-combo-business-gen-2-inalambrico-usb-bolt-espaol-grafito\/\" \/>\n<meta property=\"og:locale\" content=\"es_MX\" \/>\n<meta property=\"og:type\" content=\"article\" \/>\n<meta property=\"og:title\" content=\"[ Logitech ] &#129351; 920-010924 Teclado Y Mouse Mx Keys Combo Business Gen 2 Inalambrico Usb Bolt (espa\u00f1ol) Grafito\" \/>\n<meta property=\"og:description\" content=\"Compra 920-010924 Teclado Y Mouse Mx Keys Combo Business Gen 2 Inalambrico Usb Bolt (espa\u00f1ol) Grafito + Env\u00edo a domicilio + Pago seguro + Garant\u00eda\" \/>\n<meta property=\"og:url\" content=\"https:\/\/compuviper.mx\/tienda\/producto\/logitech-920-010924-teclado-y-mouse-mx-keys-combo-business-gen-2-inalambrico-usb-bolt-espaol-grafito\/\" \/>\n<meta property=\"og:site_name\" content=\"Compuviper\" \/>\n<meta property=\"article:publisher\" content=\"https:\/\/www.facebook.com\/compuviper\" \/>\n<meta property=\"article:modified_time\" content=\"2026-04-02T06:42:15+00:00\" \/>\n<meta property=\"og:image\" content=\"https:\/\/compuviper.mx\/tienda\/wp-content\/uploads\/2025\/02\/Tecladomouse-logitech-mx-keys-combo-business-gen-2-inalambrico-usb-bolt-grafito.jpg\" \/>\n\t<meta property=\"og:image:width\" content=\"200\" \/>\n\t<meta property=\"og:image:height\" content=\"200\" \/>\n\t<meta property=\"og:image:type\" content=\"image\/jpeg\" \/>\n<meta name=\"twitter:card\" content=\"summary_large_image\" \/>\n<meta name=\"twitter:label1\" content=\"Precio\" \/>\n\t<meta name=\"twitter:data1\" content=\"&#36;4,302 con IVA\" \/>\n\t<meta name=\"twitter:label2\" content=\"Availability\" \/>\n\t<meta name=\"twitter:data2\" content=\"In stock\" \/>\n<script type=\"application\/ld+json\" class=\"yoast-schema-graph\">{\"@context\":\"https:\/\/schema.org\",\"@graph\":[{\"@type\":\"WebPage\",\"@id\":\"https:\/\/compuviper.mx\/tienda\/producto\/logitech-920-010924-teclado-y-mouse-mx-keys-combo-business-gen-2-inalambrico-usb-bolt-espaol-grafito\/\",\"url\":\"https:\/\/compuviper.mx\/tienda\/producto\/logitech-920-010924-teclado-y-mouse-mx-keys-combo-business-gen-2-inalambrico-usb-bolt-espaol-grafito\/\",\"name\":\"[ Logitech ] &#129351; 920-010924 Teclado Y Mouse Mx Keys Combo Business Gen 2 Inalambrico Usb Bolt (espa\u00f1ol) Grafito\",\"isPartOf\":{\"@id\":\"https:\/\/compuviper.mx\/tienda\/#website\"},\"datePublished\":\"2026-04-02T06:42:14+00:00\",\"dateModified\":\"2026-04-02T06:42:15+00:00\",\"description\":\"Compra 920-010924 Teclado Y Mouse Mx Keys Combo Business Gen 2 Inalambrico Usb Bolt (espa\u00f1ol) Grafito + Env\u00edo a domicilio + Pago seguro + Garant\u00eda\",\"breadcrumb\":{\"@id\":\"https:\/\/compuviper.mx\/tienda\/producto\/logitech-920-010924-teclado-y-mouse-mx-keys-combo-business-gen-2-inalambrico-usb-bolt-espaol-grafito\/#breadcrumb\"},\"inLanguage\":\"es-MX\",\"potentialAction\":[{\"@type\":\"ReadAction\",\"target\":[\"https:\/\/compuviper.mx\/tienda\/producto\/logitech-920-010924-teclado-y-mouse-mx-keys-combo-business-gen-2-inalambrico-usb-bolt-espaol-grafito\/\"]}]},{\"@type\":\"BreadcrumbList\",\"@id\":\"https:\/\/compuviper.mx\/tienda\/producto\/logitech-920-010924-teclado-y-mouse-mx-keys-combo-business-gen-2-inalambrico-usb-bolt-espaol-grafito\/#breadcrumb\",\"itemListElement\":[{\"@type\":\"ListItem\",\"position\":1,\"name\":\"Inicio\",\"item\":\"https:\/\/compuviper.mx\/tienda\/\"},{\"@type\":\"ListItem\",\"position\":2,\"name\":\"Productos\",\"item\":\"https:\/\/compuviper.mx\/tienda\/productos\/\"},{\"@type\":\"ListItem\",\"position\":3,\"name\":\"Teclado Y Mouse\",\"item\":\"https:\/\/compuviper.mx\/tienda\/categoria-producto\/teclado-y-mouse\/\"},{\"@type\":\"ListItem\",\"position\":4,\"name\":\"Sin Categor\u00eda\",\"item\":\"https:\/\/compuviper.mx\/tienda\/categoria-producto\/teclado-y-mouse\/sin-categoria-teclado-y-mouse\/\"},{\"@type\":\"ListItem\",\"position\":5,\"name\":\"Logitech 920-010924 Teclado Y Mouse Mx Keys Combo Business Gen 2 Inalambrico Usb Bolt (espa?ol) Grafito\"}]},{\"@type\":\"WebSite\",\"@id\":\"https:\/\/compuviper.mx\/tienda\/#website\",\"url\":\"https:\/\/compuviper.mx\/tienda\/\",\"name\":\"Compuviper\",\"description\":\"Proveedor de Computadoras, Laptops, Servidores, Monitores, Puntos de Venta, Teclados,   Impresoras, T\u00f3ner, C\u00e1maras de Seguridad y m\u00e1s en tu tienda en l\u00ednea\",\"publisher\":{\"@id\":\"https:\/\/compuviper.mx\/tienda\/#organization\"},\"potentialAction\":[{\"@type\":\"SearchAction\",\"target\":{\"@type\":\"EntryPoint\",\"urlTemplate\":\"https:\/\/compuviper.mx\/tienda\/?s={search_term_string}\"},\"query-input\":\"required name=search_term_string\"}],\"inLanguage\":\"es-MX\"},{\"@type\":\"Organization\",\"@id\":\"https:\/\/compuviper.mx\/tienda\/#organization\",\"name\":\"Compuviper\",\"url\":\"https:\/\/compuviper.mx\/tienda\/\",\"logo\":{\"@type\":\"ImageObject\",\"inLanguage\":\"es-MX\",\"@id\":\"https:\/\/compuviper.mx\/tienda\/#\/schema\/logo\/image\/\",\"url\":\"https:\/\/compuviper.mx\/tienda\/wp-content\/uploads\/2021\/08\/Logo-Compuviper-10.png\",\"contentUrl\":\"https:\/\/compuviper.mx\/tienda\/wp-content\/uploads\/2021\/08\/Logo-Compuviper-10.png\",\"width\":1000,\"height\":500,\"caption\":\"Compuviper\"},\"image\":{\"@id\":\"https:\/\/compuviper.mx\/tienda\/#\/schema\/logo\/image\/\"},\"sameAs\":[\"https:\/\/www.facebook.com\/compuviper\",\"https:\/\/www.youtube.com\/channel\/UCf73dERp9Y3cfOq7q8BhLjA?view_as=subscriber\"]}]}<\/script>\n<meta property=\"product:brand\" content=\"LOGITECH\" \/>\n<meta property=\"product:price:amount\" content=\"4302\" \/>\n<meta property=\"product:price:currency\" content=\"MXN\" \/>\n<meta property=\"og:availability\" content=\"instock\" \/>\n<meta property=\"product:availability\" content=\"instock\" \/>\n<meta property=\"product:retailer_item_id\" content=\"920-010924\" \/>\n<meta property=\"product:condition\" content=\"new\" \/>\n<!-- \/ Yoast SEO plugin. -->","yoast_head_json":{"title":"[ Logitech ] &#129351; 920-010924 Teclado Y Mouse Mx Keys Combo Business Gen 2 Inalambrico Usb Bolt (espa\u00f1ol) Grafito","description":"Compra 920-010924 Teclado Y Mouse Mx Keys Combo Business Gen 2 Inalambrico Usb Bolt (espa\u00f1ol) Grafito + Env\u00edo a domicilio + Pago seguro + Garant\u00eda","robots":{"index":"index","follow":"follow","max-snippet":"max-snippet:-1","max-image-preview":"max-image-preview:large","max-video-preview":"max-video-preview:-1"},"canonical":"https:\/\/compuviper.mx\/tienda\/producto\/logitech-920-010924-teclado-y-mouse-mx-keys-combo-business-gen-2-inalambrico-usb-bolt-espaol-grafito\/","og_locale":"es_MX","og_type":"article","og_title":"[ Logitech ] &#129351; 920-010924 Teclado Y Mouse Mx Keys Combo Business Gen 2 Inalambrico Usb Bolt (espa\u00f1ol) Grafito","og_description":"Compra 920-010924 Teclado Y Mouse Mx Keys Combo Business Gen 2 Inalambrico Usb Bolt (espa\u00f1ol) Grafito + Env\u00edo a domicilio + Pago seguro + Garant\u00eda","og_url":"https:\/\/compuviper.mx\/tienda\/producto\/logitech-920-010924-teclado-y-mouse-mx-keys-combo-business-gen-2-inalambrico-usb-bolt-espaol-grafito\/","og_site_name":"Compuviper","article_publisher":"https:\/\/www.facebook.com\/compuviper","article_modified_time":"2026-04-02T06:42:15+00:00","og_image":[{"width":200,"height":200,"url":"https:\/\/compuviper.mx\/tienda\/wp-content\/uploads\/2025\/02\/Tecladomouse-logitech-mx-keys-combo-business-gen-2-inalambrico-usb-bolt-grafito.jpg","type":"image\/jpeg"}],"twitter_card":"summary_large_image","twitter_misc":{"Precio":"&#36;4,302 con IVA","Availability":"In stock"},"schema":{"@context":"https:\/\/schema.org","@graph":[{"@type":"WebPage","@id":"https:\/\/compuviper.mx\/tienda\/producto\/logitech-920-010924-teclado-y-mouse-mx-keys-combo-business-gen-2-inalambrico-usb-bolt-espaol-grafito\/","url":"https:\/\/compuviper.mx\/tienda\/producto\/logitech-920-010924-teclado-y-mouse-mx-keys-combo-business-gen-2-inalambrico-usb-bolt-espaol-grafito\/","name":"[ Logitech ] &#129351; 920-010924 Teclado Y Mouse Mx Keys Combo Business Gen 2 Inalambrico Usb Bolt (espa\u00f1ol) Grafito","isPartOf":{"@id":"https:\/\/compuviper.mx\/tienda\/#website"},"datePublished":"2026-04-02T06:42:14+00:00","dateModified":"2026-04-02T06:42:15+00:00","description":"Compra 920-010924 Teclado Y Mouse Mx Keys Combo Business Gen 2 Inalambrico Usb Bolt (espa\u00f1ol) Grafito + Env\u00edo a domicilio + Pago seguro + Garant\u00eda","breadcrumb":{"@id":"https:\/\/compuviper.mx\/tienda\/producto\/logitech-920-010924-teclado-y-mouse-mx-keys-combo-business-gen-2-inalambrico-usb-bolt-espaol-grafito\/#breadcrumb"},"inLanguage":"es-MX","potentialAction":[{"@type":"ReadAction","target":["https:\/\/compuviper.mx\/tienda\/producto\/logitech-920-010924-teclado-y-mouse-mx-keys-combo-business-gen-2-inalambrico-usb-bolt-espaol-grafito\/"]}]},{"@type":"BreadcrumbList","@id":"https:\/\/compuviper.mx\/tienda\/producto\/logitech-920-010924-teclado-y-mouse-mx-keys-combo-business-gen-2-inalambrico-usb-bolt-espaol-grafito\/#breadcrumb","itemListElement":[{"@type":"ListItem","position":1,"name":"Inicio","item":"https:\/\/compuviper.mx\/tienda\/"},{"@type":"ListItem","position":2,"name":"Productos","item":"https:\/\/compuviper.mx\/tienda\/productos\/"},{"@type":"ListItem","position":3,"name":"Teclado Y Mouse","item":"https:\/\/compuviper.mx\/tienda\/categoria-producto\/teclado-y-mouse\/"},{"@type":"ListItem","position":4,"name":"Sin Categor\u00eda","item":"https:\/\/compuviper.mx\/tienda\/categoria-producto\/teclado-y-mouse\/sin-categoria-teclado-y-mouse\/"},{"@type":"ListItem","position":5,"name":"Logitech 920-010924 Teclado Y Mouse Mx Keys Combo Business Gen 2 Inalambrico Usb Bolt (espa?ol) Grafito"}]},{"@type":"WebSite","@id":"https:\/\/compuviper.mx\/tienda\/#website","url":"https:\/\/compuviper.mx\/tienda\/","name":"Compuviper","description":"Proveedor de Computadoras, Laptops, Servidores, Monitores, Puntos de Venta, Teclados,   Impresoras, T\u00f3ner, C\u00e1maras de Seguridad y m\u00e1s en tu tienda en l\u00ednea","publisher":{"@id":"https:\/\/compuviper.mx\/tienda\/#organization"},"potentialAction":[{"@type":"SearchAction","target":{"@type":"EntryPoint","urlTemplate":"https:\/\/compuviper.mx\/tienda\/?s={search_term_string}"},"query-input":"required name=search_term_string"}],"inLanguage":"es-MX"},{"@type":"Organization","@id":"https:\/\/compuviper.mx\/tienda\/#organization","name":"Compuviper","url":"https:\/\/compuviper.mx\/tienda\/","logo":{"@type":"ImageObject","inLanguage":"es-MX","@id":"https:\/\/compuviper.mx\/tienda\/#\/schema\/logo\/image\/","url":"https:\/\/compuviper.mx\/tienda\/wp-content\/uploads\/2021\/08\/Logo-Compuviper-10.png","contentUrl":"https:\/\/compuviper.mx\/tienda\/wp-content\/uploads\/2021\/08\/Logo-Compuviper-10.png","width":1000,"height":500,"caption":"Compuviper"},"image":{"@id":"https:\/\/compuviper.mx\/tienda\/#\/schema\/logo\/image\/"},"sameAs":["https:\/\/www.facebook.com\/compuviper","https:\/\/www.youtube.com\/channel\/UCf73dERp9Y3cfOq7q8BhLjA?view_as=subscriber"]}]},"product_brand":"LOGITECH","product_price_amount":"4302","product_price_currency":"MXN","og_availability":"instock","product_availability":"instock","product_retailer_item_id":"920-010924","product_condition":"new"},"_links":{"self":[{"href":"https:\/\/compuviper.mx\/tienda\/wp-json\/wp\/v2\/product\/248887"}],"collection":[{"href":"https:\/\/compuviper.mx\/tienda\/wp-json\/wp\/v2\/product"}],"about":[{"href":"https:\/\/compuviper.mx\/tienda\/wp-json\/wp\/v2\/types\/product"}],"replies":[{"embeddable":true,"href":"https:\/\/compuviper.mx\/tienda\/wp-json\/wp\/v2\/comments?post=248887"}],"wp:featuredmedia":[{"embeddable":true,"href":"https:\/\/compuviper.mx\/tienda\/wp-json\/wp\/v2\/media\/249034"}],"wp:attachment":[{"href":"https:\/\/compuviper.mx\/tienda\/wp-json\/wp\/v2\/media?parent=248887"}],"wp:term":[{"taxonomy":"product_cat","embeddable":true,"href":"https:\/\/compuviper.mx\/tienda\/wp-json\/wp\/v2\/product_cat?post=248887"},{"taxonomy":"product_tag","embeddable":true,"href":"https:\/\/compuviper.mx\/tienda\/wp-json\/wp\/v2\/product_tag?post=248887"}],"curies":[{"name":"wp","href":"https:\/\/api.w.org\/{rel}","templated":true}]}}