{"id":248874,"date":"2026-04-17T00:17:40","date_gmt":"2026-04-17T06:17:40","guid":{"rendered":"https:\/\/compuviper.mx\/tienda\/producto\/logitech-960-001690-camara-de-videoconferencia-meetup-2-all-in-one-4k-zoom-4x-hd-campo-de-vision-120-ideal-para-salas-pequeas\/"},"modified":"2026-04-17T00:17:40","modified_gmt":"2026-04-17T06:17:40","slug":"logitech-960-001690-camara-de-videoconferencia-meetup-2-all-in-one-4k-zoom-4x-hd-campo-de-vision-120-ideal-para-salas-pequeas","status":"publish","type":"product","link":"https:\/\/compuviper.mx\/tienda\/producto\/logitech-960-001690-camara-de-videoconferencia-meetup-2-all-in-one-4k-zoom-4x-hd-campo-de-vision-120-ideal-para-salas-pequeas\/","title":{"rendered":"Logitech 960-001690 Camara De Videoconferencia  Meetup 2 All In One 4k Zoom 4x Hd Campo De Vision 120 Ideal Para Salas Peque?as."},"content":{"rendered":"<table class=\"descripcion\">\n<tr>\n<td>Dimensiones<\/td>\n<\/tr>\n<tr>\n<td>Altura: 73.3 mm<\/td>\n<\/tr>\n<tr>\n<td>Ancho: 469.2 mm<\/td>\n<\/tr>\n<tr>\n<td>Profundidad: 73 mm<\/td>\n<\/tr>\n<tr>\n<td>Peso: 1.8 kg<\/td>\n<\/tr>\n<tr>\n<td>Especificaciones tecnicas<\/td>\n<\/tr>\n<tr>\n<td>Informacion general<\/td>\n<\/tr>\n<tr>\n<td>Componentes integrados<\/td>\n<\/tr>\n<tr>\n<td>Matriz de seis microfonos dmic<\/td>\n<\/tr>\n<tr>\n<td>Camara ptz digital<\/td>\n<\/tr>\n<tr>\n<td>Un altavoz con puerto de rango completo<\/td>\n<\/tr>\n<tr>\n<td>Sistema de distribucion y retencion de cables<\/td>\n<\/tr>\n<tr>\n<td>Soporte multiple<\/td>\n<\/tr>\n<tr>\n<td>Plataforma logitech collabos<\/td>\n<\/tr>\n<tr>\n<td>Logitech rightsight 2<\/td>\n<\/tr>\n<tr>\n<td>Logitech rightsound 2<\/td>\n<\/tr>\n<tr>\n<td>Especificaciones generales<\/td>\n<\/tr>\n<tr>\n<td>Carcasa: carcasa todo en uno<\/td>\n<\/tr>\n<tr>\n<td>Administracion de dispositivos: logitech sync<\/td>\n<\/tr>\n<tr>\n<td>Pantallas admitidas: modo byod: 1; modo de computadora especifico: depende de la computadora o aplicacion<\/td>\n<\/tr>\n<tr>\n<td>Resolucion de pantalla: 1080p<\/td>\n<\/tr>\n<tr>\n<td>Compatibilidad con protocolo de red: ipv4, ipv6<\/td>\n<\/tr>\n<tr>\n<td>Compatibilidad de proxy: proxy basado en ip, proxy basado en fqdn, proxy con uso de archivo pac<\/td>\n<\/tr>\n<tr>\n<td>Camara<\/td>\n<\/tr>\n<tr>\n<td>Panoramica digital: \u00b148\u00b0 con zoom 4x<\/td>\n<\/tr>\n<tr>\n<td>Inclinacion digital: \u00b132\u00b0 con zoom 4x<\/td>\n<\/tr>\n<tr>\n<td>Zoom: zoom digital 4x hd<\/td>\n<\/tr>\n<tr>\n<td>Campo visual diagonal: 120\u00b0<\/td>\n<\/tr>\n<tr>\n<td>Campo visual horizontal: 113\u00b0<\/td>\n<\/tr>\n<tr>\n<td>Campo visual vertical: 80\u00b0<\/td>\n<\/tr>\n<tr>\n<td>Resolucion: 4k<\/td>\n<\/tr>\n<tr>\n<td>Altavoces<\/td>\n<\/tr>\n<tr>\n<td>Transductor: 55 mm con carcasa con reflector de bajos y dise\u00f1o de suspension patentado<\/td>\n<\/tr>\n<tr>\n<td>Sensibilidad: 83 db spl a 1w +\/-2db @ 1 metro<\/td>\n<\/tr>\n<tr>\n<td>Potencia nominal: 8 w thd a 1 w, 1 khz:  2%<\/td>\n<\/tr>\n<tr>\n<td>Frecuencia de muestreo de bocina: 48 khz<\/td>\n<\/tr>\n<tr>\n<td>Impedancia: 4 ohmios<\/td>\n<\/tr>\n<tr>\n<td>Microfonos<\/td>\n<\/tr>\n<tr>\n<td>Respuesta de frecuencia: 90 hz &#8211; 16 khz<\/td>\n<\/tr>\n<tr>\n<td>Sensibilidad:  -36 dbfs +\/-1 db @ 1 pa<\/td>\n<\/tr>\n<tr>\n<td>Velocidad de salida de datos de microfono: 48 khz<\/td>\n<\/tr>\n<tr>\n<td>Radio de captacion: hasta 7 m<\/td>\n<\/tr>\n<tr>\n<td>Elementos de formacion de haces: 6 microfonos omnidireccionales digitales mems que forman 5 haces acusticos adaptativos de radiacion transversal<\/td>\n<\/tr>\n<tr>\n<td>Procesamiento de audio: aec (cancelacion acustica del eco), vad (detector de actividad de voz)<\/td>\n<\/tr>\n<tr>\n<td>Supresion de ruido: algoritmo de supresion de ruido basado en inteligencia artificial<\/td>\n<\/tr>\n<tr>\n<td>Interfaces<\/td>\n<\/tr>\n<tr>\n<td>Salida hdmi: 1<\/td>\n<\/tr>\n<tr>\n<td>Entrada hdmi: 1<\/td>\n<\/tr>\n<tr>\n<td>Usb: 1 usb 3.1 tipo c<\/td>\n<\/tr>\n<tr>\n<td>Red: ethernet 10\/100\/1g<\/td>\n<\/tr>\n<tr>\n<td>Wifi: 802.11a\/b\/g\/n\/ac<\/td>\n<\/tr>\n<tr>\n<td>Bluetooth: bluetooth\u00ae low energy<\/td>\n<\/tr>\n<tr>\n<td>Alimentacion y cables<\/td>\n<\/tr>\n<tr>\n<td>Fuente de alimentacion: deteccion automatica<\/td>\n<\/tr>\n<tr>\n<td>Alimentacion\/voltaje de servicio: 100-240 v, 19 v, 2.1 a<\/td>\n<\/tr>\n<tr>\n<td>Dimensiones de fuente de alimentacion: 114 x 47 mm x 32.3 mm<\/td>\n<\/tr>\n<tr>\n<td>Cable de cc: 3 m<\/td>\n<\/tr>\n<tr>\n<td>Cable usb c a usb c 3.0: 3 m<\/td>\n<\/tr>\n<tr>\n<td>Medioambiente<\/td>\n<\/tr>\n<tr>\n<td>Temperatura de funcionamiento: 0 a 40 \u00b0c<\/td>\n<\/tr>\n<tr>\n<td>Temperatura de almacenamiento: -25-70 \u00b0c<\/td>\n<\/tr>\n<tr>\n<td>Humedad: 10 to 90%<\/td>\n<\/tr>\n<tr>\n<td>Seguridad<\/td>\n<\/tr>\n<tr>\n<td>Cifrado basado en archivos: aes-128<\/td>\n<\/tr>\n<tr>\n<td>Cifrado de datos: claves simetricas, infraestructura de clave publica (pki)<\/td>\n<\/tr>\n<tr>\n<td>Identidad de dispositivos: proteccion mediante atestacion de estado de dispositivos<\/td>\n<\/tr>\n<tr>\n<td>Acceso a dispositivos: autenticacion mediante api<\/td>\n<\/tr>\n<tr>\n<td>Proteccion mediante clave: arm trustzone, rpmp<\/td>\n<\/tr>\n<tr>\n<td>Seguridad fisica: conector de seguridad kensington<\/td>\n<\/tr>\n<tr>\n<td>Informacion de garantia<\/td>\n<\/tr>\n<tr>\n<td>Dos a\u00f1os de garantia limitada en el hardware<\/td>\n<\/tr>\n<tr>\n<td>Garant\u00eda extendida de 1 y 3 a\u00f1os disponible para compra<\/td>\n<\/tr>\n<tr>\n<td>Numero de referencia<\/td>\n<\/tr>\n<tr>\n<td>960-001690<\/td>\n<\/tr>\n<tr>\n<td>Https:\/\/www.logitech.com\/es-mx\/products\/video-conferencing\/conference-cameras\/meetup2-conferencecam.960-001690.html?srsltid=afmbooqrsyzsz-qjjxcfrmmzftdfybvh9cvudikqvsgabl1ycdw8qgn8<\/td>\n<\/tr>\n<\/table>\n","protected":false},"excerpt":{"rendered":"<p>Meetup 2. Mejora tus salas de reunion peque\u00f1as con meetup 2 y simplifica la experiencia y las reuniones para todos. Actualiza tus salas de reunion peque\u00f1as basadas en usb. Lleva las funciones basadas en ia a tus salas de reunion usb peque\u00f1as con meetup 2. Meetup 2 es compatible con las principales plataformas de video como microsoft teams, zoomy google meet, y puede funcionar en modo usb con una pc en la sala o cuando se conecta a una laptop en modo byod. Meetup 2 es facil de configurar y administrar con logitech sync, supervisa el estado de la sala, implementa actualizaciones y modifica la configuracion, todo desde una sola aplicacion basada en la nube.<\/p>\n","protected":false},"featured_media":259389,"comment_status":"open","ping_status":"open","template":"","meta":[],"product_cat":[2011,2012],"product_tag":[1500],"acf":[],"yoast_head":"<!-- This site is optimized with the Yoast SEO plugin v21.7 - https:\/\/yoast.com\/wordpress\/plugins\/seo\/ -->\n<title>[ Logitech ] &#129351; 960-001690 Camara De Videoconferencia Meetup 2 All In One 4k Zoom 4x Hd Campo De Vision 120 Ideal Para Salas Peque\u00f1as.<\/title>\n<meta name=\"description\" content=\"Compra 960-001690 Camara De Videoconferencia Meetup 2 All In One 4k Zoom 4x Hd Campo De Vision 120 Ideal Para Salas Peque\u00f1as. + Env\u00edo a domicilio + Pago seguro + Garant\u00eda\" \/>\n<meta name=\"robots\" content=\"index, follow, max-snippet:-1, max-image-preview:large, max-video-preview:-1\" \/>\n<link rel=\"canonical\" href=\"https:\/\/compuviper.mx\/tienda\/producto\/logitech-960-001690-camara-de-videoconferencia-meetup-2-all-in-one-4k-zoom-4x-hd-campo-de-vision-120-ideal-para-salas-pequeas\/\" \/>\n<meta property=\"og:locale\" content=\"es_MX\" \/>\n<meta property=\"og:type\" content=\"article\" \/>\n<meta property=\"og:title\" content=\"[ Logitech ] &#129351; 960-001690 Camara De Videoconferencia Meetup 2 All In One 4k Zoom 4x Hd Campo De Vision 120 Ideal Para Salas Peque\u00f1as.\" \/>\n<meta property=\"og:description\" content=\"Compra 960-001690 Camara De Videoconferencia Meetup 2 All In One 4k Zoom 4x Hd Campo De Vision 120 Ideal Para Salas Peque\u00f1as. + Env\u00edo a domicilio + Pago seguro + Garant\u00eda\" \/>\n<meta property=\"og:url\" content=\"https:\/\/compuviper.mx\/tienda\/producto\/logitech-960-001690-camara-de-videoconferencia-meetup-2-all-in-one-4k-zoom-4x-hd-campo-de-vision-120-ideal-para-salas-pequeas\/\" \/>\n<meta property=\"og:site_name\" content=\"Compuviper\" \/>\n<meta property=\"article:publisher\" content=\"https:\/\/www.facebook.com\/compuviper\" \/>\n<meta property=\"og:image\" content=\"https:\/\/compuviper.mx\/tienda\/wp-content\/uploads\/2025\/10\/Camara-de-videoconferencia-logitech-meetup-2-all-in-one-4k-zoom-4x-hd-campo-de-vision-120-ideal-para-salas-pequenas.jpg\" \/>\n\t<meta property=\"og:image:width\" content=\"200\" \/>\n\t<meta property=\"og:image:height\" content=\"200\" \/>\n\t<meta property=\"og:image:type\" content=\"image\/jpeg\" \/>\n<meta name=\"twitter:card\" content=\"summary_large_image\" \/>\n<meta name=\"twitter:label1\" content=\"Precio\" \/>\n\t<meta name=\"twitter:data1\" content=\"&#36;20,878 con IVA\" \/>\n\t<meta name=\"twitter:label2\" content=\"Availability\" \/>\n\t<meta name=\"twitter:data2\" content=\"Out of stock\" \/>\n<script type=\"application\/ld+json\" class=\"yoast-schema-graph\">{\"@context\":\"https:\/\/schema.org\",\"@graph\":[{\"@type\":\"WebPage\",\"@id\":\"https:\/\/compuviper.mx\/tienda\/producto\/logitech-960-001690-camara-de-videoconferencia-meetup-2-all-in-one-4k-zoom-4x-hd-campo-de-vision-120-ideal-para-salas-pequeas\/\",\"url\":\"https:\/\/compuviper.mx\/tienda\/producto\/logitech-960-001690-camara-de-videoconferencia-meetup-2-all-in-one-4k-zoom-4x-hd-campo-de-vision-120-ideal-para-salas-pequeas\/\",\"name\":\"[ Logitech ] &#129351; 960-001690 Camara De Videoconferencia Meetup 2 All In One 4k Zoom 4x Hd Campo De Vision 120 Ideal Para Salas Peque\u00f1as.\",\"isPartOf\":{\"@id\":\"https:\/\/compuviper.mx\/tienda\/#website\"},\"datePublished\":\"2026-04-17T06:17:40+00:00\",\"dateModified\":\"2026-04-17T06:17:40+00:00\",\"description\":\"Compra 960-001690 Camara De Videoconferencia Meetup 2 All In One 4k Zoom 4x Hd Campo De Vision 120 Ideal Para Salas Peque\u00f1as. + Env\u00edo a domicilio + Pago seguro + Garant\u00eda\",\"breadcrumb\":{\"@id\":\"https:\/\/compuviper.mx\/tienda\/producto\/logitech-960-001690-camara-de-videoconferencia-meetup-2-all-in-one-4k-zoom-4x-hd-campo-de-vision-120-ideal-para-salas-pequeas\/#breadcrumb\"},\"inLanguage\":\"es-MX\",\"potentialAction\":[{\"@type\":\"ReadAction\",\"target\":[\"https:\/\/compuviper.mx\/tienda\/producto\/logitech-960-001690-camara-de-videoconferencia-meetup-2-all-in-one-4k-zoom-4x-hd-campo-de-vision-120-ideal-para-salas-pequeas\/\"]}]},{\"@type\":\"BreadcrumbList\",\"@id\":\"https:\/\/compuviper.mx\/tienda\/producto\/logitech-960-001690-camara-de-videoconferencia-meetup-2-all-in-one-4k-zoom-4x-hd-campo-de-vision-120-ideal-para-salas-pequeas\/#breadcrumb\",\"itemListElement\":[{\"@type\":\"ListItem\",\"position\":1,\"name\":\"Inicio\",\"item\":\"https:\/\/compuviper.mx\/tienda\/\"},{\"@type\":\"ListItem\",\"position\":2,\"name\":\"Productos\",\"item\":\"https:\/\/compuviper.mx\/tienda\/productos\/\"},{\"@type\":\"ListItem\",\"position\":3,\"name\":\"Videoconferencia\",\"item\":\"https:\/\/compuviper.mx\/tienda\/categoria-producto\/videoconferencia\/\"},{\"@type\":\"ListItem\",\"position\":4,\"name\":\"Sin Categor\u00eda\",\"item\":\"https:\/\/compuviper.mx\/tienda\/categoria-producto\/videoconferencia\/sin-categoria-videoconferencia\/\"},{\"@type\":\"ListItem\",\"position\":5,\"name\":\"Logitech 960-001690 Camara De Videoconferencia Meetup 2 All In One 4k Zoom 4x Hd Campo De Vision 120 Ideal Para Salas Peque?as.\"}]},{\"@type\":\"WebSite\",\"@id\":\"https:\/\/compuviper.mx\/tienda\/#website\",\"url\":\"https:\/\/compuviper.mx\/tienda\/\",\"name\":\"Compuviper\",\"description\":\"Proveedor de Computadoras, Laptops, Servidores, Monitores, Puntos de Venta, Teclados,   Impresoras, T\u00f3ner, C\u00e1maras de Seguridad y m\u00e1s en tu tienda en l\u00ednea\",\"publisher\":{\"@id\":\"https:\/\/compuviper.mx\/tienda\/#organization\"},\"potentialAction\":[{\"@type\":\"SearchAction\",\"target\":{\"@type\":\"EntryPoint\",\"urlTemplate\":\"https:\/\/compuviper.mx\/tienda\/?s={search_term_string}\"},\"query-input\":\"required name=search_term_string\"}],\"inLanguage\":\"es-MX\"},{\"@type\":\"Organization\",\"@id\":\"https:\/\/compuviper.mx\/tienda\/#organization\",\"name\":\"Compuviper\",\"url\":\"https:\/\/compuviper.mx\/tienda\/\",\"logo\":{\"@type\":\"ImageObject\",\"inLanguage\":\"es-MX\",\"@id\":\"https:\/\/compuviper.mx\/tienda\/#\/schema\/logo\/image\/\",\"url\":\"https:\/\/compuviper.mx\/tienda\/wp-content\/uploads\/2021\/08\/Logo-Compuviper-10.png\",\"contentUrl\":\"https:\/\/compuviper.mx\/tienda\/wp-content\/uploads\/2021\/08\/Logo-Compuviper-10.png\",\"width\":1000,\"height\":500,\"caption\":\"Compuviper\"},\"image\":{\"@id\":\"https:\/\/compuviper.mx\/tienda\/#\/schema\/logo\/image\/\"},\"sameAs\":[\"https:\/\/www.facebook.com\/compuviper\",\"https:\/\/www.youtube.com\/channel\/UCf73dERp9Y3cfOq7q8BhLjA?view_as=subscriber\"]}]}<\/script>\n<meta property=\"product:brand\" content=\"LOGITECH\" \/>\n<meta property=\"product:price:amount\" content=\"20878\" \/>\n<meta property=\"product:price:currency\" content=\"MXN\" \/>\n<meta property=\"og:availability\" content=\"out of stock\" \/>\n<meta property=\"product:availability\" content=\"out of stock\" \/>\n<meta property=\"product:retailer_item_id\" content=\"960-001690\" \/>\n<meta property=\"product:condition\" content=\"new\" \/>\n<!-- \/ Yoast SEO plugin. -->","yoast_head_json":{"title":"[ Logitech ] &#129351; 960-001690 Camara De Videoconferencia Meetup 2 All In One 4k Zoom 4x Hd Campo De Vision 120 Ideal Para Salas Peque\u00f1as.","description":"Compra 960-001690 Camara De Videoconferencia Meetup 2 All In One 4k Zoom 4x Hd Campo De Vision 120 Ideal Para Salas Peque\u00f1as. + Env\u00edo a domicilio + Pago seguro + Garant\u00eda","robots":{"index":"index","follow":"follow","max-snippet":"max-snippet:-1","max-image-preview":"max-image-preview:large","max-video-preview":"max-video-preview:-1"},"canonical":"https:\/\/compuviper.mx\/tienda\/producto\/logitech-960-001690-camara-de-videoconferencia-meetup-2-all-in-one-4k-zoom-4x-hd-campo-de-vision-120-ideal-para-salas-pequeas\/","og_locale":"es_MX","og_type":"article","og_title":"[ Logitech ] &#129351; 960-001690 Camara De Videoconferencia Meetup 2 All In One 4k Zoom 4x Hd Campo De Vision 120 Ideal Para Salas Peque\u00f1as.","og_description":"Compra 960-001690 Camara De Videoconferencia Meetup 2 All In One 4k Zoom 4x Hd Campo De Vision 120 Ideal Para Salas Peque\u00f1as. + Env\u00edo a domicilio + Pago seguro + Garant\u00eda","og_url":"https:\/\/compuviper.mx\/tienda\/producto\/logitech-960-001690-camara-de-videoconferencia-meetup-2-all-in-one-4k-zoom-4x-hd-campo-de-vision-120-ideal-para-salas-pequeas\/","og_site_name":"Compuviper","article_publisher":"https:\/\/www.facebook.com\/compuviper","og_image":[{"width":200,"height":200,"url":"https:\/\/compuviper.mx\/tienda\/wp-content\/uploads\/2025\/10\/Camara-de-videoconferencia-logitech-meetup-2-all-in-one-4k-zoom-4x-hd-campo-de-vision-120-ideal-para-salas-pequenas.jpg","type":"image\/jpeg"}],"twitter_card":"summary_large_image","twitter_misc":{"Precio":"&#36;20,878 con IVA","Availability":"Out of stock"},"schema":{"@context":"https:\/\/schema.org","@graph":[{"@type":"WebPage","@id":"https:\/\/compuviper.mx\/tienda\/producto\/logitech-960-001690-camara-de-videoconferencia-meetup-2-all-in-one-4k-zoom-4x-hd-campo-de-vision-120-ideal-para-salas-pequeas\/","url":"https:\/\/compuviper.mx\/tienda\/producto\/logitech-960-001690-camara-de-videoconferencia-meetup-2-all-in-one-4k-zoom-4x-hd-campo-de-vision-120-ideal-para-salas-pequeas\/","name":"[ Logitech ] &#129351; 960-001690 Camara De Videoconferencia Meetup 2 All In One 4k Zoom 4x Hd Campo De Vision 120 Ideal Para Salas Peque\u00f1as.","isPartOf":{"@id":"https:\/\/compuviper.mx\/tienda\/#website"},"datePublished":"2026-04-17T06:17:40+00:00","dateModified":"2026-04-17T06:17:40+00:00","description":"Compra 960-001690 Camara De Videoconferencia Meetup 2 All In One 4k Zoom 4x Hd Campo De Vision 120 Ideal Para Salas Peque\u00f1as. + Env\u00edo a domicilio + Pago seguro + Garant\u00eda","breadcrumb":{"@id":"https:\/\/compuviper.mx\/tienda\/producto\/logitech-960-001690-camara-de-videoconferencia-meetup-2-all-in-one-4k-zoom-4x-hd-campo-de-vision-120-ideal-para-salas-pequeas\/#breadcrumb"},"inLanguage":"es-MX","potentialAction":[{"@type":"ReadAction","target":["https:\/\/compuviper.mx\/tienda\/producto\/logitech-960-001690-camara-de-videoconferencia-meetup-2-all-in-one-4k-zoom-4x-hd-campo-de-vision-120-ideal-para-salas-pequeas\/"]}]},{"@type":"BreadcrumbList","@id":"https:\/\/compuviper.mx\/tienda\/producto\/logitech-960-001690-camara-de-videoconferencia-meetup-2-all-in-one-4k-zoom-4x-hd-campo-de-vision-120-ideal-para-salas-pequeas\/#breadcrumb","itemListElement":[{"@type":"ListItem","position":1,"name":"Inicio","item":"https:\/\/compuviper.mx\/tienda\/"},{"@type":"ListItem","position":2,"name":"Productos","item":"https:\/\/compuviper.mx\/tienda\/productos\/"},{"@type":"ListItem","position":3,"name":"Videoconferencia","item":"https:\/\/compuviper.mx\/tienda\/categoria-producto\/videoconferencia\/"},{"@type":"ListItem","position":4,"name":"Sin Categor\u00eda","item":"https:\/\/compuviper.mx\/tienda\/categoria-producto\/videoconferencia\/sin-categoria-videoconferencia\/"},{"@type":"ListItem","position":5,"name":"Logitech 960-001690 Camara De Videoconferencia Meetup 2 All In One 4k Zoom 4x Hd Campo De Vision 120 Ideal Para Salas Peque?as."}]},{"@type":"WebSite","@id":"https:\/\/compuviper.mx\/tienda\/#website","url":"https:\/\/compuviper.mx\/tienda\/","name":"Compuviper","description":"Proveedor de Computadoras, Laptops, Servidores, Monitores, Puntos de Venta, Teclados,   Impresoras, T\u00f3ner, C\u00e1maras de Seguridad y m\u00e1s en tu tienda en l\u00ednea","publisher":{"@id":"https:\/\/compuviper.mx\/tienda\/#organization"},"potentialAction":[{"@type":"SearchAction","target":{"@type":"EntryPoint","urlTemplate":"https:\/\/compuviper.mx\/tienda\/?s={search_term_string}"},"query-input":"required name=search_term_string"}],"inLanguage":"es-MX"},{"@type":"Organization","@id":"https:\/\/compuviper.mx\/tienda\/#organization","name":"Compuviper","url":"https:\/\/compuviper.mx\/tienda\/","logo":{"@type":"ImageObject","inLanguage":"es-MX","@id":"https:\/\/compuviper.mx\/tienda\/#\/schema\/logo\/image\/","url":"https:\/\/compuviper.mx\/tienda\/wp-content\/uploads\/2021\/08\/Logo-Compuviper-10.png","contentUrl":"https:\/\/compuviper.mx\/tienda\/wp-content\/uploads\/2021\/08\/Logo-Compuviper-10.png","width":1000,"height":500,"caption":"Compuviper"},"image":{"@id":"https:\/\/compuviper.mx\/tienda\/#\/schema\/logo\/image\/"},"sameAs":["https:\/\/www.facebook.com\/compuviper","https:\/\/www.youtube.com\/channel\/UCf73dERp9Y3cfOq7q8BhLjA?view_as=subscriber"]}]},"product_brand":"LOGITECH","product_price_amount":"20878","product_price_currency":"MXN","og_availability":"out of stock","product_availability":"out of stock","product_retailer_item_id":"960-001690","product_condition":"new"},"_links":{"self":[{"href":"https:\/\/compuviper.mx\/tienda\/wp-json\/wp\/v2\/product\/248874"}],"collection":[{"href":"https:\/\/compuviper.mx\/tienda\/wp-json\/wp\/v2\/product"}],"about":[{"href":"https:\/\/compuviper.mx\/tienda\/wp-json\/wp\/v2\/types\/product"}],"replies":[{"embeddable":true,"href":"https:\/\/compuviper.mx\/tienda\/wp-json\/wp\/v2\/comments?post=248874"}],"wp:featuredmedia":[{"embeddable":true,"href":"https:\/\/compuviper.mx\/tienda\/wp-json\/wp\/v2\/media\/259389"}],"wp:attachment":[{"href":"https:\/\/compuviper.mx\/tienda\/wp-json\/wp\/v2\/media?parent=248874"}],"wp:term":[{"taxonomy":"product_cat","embeddable":true,"href":"https:\/\/compuviper.mx\/tienda\/wp-json\/wp\/v2\/product_cat?post=248874"},{"taxonomy":"product_tag","embeddable":true,"href":"https:\/\/compuviper.mx\/tienda\/wp-json\/wp\/v2\/product_tag?post=248874"}],"curies":[{"name":"wp","href":"https:\/\/api.w.org\/{rel}","templated":true}]}}