{"id":248855,"date":"2026-04-07T01:58:09","date_gmt":"2026-04-07T07:58:09","guid":{"rendered":"https:\/\/compuviper.mx\/tienda\/producto\/dell-520-bbbd-audifonos-con-microfono-gaming-alienware-aw520h-alambricos-usb-negros\/"},"modified":"2026-04-07T01:58:09","modified_gmt":"2026-04-07T07:58:09","slug":"dell-520-bbbd-audifonos-con-microfono-gaming-alienware-aw520h-alambricos-usb-dark","status":"publish","type":"product","link":"https:\/\/compuviper.mx\/tienda\/producto\/dell-520-bbbd-audifonos-con-microfono-gaming-alienware-aw520h-alambricos-usb-dark\/","title":{"rendered":"Dell 520-bbbd Audifonos Con Microfono  Gaming Alienware Aw520h | Alambricos | Usb | Dark |"},"content":{"rendered":"<table class=\"descripcion\">\n<tr>\n<td>Compatibilidad<\/td>\n<\/tr>\n<tr>\n<td>Windows<\/td>\n<\/tr>\n<tr>\n<td>Funciones adicionales<\/td>\n<\/tr>\n<tr>\n<td>Luz rgb<\/td>\n<\/tr>\n<tr>\n<td>Material de las almohadillas<\/td>\n<\/tr>\n<tr>\n<td>Espuma viscoel\u00e1stica, tela transpirable<\/td>\n<\/tr>\n<tr>\n<td>Gaming<\/td>\n<\/tr>\n<tr>\n<td>S\u00ed<\/td>\n<\/tr>\n<tr>\n<td>Respuesta de frecuencia<\/td>\n<\/tr>\n<tr>\n<td>20 &#8211; 40000 hz<\/td>\n<\/tr>\n<tr>\n<td>Impedancia<\/td>\n<\/tr>\n<tr>\n<td>32 ohm<\/td>\n<\/tr>\n<tr>\n<td>Accesorios incluidos<\/td>\n<\/tr>\n<tr>\n<td>Adaptador de 3,5 mm a usb<\/td>\n<\/tr>\n<tr>\n<td>Detalles de cables<\/td>\n<\/tr>\n<tr>\n<td>Cable para auriculares &#8211; 2 m<\/td>\n<\/tr>\n<\/table>\n","protected":false},"excerpt":{"rendered":"<p>Disfruta de un sonido envolvente con controladores certificados de alta resoluci\u00f3n y compatibilidad con el audio experimente un sonido enriquecido y claro con controladores certificados de alta resoluci\u00f3n y audio espacial dolby atmos\u00ae que hace que se sienta parte de sus juegos. Los controladores ofrecen sonido n\u00edtido en una amplia variedad de frecuencias, mientras que el audio espacial proporciona precisi\u00f3n posicional exacta para la inmersi\u00f3n total. Las conexiones usb y de 3,5 mm adaptables le permiten conectarse f\u00e1cilmente a la pc y a otros dispositivos compatibles con 3,5 mm. Color cara oculta de la luna. Garant\u00eda limitada &#8211; 2 a\u00f1os. Upc 88411644854<\/p>\n","protected":false},"featured_media":260866,"comment_status":"open","ping_status":"open","template":"","meta":[],"product_cat":[1552,1816],"product_tag":[1537],"acf":[],"yoast_head":"<!-- This site is optimized with the Yoast SEO plugin v21.7 - https:\/\/yoast.com\/wordpress\/plugins\/seo\/ -->\n<title>[ Dell ] &#129351; 520-bbbd Audifonos Con Microfono Gaming Alienware Aw520h | Alambricos | Usb | Dark |<\/title>\n<meta name=\"description\" content=\"Compra 520-bbbd Audifonos Con Microfono Gaming Alienware Aw520h | Alambricos | Usb | Dark | + Env\u00edo a domicilio + Pago seguro + Garant\u00eda\" \/>\n<meta name=\"robots\" content=\"index, follow, max-snippet:-1, max-image-preview:large, max-video-preview:-1\" \/>\n<link rel=\"canonical\" href=\"https:\/\/compuviper.mx\/tienda\/producto\/dell-520-bbbd-audifonos-con-microfono-gaming-alienware-aw520h-alambricos-usb-dark\/\" \/>\n<meta property=\"og:locale\" content=\"es_MX\" \/>\n<meta property=\"og:type\" content=\"article\" \/>\n<meta property=\"og:title\" content=\"[ Dell ] &#129351; 520-bbbd Audifonos Con Microfono Gaming Alienware Aw520h | Alambricos | Usb | Dark |\" \/>\n<meta property=\"og:description\" content=\"Compra 520-bbbd Audifonos Con Microfono Gaming Alienware Aw520h | Alambricos | Usb | Dark | + Env\u00edo a domicilio + Pago seguro + Garant\u00eda\" \/>\n<meta property=\"og:url\" content=\"https:\/\/compuviper.mx\/tienda\/producto\/dell-520-bbbd-audifonos-con-microfono-gaming-alienware-aw520h-alambricos-usb-dark\/\" \/>\n<meta property=\"og:site_name\" content=\"Compuviper\" \/>\n<meta property=\"article:publisher\" content=\"https:\/\/www.facebook.com\/compuviper\" \/>\n<meta property=\"og:image\" content=\"https:\/\/compuviper.mx\/tienda\/wp-content\/uploads\/2025\/10\/Audifonos-con-microfono-dell-gaming-alienware-aw520h-alambricos-usb-dark-520-bbbd.jpg\" \/>\n\t<meta property=\"og:image:width\" content=\"200\" \/>\n\t<meta property=\"og:image:height\" content=\"200\" \/>\n\t<meta property=\"og:image:type\" content=\"image\/jpeg\" \/>\n<meta name=\"twitter:card\" content=\"summary_large_image\" \/>\n<meta name=\"twitter:label1\" content=\"Precio\" \/>\n\t<meta name=\"twitter:data1\" content=\"&#36;3,180 con IVA\" \/>\n\t<meta name=\"twitter:label2\" content=\"Availability\" \/>\n\t<meta name=\"twitter:data2\" content=\"On backorder\" \/>\n<script type=\"application\/ld+json\" class=\"yoast-schema-graph\">{\"@context\":\"https:\/\/schema.org\",\"@graph\":[{\"@type\":\"WebPage\",\"@id\":\"https:\/\/compuviper.mx\/tienda\/producto\/dell-520-bbbd-audifonos-con-microfono-gaming-alienware-aw520h-alambricos-usb-dark\/\",\"url\":\"https:\/\/compuviper.mx\/tienda\/producto\/dell-520-bbbd-audifonos-con-microfono-gaming-alienware-aw520h-alambricos-usb-dark\/\",\"name\":\"[ Dell ] &#129351; 520-bbbd Audifonos Con Microfono Gaming Alienware Aw520h | Alambricos | Usb | Dark |\",\"isPartOf\":{\"@id\":\"https:\/\/compuviper.mx\/tienda\/#website\"},\"datePublished\":\"2026-04-07T07:58:09+00:00\",\"dateModified\":\"2026-04-07T07:58:09+00:00\",\"description\":\"Compra 520-bbbd Audifonos Con Microfono Gaming Alienware Aw520h | Alambricos | Usb | Dark | + Env\u00edo a domicilio + Pago seguro + Garant\u00eda\",\"breadcrumb\":{\"@id\":\"https:\/\/compuviper.mx\/tienda\/producto\/dell-520-bbbd-audifonos-con-microfono-gaming-alienware-aw520h-alambricos-usb-dark\/#breadcrumb\"},\"inLanguage\":\"es-MX\",\"potentialAction\":[{\"@type\":\"ReadAction\",\"target\":[\"https:\/\/compuviper.mx\/tienda\/producto\/dell-520-bbbd-audifonos-con-microfono-gaming-alienware-aw520h-alambricos-usb-dark\/\"]}]},{\"@type\":\"BreadcrumbList\",\"@id\":\"https:\/\/compuviper.mx\/tienda\/producto\/dell-520-bbbd-audifonos-con-microfono-gaming-alienware-aw520h-alambricos-usb-dark\/#breadcrumb\",\"itemListElement\":[{\"@type\":\"ListItem\",\"position\":1,\"name\":\"Inicio\",\"item\":\"https:\/\/compuviper.mx\/tienda\/\"},{\"@type\":\"ListItem\",\"position\":2,\"name\":\"Productos\",\"item\":\"https:\/\/compuviper.mx\/tienda\/productos\/\"},{\"@type\":\"ListItem\",\"position\":3,\"name\":\"Audifonos Y Micro\",\"item\":\"https:\/\/compuviper.mx\/tienda\/categoria-producto\/audifonos-y-micro\/\"},{\"@type\":\"ListItem\",\"position\":4,\"name\":\"Audifono Con Microfono\",\"item\":\"https:\/\/compuviper.mx\/tienda\/categoria-producto\/audifonos-y-micro\/audifono-con-microfono\/\"},{\"@type\":\"ListItem\",\"position\":5,\"name\":\"Dell 520-bbbd Audifonos Con Microfono Gaming Alienware Aw520h | Alambricos | Usb | Dark |\"}]},{\"@type\":\"WebSite\",\"@id\":\"https:\/\/compuviper.mx\/tienda\/#website\",\"url\":\"https:\/\/compuviper.mx\/tienda\/\",\"name\":\"Compuviper\",\"description\":\"Proveedor de Computadoras, Laptops, Servidores, Monitores, Puntos de Venta, Teclados,   Impresoras, T\u00f3ner, C\u00e1maras de Seguridad y m\u00e1s en tu tienda en l\u00ednea\",\"publisher\":{\"@id\":\"https:\/\/compuviper.mx\/tienda\/#organization\"},\"potentialAction\":[{\"@type\":\"SearchAction\",\"target\":{\"@type\":\"EntryPoint\",\"urlTemplate\":\"https:\/\/compuviper.mx\/tienda\/?s={search_term_string}\"},\"query-input\":\"required name=search_term_string\"}],\"inLanguage\":\"es-MX\"},{\"@type\":\"Organization\",\"@id\":\"https:\/\/compuviper.mx\/tienda\/#organization\",\"name\":\"Compuviper\",\"url\":\"https:\/\/compuviper.mx\/tienda\/\",\"logo\":{\"@type\":\"ImageObject\",\"inLanguage\":\"es-MX\",\"@id\":\"https:\/\/compuviper.mx\/tienda\/#\/schema\/logo\/image\/\",\"url\":\"https:\/\/compuviper.mx\/tienda\/wp-content\/uploads\/2021\/08\/Logo-Compuviper-10.png\",\"contentUrl\":\"https:\/\/compuviper.mx\/tienda\/wp-content\/uploads\/2021\/08\/Logo-Compuviper-10.png\",\"width\":1000,\"height\":500,\"caption\":\"Compuviper\"},\"image\":{\"@id\":\"https:\/\/compuviper.mx\/tienda\/#\/schema\/logo\/image\/\"},\"sameAs\":[\"https:\/\/www.facebook.com\/compuviper\",\"https:\/\/www.youtube.com\/channel\/UCf73dERp9Y3cfOq7q8BhLjA?view_as=subscriber\"]}]}<\/script>\n<meta property=\"product:brand\" content=\"DELL\" \/>\n<meta property=\"product:price:amount\" content=\"3180\" \/>\n<meta property=\"product:price:currency\" content=\"MXN\" \/>\n<meta property=\"og:availability\" content=\"backorder\" \/>\n<meta property=\"product:availability\" content=\"available for order\" \/>\n<meta property=\"product:retailer_item_id\" content=\"520-BBBD\" \/>\n<meta property=\"product:condition\" content=\"new\" \/>\n<!-- \/ Yoast SEO plugin. -->","yoast_head_json":{"title":"[ Dell ] &#129351; 520-bbbd Audifonos Con Microfono Gaming Alienware Aw520h | Alambricos | Usb | Dark |","description":"Compra 520-bbbd Audifonos Con Microfono Gaming Alienware Aw520h | Alambricos | Usb | Dark | + Env\u00edo a domicilio + Pago seguro + Garant\u00eda","robots":{"index":"index","follow":"follow","max-snippet":"max-snippet:-1","max-image-preview":"max-image-preview:large","max-video-preview":"max-video-preview:-1"},"canonical":"https:\/\/compuviper.mx\/tienda\/producto\/dell-520-bbbd-audifonos-con-microfono-gaming-alienware-aw520h-alambricos-usb-dark\/","og_locale":"es_MX","og_type":"article","og_title":"[ Dell ] &#129351; 520-bbbd Audifonos Con Microfono Gaming Alienware Aw520h | Alambricos | Usb | Dark |","og_description":"Compra 520-bbbd Audifonos Con Microfono Gaming Alienware Aw520h | Alambricos | Usb | Dark | + Env\u00edo a domicilio + Pago seguro + Garant\u00eda","og_url":"https:\/\/compuviper.mx\/tienda\/producto\/dell-520-bbbd-audifonos-con-microfono-gaming-alienware-aw520h-alambricos-usb-dark\/","og_site_name":"Compuviper","article_publisher":"https:\/\/www.facebook.com\/compuviper","og_image":[{"width":200,"height":200,"url":"https:\/\/compuviper.mx\/tienda\/wp-content\/uploads\/2025\/10\/Audifonos-con-microfono-dell-gaming-alienware-aw520h-alambricos-usb-dark-520-bbbd.jpg","type":"image\/jpeg"}],"twitter_card":"summary_large_image","twitter_misc":{"Precio":"&#36;3,180 con IVA","Availability":"On backorder"},"schema":{"@context":"https:\/\/schema.org","@graph":[{"@type":"WebPage","@id":"https:\/\/compuviper.mx\/tienda\/producto\/dell-520-bbbd-audifonos-con-microfono-gaming-alienware-aw520h-alambricos-usb-dark\/","url":"https:\/\/compuviper.mx\/tienda\/producto\/dell-520-bbbd-audifonos-con-microfono-gaming-alienware-aw520h-alambricos-usb-dark\/","name":"[ Dell ] &#129351; 520-bbbd Audifonos Con Microfono Gaming Alienware Aw520h | Alambricos | Usb | Dark |","isPartOf":{"@id":"https:\/\/compuviper.mx\/tienda\/#website"},"datePublished":"2026-04-07T07:58:09+00:00","dateModified":"2026-04-07T07:58:09+00:00","description":"Compra 520-bbbd Audifonos Con Microfono Gaming Alienware Aw520h | Alambricos | Usb | Dark | + Env\u00edo a domicilio + Pago seguro + Garant\u00eda","breadcrumb":{"@id":"https:\/\/compuviper.mx\/tienda\/producto\/dell-520-bbbd-audifonos-con-microfono-gaming-alienware-aw520h-alambricos-usb-dark\/#breadcrumb"},"inLanguage":"es-MX","potentialAction":[{"@type":"ReadAction","target":["https:\/\/compuviper.mx\/tienda\/producto\/dell-520-bbbd-audifonos-con-microfono-gaming-alienware-aw520h-alambricos-usb-dark\/"]}]},{"@type":"BreadcrumbList","@id":"https:\/\/compuviper.mx\/tienda\/producto\/dell-520-bbbd-audifonos-con-microfono-gaming-alienware-aw520h-alambricos-usb-dark\/#breadcrumb","itemListElement":[{"@type":"ListItem","position":1,"name":"Inicio","item":"https:\/\/compuviper.mx\/tienda\/"},{"@type":"ListItem","position":2,"name":"Productos","item":"https:\/\/compuviper.mx\/tienda\/productos\/"},{"@type":"ListItem","position":3,"name":"Audifonos Y Micro","item":"https:\/\/compuviper.mx\/tienda\/categoria-producto\/audifonos-y-micro\/"},{"@type":"ListItem","position":4,"name":"Audifono Con Microfono","item":"https:\/\/compuviper.mx\/tienda\/categoria-producto\/audifonos-y-micro\/audifono-con-microfono\/"},{"@type":"ListItem","position":5,"name":"Dell 520-bbbd Audifonos Con Microfono Gaming Alienware Aw520h | Alambricos | Usb | Dark |"}]},{"@type":"WebSite","@id":"https:\/\/compuviper.mx\/tienda\/#website","url":"https:\/\/compuviper.mx\/tienda\/","name":"Compuviper","description":"Proveedor de Computadoras, Laptops, Servidores, Monitores, Puntos de Venta, Teclados,   Impresoras, T\u00f3ner, C\u00e1maras de Seguridad y m\u00e1s en tu tienda en l\u00ednea","publisher":{"@id":"https:\/\/compuviper.mx\/tienda\/#organization"},"potentialAction":[{"@type":"SearchAction","target":{"@type":"EntryPoint","urlTemplate":"https:\/\/compuviper.mx\/tienda\/?s={search_term_string}"},"query-input":"required name=search_term_string"}],"inLanguage":"es-MX"},{"@type":"Organization","@id":"https:\/\/compuviper.mx\/tienda\/#organization","name":"Compuviper","url":"https:\/\/compuviper.mx\/tienda\/","logo":{"@type":"ImageObject","inLanguage":"es-MX","@id":"https:\/\/compuviper.mx\/tienda\/#\/schema\/logo\/image\/","url":"https:\/\/compuviper.mx\/tienda\/wp-content\/uploads\/2021\/08\/Logo-Compuviper-10.png","contentUrl":"https:\/\/compuviper.mx\/tienda\/wp-content\/uploads\/2021\/08\/Logo-Compuviper-10.png","width":1000,"height":500,"caption":"Compuviper"},"image":{"@id":"https:\/\/compuviper.mx\/tienda\/#\/schema\/logo\/image\/"},"sameAs":["https:\/\/www.facebook.com\/compuviper","https:\/\/www.youtube.com\/channel\/UCf73dERp9Y3cfOq7q8BhLjA?view_as=subscriber"]}]},"product_brand":"DELL","product_price_amount":"3180","product_price_currency":"MXN","og_availability":"backorder","product_availability":"available for order","product_retailer_item_id":"520-BBBD","product_condition":"new"},"_links":{"self":[{"href":"https:\/\/compuviper.mx\/tienda\/wp-json\/wp\/v2\/product\/248855"}],"collection":[{"href":"https:\/\/compuviper.mx\/tienda\/wp-json\/wp\/v2\/product"}],"about":[{"href":"https:\/\/compuviper.mx\/tienda\/wp-json\/wp\/v2\/types\/product"}],"replies":[{"embeddable":true,"href":"https:\/\/compuviper.mx\/tienda\/wp-json\/wp\/v2\/comments?post=248855"}],"wp:featuredmedia":[{"embeddable":true,"href":"https:\/\/compuviper.mx\/tienda\/wp-json\/wp\/v2\/media\/260866"}],"wp:attachment":[{"href":"https:\/\/compuviper.mx\/tienda\/wp-json\/wp\/v2\/media?parent=248855"}],"wp:term":[{"taxonomy":"product_cat","embeddable":true,"href":"https:\/\/compuviper.mx\/tienda\/wp-json\/wp\/v2\/product_cat?post=248855"},{"taxonomy":"product_tag","embeddable":true,"href":"https:\/\/compuviper.mx\/tienda\/wp-json\/wp\/v2\/product_tag?post=248855"}],"curies":[{"name":"wp","href":"https:\/\/api.w.org\/{rel}","templated":true}]}}