{"id":248830,"date":"2026-04-21T00:52:38","date_gmt":"2026-04-21T06:52:38","guid":{"rendered":"https:\/\/compuviper.mx\/tienda\/producto\/balam-rush-br-940405-teclado-gamer-dominate-expert-gk959-inalambrico-dual-mecanico-ilumnacion-rgb-recargable-87-teclas-win-mac-android-consolas-de-juego-espaol-dongle-bt-5-0-n\/"},"modified":"2026-04-21T00:52:39","modified_gmt":"2026-04-21T06:52:39","slug":"balam-rush-br-940405-teclado-gamer-dominate-expert-gk959-inalambrico-dual-mecanico-ilumnacion-rgb-recargable-87-teclas-win-mac-android-consolas-de-juego-espaol-dongle-bt-5-0-n","status":"publish","type":"product","link":"https:\/\/compuviper.mx\/tienda\/producto\/balam-rush-br-940405-teclado-gamer-dominate-expert-gk959-inalambrico-dual-mecanico-ilumnacion-rgb-recargable-87-teclas-win-mac-android-consolas-de-juego-espaol-dongle-bt-5-0-n\/","title":{"rendered":"Balam Rush Br-940405 Teclado Gamer Dominate Expert Gk959 \/ Inalambrico Dual \/ Mecanico \/ Ilumnacion Rgb \/ Recargable \/ 87 Teclas \/ Win &#8211; Mac &#8211; Android &#8211; Consolas De Juego \/ Espa?ol \/ Dongle-bt 5.0 \/ Negro \/"},"content":{"rendered":"<table class=\"descripcion\">\n<tr>\n<td>Especificaciones del teclado<\/td>\n<\/tr>\n<tr>\n<td>\u0095 modelo: br-940405<\/td>\n<\/tr>\n<tr>\n<td>\u0095 producto: teclado inalambrico<\/td>\n<\/tr>\n<tr>\n<td>\u0095 color: negro<\/td>\n<\/tr>\n<tr>\n<td>\u0095 materiales: estructura metalica + abs<\/td>\n<\/tr>\n<tr>\n<td>\u0095 dimensiones: 35.8 x 15.2 x 2.8 cm<\/td>\n<\/tr>\n<tr>\n<td>\u0095 peso: 610 g<\/td>\n<\/tr>\n<tr>\n<td>\u0095 compatibilidad: windows \/ mac \/ android<\/td>\n<\/tr>\n<tr>\n<td>\u0095 idioma: espa\u00f1ol<\/td>\n<\/tr>\n<tr>\n<td>\u0095 numero de teclas: 87<\/td>\n<\/tr>\n<tr>\n<td>\u0095 tipo de impresion: doble inyeccion<\/td>\n<\/tr>\n<tr>\n<td>\u0095 teclas con funcion multimedia (fn): 12<\/td>\n<\/tr>\n<tr>\n<td>\u0095 tecnologia del teclado: mecanico<\/td>\n<\/tr>\n<tr>\n<td>\u0095 tipo de switch: brown<\/td>\n<\/tr>\n<tr>\n<td>\u0095 frecuencia de respuesta:<\/td>\n<\/tr>\n<tr>\n<td>      and #61607; alambrica: 1000 hz<\/td>\n<\/tr>\n<tr>\n<td>      and #61607; inalambrica: dongle 1000 hz  and  bluetooth 125 hz<\/td>\n<\/tr>\n<tr>\n<td>\u0095 anti-ghosting: si<\/td>\n<\/tr>\n<tr>\n<td>\u0095 alambrico<\/td>\n<\/tr>\n<tr>\n<td>      and #61607; tipo de conector: usb a &#8211; usb c<\/td>\n<\/tr>\n<tr>\n<td>      and #61607; tama\u00f1o de cable: 1.8 m de fibra trenzada<\/td>\n<\/tr>\n<tr>\n<td>\u0095 inalambrico<\/td>\n<\/tr>\n<tr>\n<td>      and #61607; tipo de conexion: 2.4 ghz + bluetooth 5.0<\/td>\n<\/tr>\n<tr>\n<td>      and #61607; distancia maxima: 10 m<\/td>\n<\/tr>\n<tr>\n<td>      and #61607; emparejamiento de multiples dispositivos: 5 dispositivos<\/td>\n<\/tr>\n<tr>\n<td>\u0095 iluminacion<\/td>\n<\/tr>\n<tr>\n<td>      and #61607; tipo: rgb<\/td>\n<\/tr>\n<tr>\n<td>      and #61607; modos: 18 modos y 5 niveles de velocidad<\/td>\n<\/tr>\n<tr>\n<td>\u0095 alimentacion<\/td>\n<\/tr>\n<tr>\n<td>      and #61607; bateria: recargable litio 5 v and #9107; 1850 mah<\/td>\n<\/tr>\n<tr>\n<td>      and #61607; carga: 3 horas<\/td>\n<\/tr>\n<tr>\n<td>      and #61607; duracion: 18 horas con iluminacion &#8211; 180 sin iluminacion<\/td>\n<\/tr>\n<tr>\n<td>\u0095 codigo ean-13: 7506215940405<\/td>\n<\/tr>\n<\/table>\n","protected":false},"excerpt":{"rendered":"<p>Teclado mec\u00e1nico. De precisi\u00f3n. Equipado con switches mec\u00e1nicos. Brown de larga duraci\u00f3n (50. Millones de pulsaciones), brinda. Respuesta t\u00e1ctil precisa, ideal. Para largas sesiones de gaming o. Escritura. Dise\u00f1o compacto. Y elegante. Con un formato del 80%, este. Teclado se adapta a espacios. Limitados sin sacrificar. Funcionalidad. Su estructura de. Solo 10 mm aporta un toque. Sofisticado a tu estaci\u00f3n de juego. Conexi\u00f3n r\u00e1pida y versatil. Cambia entre cinco dispositivos con. Bluetooth 5.0 y dongle inal\u00e1mbrico. Disfruta de. Una conexi\u00f3n ultra r\u00e1pida a 1000 hz, ideal. Para multitareas. Retroalimentaci\u00f3n. Rgb personalizable. Elige entre 18 modos de. Iluminaci\u00f3n y cinco velocidades. Ajustando el ambiente de juego a tu. Estilo con una paleta de color. Vibrante. La tecnolog\u00eda anti-ghosting. Permite pulsaciones simult\u00e1neas. Sin errores. Cada acci\u00f3n es reconocida. Con precisi\u00f3n, brindando ventaja en. Juegos competitivos. Eficiencia compacta. Tendimiento total<\/p>\n","protected":false},"featured_media":259753,"comment_status":"open","ping_status":"open","template":"","meta":[],"product_cat":[1713,1718],"product_tag":[2097],"acf":[],"yoast_head":"<!-- This site is optimized with the Yoast SEO plugin v21.7 - https:\/\/yoast.com\/wordpress\/plugins\/seo\/ -->\n<title>[ Balam Rush ] &#129351; Br-940405 Teclado Gamer Dominate Expert Gk959 \/ Inalambrico Dual \/ Mecanico \/ Ilumnacion Rgb \/ Recargable \/ 87 Teclas \/ Win - Mac - Android - Consolas De Juego \/ Espa\u00f1ol \/ Dongle-bt 5.0 \/ Negro \/<\/title>\n<meta name=\"description\" content=\"Compra Br-940405 Teclado Gamer Dominate Expert Gk959 \/ Inalambrico Dual \/ Mecanico \/ Ilumnacion Rgb \/ Recargable \/ 87 Teclas \/ Win - Mac - Android - Consolas De Juego \/ Espa\u00f1ol \/ Dongle-bt 5.0 \/ Negro \/ + Env\u00edo a domicilio + Pago seguro + Garant\u00eda\" \/>\n<meta name=\"robots\" content=\"index, follow, max-snippet:-1, max-image-preview:large, max-video-preview:-1\" \/>\n<link rel=\"canonical\" href=\"https:\/\/compuviper.mx\/tienda\/producto\/balam-rush-br-940405-teclado-gamer-dominate-expert-gk959-inalambrico-dual-mecanico-ilumnacion-rgb-recargable-87-teclas-win-mac-android-consolas-de-juego-espaol-dongle-bt-5-0-n\/\" \/>\n<meta property=\"og:locale\" content=\"es_MX\" \/>\n<meta property=\"og:type\" content=\"article\" \/>\n<meta property=\"og:title\" content=\"[ Balam Rush ] &#129351; Br-940405 Teclado Gamer Dominate Expert Gk959 \/ Inalambrico Dual \/ Mecanico \/ Ilumnacion Rgb \/ Recargable \/ 87 Teclas \/ Win - Mac - Android - Consolas De Juego \/ Espa\u00f1ol \/ Dongle-bt 5.0 \/ Negro \/\" \/>\n<meta property=\"og:description\" content=\"Compra Br-940405 Teclado Gamer Dominate Expert Gk959 \/ Inalambrico Dual \/ Mecanico \/ Ilumnacion Rgb \/ Recargable \/ 87 Teclas \/ Win - Mac - Android - Consolas De Juego \/ Espa\u00f1ol \/ Dongle-bt 5.0 \/ Negro \/ + Env\u00edo a domicilio + Pago seguro + Garant\u00eda\" \/>\n<meta property=\"og:url\" content=\"https:\/\/compuviper.mx\/tienda\/producto\/balam-rush-br-940405-teclado-gamer-dominate-expert-gk959-inalambrico-dual-mecanico-ilumnacion-rgb-recargable-87-teclas-win-mac-android-consolas-de-juego-espaol-dongle-bt-5-0-n\/\" \/>\n<meta property=\"og:site_name\" content=\"Compuviper\" \/>\n<meta property=\"article:publisher\" content=\"https:\/\/www.facebook.com\/compuviper\" \/>\n<meta property=\"article:modified_time\" content=\"2026-04-21T06:52:39+00:00\" \/>\n<meta property=\"og:image\" content=\"https:\/\/compuviper.mx\/tienda\/wp-content\/uploads\/2025\/10\/Teclado-gamer-dominate-expert-gk959-inalambrico-dual-mecanico-ilumnacion-rgb-recargable-87-teclas-win-mac-android-consolas-de-juego-espanol-dongle-bt-5.0-negro-br-940405.jpg\" \/>\n\t<meta property=\"og:image:width\" content=\"200\" \/>\n\t<meta property=\"og:image:height\" content=\"200\" \/>\n\t<meta property=\"og:image:type\" content=\"image\/jpeg\" \/>\n<meta name=\"twitter:card\" content=\"summary_large_image\" \/>\n<meta name=\"twitter:label1\" content=\"Precio\" \/>\n\t<meta name=\"twitter:data1\" content=\"&#36;941 &#36;734 con IVA\" \/>\n\t<meta name=\"twitter:label2\" content=\"Availability\" \/>\n\t<meta name=\"twitter:data2\" content=\"In stock\" \/>\n<script type=\"application\/ld+json\" class=\"yoast-schema-graph\">{\"@context\":\"https:\/\/schema.org\",\"@graph\":[{\"@type\":\"WebPage\",\"@id\":\"https:\/\/compuviper.mx\/tienda\/producto\/balam-rush-br-940405-teclado-gamer-dominate-expert-gk959-inalambrico-dual-mecanico-ilumnacion-rgb-recargable-87-teclas-win-mac-android-consolas-de-juego-espaol-dongle-bt-5-0-n\/\",\"url\":\"https:\/\/compuviper.mx\/tienda\/producto\/balam-rush-br-940405-teclado-gamer-dominate-expert-gk959-inalambrico-dual-mecanico-ilumnacion-rgb-recargable-87-teclas-win-mac-android-consolas-de-juego-espaol-dongle-bt-5-0-n\/\",\"name\":\"[ Balam Rush ] &#129351; Br-940405 Teclado Gamer Dominate Expert Gk959 \/ Inalambrico Dual \/ Mecanico \/ Ilumnacion Rgb \/ Recargable \/ 87 Teclas \/ Win - Mac - Android - Consolas De Juego \/ Espa\u00f1ol \/ Dongle-bt 5.0 \/ Negro \/\",\"isPartOf\":{\"@id\":\"https:\/\/compuviper.mx\/tienda\/#website\"},\"datePublished\":\"2026-04-21T06:52:38+00:00\",\"dateModified\":\"2026-04-21T06:52:39+00:00\",\"description\":\"Compra Br-940405 Teclado Gamer Dominate Expert Gk959 \/ Inalambrico Dual \/ Mecanico \/ Ilumnacion Rgb \/ Recargable \/ 87 Teclas \/ Win - Mac - Android - Consolas De Juego \/ Espa\u00f1ol \/ Dongle-bt 5.0 \/ Negro \/ + Env\u00edo a domicilio + Pago seguro + Garant\u00eda\",\"breadcrumb\":{\"@id\":\"https:\/\/compuviper.mx\/tienda\/producto\/balam-rush-br-940405-teclado-gamer-dominate-expert-gk959-inalambrico-dual-mecanico-ilumnacion-rgb-recargable-87-teclas-win-mac-android-consolas-de-juego-espaol-dongle-bt-5-0-n\/#breadcrumb\"},\"inLanguage\":\"es-MX\",\"potentialAction\":[{\"@type\":\"ReadAction\",\"target\":[\"https:\/\/compuviper.mx\/tienda\/producto\/balam-rush-br-940405-teclado-gamer-dominate-expert-gk959-inalambrico-dual-mecanico-ilumnacion-rgb-recargable-87-teclas-win-mac-android-consolas-de-juego-espaol-dongle-bt-5-0-n\/\"]}]},{\"@type\":\"BreadcrumbList\",\"@id\":\"https:\/\/compuviper.mx\/tienda\/producto\/balam-rush-br-940405-teclado-gamer-dominate-expert-gk959-inalambrico-dual-mecanico-ilumnacion-rgb-recargable-87-teclas-win-mac-android-consolas-de-juego-espaol-dongle-bt-5-0-n\/#breadcrumb\",\"itemListElement\":[{\"@type\":\"ListItem\",\"position\":1,\"name\":\"Inicio\",\"item\":\"https:\/\/compuviper.mx\/tienda\/\"},{\"@type\":\"ListItem\",\"position\":2,\"name\":\"Productos\",\"item\":\"https:\/\/compuviper.mx\/tienda\/productos\/\"},{\"@type\":\"ListItem\",\"position\":3,\"name\":\"Teclados\",\"item\":\"https:\/\/compuviper.mx\/tienda\/categoria-producto\/teclados\/\"},{\"@type\":\"ListItem\",\"position\":4,\"name\":\"Gamers\",\"item\":\"https:\/\/compuviper.mx\/tienda\/categoria-producto\/teclados\/gamers\/\"},{\"@type\":\"ListItem\",\"position\":5,\"name\":\"Balam Rush Br-940405 Teclado Gamer Dominate Expert Gk959 \/ Inalambrico Dual \/ Mecanico \/ Ilumnacion Rgb \/ Recargable \/ 87 Teclas \/ Win &#8211; Mac &#8211; Android &#8211; Consolas De Juego \/ Espa?ol \/ Dongle-bt 5.0 \/ Negro \/\"}]},{\"@type\":\"WebSite\",\"@id\":\"https:\/\/compuviper.mx\/tienda\/#website\",\"url\":\"https:\/\/compuviper.mx\/tienda\/\",\"name\":\"Compuviper\",\"description\":\"Proveedor de Computadoras, Laptops, Servidores, Monitores, Puntos de Venta, Teclados,   Impresoras, T\u00f3ner, C\u00e1maras de Seguridad y m\u00e1s en tu tienda en l\u00ednea\",\"publisher\":{\"@id\":\"https:\/\/compuviper.mx\/tienda\/#organization\"},\"potentialAction\":[{\"@type\":\"SearchAction\",\"target\":{\"@type\":\"EntryPoint\",\"urlTemplate\":\"https:\/\/compuviper.mx\/tienda\/?s={search_term_string}\"},\"query-input\":\"required name=search_term_string\"}],\"inLanguage\":\"es-MX\"},{\"@type\":\"Organization\",\"@id\":\"https:\/\/compuviper.mx\/tienda\/#organization\",\"name\":\"Compuviper\",\"url\":\"https:\/\/compuviper.mx\/tienda\/\",\"logo\":{\"@type\":\"ImageObject\",\"inLanguage\":\"es-MX\",\"@id\":\"https:\/\/compuviper.mx\/tienda\/#\/schema\/logo\/image\/\",\"url\":\"https:\/\/compuviper.mx\/tienda\/wp-content\/uploads\/2021\/08\/Logo-Compuviper-10.png\",\"contentUrl\":\"https:\/\/compuviper.mx\/tienda\/wp-content\/uploads\/2021\/08\/Logo-Compuviper-10.png\",\"width\":1000,\"height\":500,\"caption\":\"Compuviper\"},\"image\":{\"@id\":\"https:\/\/compuviper.mx\/tienda\/#\/schema\/logo\/image\/\"},\"sameAs\":[\"https:\/\/www.facebook.com\/compuviper\",\"https:\/\/www.youtube.com\/channel\/UCf73dERp9Y3cfOq7q8BhLjA?view_as=subscriber\"]}]}<\/script>\n<meta property=\"product:brand\" content=\"Balam Rush\" \/>\n<meta property=\"product:price:amount\" content=\"734\" \/>\n<meta property=\"product:price:currency\" content=\"MXN\" \/>\n<meta property=\"og:availability\" content=\"instock\" \/>\n<meta property=\"product:availability\" content=\"instock\" \/>\n<meta property=\"product:retailer_item_id\" content=\"BR-940405\" \/>\n<meta property=\"product:condition\" content=\"new\" \/>\n<!-- \/ Yoast SEO plugin. -->","yoast_head_json":{"title":"[ Balam Rush ] &#129351; Br-940405 Teclado Gamer Dominate Expert Gk959 \/ Inalambrico Dual \/ Mecanico \/ Ilumnacion Rgb \/ Recargable \/ 87 Teclas \/ Win - Mac - Android - Consolas De Juego \/ Espa\u00f1ol \/ Dongle-bt 5.0 \/ Negro \/","description":"Compra Br-940405 Teclado Gamer Dominate Expert Gk959 \/ Inalambrico Dual \/ Mecanico \/ Ilumnacion Rgb \/ Recargable \/ 87 Teclas \/ Win - Mac - Android - Consolas De Juego \/ Espa\u00f1ol \/ Dongle-bt 5.0 \/ Negro \/ + Env\u00edo a domicilio + Pago seguro + Garant\u00eda","robots":{"index":"index","follow":"follow","max-snippet":"max-snippet:-1","max-image-preview":"max-image-preview:large","max-video-preview":"max-video-preview:-1"},"canonical":"https:\/\/compuviper.mx\/tienda\/producto\/balam-rush-br-940405-teclado-gamer-dominate-expert-gk959-inalambrico-dual-mecanico-ilumnacion-rgb-recargable-87-teclas-win-mac-android-consolas-de-juego-espaol-dongle-bt-5-0-n\/","og_locale":"es_MX","og_type":"article","og_title":"[ Balam Rush ] &#129351; Br-940405 Teclado Gamer Dominate Expert Gk959 \/ Inalambrico Dual \/ Mecanico \/ Ilumnacion Rgb \/ Recargable \/ 87 Teclas \/ Win - Mac - Android - Consolas De Juego \/ Espa\u00f1ol \/ Dongle-bt 5.0 \/ Negro \/","og_description":"Compra Br-940405 Teclado Gamer Dominate Expert Gk959 \/ Inalambrico Dual \/ Mecanico \/ Ilumnacion Rgb \/ Recargable \/ 87 Teclas \/ Win - Mac - Android - Consolas De Juego \/ Espa\u00f1ol \/ Dongle-bt 5.0 \/ Negro \/ + Env\u00edo a domicilio + Pago seguro + Garant\u00eda","og_url":"https:\/\/compuviper.mx\/tienda\/producto\/balam-rush-br-940405-teclado-gamer-dominate-expert-gk959-inalambrico-dual-mecanico-ilumnacion-rgb-recargable-87-teclas-win-mac-android-consolas-de-juego-espaol-dongle-bt-5-0-n\/","og_site_name":"Compuviper","article_publisher":"https:\/\/www.facebook.com\/compuviper","article_modified_time":"2026-04-21T06:52:39+00:00","og_image":[{"width":200,"height":200,"url":"https:\/\/compuviper.mx\/tienda\/wp-content\/uploads\/2025\/10\/Teclado-gamer-dominate-expert-gk959-inalambrico-dual-mecanico-ilumnacion-rgb-recargable-87-teclas-win-mac-android-consolas-de-juego-espanol-dongle-bt-5.0-negro-br-940405.jpg","type":"image\/jpeg"}],"twitter_card":"summary_large_image","twitter_misc":{"Precio":"&#36;941 &#36;734 con IVA","Availability":"In stock"},"schema":{"@context":"https:\/\/schema.org","@graph":[{"@type":"WebPage","@id":"https:\/\/compuviper.mx\/tienda\/producto\/balam-rush-br-940405-teclado-gamer-dominate-expert-gk959-inalambrico-dual-mecanico-ilumnacion-rgb-recargable-87-teclas-win-mac-android-consolas-de-juego-espaol-dongle-bt-5-0-n\/","url":"https:\/\/compuviper.mx\/tienda\/producto\/balam-rush-br-940405-teclado-gamer-dominate-expert-gk959-inalambrico-dual-mecanico-ilumnacion-rgb-recargable-87-teclas-win-mac-android-consolas-de-juego-espaol-dongle-bt-5-0-n\/","name":"[ Balam Rush ] &#129351; Br-940405 Teclado Gamer Dominate Expert Gk959 \/ Inalambrico Dual \/ Mecanico \/ Ilumnacion Rgb \/ Recargable \/ 87 Teclas \/ Win - Mac - Android - Consolas De Juego \/ Espa\u00f1ol \/ Dongle-bt 5.0 \/ Negro \/","isPartOf":{"@id":"https:\/\/compuviper.mx\/tienda\/#website"},"datePublished":"2026-04-21T06:52:38+00:00","dateModified":"2026-04-21T06:52:39+00:00","description":"Compra Br-940405 Teclado Gamer Dominate Expert Gk959 \/ Inalambrico Dual \/ Mecanico \/ Ilumnacion Rgb \/ Recargable \/ 87 Teclas \/ Win - Mac - Android - Consolas De Juego \/ Espa\u00f1ol \/ Dongle-bt 5.0 \/ Negro \/ + Env\u00edo a domicilio + Pago seguro + Garant\u00eda","breadcrumb":{"@id":"https:\/\/compuviper.mx\/tienda\/producto\/balam-rush-br-940405-teclado-gamer-dominate-expert-gk959-inalambrico-dual-mecanico-ilumnacion-rgb-recargable-87-teclas-win-mac-android-consolas-de-juego-espaol-dongle-bt-5-0-n\/#breadcrumb"},"inLanguage":"es-MX","potentialAction":[{"@type":"ReadAction","target":["https:\/\/compuviper.mx\/tienda\/producto\/balam-rush-br-940405-teclado-gamer-dominate-expert-gk959-inalambrico-dual-mecanico-ilumnacion-rgb-recargable-87-teclas-win-mac-android-consolas-de-juego-espaol-dongle-bt-5-0-n\/"]}]},{"@type":"BreadcrumbList","@id":"https:\/\/compuviper.mx\/tienda\/producto\/balam-rush-br-940405-teclado-gamer-dominate-expert-gk959-inalambrico-dual-mecanico-ilumnacion-rgb-recargable-87-teclas-win-mac-android-consolas-de-juego-espaol-dongle-bt-5-0-n\/#breadcrumb","itemListElement":[{"@type":"ListItem","position":1,"name":"Inicio","item":"https:\/\/compuviper.mx\/tienda\/"},{"@type":"ListItem","position":2,"name":"Productos","item":"https:\/\/compuviper.mx\/tienda\/productos\/"},{"@type":"ListItem","position":3,"name":"Teclados","item":"https:\/\/compuviper.mx\/tienda\/categoria-producto\/teclados\/"},{"@type":"ListItem","position":4,"name":"Gamers","item":"https:\/\/compuviper.mx\/tienda\/categoria-producto\/teclados\/gamers\/"},{"@type":"ListItem","position":5,"name":"Balam Rush Br-940405 Teclado Gamer Dominate Expert Gk959 \/ Inalambrico Dual \/ Mecanico \/ Ilumnacion Rgb \/ Recargable \/ 87 Teclas \/ Win &#8211; Mac &#8211; Android &#8211; Consolas De Juego \/ Espa?ol \/ Dongle-bt 5.0 \/ Negro \/"}]},{"@type":"WebSite","@id":"https:\/\/compuviper.mx\/tienda\/#website","url":"https:\/\/compuviper.mx\/tienda\/","name":"Compuviper","description":"Proveedor de Computadoras, Laptops, Servidores, Monitores, Puntos de Venta, Teclados,   Impresoras, T\u00f3ner, C\u00e1maras de Seguridad y m\u00e1s en tu tienda en l\u00ednea","publisher":{"@id":"https:\/\/compuviper.mx\/tienda\/#organization"},"potentialAction":[{"@type":"SearchAction","target":{"@type":"EntryPoint","urlTemplate":"https:\/\/compuviper.mx\/tienda\/?s={search_term_string}"},"query-input":"required name=search_term_string"}],"inLanguage":"es-MX"},{"@type":"Organization","@id":"https:\/\/compuviper.mx\/tienda\/#organization","name":"Compuviper","url":"https:\/\/compuviper.mx\/tienda\/","logo":{"@type":"ImageObject","inLanguage":"es-MX","@id":"https:\/\/compuviper.mx\/tienda\/#\/schema\/logo\/image\/","url":"https:\/\/compuviper.mx\/tienda\/wp-content\/uploads\/2021\/08\/Logo-Compuviper-10.png","contentUrl":"https:\/\/compuviper.mx\/tienda\/wp-content\/uploads\/2021\/08\/Logo-Compuviper-10.png","width":1000,"height":500,"caption":"Compuviper"},"image":{"@id":"https:\/\/compuviper.mx\/tienda\/#\/schema\/logo\/image\/"},"sameAs":["https:\/\/www.facebook.com\/compuviper","https:\/\/www.youtube.com\/channel\/UCf73dERp9Y3cfOq7q8BhLjA?view_as=subscriber"]}]},"product_brand":"Balam Rush","product_price_amount":"734","product_price_currency":"MXN","og_availability":"instock","product_availability":"instock","product_retailer_item_id":"BR-940405","product_condition":"new"},"_links":{"self":[{"href":"https:\/\/compuviper.mx\/tienda\/wp-json\/wp\/v2\/product\/248830"}],"collection":[{"href":"https:\/\/compuviper.mx\/tienda\/wp-json\/wp\/v2\/product"}],"about":[{"href":"https:\/\/compuviper.mx\/tienda\/wp-json\/wp\/v2\/types\/product"}],"replies":[{"embeddable":true,"href":"https:\/\/compuviper.mx\/tienda\/wp-json\/wp\/v2\/comments?post=248830"}],"wp:featuredmedia":[{"embeddable":true,"href":"https:\/\/compuviper.mx\/tienda\/wp-json\/wp\/v2\/media\/259753"}],"wp:attachment":[{"href":"https:\/\/compuviper.mx\/tienda\/wp-json\/wp\/v2\/media?parent=248830"}],"wp:term":[{"taxonomy":"product_cat","embeddable":true,"href":"https:\/\/compuviper.mx\/tienda\/wp-json\/wp\/v2\/product_cat?post=248830"},{"taxonomy":"product_tag","embeddable":true,"href":"https:\/\/compuviper.mx\/tienda\/wp-json\/wp\/v2\/product_tag?post=248830"}],"curies":[{"name":"wp","href":"https:\/\/api.w.org\/{rel}","templated":true}]}}