{"id":248768,"date":"2026-04-07T01:39:12","date_gmt":"2026-04-07T07:39:12","guid":{"rendered":"https:\/\/compuviper.mx\/tienda\/producto\/epson-sld570se-plotter-minilab-surelab-d570se-impresora-4-pulgadas-usb-wifi-ethernet-red-fotografica-1440-x-720-dpi\/"},"modified":"2026-04-07T01:39:12","modified_gmt":"2026-04-07T07:39:12","slug":"epson-sld570se-plotter-minilab-surelab-d570se-impresora-4-pulgadas-usb-wifi-ethernet-red-fotografica-sin-consumibles-de-inicio-modelo-compatible-t54c-1440-x-720-dpi","status":"publish","type":"product","link":"https:\/\/compuviper.mx\/tienda\/producto\/epson-sld570se-plotter-minilab-surelab-d570se-impresora-4-pulgadas-usb-wifi-ethernet-red-fotografica-sin-consumibles-de-inicio-modelo-compatible-t54c-1440-x-720-dpi\/","title":{"rendered":"Epson Sld570se Plotter  Minilab Surelab D570se, Impresora, 4 Pulgadas, Usb, Wifi, Ethernet Red, Fotografica, Sin Consumibles De Inicio, Modelo Compatible T54c 1440 X 720 Dpi"},"content":{"rendered":"<table class=\"descripcion\">\n<tr>\n<td>Impresora fotografica de 4 x 6 pulgadas y 6 colores<\/td>\n<\/tr>\n<tr>\n<td>Tecnologia de impresion: cabezal de impresion avanzado micropiezo amc avanzado de 6 colores.<\/td>\n<\/tr>\n<tr>\n<td>Resolucion maxima de impresion: 1440 dpi x 720 dpi<\/td>\n<\/tr>\n<tr>\n<td>Area maxima de impresion: ancho de papel maximo 4 pulgadas, largo de papel maximo 6 pulgadas.<\/td>\n<\/tr>\n<tr>\n<td>Velocidad de impresion: impresiones de 4 x 6 pulgadas. 14 seg.(720 x 360 dpi)<\/td>\n<\/tr>\n<tr>\n<td>Grosor: 0,8 mm a 1,5 mm<\/td>\n<\/tr>\n<tr>\n<td>Ancho de impresion sin bordes: 3,5 x 5 , 4 x 6 .<\/td>\n<\/tr>\n<tr>\n<td>Margen de impresion: sin bordes, borde definido por la aplicacion.<\/td>\n<\/tr>\n<tr>\n<td>Autocortador. no<\/td>\n<\/tr>\n<tr>\n<td>Tinta de reemplazo: botellas de tinta de alta capacidad ultrachrome d6r-s de 70ml.<\/td>\n<\/tr>\n<tr>\n<td>Interfaces: usb 3.0 de alta velocidad (1 puerto), ethernet 100base-t (1 puerto), 2.4 ghz (802.11n) y 5 ghz inalambrico (ieee 802.11 b\/g\/n\/ac).<\/td>\n<\/tr>\n<tr>\n<td>Pantalla lcd: 1.44 pulgadas.<\/td>\n<\/tr>\n<tr>\n<td>Sistemas de operacion: mac os x 10.6.8 o posterior, windows 10, 8.1, 8 y 7 (32 bits, 64 bits)<\/td>\n<\/tr>\n<tr>\n<td>Temperatura: operativa: 50 \u00b0f a 95 \u00b0f (10 \u00b0c a 35 \u00b0c)<\/td>\n<\/tr>\n<tr>\n<td>Temperatura almacenada: -4 \u00b0f a 104 \u00b0f (-20 \u00b0c a 40 \u00b0c)<\/td>\n<\/tr>\n<tr>\n<td>Humedad: operativa: 20% &#8211; 80% (sin condensacion) almacenada: 5% a 85% (sin condensacion)<\/td>\n<\/tr>\n<tr>\n<td>Nivel de sonido: en operacion menos de 49 db (a). suspendida aprox. 38 db (a).<\/td>\n<\/tr>\n<tr>\n<td>Dimensiones: 11.7 pulgadas x 15.7 pulgadas x 6 pulgadas. cerrada: 299mm x 400mm x 154 mm (ancho x profundidad x alto)<\/td>\n<\/tr>\n<tr>\n<td>Peso: 38.3 lb (17.4 kg)<\/td>\n<\/tr>\n<tr>\n<td>Garantia: 1 a\u00f1o<\/td>\n<\/tr>\n<\/table>\n","protected":false},"excerpt":{"rendered":"<p>Aumente la productividad. Excelente calidad fotografica: impresion de alta calidad con el cabezal de impresion avanzado micro piezo amc y la tecnolog\u00eda de procesamiento y proyeccion de imagenes accuophoto de epson. Dise\u00f1o ultracompacto: liviano y portatil, muy adecuado para fotografia de eventos y para imprimir dode la necesite con su eficiente y bajo consumo de energia. Aumente su negocio y mantengase al dia con la demanda de volumne de impresion de los clientes.<\/p>\n","protected":false},"featured_media":260624,"comment_status":"open","ping_status":"open","template":"","meta":[],"product_cat":[1777,1785],"product_tag":[1624],"acf":[],"yoast_head":"<!-- This site is optimized with the Yoast SEO plugin v21.7 - https:\/\/yoast.com\/wordpress\/plugins\/seo\/ -->\n<title>[ Epson ] &#129351; Sld570se Plotter Minilab Surelab D570se, Impresora, 4 Pulgadas, Usb, Wifi, Ethernet Red, Fotografica, Sin Consumibles De Inicio, Modelo Compatible T54c 1440 X 720 Dpi<\/title>\n<meta name=\"description\" content=\"Compra Sld570se Plotter Minilab Surelab D570se, Impresora, 4 Pulgadas, Usb, Wifi, Ethernet Red, Fotografica, Sin Consumibles De Inicio, Modelo Compatible T54c 1440 X 720 Dpi + Env\u00edo a domicilio + Pago seguro + Garant\u00eda\" \/>\n<meta name=\"robots\" content=\"index, follow, max-snippet:-1, max-image-preview:large, max-video-preview:-1\" \/>\n<link rel=\"canonical\" href=\"https:\/\/compuviper.mx\/tienda\/producto\/epson-sld570se-plotter-minilab-surelab-d570se-impresora-4-pulgadas-usb-wifi-ethernet-red-fotografica-sin-consumibles-de-inicio-modelo-compatible-t54c-1440-x-720-dpi\/\" \/>\n<meta property=\"og:locale\" content=\"es_MX\" \/>\n<meta property=\"og:type\" content=\"article\" \/>\n<meta property=\"og:title\" content=\"[ Epson ] &#129351; Sld570se Plotter Minilab Surelab D570se, Impresora, 4 Pulgadas, Usb, Wifi, Ethernet Red, Fotografica, Sin Consumibles De Inicio, Modelo Compatible T54c 1440 X 720 Dpi\" \/>\n<meta property=\"og:description\" content=\"Compra Sld570se Plotter Minilab Surelab D570se, Impresora, 4 Pulgadas, Usb, Wifi, Ethernet Red, Fotografica, Sin Consumibles De Inicio, Modelo Compatible T54c 1440 X 720 Dpi + Env\u00edo a domicilio + Pago seguro + Garant\u00eda\" \/>\n<meta property=\"og:url\" content=\"https:\/\/compuviper.mx\/tienda\/producto\/epson-sld570se-plotter-minilab-surelab-d570se-impresora-4-pulgadas-usb-wifi-ethernet-red-fotografica-sin-consumibles-de-inicio-modelo-compatible-t54c-1440-x-720-dpi\/\" \/>\n<meta property=\"og:site_name\" content=\"Compuviper\" \/>\n<meta property=\"article:publisher\" content=\"https:\/\/www.facebook.com\/compuviper\" \/>\n<meta property=\"og:image\" content=\"https:\/\/compuviper.mx\/tienda\/wp-content\/uploads\/2025\/10\/Plotter-epson-minilab-surelab-d570se-impresora-4-pulgadas-usb-wifi-ethernet-red-fotografica-sin-consumibles-de-inicio-modelo-compatible-t54c-1440-x-720-dpi.jpg\" \/>\n\t<meta property=\"og:image:width\" content=\"200\" \/>\n\t<meta property=\"og:image:height\" content=\"200\" \/>\n\t<meta property=\"og:image:type\" content=\"image\/jpeg\" \/>\n<meta name=\"twitter:card\" content=\"summary_large_image\" \/>\n<meta name=\"twitter:label1\" content=\"Precio\" \/>\n\t<meta name=\"twitter:data1\" content=\"&#36;14,268 &#36;10,848 con IVA\" \/>\n\t<meta name=\"twitter:label2\" content=\"Availability\" \/>\n\t<meta name=\"twitter:data2\" content=\"On backorder\" \/>\n<script type=\"application\/ld+json\" class=\"yoast-schema-graph\">{\"@context\":\"https:\/\/schema.org\",\"@graph\":[{\"@type\":\"WebPage\",\"@id\":\"https:\/\/compuviper.mx\/tienda\/producto\/epson-sld570se-plotter-minilab-surelab-d570se-impresora-4-pulgadas-usb-wifi-ethernet-red-fotografica-sin-consumibles-de-inicio-modelo-compatible-t54c-1440-x-720-dpi\/\",\"url\":\"https:\/\/compuviper.mx\/tienda\/producto\/epson-sld570se-plotter-minilab-surelab-d570se-impresora-4-pulgadas-usb-wifi-ethernet-red-fotografica-sin-consumibles-de-inicio-modelo-compatible-t54c-1440-x-720-dpi\/\",\"name\":\"[ Epson ] &#129351; Sld570se Plotter Minilab Surelab D570se, Impresora, 4 Pulgadas, Usb, Wifi, Ethernet Red, Fotografica, Sin Consumibles De Inicio, Modelo Compatible T54c 1440 X 720 Dpi\",\"isPartOf\":{\"@id\":\"https:\/\/compuviper.mx\/tienda\/#website\"},\"datePublished\":\"2026-04-07T07:39:12+00:00\",\"dateModified\":\"2026-04-07T07:39:12+00:00\",\"description\":\"Compra Sld570se Plotter Minilab Surelab D570se, Impresora, 4 Pulgadas, Usb, Wifi, Ethernet Red, Fotografica, Sin Consumibles De Inicio, Modelo Compatible T54c 1440 X 720 Dpi + Env\u00edo a domicilio + Pago seguro + Garant\u00eda\",\"breadcrumb\":{\"@id\":\"https:\/\/compuviper.mx\/tienda\/producto\/epson-sld570se-plotter-minilab-surelab-d570se-impresora-4-pulgadas-usb-wifi-ethernet-red-fotografica-sin-consumibles-de-inicio-modelo-compatible-t54c-1440-x-720-dpi\/#breadcrumb\"},\"inLanguage\":\"es-MX\",\"potentialAction\":[{\"@type\":\"ReadAction\",\"target\":[\"https:\/\/compuviper.mx\/tienda\/producto\/epson-sld570se-plotter-minilab-surelab-d570se-impresora-4-pulgadas-usb-wifi-ethernet-red-fotografica-sin-consumibles-de-inicio-modelo-compatible-t54c-1440-x-720-dpi\/\"]}]},{\"@type\":\"BreadcrumbList\",\"@id\":\"https:\/\/compuviper.mx\/tienda\/producto\/epson-sld570se-plotter-minilab-surelab-d570se-impresora-4-pulgadas-usb-wifi-ethernet-red-fotografica-sin-consumibles-de-inicio-modelo-compatible-t54c-1440-x-720-dpi\/#breadcrumb\",\"itemListElement\":[{\"@type\":\"ListItem\",\"position\":1,\"name\":\"Inicio\",\"item\":\"https:\/\/compuviper.mx\/tienda\/\"},{\"@type\":\"ListItem\",\"position\":2,\"name\":\"Productos\",\"item\":\"https:\/\/compuviper.mx\/tienda\/productos\/\"},{\"@type\":\"ListItem\",\"position\":3,\"name\":\"Impresoras\",\"item\":\"https:\/\/compuviper.mx\/tienda\/categoria-producto\/impresoras\/\"},{\"@type\":\"ListItem\",\"position\":4,\"name\":\"Tanque De Tinta\",\"item\":\"https:\/\/compuviper.mx\/tienda\/categoria-producto\/impresoras\/tanque-de-tinta\/\"},{\"@type\":\"ListItem\",\"position\":5,\"name\":\"Epson Sld570se Plotter Minilab Surelab D570se, Impresora, 4 Pulgadas, Usb, Wifi, Ethernet Red, Fotografica, Sin Consumibles De Inicio, Modelo Compatible T54c 1440 X 720 Dpi\"}]},{\"@type\":\"WebSite\",\"@id\":\"https:\/\/compuviper.mx\/tienda\/#website\",\"url\":\"https:\/\/compuviper.mx\/tienda\/\",\"name\":\"Compuviper\",\"description\":\"Proveedor de Computadoras, Laptops, Servidores, Monitores, Puntos de Venta, Teclados,   Impresoras, T\u00f3ner, C\u00e1maras de Seguridad y m\u00e1s en tu tienda en l\u00ednea\",\"publisher\":{\"@id\":\"https:\/\/compuviper.mx\/tienda\/#organization\"},\"potentialAction\":[{\"@type\":\"SearchAction\",\"target\":{\"@type\":\"EntryPoint\",\"urlTemplate\":\"https:\/\/compuviper.mx\/tienda\/?s={search_term_string}\"},\"query-input\":\"required name=search_term_string\"}],\"inLanguage\":\"es-MX\"},{\"@type\":\"Organization\",\"@id\":\"https:\/\/compuviper.mx\/tienda\/#organization\",\"name\":\"Compuviper\",\"url\":\"https:\/\/compuviper.mx\/tienda\/\",\"logo\":{\"@type\":\"ImageObject\",\"inLanguage\":\"es-MX\",\"@id\":\"https:\/\/compuviper.mx\/tienda\/#\/schema\/logo\/image\/\",\"url\":\"https:\/\/compuviper.mx\/tienda\/wp-content\/uploads\/2021\/08\/Logo-Compuviper-10.png\",\"contentUrl\":\"https:\/\/compuviper.mx\/tienda\/wp-content\/uploads\/2021\/08\/Logo-Compuviper-10.png\",\"width\":1000,\"height\":500,\"caption\":\"Compuviper\"},\"image\":{\"@id\":\"https:\/\/compuviper.mx\/tienda\/#\/schema\/logo\/image\/\"},\"sameAs\":[\"https:\/\/www.facebook.com\/compuviper\",\"https:\/\/www.youtube.com\/channel\/UCf73dERp9Y3cfOq7q8BhLjA?view_as=subscriber\"]}]}<\/script>\n<meta property=\"product:brand\" content=\"EPSON\" \/>\n<meta property=\"product:price:amount\" content=\"10848\" \/>\n<meta property=\"product:price:currency\" content=\"MXN\" \/>\n<meta property=\"og:availability\" content=\"backorder\" \/>\n<meta property=\"product:availability\" content=\"available for order\" \/>\n<meta property=\"product:retailer_item_id\" content=\"SLD570SE\" \/>\n<meta property=\"product:condition\" content=\"new\" \/>\n<!-- \/ Yoast SEO plugin. -->","yoast_head_json":{"title":"[ Epson ] &#129351; Sld570se Plotter Minilab Surelab D570se, Impresora, 4 Pulgadas, Usb, Wifi, Ethernet Red, Fotografica, Sin Consumibles De Inicio, Modelo Compatible T54c 1440 X 720 Dpi","description":"Compra Sld570se Plotter Minilab Surelab D570se, Impresora, 4 Pulgadas, Usb, Wifi, Ethernet Red, Fotografica, Sin Consumibles De Inicio, Modelo Compatible T54c 1440 X 720 Dpi + Env\u00edo a domicilio + Pago seguro + Garant\u00eda","robots":{"index":"index","follow":"follow","max-snippet":"max-snippet:-1","max-image-preview":"max-image-preview:large","max-video-preview":"max-video-preview:-1"},"canonical":"https:\/\/compuviper.mx\/tienda\/producto\/epson-sld570se-plotter-minilab-surelab-d570se-impresora-4-pulgadas-usb-wifi-ethernet-red-fotografica-sin-consumibles-de-inicio-modelo-compatible-t54c-1440-x-720-dpi\/","og_locale":"es_MX","og_type":"article","og_title":"[ Epson ] &#129351; Sld570se Plotter Minilab Surelab D570se, Impresora, 4 Pulgadas, Usb, Wifi, Ethernet Red, Fotografica, Sin Consumibles De Inicio, Modelo Compatible T54c 1440 X 720 Dpi","og_description":"Compra Sld570se Plotter Minilab Surelab D570se, Impresora, 4 Pulgadas, Usb, Wifi, Ethernet Red, Fotografica, Sin Consumibles De Inicio, Modelo Compatible T54c 1440 X 720 Dpi + Env\u00edo a domicilio + Pago seguro + Garant\u00eda","og_url":"https:\/\/compuviper.mx\/tienda\/producto\/epson-sld570se-plotter-minilab-surelab-d570se-impresora-4-pulgadas-usb-wifi-ethernet-red-fotografica-sin-consumibles-de-inicio-modelo-compatible-t54c-1440-x-720-dpi\/","og_site_name":"Compuviper","article_publisher":"https:\/\/www.facebook.com\/compuviper","og_image":[{"width":200,"height":200,"url":"https:\/\/compuviper.mx\/tienda\/wp-content\/uploads\/2025\/10\/Plotter-epson-minilab-surelab-d570se-impresora-4-pulgadas-usb-wifi-ethernet-red-fotografica-sin-consumibles-de-inicio-modelo-compatible-t54c-1440-x-720-dpi.jpg","type":"image\/jpeg"}],"twitter_card":"summary_large_image","twitter_misc":{"Precio":"&#36;14,268 &#36;10,848 con IVA","Availability":"On backorder"},"schema":{"@context":"https:\/\/schema.org","@graph":[{"@type":"WebPage","@id":"https:\/\/compuviper.mx\/tienda\/producto\/epson-sld570se-plotter-minilab-surelab-d570se-impresora-4-pulgadas-usb-wifi-ethernet-red-fotografica-sin-consumibles-de-inicio-modelo-compatible-t54c-1440-x-720-dpi\/","url":"https:\/\/compuviper.mx\/tienda\/producto\/epson-sld570se-plotter-minilab-surelab-d570se-impresora-4-pulgadas-usb-wifi-ethernet-red-fotografica-sin-consumibles-de-inicio-modelo-compatible-t54c-1440-x-720-dpi\/","name":"[ Epson ] &#129351; Sld570se Plotter Minilab Surelab D570se, Impresora, 4 Pulgadas, Usb, Wifi, Ethernet Red, Fotografica, Sin Consumibles De Inicio, Modelo Compatible T54c 1440 X 720 Dpi","isPartOf":{"@id":"https:\/\/compuviper.mx\/tienda\/#website"},"datePublished":"2026-04-07T07:39:12+00:00","dateModified":"2026-04-07T07:39:12+00:00","description":"Compra Sld570se Plotter Minilab Surelab D570se, Impresora, 4 Pulgadas, Usb, Wifi, Ethernet Red, Fotografica, Sin Consumibles De Inicio, Modelo Compatible T54c 1440 X 720 Dpi + Env\u00edo a domicilio + Pago seguro + Garant\u00eda","breadcrumb":{"@id":"https:\/\/compuviper.mx\/tienda\/producto\/epson-sld570se-plotter-minilab-surelab-d570se-impresora-4-pulgadas-usb-wifi-ethernet-red-fotografica-sin-consumibles-de-inicio-modelo-compatible-t54c-1440-x-720-dpi\/#breadcrumb"},"inLanguage":"es-MX","potentialAction":[{"@type":"ReadAction","target":["https:\/\/compuviper.mx\/tienda\/producto\/epson-sld570se-plotter-minilab-surelab-d570se-impresora-4-pulgadas-usb-wifi-ethernet-red-fotografica-sin-consumibles-de-inicio-modelo-compatible-t54c-1440-x-720-dpi\/"]}]},{"@type":"BreadcrumbList","@id":"https:\/\/compuviper.mx\/tienda\/producto\/epson-sld570se-plotter-minilab-surelab-d570se-impresora-4-pulgadas-usb-wifi-ethernet-red-fotografica-sin-consumibles-de-inicio-modelo-compatible-t54c-1440-x-720-dpi\/#breadcrumb","itemListElement":[{"@type":"ListItem","position":1,"name":"Inicio","item":"https:\/\/compuviper.mx\/tienda\/"},{"@type":"ListItem","position":2,"name":"Productos","item":"https:\/\/compuviper.mx\/tienda\/productos\/"},{"@type":"ListItem","position":3,"name":"Impresoras","item":"https:\/\/compuviper.mx\/tienda\/categoria-producto\/impresoras\/"},{"@type":"ListItem","position":4,"name":"Tanque De Tinta","item":"https:\/\/compuviper.mx\/tienda\/categoria-producto\/impresoras\/tanque-de-tinta\/"},{"@type":"ListItem","position":5,"name":"Epson Sld570se Plotter Minilab Surelab D570se, Impresora, 4 Pulgadas, Usb, Wifi, Ethernet Red, Fotografica, Sin Consumibles De Inicio, Modelo Compatible T54c 1440 X 720 Dpi"}]},{"@type":"WebSite","@id":"https:\/\/compuviper.mx\/tienda\/#website","url":"https:\/\/compuviper.mx\/tienda\/","name":"Compuviper","description":"Proveedor de Computadoras, Laptops, Servidores, Monitores, Puntos de Venta, Teclados,   Impresoras, T\u00f3ner, C\u00e1maras de Seguridad y m\u00e1s en tu tienda en l\u00ednea","publisher":{"@id":"https:\/\/compuviper.mx\/tienda\/#organization"},"potentialAction":[{"@type":"SearchAction","target":{"@type":"EntryPoint","urlTemplate":"https:\/\/compuviper.mx\/tienda\/?s={search_term_string}"},"query-input":"required name=search_term_string"}],"inLanguage":"es-MX"},{"@type":"Organization","@id":"https:\/\/compuviper.mx\/tienda\/#organization","name":"Compuviper","url":"https:\/\/compuviper.mx\/tienda\/","logo":{"@type":"ImageObject","inLanguage":"es-MX","@id":"https:\/\/compuviper.mx\/tienda\/#\/schema\/logo\/image\/","url":"https:\/\/compuviper.mx\/tienda\/wp-content\/uploads\/2021\/08\/Logo-Compuviper-10.png","contentUrl":"https:\/\/compuviper.mx\/tienda\/wp-content\/uploads\/2021\/08\/Logo-Compuviper-10.png","width":1000,"height":500,"caption":"Compuviper"},"image":{"@id":"https:\/\/compuviper.mx\/tienda\/#\/schema\/logo\/image\/"},"sameAs":["https:\/\/www.facebook.com\/compuviper","https:\/\/www.youtube.com\/channel\/UCf73dERp9Y3cfOq7q8BhLjA?view_as=subscriber"]}]},"product_brand":"EPSON","product_price_amount":"10848","product_price_currency":"MXN","og_availability":"backorder","product_availability":"available for order","product_retailer_item_id":"SLD570SE","product_condition":"new"},"_links":{"self":[{"href":"https:\/\/compuviper.mx\/tienda\/wp-json\/wp\/v2\/product\/248768"}],"collection":[{"href":"https:\/\/compuviper.mx\/tienda\/wp-json\/wp\/v2\/product"}],"about":[{"href":"https:\/\/compuviper.mx\/tienda\/wp-json\/wp\/v2\/types\/product"}],"replies":[{"embeddable":true,"href":"https:\/\/compuviper.mx\/tienda\/wp-json\/wp\/v2\/comments?post=248768"}],"wp:featuredmedia":[{"embeddable":true,"href":"https:\/\/compuviper.mx\/tienda\/wp-json\/wp\/v2\/media\/260624"}],"wp:attachment":[{"href":"https:\/\/compuviper.mx\/tienda\/wp-json\/wp\/v2\/media?parent=248768"}],"wp:term":[{"taxonomy":"product_cat","embeddable":true,"href":"https:\/\/compuviper.mx\/tienda\/wp-json\/wp\/v2\/product_cat?post=248768"},{"taxonomy":"product_tag","embeddable":true,"href":"https:\/\/compuviper.mx\/tienda\/wp-json\/wp\/v2\/product_tag?post=248768"}],"curies":[{"name":"wp","href":"https:\/\/api.w.org\/{rel}","templated":true}]}}