{"id":248760,"date":"2026-04-10T00:46:11","date_gmt":"2026-04-10T06:46:11","guid":{"rendered":"https:\/\/compuviper.mx\/tienda\/producto\/samsung-ls27d300galxzx-monitor-led-27-pulgadas-widescreen-fhd-1920-x-1080-s27d300-hdmi-ips-100hz-plano\/"},"modified":"2026-04-10T00:46:12","modified_gmt":"2026-04-10T06:46:12","slug":"samsung-ls27d300galxzx-monitor-led-27-pulgadas-s3-s30gd-essential-fhd-1920-x-1080-ips-plano-hdmi-d-sub-100hz-negro","status":"publish","type":"product","link":"https:\/\/compuviper.mx\/tienda\/producto\/samsung-ls27d300galxzx-monitor-led-27-pulgadas-s3-s30gd-essential-fhd-1920-x-1080-ips-plano-hdmi-d-sub-100hz-negro\/","title":{"rendered":"Samsung Ls27d300galxzx Monitor Led  27 Pulgadas \/s3 S30gd Essential\/ Fhd (1920 X 1080) \/ Ips \/ Plano\/hdmi\/d-sub\/ 100hz \/ Negro."},"content":{"rendered":"<table class=\"descripcion\">\n<tr>\n<td>Especificaciones<\/td>\n<\/tr>\n<tr>\n<td>&#8211; 27 pulgadas<\/td>\n<\/tr>\n<tr>\n<td>&#8211; plana \/ curva: flat<\/td>\n<\/tr>\n<tr>\n<td>&#8211; resoluci\u00f3n: fhd (1,920 x 1,80)<\/td>\n<\/tr>\n<tr>\n<td>&#8211; tama\u00f1o de area activa: 597.888 x 336.312 mm<\/td>\n<\/tr>\n<tr>\n<td>&#8211; relacion de aspecto: 16:9<\/td>\n<\/tr>\n<tr>\n<td>&#8211; tipo de panel: ips<\/td>\n<\/tr>\n<tr>\n<td>&#8211; brillo (max): 250 cd\/ and #13217;<\/td>\n<\/tr>\n<tr>\n<td>&#8211; brillo (min): 200 cd\/ and #13217;<\/td>\n<\/tr>\n<tr>\n<td>&#8211; relacion de contraste estatico: 1000:1(typical)<\/td>\n<\/tr>\n<tr>\n<td>&#8211; tiempo de respuesta: 5 (gtg<\/td>\n<\/tr>\n<tr>\n<td>&#8211; angulo de visualizaci\u00f3n: 178\u00b0\/178\u00b0<\/td>\n<\/tr>\n<tr>\n<td>&#8211; soporte de colores: max 16.7m<\/td>\n<\/tr>\n<tr>\n<td>&#8211; gama de colores: 72% (cie 1931)<\/td>\n<\/tr>\n<tr>\n<td>&#8211; frecuencia de actualizaci\u00f3n: max 100hz<\/td>\n<\/tr>\n<tr>\n<td>&#8211; eco saving plus: si<\/td>\n<\/tr>\n<tr>\n<td>&#8211; modo eye saver: si<\/td>\n<\/tr>\n<tr>\n<td>&#8211; flicker free: si<\/td>\n<\/tr>\n<tr>\n<td>&#8211; certificado windows: windows 11<\/td>\n<\/tr>\n<tr>\n<td>&#8211; freesync: no<\/td>\n<\/tr>\n<tr>\n<td>&#8211; g-sync: no<\/td>\n<\/tr>\n<tr>\n<td>&#8211; d-sub: si<\/td>\n<\/tr>\n<tr>\n<td>&#8211; display port: no<\/td>\n<\/tr>\n<tr>\n<td>&#8211; hdmi: 1 ea<\/td>\n<\/tr>\n<tr>\n<td>&#8211; version hdmi: 1.4<\/td>\n<\/tr>\n<tr>\n<td>&#8211; usb-c: no<\/td>\n<\/tr>\n<tr>\n<td>&#8211; altavoces: no<\/td>\n<\/tr>\n<tr>\n<td>&#8211; temperatura: 10 and #8451;~ 40 and #8451;  and #8451;<\/td>\n<\/tr>\n<tr>\n<td>&#8211; humedad: 10% ~ 80%, non-condensing %<\/td>\n<\/tr>\n<tr>\n<td>&#8211; color: black<\/td>\n<\/tr>\n<tr>\n<td>&#8211; tipo de base: simple<\/td>\n<\/tr>\n<tr>\n<td>&#8211; inclinaci\u00f3n: -2.0 and #730;(\u00b12.0 and #730;)~21.0 and #730;(\u00b12.0 and #730;)<\/td>\n<\/tr>\n<tr>\n<td>&#8211; montura de pared: 100x 100<\/td>\n<\/tr>\n<tr>\n<td>&#8211; alimentaci\u00f3n de energia: ac 100~240v<\/td>\n<\/tr>\n<tr>\n<td>&#8211; consumo (max): 25w<\/td>\n<\/tr>\n<tr>\n<td>&#8211; tipo: fuente de energia externa<\/td>\n<\/tr>\n<tr>\n<td>&#8211; dimenciones con base: 612.7 x 470.0 x 200.4 mm<\/td>\n<\/tr>\n<tr>\n<td>&#8211; dimenciones sin base: 612.7 x 360.9 x 36.2 mm<\/td>\n<\/tr>\n<tr>\n<td>&#8211; dimenciones paquete: 710.0 x 100.0 x 403.0 mm<\/td>\n<\/tr>\n<tr>\n<td>&#8211; peso con base: 2.9kg<\/td>\n<\/tr>\n<tr>\n<td>&#8211; peso sin base: 2.4kg<\/td>\n<\/tr>\n<tr>\n<td>&#8211; peso paquete: 4.3kg<\/td>\n<\/tr>\n<tr>\n<td>&#8211; cable de alimentaci\u00f3n: 1.5m<\/td>\n<\/tr>\n<tr>\n<td>&#8211; cable hdmi: si<\/td>\n<\/tr>\n<\/table>\n","protected":false},"excerpt":{"rendered":"<p>Especificaciones &#8211; 27 pulgadas &#8211; plana \/ curva: flat &#8211; resoluci\u00f3n: fhd (1,920 x 1,80) &#8211; tama\u00f1o de area activa: 597.888 x 336.312 mm &#8211; relacion de aspecto: 16:9 &#8211; tipo de panel: ips &#8211; brillo (max): 250 cd\/ and #13217; &#8211; brillo (min): 200 cd\/ and #13217; &#8211; relacion de contraste estatico: 1000:1(typical) &#8211; [&hellip;]<\/p>\n","protected":false},"featured_media":259889,"comment_status":"open","ping_status":"open","template":"","meta":[],"product_cat":[1740,1848],"product_tag":[1743],"acf":[],"yoast_head":"<!-- This site is optimized with the Yoast SEO plugin v21.7 - https:\/\/yoast.com\/wordpress\/plugins\/seo\/ -->\n<title>[ Samsung ] &#129351; Ls27d300galxzx Monitor Led 27 Pulgadas \/s3 S30gd Essential\/ Fhd (1920 X 1080) \/ Ips \/ Plano\/hdmi\/d-sub\/ 100hz \/ Negro.<\/title>\n<meta name=\"description\" content=\"Compra Ls27d300galxzx Monitor Led 27 Pulgadas \/s3 S30gd Essential\/ Fhd (1920 X 1080) \/ Ips \/ Plano\/hdmi\/d-sub\/ 100hz \/ Negro. + Env\u00edo a domicilio + Pago seguro + Garant\u00eda\" \/>\n<meta name=\"robots\" content=\"index, follow, max-snippet:-1, max-image-preview:large, max-video-preview:-1\" \/>\n<link rel=\"canonical\" href=\"https:\/\/compuviper.mx\/tienda\/producto\/samsung-ls27d300galxzx-monitor-led-27-pulgadas-s3-s30gd-essential-fhd-1920-x-1080-ips-plano-hdmi-d-sub-100hz-negro\/\" \/>\n<meta property=\"og:locale\" content=\"es_MX\" \/>\n<meta property=\"og:type\" content=\"article\" \/>\n<meta property=\"og:title\" content=\"[ Samsung ] &#129351; Ls27d300galxzx Monitor Led 27 Pulgadas \/s3 S30gd Essential\/ Fhd (1920 X 1080) \/ Ips \/ Plano\/hdmi\/d-sub\/ 100hz \/ Negro.\" \/>\n<meta property=\"og:description\" content=\"Compra Ls27d300galxzx Monitor Led 27 Pulgadas \/s3 S30gd Essential\/ Fhd (1920 X 1080) \/ Ips \/ Plano\/hdmi\/d-sub\/ 100hz \/ Negro. + Env\u00edo a domicilio + Pago seguro + Garant\u00eda\" \/>\n<meta property=\"og:url\" content=\"https:\/\/compuviper.mx\/tienda\/producto\/samsung-ls27d300galxzx-monitor-led-27-pulgadas-s3-s30gd-essential-fhd-1920-x-1080-ips-plano-hdmi-d-sub-100hz-negro\/\" \/>\n<meta property=\"og:site_name\" content=\"Compuviper\" \/>\n<meta property=\"article:publisher\" content=\"https:\/\/www.facebook.com\/compuviper\" \/>\n<meta property=\"article:modified_time\" content=\"2026-04-10T06:46:12+00:00\" \/>\n<meta property=\"og:image\" content=\"https:\/\/compuviper.mx\/tienda\/wp-content\/uploads\/2025\/10\/Monitor-led-samsung-27-pulgadas-s3-s30gd-essential-fhd-1920-x-1080-ips-planohdmid-sub-100hz-negro.jpg\" \/>\n\t<meta property=\"og:image:width\" content=\"200\" \/>\n\t<meta property=\"og:image:height\" content=\"200\" \/>\n\t<meta property=\"og:image:type\" content=\"image\/jpeg\" \/>\n<meta name=\"twitter:card\" content=\"summary_large_image\" \/>\n<meta name=\"twitter:label1\" content=\"Precio\" \/>\n\t<meta name=\"twitter:data1\" content=\"&#36;2,072 con IVA\" \/>\n\t<meta name=\"twitter:label2\" content=\"Availability\" \/>\n\t<meta name=\"twitter:data2\" content=\"In stock\" \/>\n<script type=\"application\/ld+json\" class=\"yoast-schema-graph\">{\"@context\":\"https:\/\/schema.org\",\"@graph\":[{\"@type\":\"WebPage\",\"@id\":\"https:\/\/compuviper.mx\/tienda\/producto\/samsung-ls27d300galxzx-monitor-led-27-pulgadas-s3-s30gd-essential-fhd-1920-x-1080-ips-plano-hdmi-d-sub-100hz-negro\/\",\"url\":\"https:\/\/compuviper.mx\/tienda\/producto\/samsung-ls27d300galxzx-monitor-led-27-pulgadas-s3-s30gd-essential-fhd-1920-x-1080-ips-plano-hdmi-d-sub-100hz-negro\/\",\"name\":\"[ Samsung ] &#129351; Ls27d300galxzx Monitor Led 27 Pulgadas \/s3 S30gd Essential\/ Fhd (1920 X 1080) \/ Ips \/ Plano\/hdmi\/d-sub\/ 100hz \/ Negro.\",\"isPartOf\":{\"@id\":\"https:\/\/compuviper.mx\/tienda\/#website\"},\"datePublished\":\"2026-04-10T06:46:11+00:00\",\"dateModified\":\"2026-04-10T06:46:12+00:00\",\"description\":\"Compra Ls27d300galxzx Monitor Led 27 Pulgadas \/s3 S30gd Essential\/ Fhd (1920 X 1080) \/ Ips \/ Plano\/hdmi\/d-sub\/ 100hz \/ Negro. + Env\u00edo a domicilio + Pago seguro + Garant\u00eda\",\"breadcrumb\":{\"@id\":\"https:\/\/compuviper.mx\/tienda\/producto\/samsung-ls27d300galxzx-monitor-led-27-pulgadas-s3-s30gd-essential-fhd-1920-x-1080-ips-plano-hdmi-d-sub-100hz-negro\/#breadcrumb\"},\"inLanguage\":\"es-MX\",\"potentialAction\":[{\"@type\":\"ReadAction\",\"target\":[\"https:\/\/compuviper.mx\/tienda\/producto\/samsung-ls27d300galxzx-monitor-led-27-pulgadas-s3-s30gd-essential-fhd-1920-x-1080-ips-plano-hdmi-d-sub-100hz-negro\/\"]}]},{\"@type\":\"BreadcrumbList\",\"@id\":\"https:\/\/compuviper.mx\/tienda\/producto\/samsung-ls27d300galxzx-monitor-led-27-pulgadas-s3-s30gd-essential-fhd-1920-x-1080-ips-plano-hdmi-d-sub-100hz-negro\/#breadcrumb\",\"itemListElement\":[{\"@type\":\"ListItem\",\"position\":1,\"name\":\"Inicio\",\"item\":\"https:\/\/compuviper.mx\/tienda\/\"},{\"@type\":\"ListItem\",\"position\":2,\"name\":\"Productos\",\"item\":\"https:\/\/compuviper.mx\/tienda\/productos\/\"},{\"@type\":\"ListItem\",\"position\":3,\"name\":\"Monitores\",\"item\":\"https:\/\/compuviper.mx\/tienda\/categoria-producto\/monitores\/\"},{\"@type\":\"ListItem\",\"position\":4,\"name\":\"Sin Categor\u00eda\",\"item\":\"https:\/\/compuviper.mx\/tienda\/categoria-producto\/monitores\/sin-categoria-monitores\/\"},{\"@type\":\"ListItem\",\"position\":5,\"name\":\"Samsung Ls27d300galxzx Monitor Led 27 Pulgadas \/s3 S30gd Essential\/ Fhd (1920 X 1080) \/ Ips \/ Plano\/hdmi\/d-sub\/ 100hz \/ Negro.\"}]},{\"@type\":\"WebSite\",\"@id\":\"https:\/\/compuviper.mx\/tienda\/#website\",\"url\":\"https:\/\/compuviper.mx\/tienda\/\",\"name\":\"Compuviper\",\"description\":\"Proveedor de Computadoras, Laptops, Servidores, Monitores, Puntos de Venta, Teclados,   Impresoras, T\u00f3ner, C\u00e1maras de Seguridad y m\u00e1s en tu tienda en l\u00ednea\",\"publisher\":{\"@id\":\"https:\/\/compuviper.mx\/tienda\/#organization\"},\"potentialAction\":[{\"@type\":\"SearchAction\",\"target\":{\"@type\":\"EntryPoint\",\"urlTemplate\":\"https:\/\/compuviper.mx\/tienda\/?s={search_term_string}\"},\"query-input\":\"required name=search_term_string\"}],\"inLanguage\":\"es-MX\"},{\"@type\":\"Organization\",\"@id\":\"https:\/\/compuviper.mx\/tienda\/#organization\",\"name\":\"Compuviper\",\"url\":\"https:\/\/compuviper.mx\/tienda\/\",\"logo\":{\"@type\":\"ImageObject\",\"inLanguage\":\"es-MX\",\"@id\":\"https:\/\/compuviper.mx\/tienda\/#\/schema\/logo\/image\/\",\"url\":\"https:\/\/compuviper.mx\/tienda\/wp-content\/uploads\/2021\/08\/Logo-Compuviper-10.png\",\"contentUrl\":\"https:\/\/compuviper.mx\/tienda\/wp-content\/uploads\/2021\/08\/Logo-Compuviper-10.png\",\"width\":1000,\"height\":500,\"caption\":\"Compuviper\"},\"image\":{\"@id\":\"https:\/\/compuviper.mx\/tienda\/#\/schema\/logo\/image\/\"},\"sameAs\":[\"https:\/\/www.facebook.com\/compuviper\",\"https:\/\/www.youtube.com\/channel\/UCf73dERp9Y3cfOq7q8BhLjA?view_as=subscriber\"]}]}<\/script>\n<meta property=\"product:brand\" content=\"SAMSUNG\" \/>\n<meta property=\"product:price:amount\" content=\"2072\" \/>\n<meta property=\"product:price:currency\" content=\"MXN\" \/>\n<meta property=\"og:availability\" content=\"instock\" \/>\n<meta property=\"product:availability\" content=\"instock\" \/>\n<meta property=\"product:retailer_item_id\" content=\"LS27D300GALXZX\" \/>\n<meta property=\"product:condition\" content=\"new\" \/>\n<!-- \/ Yoast SEO plugin. -->","yoast_head_json":{"title":"[ Samsung ] &#129351; Ls27d300galxzx Monitor Led 27 Pulgadas \/s3 S30gd Essential\/ Fhd (1920 X 1080) \/ Ips \/ Plano\/hdmi\/d-sub\/ 100hz \/ Negro.","description":"Compra Ls27d300galxzx Monitor Led 27 Pulgadas \/s3 S30gd Essential\/ Fhd (1920 X 1080) \/ Ips \/ Plano\/hdmi\/d-sub\/ 100hz \/ Negro. + Env\u00edo a domicilio + Pago seguro + Garant\u00eda","robots":{"index":"index","follow":"follow","max-snippet":"max-snippet:-1","max-image-preview":"max-image-preview:large","max-video-preview":"max-video-preview:-1"},"canonical":"https:\/\/compuviper.mx\/tienda\/producto\/samsung-ls27d300galxzx-monitor-led-27-pulgadas-s3-s30gd-essential-fhd-1920-x-1080-ips-plano-hdmi-d-sub-100hz-negro\/","og_locale":"es_MX","og_type":"article","og_title":"[ Samsung ] &#129351; Ls27d300galxzx Monitor Led 27 Pulgadas \/s3 S30gd Essential\/ Fhd (1920 X 1080) \/ Ips \/ Plano\/hdmi\/d-sub\/ 100hz \/ Negro.","og_description":"Compra Ls27d300galxzx Monitor Led 27 Pulgadas \/s3 S30gd Essential\/ Fhd (1920 X 1080) \/ Ips \/ Plano\/hdmi\/d-sub\/ 100hz \/ Negro. + Env\u00edo a domicilio + Pago seguro + Garant\u00eda","og_url":"https:\/\/compuviper.mx\/tienda\/producto\/samsung-ls27d300galxzx-monitor-led-27-pulgadas-s3-s30gd-essential-fhd-1920-x-1080-ips-plano-hdmi-d-sub-100hz-negro\/","og_site_name":"Compuviper","article_publisher":"https:\/\/www.facebook.com\/compuviper","article_modified_time":"2026-04-10T06:46:12+00:00","og_image":[{"width":200,"height":200,"url":"https:\/\/compuviper.mx\/tienda\/wp-content\/uploads\/2025\/10\/Monitor-led-samsung-27-pulgadas-s3-s30gd-essential-fhd-1920-x-1080-ips-planohdmid-sub-100hz-negro.jpg","type":"image\/jpeg"}],"twitter_card":"summary_large_image","twitter_misc":{"Precio":"&#36;2,072 con IVA","Availability":"In stock"},"schema":{"@context":"https:\/\/schema.org","@graph":[{"@type":"WebPage","@id":"https:\/\/compuviper.mx\/tienda\/producto\/samsung-ls27d300galxzx-monitor-led-27-pulgadas-s3-s30gd-essential-fhd-1920-x-1080-ips-plano-hdmi-d-sub-100hz-negro\/","url":"https:\/\/compuviper.mx\/tienda\/producto\/samsung-ls27d300galxzx-monitor-led-27-pulgadas-s3-s30gd-essential-fhd-1920-x-1080-ips-plano-hdmi-d-sub-100hz-negro\/","name":"[ Samsung ] &#129351; Ls27d300galxzx Monitor Led 27 Pulgadas \/s3 S30gd Essential\/ Fhd (1920 X 1080) \/ Ips \/ Plano\/hdmi\/d-sub\/ 100hz \/ Negro.","isPartOf":{"@id":"https:\/\/compuviper.mx\/tienda\/#website"},"datePublished":"2026-04-10T06:46:11+00:00","dateModified":"2026-04-10T06:46:12+00:00","description":"Compra Ls27d300galxzx Monitor Led 27 Pulgadas \/s3 S30gd Essential\/ Fhd (1920 X 1080) \/ Ips \/ Plano\/hdmi\/d-sub\/ 100hz \/ Negro. + Env\u00edo a domicilio + Pago seguro + Garant\u00eda","breadcrumb":{"@id":"https:\/\/compuviper.mx\/tienda\/producto\/samsung-ls27d300galxzx-monitor-led-27-pulgadas-s3-s30gd-essential-fhd-1920-x-1080-ips-plano-hdmi-d-sub-100hz-negro\/#breadcrumb"},"inLanguage":"es-MX","potentialAction":[{"@type":"ReadAction","target":["https:\/\/compuviper.mx\/tienda\/producto\/samsung-ls27d300galxzx-monitor-led-27-pulgadas-s3-s30gd-essential-fhd-1920-x-1080-ips-plano-hdmi-d-sub-100hz-negro\/"]}]},{"@type":"BreadcrumbList","@id":"https:\/\/compuviper.mx\/tienda\/producto\/samsung-ls27d300galxzx-monitor-led-27-pulgadas-s3-s30gd-essential-fhd-1920-x-1080-ips-plano-hdmi-d-sub-100hz-negro\/#breadcrumb","itemListElement":[{"@type":"ListItem","position":1,"name":"Inicio","item":"https:\/\/compuviper.mx\/tienda\/"},{"@type":"ListItem","position":2,"name":"Productos","item":"https:\/\/compuviper.mx\/tienda\/productos\/"},{"@type":"ListItem","position":3,"name":"Monitores","item":"https:\/\/compuviper.mx\/tienda\/categoria-producto\/monitores\/"},{"@type":"ListItem","position":4,"name":"Sin Categor\u00eda","item":"https:\/\/compuviper.mx\/tienda\/categoria-producto\/monitores\/sin-categoria-monitores\/"},{"@type":"ListItem","position":5,"name":"Samsung Ls27d300galxzx Monitor Led 27 Pulgadas \/s3 S30gd Essential\/ Fhd (1920 X 1080) \/ Ips \/ Plano\/hdmi\/d-sub\/ 100hz \/ Negro."}]},{"@type":"WebSite","@id":"https:\/\/compuviper.mx\/tienda\/#website","url":"https:\/\/compuviper.mx\/tienda\/","name":"Compuviper","description":"Proveedor de Computadoras, Laptops, Servidores, Monitores, Puntos de Venta, Teclados,   Impresoras, T\u00f3ner, C\u00e1maras de Seguridad y m\u00e1s en tu tienda en l\u00ednea","publisher":{"@id":"https:\/\/compuviper.mx\/tienda\/#organization"},"potentialAction":[{"@type":"SearchAction","target":{"@type":"EntryPoint","urlTemplate":"https:\/\/compuviper.mx\/tienda\/?s={search_term_string}"},"query-input":"required name=search_term_string"}],"inLanguage":"es-MX"},{"@type":"Organization","@id":"https:\/\/compuviper.mx\/tienda\/#organization","name":"Compuviper","url":"https:\/\/compuviper.mx\/tienda\/","logo":{"@type":"ImageObject","inLanguage":"es-MX","@id":"https:\/\/compuviper.mx\/tienda\/#\/schema\/logo\/image\/","url":"https:\/\/compuviper.mx\/tienda\/wp-content\/uploads\/2021\/08\/Logo-Compuviper-10.png","contentUrl":"https:\/\/compuviper.mx\/tienda\/wp-content\/uploads\/2021\/08\/Logo-Compuviper-10.png","width":1000,"height":500,"caption":"Compuviper"},"image":{"@id":"https:\/\/compuviper.mx\/tienda\/#\/schema\/logo\/image\/"},"sameAs":["https:\/\/www.facebook.com\/compuviper","https:\/\/www.youtube.com\/channel\/UCf73dERp9Y3cfOq7q8BhLjA?view_as=subscriber"]}]},"product_brand":"SAMSUNG","product_price_amount":"2072","product_price_currency":"MXN","og_availability":"instock","product_availability":"instock","product_retailer_item_id":"LS27D300GALXZX","product_condition":"new"},"_links":{"self":[{"href":"https:\/\/compuviper.mx\/tienda\/wp-json\/wp\/v2\/product\/248760"}],"collection":[{"href":"https:\/\/compuviper.mx\/tienda\/wp-json\/wp\/v2\/product"}],"about":[{"href":"https:\/\/compuviper.mx\/tienda\/wp-json\/wp\/v2\/types\/product"}],"replies":[{"embeddable":true,"href":"https:\/\/compuviper.mx\/tienda\/wp-json\/wp\/v2\/comments?post=248760"}],"wp:featuredmedia":[{"embeddable":true,"href":"https:\/\/compuviper.mx\/tienda\/wp-json\/wp\/v2\/media\/259889"}],"wp:attachment":[{"href":"https:\/\/compuviper.mx\/tienda\/wp-json\/wp\/v2\/media?parent=248760"}],"wp:term":[{"taxonomy":"product_cat","embeddable":true,"href":"https:\/\/compuviper.mx\/tienda\/wp-json\/wp\/v2\/product_cat?post=248760"},{"taxonomy":"product_tag","embeddable":true,"href":"https:\/\/compuviper.mx\/tienda\/wp-json\/wp\/v2\/product_tag?post=248760"}],"curies":[{"name":"wp","href":"https:\/\/api.w.org\/{rel}","templated":true}]}}