{"id":248693,"date":"2026-04-23T00:15:19","date_gmt":"2026-04-23T06:15:19","guid":{"rendered":"https:\/\/compuviper.mx\/tienda\/producto\/dahua-dh-ipc-hfw2449m-s-b-pro-camara-ip-bullet-de-4mp-wizcolor-wizsense-equipada-con-ia-smd-plus-lente-de-3-6-mm-microfono-ir-de-50-m-proteccion-perimetral-ranura-msd-wdr-real-de-120-db-poe-ip67\/"},"modified":"2026-04-23T00:15:20","modified_gmt":"2026-04-23T06:15:20","slug":"dahua-dh-ipc-hfw2449m-s-b-pro-camara-ip-bullet-de-4mp-wizcolor-wizsense-equipada-con-ia-smd-plus-lente-de-3-6-mm-microfono-ir-de-50-m-proteccion-perimetral-ranura-msd-wdr-real-de-120-db-poe-ip67","status":"publish","type":"product","link":"https:\/\/compuviper.mx\/tienda\/producto\/dahua-dh-ipc-hfw2449m-s-b-pro-camara-ip-bullet-de-4mp-wizcolor-wizsense-equipada-con-ia-smd-plus-lente-de-3-6-mm-microfono-ir-de-50-m-proteccion-perimetral-ranura-msd-wdr-real-de-120-db-poe-ip67\/","title":{"rendered":"Dahua Dh-ipc-hfw2449m-s-b-pro Camara Ip\/ \/ \/ Bullet De 4mp\/wizcolor \/wizsense\/equipada Con Ia\/smd Plus\/lente De 3.6 Mm\/microfono\/ir De 50 M\/proteccion Perimetral\/ranura Msd\/wdr Real De 120 Db\/poe\/ip67"},"content":{"rendered":"<table class=\"descripcion\">\n<tr>\n<td>Caracteristicas principales<\/td>\n<\/tr>\n<tr>\n<td>\u0095 sensor de imagen: cmos de 4 mp 1\/1,8, baja luminancia e imagen de alta definicion.<\/td>\n<\/tr>\n<tr>\n<td>\u0095 resolucion: tiene una salida maxima de 4 mp (2688 \u00d7 1520) a 20 fps y admite 2560 \u00d7 1440 (2560 \u00d7 1440) a 25\/30 fps.<\/td>\n<\/tr>\n<tr>\n<td>\u0095 codec: h.265, alta tasa de compresion, tasa de bits ultrabaja. \u00b7 luz calida incorporada y la distancia maxima de iluminacion es de 50 m.<\/td>\n<\/tr>\n<tr>\n<td>\u0095 funciones: roi, smart h.264+\/h.265+, codificacion flexible, aplicable a diversos entornos de ancho de banda y almacenamiento. modo de rotacion, wdr, 3d nr, hlc, blc, marca de agua digital, aplicable a varias escenas de monitoreo.<\/td>\n<\/tr>\n<tr>\n<td>\u0095 monitoreo inteligente: intrusion, trampa (las dos funciones respaldan la clasificacion y deteccion precisa de vehiculos y humanos)<\/td>\n<\/tr>\n<tr>\n<td>\u0095 deteccion de anomalias: deteccion de movimiento, manipulacion de video, deteccion de audio, falta de tarjeta sd, tarjeta sd llena, error de tarjeta sd, desconexion de red, conflicto de ip, acceso ilegal y deteccion de voltaje.<\/td>\n<\/tr>\n<tr>\n<td>\u0095 almacenamiento: admite tarjeta micro sd de 256 g como maximo; microfono incorporado.<\/td>\n<\/tr>\n<tr>\n<td>\u0095 proteccion: ip67.<\/td>\n<\/tr>\n<tr>\n<td>\u0095 tecnologia: smd mas<\/td>\n<\/tr>\n<tr>\n<td>Especificaciones tecnicas<\/td>\n<\/tr>\n<tr>\n<td>\u0095 longitud focal: 3,6 mm<\/td>\n<\/tr>\n<tr>\n<td>\u0095 fuente de alimentacion: 12 vcc; poe<\/td>\n<\/tr>\n<tr>\n<td>\u0095 consumo de energia: basico: 2,0 w (12 vcc); max: 5,7 w<\/td>\n<\/tr>\n<tr>\n<td>\u0095 temperatura de funcionamiento: \u0096 40 \u00b0c a +60 \u00b0c (\u009640 \u00b0f a +140 \u00b0f)<\/td>\n<\/tr>\n<tr>\n<td>\u0095 humedad de funcionamiento:  and #8804;95 % (hr), sin condensacion<\/td>\n<\/tr>\n<tr>\n<td>\u0095 material de la carcasa: metal + plastico<\/td>\n<\/tr>\n<tr>\n<td>\u0095 dimensiones del producto: 201,0 mm \u00d7 103,8 mm \u00d7 97,8 mm<\/td>\n<\/tr>\n<tr>\n<td>\u0095 peso neto: 0,68 kg<\/td>\n<\/tr>\n<\/table>\n","protected":false},"excerpt":{"rendered":"<p>Informacion general. La dahua dh-ipc-hfw2449m-s-b-pro es una camara ip bullet de alta calidad dise\u00f1ada para aplicaciones de vigilancia en exteriores. Ofrece una resolucion de 4 megapixeles y esta equipada con las tecnologias wizcolor y wizsense, que incluyen inteligencia artificial y deteccion de movimiento inteligente (smdplus). Su lente de 3.6 mm proporciona un amplio campo de vision, mientras que el microfono integrado permite la captura de audio ambiental. Ademas, cuenta con vision infrarroja de hasta 50 metros, ranura para tarjeta microsd para almacenamiento local y un rango dinamico amplio (wdr: rango dinamico) de 120 db para manejar condiciones de iluminacion dificiles. Su certificacion ip67 garantiza resistencia al agua y al polvo, asegurando un rendimiento fiable en entornos exteriores exigentes. Incluye. \u0095 x1 camara bullet dh-ipc-hfw2449m-s-b-pro. \u0095 x1 soporte para montaje de pared. \u0095 x1 manual de usuario. \u0095 x1 poliza de garantia<\/p>\n","protected":false},"featured_media":259388,"comment_status":"open","ping_status":"open","template":"","meta":[],"product_cat":[1608,1681],"product_tag":[1555],"acf":[],"yoast_head":"<!-- This site is optimized with the Yoast SEO plugin v21.7 - https:\/\/yoast.com\/wordpress\/plugins\/seo\/ -->\n<title>[ Dahua ] &#129351; Dh-ipc-hfw2449m-s-b-pro Camara Ip\/ \/ \/ Bullet De 4mp\/wizcolor \/wizsense\/equipada Con Ia\/smd Plus\/lente De 3.6 Mm\/microfono\/ir De 50 M\/proteccion Perimetral\/ranura Msd\/wdr Real De 120 Db\/poe\/ip67<\/title>\n<meta name=\"description\" content=\"Compra Dh-ipc-hfw2449m-s-b-pro Camara Ip\/ \/ \/ Bullet De 4mp\/wizcolor \/wizsense\/equipada Con Ia\/smd Plus\/lente De 3.6 Mm\/microfono\/ir De 50 M\/proteccion Perimetral\/ranura Msd\/wdr Real De 120 Db\/poe\/ip67 + Env\u00edo a domicilio + Pago seguro + Garant\u00eda\" \/>\n<meta name=\"robots\" content=\"index, follow, max-snippet:-1, max-image-preview:large, max-video-preview:-1\" \/>\n<link rel=\"canonical\" href=\"https:\/\/compuviper.mx\/tienda\/producto\/dahua-dh-ipc-hfw2449m-s-b-pro-camara-ip-bullet-de-4mp-wizcolor-wizsense-equipada-con-ia-smd-plus-lente-de-3-6-mm-microfono-ir-de-50-m-proteccion-perimetral-ranura-msd-wdr-real-de-120-db-poe-ip67\/\" \/>\n<meta property=\"og:locale\" content=\"es_MX\" \/>\n<meta property=\"og:type\" content=\"article\" \/>\n<meta property=\"og:title\" content=\"[ Dahua ] &#129351; Dh-ipc-hfw2449m-s-b-pro Camara Ip\/ \/ \/ Bullet De 4mp\/wizcolor \/wizsense\/equipada Con Ia\/smd Plus\/lente De 3.6 Mm\/microfono\/ir De 50 M\/proteccion Perimetral\/ranura Msd\/wdr Real De 120 Db\/poe\/ip67\" \/>\n<meta property=\"og:description\" content=\"Compra Dh-ipc-hfw2449m-s-b-pro Camara Ip\/ \/ \/ Bullet De 4mp\/wizcolor \/wizsense\/equipada Con Ia\/smd Plus\/lente De 3.6 Mm\/microfono\/ir De 50 M\/proteccion Perimetral\/ranura Msd\/wdr Real De 120 Db\/poe\/ip67 + Env\u00edo a domicilio + Pago seguro + Garant\u00eda\" \/>\n<meta property=\"og:url\" content=\"https:\/\/compuviper.mx\/tienda\/producto\/dahua-dh-ipc-hfw2449m-s-b-pro-camara-ip-bullet-de-4mp-wizcolor-wizsense-equipada-con-ia-smd-plus-lente-de-3-6-mm-microfono-ir-de-50-m-proteccion-perimetral-ranura-msd-wdr-real-de-120-db-poe-ip67\/\" \/>\n<meta property=\"og:site_name\" content=\"Compuviper\" \/>\n<meta property=\"article:publisher\" content=\"https:\/\/www.facebook.com\/compuviper\" \/>\n<meta property=\"article:modified_time\" content=\"2026-04-23T06:15:20+00:00\" \/>\n<meta property=\"og:image\" content=\"https:\/\/compuviper.mx\/tienda\/wp-content\/uploads\/2025\/10\/Camara-ip-dahua-dh-ipc-hfw2449m-s-b-pro-bullet-de-4mpwizcolor-wizsenseequipada-con-iasmd-pluslente-de-3.6-mmmicrofonoir-de-50-mproteccion-perimetralranura-msdwdr-real-de-120-dbpoeip67.jpg\" \/>\n\t<meta property=\"og:image:width\" content=\"200\" \/>\n\t<meta property=\"og:image:height\" content=\"200\" \/>\n\t<meta property=\"og:image:type\" content=\"image\/jpeg\" \/>\n<meta name=\"twitter:card\" content=\"summary_large_image\" \/>\n<meta name=\"twitter:label1\" content=\"Precio\" \/>\n\t<meta name=\"twitter:data1\" content=\"&#36;1,650 &#36;1,600 con IVA\" \/>\n\t<meta name=\"twitter:label2\" content=\"Availability\" \/>\n\t<meta name=\"twitter:data2\" content=\"In stock\" \/>\n<script type=\"application\/ld+json\" class=\"yoast-schema-graph\">{\"@context\":\"https:\/\/schema.org\",\"@graph\":[{\"@type\":\"WebPage\",\"@id\":\"https:\/\/compuviper.mx\/tienda\/producto\/dahua-dh-ipc-hfw2449m-s-b-pro-camara-ip-bullet-de-4mp-wizcolor-wizsense-equipada-con-ia-smd-plus-lente-de-3-6-mm-microfono-ir-de-50-m-proteccion-perimetral-ranura-msd-wdr-real-de-120-db-poe-ip67\/\",\"url\":\"https:\/\/compuviper.mx\/tienda\/producto\/dahua-dh-ipc-hfw2449m-s-b-pro-camara-ip-bullet-de-4mp-wizcolor-wizsense-equipada-con-ia-smd-plus-lente-de-3-6-mm-microfono-ir-de-50-m-proteccion-perimetral-ranura-msd-wdr-real-de-120-db-poe-ip67\/\",\"name\":\"[ Dahua ] &#129351; Dh-ipc-hfw2449m-s-b-pro Camara Ip\/ \/ \/ Bullet De 4mp\/wizcolor \/wizsense\/equipada Con Ia\/smd Plus\/lente De 3.6 Mm\/microfono\/ir De 50 M\/proteccion Perimetral\/ranura Msd\/wdr Real De 120 Db\/poe\/ip67\",\"isPartOf\":{\"@id\":\"https:\/\/compuviper.mx\/tienda\/#website\"},\"datePublished\":\"2026-04-23T06:15:19+00:00\",\"dateModified\":\"2026-04-23T06:15:20+00:00\",\"description\":\"Compra Dh-ipc-hfw2449m-s-b-pro Camara Ip\/ \/ \/ Bullet De 4mp\/wizcolor \/wizsense\/equipada Con Ia\/smd Plus\/lente De 3.6 Mm\/microfono\/ir De 50 M\/proteccion Perimetral\/ranura Msd\/wdr Real De 120 Db\/poe\/ip67 + Env\u00edo a domicilio + Pago seguro + Garant\u00eda\",\"breadcrumb\":{\"@id\":\"https:\/\/compuviper.mx\/tienda\/producto\/dahua-dh-ipc-hfw2449m-s-b-pro-camara-ip-bullet-de-4mp-wizcolor-wizsense-equipada-con-ia-smd-plus-lente-de-3-6-mm-microfono-ir-de-50-m-proteccion-perimetral-ranura-msd-wdr-real-de-120-db-poe-ip67\/#breadcrumb\"},\"inLanguage\":\"es-MX\",\"potentialAction\":[{\"@type\":\"ReadAction\",\"target\":[\"https:\/\/compuviper.mx\/tienda\/producto\/dahua-dh-ipc-hfw2449m-s-b-pro-camara-ip-bullet-de-4mp-wizcolor-wizsense-equipada-con-ia-smd-plus-lente-de-3-6-mm-microfono-ir-de-50-m-proteccion-perimetral-ranura-msd-wdr-real-de-120-db-poe-ip67\/\"]}]},{\"@type\":\"BreadcrumbList\",\"@id\":\"https:\/\/compuviper.mx\/tienda\/producto\/dahua-dh-ipc-hfw2449m-s-b-pro-camara-ip-bullet-de-4mp-wizcolor-wizsense-equipada-con-ia-smd-plus-lente-de-3-6-mm-microfono-ir-de-50-m-proteccion-perimetral-ranura-msd-wdr-real-de-120-db-poe-ip67\/#breadcrumb\",\"itemListElement\":[{\"@type\":\"ListItem\",\"position\":1,\"name\":\"Inicio\",\"item\":\"https:\/\/compuviper.mx\/tienda\/\"},{\"@type\":\"ListItem\",\"position\":2,\"name\":\"Productos\",\"item\":\"https:\/\/compuviper.mx\/tienda\/productos\/\"},{\"@type\":\"ListItem\",\"position\":3,\"name\":\"Camaras\",\"item\":\"https:\/\/compuviper.mx\/tienda\/categoria-producto\/camaras-2\/\"},{\"@type\":\"ListItem\",\"position\":4,\"name\":\"Camara De Videovigilancia\",\"item\":\"https:\/\/compuviper.mx\/tienda\/categoria-producto\/camaras-2\/camara-de-videovigilancia\/\"},{\"@type\":\"ListItem\",\"position\":5,\"name\":\"Dahua Dh-ipc-hfw2449m-s-b-pro Camara Ip\/ \/ \/ Bullet De 4mp\/wizcolor \/wizsense\/equipada Con Ia\/smd Plus\/lente De 3.6 Mm\/microfono\/ir De 50 M\/proteccion Perimetral\/ranura Msd\/wdr Real De 120 Db\/poe\/ip67\"}]},{\"@type\":\"WebSite\",\"@id\":\"https:\/\/compuviper.mx\/tienda\/#website\",\"url\":\"https:\/\/compuviper.mx\/tienda\/\",\"name\":\"Compuviper\",\"description\":\"Proveedor de Computadoras, Laptops, Servidores, Monitores, Puntos de Venta, Teclados,   Impresoras, T\u00f3ner, C\u00e1maras de Seguridad y m\u00e1s en tu tienda en l\u00ednea\",\"publisher\":{\"@id\":\"https:\/\/compuviper.mx\/tienda\/#organization\"},\"potentialAction\":[{\"@type\":\"SearchAction\",\"target\":{\"@type\":\"EntryPoint\",\"urlTemplate\":\"https:\/\/compuviper.mx\/tienda\/?s={search_term_string}\"},\"query-input\":\"required name=search_term_string\"}],\"inLanguage\":\"es-MX\"},{\"@type\":\"Organization\",\"@id\":\"https:\/\/compuviper.mx\/tienda\/#organization\",\"name\":\"Compuviper\",\"url\":\"https:\/\/compuviper.mx\/tienda\/\",\"logo\":{\"@type\":\"ImageObject\",\"inLanguage\":\"es-MX\",\"@id\":\"https:\/\/compuviper.mx\/tienda\/#\/schema\/logo\/image\/\",\"url\":\"https:\/\/compuviper.mx\/tienda\/wp-content\/uploads\/2021\/08\/Logo-Compuviper-10.png\",\"contentUrl\":\"https:\/\/compuviper.mx\/tienda\/wp-content\/uploads\/2021\/08\/Logo-Compuviper-10.png\",\"width\":1000,\"height\":500,\"caption\":\"Compuviper\"},\"image\":{\"@id\":\"https:\/\/compuviper.mx\/tienda\/#\/schema\/logo\/image\/\"},\"sameAs\":[\"https:\/\/www.facebook.com\/compuviper\",\"https:\/\/www.youtube.com\/channel\/UCf73dERp9Y3cfOq7q8BhLjA?view_as=subscriber\"]}]}<\/script>\n<meta property=\"product:brand\" content=\"DAHUA\" \/>\n<meta property=\"product:price:amount\" content=\"1600\" \/>\n<meta property=\"product:price:currency\" content=\"MXN\" \/>\n<meta property=\"og:availability\" content=\"instock\" \/>\n<meta property=\"product:availability\" content=\"instock\" \/>\n<meta property=\"product:retailer_item_id\" content=\"DH-IPC-HFW2449M-S-B-PRO\" \/>\n<meta property=\"product:condition\" content=\"new\" \/>\n<!-- \/ Yoast SEO plugin. -->","yoast_head_json":{"title":"[ Dahua ] &#129351; Dh-ipc-hfw2449m-s-b-pro Camara Ip\/ \/ \/ Bullet De 4mp\/wizcolor \/wizsense\/equipada Con Ia\/smd Plus\/lente De 3.6 Mm\/microfono\/ir De 50 M\/proteccion Perimetral\/ranura Msd\/wdr Real De 120 Db\/poe\/ip67","description":"Compra Dh-ipc-hfw2449m-s-b-pro Camara Ip\/ \/ \/ Bullet De 4mp\/wizcolor \/wizsense\/equipada Con Ia\/smd Plus\/lente De 3.6 Mm\/microfono\/ir De 50 M\/proteccion Perimetral\/ranura Msd\/wdr Real De 120 Db\/poe\/ip67 + Env\u00edo a domicilio + Pago seguro + Garant\u00eda","robots":{"index":"index","follow":"follow","max-snippet":"max-snippet:-1","max-image-preview":"max-image-preview:large","max-video-preview":"max-video-preview:-1"},"canonical":"https:\/\/compuviper.mx\/tienda\/producto\/dahua-dh-ipc-hfw2449m-s-b-pro-camara-ip-bullet-de-4mp-wizcolor-wizsense-equipada-con-ia-smd-plus-lente-de-3-6-mm-microfono-ir-de-50-m-proteccion-perimetral-ranura-msd-wdr-real-de-120-db-poe-ip67\/","og_locale":"es_MX","og_type":"article","og_title":"[ Dahua ] &#129351; Dh-ipc-hfw2449m-s-b-pro Camara Ip\/ \/ \/ Bullet De 4mp\/wizcolor \/wizsense\/equipada Con Ia\/smd Plus\/lente De 3.6 Mm\/microfono\/ir De 50 M\/proteccion Perimetral\/ranura Msd\/wdr Real De 120 Db\/poe\/ip67","og_description":"Compra Dh-ipc-hfw2449m-s-b-pro Camara Ip\/ \/ \/ Bullet De 4mp\/wizcolor \/wizsense\/equipada Con Ia\/smd Plus\/lente De 3.6 Mm\/microfono\/ir De 50 M\/proteccion Perimetral\/ranura Msd\/wdr Real De 120 Db\/poe\/ip67 + Env\u00edo a domicilio + Pago seguro + Garant\u00eda","og_url":"https:\/\/compuviper.mx\/tienda\/producto\/dahua-dh-ipc-hfw2449m-s-b-pro-camara-ip-bullet-de-4mp-wizcolor-wizsense-equipada-con-ia-smd-plus-lente-de-3-6-mm-microfono-ir-de-50-m-proteccion-perimetral-ranura-msd-wdr-real-de-120-db-poe-ip67\/","og_site_name":"Compuviper","article_publisher":"https:\/\/www.facebook.com\/compuviper","article_modified_time":"2026-04-23T06:15:20+00:00","og_image":[{"width":200,"height":200,"url":"https:\/\/compuviper.mx\/tienda\/wp-content\/uploads\/2025\/10\/Camara-ip-dahua-dh-ipc-hfw2449m-s-b-pro-bullet-de-4mpwizcolor-wizsenseequipada-con-iasmd-pluslente-de-3.6-mmmicrofonoir-de-50-mproteccion-perimetralranura-msdwdr-real-de-120-dbpoeip67.jpg","type":"image\/jpeg"}],"twitter_card":"summary_large_image","twitter_misc":{"Precio":"&#36;1,650 &#36;1,600 con IVA","Availability":"In stock"},"schema":{"@context":"https:\/\/schema.org","@graph":[{"@type":"WebPage","@id":"https:\/\/compuviper.mx\/tienda\/producto\/dahua-dh-ipc-hfw2449m-s-b-pro-camara-ip-bullet-de-4mp-wizcolor-wizsense-equipada-con-ia-smd-plus-lente-de-3-6-mm-microfono-ir-de-50-m-proteccion-perimetral-ranura-msd-wdr-real-de-120-db-poe-ip67\/","url":"https:\/\/compuviper.mx\/tienda\/producto\/dahua-dh-ipc-hfw2449m-s-b-pro-camara-ip-bullet-de-4mp-wizcolor-wizsense-equipada-con-ia-smd-plus-lente-de-3-6-mm-microfono-ir-de-50-m-proteccion-perimetral-ranura-msd-wdr-real-de-120-db-poe-ip67\/","name":"[ Dahua ] &#129351; Dh-ipc-hfw2449m-s-b-pro Camara Ip\/ \/ \/ Bullet De 4mp\/wizcolor \/wizsense\/equipada Con Ia\/smd Plus\/lente De 3.6 Mm\/microfono\/ir De 50 M\/proteccion Perimetral\/ranura Msd\/wdr Real De 120 Db\/poe\/ip67","isPartOf":{"@id":"https:\/\/compuviper.mx\/tienda\/#website"},"datePublished":"2026-04-23T06:15:19+00:00","dateModified":"2026-04-23T06:15:20+00:00","description":"Compra Dh-ipc-hfw2449m-s-b-pro Camara Ip\/ \/ \/ Bullet De 4mp\/wizcolor \/wizsense\/equipada Con Ia\/smd Plus\/lente De 3.6 Mm\/microfono\/ir De 50 M\/proteccion Perimetral\/ranura Msd\/wdr Real De 120 Db\/poe\/ip67 + Env\u00edo a domicilio + Pago seguro + Garant\u00eda","breadcrumb":{"@id":"https:\/\/compuviper.mx\/tienda\/producto\/dahua-dh-ipc-hfw2449m-s-b-pro-camara-ip-bullet-de-4mp-wizcolor-wizsense-equipada-con-ia-smd-plus-lente-de-3-6-mm-microfono-ir-de-50-m-proteccion-perimetral-ranura-msd-wdr-real-de-120-db-poe-ip67\/#breadcrumb"},"inLanguage":"es-MX","potentialAction":[{"@type":"ReadAction","target":["https:\/\/compuviper.mx\/tienda\/producto\/dahua-dh-ipc-hfw2449m-s-b-pro-camara-ip-bullet-de-4mp-wizcolor-wizsense-equipada-con-ia-smd-plus-lente-de-3-6-mm-microfono-ir-de-50-m-proteccion-perimetral-ranura-msd-wdr-real-de-120-db-poe-ip67\/"]}]},{"@type":"BreadcrumbList","@id":"https:\/\/compuviper.mx\/tienda\/producto\/dahua-dh-ipc-hfw2449m-s-b-pro-camara-ip-bullet-de-4mp-wizcolor-wizsense-equipada-con-ia-smd-plus-lente-de-3-6-mm-microfono-ir-de-50-m-proteccion-perimetral-ranura-msd-wdr-real-de-120-db-poe-ip67\/#breadcrumb","itemListElement":[{"@type":"ListItem","position":1,"name":"Inicio","item":"https:\/\/compuviper.mx\/tienda\/"},{"@type":"ListItem","position":2,"name":"Productos","item":"https:\/\/compuviper.mx\/tienda\/productos\/"},{"@type":"ListItem","position":3,"name":"Camaras","item":"https:\/\/compuviper.mx\/tienda\/categoria-producto\/camaras-2\/"},{"@type":"ListItem","position":4,"name":"Camara De Videovigilancia","item":"https:\/\/compuviper.mx\/tienda\/categoria-producto\/camaras-2\/camara-de-videovigilancia\/"},{"@type":"ListItem","position":5,"name":"Dahua Dh-ipc-hfw2449m-s-b-pro Camara Ip\/ \/ \/ Bullet De 4mp\/wizcolor \/wizsense\/equipada Con Ia\/smd Plus\/lente De 3.6 Mm\/microfono\/ir De 50 M\/proteccion Perimetral\/ranura Msd\/wdr Real De 120 Db\/poe\/ip67"}]},{"@type":"WebSite","@id":"https:\/\/compuviper.mx\/tienda\/#website","url":"https:\/\/compuviper.mx\/tienda\/","name":"Compuviper","description":"Proveedor de Computadoras, Laptops, Servidores, Monitores, Puntos de Venta, Teclados,   Impresoras, T\u00f3ner, C\u00e1maras de Seguridad y m\u00e1s en tu tienda en l\u00ednea","publisher":{"@id":"https:\/\/compuviper.mx\/tienda\/#organization"},"potentialAction":[{"@type":"SearchAction","target":{"@type":"EntryPoint","urlTemplate":"https:\/\/compuviper.mx\/tienda\/?s={search_term_string}"},"query-input":"required name=search_term_string"}],"inLanguage":"es-MX"},{"@type":"Organization","@id":"https:\/\/compuviper.mx\/tienda\/#organization","name":"Compuviper","url":"https:\/\/compuviper.mx\/tienda\/","logo":{"@type":"ImageObject","inLanguage":"es-MX","@id":"https:\/\/compuviper.mx\/tienda\/#\/schema\/logo\/image\/","url":"https:\/\/compuviper.mx\/tienda\/wp-content\/uploads\/2021\/08\/Logo-Compuviper-10.png","contentUrl":"https:\/\/compuviper.mx\/tienda\/wp-content\/uploads\/2021\/08\/Logo-Compuviper-10.png","width":1000,"height":500,"caption":"Compuviper"},"image":{"@id":"https:\/\/compuviper.mx\/tienda\/#\/schema\/logo\/image\/"},"sameAs":["https:\/\/www.facebook.com\/compuviper","https:\/\/www.youtube.com\/channel\/UCf73dERp9Y3cfOq7q8BhLjA?view_as=subscriber"]}]},"product_brand":"DAHUA","product_price_amount":"1600","product_price_currency":"MXN","og_availability":"instock","product_availability":"instock","product_retailer_item_id":"DH-IPC-HFW2449M-S-B-PRO","product_condition":"new"},"_links":{"self":[{"href":"https:\/\/compuviper.mx\/tienda\/wp-json\/wp\/v2\/product\/248693"}],"collection":[{"href":"https:\/\/compuviper.mx\/tienda\/wp-json\/wp\/v2\/product"}],"about":[{"href":"https:\/\/compuviper.mx\/tienda\/wp-json\/wp\/v2\/types\/product"}],"replies":[{"embeddable":true,"href":"https:\/\/compuviper.mx\/tienda\/wp-json\/wp\/v2\/comments?post=248693"}],"wp:featuredmedia":[{"embeddable":true,"href":"https:\/\/compuviper.mx\/tienda\/wp-json\/wp\/v2\/media\/259388"}],"wp:attachment":[{"href":"https:\/\/compuviper.mx\/tienda\/wp-json\/wp\/v2\/media?parent=248693"}],"wp:term":[{"taxonomy":"product_cat","embeddable":true,"href":"https:\/\/compuviper.mx\/tienda\/wp-json\/wp\/v2\/product_cat?post=248693"},{"taxonomy":"product_tag","embeddable":true,"href":"https:\/\/compuviper.mx\/tienda\/wp-json\/wp\/v2\/product_tag?post=248693"}],"curies":[{"name":"wp","href":"https:\/\/api.w.org\/{rel}","templated":true}]}}