{"id":248659,"date":"2026-04-23T02:04:03","date_gmt":"2026-04-23T08:04:03","guid":{"rendered":"https:\/\/compuviper.mx\/tienda\/producto\/perfect-choice-pc-113140-bocina-inalambrica-transparente-con-centro-de-carga-para-smartphone-loopstar\/"},"modified":"2026-04-23T02:04:04","modified_gmt":"2026-04-23T08:04:04","slug":"perfect-choice-pc-113140-bocina-inalambrica-transparente-con-centro-de-carga-para-smartphone-loopstar","status":"publish","type":"product","link":"https:\/\/compuviper.mx\/tienda\/producto\/perfect-choice-pc-113140-bocina-inalambrica-transparente-con-centro-de-carga-para-smartphone-loopstar\/","title":{"rendered":"Perfect Choice Pc-113140 Bocina Inalambrica Transparente Con Centro De Carga Para Smartphone Loopstar"},"content":{"rendered":"<table class=\"descripcion\">\n<tr>\n<td>Especificaciones t\u00e9cnicas<\/td>\n<\/tr>\n<tr>\n<td>\u0095 alimentaci\u00f3n: 5vcc 1a<\/td>\n<\/tr>\n<tr>\n<td>\u0095 transmisi\u00f3n: inal\u00e1mbrica bluetooth (2.4ghz)<\/td>\n<\/tr>\n<tr>\n<td>\u0095 conector de carga: tipo-c<\/td>\n<\/tr>\n<tr>\n<td>\u0095 iluminaci\u00f3n: rgb<\/td>\n<\/tr>\n<tr>\n<td>\u0095 distancia de operaci\u00f3n: 10m<\/td>\n<\/tr>\n<tr>\n<td>\u0095 versi\u00f3n bluetooth: v5.3<\/td>\n<\/tr>\n<tr>\n<td>\u0095 altavoces: 1*5w + 1*3w<\/td>\n<\/tr>\n<tr>\n<td>\u0095 potencia m\u00e1xima: 15w<\/td>\n<\/tr>\n<tr>\n<td>\u0095 carga inal\u00e1mbrica: 10w<\/td>\n<\/tr>\n<tr>\n<td>\u0095 bater\u00eda: 1800mah<\/td>\n<\/tr>\n<tr>\n<td>\u0095 tiempo de reproducci\u00f3n: hasta 5h<\/td>\n<\/tr>\n<tr>\n<td>\u0095 entradas de audio: bluetooth, aux 3.5mm, usb,tf<\/td>\n<\/tr>\n<tr>\n<td>Medidas del producto<\/td>\n<\/tr>\n<tr>\n<td>\u0095 medidas:   19 x 12 x 7.5 cm<\/td>\n<\/tr>\n<tr>\n<td>\u0095 peso:  610 g.<\/td>\n<\/tr>\n<tr>\n<td>Contenido del empaque<\/td>\n<\/tr>\n<tr>\n<td>    1 bocina port\u00e1til<\/td>\n<\/tr>\n<tr>\n<td>    1 gu\u00eda de usuario<\/td>\n<\/tr>\n<tr>\n<td>    1 cable de carga<\/td>\n<\/tr>\n<\/table>\n","protected":false},"excerpt":{"rendered":"<p>Eleva tu experiencia de audio con esta bocina inal\u00e1mbrica transparente, dise\u00f1ada para combinar estilo y funcionalidad. Con un centro de carga integrado para tu smartphone, resistencia a salpicaduras y port\u00e1til, esta bocina es ideal para acompa\u00f1arte en todas tus actividades, ya sea en casa, en la oficina o al aire libre. Dise\u00f1o transparente y moderno: un estilo \u00fanico que se adapta perfectamente a cualquier espacio. Centro de carga integrado: carga tu smartphone de forma pr\u00e1ctica mientras disfrutas de tu m\u00fasica favorita. Resistente a salpicaduras: perfecta para exteriores o lugares cercanos al agua, gracias a su protecci\u00f3n contra salpicaduras.<\/p>\n","protected":false},"featured_media":260862,"comment_status":"open","ping_status":"open","template":"","meta":[],"product_cat":[1817,1823],"product_tag":[1513],"acf":[],"yoast_head":"<!-- This site is optimized with the Yoast SEO plugin v21.7 - https:\/\/yoast.com\/wordpress\/plugins\/seo\/ -->\n<title>[ Perfect Choice ] &#129351; Pc-113140 Bocina Inalambrica Transparente Con Centro De Carga Para Smartphone Loopstar<\/title>\n<meta name=\"description\" content=\"Compra Pc-113140 Bocina Inalambrica Transparente Con Centro De Carga Para Smartphone Loopstar + Env\u00edo a domicilio + Pago seguro + Garant\u00eda\" \/>\n<meta name=\"robots\" content=\"index, follow, max-snippet:-1, max-image-preview:large, max-video-preview:-1\" \/>\n<link rel=\"canonical\" href=\"https:\/\/compuviper.mx\/tienda\/producto\/perfect-choice-pc-113140-bocina-inalambrica-transparente-con-centro-de-carga-para-smartphone-loopstar\/\" \/>\n<meta property=\"og:locale\" content=\"es_MX\" \/>\n<meta property=\"og:type\" content=\"article\" \/>\n<meta property=\"og:title\" content=\"[ Perfect Choice ] &#129351; Pc-113140 Bocina Inalambrica Transparente Con Centro De Carga Para Smartphone Loopstar\" \/>\n<meta property=\"og:description\" content=\"Compra Pc-113140 Bocina Inalambrica Transparente Con Centro De Carga Para Smartphone Loopstar + Env\u00edo a domicilio + Pago seguro + Garant\u00eda\" \/>\n<meta property=\"og:url\" content=\"https:\/\/compuviper.mx\/tienda\/producto\/perfect-choice-pc-113140-bocina-inalambrica-transparente-con-centro-de-carga-para-smartphone-loopstar\/\" \/>\n<meta property=\"og:site_name\" content=\"Compuviper\" \/>\n<meta property=\"article:publisher\" content=\"https:\/\/www.facebook.com\/compuviper\" \/>\n<meta property=\"article:modified_time\" content=\"2026-04-23T08:04:04+00:00\" \/>\n<meta property=\"og:image\" content=\"https:\/\/compuviper.mx\/tienda\/wp-content\/uploads\/2025\/10\/Bocina-inalambrica-transparente-con-centro-de-carga-para-smartphone-loopstar-perfect-choice.jpg\" \/>\n\t<meta property=\"og:image:width\" content=\"200\" \/>\n\t<meta property=\"og:image:height\" content=\"200\" \/>\n\t<meta property=\"og:image:type\" content=\"image\/jpeg\" \/>\n<meta name=\"twitter:card\" content=\"summary_large_image\" \/>\n<meta name=\"twitter:label1\" content=\"Precio\" \/>\n\t<meta name=\"twitter:data1\" content=\"&#36;349 con IVA\" \/>\n\t<meta name=\"twitter:label2\" content=\"Availability\" \/>\n\t<meta name=\"twitter:data2\" content=\"In stock\" \/>\n<script type=\"application\/ld+json\" class=\"yoast-schema-graph\">{\"@context\":\"https:\/\/schema.org\",\"@graph\":[{\"@type\":\"WebPage\",\"@id\":\"https:\/\/compuviper.mx\/tienda\/producto\/perfect-choice-pc-113140-bocina-inalambrica-transparente-con-centro-de-carga-para-smartphone-loopstar\/\",\"url\":\"https:\/\/compuviper.mx\/tienda\/producto\/perfect-choice-pc-113140-bocina-inalambrica-transparente-con-centro-de-carga-para-smartphone-loopstar\/\",\"name\":\"[ Perfect Choice ] &#129351; Pc-113140 Bocina Inalambrica Transparente Con Centro De Carga Para Smartphone Loopstar\",\"isPartOf\":{\"@id\":\"https:\/\/compuviper.mx\/tienda\/#website\"},\"datePublished\":\"2026-04-23T08:04:03+00:00\",\"dateModified\":\"2026-04-23T08:04:04+00:00\",\"description\":\"Compra Pc-113140 Bocina Inalambrica Transparente Con Centro De Carga Para Smartphone Loopstar + Env\u00edo a domicilio + Pago seguro + Garant\u00eda\",\"breadcrumb\":{\"@id\":\"https:\/\/compuviper.mx\/tienda\/producto\/perfect-choice-pc-113140-bocina-inalambrica-transparente-con-centro-de-carga-para-smartphone-loopstar\/#breadcrumb\"},\"inLanguage\":\"es-MX\",\"potentialAction\":[{\"@type\":\"ReadAction\",\"target\":[\"https:\/\/compuviper.mx\/tienda\/producto\/perfect-choice-pc-113140-bocina-inalambrica-transparente-con-centro-de-carga-para-smartphone-loopstar\/\"]}]},{\"@type\":\"BreadcrumbList\",\"@id\":\"https:\/\/compuviper.mx\/tienda\/producto\/perfect-choice-pc-113140-bocina-inalambrica-transparente-con-centro-de-carga-para-smartphone-loopstar\/#breadcrumb\",\"itemListElement\":[{\"@type\":\"ListItem\",\"position\":1,\"name\":\"Inicio\",\"item\":\"https:\/\/compuviper.mx\/tienda\/\"},{\"@type\":\"ListItem\",\"position\":2,\"name\":\"Productos\",\"item\":\"https:\/\/compuviper.mx\/tienda\/productos\/\"},{\"@type\":\"ListItem\",\"position\":3,\"name\":\"Bocinas\",\"item\":\"https:\/\/compuviper.mx\/tienda\/categoria-producto\/bocinas\/\"},{\"@type\":\"ListItem\",\"position\":4,\"name\":\"Bocinas Bluetooth\",\"item\":\"https:\/\/compuviper.mx\/tienda\/categoria-producto\/bocinas\/bocinas-bluetooth\/\"},{\"@type\":\"ListItem\",\"position\":5,\"name\":\"Perfect Choice Pc-113140 Bocina Inalambrica Transparente Con Centro De Carga Para Smartphone Loopstar\"}]},{\"@type\":\"WebSite\",\"@id\":\"https:\/\/compuviper.mx\/tienda\/#website\",\"url\":\"https:\/\/compuviper.mx\/tienda\/\",\"name\":\"Compuviper\",\"description\":\"Proveedor de Computadoras, Laptops, Servidores, Monitores, Puntos de Venta, Teclados,   Impresoras, T\u00f3ner, C\u00e1maras de Seguridad y m\u00e1s en tu tienda en l\u00ednea\",\"publisher\":{\"@id\":\"https:\/\/compuviper.mx\/tienda\/#organization\"},\"potentialAction\":[{\"@type\":\"SearchAction\",\"target\":{\"@type\":\"EntryPoint\",\"urlTemplate\":\"https:\/\/compuviper.mx\/tienda\/?s={search_term_string}\"},\"query-input\":\"required name=search_term_string\"}],\"inLanguage\":\"es-MX\"},{\"@type\":\"Organization\",\"@id\":\"https:\/\/compuviper.mx\/tienda\/#organization\",\"name\":\"Compuviper\",\"url\":\"https:\/\/compuviper.mx\/tienda\/\",\"logo\":{\"@type\":\"ImageObject\",\"inLanguage\":\"es-MX\",\"@id\":\"https:\/\/compuviper.mx\/tienda\/#\/schema\/logo\/image\/\",\"url\":\"https:\/\/compuviper.mx\/tienda\/wp-content\/uploads\/2021\/08\/Logo-Compuviper-10.png\",\"contentUrl\":\"https:\/\/compuviper.mx\/tienda\/wp-content\/uploads\/2021\/08\/Logo-Compuviper-10.png\",\"width\":1000,\"height\":500,\"caption\":\"Compuviper\"},\"image\":{\"@id\":\"https:\/\/compuviper.mx\/tienda\/#\/schema\/logo\/image\/\"},\"sameAs\":[\"https:\/\/www.facebook.com\/compuviper\",\"https:\/\/www.youtube.com\/channel\/UCf73dERp9Y3cfOq7q8BhLjA?view_as=subscriber\"]}]}<\/script>\n<meta property=\"product:brand\" content=\"PERFECT CHOICE\" \/>\n<meta property=\"product:price:amount\" content=\"349\" \/>\n<meta property=\"product:price:currency\" content=\"MXN\" \/>\n<meta property=\"og:availability\" content=\"instock\" \/>\n<meta property=\"product:availability\" content=\"instock\" \/>\n<meta property=\"product:retailer_item_id\" content=\"PC-113140\" \/>\n<meta property=\"product:condition\" content=\"new\" \/>\n<!-- \/ Yoast SEO plugin. -->","yoast_head_json":{"title":"[ Perfect Choice ] &#129351; Pc-113140 Bocina Inalambrica Transparente Con Centro De Carga Para Smartphone Loopstar","description":"Compra Pc-113140 Bocina Inalambrica Transparente Con Centro De Carga Para Smartphone Loopstar + Env\u00edo a domicilio + Pago seguro + Garant\u00eda","robots":{"index":"index","follow":"follow","max-snippet":"max-snippet:-1","max-image-preview":"max-image-preview:large","max-video-preview":"max-video-preview:-1"},"canonical":"https:\/\/compuviper.mx\/tienda\/producto\/perfect-choice-pc-113140-bocina-inalambrica-transparente-con-centro-de-carga-para-smartphone-loopstar\/","og_locale":"es_MX","og_type":"article","og_title":"[ Perfect Choice ] &#129351; Pc-113140 Bocina Inalambrica Transparente Con Centro De Carga Para Smartphone Loopstar","og_description":"Compra Pc-113140 Bocina Inalambrica Transparente Con Centro De Carga Para Smartphone Loopstar + Env\u00edo a domicilio + Pago seguro + Garant\u00eda","og_url":"https:\/\/compuviper.mx\/tienda\/producto\/perfect-choice-pc-113140-bocina-inalambrica-transparente-con-centro-de-carga-para-smartphone-loopstar\/","og_site_name":"Compuviper","article_publisher":"https:\/\/www.facebook.com\/compuviper","article_modified_time":"2026-04-23T08:04:04+00:00","og_image":[{"width":200,"height":200,"url":"https:\/\/compuviper.mx\/tienda\/wp-content\/uploads\/2025\/10\/Bocina-inalambrica-transparente-con-centro-de-carga-para-smartphone-loopstar-perfect-choice.jpg","type":"image\/jpeg"}],"twitter_card":"summary_large_image","twitter_misc":{"Precio":"&#36;349 con IVA","Availability":"In stock"},"schema":{"@context":"https:\/\/schema.org","@graph":[{"@type":"WebPage","@id":"https:\/\/compuviper.mx\/tienda\/producto\/perfect-choice-pc-113140-bocina-inalambrica-transparente-con-centro-de-carga-para-smartphone-loopstar\/","url":"https:\/\/compuviper.mx\/tienda\/producto\/perfect-choice-pc-113140-bocina-inalambrica-transparente-con-centro-de-carga-para-smartphone-loopstar\/","name":"[ Perfect Choice ] &#129351; Pc-113140 Bocina Inalambrica Transparente Con Centro De Carga Para Smartphone Loopstar","isPartOf":{"@id":"https:\/\/compuviper.mx\/tienda\/#website"},"datePublished":"2026-04-23T08:04:03+00:00","dateModified":"2026-04-23T08:04:04+00:00","description":"Compra Pc-113140 Bocina Inalambrica Transparente Con Centro De Carga Para Smartphone Loopstar + Env\u00edo a domicilio + Pago seguro + Garant\u00eda","breadcrumb":{"@id":"https:\/\/compuviper.mx\/tienda\/producto\/perfect-choice-pc-113140-bocina-inalambrica-transparente-con-centro-de-carga-para-smartphone-loopstar\/#breadcrumb"},"inLanguage":"es-MX","potentialAction":[{"@type":"ReadAction","target":["https:\/\/compuviper.mx\/tienda\/producto\/perfect-choice-pc-113140-bocina-inalambrica-transparente-con-centro-de-carga-para-smartphone-loopstar\/"]}]},{"@type":"BreadcrumbList","@id":"https:\/\/compuviper.mx\/tienda\/producto\/perfect-choice-pc-113140-bocina-inalambrica-transparente-con-centro-de-carga-para-smartphone-loopstar\/#breadcrumb","itemListElement":[{"@type":"ListItem","position":1,"name":"Inicio","item":"https:\/\/compuviper.mx\/tienda\/"},{"@type":"ListItem","position":2,"name":"Productos","item":"https:\/\/compuviper.mx\/tienda\/productos\/"},{"@type":"ListItem","position":3,"name":"Bocinas","item":"https:\/\/compuviper.mx\/tienda\/categoria-producto\/bocinas\/"},{"@type":"ListItem","position":4,"name":"Bocinas Bluetooth","item":"https:\/\/compuviper.mx\/tienda\/categoria-producto\/bocinas\/bocinas-bluetooth\/"},{"@type":"ListItem","position":5,"name":"Perfect Choice Pc-113140 Bocina Inalambrica Transparente Con Centro De Carga Para Smartphone Loopstar"}]},{"@type":"WebSite","@id":"https:\/\/compuviper.mx\/tienda\/#website","url":"https:\/\/compuviper.mx\/tienda\/","name":"Compuviper","description":"Proveedor de Computadoras, Laptops, Servidores, Monitores, Puntos de Venta, Teclados,   Impresoras, T\u00f3ner, C\u00e1maras de Seguridad y m\u00e1s en tu tienda en l\u00ednea","publisher":{"@id":"https:\/\/compuviper.mx\/tienda\/#organization"},"potentialAction":[{"@type":"SearchAction","target":{"@type":"EntryPoint","urlTemplate":"https:\/\/compuviper.mx\/tienda\/?s={search_term_string}"},"query-input":"required name=search_term_string"}],"inLanguage":"es-MX"},{"@type":"Organization","@id":"https:\/\/compuviper.mx\/tienda\/#organization","name":"Compuviper","url":"https:\/\/compuviper.mx\/tienda\/","logo":{"@type":"ImageObject","inLanguage":"es-MX","@id":"https:\/\/compuviper.mx\/tienda\/#\/schema\/logo\/image\/","url":"https:\/\/compuviper.mx\/tienda\/wp-content\/uploads\/2021\/08\/Logo-Compuviper-10.png","contentUrl":"https:\/\/compuviper.mx\/tienda\/wp-content\/uploads\/2021\/08\/Logo-Compuviper-10.png","width":1000,"height":500,"caption":"Compuviper"},"image":{"@id":"https:\/\/compuviper.mx\/tienda\/#\/schema\/logo\/image\/"},"sameAs":["https:\/\/www.facebook.com\/compuviper","https:\/\/www.youtube.com\/channel\/UCf73dERp9Y3cfOq7q8BhLjA?view_as=subscriber"]}]},"product_brand":"PERFECT CHOICE","product_price_amount":"349","product_price_currency":"MXN","og_availability":"instock","product_availability":"instock","product_retailer_item_id":"PC-113140","product_condition":"new"},"_links":{"self":[{"href":"https:\/\/compuviper.mx\/tienda\/wp-json\/wp\/v2\/product\/248659"}],"collection":[{"href":"https:\/\/compuviper.mx\/tienda\/wp-json\/wp\/v2\/product"}],"about":[{"href":"https:\/\/compuviper.mx\/tienda\/wp-json\/wp\/v2\/types\/product"}],"replies":[{"embeddable":true,"href":"https:\/\/compuviper.mx\/tienda\/wp-json\/wp\/v2\/comments?post=248659"}],"wp:featuredmedia":[{"embeddable":true,"href":"https:\/\/compuviper.mx\/tienda\/wp-json\/wp\/v2\/media\/260862"}],"wp:attachment":[{"href":"https:\/\/compuviper.mx\/tienda\/wp-json\/wp\/v2\/media?parent=248659"}],"wp:term":[{"taxonomy":"product_cat","embeddable":true,"href":"https:\/\/compuviper.mx\/tienda\/wp-json\/wp\/v2\/product_cat?post=248659"},{"taxonomy":"product_tag","embeddable":true,"href":"https:\/\/compuviper.mx\/tienda\/wp-json\/wp\/v2\/product_tag?post=248659"}],"curies":[{"name":"wp","href":"https:\/\/api.w.org\/{rel}","templated":true}]}}