{"id":248524,"date":"2026-04-02T02:18:15","date_gmt":"2026-04-02T08:18:15","guid":{"rendered":"https:\/\/compuviper.mx\/tienda\/producto\/aspel-fact6m-v-siigo-facture-1usr-1emp-renta-semestral-electronico\/"},"modified":"2026-04-02T02:18:15","modified_gmt":"2026-04-02T08:18:15","slug":"aspel-fact6m-v-siigo-facture-1usr-1emp-renta-semestral-electronico","status":"publish","type":"product","link":"https:\/\/compuviper.mx\/tienda\/producto\/aspel-fact6m-v-siigo-facture-1usr-1emp-renta-semestral-electronico\/","title":{"rendered":"Aspel Fact6m V Siigo  Facture 1usr 1emp Renta Semestral (electronico)"},"content":{"rendered":"<table class=\"descripcion\">\n<tr>\n<td>\u0095 expide documentos fiscales digitales como facturas, notas de cr\u00e9dito, recibos<\/td>\n<\/tr>\n<tr>\n<td>De honorarios y de arrendamiento, comprobantes que amparan vi\u00e1ticos, pr\u00e9stamos<\/td>\n<\/tr>\n<tr>\n<td>Y retenciones de impuestos.<\/td>\n<\/tr>\n<tr>\n<td>\u0095 optimiza tu trabajo con la importaci\u00f3n de cfdi.<\/td>\n<\/tr>\n<tr>\n<td>\u0095 administra tus cfdi de gastos y relaciona el comprobante de pago en autom\u00e1tico.<\/td>\n<\/tr>\n<\/table>\n","protected":false},"excerpt":{"rendered":"<p>Siigo aspel facture timbrado ilimitado 1 usuario 1 empresa renta semestral.<\/p>\n","protected":false},"featured_media":261049,"comment_status":"open","ping_status":"open","template":"","meta":[],"product_cat":[1827,2001],"product_tag":[1875],"acf":[],"yoast_head":"<!-- This site is optimized with the Yoast SEO plugin v21.7 - https:\/\/yoast.com\/wordpress\/plugins\/seo\/ -->\n<title>[ Aspel ] &#129351; Fact6m V Siigo Facture 1usr 1emp Renta Semestral (electronico)<\/title>\n<meta name=\"description\" content=\"Compra Fact6m V Siigo Facture 1usr 1emp Renta Semestral (electronico) + Env\u00edo a domicilio + Pago seguro + Garant\u00eda\" \/>\n<meta name=\"robots\" content=\"index, follow, max-snippet:-1, max-image-preview:large, max-video-preview:-1\" \/>\n<link rel=\"canonical\" href=\"https:\/\/compuviper.mx\/tienda\/producto\/aspel-fact6m-v-siigo-facture-1usr-1emp-renta-semestral-electronico\/\" \/>\n<meta property=\"og:locale\" content=\"es_MX\" \/>\n<meta property=\"og:type\" content=\"article\" \/>\n<meta property=\"og:title\" content=\"[ Aspel ] &#129351; Fact6m V Siigo Facture 1usr 1emp Renta Semestral (electronico)\" \/>\n<meta property=\"og:description\" content=\"Compra Fact6m V Siigo Facture 1usr 1emp Renta Semestral (electronico) + Env\u00edo a domicilio + Pago seguro + Garant\u00eda\" \/>\n<meta property=\"og:url\" content=\"https:\/\/compuviper.mx\/tienda\/producto\/aspel-fact6m-v-siigo-facture-1usr-1emp-renta-semestral-electronico\/\" \/>\n<meta property=\"og:site_name\" content=\"Compuviper\" \/>\n<meta property=\"article:publisher\" content=\"https:\/\/www.facebook.com\/compuviper\" \/>\n<meta property=\"og:image\" content=\"https:\/\/compuviper.mx\/tienda\/wp-content\/uploads\/2025\/10\/Siigo-aspel-facture-1usr-1emp-renta-semestral-electronico.jpg\" \/>\n\t<meta property=\"og:image:width\" content=\"200\" \/>\n\t<meta property=\"og:image:height\" content=\"200\" \/>\n\t<meta property=\"og:image:type\" content=\"image\/jpeg\" \/>\n<meta name=\"twitter:card\" content=\"summary_large_image\" \/>\n<meta name=\"twitter:label1\" content=\"Precio\" \/>\n\t<meta name=\"twitter:data1\" content=\"&#36;1,123 con IVA\" \/>\n\t<meta name=\"twitter:label2\" content=\"Availability\" \/>\n\t<meta name=\"twitter:data2\" content=\"In stock\" \/>\n<script type=\"application\/ld+json\" class=\"yoast-schema-graph\">{\"@context\":\"https:\/\/schema.org\",\"@graph\":[{\"@type\":\"WebPage\",\"@id\":\"https:\/\/compuviper.mx\/tienda\/producto\/aspel-fact6m-v-siigo-facture-1usr-1emp-renta-semestral-electronico\/\",\"url\":\"https:\/\/compuviper.mx\/tienda\/producto\/aspel-fact6m-v-siigo-facture-1usr-1emp-renta-semestral-electronico\/\",\"name\":\"[ Aspel ] &#129351; Fact6m V Siigo Facture 1usr 1emp Renta Semestral (electronico)\",\"isPartOf\":{\"@id\":\"https:\/\/compuviper.mx\/tienda\/#website\"},\"datePublished\":\"2026-04-02T08:18:15+00:00\",\"dateModified\":\"2026-04-02T08:18:15+00:00\",\"description\":\"Compra Fact6m V Siigo Facture 1usr 1emp Renta Semestral (electronico) + Env\u00edo a domicilio + Pago seguro + Garant\u00eda\",\"breadcrumb\":{\"@id\":\"https:\/\/compuviper.mx\/tienda\/producto\/aspel-fact6m-v-siigo-facture-1usr-1emp-renta-semestral-electronico\/#breadcrumb\"},\"inLanguage\":\"es-MX\",\"potentialAction\":[{\"@type\":\"ReadAction\",\"target\":[\"https:\/\/compuviper.mx\/tienda\/producto\/aspel-fact6m-v-siigo-facture-1usr-1emp-renta-semestral-electronico\/\"]}]},{\"@type\":\"BreadcrumbList\",\"@id\":\"https:\/\/compuviper.mx\/tienda\/producto\/aspel-fact6m-v-siigo-facture-1usr-1emp-renta-semestral-electronico\/#breadcrumb\",\"itemListElement\":[{\"@type\":\"ListItem\",\"position\":1,\"name\":\"Inicio\",\"item\":\"https:\/\/compuviper.mx\/tienda\/\"},{\"@type\":\"ListItem\",\"position\":2,\"name\":\"Productos\",\"item\":\"https:\/\/compuviper.mx\/tienda\/productos\/\"},{\"@type\":\"ListItem\",\"position\":3,\"name\":\"Software\",\"item\":\"https:\/\/compuviper.mx\/tienda\/categoria-producto\/software\/\"},{\"@type\":\"ListItem\",\"position\":4,\"name\":\"Licenciamiento Electronico\",\"item\":\"https:\/\/compuviper.mx\/tienda\/categoria-producto\/software\/licenciamiento-electronico\/\"},{\"@type\":\"ListItem\",\"position\":5,\"name\":\"Aspel Fact6m V Siigo Facture 1usr 1emp Renta Semestral (electronico)\"}]},{\"@type\":\"WebSite\",\"@id\":\"https:\/\/compuviper.mx\/tienda\/#website\",\"url\":\"https:\/\/compuviper.mx\/tienda\/\",\"name\":\"Compuviper\",\"description\":\"Proveedor de Computadoras, Laptops, Servidores, Monitores, Puntos de Venta, Teclados,   Impresoras, T\u00f3ner, C\u00e1maras de Seguridad y m\u00e1s en tu tienda en l\u00ednea\",\"publisher\":{\"@id\":\"https:\/\/compuviper.mx\/tienda\/#organization\"},\"potentialAction\":[{\"@type\":\"SearchAction\",\"target\":{\"@type\":\"EntryPoint\",\"urlTemplate\":\"https:\/\/compuviper.mx\/tienda\/?s={search_term_string}\"},\"query-input\":\"required name=search_term_string\"}],\"inLanguage\":\"es-MX\"},{\"@type\":\"Organization\",\"@id\":\"https:\/\/compuviper.mx\/tienda\/#organization\",\"name\":\"Compuviper\",\"url\":\"https:\/\/compuviper.mx\/tienda\/\",\"logo\":{\"@type\":\"ImageObject\",\"inLanguage\":\"es-MX\",\"@id\":\"https:\/\/compuviper.mx\/tienda\/#\/schema\/logo\/image\/\",\"url\":\"https:\/\/compuviper.mx\/tienda\/wp-content\/uploads\/2021\/08\/Logo-Compuviper-10.png\",\"contentUrl\":\"https:\/\/compuviper.mx\/tienda\/wp-content\/uploads\/2021\/08\/Logo-Compuviper-10.png\",\"width\":1000,\"height\":500,\"caption\":\"Compuviper\"},\"image\":{\"@id\":\"https:\/\/compuviper.mx\/tienda\/#\/schema\/logo\/image\/\"},\"sameAs\":[\"https:\/\/www.facebook.com\/compuviper\",\"https:\/\/www.youtube.com\/channel\/UCf73dERp9Y3cfOq7q8BhLjA?view_as=subscriber\"]}]}<\/script>\n<meta property=\"product:brand\" content=\"ASPEL\" \/>\n<meta property=\"product:price:amount\" content=\"1123\" \/>\n<meta property=\"product:price:currency\" content=\"MXN\" \/>\n<meta property=\"og:availability\" content=\"instock\" \/>\n<meta property=\"product:availability\" content=\"instock\" \/>\n<meta property=\"product:retailer_item_id\" content=\"FACT6M V\" \/>\n<meta property=\"product:condition\" content=\"new\" \/>\n<!-- \/ Yoast SEO plugin. -->","yoast_head_json":{"title":"[ Aspel ] &#129351; Fact6m V Siigo Facture 1usr 1emp Renta Semestral (electronico)","description":"Compra Fact6m V Siigo Facture 1usr 1emp Renta Semestral (electronico) + Env\u00edo a domicilio + Pago seguro + Garant\u00eda","robots":{"index":"index","follow":"follow","max-snippet":"max-snippet:-1","max-image-preview":"max-image-preview:large","max-video-preview":"max-video-preview:-1"},"canonical":"https:\/\/compuviper.mx\/tienda\/producto\/aspel-fact6m-v-siigo-facture-1usr-1emp-renta-semestral-electronico\/","og_locale":"es_MX","og_type":"article","og_title":"[ Aspel ] &#129351; Fact6m V Siigo Facture 1usr 1emp Renta Semestral (electronico)","og_description":"Compra Fact6m V Siigo Facture 1usr 1emp Renta Semestral (electronico) + Env\u00edo a domicilio + Pago seguro + Garant\u00eda","og_url":"https:\/\/compuviper.mx\/tienda\/producto\/aspel-fact6m-v-siigo-facture-1usr-1emp-renta-semestral-electronico\/","og_site_name":"Compuviper","article_publisher":"https:\/\/www.facebook.com\/compuviper","og_image":[{"width":200,"height":200,"url":"https:\/\/compuviper.mx\/tienda\/wp-content\/uploads\/2025\/10\/Siigo-aspel-facture-1usr-1emp-renta-semestral-electronico.jpg","type":"image\/jpeg"}],"twitter_card":"summary_large_image","twitter_misc":{"Precio":"&#36;1,123 con IVA","Availability":"In stock"},"schema":{"@context":"https:\/\/schema.org","@graph":[{"@type":"WebPage","@id":"https:\/\/compuviper.mx\/tienda\/producto\/aspel-fact6m-v-siigo-facture-1usr-1emp-renta-semestral-electronico\/","url":"https:\/\/compuviper.mx\/tienda\/producto\/aspel-fact6m-v-siigo-facture-1usr-1emp-renta-semestral-electronico\/","name":"[ Aspel ] &#129351; Fact6m V Siigo Facture 1usr 1emp Renta Semestral (electronico)","isPartOf":{"@id":"https:\/\/compuviper.mx\/tienda\/#website"},"datePublished":"2026-04-02T08:18:15+00:00","dateModified":"2026-04-02T08:18:15+00:00","description":"Compra Fact6m V Siigo Facture 1usr 1emp Renta Semestral (electronico) + Env\u00edo a domicilio + Pago seguro + Garant\u00eda","breadcrumb":{"@id":"https:\/\/compuviper.mx\/tienda\/producto\/aspel-fact6m-v-siigo-facture-1usr-1emp-renta-semestral-electronico\/#breadcrumb"},"inLanguage":"es-MX","potentialAction":[{"@type":"ReadAction","target":["https:\/\/compuviper.mx\/tienda\/producto\/aspel-fact6m-v-siigo-facture-1usr-1emp-renta-semestral-electronico\/"]}]},{"@type":"BreadcrumbList","@id":"https:\/\/compuviper.mx\/tienda\/producto\/aspel-fact6m-v-siigo-facture-1usr-1emp-renta-semestral-electronico\/#breadcrumb","itemListElement":[{"@type":"ListItem","position":1,"name":"Inicio","item":"https:\/\/compuviper.mx\/tienda\/"},{"@type":"ListItem","position":2,"name":"Productos","item":"https:\/\/compuviper.mx\/tienda\/productos\/"},{"@type":"ListItem","position":3,"name":"Software","item":"https:\/\/compuviper.mx\/tienda\/categoria-producto\/software\/"},{"@type":"ListItem","position":4,"name":"Licenciamiento Electronico","item":"https:\/\/compuviper.mx\/tienda\/categoria-producto\/software\/licenciamiento-electronico\/"},{"@type":"ListItem","position":5,"name":"Aspel Fact6m V Siigo Facture 1usr 1emp Renta Semestral (electronico)"}]},{"@type":"WebSite","@id":"https:\/\/compuviper.mx\/tienda\/#website","url":"https:\/\/compuviper.mx\/tienda\/","name":"Compuviper","description":"Proveedor de Computadoras, Laptops, Servidores, Monitores, Puntos de Venta, Teclados,   Impresoras, T\u00f3ner, C\u00e1maras de Seguridad y m\u00e1s en tu tienda en l\u00ednea","publisher":{"@id":"https:\/\/compuviper.mx\/tienda\/#organization"},"potentialAction":[{"@type":"SearchAction","target":{"@type":"EntryPoint","urlTemplate":"https:\/\/compuviper.mx\/tienda\/?s={search_term_string}"},"query-input":"required name=search_term_string"}],"inLanguage":"es-MX"},{"@type":"Organization","@id":"https:\/\/compuviper.mx\/tienda\/#organization","name":"Compuviper","url":"https:\/\/compuviper.mx\/tienda\/","logo":{"@type":"ImageObject","inLanguage":"es-MX","@id":"https:\/\/compuviper.mx\/tienda\/#\/schema\/logo\/image\/","url":"https:\/\/compuviper.mx\/tienda\/wp-content\/uploads\/2021\/08\/Logo-Compuviper-10.png","contentUrl":"https:\/\/compuviper.mx\/tienda\/wp-content\/uploads\/2021\/08\/Logo-Compuviper-10.png","width":1000,"height":500,"caption":"Compuviper"},"image":{"@id":"https:\/\/compuviper.mx\/tienda\/#\/schema\/logo\/image\/"},"sameAs":["https:\/\/www.facebook.com\/compuviper","https:\/\/www.youtube.com\/channel\/UCf73dERp9Y3cfOq7q8BhLjA?view_as=subscriber"]}]},"product_brand":"ASPEL","product_price_amount":"1123","product_price_currency":"MXN","og_availability":"instock","product_availability":"instock","product_retailer_item_id":"FACT6M V","product_condition":"new"},"_links":{"self":[{"href":"https:\/\/compuviper.mx\/tienda\/wp-json\/wp\/v2\/product\/248524"}],"collection":[{"href":"https:\/\/compuviper.mx\/tienda\/wp-json\/wp\/v2\/product"}],"about":[{"href":"https:\/\/compuviper.mx\/tienda\/wp-json\/wp\/v2\/types\/product"}],"replies":[{"embeddable":true,"href":"https:\/\/compuviper.mx\/tienda\/wp-json\/wp\/v2\/comments?post=248524"}],"wp:featuredmedia":[{"embeddable":true,"href":"https:\/\/compuviper.mx\/tienda\/wp-json\/wp\/v2\/media\/261049"}],"wp:attachment":[{"href":"https:\/\/compuviper.mx\/tienda\/wp-json\/wp\/v2\/media?parent=248524"}],"wp:term":[{"taxonomy":"product_cat","embeddable":true,"href":"https:\/\/compuviper.mx\/tienda\/wp-json\/wp\/v2\/product_cat?post=248524"},{"taxonomy":"product_tag","embeddable":true,"href":"https:\/\/compuviper.mx\/tienda\/wp-json\/wp\/v2\/product_tag?post=248524"}],"curies":[{"name":"wp","href":"https:\/\/api.w.org\/{rel}","templated":true}]}}