{"id":248451,"date":"2026-04-16T23:58:00","date_gmt":"2026-04-17T05:58:00","guid":{"rendered":"https:\/\/compuviper.mx\/tienda\/producto\/epson-t05b320010343983021t05b3-bolsa-de-tinta-modelo-t05b-magenta-para-wf-c878r-rendimiento-50000-paginas\/"},"modified":"2026-04-16T23:58:00","modified_gmt":"2026-04-17T05:58:00","slug":"epson-t05b320010343983021t05b3-bolsa-de-tinta-modelo-t05b-magenta-para-wf-c878r-rendimiento-50000-paginas-costo-pp-0-08c","status":"publish","type":"product","link":"https:\/\/compuviper.mx\/tienda\/producto\/epson-t05b320010343983021t05b3-bolsa-de-tinta-modelo-t05b-magenta-para-wf-c878r-rendimiento-50000-paginas-costo-pp-0-08c\/","title":{"rendered":"Epson T05b320,010343983021,t05b3 Bolsa De Tinta  Modelo T05b Magenta , Para Wf- C878r, Rendimiento 50,000 Paginas, Costo Pp $0.08c"},"content":{"rendered":"<table class=\"descripcion\">\n<tr>\n<td>Baja intervencion, menos molestias.<\/td>\n<\/tr>\n<tr>\n<td>El sistema de paquete de tinta reemplazable le permite imprimir hasta 50,000 paginas iso (negro) y hasta 50,000 paginas iso (color)<\/td>\n<\/tr>\n<\/table>\n","protected":false},"excerpt":{"rendered":"<p>Impresion de volumen ultra alto. Resultados de calidad profesional. Los paquetes de tintas pigmentadas durabrite pro de epson son ideales para impresiones de grandes volumenes. Formulados para iimpresion de alta velocidad, ofrecen texto de calidad profesional y colores brillantes a un precio extraordinario.<\/p>\n","protected":false},"featured_media":248452,"comment_status":"open","ping_status":"open","template":"","meta":[],"product_cat":[1623,1622],"product_tag":[1624],"acf":[],"yoast_head":"<!-- This site is optimized with the Yoast SEO plugin v21.7 - https:\/\/yoast.com\/wordpress\/plugins\/seo\/ -->\n<title>[ Epson ] &#129351; T05b320,010343983021,t05b3 Bolsa De Tinta Modelo T05b Magenta , Para Wf- C878r, Rendimiento 50,000 Paginas, Costo Pp $0.08c<\/title>\n<meta name=\"description\" content=\"Compra T05b320,010343983021,t05b3 Bolsa De Tinta Modelo T05b Magenta , Para Wf- C878r, Rendimiento 50,000 Paginas, Costo Pp $0.08c + Env\u00edo a domicilio + Pago seguro + Garant\u00eda\" \/>\n<meta name=\"robots\" content=\"index, follow, max-snippet:-1, max-image-preview:large, max-video-preview:-1\" \/>\n<link rel=\"canonical\" href=\"https:\/\/compuviper.mx\/tienda\/producto\/epson-t05b320010343983021t05b3-bolsa-de-tinta-modelo-t05b-magenta-para-wf-c878r-rendimiento-50000-paginas-costo-pp-0-08c\/\" \/>\n<meta property=\"og:locale\" content=\"es_MX\" \/>\n<meta property=\"og:type\" content=\"article\" \/>\n<meta property=\"og:title\" content=\"[ Epson ] &#129351; T05b320,010343983021,t05b3 Bolsa De Tinta Modelo T05b Magenta , Para Wf- C878r, Rendimiento 50,000 Paginas, Costo Pp $0.08c\" \/>\n<meta property=\"og:description\" content=\"Compra T05b320,010343983021,t05b3 Bolsa De Tinta Modelo T05b Magenta , Para Wf- C878r, Rendimiento 50,000 Paginas, Costo Pp $0.08c + Env\u00edo a domicilio + Pago seguro + Garant\u00eda\" \/>\n<meta property=\"og:url\" content=\"https:\/\/compuviper.mx\/tienda\/producto\/epson-t05b320010343983021t05b3-bolsa-de-tinta-modelo-t05b-magenta-para-wf-c878r-rendimiento-50000-paginas-costo-pp-0-08c\/\" \/>\n<meta property=\"og:site_name\" content=\"Compuviper\" \/>\n<meta property=\"article:publisher\" content=\"https:\/\/www.facebook.com\/compuviper\" \/>\n<meta property=\"og:image\" content=\"https:\/\/compuviper.mx\/tienda\/wp-content\/uploads\/2025\/02\/Bolsa-de-tinta-epson-modelo-t05b-magenta-para-wf-c878r-rendimiento-50000-paginas.jpg\" \/>\n\t<meta property=\"og:image:width\" content=\"200\" \/>\n\t<meta property=\"og:image:height\" content=\"200\" \/>\n\t<meta property=\"og:image:type\" content=\"image\/jpeg\" \/>\n<meta name=\"twitter:card\" content=\"summary_large_image\" \/>\n<meta name=\"twitter:label1\" content=\"Precio\" \/>\n\t<meta name=\"twitter:data1\" content=\"&#36;4,864 con IVA\" \/>\n\t<meta name=\"twitter:label2\" content=\"Availability\" \/>\n\t<meta name=\"twitter:data2\" content=\"In stock\" \/>\n<script type=\"application\/ld+json\" class=\"yoast-schema-graph\">{\"@context\":\"https:\/\/schema.org\",\"@graph\":[{\"@type\":\"WebPage\",\"@id\":\"https:\/\/compuviper.mx\/tienda\/producto\/epson-t05b320010343983021t05b3-bolsa-de-tinta-modelo-t05b-magenta-para-wf-c878r-rendimiento-50000-paginas-costo-pp-0-08c\/\",\"url\":\"https:\/\/compuviper.mx\/tienda\/producto\/epson-t05b320010343983021t05b3-bolsa-de-tinta-modelo-t05b-magenta-para-wf-c878r-rendimiento-50000-paginas-costo-pp-0-08c\/\",\"name\":\"[ Epson ] &#129351; T05b320,010343983021,t05b3 Bolsa De Tinta Modelo T05b Magenta , Para Wf- C878r, Rendimiento 50,000 Paginas, Costo Pp $0.08c\",\"isPartOf\":{\"@id\":\"https:\/\/compuviper.mx\/tienda\/#website\"},\"datePublished\":\"2026-04-17T05:58:00+00:00\",\"dateModified\":\"2026-04-17T05:58:00+00:00\",\"description\":\"Compra T05b320,010343983021,t05b3 Bolsa De Tinta Modelo T05b Magenta , Para Wf- C878r, Rendimiento 50,000 Paginas, Costo Pp $0.08c + Env\u00edo a domicilio + Pago seguro + Garant\u00eda\",\"breadcrumb\":{\"@id\":\"https:\/\/compuviper.mx\/tienda\/producto\/epson-t05b320010343983021t05b3-bolsa-de-tinta-modelo-t05b-magenta-para-wf-c878r-rendimiento-50000-paginas-costo-pp-0-08c\/#breadcrumb\"},\"inLanguage\":\"es-MX\",\"potentialAction\":[{\"@type\":\"ReadAction\",\"target\":[\"https:\/\/compuviper.mx\/tienda\/producto\/epson-t05b320010343983021t05b3-bolsa-de-tinta-modelo-t05b-magenta-para-wf-c878r-rendimiento-50000-paginas-costo-pp-0-08c\/\"]}]},{\"@type\":\"BreadcrumbList\",\"@id\":\"https:\/\/compuviper.mx\/tienda\/producto\/epson-t05b320010343983021t05b3-bolsa-de-tinta-modelo-t05b-magenta-para-wf-c878r-rendimiento-50000-paginas-costo-pp-0-08c\/#breadcrumb\",\"itemListElement\":[{\"@type\":\"ListItem\",\"position\":1,\"name\":\"Inicio\",\"item\":\"https:\/\/compuviper.mx\/tienda\/\"},{\"@type\":\"ListItem\",\"position\":2,\"name\":\"Productos\",\"item\":\"https:\/\/compuviper.mx\/tienda\/productos\/\"},{\"@type\":\"ListItem\",\"position\":3,\"name\":\"Consumibles\",\"item\":\"https:\/\/compuviper.mx\/tienda\/categoria-producto\/consumibles\/\"},{\"@type\":\"ListItem\",\"position\":4,\"name\":\"Cartucho\",\"item\":\"https:\/\/compuviper.mx\/tienda\/categoria-producto\/consumibles\/cartucho\/\"},{\"@type\":\"ListItem\",\"position\":5,\"name\":\"Epson T05b320,010343983021,t05b3 Bolsa De Tinta Modelo T05b Magenta , Para Wf- C878r, Rendimiento 50,000 Paginas, Costo Pp $0.08c\"}]},{\"@type\":\"WebSite\",\"@id\":\"https:\/\/compuviper.mx\/tienda\/#website\",\"url\":\"https:\/\/compuviper.mx\/tienda\/\",\"name\":\"Compuviper\",\"description\":\"Proveedor de Computadoras, Laptops, Servidores, Monitores, Puntos de Venta, Teclados,   Impresoras, T\u00f3ner, C\u00e1maras de Seguridad y m\u00e1s en tu tienda en l\u00ednea\",\"publisher\":{\"@id\":\"https:\/\/compuviper.mx\/tienda\/#organization\"},\"potentialAction\":[{\"@type\":\"SearchAction\",\"target\":{\"@type\":\"EntryPoint\",\"urlTemplate\":\"https:\/\/compuviper.mx\/tienda\/?s={search_term_string}\"},\"query-input\":\"required name=search_term_string\"}],\"inLanguage\":\"es-MX\"},{\"@type\":\"Organization\",\"@id\":\"https:\/\/compuviper.mx\/tienda\/#organization\",\"name\":\"Compuviper\",\"url\":\"https:\/\/compuviper.mx\/tienda\/\",\"logo\":{\"@type\":\"ImageObject\",\"inLanguage\":\"es-MX\",\"@id\":\"https:\/\/compuviper.mx\/tienda\/#\/schema\/logo\/image\/\",\"url\":\"https:\/\/compuviper.mx\/tienda\/wp-content\/uploads\/2021\/08\/Logo-Compuviper-10.png\",\"contentUrl\":\"https:\/\/compuviper.mx\/tienda\/wp-content\/uploads\/2021\/08\/Logo-Compuviper-10.png\",\"width\":1000,\"height\":500,\"caption\":\"Compuviper\"},\"image\":{\"@id\":\"https:\/\/compuviper.mx\/tienda\/#\/schema\/logo\/image\/\"},\"sameAs\":[\"https:\/\/www.facebook.com\/compuviper\",\"https:\/\/www.youtube.com\/channel\/UCf73dERp9Y3cfOq7q8BhLjA?view_as=subscriber\"]}]}<\/script>\n<meta property=\"product:brand\" content=\"EPSON\" \/>\n<meta property=\"product:price:amount\" content=\"4864\" \/>\n<meta property=\"product:price:currency\" content=\"MXN\" \/>\n<meta property=\"og:availability\" content=\"instock\" \/>\n<meta property=\"product:availability\" content=\"instock\" \/>\n<meta property=\"product:retailer_item_id\" content=\"T05B320,010343983021,T05B3\" \/>\n<meta property=\"product:condition\" content=\"new\" \/>\n<!-- \/ Yoast SEO plugin. -->","yoast_head_json":{"title":"[ Epson ] &#129351; T05b320,010343983021,t05b3 Bolsa De Tinta Modelo T05b Magenta , Para Wf- C878r, Rendimiento 50,000 Paginas, Costo Pp $0.08c","description":"Compra T05b320,010343983021,t05b3 Bolsa De Tinta Modelo T05b Magenta , Para Wf- C878r, Rendimiento 50,000 Paginas, Costo Pp $0.08c + Env\u00edo a domicilio + Pago seguro + Garant\u00eda","robots":{"index":"index","follow":"follow","max-snippet":"max-snippet:-1","max-image-preview":"max-image-preview:large","max-video-preview":"max-video-preview:-1"},"canonical":"https:\/\/compuviper.mx\/tienda\/producto\/epson-t05b320010343983021t05b3-bolsa-de-tinta-modelo-t05b-magenta-para-wf-c878r-rendimiento-50000-paginas-costo-pp-0-08c\/","og_locale":"es_MX","og_type":"article","og_title":"[ Epson ] &#129351; T05b320,010343983021,t05b3 Bolsa De Tinta Modelo T05b Magenta , Para Wf- C878r, Rendimiento 50,000 Paginas, Costo Pp $0.08c","og_description":"Compra T05b320,010343983021,t05b3 Bolsa De Tinta Modelo T05b Magenta , Para Wf- C878r, Rendimiento 50,000 Paginas, Costo Pp $0.08c + Env\u00edo a domicilio + Pago seguro + Garant\u00eda","og_url":"https:\/\/compuviper.mx\/tienda\/producto\/epson-t05b320010343983021t05b3-bolsa-de-tinta-modelo-t05b-magenta-para-wf-c878r-rendimiento-50000-paginas-costo-pp-0-08c\/","og_site_name":"Compuviper","article_publisher":"https:\/\/www.facebook.com\/compuviper","og_image":[{"width":200,"height":200,"url":"https:\/\/compuviper.mx\/tienda\/wp-content\/uploads\/2025\/02\/Bolsa-de-tinta-epson-modelo-t05b-magenta-para-wf-c878r-rendimiento-50000-paginas.jpg","type":"image\/jpeg"}],"twitter_card":"summary_large_image","twitter_misc":{"Precio":"&#36;4,864 con IVA","Availability":"In stock"},"schema":{"@context":"https:\/\/schema.org","@graph":[{"@type":"WebPage","@id":"https:\/\/compuviper.mx\/tienda\/producto\/epson-t05b320010343983021t05b3-bolsa-de-tinta-modelo-t05b-magenta-para-wf-c878r-rendimiento-50000-paginas-costo-pp-0-08c\/","url":"https:\/\/compuviper.mx\/tienda\/producto\/epson-t05b320010343983021t05b3-bolsa-de-tinta-modelo-t05b-magenta-para-wf-c878r-rendimiento-50000-paginas-costo-pp-0-08c\/","name":"[ Epson ] &#129351; T05b320,010343983021,t05b3 Bolsa De Tinta Modelo T05b Magenta , Para Wf- C878r, Rendimiento 50,000 Paginas, Costo Pp $0.08c","isPartOf":{"@id":"https:\/\/compuviper.mx\/tienda\/#website"},"datePublished":"2026-04-17T05:58:00+00:00","dateModified":"2026-04-17T05:58:00+00:00","description":"Compra T05b320,010343983021,t05b3 Bolsa De Tinta Modelo T05b Magenta , Para Wf- C878r, Rendimiento 50,000 Paginas, Costo Pp $0.08c + Env\u00edo a domicilio + Pago seguro + Garant\u00eda","breadcrumb":{"@id":"https:\/\/compuviper.mx\/tienda\/producto\/epson-t05b320010343983021t05b3-bolsa-de-tinta-modelo-t05b-magenta-para-wf-c878r-rendimiento-50000-paginas-costo-pp-0-08c\/#breadcrumb"},"inLanguage":"es-MX","potentialAction":[{"@type":"ReadAction","target":["https:\/\/compuviper.mx\/tienda\/producto\/epson-t05b320010343983021t05b3-bolsa-de-tinta-modelo-t05b-magenta-para-wf-c878r-rendimiento-50000-paginas-costo-pp-0-08c\/"]}]},{"@type":"BreadcrumbList","@id":"https:\/\/compuviper.mx\/tienda\/producto\/epson-t05b320010343983021t05b3-bolsa-de-tinta-modelo-t05b-magenta-para-wf-c878r-rendimiento-50000-paginas-costo-pp-0-08c\/#breadcrumb","itemListElement":[{"@type":"ListItem","position":1,"name":"Inicio","item":"https:\/\/compuviper.mx\/tienda\/"},{"@type":"ListItem","position":2,"name":"Productos","item":"https:\/\/compuviper.mx\/tienda\/productos\/"},{"@type":"ListItem","position":3,"name":"Consumibles","item":"https:\/\/compuviper.mx\/tienda\/categoria-producto\/consumibles\/"},{"@type":"ListItem","position":4,"name":"Cartucho","item":"https:\/\/compuviper.mx\/tienda\/categoria-producto\/consumibles\/cartucho\/"},{"@type":"ListItem","position":5,"name":"Epson T05b320,010343983021,t05b3 Bolsa De Tinta Modelo T05b Magenta , Para Wf- C878r, Rendimiento 50,000 Paginas, Costo Pp $0.08c"}]},{"@type":"WebSite","@id":"https:\/\/compuviper.mx\/tienda\/#website","url":"https:\/\/compuviper.mx\/tienda\/","name":"Compuviper","description":"Proveedor de Computadoras, Laptops, Servidores, Monitores, Puntos de Venta, Teclados,   Impresoras, T\u00f3ner, C\u00e1maras de Seguridad y m\u00e1s en tu tienda en l\u00ednea","publisher":{"@id":"https:\/\/compuviper.mx\/tienda\/#organization"},"potentialAction":[{"@type":"SearchAction","target":{"@type":"EntryPoint","urlTemplate":"https:\/\/compuviper.mx\/tienda\/?s={search_term_string}"},"query-input":"required name=search_term_string"}],"inLanguage":"es-MX"},{"@type":"Organization","@id":"https:\/\/compuviper.mx\/tienda\/#organization","name":"Compuviper","url":"https:\/\/compuviper.mx\/tienda\/","logo":{"@type":"ImageObject","inLanguage":"es-MX","@id":"https:\/\/compuviper.mx\/tienda\/#\/schema\/logo\/image\/","url":"https:\/\/compuviper.mx\/tienda\/wp-content\/uploads\/2021\/08\/Logo-Compuviper-10.png","contentUrl":"https:\/\/compuviper.mx\/tienda\/wp-content\/uploads\/2021\/08\/Logo-Compuviper-10.png","width":1000,"height":500,"caption":"Compuviper"},"image":{"@id":"https:\/\/compuviper.mx\/tienda\/#\/schema\/logo\/image\/"},"sameAs":["https:\/\/www.facebook.com\/compuviper","https:\/\/www.youtube.com\/channel\/UCf73dERp9Y3cfOq7q8BhLjA?view_as=subscriber"]}]},"product_brand":"EPSON","product_price_amount":"4864","product_price_currency":"MXN","og_availability":"instock","product_availability":"instock","product_retailer_item_id":"T05B320,010343983021,T05B3","product_condition":"new"},"_links":{"self":[{"href":"https:\/\/compuviper.mx\/tienda\/wp-json\/wp\/v2\/product\/248451"}],"collection":[{"href":"https:\/\/compuviper.mx\/tienda\/wp-json\/wp\/v2\/product"}],"about":[{"href":"https:\/\/compuviper.mx\/tienda\/wp-json\/wp\/v2\/types\/product"}],"replies":[{"embeddable":true,"href":"https:\/\/compuviper.mx\/tienda\/wp-json\/wp\/v2\/comments?post=248451"}],"wp:featuredmedia":[{"embeddable":true,"href":"https:\/\/compuviper.mx\/tienda\/wp-json\/wp\/v2\/media\/248452"}],"wp:attachment":[{"href":"https:\/\/compuviper.mx\/tienda\/wp-json\/wp\/v2\/media?parent=248451"}],"wp:term":[{"taxonomy":"product_cat","embeddable":true,"href":"https:\/\/compuviper.mx\/tienda\/wp-json\/wp\/v2\/product_cat?post=248451"},{"taxonomy":"product_tag","embeddable":true,"href":"https:\/\/compuviper.mx\/tienda\/wp-json\/wp\/v2\/product_tag?post=248451"}],"curies":[{"name":"wp","href":"https:\/\/api.w.org\/{rel}","templated":true}]}}