{"id":248442,"date":"2026-04-02T02:06:58","date_gmt":"2026-04-02T08:06:58","guid":{"rendered":"https:\/\/compuviper.mx\/tienda\/producto\/poly-77z00aa-diadema-hp-audfonos-con-micrfono-voyager-4320-ms-con-base-bluetooth-inalmbrico-negro\/"},"modified":"2026-04-02T02:06:59","modified_gmt":"2026-04-02T08:06:59","slug":"poly-77z00aa-diadema-hp-voyager-4320-version-microsoft-teams-inalambrica-binaural-bluetooth-dongle-usb-a-alcance-de-50-m-hasta-24-h-de-conversacion-con-base-de-carga","status":"publish","type":"product","link":"https:\/\/compuviper.mx\/tienda\/producto\/poly-77z00aa-diadema-hp-voyager-4320-version-microsoft-teams-inalambrica-binaural-bluetooth-dongle-usb-a-alcance-de-50-m-hasta-24-h-de-conversacion-con-base-de-carga\/","title":{"rendered":"Poly 77z00aa Diadema Hp   Voyager 4320 \/ Version Microsoft Teams, Inalambrica, Binaural, Bluetooth, Dongle Usb-a, Alcance De 50 M Hasta 24 H De Conversacion Con Base De Carga"},"content":{"rendered":"<table class=\"descripcion\">\n<tr>\n<td>Compatibilidad con hardware:  compatible con pc mediante el adaptador usb-a bluetooth\u00ae bt700 incluido y smartphones a trav\u00e9s de bluetooth\u00ae<\/td>\n<\/tr>\n<tr>\n<td>Color:  negro<\/td>\n<\/tr>\n<tr>\n<td>Duraci\u00f3n de la bater\u00eda: &#8211; hasta 24 horas (tiempo de conversaci\u00f3n, indicador en l\u00ednea desactivado); hasta 18 horas (tiempo de conversaci\u00f3n, indicador en l\u00ednea activado); hasta 47 horas (tiempo de m\u00fasica); hasta 50 d\u00edas (tiempo de espera)<\/td>\n<\/tr>\n<tr>\n<td>Tipo de bater\u00eda:  bater\u00eda recargable de iones de litio<\/td>\n<\/tr>\n<tr>\n<td>Largo del cable:  1,5 metros<\/td>\n<\/tr>\n<tr>\n<td>Forma de aud\u00edfono:  interno (est\u00e9reo)<\/td>\n<\/tr>\n<tr>\n<td>Sistemas operativos compatibles:  windows 11; windows 10; macos; android\u0099; ios<\/td>\n<\/tr>\n<tr>\n<td>Dimensiones m\u00ednimas (anch. x prof. x alt.):  155 x 67 x 182 mm<\/td>\n<\/tr>\n<tr>\n<td>Dimensiones del embalaje (an x f x al):  188 x 210 x 115 mm<\/td>\n<\/tr>\n<tr>\n<td>Dimensiones del pallet (an x f x al):  101,6 x 121.9 x 190 cm<\/td>\n<\/tr>\n<tr>\n<td>Cartones por capa:  10<\/td>\n<\/tr>\n<tr>\n<td>Peso:  162 g<\/td>\n<\/tr>\n<tr>\n<td>Peso del empaque:  644,17 g<\/td>\n<\/tr>\n<tr>\n<td>Peso del pallet:  94,56 kg<\/td>\n<\/tr>\n<tr>\n<td>Requisitos m\u00ednimos del sistema:  puerto usb tipo-a; bluetooth\u00ae<\/td>\n<\/tr>\n<tr>\n<td>Contenido de la caja:  gu\u00eda de inicio r\u00e1pido; estuche de viaje; soporte de carga; auriculares inal\u00e1mbricos; cable de carga usb tipo-a; adaptador usb bluetooth\u00ae bt700<\/td>\n<\/tr>\n<tr>\n<td>Garant\u00eda del fabricante:  garant\u00eda limitada est\u00e1ndar de dos a\u00f1os de poly.<\/td>\n<\/tr>\n<\/table>\n","protected":false},"excerpt":{"rendered":"<p>Disfrute de la libertad inal\u00e1mbrica mientras realiza llamadas digitales y escucha m\u00fasica desde su hogar u oficina con los auriculares est\u00e9reo bluetooth voyager 4320 de poly . Dise\u00f1ados para brindar una gran comodidad y versatilidad para aplicaciones de comunicaciones unificadas, estos auriculares supraurales certificados para zoom y microsoft teams cuentan con un brazo flexible con micr\u00f3fonos duales que utilizan la tecnolog\u00eda acoustic fence para reducir el ruido de fondo. Adem\u00e1s, los voyager 4320 uc se pueden conectar simult\u00e1neamente a dos dispositivos bluetooth separados para cambiar f\u00e1cilmente y recuerda hasta ocho dispositivos. Se incluye un adaptador usb-a bt700 para agregar compatibilidad con bluetooth 5.2 a computadoras port\u00e1tiles y de escritorio.<\/p>\n","protected":false},"featured_media":260858,"comment_status":"open","ping_status":"open","template":"","meta":[],"product_cat":[1552,1816],"product_tag":[2035],"acf":[],"yoast_head":"<!-- This site is optimized with the Yoast SEO plugin v21.7 - https:\/\/yoast.com\/wordpress\/plugins\/seo\/ -->\n<title>[ Poly ] &#129351; 77z00aa Diadema Hp Voyager 4320 \/ Version Microsoft Teams, Inalambrica, Binaural, Bluetooth, Dongle Usb-a, Alcance De 50 M Hasta 24 H De Conversacion Con Base De Carga<\/title>\n<meta name=\"description\" content=\"Compra 77z00aa Diadema Hp Voyager 4320 \/ Version Microsoft Teams, Inalambrica, Binaural, Bluetooth, Dongle Usb-a, Alcance De 50 M Hasta 24 H De Conversacion Con Base De Carga + Env\u00edo a domicilio + Pago seguro + Garant\u00eda\" \/>\n<meta name=\"robots\" content=\"index, follow, max-snippet:-1, max-image-preview:large, max-video-preview:-1\" \/>\n<link rel=\"canonical\" href=\"https:\/\/compuviper.mx\/tienda\/producto\/poly-77z00aa-diadema-hp-voyager-4320-version-microsoft-teams-inalambrica-binaural-bluetooth-dongle-usb-a-alcance-de-50-m-hasta-24-h-de-conversacion-con-base-de-carga\/\" \/>\n<meta property=\"og:locale\" content=\"es_MX\" \/>\n<meta property=\"og:type\" content=\"article\" \/>\n<meta property=\"og:title\" content=\"[ Poly ] &#129351; 77z00aa Diadema Hp Voyager 4320 \/ Version Microsoft Teams, Inalambrica, Binaural, Bluetooth, Dongle Usb-a, Alcance De 50 M Hasta 24 H De Conversacion Con Base De Carga\" \/>\n<meta property=\"og:description\" content=\"Compra 77z00aa Diadema Hp Voyager 4320 \/ Version Microsoft Teams, Inalambrica, Binaural, Bluetooth, Dongle Usb-a, Alcance De 50 M Hasta 24 H De Conversacion Con Base De Carga + Env\u00edo a domicilio + Pago seguro + Garant\u00eda\" \/>\n<meta property=\"og:url\" content=\"https:\/\/compuviper.mx\/tienda\/producto\/poly-77z00aa-diadema-hp-voyager-4320-version-microsoft-teams-inalambrica-binaural-bluetooth-dongle-usb-a-alcance-de-50-m-hasta-24-h-de-conversacion-con-base-de-carga\/\" \/>\n<meta property=\"og:site_name\" content=\"Compuviper\" \/>\n<meta property=\"article:publisher\" content=\"https:\/\/www.facebook.com\/compuviper\" \/>\n<meta property=\"article:modified_time\" content=\"2026-04-02T08:06:59+00:00\" \/>\n<meta property=\"og:image\" content=\"https:\/\/compuviper.mx\/tienda\/wp-content\/uploads\/2025\/10\/Diadema-hp-poly-77z00aa-voyager-4320-version-microsoft-teams-inalambrica-binaural-bluetooth-dongle-usb-a-alcance-de-50-m-hasta-24-h-de-conversacion-con-base-de-carga.jpg\" \/>\n\t<meta property=\"og:image:width\" content=\"200\" \/>\n\t<meta property=\"og:image:height\" content=\"200\" \/>\n\t<meta property=\"og:image:type\" content=\"image\/jpeg\" \/>\n<meta name=\"twitter:card\" content=\"summary_large_image\" \/>\n<meta name=\"twitter:label1\" content=\"Precio\" \/>\n\t<meta name=\"twitter:data1\" content=\"&#36;3,633 &#36;3,447 con IVA\" \/>\n\t<meta name=\"twitter:label2\" content=\"Availability\" \/>\n\t<meta name=\"twitter:data2\" content=\"Out of stock\" \/>\n<script type=\"application\/ld+json\" class=\"yoast-schema-graph\">{\"@context\":\"https:\/\/schema.org\",\"@graph\":[{\"@type\":\"WebPage\",\"@id\":\"https:\/\/compuviper.mx\/tienda\/producto\/poly-77z00aa-diadema-hp-voyager-4320-version-microsoft-teams-inalambrica-binaural-bluetooth-dongle-usb-a-alcance-de-50-m-hasta-24-h-de-conversacion-con-base-de-carga\/\",\"url\":\"https:\/\/compuviper.mx\/tienda\/producto\/poly-77z00aa-diadema-hp-voyager-4320-version-microsoft-teams-inalambrica-binaural-bluetooth-dongle-usb-a-alcance-de-50-m-hasta-24-h-de-conversacion-con-base-de-carga\/\",\"name\":\"[ Poly ] &#129351; 77z00aa Diadema Hp Voyager 4320 \/ Version Microsoft Teams, Inalambrica, Binaural, Bluetooth, Dongle Usb-a, Alcance De 50 M Hasta 24 H De Conversacion Con Base De Carga\",\"isPartOf\":{\"@id\":\"https:\/\/compuviper.mx\/tienda\/#website\"},\"datePublished\":\"2026-04-02T08:06:58+00:00\",\"dateModified\":\"2026-04-02T08:06:59+00:00\",\"description\":\"Compra 77z00aa Diadema Hp Voyager 4320 \/ Version Microsoft Teams, Inalambrica, Binaural, Bluetooth, Dongle Usb-a, Alcance De 50 M Hasta 24 H De Conversacion Con Base De Carga + Env\u00edo a domicilio + Pago seguro + Garant\u00eda\",\"breadcrumb\":{\"@id\":\"https:\/\/compuviper.mx\/tienda\/producto\/poly-77z00aa-diadema-hp-voyager-4320-version-microsoft-teams-inalambrica-binaural-bluetooth-dongle-usb-a-alcance-de-50-m-hasta-24-h-de-conversacion-con-base-de-carga\/#breadcrumb\"},\"inLanguage\":\"es-MX\",\"potentialAction\":[{\"@type\":\"ReadAction\",\"target\":[\"https:\/\/compuviper.mx\/tienda\/producto\/poly-77z00aa-diadema-hp-voyager-4320-version-microsoft-teams-inalambrica-binaural-bluetooth-dongle-usb-a-alcance-de-50-m-hasta-24-h-de-conversacion-con-base-de-carga\/\"]}]},{\"@type\":\"BreadcrumbList\",\"@id\":\"https:\/\/compuviper.mx\/tienda\/producto\/poly-77z00aa-diadema-hp-voyager-4320-version-microsoft-teams-inalambrica-binaural-bluetooth-dongle-usb-a-alcance-de-50-m-hasta-24-h-de-conversacion-con-base-de-carga\/#breadcrumb\",\"itemListElement\":[{\"@type\":\"ListItem\",\"position\":1,\"name\":\"Inicio\",\"item\":\"https:\/\/compuviper.mx\/tienda\/\"},{\"@type\":\"ListItem\",\"position\":2,\"name\":\"Productos\",\"item\":\"https:\/\/compuviper.mx\/tienda\/productos\/\"},{\"@type\":\"ListItem\",\"position\":3,\"name\":\"Audifonos Y Micro\",\"item\":\"https:\/\/compuviper.mx\/tienda\/categoria-producto\/audifonos-y-micro\/\"},{\"@type\":\"ListItem\",\"position\":4,\"name\":\"Audifono Con Microfono\",\"item\":\"https:\/\/compuviper.mx\/tienda\/categoria-producto\/audifonos-y-micro\/audifono-con-microfono\/\"},{\"@type\":\"ListItem\",\"position\":5,\"name\":\"Poly 77z00aa Diadema Hp Voyager 4320 \/ Version Microsoft Teams, Inalambrica, Binaural, Bluetooth, Dongle Usb-a, Alcance De 50 M Hasta 24 H De Conversacion Con Base De Carga\"}]},{\"@type\":\"WebSite\",\"@id\":\"https:\/\/compuviper.mx\/tienda\/#website\",\"url\":\"https:\/\/compuviper.mx\/tienda\/\",\"name\":\"Compuviper\",\"description\":\"Proveedor de Computadoras, Laptops, Servidores, Monitores, Puntos de Venta, Teclados,   Impresoras, T\u00f3ner, C\u00e1maras de Seguridad y m\u00e1s en tu tienda en l\u00ednea\",\"publisher\":{\"@id\":\"https:\/\/compuviper.mx\/tienda\/#organization\"},\"potentialAction\":[{\"@type\":\"SearchAction\",\"target\":{\"@type\":\"EntryPoint\",\"urlTemplate\":\"https:\/\/compuviper.mx\/tienda\/?s={search_term_string}\"},\"query-input\":\"required name=search_term_string\"}],\"inLanguage\":\"es-MX\"},{\"@type\":\"Organization\",\"@id\":\"https:\/\/compuviper.mx\/tienda\/#organization\",\"name\":\"Compuviper\",\"url\":\"https:\/\/compuviper.mx\/tienda\/\",\"logo\":{\"@type\":\"ImageObject\",\"inLanguage\":\"es-MX\",\"@id\":\"https:\/\/compuviper.mx\/tienda\/#\/schema\/logo\/image\/\",\"url\":\"https:\/\/compuviper.mx\/tienda\/wp-content\/uploads\/2021\/08\/Logo-Compuviper-10.png\",\"contentUrl\":\"https:\/\/compuviper.mx\/tienda\/wp-content\/uploads\/2021\/08\/Logo-Compuviper-10.png\",\"width\":1000,\"height\":500,\"caption\":\"Compuviper\"},\"image\":{\"@id\":\"https:\/\/compuviper.mx\/tienda\/#\/schema\/logo\/image\/\"},\"sameAs\":[\"https:\/\/www.facebook.com\/compuviper\",\"https:\/\/www.youtube.com\/channel\/UCf73dERp9Y3cfOq7q8BhLjA?view_as=subscriber\"]}]}<\/script>\n<meta property=\"product:brand\" content=\"POLY\" \/>\n<meta property=\"product:price:amount\" content=\"3447\" \/>\n<meta property=\"product:price:currency\" content=\"MXN\" \/>\n<meta property=\"og:availability\" content=\"out of stock\" \/>\n<meta property=\"product:availability\" content=\"out of stock\" \/>\n<meta property=\"product:retailer_item_id\" content=\"77Z00AA\" \/>\n<meta property=\"product:condition\" content=\"new\" \/>\n<!-- \/ Yoast SEO plugin. -->","yoast_head_json":{"title":"[ Poly ] &#129351; 77z00aa Diadema Hp Voyager 4320 \/ Version Microsoft Teams, Inalambrica, Binaural, Bluetooth, Dongle Usb-a, Alcance De 50 M Hasta 24 H De Conversacion Con Base De Carga","description":"Compra 77z00aa Diadema Hp Voyager 4320 \/ Version Microsoft Teams, Inalambrica, Binaural, Bluetooth, Dongle Usb-a, Alcance De 50 M Hasta 24 H De Conversacion Con Base De Carga + Env\u00edo a domicilio + Pago seguro + Garant\u00eda","robots":{"index":"index","follow":"follow","max-snippet":"max-snippet:-1","max-image-preview":"max-image-preview:large","max-video-preview":"max-video-preview:-1"},"canonical":"https:\/\/compuviper.mx\/tienda\/producto\/poly-77z00aa-diadema-hp-voyager-4320-version-microsoft-teams-inalambrica-binaural-bluetooth-dongle-usb-a-alcance-de-50-m-hasta-24-h-de-conversacion-con-base-de-carga\/","og_locale":"es_MX","og_type":"article","og_title":"[ Poly ] &#129351; 77z00aa Diadema Hp Voyager 4320 \/ Version Microsoft Teams, Inalambrica, Binaural, Bluetooth, Dongle Usb-a, Alcance De 50 M Hasta 24 H De Conversacion Con Base De Carga","og_description":"Compra 77z00aa Diadema Hp Voyager 4320 \/ Version Microsoft Teams, Inalambrica, Binaural, Bluetooth, Dongle Usb-a, Alcance De 50 M Hasta 24 H De Conversacion Con Base De Carga + Env\u00edo a domicilio + Pago seguro + Garant\u00eda","og_url":"https:\/\/compuviper.mx\/tienda\/producto\/poly-77z00aa-diadema-hp-voyager-4320-version-microsoft-teams-inalambrica-binaural-bluetooth-dongle-usb-a-alcance-de-50-m-hasta-24-h-de-conversacion-con-base-de-carga\/","og_site_name":"Compuviper","article_publisher":"https:\/\/www.facebook.com\/compuviper","article_modified_time":"2026-04-02T08:06:59+00:00","og_image":[{"width":200,"height":200,"url":"https:\/\/compuviper.mx\/tienda\/wp-content\/uploads\/2025\/10\/Diadema-hp-poly-77z00aa-voyager-4320-version-microsoft-teams-inalambrica-binaural-bluetooth-dongle-usb-a-alcance-de-50-m-hasta-24-h-de-conversacion-con-base-de-carga.jpg","type":"image\/jpeg"}],"twitter_card":"summary_large_image","twitter_misc":{"Precio":"&#36;3,633 &#36;3,447 con IVA","Availability":"Out of stock"},"schema":{"@context":"https:\/\/schema.org","@graph":[{"@type":"WebPage","@id":"https:\/\/compuviper.mx\/tienda\/producto\/poly-77z00aa-diadema-hp-voyager-4320-version-microsoft-teams-inalambrica-binaural-bluetooth-dongle-usb-a-alcance-de-50-m-hasta-24-h-de-conversacion-con-base-de-carga\/","url":"https:\/\/compuviper.mx\/tienda\/producto\/poly-77z00aa-diadema-hp-voyager-4320-version-microsoft-teams-inalambrica-binaural-bluetooth-dongle-usb-a-alcance-de-50-m-hasta-24-h-de-conversacion-con-base-de-carga\/","name":"[ Poly ] &#129351; 77z00aa Diadema Hp Voyager 4320 \/ Version Microsoft Teams, Inalambrica, Binaural, Bluetooth, Dongle Usb-a, Alcance De 50 M Hasta 24 H De Conversacion Con Base De Carga","isPartOf":{"@id":"https:\/\/compuviper.mx\/tienda\/#website"},"datePublished":"2026-04-02T08:06:58+00:00","dateModified":"2026-04-02T08:06:59+00:00","description":"Compra 77z00aa Diadema Hp Voyager 4320 \/ Version Microsoft Teams, Inalambrica, Binaural, Bluetooth, Dongle Usb-a, Alcance De 50 M Hasta 24 H De Conversacion Con Base De Carga + Env\u00edo a domicilio + Pago seguro + Garant\u00eda","breadcrumb":{"@id":"https:\/\/compuviper.mx\/tienda\/producto\/poly-77z00aa-diadema-hp-voyager-4320-version-microsoft-teams-inalambrica-binaural-bluetooth-dongle-usb-a-alcance-de-50-m-hasta-24-h-de-conversacion-con-base-de-carga\/#breadcrumb"},"inLanguage":"es-MX","potentialAction":[{"@type":"ReadAction","target":["https:\/\/compuviper.mx\/tienda\/producto\/poly-77z00aa-diadema-hp-voyager-4320-version-microsoft-teams-inalambrica-binaural-bluetooth-dongle-usb-a-alcance-de-50-m-hasta-24-h-de-conversacion-con-base-de-carga\/"]}]},{"@type":"BreadcrumbList","@id":"https:\/\/compuviper.mx\/tienda\/producto\/poly-77z00aa-diadema-hp-voyager-4320-version-microsoft-teams-inalambrica-binaural-bluetooth-dongle-usb-a-alcance-de-50-m-hasta-24-h-de-conversacion-con-base-de-carga\/#breadcrumb","itemListElement":[{"@type":"ListItem","position":1,"name":"Inicio","item":"https:\/\/compuviper.mx\/tienda\/"},{"@type":"ListItem","position":2,"name":"Productos","item":"https:\/\/compuviper.mx\/tienda\/productos\/"},{"@type":"ListItem","position":3,"name":"Audifonos Y Micro","item":"https:\/\/compuviper.mx\/tienda\/categoria-producto\/audifonos-y-micro\/"},{"@type":"ListItem","position":4,"name":"Audifono Con Microfono","item":"https:\/\/compuviper.mx\/tienda\/categoria-producto\/audifonos-y-micro\/audifono-con-microfono\/"},{"@type":"ListItem","position":5,"name":"Poly 77z00aa Diadema Hp Voyager 4320 \/ Version Microsoft Teams, Inalambrica, Binaural, Bluetooth, Dongle Usb-a, Alcance De 50 M Hasta 24 H De Conversacion Con Base De Carga"}]},{"@type":"WebSite","@id":"https:\/\/compuviper.mx\/tienda\/#website","url":"https:\/\/compuviper.mx\/tienda\/","name":"Compuviper","description":"Proveedor de Computadoras, Laptops, Servidores, Monitores, Puntos de Venta, Teclados,   Impresoras, T\u00f3ner, C\u00e1maras de Seguridad y m\u00e1s en tu tienda en l\u00ednea","publisher":{"@id":"https:\/\/compuviper.mx\/tienda\/#organization"},"potentialAction":[{"@type":"SearchAction","target":{"@type":"EntryPoint","urlTemplate":"https:\/\/compuviper.mx\/tienda\/?s={search_term_string}"},"query-input":"required name=search_term_string"}],"inLanguage":"es-MX"},{"@type":"Organization","@id":"https:\/\/compuviper.mx\/tienda\/#organization","name":"Compuviper","url":"https:\/\/compuviper.mx\/tienda\/","logo":{"@type":"ImageObject","inLanguage":"es-MX","@id":"https:\/\/compuviper.mx\/tienda\/#\/schema\/logo\/image\/","url":"https:\/\/compuviper.mx\/tienda\/wp-content\/uploads\/2021\/08\/Logo-Compuviper-10.png","contentUrl":"https:\/\/compuviper.mx\/tienda\/wp-content\/uploads\/2021\/08\/Logo-Compuviper-10.png","width":1000,"height":500,"caption":"Compuviper"},"image":{"@id":"https:\/\/compuviper.mx\/tienda\/#\/schema\/logo\/image\/"},"sameAs":["https:\/\/www.facebook.com\/compuviper","https:\/\/www.youtube.com\/channel\/UCf73dERp9Y3cfOq7q8BhLjA?view_as=subscriber"]}]},"product_brand":"POLY","product_price_amount":"3447","product_price_currency":"MXN","og_availability":"out of stock","product_availability":"out of stock","product_retailer_item_id":"77Z00AA","product_condition":"new"},"_links":{"self":[{"href":"https:\/\/compuviper.mx\/tienda\/wp-json\/wp\/v2\/product\/248442"}],"collection":[{"href":"https:\/\/compuviper.mx\/tienda\/wp-json\/wp\/v2\/product"}],"about":[{"href":"https:\/\/compuviper.mx\/tienda\/wp-json\/wp\/v2\/types\/product"}],"replies":[{"embeddable":true,"href":"https:\/\/compuviper.mx\/tienda\/wp-json\/wp\/v2\/comments?post=248442"}],"wp:featuredmedia":[{"embeddable":true,"href":"https:\/\/compuviper.mx\/tienda\/wp-json\/wp\/v2\/media\/260858"}],"wp:attachment":[{"href":"https:\/\/compuviper.mx\/tienda\/wp-json\/wp\/v2\/media?parent=248442"}],"wp:term":[{"taxonomy":"product_cat","embeddable":true,"href":"https:\/\/compuviper.mx\/tienda\/wp-json\/wp\/v2\/product_cat?post=248442"},{"taxonomy":"product_tag","embeddable":true,"href":"https:\/\/compuviper.mx\/tienda\/wp-json\/wp\/v2\/product_tag?post=248442"}],"curies":[{"name":"wp","href":"https:\/\/api.w.org\/{rel}","templated":true}]}}