{"id":248425,"date":"2026-04-18T00:46:19","date_gmt":"2026-04-18T06:46:19","guid":{"rendered":"https:\/\/compuviper.mx\/tienda\/producto\/balam-rush-br-940368-teclado-gamer-level-pro-gk990-inalambrico-multimedia-rgb-dinamico-recargable-espaol-105-teclas-gris-negro\/"},"modified":"2026-04-18T00:46:20","modified_gmt":"2026-04-18T06:46:20","slug":"balam-rush-br-9403687506215940368-teclado-gamer-level-pro-gk990-inalambrico-multimedia-rgb-dinamico-recargable-espaol-105-teclas-gris-negro-br-940368","status":"publish","type":"product","link":"https:\/\/compuviper.mx\/tienda\/producto\/balam-rush-br-9403687506215940368-teclado-gamer-level-pro-gk990-inalambrico-multimedia-rgb-dinamico-recargable-espaol-105-teclas-gris-negro-br-940368\/","title":{"rendered":"Balam Rush Br-940368,7506215940368 Teclado Gamer  Level Pro Gk990 \/ Inalambrico \/ Multimedia \/ Rgb Dinamico \/ Recargable \/ Espa?ol \/ 105 Teclas \/ Gris-negro \/ Br-940368"},"content":{"rendered":"<table class=\"descripcion\">\n<tr>\n<td>Producto: teclado inalambrico<\/td>\n<\/tr>\n<tr>\n<td>Modelo: br-940368<\/td>\n<\/tr>\n<tr>\n<td>Color: gris-negro<\/td>\n<\/tr>\n<tr>\n<td>Materiales: estructura metalica + abs<\/td>\n<\/tr>\n<tr>\n<td>Dimensiones: 36.2 x 13.5 x 4 cm<\/td>\n<\/tr>\n<tr>\n<td>Peso: 930 g<\/td>\n<\/tr>\n<tr>\n<td>Compatibilidad: windows \/ mac \/ android<\/td>\n<\/tr>\n<tr>\n<td>Idioma: espa\u00f1ol<\/td>\n<\/tr>\n<tr>\n<td>Numero de teclas: 88<\/td>\n<\/tr>\n<tr>\n<td>Tipo de impresi\u00f3n: doble inyeccion<\/td>\n<\/tr>\n<tr>\n<td>Teclado multimedia: n\/a<\/td>\n<\/tr>\n<tr>\n<td>Teclas con funcion multimedia (fn): 12<\/td>\n<\/tr>\n<tr>\n<td>Tecnolog\u00eda del teclado: mec\u00e1nico<\/td>\n<\/tr>\n<tr>\n<td>Tipo de switch: red switch outemu<\/td>\n<\/tr>\n<tr>\n<td>Frecuencia de respuesta:<\/td>\n<\/tr>\n<tr>\n<td>* alambrica: 1000 mhz<\/td>\n<\/tr>\n<tr>\n<td>* inalambrica: dongle 1000 hz  and  bluetooth 125 hz<\/td>\n<\/tr>\n<tr>\n<td>Anti-ghosting: si<\/td>\n<\/tr>\n<tr>\n<td>Alambrico:<\/td>\n<\/tr>\n<tr>\n<td>Tipo de conector:  usb c &#8211; usb a<\/td>\n<\/tr>\n<tr>\n<td>Tama\u00f1o de cable: 1.8 m de fibra trenzada<\/td>\n<\/tr>\n<tr>\n<td>Inalambrico:<\/td>\n<\/tr>\n<tr>\n<td>Tipo de conexi\u00f3n:  2.4 ghz + bluetooth 5.0<\/td>\n<\/tr>\n<tr>\n<td>Distancia m\u00e1xima: 10 m<\/td>\n<\/tr>\n<tr>\n<td>Emparejamiento de multiples dispositivos: 5 dispositivos<\/td>\n<\/tr>\n<tr>\n<td>Iluminacion:<\/td>\n<\/tr>\n<tr>\n<td>Tipo: rgb<\/td>\n<\/tr>\n<tr>\n<td>Modos: 18 modos y 5 niveles de velocidad<\/td>\n<\/tr>\n<tr>\n<td>Alimentacion:<\/td>\n<\/tr>\n<tr>\n<td>Bateria: recargable litio 5v &#8211; 3000 mah<\/td>\n<\/tr>\n<tr>\n<td>Carga: 3 hrs<\/td>\n<\/tr>\n<tr>\n<td>Duraci\u00f3n:<\/td>\n<\/tr>\n<tr>\n<td>*20 hrs con iluminaci\u00f3n<\/td>\n<\/tr>\n<tr>\n<td>*200 horas sin iluminaci\u00f3n<\/td>\n<\/tr>\n<tr>\n<td>Informaci\u00f3n de empaque<\/td>\n<\/tr>\n<tr>\n<td>Ean-13:  7506215940368<\/td>\n<\/tr>\n<tr>\n<td>Medida empaque:  40 cm * 17 cm * 4.5 cm<\/td>\n<\/tr>\n<\/table>\n","protected":false},"excerpt":{"rendered":"<p>Teclado gamer balam rush level pro gk990 \/ inalambrico \/ multimedia \/ rgb dinamico \/ recargable \/ espa\u00f1ol \/ 105 teclas \/ gris-negro \/ br-940368<\/p>\n","protected":false},"featured_media":259746,"comment_status":"open","ping_status":"open","template":"","meta":[],"product_cat":[1713,1716],"product_tag":[2097],"acf":[],"yoast_head":"<!-- This site is optimized with the Yoast SEO plugin v21.7 - https:\/\/yoast.com\/wordpress\/plugins\/seo\/ -->\n<title>[ Balam Rush ] &#129351; Br-940368,7506215940368 Teclado Gamer Level Pro Gk990 \/ Inalambrico \/ Multimedia \/ Rgb Dinamico \/ Recargable \/ Espa\u00f1ol \/ 105 Teclas \/ Gris-negro \/ Br-940368<\/title>\n<meta name=\"description\" content=\"Compra Br-940368,7506215940368 Teclado Gamer Level Pro Gk990 \/ Inalambrico \/ Multimedia \/ Rgb Dinamico \/ Recargable \/ Espa\u00f1ol \/ 105 Teclas \/ Gris-negro \/ Br-940368 + Env\u00edo a domicilio + Pago seguro + Garant\u00eda\" \/>\n<meta name=\"robots\" content=\"index, follow, max-snippet:-1, max-image-preview:large, max-video-preview:-1\" \/>\n<link rel=\"canonical\" href=\"https:\/\/compuviper.mx\/tienda\/producto\/balam-rush-br-9403687506215940368-teclado-gamer-level-pro-gk990-inalambrico-multimedia-rgb-dinamico-recargable-espaol-105-teclas-gris-negro-br-940368\/\" \/>\n<meta property=\"og:locale\" content=\"es_MX\" \/>\n<meta property=\"og:type\" content=\"article\" \/>\n<meta property=\"og:title\" content=\"[ Balam Rush ] &#129351; Br-940368,7506215940368 Teclado Gamer Level Pro Gk990 \/ Inalambrico \/ Multimedia \/ Rgb Dinamico \/ Recargable \/ Espa\u00f1ol \/ 105 Teclas \/ Gris-negro \/ Br-940368\" \/>\n<meta property=\"og:description\" content=\"Compra Br-940368,7506215940368 Teclado Gamer Level Pro Gk990 \/ Inalambrico \/ Multimedia \/ Rgb Dinamico \/ Recargable \/ Espa\u00f1ol \/ 105 Teclas \/ Gris-negro \/ Br-940368 + Env\u00edo a domicilio + Pago seguro + Garant\u00eda\" \/>\n<meta property=\"og:url\" content=\"https:\/\/compuviper.mx\/tienda\/producto\/balam-rush-br-9403687506215940368-teclado-gamer-level-pro-gk990-inalambrico-multimedia-rgb-dinamico-recargable-espaol-105-teclas-gris-negro-br-940368\/\" \/>\n<meta property=\"og:site_name\" content=\"Compuviper\" \/>\n<meta property=\"article:publisher\" content=\"https:\/\/www.facebook.com\/compuviper\" \/>\n<meta property=\"article:modified_time\" content=\"2026-04-18T06:46:20+00:00\" \/>\n<meta property=\"og:image\" content=\"https:\/\/compuviper.mx\/tienda\/wp-content\/uploads\/2025\/10\/Teclado-gamer-balam-rush-level-pro-gk990-inalambrico-multimedia-rgb-dinamico-recargable-espanol-105-teclas-gris-negro-br-940368.jpg\" \/>\n\t<meta property=\"og:image:width\" content=\"200\" \/>\n\t<meta property=\"og:image:height\" content=\"200\" \/>\n\t<meta property=\"og:image:type\" content=\"image\/jpeg\" \/>\n<meta name=\"twitter:card\" content=\"summary_large_image\" \/>\n<meta name=\"twitter:label1\" content=\"Precio\" \/>\n\t<meta name=\"twitter:data1\" content=\"&#36;967 &#36;754 con IVA\" \/>\n\t<meta name=\"twitter:label2\" content=\"Availability\" \/>\n\t<meta name=\"twitter:data2\" content=\"Out of stock\" \/>\n<script type=\"application\/ld+json\" class=\"yoast-schema-graph\">{\"@context\":\"https:\/\/schema.org\",\"@graph\":[{\"@type\":\"WebPage\",\"@id\":\"https:\/\/compuviper.mx\/tienda\/producto\/balam-rush-br-9403687506215940368-teclado-gamer-level-pro-gk990-inalambrico-multimedia-rgb-dinamico-recargable-espaol-105-teclas-gris-negro-br-940368\/\",\"url\":\"https:\/\/compuviper.mx\/tienda\/producto\/balam-rush-br-9403687506215940368-teclado-gamer-level-pro-gk990-inalambrico-multimedia-rgb-dinamico-recargable-espaol-105-teclas-gris-negro-br-940368\/\",\"name\":\"[ Balam Rush ] &#129351; Br-940368,7506215940368 Teclado Gamer Level Pro Gk990 \/ Inalambrico \/ Multimedia \/ Rgb Dinamico \/ Recargable \/ Espa\u00f1ol \/ 105 Teclas \/ Gris-negro \/ Br-940368\",\"isPartOf\":{\"@id\":\"https:\/\/compuviper.mx\/tienda\/#website\"},\"datePublished\":\"2026-04-18T06:46:19+00:00\",\"dateModified\":\"2026-04-18T06:46:20+00:00\",\"description\":\"Compra Br-940368,7506215940368 Teclado Gamer Level Pro Gk990 \/ Inalambrico \/ Multimedia \/ Rgb Dinamico \/ Recargable \/ Espa\u00f1ol \/ 105 Teclas \/ Gris-negro \/ Br-940368 + Env\u00edo a domicilio + Pago seguro + Garant\u00eda\",\"breadcrumb\":{\"@id\":\"https:\/\/compuviper.mx\/tienda\/producto\/balam-rush-br-9403687506215940368-teclado-gamer-level-pro-gk990-inalambrico-multimedia-rgb-dinamico-recargable-espaol-105-teclas-gris-negro-br-940368\/#breadcrumb\"},\"inLanguage\":\"es-MX\",\"potentialAction\":[{\"@type\":\"ReadAction\",\"target\":[\"https:\/\/compuviper.mx\/tienda\/producto\/balam-rush-br-9403687506215940368-teclado-gamer-level-pro-gk990-inalambrico-multimedia-rgb-dinamico-recargable-espaol-105-teclas-gris-negro-br-940368\/\"]}]},{\"@type\":\"BreadcrumbList\",\"@id\":\"https:\/\/compuviper.mx\/tienda\/producto\/balam-rush-br-9403687506215940368-teclado-gamer-level-pro-gk990-inalambrico-multimedia-rgb-dinamico-recargable-espaol-105-teclas-gris-negro-br-940368\/#breadcrumb\",\"itemListElement\":[{\"@type\":\"ListItem\",\"position\":1,\"name\":\"Inicio\",\"item\":\"https:\/\/compuviper.mx\/tienda\/\"},{\"@type\":\"ListItem\",\"position\":2,\"name\":\"Productos\",\"item\":\"https:\/\/compuviper.mx\/tienda\/productos\/\"},{\"@type\":\"ListItem\",\"position\":3,\"name\":\"Teclados\",\"item\":\"https:\/\/compuviper.mx\/tienda\/categoria-producto\/teclados\/\"},{\"@type\":\"ListItem\",\"position\":4,\"name\":\"Multimedia\",\"item\":\"https:\/\/compuviper.mx\/tienda\/categoria-producto\/teclados\/multimedia\/\"},{\"@type\":\"ListItem\",\"position\":5,\"name\":\"Balam Rush Br-940368,7506215940368 Teclado Gamer Level Pro Gk990 \/ Inalambrico \/ Multimedia \/ Rgb Dinamico \/ Recargable \/ Espa?ol \/ 105 Teclas \/ Gris-negro \/ Br-940368\"}]},{\"@type\":\"WebSite\",\"@id\":\"https:\/\/compuviper.mx\/tienda\/#website\",\"url\":\"https:\/\/compuviper.mx\/tienda\/\",\"name\":\"Compuviper\",\"description\":\"Proveedor de Computadoras, Laptops, Servidores, Monitores, Puntos de Venta, Teclados,   Impresoras, T\u00f3ner, C\u00e1maras de Seguridad y m\u00e1s en tu tienda en l\u00ednea\",\"publisher\":{\"@id\":\"https:\/\/compuviper.mx\/tienda\/#organization\"},\"potentialAction\":[{\"@type\":\"SearchAction\",\"target\":{\"@type\":\"EntryPoint\",\"urlTemplate\":\"https:\/\/compuviper.mx\/tienda\/?s={search_term_string}\"},\"query-input\":\"required name=search_term_string\"}],\"inLanguage\":\"es-MX\"},{\"@type\":\"Organization\",\"@id\":\"https:\/\/compuviper.mx\/tienda\/#organization\",\"name\":\"Compuviper\",\"url\":\"https:\/\/compuviper.mx\/tienda\/\",\"logo\":{\"@type\":\"ImageObject\",\"inLanguage\":\"es-MX\",\"@id\":\"https:\/\/compuviper.mx\/tienda\/#\/schema\/logo\/image\/\",\"url\":\"https:\/\/compuviper.mx\/tienda\/wp-content\/uploads\/2021\/08\/Logo-Compuviper-10.png\",\"contentUrl\":\"https:\/\/compuviper.mx\/tienda\/wp-content\/uploads\/2021\/08\/Logo-Compuviper-10.png\",\"width\":1000,\"height\":500,\"caption\":\"Compuviper\"},\"image\":{\"@id\":\"https:\/\/compuviper.mx\/tienda\/#\/schema\/logo\/image\/\"},\"sameAs\":[\"https:\/\/www.facebook.com\/compuviper\",\"https:\/\/www.youtube.com\/channel\/UCf73dERp9Y3cfOq7q8BhLjA?view_as=subscriber\"]}]}<\/script>\n<meta property=\"product:brand\" content=\"Balam Rush\" \/>\n<meta property=\"product:price:amount\" content=\"754\" \/>\n<meta property=\"product:price:currency\" content=\"MXN\" \/>\n<meta property=\"og:availability\" content=\"out of stock\" \/>\n<meta property=\"product:availability\" content=\"out of stock\" \/>\n<meta property=\"product:retailer_item_id\" content=\"BR-940368,7506215940368\" \/>\n<meta property=\"product:condition\" content=\"new\" \/>\n<!-- \/ Yoast SEO plugin. -->","yoast_head_json":{"title":"[ Balam Rush ] &#129351; Br-940368,7506215940368 Teclado Gamer Level Pro Gk990 \/ Inalambrico \/ Multimedia \/ Rgb Dinamico \/ Recargable \/ Espa\u00f1ol \/ 105 Teclas \/ Gris-negro \/ Br-940368","description":"Compra Br-940368,7506215940368 Teclado Gamer Level Pro Gk990 \/ Inalambrico \/ Multimedia \/ Rgb Dinamico \/ Recargable \/ Espa\u00f1ol \/ 105 Teclas \/ Gris-negro \/ Br-940368 + Env\u00edo a domicilio + Pago seguro + Garant\u00eda","robots":{"index":"index","follow":"follow","max-snippet":"max-snippet:-1","max-image-preview":"max-image-preview:large","max-video-preview":"max-video-preview:-1"},"canonical":"https:\/\/compuviper.mx\/tienda\/producto\/balam-rush-br-9403687506215940368-teclado-gamer-level-pro-gk990-inalambrico-multimedia-rgb-dinamico-recargable-espaol-105-teclas-gris-negro-br-940368\/","og_locale":"es_MX","og_type":"article","og_title":"[ Balam Rush ] &#129351; Br-940368,7506215940368 Teclado Gamer Level Pro Gk990 \/ Inalambrico \/ Multimedia \/ Rgb Dinamico \/ Recargable \/ Espa\u00f1ol \/ 105 Teclas \/ Gris-negro \/ Br-940368","og_description":"Compra Br-940368,7506215940368 Teclado Gamer Level Pro Gk990 \/ Inalambrico \/ Multimedia \/ Rgb Dinamico \/ Recargable \/ Espa\u00f1ol \/ 105 Teclas \/ Gris-negro \/ Br-940368 + Env\u00edo a domicilio + Pago seguro + Garant\u00eda","og_url":"https:\/\/compuviper.mx\/tienda\/producto\/balam-rush-br-9403687506215940368-teclado-gamer-level-pro-gk990-inalambrico-multimedia-rgb-dinamico-recargable-espaol-105-teclas-gris-negro-br-940368\/","og_site_name":"Compuviper","article_publisher":"https:\/\/www.facebook.com\/compuviper","article_modified_time":"2026-04-18T06:46:20+00:00","og_image":[{"width":200,"height":200,"url":"https:\/\/compuviper.mx\/tienda\/wp-content\/uploads\/2025\/10\/Teclado-gamer-balam-rush-level-pro-gk990-inalambrico-multimedia-rgb-dinamico-recargable-espanol-105-teclas-gris-negro-br-940368.jpg","type":"image\/jpeg"}],"twitter_card":"summary_large_image","twitter_misc":{"Precio":"&#36;967 &#36;754 con IVA","Availability":"Out of stock"},"schema":{"@context":"https:\/\/schema.org","@graph":[{"@type":"WebPage","@id":"https:\/\/compuviper.mx\/tienda\/producto\/balam-rush-br-9403687506215940368-teclado-gamer-level-pro-gk990-inalambrico-multimedia-rgb-dinamico-recargable-espaol-105-teclas-gris-negro-br-940368\/","url":"https:\/\/compuviper.mx\/tienda\/producto\/balam-rush-br-9403687506215940368-teclado-gamer-level-pro-gk990-inalambrico-multimedia-rgb-dinamico-recargable-espaol-105-teclas-gris-negro-br-940368\/","name":"[ Balam Rush ] &#129351; Br-940368,7506215940368 Teclado Gamer Level Pro Gk990 \/ Inalambrico \/ Multimedia \/ Rgb Dinamico \/ Recargable \/ Espa\u00f1ol \/ 105 Teclas \/ Gris-negro \/ Br-940368","isPartOf":{"@id":"https:\/\/compuviper.mx\/tienda\/#website"},"datePublished":"2026-04-18T06:46:19+00:00","dateModified":"2026-04-18T06:46:20+00:00","description":"Compra Br-940368,7506215940368 Teclado Gamer Level Pro Gk990 \/ Inalambrico \/ Multimedia \/ Rgb Dinamico \/ Recargable \/ Espa\u00f1ol \/ 105 Teclas \/ Gris-negro \/ Br-940368 + Env\u00edo a domicilio + Pago seguro + Garant\u00eda","breadcrumb":{"@id":"https:\/\/compuviper.mx\/tienda\/producto\/balam-rush-br-9403687506215940368-teclado-gamer-level-pro-gk990-inalambrico-multimedia-rgb-dinamico-recargable-espaol-105-teclas-gris-negro-br-940368\/#breadcrumb"},"inLanguage":"es-MX","potentialAction":[{"@type":"ReadAction","target":["https:\/\/compuviper.mx\/tienda\/producto\/balam-rush-br-9403687506215940368-teclado-gamer-level-pro-gk990-inalambrico-multimedia-rgb-dinamico-recargable-espaol-105-teclas-gris-negro-br-940368\/"]}]},{"@type":"BreadcrumbList","@id":"https:\/\/compuviper.mx\/tienda\/producto\/balam-rush-br-9403687506215940368-teclado-gamer-level-pro-gk990-inalambrico-multimedia-rgb-dinamico-recargable-espaol-105-teclas-gris-negro-br-940368\/#breadcrumb","itemListElement":[{"@type":"ListItem","position":1,"name":"Inicio","item":"https:\/\/compuviper.mx\/tienda\/"},{"@type":"ListItem","position":2,"name":"Productos","item":"https:\/\/compuviper.mx\/tienda\/productos\/"},{"@type":"ListItem","position":3,"name":"Teclados","item":"https:\/\/compuviper.mx\/tienda\/categoria-producto\/teclados\/"},{"@type":"ListItem","position":4,"name":"Multimedia","item":"https:\/\/compuviper.mx\/tienda\/categoria-producto\/teclados\/multimedia\/"},{"@type":"ListItem","position":5,"name":"Balam Rush Br-940368,7506215940368 Teclado Gamer Level Pro Gk990 \/ Inalambrico \/ Multimedia \/ Rgb Dinamico \/ Recargable \/ Espa?ol \/ 105 Teclas \/ Gris-negro \/ Br-940368"}]},{"@type":"WebSite","@id":"https:\/\/compuviper.mx\/tienda\/#website","url":"https:\/\/compuviper.mx\/tienda\/","name":"Compuviper","description":"Proveedor de Computadoras, Laptops, Servidores, Monitores, Puntos de Venta, Teclados,   Impresoras, T\u00f3ner, C\u00e1maras de Seguridad y m\u00e1s en tu tienda en l\u00ednea","publisher":{"@id":"https:\/\/compuviper.mx\/tienda\/#organization"},"potentialAction":[{"@type":"SearchAction","target":{"@type":"EntryPoint","urlTemplate":"https:\/\/compuviper.mx\/tienda\/?s={search_term_string}"},"query-input":"required name=search_term_string"}],"inLanguage":"es-MX"},{"@type":"Organization","@id":"https:\/\/compuviper.mx\/tienda\/#organization","name":"Compuviper","url":"https:\/\/compuviper.mx\/tienda\/","logo":{"@type":"ImageObject","inLanguage":"es-MX","@id":"https:\/\/compuviper.mx\/tienda\/#\/schema\/logo\/image\/","url":"https:\/\/compuviper.mx\/tienda\/wp-content\/uploads\/2021\/08\/Logo-Compuviper-10.png","contentUrl":"https:\/\/compuviper.mx\/tienda\/wp-content\/uploads\/2021\/08\/Logo-Compuviper-10.png","width":1000,"height":500,"caption":"Compuviper"},"image":{"@id":"https:\/\/compuviper.mx\/tienda\/#\/schema\/logo\/image\/"},"sameAs":["https:\/\/www.facebook.com\/compuviper","https:\/\/www.youtube.com\/channel\/UCf73dERp9Y3cfOq7q8BhLjA?view_as=subscriber"]}]},"product_brand":"Balam Rush","product_price_amount":"754","product_price_currency":"MXN","og_availability":"out of stock","product_availability":"out of stock","product_retailer_item_id":"BR-940368,7506215940368","product_condition":"new"},"_links":{"self":[{"href":"https:\/\/compuviper.mx\/tienda\/wp-json\/wp\/v2\/product\/248425"}],"collection":[{"href":"https:\/\/compuviper.mx\/tienda\/wp-json\/wp\/v2\/product"}],"about":[{"href":"https:\/\/compuviper.mx\/tienda\/wp-json\/wp\/v2\/types\/product"}],"replies":[{"embeddable":true,"href":"https:\/\/compuviper.mx\/tienda\/wp-json\/wp\/v2\/comments?post=248425"}],"wp:featuredmedia":[{"embeddable":true,"href":"https:\/\/compuviper.mx\/tienda\/wp-json\/wp\/v2\/media\/259746"}],"wp:attachment":[{"href":"https:\/\/compuviper.mx\/tienda\/wp-json\/wp\/v2\/media?parent=248425"}],"wp:term":[{"taxonomy":"product_cat","embeddable":true,"href":"https:\/\/compuviper.mx\/tienda\/wp-json\/wp\/v2\/product_cat?post=248425"},{"taxonomy":"product_tag","embeddable":true,"href":"https:\/\/compuviper.mx\/tienda\/wp-json\/wp\/v2\/product_tag?post=248425"}],"curies":[{"name":"wp","href":"https:\/\/api.w.org\/{rel}","templated":true}]}}