{"id":248424,"date":"2026-04-21T00:52:34","date_gmt":"2026-04-21T06:52:34","guid":{"rendered":"https:\/\/compuviper.mx\/tienda\/producto\/balam-rush-br-940382-teclado-gamer-dominate-expert-gk979i-inalambrico-multimedia-rgb-dinamico-recargable-espaol-105-teclas-negro\/"},"modified":"2026-04-21T00:52:35","modified_gmt":"2026-04-21T06:52:35","slug":"balam-rush-br-9403827506215940382-teclado-gamer-dominate-expert-gk979i-dual-recargable-usb-c-bt-dongle-multidispositivos-rgb-105-teclas-espaol-ergonomico-mecanico-win-ios-and","status":"publish","type":"product","link":"https:\/\/compuviper.mx\/tienda\/producto\/balam-rush-br-9403827506215940382-teclado-gamer-dominate-expert-gk979i-dual-recargable-usb-c-bt-dongle-multidispositivos-rgb-105-teclas-espaol-ergonomico-mecanico-win-ios-and\/","title":{"rendered":"Balam Rush Br-940382,7506215940382 Teclado Gamer  Dominate Expert Gk979i \/ Dual Recargable \/ Usb C &#8211; Bt Dongle \/ Multidispositivos \/ Rgb \/ 105 Teclas \/ Espa?ol \/ Ergonomico \/ Mecanico \/ Win- Ios &#8211; Android \/ Negro \/ Br-940382"},"content":{"rendered":"<table class=\"descripcion\">\n<tr>\n<td>Producto: teclado inalambrico<\/td>\n<\/tr>\n<tr>\n<td>Modelo: br-940382<\/td>\n<\/tr>\n<tr>\n<td>Color: negro<\/td>\n<\/tr>\n<tr>\n<td>Materiales: abs + aluminio premium<\/td>\n<\/tr>\n<tr>\n<td>Dimensiones: 44.3 x 20.4 x 3.3 cm<\/td>\n<\/tr>\n<tr>\n<td>Peso: 950 g<\/td>\n<\/tr>\n<tr>\n<td>Compatibilidad: windows \/ mac \/ android<\/td>\n<\/tr>\n<tr>\n<td>Idioma: ingles con impresi\u00f3n al espa\u00f1ol<\/td>\n<\/tr>\n<tr>\n<td>Numero de teclas: 105<\/td>\n<\/tr>\n<tr>\n<td>Tipo de impresi\u00f3n: doble inyeccion<\/td>\n<\/tr>\n<tr>\n<td>Teclado multimedia: 5<\/td>\n<\/tr>\n<tr>\n<td>Teclas con funcion multimedia (fn): 12<\/td>\n<\/tr>\n<tr>\n<td>Tecnolog\u00eda del teclado: mec\u00e1nico<\/td>\n<\/tr>\n<tr>\n<td>Tipo de switch: red switch outemu<\/td>\n<\/tr>\n<tr>\n<td>Frecuencia de respuesta:<\/td>\n<\/tr>\n<tr>\n<td>* alambrica: 1000 mhz<\/td>\n<\/tr>\n<tr>\n<td>* inalambrica: dongle 1000 hz  and  bluetooth 125 hz<\/td>\n<\/tr>\n<tr>\n<td>Anti-ghosting: si<\/td>\n<\/tr>\n<tr>\n<td>Alambrico:<\/td>\n<\/tr>\n<tr>\n<td>Tipo de conector:  usb c &#8211; usb a<\/td>\n<\/tr>\n<tr>\n<td>Tama\u00f1o de cable: 1.8 m de fibra trenzada<\/td>\n<\/tr>\n<tr>\n<td>Inalambrico:<\/td>\n<\/tr>\n<tr>\n<td>Tipo de conexi\u00f3n:  2.4 ghz + bluetooth 5.0<\/td>\n<\/tr>\n<tr>\n<td>Distancia m\u00e1xima: 10 m<\/td>\n<\/tr>\n<tr>\n<td>Emparejamiento de multiples dispositivos: 5 dispositivos<\/td>\n<\/tr>\n<tr>\n<td>Iluminacion:<\/td>\n<\/tr>\n<tr>\n<td>Tipo: rgb<\/td>\n<\/tr>\n<tr>\n<td>Modos: 18 modos y 5 niveles de velocidad<\/td>\n<\/tr>\n<tr>\n<td>Alimentacion:<\/td>\n<\/tr>\n<tr>\n<td>Bateria: recargable litio 5v &#8211; 3000 mah<\/td>\n<\/tr>\n<tr>\n<td>Carga: 4 hrs<\/td>\n<\/tr>\n<tr>\n<td>Duraci\u00f3n:<\/td>\n<\/tr>\n<tr>\n<td>*30 hrs con iluminaci\u00f3n<\/td>\n<\/tr>\n<tr>\n<td>*300 horas sin iluminaci\u00f3n<\/td>\n<\/tr>\n<tr>\n<td>Informaci\u00f3n de empaque<\/td>\n<\/tr>\n<tr>\n<td>Ean-13:  7506215940382<\/td>\n<\/tr>\n<tr>\n<td>Medida empaque:  48.5 cm * 25 cm * 5.3 cm<\/td>\n<\/tr>\n<\/table>\n","protected":false},"excerpt":{"rendered":"<p>Teclado gamer balam rush dominate expert gk979i \/ inalambrico  \/ multimedia \/ rgb dinamico \/ recargable \/ espa\u00f1ol \/ 105 teclas \/ negro \/ br-940382<\/p>\n","protected":false},"featured_media":259745,"comment_status":"open","ping_status":"open","template":"","meta":[],"product_cat":[1713,1716],"product_tag":[2097],"acf":[],"yoast_head":"<!-- This site is optimized with the Yoast SEO plugin v21.7 - https:\/\/yoast.com\/wordpress\/plugins\/seo\/ -->\n<title>[ Balam Rush ] &#129351; Br-940382,7506215940382 Teclado Gamer Dominate Expert Gk979i \/ Dual Recargable \/ Usb C - Bt Dongle \/ Multidispositivos \/ Rgb \/ 105 Teclas \/ Espa\u00f1ol \/ Ergonomico \/ Mecanico \/ Win- Ios - Android \/ Negro \/ Br-940382<\/title>\n<meta name=\"description\" content=\"Compra Br-940382,7506215940382 Teclado Gamer Dominate Expert Gk979i \/ Dual Recargable \/ Usb C - Bt Dongle \/ Multidispositivos \/ Rgb \/ 105 Teclas \/ Espa\u00f1ol \/ Ergonomico \/ Mecanico \/ Win- Ios - Android \/ Negro \/ Br-940382 + Env\u00edo a domicilio + Pago seguro + Garant\u00eda\" \/>\n<meta name=\"robots\" content=\"index, follow, max-snippet:-1, max-image-preview:large, max-video-preview:-1\" \/>\n<link rel=\"canonical\" href=\"https:\/\/compuviper.mx\/tienda\/producto\/balam-rush-br-9403827506215940382-teclado-gamer-dominate-expert-gk979i-dual-recargable-usb-c-bt-dongle-multidispositivos-rgb-105-teclas-espaol-ergonomico-mecanico-win-ios-and\/\" \/>\n<meta property=\"og:locale\" content=\"es_MX\" \/>\n<meta property=\"og:type\" content=\"article\" \/>\n<meta property=\"og:title\" content=\"[ Balam Rush ] &#129351; Br-940382,7506215940382 Teclado Gamer Dominate Expert Gk979i \/ Dual Recargable \/ Usb C - Bt Dongle \/ Multidispositivos \/ Rgb \/ 105 Teclas \/ Espa\u00f1ol \/ Ergonomico \/ Mecanico \/ Win- Ios - Android \/ Negro \/ Br-940382\" \/>\n<meta property=\"og:description\" content=\"Compra Br-940382,7506215940382 Teclado Gamer Dominate Expert Gk979i \/ Dual Recargable \/ Usb C - Bt Dongle \/ Multidispositivos \/ Rgb \/ 105 Teclas \/ Espa\u00f1ol \/ Ergonomico \/ Mecanico \/ Win- Ios - Android \/ Negro \/ Br-940382 + Env\u00edo a domicilio + Pago seguro + Garant\u00eda\" \/>\n<meta property=\"og:url\" content=\"https:\/\/compuviper.mx\/tienda\/producto\/balam-rush-br-9403827506215940382-teclado-gamer-dominate-expert-gk979i-dual-recargable-usb-c-bt-dongle-multidispositivos-rgb-105-teclas-espaol-ergonomico-mecanico-win-ios-and\/\" \/>\n<meta property=\"og:site_name\" content=\"Compuviper\" \/>\n<meta property=\"article:publisher\" content=\"https:\/\/www.facebook.com\/compuviper\" \/>\n<meta property=\"article:modified_time\" content=\"2026-04-21T06:52:35+00:00\" \/>\n<meta property=\"og:image\" content=\"https:\/\/compuviper.mx\/tienda\/wp-content\/uploads\/2025\/10\/Teclado-gamer-balam-rush-dominate-expert-gk979i-dual-recargable-usb-c-bt-dongle-multidispositivos-rgb-105-teclas-espanol-ergonomico-mecanico-win-ios-android-negro-br-940382.jpg\" \/>\n\t<meta property=\"og:image:width\" content=\"200\" \/>\n\t<meta property=\"og:image:height\" content=\"200\" \/>\n\t<meta property=\"og:image:type\" content=\"image\/jpeg\" \/>\n<meta name=\"twitter:card\" content=\"summary_large_image\" \/>\n<meta name=\"twitter:label1\" content=\"Precio\" \/>\n\t<meta name=\"twitter:data1\" content=\"&#36;1,068 &#36;833 con IVA\" \/>\n\t<meta name=\"twitter:label2\" content=\"Availability\" \/>\n\t<meta name=\"twitter:data2\" content=\"In stock\" \/>\n<script type=\"application\/ld+json\" class=\"yoast-schema-graph\">{\"@context\":\"https:\/\/schema.org\",\"@graph\":[{\"@type\":\"WebPage\",\"@id\":\"https:\/\/compuviper.mx\/tienda\/producto\/balam-rush-br-9403827506215940382-teclado-gamer-dominate-expert-gk979i-dual-recargable-usb-c-bt-dongle-multidispositivos-rgb-105-teclas-espaol-ergonomico-mecanico-win-ios-and\/\",\"url\":\"https:\/\/compuviper.mx\/tienda\/producto\/balam-rush-br-9403827506215940382-teclado-gamer-dominate-expert-gk979i-dual-recargable-usb-c-bt-dongle-multidispositivos-rgb-105-teclas-espaol-ergonomico-mecanico-win-ios-and\/\",\"name\":\"[ Balam Rush ] &#129351; Br-940382,7506215940382 Teclado Gamer Dominate Expert Gk979i \/ Dual Recargable \/ Usb C - Bt Dongle \/ Multidispositivos \/ Rgb \/ 105 Teclas \/ Espa\u00f1ol \/ Ergonomico \/ Mecanico \/ Win- Ios - Android \/ Negro \/ Br-940382\",\"isPartOf\":{\"@id\":\"https:\/\/compuviper.mx\/tienda\/#website\"},\"datePublished\":\"2026-04-21T06:52:34+00:00\",\"dateModified\":\"2026-04-21T06:52:35+00:00\",\"description\":\"Compra Br-940382,7506215940382 Teclado Gamer Dominate Expert Gk979i \/ Dual Recargable \/ Usb C - Bt Dongle \/ Multidispositivos \/ Rgb \/ 105 Teclas \/ Espa\u00f1ol \/ Ergonomico \/ Mecanico \/ Win- Ios - Android \/ Negro \/ Br-940382 + Env\u00edo a domicilio + Pago seguro + Garant\u00eda\",\"breadcrumb\":{\"@id\":\"https:\/\/compuviper.mx\/tienda\/producto\/balam-rush-br-9403827506215940382-teclado-gamer-dominate-expert-gk979i-dual-recargable-usb-c-bt-dongle-multidispositivos-rgb-105-teclas-espaol-ergonomico-mecanico-win-ios-and\/#breadcrumb\"},\"inLanguage\":\"es-MX\",\"potentialAction\":[{\"@type\":\"ReadAction\",\"target\":[\"https:\/\/compuviper.mx\/tienda\/producto\/balam-rush-br-9403827506215940382-teclado-gamer-dominate-expert-gk979i-dual-recargable-usb-c-bt-dongle-multidispositivos-rgb-105-teclas-espaol-ergonomico-mecanico-win-ios-and\/\"]}]},{\"@type\":\"BreadcrumbList\",\"@id\":\"https:\/\/compuviper.mx\/tienda\/producto\/balam-rush-br-9403827506215940382-teclado-gamer-dominate-expert-gk979i-dual-recargable-usb-c-bt-dongle-multidispositivos-rgb-105-teclas-espaol-ergonomico-mecanico-win-ios-and\/#breadcrumb\",\"itemListElement\":[{\"@type\":\"ListItem\",\"position\":1,\"name\":\"Inicio\",\"item\":\"https:\/\/compuviper.mx\/tienda\/\"},{\"@type\":\"ListItem\",\"position\":2,\"name\":\"Productos\",\"item\":\"https:\/\/compuviper.mx\/tienda\/productos\/\"},{\"@type\":\"ListItem\",\"position\":3,\"name\":\"Teclados\",\"item\":\"https:\/\/compuviper.mx\/tienda\/categoria-producto\/teclados\/\"},{\"@type\":\"ListItem\",\"position\":4,\"name\":\"Multimedia\",\"item\":\"https:\/\/compuviper.mx\/tienda\/categoria-producto\/teclados\/multimedia\/\"},{\"@type\":\"ListItem\",\"position\":5,\"name\":\"Balam Rush Br-940382,7506215940382 Teclado Gamer Dominate Expert Gk979i \/ Dual Recargable \/ Usb C &#8211; Bt Dongle \/ Multidispositivos \/ Rgb \/ 105 Teclas \/ Espa?ol \/ Ergonomico \/ Mecanico \/ Win- Ios &#8211; Android \/ Negro \/ Br-940382\"}]},{\"@type\":\"WebSite\",\"@id\":\"https:\/\/compuviper.mx\/tienda\/#website\",\"url\":\"https:\/\/compuviper.mx\/tienda\/\",\"name\":\"Compuviper\",\"description\":\"Proveedor de Computadoras, Laptops, Servidores, Monitores, Puntos de Venta, Teclados,   Impresoras, T\u00f3ner, C\u00e1maras de Seguridad y m\u00e1s en tu tienda en l\u00ednea\",\"publisher\":{\"@id\":\"https:\/\/compuviper.mx\/tienda\/#organization\"},\"potentialAction\":[{\"@type\":\"SearchAction\",\"target\":{\"@type\":\"EntryPoint\",\"urlTemplate\":\"https:\/\/compuviper.mx\/tienda\/?s={search_term_string}\"},\"query-input\":\"required name=search_term_string\"}],\"inLanguage\":\"es-MX\"},{\"@type\":\"Organization\",\"@id\":\"https:\/\/compuviper.mx\/tienda\/#organization\",\"name\":\"Compuviper\",\"url\":\"https:\/\/compuviper.mx\/tienda\/\",\"logo\":{\"@type\":\"ImageObject\",\"inLanguage\":\"es-MX\",\"@id\":\"https:\/\/compuviper.mx\/tienda\/#\/schema\/logo\/image\/\",\"url\":\"https:\/\/compuviper.mx\/tienda\/wp-content\/uploads\/2021\/08\/Logo-Compuviper-10.png\",\"contentUrl\":\"https:\/\/compuviper.mx\/tienda\/wp-content\/uploads\/2021\/08\/Logo-Compuviper-10.png\",\"width\":1000,\"height\":500,\"caption\":\"Compuviper\"},\"image\":{\"@id\":\"https:\/\/compuviper.mx\/tienda\/#\/schema\/logo\/image\/\"},\"sameAs\":[\"https:\/\/www.facebook.com\/compuviper\",\"https:\/\/www.youtube.com\/channel\/UCf73dERp9Y3cfOq7q8BhLjA?view_as=subscriber\"]}]}<\/script>\n<meta property=\"product:brand\" content=\"Balam Rush\" \/>\n<meta property=\"product:price:amount\" content=\"833\" \/>\n<meta property=\"product:price:currency\" content=\"MXN\" \/>\n<meta property=\"og:availability\" content=\"instock\" \/>\n<meta property=\"product:availability\" content=\"instock\" \/>\n<meta property=\"product:retailer_item_id\" content=\"BR-940382,7506215940382\" \/>\n<meta property=\"product:condition\" content=\"new\" \/>\n<!-- \/ Yoast SEO plugin. -->","yoast_head_json":{"title":"[ Balam Rush ] &#129351; Br-940382,7506215940382 Teclado Gamer Dominate Expert Gk979i \/ Dual Recargable \/ Usb C - Bt Dongle \/ Multidispositivos \/ Rgb \/ 105 Teclas \/ Espa\u00f1ol \/ Ergonomico \/ Mecanico \/ Win- Ios - Android \/ Negro \/ Br-940382","description":"Compra Br-940382,7506215940382 Teclado Gamer Dominate Expert Gk979i \/ Dual Recargable \/ Usb C - Bt Dongle \/ Multidispositivos \/ Rgb \/ 105 Teclas \/ Espa\u00f1ol \/ Ergonomico \/ Mecanico \/ Win- Ios - Android \/ Negro \/ Br-940382 + Env\u00edo a domicilio + Pago seguro + Garant\u00eda","robots":{"index":"index","follow":"follow","max-snippet":"max-snippet:-1","max-image-preview":"max-image-preview:large","max-video-preview":"max-video-preview:-1"},"canonical":"https:\/\/compuviper.mx\/tienda\/producto\/balam-rush-br-9403827506215940382-teclado-gamer-dominate-expert-gk979i-dual-recargable-usb-c-bt-dongle-multidispositivos-rgb-105-teclas-espaol-ergonomico-mecanico-win-ios-and\/","og_locale":"es_MX","og_type":"article","og_title":"[ Balam Rush ] &#129351; Br-940382,7506215940382 Teclado Gamer Dominate Expert Gk979i \/ Dual Recargable \/ Usb C - Bt Dongle \/ Multidispositivos \/ Rgb \/ 105 Teclas \/ Espa\u00f1ol \/ Ergonomico \/ Mecanico \/ Win- Ios - Android \/ Negro \/ Br-940382","og_description":"Compra Br-940382,7506215940382 Teclado Gamer Dominate Expert Gk979i \/ Dual Recargable \/ Usb C - Bt Dongle \/ Multidispositivos \/ Rgb \/ 105 Teclas \/ Espa\u00f1ol \/ Ergonomico \/ Mecanico \/ Win- Ios - Android \/ Negro \/ Br-940382 + Env\u00edo a domicilio + Pago seguro + Garant\u00eda","og_url":"https:\/\/compuviper.mx\/tienda\/producto\/balam-rush-br-9403827506215940382-teclado-gamer-dominate-expert-gk979i-dual-recargable-usb-c-bt-dongle-multidispositivos-rgb-105-teclas-espaol-ergonomico-mecanico-win-ios-and\/","og_site_name":"Compuviper","article_publisher":"https:\/\/www.facebook.com\/compuviper","article_modified_time":"2026-04-21T06:52:35+00:00","og_image":[{"width":200,"height":200,"url":"https:\/\/compuviper.mx\/tienda\/wp-content\/uploads\/2025\/10\/Teclado-gamer-balam-rush-dominate-expert-gk979i-dual-recargable-usb-c-bt-dongle-multidispositivos-rgb-105-teclas-espanol-ergonomico-mecanico-win-ios-android-negro-br-940382.jpg","type":"image\/jpeg"}],"twitter_card":"summary_large_image","twitter_misc":{"Precio":"&#36;1,068 &#36;833 con IVA","Availability":"In stock"},"schema":{"@context":"https:\/\/schema.org","@graph":[{"@type":"WebPage","@id":"https:\/\/compuviper.mx\/tienda\/producto\/balam-rush-br-9403827506215940382-teclado-gamer-dominate-expert-gk979i-dual-recargable-usb-c-bt-dongle-multidispositivos-rgb-105-teclas-espaol-ergonomico-mecanico-win-ios-and\/","url":"https:\/\/compuviper.mx\/tienda\/producto\/balam-rush-br-9403827506215940382-teclado-gamer-dominate-expert-gk979i-dual-recargable-usb-c-bt-dongle-multidispositivos-rgb-105-teclas-espaol-ergonomico-mecanico-win-ios-and\/","name":"[ Balam Rush ] &#129351; Br-940382,7506215940382 Teclado Gamer Dominate Expert Gk979i \/ Dual Recargable \/ Usb C - Bt Dongle \/ Multidispositivos \/ Rgb \/ 105 Teclas \/ Espa\u00f1ol \/ Ergonomico \/ Mecanico \/ Win- Ios - Android \/ Negro \/ Br-940382","isPartOf":{"@id":"https:\/\/compuviper.mx\/tienda\/#website"},"datePublished":"2026-04-21T06:52:34+00:00","dateModified":"2026-04-21T06:52:35+00:00","description":"Compra Br-940382,7506215940382 Teclado Gamer Dominate Expert Gk979i \/ Dual Recargable \/ Usb C - Bt Dongle \/ Multidispositivos \/ Rgb \/ 105 Teclas \/ Espa\u00f1ol \/ Ergonomico \/ Mecanico \/ Win- Ios - Android \/ Negro \/ Br-940382 + Env\u00edo a domicilio + Pago seguro + Garant\u00eda","breadcrumb":{"@id":"https:\/\/compuviper.mx\/tienda\/producto\/balam-rush-br-9403827506215940382-teclado-gamer-dominate-expert-gk979i-dual-recargable-usb-c-bt-dongle-multidispositivos-rgb-105-teclas-espaol-ergonomico-mecanico-win-ios-and\/#breadcrumb"},"inLanguage":"es-MX","potentialAction":[{"@type":"ReadAction","target":["https:\/\/compuviper.mx\/tienda\/producto\/balam-rush-br-9403827506215940382-teclado-gamer-dominate-expert-gk979i-dual-recargable-usb-c-bt-dongle-multidispositivos-rgb-105-teclas-espaol-ergonomico-mecanico-win-ios-and\/"]}]},{"@type":"BreadcrumbList","@id":"https:\/\/compuviper.mx\/tienda\/producto\/balam-rush-br-9403827506215940382-teclado-gamer-dominate-expert-gk979i-dual-recargable-usb-c-bt-dongle-multidispositivos-rgb-105-teclas-espaol-ergonomico-mecanico-win-ios-and\/#breadcrumb","itemListElement":[{"@type":"ListItem","position":1,"name":"Inicio","item":"https:\/\/compuviper.mx\/tienda\/"},{"@type":"ListItem","position":2,"name":"Productos","item":"https:\/\/compuviper.mx\/tienda\/productos\/"},{"@type":"ListItem","position":3,"name":"Teclados","item":"https:\/\/compuviper.mx\/tienda\/categoria-producto\/teclados\/"},{"@type":"ListItem","position":4,"name":"Multimedia","item":"https:\/\/compuviper.mx\/tienda\/categoria-producto\/teclados\/multimedia\/"},{"@type":"ListItem","position":5,"name":"Balam Rush Br-940382,7506215940382 Teclado Gamer Dominate Expert Gk979i \/ Dual Recargable \/ Usb C &#8211; Bt Dongle \/ Multidispositivos \/ Rgb \/ 105 Teclas \/ Espa?ol \/ Ergonomico \/ Mecanico \/ Win- Ios &#8211; Android \/ Negro \/ Br-940382"}]},{"@type":"WebSite","@id":"https:\/\/compuviper.mx\/tienda\/#website","url":"https:\/\/compuviper.mx\/tienda\/","name":"Compuviper","description":"Proveedor de Computadoras, Laptops, Servidores, Monitores, Puntos de Venta, Teclados,   Impresoras, T\u00f3ner, C\u00e1maras de Seguridad y m\u00e1s en tu tienda en l\u00ednea","publisher":{"@id":"https:\/\/compuviper.mx\/tienda\/#organization"},"potentialAction":[{"@type":"SearchAction","target":{"@type":"EntryPoint","urlTemplate":"https:\/\/compuviper.mx\/tienda\/?s={search_term_string}"},"query-input":"required name=search_term_string"}],"inLanguage":"es-MX"},{"@type":"Organization","@id":"https:\/\/compuviper.mx\/tienda\/#organization","name":"Compuviper","url":"https:\/\/compuviper.mx\/tienda\/","logo":{"@type":"ImageObject","inLanguage":"es-MX","@id":"https:\/\/compuviper.mx\/tienda\/#\/schema\/logo\/image\/","url":"https:\/\/compuviper.mx\/tienda\/wp-content\/uploads\/2021\/08\/Logo-Compuviper-10.png","contentUrl":"https:\/\/compuviper.mx\/tienda\/wp-content\/uploads\/2021\/08\/Logo-Compuviper-10.png","width":1000,"height":500,"caption":"Compuviper"},"image":{"@id":"https:\/\/compuviper.mx\/tienda\/#\/schema\/logo\/image\/"},"sameAs":["https:\/\/www.facebook.com\/compuviper","https:\/\/www.youtube.com\/channel\/UCf73dERp9Y3cfOq7q8BhLjA?view_as=subscriber"]}]},"product_brand":"Balam Rush","product_price_amount":"833","product_price_currency":"MXN","og_availability":"instock","product_availability":"instock","product_retailer_item_id":"BR-940382,7506215940382","product_condition":"new"},"_links":{"self":[{"href":"https:\/\/compuviper.mx\/tienda\/wp-json\/wp\/v2\/product\/248424"}],"collection":[{"href":"https:\/\/compuviper.mx\/tienda\/wp-json\/wp\/v2\/product"}],"about":[{"href":"https:\/\/compuviper.mx\/tienda\/wp-json\/wp\/v2\/types\/product"}],"replies":[{"embeddable":true,"href":"https:\/\/compuviper.mx\/tienda\/wp-json\/wp\/v2\/comments?post=248424"}],"wp:featuredmedia":[{"embeddable":true,"href":"https:\/\/compuviper.mx\/tienda\/wp-json\/wp\/v2\/media\/259745"}],"wp:attachment":[{"href":"https:\/\/compuviper.mx\/tienda\/wp-json\/wp\/v2\/media?parent=248424"}],"wp:term":[{"taxonomy":"product_cat","embeddable":true,"href":"https:\/\/compuviper.mx\/tienda\/wp-json\/wp\/v2\/product_cat?post=248424"},{"taxonomy":"product_tag","embeddable":true,"href":"https:\/\/compuviper.mx\/tienda\/wp-json\/wp\/v2\/product_tag?post=248424"}],"curies":[{"name":"wp","href":"https:\/\/api.w.org\/{rel}","templated":true}]}}