{"id":248374,"date":"2026-04-22T00:11:50","date_gmt":"2026-04-22T06:11:50","guid":{"rendered":"https:\/\/compuviper.mx\/tienda\/producto\/dahua-dh-hpt1339dd-stw-3e2-il-camara-ip-dual-3mp-30-m-ir-y-luz-clida-audio-bidireccional-deteccion-de-humanos-y-mascotas-disuacin-activa-seguimiento-automtico-ranura-micro-sd\/"},"modified":"2026-04-22T00:11:51","modified_gmt":"2026-04-22T06:11:51","slug":"dahua-dh-hpt1339dd-stw-3e2-il-camara-ip-dual-3mp-30-m-ir-y-luz-clida-audio-bidireccional-deteccion-de-humanos-y-mascotas-disuacin-activa-seguimiento-automtico-ranura-micro-sd","status":"publish","type":"product","link":"https:\/\/compuviper.mx\/tienda\/producto\/dahua-dh-hpt1339dd-stw-3e2-il-camara-ip-dual-3mp-30-m-ir-y-luz-clida-audio-bidireccional-deteccion-de-humanos-y-mascotas-disuacin-activa-seguimiento-automtico-ranura-micro-sd\/","title":{"rendered":"Dahua Dh-hpt1339dd-stw-3e2-il Camara Ip\/ \/ \/ Dual 3mp\/30 M Ir Y Luz C?lida\/ Audio Bidireccional\/ Deteccion De Humanos Y Mascotas\/ Disuaci?n Activa\/ Seguimiento Autom?tico\/ Ranura Micro Sd"},"content":{"rendered":"<table class=\"descripcion\">\n<tr>\n<td>Caracteristicas principales<\/td>\n<\/tr>\n<tr>\n<td>\u0095 doble 2k: imagenes claras con detalles nitidos.<\/td>\n<\/tr>\n<tr>\n<td>\u0095 canal dual inteligente: deteccion inteligente de ambas lentes para centrarse en lo que importa.<\/td>\n<\/tr>\n<tr>\n<td>\u0095 deteccion de mascotas: se centra en lo que importa y reduce las falsas alarmas.<\/td>\n<\/tr>\n<tr>\n<td>\u0095 alarma de luz y sonido: proporciona alarmas instantaneas para disuadir a los intrusos.<\/td>\n<\/tr>\n<tr>\n<td>\u0095 bluetooth: emparejamiento rapido con bluetooth.<\/td>\n<\/tr>\n<tr>\n<td>\u0095 angulos: vea todo a su alrededor con lentes ajustables.<\/td>\n<\/tr>\n<tr>\n<td>\u0095 wi-fi 6 de doble banda: la perfecta integracion de velocidad y antiinterferencias.<\/td>\n<\/tr>\n<tr>\n<td>Especificaciones tecnicas<\/td>\n<\/tr>\n<tr>\n<td>\u0095 sensor de imagen: cmos de 1\/3,2<\/td>\n<\/tr>\n<tr>\n<td>\u0095 longitud focal: 3.6 mm<\/td>\n<\/tr>\n<tr>\n<td>\u0095 resolucion maxima: 2304 \u00d7 1296<\/td>\n<\/tr>\n<tr>\n<td>\u0095 distancia de iluminacion: hasta 30 m<\/td>\n<\/tr>\n<tr>\n<td>\u0095 compresion de video: h.265<\/td>\n<\/tr>\n<tr>\n<td>\u0095 almacenamiento: tarjeta micro sd (admite max. 256 gb)<\/td>\n<\/tr>\n<tr>\n<td>\u0095 fuente de alimentacion: 5 vcc<\/td>\n<\/tr>\n<tr>\n<td>\u0095 consumo de energia: basico: 2,3 w max.: 5,2 w<\/td>\n<\/tr>\n<tr>\n<td>\u0095 temperatura de funcionamiento: \u0096 10 \u00b0c a +45 \u00b0c<\/td>\n<\/tr>\n<tr>\n<td>\u0095 humedad de funcionamiento:  and #8804;95 % (hr), sin condensacion<\/td>\n<\/tr>\n<tr>\n<td>\u0095 material de la carcasa: plastico<\/td>\n<\/tr>\n<tr>\n<td>\u0095 dimensiones del producto: 80,9 mm \u00d7 125,7 mm<\/td>\n<\/tr>\n<tr>\n<td>\u0095 peso neto: 233 g<\/td>\n<\/tr>\n<\/table>\n","protected":false},"excerpt":{"rendered":"<p>Informacion general. La camara dahua dh-hpt1339dd-stw-3e2-il es una solucion de videovigilancia avanzada con dos lentes de 3 megapixeles (fijo y pt). Su capacidad de vision nocturna de hasta 30 metros garantiza seguridad las 24 horas del dia. Con audio bidireccional, microfono y altavoz integrados, permite una comunicacion clara en ambos sentidos. Ademas, esta equipada con inteligencia artificial (ia) que mejora la precision en la deteccion de eventos, permitiendo un monitoreo mas eficiente. Ideal para aplicaciones tanto comerciales como residenciales, su dise\u00f1o compacto y robusto asegura un rendimiento fiable incluso en condiciones exigentes. Incluye. \u0095 x1 camara ip dh-hpt1339dd-stw-3e2-il. \u0095 x1 mapa de instalacion. \u0095 x1 paquete de tornillos. \u0095 x1 soporte. \u0095 x1 codigo qr. \u0095 x1 guia de inicio rapido. \u0095 x1 informacion legal y regulaciones. \u0095 x1 adaptador de corriente. \u0095 x1 cable de alimentacion<\/p>\n","protected":false},"featured_media":259387,"comment_status":"open","ping_status":"open","template":"","meta":[],"product_cat":[1681,1608],"product_tag":[1555],"acf":[],"yoast_head":"<!-- This site is optimized with the Yoast SEO plugin v21.7 - https:\/\/yoast.com\/wordpress\/plugins\/seo\/ -->\n<title>[ Dahua ] &#129351; Dh-hpt1339dd-stw-3e2-il Camara Ip\/ \/ \/ Dual 3mp\/30 M Ir Y Luz C\u00e1lida\/ Audio Bidireccional\/ Deteccion De Humanos Y Mascotas\/ Disuaci\u00f3n Activa\/ Seguimiento Autom\u00e1tico\/ Ranura Micro Sd<\/title>\n<meta name=\"description\" content=\"Compra Dh-hpt1339dd-stw-3e2-il Camara Ip\/ \/ \/ Dual 3mp\/30 M Ir Y Luz C\u00e1lida\/ Audio Bidireccional\/ Deteccion De Humanos Y Mascotas\/ Disuaci\u00f3n Activa\/ Seguimiento Autom\u00e1tico\/ Ranura Micro Sd + Env\u00edo a domicilio + Pago seguro + Garant\u00eda\" \/>\n<meta name=\"robots\" content=\"index, follow, max-snippet:-1, max-image-preview:large, max-video-preview:-1\" \/>\n<link rel=\"canonical\" href=\"https:\/\/compuviper.mx\/tienda\/producto\/dahua-dh-hpt1339dd-stw-3e2-il-camara-ip-dual-3mp-30-m-ir-y-luz-clida-audio-bidireccional-deteccion-de-humanos-y-mascotas-disuacin-activa-seguimiento-automtico-ranura-micro-sd\/\" \/>\n<meta property=\"og:locale\" content=\"es_MX\" \/>\n<meta property=\"og:type\" content=\"article\" \/>\n<meta property=\"og:title\" content=\"[ Dahua ] &#129351; Dh-hpt1339dd-stw-3e2-il Camara Ip\/ \/ \/ Dual 3mp\/30 M Ir Y Luz C\u00e1lida\/ Audio Bidireccional\/ Deteccion De Humanos Y Mascotas\/ Disuaci\u00f3n Activa\/ Seguimiento Autom\u00e1tico\/ Ranura Micro Sd\" \/>\n<meta property=\"og:description\" content=\"Compra Dh-hpt1339dd-stw-3e2-il Camara Ip\/ \/ \/ Dual 3mp\/30 M Ir Y Luz C\u00e1lida\/ Audio Bidireccional\/ Deteccion De Humanos Y Mascotas\/ Disuaci\u00f3n Activa\/ Seguimiento Autom\u00e1tico\/ Ranura Micro Sd + Env\u00edo a domicilio + Pago seguro + Garant\u00eda\" \/>\n<meta property=\"og:url\" content=\"https:\/\/compuviper.mx\/tienda\/producto\/dahua-dh-hpt1339dd-stw-3e2-il-camara-ip-dual-3mp-30-m-ir-y-luz-clida-audio-bidireccional-deteccion-de-humanos-y-mascotas-disuacin-activa-seguimiento-automtico-ranura-micro-sd\/\" \/>\n<meta property=\"og:site_name\" content=\"Compuviper\" \/>\n<meta property=\"article:publisher\" content=\"https:\/\/www.facebook.com\/compuviper\" \/>\n<meta property=\"article:modified_time\" content=\"2026-04-22T06:11:51+00:00\" \/>\n<meta property=\"og:image\" content=\"https:\/\/compuviper.mx\/tienda\/wp-content\/uploads\/2025\/10\/Camara-ip-dahua-dh-hpt1339dd-stw-3e2-il-dual-3mp30-m-ir-y-luz-calida-audio-bidireccional-deteccion-de-humanos-y-mascotas-disuacion-activa-seguimiento-automatico-ranura-micro-sd.jpg\" \/>\n\t<meta property=\"og:image:width\" content=\"200\" \/>\n\t<meta property=\"og:image:height\" content=\"200\" \/>\n\t<meta property=\"og:image:type\" content=\"image\/jpeg\" \/>\n<meta name=\"twitter:card\" content=\"summary_large_image\" \/>\n<meta name=\"twitter:label1\" content=\"Precio\" \/>\n\t<meta name=\"twitter:data1\" content=\"&#36;755 &#36;727 con IVA\" \/>\n\t<meta name=\"twitter:label2\" content=\"Availability\" \/>\n\t<meta name=\"twitter:data2\" content=\"In stock\" \/>\n<script type=\"application\/ld+json\" class=\"yoast-schema-graph\">{\"@context\":\"https:\/\/schema.org\",\"@graph\":[{\"@type\":\"WebPage\",\"@id\":\"https:\/\/compuviper.mx\/tienda\/producto\/dahua-dh-hpt1339dd-stw-3e2-il-camara-ip-dual-3mp-30-m-ir-y-luz-clida-audio-bidireccional-deteccion-de-humanos-y-mascotas-disuacin-activa-seguimiento-automtico-ranura-micro-sd\/\",\"url\":\"https:\/\/compuviper.mx\/tienda\/producto\/dahua-dh-hpt1339dd-stw-3e2-il-camara-ip-dual-3mp-30-m-ir-y-luz-clida-audio-bidireccional-deteccion-de-humanos-y-mascotas-disuacin-activa-seguimiento-automtico-ranura-micro-sd\/\",\"name\":\"[ Dahua ] &#129351; Dh-hpt1339dd-stw-3e2-il Camara Ip\/ \/ \/ Dual 3mp\/30 M Ir Y Luz C\u00e1lida\/ Audio Bidireccional\/ Deteccion De Humanos Y Mascotas\/ Disuaci\u00f3n Activa\/ Seguimiento Autom\u00e1tico\/ Ranura Micro Sd\",\"isPartOf\":{\"@id\":\"https:\/\/compuviper.mx\/tienda\/#website\"},\"datePublished\":\"2026-04-22T06:11:50+00:00\",\"dateModified\":\"2026-04-22T06:11:51+00:00\",\"description\":\"Compra Dh-hpt1339dd-stw-3e2-il Camara Ip\/ \/ \/ Dual 3mp\/30 M Ir Y Luz C\u00e1lida\/ Audio Bidireccional\/ Deteccion De Humanos Y Mascotas\/ Disuaci\u00f3n Activa\/ Seguimiento Autom\u00e1tico\/ Ranura Micro Sd + Env\u00edo a domicilio + Pago seguro + Garant\u00eda\",\"breadcrumb\":{\"@id\":\"https:\/\/compuviper.mx\/tienda\/producto\/dahua-dh-hpt1339dd-stw-3e2-il-camara-ip-dual-3mp-30-m-ir-y-luz-clida-audio-bidireccional-deteccion-de-humanos-y-mascotas-disuacin-activa-seguimiento-automtico-ranura-micro-sd\/#breadcrumb\"},\"inLanguage\":\"es-MX\",\"potentialAction\":[{\"@type\":\"ReadAction\",\"target\":[\"https:\/\/compuviper.mx\/tienda\/producto\/dahua-dh-hpt1339dd-stw-3e2-il-camara-ip-dual-3mp-30-m-ir-y-luz-clida-audio-bidireccional-deteccion-de-humanos-y-mascotas-disuacin-activa-seguimiento-automtico-ranura-micro-sd\/\"]}]},{\"@type\":\"BreadcrumbList\",\"@id\":\"https:\/\/compuviper.mx\/tienda\/producto\/dahua-dh-hpt1339dd-stw-3e2-il-camara-ip-dual-3mp-30-m-ir-y-luz-clida-audio-bidireccional-deteccion-de-humanos-y-mascotas-disuacin-activa-seguimiento-automtico-ranura-micro-sd\/#breadcrumb\",\"itemListElement\":[{\"@type\":\"ListItem\",\"position\":1,\"name\":\"Inicio\",\"item\":\"https:\/\/compuviper.mx\/tienda\/\"},{\"@type\":\"ListItem\",\"position\":2,\"name\":\"Productos\",\"item\":\"https:\/\/compuviper.mx\/tienda\/productos\/\"},{\"@type\":\"ListItem\",\"position\":3,\"name\":\"Camaras\",\"item\":\"https:\/\/compuviper.mx\/tienda\/categoria-producto\/camaras-2\/\"},{\"@type\":\"ListItem\",\"position\":4,\"name\":\"Camara De Videovigilancia\",\"item\":\"https:\/\/compuviper.mx\/tienda\/categoria-producto\/camaras-2\/camara-de-videovigilancia\/\"},{\"@type\":\"ListItem\",\"position\":5,\"name\":\"Dahua Dh-hpt1339dd-stw-3e2-il Camara Ip\/ \/ \/ Dual 3mp\/30 M Ir Y Luz C?lida\/ Audio Bidireccional\/ Deteccion De Humanos Y Mascotas\/ Disuaci?n Activa\/ Seguimiento Autom?tico\/ Ranura Micro Sd\"}]},{\"@type\":\"WebSite\",\"@id\":\"https:\/\/compuviper.mx\/tienda\/#website\",\"url\":\"https:\/\/compuviper.mx\/tienda\/\",\"name\":\"Compuviper\",\"description\":\"Proveedor de Computadoras, Laptops, Servidores, Monitores, Puntos de Venta, Teclados,   Impresoras, T\u00f3ner, C\u00e1maras de Seguridad y m\u00e1s en tu tienda en l\u00ednea\",\"publisher\":{\"@id\":\"https:\/\/compuviper.mx\/tienda\/#organization\"},\"potentialAction\":[{\"@type\":\"SearchAction\",\"target\":{\"@type\":\"EntryPoint\",\"urlTemplate\":\"https:\/\/compuviper.mx\/tienda\/?s={search_term_string}\"},\"query-input\":\"required name=search_term_string\"}],\"inLanguage\":\"es-MX\"},{\"@type\":\"Organization\",\"@id\":\"https:\/\/compuviper.mx\/tienda\/#organization\",\"name\":\"Compuviper\",\"url\":\"https:\/\/compuviper.mx\/tienda\/\",\"logo\":{\"@type\":\"ImageObject\",\"inLanguage\":\"es-MX\",\"@id\":\"https:\/\/compuviper.mx\/tienda\/#\/schema\/logo\/image\/\",\"url\":\"https:\/\/compuviper.mx\/tienda\/wp-content\/uploads\/2021\/08\/Logo-Compuviper-10.png\",\"contentUrl\":\"https:\/\/compuviper.mx\/tienda\/wp-content\/uploads\/2021\/08\/Logo-Compuviper-10.png\",\"width\":1000,\"height\":500,\"caption\":\"Compuviper\"},\"image\":{\"@id\":\"https:\/\/compuviper.mx\/tienda\/#\/schema\/logo\/image\/\"},\"sameAs\":[\"https:\/\/www.facebook.com\/compuviper\",\"https:\/\/www.youtube.com\/channel\/UCf73dERp9Y3cfOq7q8BhLjA?view_as=subscriber\"]}]}<\/script>\n<meta property=\"product:brand\" content=\"DAHUA\" \/>\n<meta property=\"product:price:amount\" content=\"727\" \/>\n<meta property=\"product:price:currency\" content=\"MXN\" \/>\n<meta property=\"og:availability\" content=\"instock\" \/>\n<meta property=\"product:availability\" content=\"instock\" \/>\n<meta property=\"product:retailer_item_id\" content=\"DH-HPT1339DD-STW-3E2-IL\" \/>\n<meta property=\"product:condition\" content=\"new\" \/>\n<!-- \/ Yoast SEO plugin. -->","yoast_head_json":{"title":"[ Dahua ] &#129351; Dh-hpt1339dd-stw-3e2-il Camara Ip\/ \/ \/ Dual 3mp\/30 M Ir Y Luz C\u00e1lida\/ Audio Bidireccional\/ Deteccion De Humanos Y Mascotas\/ Disuaci\u00f3n Activa\/ Seguimiento Autom\u00e1tico\/ Ranura Micro Sd","description":"Compra Dh-hpt1339dd-stw-3e2-il Camara Ip\/ \/ \/ Dual 3mp\/30 M Ir Y Luz C\u00e1lida\/ Audio Bidireccional\/ Deteccion De Humanos Y Mascotas\/ Disuaci\u00f3n Activa\/ Seguimiento Autom\u00e1tico\/ Ranura Micro Sd + Env\u00edo a domicilio + Pago seguro + Garant\u00eda","robots":{"index":"index","follow":"follow","max-snippet":"max-snippet:-1","max-image-preview":"max-image-preview:large","max-video-preview":"max-video-preview:-1"},"canonical":"https:\/\/compuviper.mx\/tienda\/producto\/dahua-dh-hpt1339dd-stw-3e2-il-camara-ip-dual-3mp-30-m-ir-y-luz-clida-audio-bidireccional-deteccion-de-humanos-y-mascotas-disuacin-activa-seguimiento-automtico-ranura-micro-sd\/","og_locale":"es_MX","og_type":"article","og_title":"[ Dahua ] &#129351; Dh-hpt1339dd-stw-3e2-il Camara Ip\/ \/ \/ Dual 3mp\/30 M Ir Y Luz C\u00e1lida\/ Audio Bidireccional\/ Deteccion De Humanos Y Mascotas\/ Disuaci\u00f3n Activa\/ Seguimiento Autom\u00e1tico\/ Ranura Micro Sd","og_description":"Compra Dh-hpt1339dd-stw-3e2-il Camara Ip\/ \/ \/ Dual 3mp\/30 M Ir Y Luz C\u00e1lida\/ Audio Bidireccional\/ Deteccion De Humanos Y Mascotas\/ Disuaci\u00f3n Activa\/ Seguimiento Autom\u00e1tico\/ Ranura Micro Sd + Env\u00edo a domicilio + Pago seguro + Garant\u00eda","og_url":"https:\/\/compuviper.mx\/tienda\/producto\/dahua-dh-hpt1339dd-stw-3e2-il-camara-ip-dual-3mp-30-m-ir-y-luz-clida-audio-bidireccional-deteccion-de-humanos-y-mascotas-disuacin-activa-seguimiento-automtico-ranura-micro-sd\/","og_site_name":"Compuviper","article_publisher":"https:\/\/www.facebook.com\/compuviper","article_modified_time":"2026-04-22T06:11:51+00:00","og_image":[{"width":200,"height":200,"url":"https:\/\/compuviper.mx\/tienda\/wp-content\/uploads\/2025\/10\/Camara-ip-dahua-dh-hpt1339dd-stw-3e2-il-dual-3mp30-m-ir-y-luz-calida-audio-bidireccional-deteccion-de-humanos-y-mascotas-disuacion-activa-seguimiento-automatico-ranura-micro-sd.jpg","type":"image\/jpeg"}],"twitter_card":"summary_large_image","twitter_misc":{"Precio":"&#36;755 &#36;727 con IVA","Availability":"In stock"},"schema":{"@context":"https:\/\/schema.org","@graph":[{"@type":"WebPage","@id":"https:\/\/compuviper.mx\/tienda\/producto\/dahua-dh-hpt1339dd-stw-3e2-il-camara-ip-dual-3mp-30-m-ir-y-luz-clida-audio-bidireccional-deteccion-de-humanos-y-mascotas-disuacin-activa-seguimiento-automtico-ranura-micro-sd\/","url":"https:\/\/compuviper.mx\/tienda\/producto\/dahua-dh-hpt1339dd-stw-3e2-il-camara-ip-dual-3mp-30-m-ir-y-luz-clida-audio-bidireccional-deteccion-de-humanos-y-mascotas-disuacin-activa-seguimiento-automtico-ranura-micro-sd\/","name":"[ Dahua ] &#129351; Dh-hpt1339dd-stw-3e2-il Camara Ip\/ \/ \/ Dual 3mp\/30 M Ir Y Luz C\u00e1lida\/ Audio Bidireccional\/ Deteccion De Humanos Y Mascotas\/ Disuaci\u00f3n Activa\/ Seguimiento Autom\u00e1tico\/ Ranura Micro Sd","isPartOf":{"@id":"https:\/\/compuviper.mx\/tienda\/#website"},"datePublished":"2026-04-22T06:11:50+00:00","dateModified":"2026-04-22T06:11:51+00:00","description":"Compra Dh-hpt1339dd-stw-3e2-il Camara Ip\/ \/ \/ Dual 3mp\/30 M Ir Y Luz C\u00e1lida\/ Audio Bidireccional\/ Deteccion De Humanos Y Mascotas\/ Disuaci\u00f3n Activa\/ Seguimiento Autom\u00e1tico\/ Ranura Micro Sd + Env\u00edo a domicilio + Pago seguro + Garant\u00eda","breadcrumb":{"@id":"https:\/\/compuviper.mx\/tienda\/producto\/dahua-dh-hpt1339dd-stw-3e2-il-camara-ip-dual-3mp-30-m-ir-y-luz-clida-audio-bidireccional-deteccion-de-humanos-y-mascotas-disuacin-activa-seguimiento-automtico-ranura-micro-sd\/#breadcrumb"},"inLanguage":"es-MX","potentialAction":[{"@type":"ReadAction","target":["https:\/\/compuviper.mx\/tienda\/producto\/dahua-dh-hpt1339dd-stw-3e2-il-camara-ip-dual-3mp-30-m-ir-y-luz-clida-audio-bidireccional-deteccion-de-humanos-y-mascotas-disuacin-activa-seguimiento-automtico-ranura-micro-sd\/"]}]},{"@type":"BreadcrumbList","@id":"https:\/\/compuviper.mx\/tienda\/producto\/dahua-dh-hpt1339dd-stw-3e2-il-camara-ip-dual-3mp-30-m-ir-y-luz-clida-audio-bidireccional-deteccion-de-humanos-y-mascotas-disuacin-activa-seguimiento-automtico-ranura-micro-sd\/#breadcrumb","itemListElement":[{"@type":"ListItem","position":1,"name":"Inicio","item":"https:\/\/compuviper.mx\/tienda\/"},{"@type":"ListItem","position":2,"name":"Productos","item":"https:\/\/compuviper.mx\/tienda\/productos\/"},{"@type":"ListItem","position":3,"name":"Camaras","item":"https:\/\/compuviper.mx\/tienda\/categoria-producto\/camaras-2\/"},{"@type":"ListItem","position":4,"name":"Camara De Videovigilancia","item":"https:\/\/compuviper.mx\/tienda\/categoria-producto\/camaras-2\/camara-de-videovigilancia\/"},{"@type":"ListItem","position":5,"name":"Dahua Dh-hpt1339dd-stw-3e2-il Camara Ip\/ \/ \/ Dual 3mp\/30 M Ir Y Luz C?lida\/ Audio Bidireccional\/ Deteccion De Humanos Y Mascotas\/ Disuaci?n Activa\/ Seguimiento Autom?tico\/ Ranura Micro Sd"}]},{"@type":"WebSite","@id":"https:\/\/compuviper.mx\/tienda\/#website","url":"https:\/\/compuviper.mx\/tienda\/","name":"Compuviper","description":"Proveedor de Computadoras, Laptops, Servidores, Monitores, Puntos de Venta, Teclados,   Impresoras, T\u00f3ner, C\u00e1maras de Seguridad y m\u00e1s en tu tienda en l\u00ednea","publisher":{"@id":"https:\/\/compuviper.mx\/tienda\/#organization"},"potentialAction":[{"@type":"SearchAction","target":{"@type":"EntryPoint","urlTemplate":"https:\/\/compuviper.mx\/tienda\/?s={search_term_string}"},"query-input":"required name=search_term_string"}],"inLanguage":"es-MX"},{"@type":"Organization","@id":"https:\/\/compuviper.mx\/tienda\/#organization","name":"Compuviper","url":"https:\/\/compuviper.mx\/tienda\/","logo":{"@type":"ImageObject","inLanguage":"es-MX","@id":"https:\/\/compuviper.mx\/tienda\/#\/schema\/logo\/image\/","url":"https:\/\/compuviper.mx\/tienda\/wp-content\/uploads\/2021\/08\/Logo-Compuviper-10.png","contentUrl":"https:\/\/compuviper.mx\/tienda\/wp-content\/uploads\/2021\/08\/Logo-Compuviper-10.png","width":1000,"height":500,"caption":"Compuviper"},"image":{"@id":"https:\/\/compuviper.mx\/tienda\/#\/schema\/logo\/image\/"},"sameAs":["https:\/\/www.facebook.com\/compuviper","https:\/\/www.youtube.com\/channel\/UCf73dERp9Y3cfOq7q8BhLjA?view_as=subscriber"]}]},"product_brand":"DAHUA","product_price_amount":"727","product_price_currency":"MXN","og_availability":"instock","product_availability":"instock","product_retailer_item_id":"DH-HPT1339DD-STW-3E2-IL","product_condition":"new"},"_links":{"self":[{"href":"https:\/\/compuviper.mx\/tienda\/wp-json\/wp\/v2\/product\/248374"}],"collection":[{"href":"https:\/\/compuviper.mx\/tienda\/wp-json\/wp\/v2\/product"}],"about":[{"href":"https:\/\/compuviper.mx\/tienda\/wp-json\/wp\/v2\/types\/product"}],"replies":[{"embeddable":true,"href":"https:\/\/compuviper.mx\/tienda\/wp-json\/wp\/v2\/comments?post=248374"}],"wp:featuredmedia":[{"embeddable":true,"href":"https:\/\/compuviper.mx\/tienda\/wp-json\/wp\/v2\/media\/259387"}],"wp:attachment":[{"href":"https:\/\/compuviper.mx\/tienda\/wp-json\/wp\/v2\/media?parent=248374"}],"wp:term":[{"taxonomy":"product_cat","embeddable":true,"href":"https:\/\/compuviper.mx\/tienda\/wp-json\/wp\/v2\/product_cat?post=248374"},{"taxonomy":"product_tag","embeddable":true,"href":"https:\/\/compuviper.mx\/tienda\/wp-json\/wp\/v2\/product_tag?post=248374"}],"curies":[{"name":"wp","href":"https:\/\/api.w.org\/{rel}","templated":true}]}}