{"id":248372,"date":"2026-04-23T00:15:18","date_gmt":"2026-04-23T06:15:18","guid":{"rendered":"https:\/\/compuviper.mx\/tienda\/producto\/dahua-dh-h3a-camara-ip-domo-motorizado-wifi-de-3-megapixeles-con-ia-autotracking-audio-bidireccional-microfono-y-altavoz-sirena-integrada-ir-de-10-m-deteccion-de-humanos-y-ranura-microsd\/"},"modified":"2026-04-23T00:15:18","modified_gmt":"2026-04-23T06:15:18","slug":"dahua-dh-h3a-camara-ip-domo-motorizado-wifi-de-3-megapixeles-con-ia-autotracking-audio-bidireccional-microfono-y-altavoz-sirena-integrada-ir-de-10-m-deteccion-de-humanos-y-ranura-microsd","status":"publish","type":"product","link":"https:\/\/compuviper.mx\/tienda\/producto\/dahua-dh-h3a-camara-ip-domo-motorizado-wifi-de-3-megapixeles-con-ia-autotracking-audio-bidireccional-microfono-y-altavoz-sirena-integrada-ir-de-10-m-deteccion-de-humanos-y-ranura-microsd\/","title":{"rendered":"Dahua Dh-h3a Camara Ip\/ \/  \/ Domo Motorizado Wifi De 3 Megapixeles Con Ia, Autotracking, Audio Bidireccional (microfono Y Altavoz), Sirena Integrada, Ir De 10 M, Deteccion De Humanos Y Ranura Microsd"},"content":{"rendered":"<table class=\"descripcion\">\n<tr>\n<td>Especificaciones tecnicas<\/td>\n<\/tr>\n<tr>\n<td>\u0095 resolucion: 3mp (2304 \u00d7 1296)<\/td>\n<\/tr>\n<tr>\n<td>\u0095 distancia de iluminacion ir: 10mts<\/td>\n<\/tr>\n<tr>\n<td>\u0095 material: plastico<\/td>\n<\/tr>\n<tr>\n<td>\u0095 dimensiones:  and #934;77.8 mm \u00d7 108.1 mm<\/td>\n<\/tr>\n<tr>\n<td>\u0095 peso: 195 g<\/td>\n<\/tr>\n<tr>\n<td>\u0095 temperatura de trabajo: \u009610 \u00b0c to +45 \u00b0c<\/td>\n<\/tr>\n<tr>\n<td>\u0095 humedad de trabajo:  95 %<\/td>\n<\/tr>\n<tr>\n<td>\u0095 alimentacion: 5 vcc, 1 a<\/td>\n<\/tr>\n<tr>\n<td>\u0095 consumo de energia: 1.6 w; max. 3.6 w (en vivo + ir + rotacion pt)<\/td>\n<\/tr>\n<\/table>\n","protected":false},"excerpt":{"rendered":"<p>Informacion general. La dahua dh-h3a es una camara ip domo motorizado con una resolucion de 3 megapixeles y conectividad wifi. Esta equipada con inteligencia artificial para la deteccion de humanos y autotracking, adem\u00e1s de audio bidireccional con microfono y altavoz integrados. Incluye una sirena para alertas sonoras y leds infrarrojos que permiten vision nocturna hasta 10 metros. Tiene una ranura para tarjeta microsd para almacenamiento local y un modo privacidad que desactiva temporalmente la grabacion. Esta camara es ideal para vigilancia domestica y seguridad empresarial, ofreciendo comunicacion en tiempo real y monitoreo eficiente en diversas situaciones. Caracteristicas principales. \u0095 deteccion inteligente de humanos y mascotas: minimiza falsas alarmas con ia avanzada. \u0095 conversacion bidireccional: comunicacion clara con microfono y altavoz integrados. \u0095 modo de privacidad: boton para desactivar temporalmente la grabacion y transmision. \u0095 alarma de sonido integrada: activa una alarma para disuadir intrusos. \u0095 conectividad wifi: conexion inalambrica simplificada. \u0095 compatibilidad bluetooth: configuracion rapida con dispositivos inteligentes. \u0095 compresion h.265: reduce el uso de ancho de banda y almacenamiento. \u0095 ranura para microsd: soporta tarjetas de hasta 256 gb para almacenamiento local. \u0095 seguimiento automatico: seguimiento automatico de objetivos. \u0095 vista 360\u00b0: monitoreo de 360\u00b0 sin puntos ciegos. \u0095 patrulla preestablecida: vigila los lugares que te importan con regularidad.<\/p>\n","protected":false},"featured_media":259385,"comment_status":"open","ping_status":"open","template":"","meta":[],"product_cat":[1681,1608],"product_tag":[1555],"acf":[],"yoast_head":"<!-- This site is optimized with the Yoast SEO plugin v21.7 - https:\/\/yoast.com\/wordpress\/plugins\/seo\/ -->\n<title>[ Dahua ] &#129351; Dh-h3a Camara Ip\/ \/ \/ Domo Motorizado Wifi De 3 Megapixeles Con Ia, Autotracking, Audio Bidireccional (microfono Y Altavoz), Sirena Integrada, Ir De 10 M, Deteccion De Humanos Y Ranura Microsd<\/title>\n<meta name=\"description\" content=\"Compra Dh-h3a Camara Ip\/ \/ \/ Domo Motorizado Wifi De 3 Megapixeles Con Ia, Autotracking, Audio Bidireccional (microfono Y Altavoz), Sirena Integrada, Ir De 10 M, Deteccion De Humanos Y Ranura Microsd + Env\u00edo a domicilio + Pago seguro + Garant\u00eda\" \/>\n<meta name=\"robots\" content=\"index, follow, max-snippet:-1, max-image-preview:large, max-video-preview:-1\" \/>\n<link rel=\"canonical\" href=\"https:\/\/compuviper.mx\/tienda\/producto\/dahua-dh-h3a-camara-ip-domo-motorizado-wifi-de-3-megapixeles-con-ia-autotracking-audio-bidireccional-microfono-y-altavoz-sirena-integrada-ir-de-10-m-deteccion-de-humanos-y-ranura-microsd\/\" \/>\n<meta property=\"og:locale\" content=\"es_MX\" \/>\n<meta property=\"og:type\" content=\"article\" \/>\n<meta property=\"og:title\" content=\"[ Dahua ] &#129351; Dh-h3a Camara Ip\/ \/ \/ Domo Motorizado Wifi De 3 Megapixeles Con Ia, Autotracking, Audio Bidireccional (microfono Y Altavoz), Sirena Integrada, Ir De 10 M, Deteccion De Humanos Y Ranura Microsd\" \/>\n<meta property=\"og:description\" content=\"Compra Dh-h3a Camara Ip\/ \/ \/ Domo Motorizado Wifi De 3 Megapixeles Con Ia, Autotracking, Audio Bidireccional (microfono Y Altavoz), Sirena Integrada, Ir De 10 M, Deteccion De Humanos Y Ranura Microsd + Env\u00edo a domicilio + Pago seguro + Garant\u00eda\" \/>\n<meta property=\"og:url\" content=\"https:\/\/compuviper.mx\/tienda\/producto\/dahua-dh-h3a-camara-ip-domo-motorizado-wifi-de-3-megapixeles-con-ia-autotracking-audio-bidireccional-microfono-y-altavoz-sirena-integrada-ir-de-10-m-deteccion-de-humanos-y-ranura-microsd\/\" \/>\n<meta property=\"og:site_name\" content=\"Compuviper\" \/>\n<meta property=\"article:publisher\" content=\"https:\/\/www.facebook.com\/compuviper\" \/>\n<meta property=\"og:image\" content=\"https:\/\/compuviper.mx\/tienda\/wp-content\/uploads\/2025\/10\/Camara-ip-dahua-dh-h3a-domo-motorizado-wifi-de-3-megapixeles-con-ia-autotracking-audio-bidireccional-microfono-y-altavoz-sirena-integrada-ir-de-10-m-deteccion-de-humanos-y-ranura-microsd.jpg\" \/>\n\t<meta property=\"og:image:width\" content=\"200\" \/>\n\t<meta property=\"og:image:height\" content=\"200\" \/>\n\t<meta property=\"og:image:type\" content=\"image\/jpeg\" \/>\n<meta name=\"twitter:card\" content=\"summary_large_image\" \/>\n<meta name=\"twitter:label1\" content=\"Precio\" \/>\n\t<meta name=\"twitter:data1\" content=\"&#36;376 con IVA\" \/>\n\t<meta name=\"twitter:label2\" content=\"Availability\" \/>\n\t<meta name=\"twitter:data2\" content=\"Out of stock\" \/>\n<script type=\"application\/ld+json\" class=\"yoast-schema-graph\">{\"@context\":\"https:\/\/schema.org\",\"@graph\":[{\"@type\":\"WebPage\",\"@id\":\"https:\/\/compuviper.mx\/tienda\/producto\/dahua-dh-h3a-camara-ip-domo-motorizado-wifi-de-3-megapixeles-con-ia-autotracking-audio-bidireccional-microfono-y-altavoz-sirena-integrada-ir-de-10-m-deteccion-de-humanos-y-ranura-microsd\/\",\"url\":\"https:\/\/compuviper.mx\/tienda\/producto\/dahua-dh-h3a-camara-ip-domo-motorizado-wifi-de-3-megapixeles-con-ia-autotracking-audio-bidireccional-microfono-y-altavoz-sirena-integrada-ir-de-10-m-deteccion-de-humanos-y-ranura-microsd\/\",\"name\":\"[ Dahua ] &#129351; Dh-h3a Camara Ip\/ \/ \/ Domo Motorizado Wifi De 3 Megapixeles Con Ia, Autotracking, Audio Bidireccional (microfono Y Altavoz), Sirena Integrada, Ir De 10 M, Deteccion De Humanos Y Ranura Microsd\",\"isPartOf\":{\"@id\":\"https:\/\/compuviper.mx\/tienda\/#website\"},\"datePublished\":\"2026-04-23T06:15:18+00:00\",\"dateModified\":\"2026-04-23T06:15:18+00:00\",\"description\":\"Compra Dh-h3a Camara Ip\/ \/ \/ Domo Motorizado Wifi De 3 Megapixeles Con Ia, Autotracking, Audio Bidireccional (microfono Y Altavoz), Sirena Integrada, Ir De 10 M, Deteccion De Humanos Y Ranura Microsd + Env\u00edo a domicilio + Pago seguro + Garant\u00eda\",\"breadcrumb\":{\"@id\":\"https:\/\/compuviper.mx\/tienda\/producto\/dahua-dh-h3a-camara-ip-domo-motorizado-wifi-de-3-megapixeles-con-ia-autotracking-audio-bidireccional-microfono-y-altavoz-sirena-integrada-ir-de-10-m-deteccion-de-humanos-y-ranura-microsd\/#breadcrumb\"},\"inLanguage\":\"es-MX\",\"potentialAction\":[{\"@type\":\"ReadAction\",\"target\":[\"https:\/\/compuviper.mx\/tienda\/producto\/dahua-dh-h3a-camara-ip-domo-motorizado-wifi-de-3-megapixeles-con-ia-autotracking-audio-bidireccional-microfono-y-altavoz-sirena-integrada-ir-de-10-m-deteccion-de-humanos-y-ranura-microsd\/\"]}]},{\"@type\":\"BreadcrumbList\",\"@id\":\"https:\/\/compuviper.mx\/tienda\/producto\/dahua-dh-h3a-camara-ip-domo-motorizado-wifi-de-3-megapixeles-con-ia-autotracking-audio-bidireccional-microfono-y-altavoz-sirena-integrada-ir-de-10-m-deteccion-de-humanos-y-ranura-microsd\/#breadcrumb\",\"itemListElement\":[{\"@type\":\"ListItem\",\"position\":1,\"name\":\"Inicio\",\"item\":\"https:\/\/compuviper.mx\/tienda\/\"},{\"@type\":\"ListItem\",\"position\":2,\"name\":\"Productos\",\"item\":\"https:\/\/compuviper.mx\/tienda\/productos\/\"},{\"@type\":\"ListItem\",\"position\":3,\"name\":\"Camaras\",\"item\":\"https:\/\/compuviper.mx\/tienda\/categoria-producto\/camaras-2\/\"},{\"@type\":\"ListItem\",\"position\":4,\"name\":\"Camara De Videovigilancia\",\"item\":\"https:\/\/compuviper.mx\/tienda\/categoria-producto\/camaras-2\/camara-de-videovigilancia\/\"},{\"@type\":\"ListItem\",\"position\":5,\"name\":\"Dahua Dh-h3a Camara Ip\/ \/ \/ Domo Motorizado Wifi De 3 Megapixeles Con Ia, Autotracking, Audio Bidireccional (microfono Y Altavoz), Sirena Integrada, Ir De 10 M, Deteccion De Humanos Y Ranura Microsd\"}]},{\"@type\":\"WebSite\",\"@id\":\"https:\/\/compuviper.mx\/tienda\/#website\",\"url\":\"https:\/\/compuviper.mx\/tienda\/\",\"name\":\"Compuviper\",\"description\":\"Proveedor de Computadoras, Laptops, Servidores, Monitores, Puntos de Venta, Teclados,   Impresoras, T\u00f3ner, C\u00e1maras de Seguridad y m\u00e1s en tu tienda en l\u00ednea\",\"publisher\":{\"@id\":\"https:\/\/compuviper.mx\/tienda\/#organization\"},\"potentialAction\":[{\"@type\":\"SearchAction\",\"target\":{\"@type\":\"EntryPoint\",\"urlTemplate\":\"https:\/\/compuviper.mx\/tienda\/?s={search_term_string}\"},\"query-input\":\"required name=search_term_string\"}],\"inLanguage\":\"es-MX\"},{\"@type\":\"Organization\",\"@id\":\"https:\/\/compuviper.mx\/tienda\/#organization\",\"name\":\"Compuviper\",\"url\":\"https:\/\/compuviper.mx\/tienda\/\",\"logo\":{\"@type\":\"ImageObject\",\"inLanguage\":\"es-MX\",\"@id\":\"https:\/\/compuviper.mx\/tienda\/#\/schema\/logo\/image\/\",\"url\":\"https:\/\/compuviper.mx\/tienda\/wp-content\/uploads\/2021\/08\/Logo-Compuviper-10.png\",\"contentUrl\":\"https:\/\/compuviper.mx\/tienda\/wp-content\/uploads\/2021\/08\/Logo-Compuviper-10.png\",\"width\":1000,\"height\":500,\"caption\":\"Compuviper\"},\"image\":{\"@id\":\"https:\/\/compuviper.mx\/tienda\/#\/schema\/logo\/image\/\"},\"sameAs\":[\"https:\/\/www.facebook.com\/compuviper\",\"https:\/\/www.youtube.com\/channel\/UCf73dERp9Y3cfOq7q8BhLjA?view_as=subscriber\"]}]}<\/script>\n<meta property=\"product:brand\" content=\"DAHUA\" \/>\n<meta property=\"product:price:amount\" content=\"376\" \/>\n<meta property=\"product:price:currency\" content=\"MXN\" \/>\n<meta property=\"og:availability\" content=\"out of stock\" \/>\n<meta property=\"product:availability\" content=\"out of stock\" \/>\n<meta property=\"product:retailer_item_id\" content=\"DH-H3A\" \/>\n<meta property=\"product:condition\" content=\"new\" \/>\n<!-- \/ Yoast SEO plugin. -->","yoast_head_json":{"title":"[ Dahua ] &#129351; Dh-h3a Camara Ip\/ \/ \/ Domo Motorizado Wifi De 3 Megapixeles Con Ia, Autotracking, Audio Bidireccional (microfono Y Altavoz), Sirena Integrada, Ir De 10 M, Deteccion De Humanos Y Ranura Microsd","description":"Compra Dh-h3a Camara Ip\/ \/ \/ Domo Motorizado Wifi De 3 Megapixeles Con Ia, Autotracking, Audio Bidireccional (microfono Y Altavoz), Sirena Integrada, Ir De 10 M, Deteccion De Humanos Y Ranura Microsd + Env\u00edo a domicilio + Pago seguro + Garant\u00eda","robots":{"index":"index","follow":"follow","max-snippet":"max-snippet:-1","max-image-preview":"max-image-preview:large","max-video-preview":"max-video-preview:-1"},"canonical":"https:\/\/compuviper.mx\/tienda\/producto\/dahua-dh-h3a-camara-ip-domo-motorizado-wifi-de-3-megapixeles-con-ia-autotracking-audio-bidireccional-microfono-y-altavoz-sirena-integrada-ir-de-10-m-deteccion-de-humanos-y-ranura-microsd\/","og_locale":"es_MX","og_type":"article","og_title":"[ Dahua ] &#129351; Dh-h3a Camara Ip\/ \/ \/ Domo Motorizado Wifi De 3 Megapixeles Con Ia, Autotracking, Audio Bidireccional (microfono Y Altavoz), Sirena Integrada, Ir De 10 M, Deteccion De Humanos Y Ranura Microsd","og_description":"Compra Dh-h3a Camara Ip\/ \/ \/ Domo Motorizado Wifi De 3 Megapixeles Con Ia, Autotracking, Audio Bidireccional (microfono Y Altavoz), Sirena Integrada, Ir De 10 M, Deteccion De Humanos Y Ranura Microsd + Env\u00edo a domicilio + Pago seguro + Garant\u00eda","og_url":"https:\/\/compuviper.mx\/tienda\/producto\/dahua-dh-h3a-camara-ip-domo-motorizado-wifi-de-3-megapixeles-con-ia-autotracking-audio-bidireccional-microfono-y-altavoz-sirena-integrada-ir-de-10-m-deteccion-de-humanos-y-ranura-microsd\/","og_site_name":"Compuviper","article_publisher":"https:\/\/www.facebook.com\/compuviper","og_image":[{"width":200,"height":200,"url":"https:\/\/compuviper.mx\/tienda\/wp-content\/uploads\/2025\/10\/Camara-ip-dahua-dh-h3a-domo-motorizado-wifi-de-3-megapixeles-con-ia-autotracking-audio-bidireccional-microfono-y-altavoz-sirena-integrada-ir-de-10-m-deteccion-de-humanos-y-ranura-microsd.jpg","type":"image\/jpeg"}],"twitter_card":"summary_large_image","twitter_misc":{"Precio":"&#36;376 con IVA","Availability":"Out of stock"},"schema":{"@context":"https:\/\/schema.org","@graph":[{"@type":"WebPage","@id":"https:\/\/compuviper.mx\/tienda\/producto\/dahua-dh-h3a-camara-ip-domo-motorizado-wifi-de-3-megapixeles-con-ia-autotracking-audio-bidireccional-microfono-y-altavoz-sirena-integrada-ir-de-10-m-deteccion-de-humanos-y-ranura-microsd\/","url":"https:\/\/compuviper.mx\/tienda\/producto\/dahua-dh-h3a-camara-ip-domo-motorizado-wifi-de-3-megapixeles-con-ia-autotracking-audio-bidireccional-microfono-y-altavoz-sirena-integrada-ir-de-10-m-deteccion-de-humanos-y-ranura-microsd\/","name":"[ Dahua ] &#129351; Dh-h3a Camara Ip\/ \/ \/ Domo Motorizado Wifi De 3 Megapixeles Con Ia, Autotracking, Audio Bidireccional (microfono Y Altavoz), Sirena Integrada, Ir De 10 M, Deteccion De Humanos Y Ranura Microsd","isPartOf":{"@id":"https:\/\/compuviper.mx\/tienda\/#website"},"datePublished":"2026-04-23T06:15:18+00:00","dateModified":"2026-04-23T06:15:18+00:00","description":"Compra Dh-h3a Camara Ip\/ \/ \/ Domo Motorizado Wifi De 3 Megapixeles Con Ia, Autotracking, Audio Bidireccional (microfono Y Altavoz), Sirena Integrada, Ir De 10 M, Deteccion De Humanos Y Ranura Microsd + Env\u00edo a domicilio + Pago seguro + Garant\u00eda","breadcrumb":{"@id":"https:\/\/compuviper.mx\/tienda\/producto\/dahua-dh-h3a-camara-ip-domo-motorizado-wifi-de-3-megapixeles-con-ia-autotracking-audio-bidireccional-microfono-y-altavoz-sirena-integrada-ir-de-10-m-deteccion-de-humanos-y-ranura-microsd\/#breadcrumb"},"inLanguage":"es-MX","potentialAction":[{"@type":"ReadAction","target":["https:\/\/compuviper.mx\/tienda\/producto\/dahua-dh-h3a-camara-ip-domo-motorizado-wifi-de-3-megapixeles-con-ia-autotracking-audio-bidireccional-microfono-y-altavoz-sirena-integrada-ir-de-10-m-deteccion-de-humanos-y-ranura-microsd\/"]}]},{"@type":"BreadcrumbList","@id":"https:\/\/compuviper.mx\/tienda\/producto\/dahua-dh-h3a-camara-ip-domo-motorizado-wifi-de-3-megapixeles-con-ia-autotracking-audio-bidireccional-microfono-y-altavoz-sirena-integrada-ir-de-10-m-deteccion-de-humanos-y-ranura-microsd\/#breadcrumb","itemListElement":[{"@type":"ListItem","position":1,"name":"Inicio","item":"https:\/\/compuviper.mx\/tienda\/"},{"@type":"ListItem","position":2,"name":"Productos","item":"https:\/\/compuviper.mx\/tienda\/productos\/"},{"@type":"ListItem","position":3,"name":"Camaras","item":"https:\/\/compuviper.mx\/tienda\/categoria-producto\/camaras-2\/"},{"@type":"ListItem","position":4,"name":"Camara De Videovigilancia","item":"https:\/\/compuviper.mx\/tienda\/categoria-producto\/camaras-2\/camara-de-videovigilancia\/"},{"@type":"ListItem","position":5,"name":"Dahua Dh-h3a Camara Ip\/ \/ \/ Domo Motorizado Wifi De 3 Megapixeles Con Ia, Autotracking, Audio Bidireccional (microfono Y Altavoz), Sirena Integrada, Ir De 10 M, Deteccion De Humanos Y Ranura Microsd"}]},{"@type":"WebSite","@id":"https:\/\/compuviper.mx\/tienda\/#website","url":"https:\/\/compuviper.mx\/tienda\/","name":"Compuviper","description":"Proveedor de Computadoras, Laptops, Servidores, Monitores, Puntos de Venta, Teclados,   Impresoras, T\u00f3ner, C\u00e1maras de Seguridad y m\u00e1s en tu tienda en l\u00ednea","publisher":{"@id":"https:\/\/compuviper.mx\/tienda\/#organization"},"potentialAction":[{"@type":"SearchAction","target":{"@type":"EntryPoint","urlTemplate":"https:\/\/compuviper.mx\/tienda\/?s={search_term_string}"},"query-input":"required name=search_term_string"}],"inLanguage":"es-MX"},{"@type":"Organization","@id":"https:\/\/compuviper.mx\/tienda\/#organization","name":"Compuviper","url":"https:\/\/compuviper.mx\/tienda\/","logo":{"@type":"ImageObject","inLanguage":"es-MX","@id":"https:\/\/compuviper.mx\/tienda\/#\/schema\/logo\/image\/","url":"https:\/\/compuviper.mx\/tienda\/wp-content\/uploads\/2021\/08\/Logo-Compuviper-10.png","contentUrl":"https:\/\/compuviper.mx\/tienda\/wp-content\/uploads\/2021\/08\/Logo-Compuviper-10.png","width":1000,"height":500,"caption":"Compuviper"},"image":{"@id":"https:\/\/compuviper.mx\/tienda\/#\/schema\/logo\/image\/"},"sameAs":["https:\/\/www.facebook.com\/compuviper","https:\/\/www.youtube.com\/channel\/UCf73dERp9Y3cfOq7q8BhLjA?view_as=subscriber"]}]},"product_brand":"DAHUA","product_price_amount":"376","product_price_currency":"MXN","og_availability":"out of stock","product_availability":"out of stock","product_retailer_item_id":"DH-H3A","product_condition":"new"},"_links":{"self":[{"href":"https:\/\/compuviper.mx\/tienda\/wp-json\/wp\/v2\/product\/248372"}],"collection":[{"href":"https:\/\/compuviper.mx\/tienda\/wp-json\/wp\/v2\/product"}],"about":[{"href":"https:\/\/compuviper.mx\/tienda\/wp-json\/wp\/v2\/types\/product"}],"replies":[{"embeddable":true,"href":"https:\/\/compuviper.mx\/tienda\/wp-json\/wp\/v2\/comments?post=248372"}],"wp:featuredmedia":[{"embeddable":true,"href":"https:\/\/compuviper.mx\/tienda\/wp-json\/wp\/v2\/media\/259385"}],"wp:attachment":[{"href":"https:\/\/compuviper.mx\/tienda\/wp-json\/wp\/v2\/media?parent=248372"}],"wp:term":[{"taxonomy":"product_cat","embeddable":true,"href":"https:\/\/compuviper.mx\/tienda\/wp-json\/wp\/v2\/product_cat?post=248372"},{"taxonomy":"product_tag","embeddable":true,"href":"https:\/\/compuviper.mx\/tienda\/wp-json\/wp\/v2\/product_tag?post=248372"}],"curies":[{"name":"wp","href":"https:\/\/api.w.org\/{rel}","templated":true}]}}