{"id":248359,"date":"2026-04-16T01:55:02","date_gmt":"2026-04-16T07:55:02","guid":{"rendered":"https:\/\/compuviper.mx\/tienda\/producto\/qnap-ts-873a-8g-us-nas-8-bahias-sata-de-35-ncleo-cuadruple-2-2ghz-8gb-ddr4-hasta-64-gb-lan-25-gbe-x2-usb-3-2-x2-hot-swap-soporta-m-2-2280-no-incluye-discos\/"},"modified":"2026-04-16T01:55:02","modified_gmt":"2026-04-16T07:55:02","slug":"qnap-ts-873a-8g-us-nas-8-bahias-sata-de-35-ncleo-cuadruple-2-2ghz-8gb-ddr4-hasta-64-gb-lan-25-gbe-x2-usb-3-2-x2-hot-swap-soporta-m-2-2280-no-incluye-discos","status":"publish","type":"product","link":"https:\/\/compuviper.mx\/tienda\/producto\/qnap-ts-873a-8g-us-nas-8-bahias-sata-de-35-ncleo-cuadruple-2-2ghz-8gb-ddr4-hasta-64-gb-lan-25-gbe-x2-usb-3-2-x2-hot-swap-soporta-m-2-2280-no-incluye-discos\/","title":{"rendered":"Qnap Ts-873a-8g-us Nas   \/8 Bahias Sata De 3,5 \/ncleo Cuadruple 2.2ghz\/ 8gb Ddr4 Hasta 64 Gb\/ Lan 2,5 Gbe X2\/ Usb 3.2 X2\/hot Swap\/ Soporta M.2 2280\/ No Incluye Discos"},"content":{"rendered":"<table class=\"descripcion\">\n<tr>\n<td>Descripcion tecnica<\/td>\n<\/tr>\n<tr>\n<td>Ts-873a-8g<\/td>\n<\/tr>\n<tr>\n<td>Cpuamd ryzen\u0099 embedded v1500b 4-core\/8-thread 2.2 ghz processor<\/td>\n<\/tr>\n<tr>\n<td>Arquitectura de cpux86 de 64 bits<\/td>\n<\/tr>\n<tr>\n<td>Procesadores gr\u00e1ficosopcional a travs de un adaptador pcie<\/td>\n<\/tr>\n<tr>\n<td>Unidad de coma flotante:    si<\/td>\n<\/tr>\n<tr>\n<td>Motor de cifrado aes-ni:    si<\/td>\n<\/tr>\n<tr>\n<td>Transcodificacin acelerada de hardwareopcional a travs de un adaptador pcie<\/td>\n<\/tr>\n<tr>\n<td>Memoria del sistema8 gb de memoria ddr4 so-dimm 1 mdulo de 8 gb<\/td>\n<\/tr>\n<tr>\n<td>Memoria m\u00e1xima64 gb 2 x 32 gb<\/td>\n<\/tr>\n<tr>\n<td>Ranura para memoria2 x so-dimm ddr4<\/td>\n<\/tr>\n<tr>\n<td>Support ecc memory<\/td>\n<\/tr>\n<tr>\n<td>Para configuraciones dimm dobles, debe usar un par de mdulos ddr4 idnticos.<\/td>\n<\/tr>\n<tr>\n<td>Memoria flash5 gb proteccin del sistema operativo de doble arranque<\/td>\n<\/tr>\n<tr>\n<td>Baha para unidades8 unidades sata de 3,5 a 6gb\/s, 3gb\/s<\/td>\n<\/tr>\n<tr>\n<td>Compatibilidad de unidadesunidades de disco duro sata de 3,5<\/td>\n<\/tr>\n<tr>\n<td>Unidades de disco duro sata de 2,5<\/td>\n<\/tr>\n<tr>\n<td>Unidades de estado slido sata de 2,5<\/td>\n<\/tr>\n<tr>\n<td>Intercambiable en caliente:     si<\/td>\n<\/tr>\n<tr>\n<td>Las siguientes unidades no son intercambiables en caliente: ssd m.2, unidades ssd de cach, ssd con ranuras de expansin pcie.<\/td>\n<\/tr>\n<tr>\n<td>M.2 slot2 x m.2 2280 pcie gen3 x1 slots<\/td>\n<\/tr>\n<tr>\n<td>La ssd m.2 no se incluye de serie.<\/td>\n<\/tr>\n<tr>\n<td>Las operaciones de la ssd m.2 pueden generar f\u00e1cilmente calor excesivo. se recomienda instalar un disipador trmico de qnap o de otro proveedor en la ssd m.2.<\/td>\n<\/tr>\n<tr>\n<td>Compatibilidad con aceleracin de cach ssd:     si<\/td>\n<\/tr>\n<tr>\n<td>Gpu pass-through:    si<\/td>\n<\/tr>\n<tr>\n<td>Puerto 2,5 gbe 2,5g\/1g\/100m2<\/td>\n<\/tr>\n<tr>\n<td>Puerto 5 gbe 5\/2,5g\/1g\/100mopcional a travs de un adaptador pcie<\/td>\n<\/tr>\n<tr>\n<td>Puerto 10 gbeopcional a travs de un adaptador pcie<\/td>\n<\/tr>\n<tr>\n<td>Wake-on-lan wol:    si<\/td>\n<\/tr>\n<tr>\n<td>Jumbo frame:    si<\/td>\n<\/tr>\n<tr>\n<td>Ranura pcie2<\/td>\n<\/tr>\n<tr>\n<td>Ranura 1: pcie gen 3 x4<\/td>\n<\/tr>\n<tr>\n<td>Ranura 2: pcie gen 3 x4<\/td>\n<\/tr>\n<tr>\n<td>Puerto usb 3.2 gen 2 10 gbps3 x type-a usb 3.2 gen 2 10gbps<\/td>\n<\/tr>\n<tr>\n<td>1 x type-c usb 3.2 gen 1 5gbps<\/td>\n<\/tr>\n<tr>\n<td>Salida hdmiopcional a travs de un adaptador pcie<\/td>\n<\/tr>\n<tr>\n<td>Formatotorre<\/td>\n<\/tr>\n<tr>\n<td>Indicadores ledestado\/alimentacin, usb, lan, unidad 1-8, ssd m.2 1-2<\/td>\n<\/tr>\n<tr>\n<td>Botonesencendido, reinicio, copia de un toque usb<\/td>\n<\/tr>\n<tr>\n<td>Dimensiones altura x anchura x profundidad188.2  329.3  280.8 mm<\/td>\n<\/tr>\n<tr>\n<td>Peso neto6.76 kg<\/td>\n<\/tr>\n<tr>\n<td>Peso bruto8.41 kg<\/td>\n<\/tr>\n<tr>\n<td>Temperatura operativa0 &#8211; 40 \u00b0c 32\u00b0f &#8211; 104\u00b0f<\/td>\n<\/tr>\n<tr>\n<td>Temperatura de almacenamiento-20 &#8211; 70\u00b0c -4\u00b0f &#8211; 158\u00b0f<\/td>\n<\/tr>\n<tr>\n<td>Humedad relativa5 ~ 95  de humedad relativa sin condensacin, bulbo hmedo: 27  and 730;c 80,6  and 730;f<\/td>\n<\/tr>\n<tr>\n<td>Unidad de alimentacin elctrica250 w, 100-240 v de ca, 50-60 hz, 3,5 a<\/td>\n<\/tr>\n<tr>\n<td>Consumo de energa: modo suspensin de disco duro:25.668 w<\/td>\n<\/tr>\n<tr>\n<td>Consumo de energa: modo de funcionamiento, tpico54.067 w<\/td>\n<\/tr>\n<tr>\n<td>Probado con unidades totalmente llenas.<\/td>\n<\/tr>\n<tr>\n<td>Ventiladorventilador del sistema: 2 de 120 mm<\/td>\n<\/tr>\n<tr>\n<td>Ventilador de cpu: 1 de 60 mm<\/td>\n<\/tr>\n<tr>\n<td>Advertencia del sistematimbre<\/td>\n<\/tr>\n<tr>\n<td>Ranura de seguridad kensington<\/td>\n<\/tr>\n<tr>\n<td>M\u00e1x. nmero de conexiones concurrentes cifs &#8211; con max. memoria2000<\/td>\n<\/tr>\n<tr>\n<td>Sistema operativo<\/td>\n<\/tr>\n<tr>\n<td>Qts 5.0.0<\/td>\n<\/tr>\n<tr>\n<td>Sistemas operativos de cliente compatibles<\/td>\n<\/tr>\n<tr>\n<td>Apple mac os 10.10 o posterior<\/td>\n<\/tr>\n<tr>\n<td>Ubuntu 14.04, centos 7, rhel 6.6, suse 12 o posterior linux<\/td>\n<\/tr>\n<tr>\n<td>Ibm aix 7, solaris 10 o posterior unix<\/td>\n<\/tr>\n<tr>\n<td>Microsoft windows 7, 8, 10 y 11<\/td>\n<\/tr>\n<tr>\n<td>Navegadores compatibles<\/td>\n<\/tr>\n<tr>\n<td>Apple safari<\/td>\n<\/tr>\n<tr>\n<td>Google chrome<\/td>\n<\/tr>\n<tr>\n<td>Microsoft edge<\/td>\n<\/tr>\n<tr>\n<td>Mozilla firefox<\/td>\n<\/tr>\n<tr>\n<td>Idiomas admitidos<\/td>\n<\/tr>\n<tr>\n<td>Chino tradicional y simplificado, checo, dans, holands, ingls, finlands, francs, alem\u00e1n, griego, hngaro, italiano, japons, coreano, noruego, polaco, portugus brasil, rumano, ruso, espaol, sueco, tailands, y turco<\/td>\n<\/tr>\n<tr>\n<td>Grupo de almacenamiento:    si<\/td>\n<\/tr>\n<tr>\n<td>Conjunto de almacenamiento sed:    si<\/td>\n<\/tr>\n<tr>\n<td>Tamao m\u00e1ximo de grupo<\/td>\n<\/tr>\n<tr>\n<td>308tb<\/td>\n<\/tr>\n<tr>\n<td>Nmero m\u00e1ximo de grupos de almacenamiento<\/td>\n<\/tr>\n<tr>\n<td>128<\/td>\n<\/tr>\n<tr>\n<td>Tipo de volumen<\/td>\n<\/tr>\n<tr>\n<td>Grueso, delgado, est\u00e1tico<\/td>\n<\/tr>\n<tr>\n<td>Tamao de volumen m\u00e1ximo<\/td>\n<\/tr>\n<tr>\n<td>250tb<\/td>\n<\/tr>\n<tr>\n<td>Nota: se requieren al menos 4 gb de ram.<\/td>\n<\/tr>\n<tr>\n<td>Nmero m\u00e1ximo de volumen<\/td>\n<\/tr>\n<tr>\n<td>128<\/td>\n<\/tr>\n<tr>\n<td>Tamao m\u00e1ximo de carpeta compartida<\/td>\n<\/tr>\n<tr>\n<td>250tb<\/td>\n<\/tr>\n<tr>\n<td>Nmero m\u00e1ximo de carpetas compartidas<\/td>\n<\/tr>\n<tr>\n<td>512<\/td>\n<\/tr>\n<tr>\n<td>Expansin jbod:   si<\/td>\n<\/tr>\n<tr>\n<td>Nube vjbod \/ vjbod:    si<\/td>\n<\/tr>\n<tr>\n<td>Servicio iscsi:    si<\/td>\n<\/tr>\n<tr>\n<td>Servicio de canal de fibra:    si<\/td>\n<\/tr>\n<tr>\n<td>Tipo de lun<\/td>\n<\/tr>\n<tr>\n<td>Grueso &#8211; delgado<\/td>\n<\/tr>\n<tr>\n<td>Iscsi lun basado en archivos:    si<\/td>\n<\/tr>\n<tr>\n<td>Iscsi lun basado en bloques:    si<\/td>\n<\/tr>\n<tr>\n<td>Tamao m\u00e1ximo de lun<\/td>\n<\/tr>\n<tr>\n<td>250tb<\/td>\n<\/tr>\n<tr>\n<td>Nota: se requieren al menos 4 gb de ram.<\/td>\n<\/tr>\n<tr>\n<td>Nmero m\u00e1ximo de objetivos lun<\/td>\n<\/tr>\n<tr>\n<td>256<\/td>\n<\/tr>\n<tr>\n<td>Funcin lun<\/td>\n<\/tr>\n<tr>\n<td>Asignacin de lun lun se puede mover entre iscsi y fc<\/td>\n<\/tr>\n<tr>\n<td>Enmascaramiento de lun<\/td>\n<\/tr>\n<tr>\n<td>Importacin\/exportacin de alias wwpn<\/td>\n<\/tr>\n<tr>\n<td>Grupo de puertos fc<\/td>\n<\/tr>\n<tr>\n<td>Nivelacin autom\u00e1tica:    si<\/td>\n<\/tr>\n<tr>\n<td>Requiere mnimo 2 gb de memoria.<\/td>\n<\/tr>\n<tr>\n<td>Tipo de raid<\/td>\n<\/tr>\n<tr>\n<td>8 bahas y m\u00e1s: jbod, simple, raid 0, 1, 5, 6, 10, 50, 60<\/td>\n<\/tr>\n<tr>\n<td>6 bahas: jbod, individual, raid 0, 1, 5, 6, 10, 50<\/td>\n<\/tr>\n<tr>\n<td>4 bahas: jbod, individual, raid 0, 1, 5, 6, 10<\/td>\n<\/tr>\n<tr>\n<td>2 bahas: jbod, individual, raid 0, 1<\/td>\n<\/tr>\n<tr>\n<td>Grupo raid:     si<\/td>\n<\/tr>\n<tr>\n<td>Migracin de nivel raid:     si<\/td>\n<\/tr>\n<tr>\n<td>Expansin raid agregando disco:      si<\/td>\n<\/tr>\n<tr>\n<td>Expansin raid reemplazando discos m\u00e1s grandes:     si<\/td>\n<\/tr>\n<tr>\n<td>Expansin del grupo de almacenamiento agregando un grupo raid:     si<\/td>\n<\/tr>\n<tr>\n<td>Repuesto din\u00e1mico raid<\/td>\n<\/tr>\n<tr>\n<td>Global, local<\/td>\n<\/tr>\n<tr>\n<td>Sincronizacin\/reconstruccin\/depuracin de raid:      si<\/td>\n<\/tr>\n<tr>\n<td>Unidad interna<\/td>\n<\/tr>\n<tr>\n<td>Ext4<\/td>\n<\/tr>\n<\/table>\n","protected":false},"excerpt":{"rendered":"<p>Descripcion comercial. Con un procesador amd ryzen\u0099 v1000 serie v1500b de cuatro ncleos que ofrece un gran rendimiento del sistema con un m\u00e1ximo de cuatro ncleos y 8 hilos y turbo core hasta 2,2 ghz. El ts-873a incluye dos puertos rj45 2,5gbe y dos ranuras pcie gen 3 para que pueda implementar de forma flexible redes de 5gbe\/10gbe. Las dos ranuras para ssd nvme m.2 para la tecnologa qtier y la cach de ssd permiten una optimizacin del almacenamiento constante. El ts-873a admite qts y quts hero, lo que permite a los usuarios cambiar de forma flexible entre los sistemas operativos segn sus necesidades.<\/p>\n","protected":false},"featured_media":248360,"comment_status":"open","ping_status":"open","template":"","meta":[],"product_cat":[1803,1804],"product_tag":[2110],"acf":[],"yoast_head":"<!-- This site is optimized with the Yoast SEO plugin v21.7 - https:\/\/yoast.com\/wordpress\/plugins\/seo\/ -->\n<title>[ Qnap ] &#129351; Ts-873a-8g-us Nas \/8 Bahias Sata De 3,5 \/ncleo Cuadruple 2.2ghz\/ 8gb Ddr4 Hasta 64 Gb\/ Lan 2,5 Gbe X2\/ Usb 3.2 X2\/hot Swap\/ Soporta M.2 2280\/ No Incluye Discos<\/title>\n<meta name=\"description\" content=\"Compra Ts-873a-8g-us Nas \/8 Bahias Sata De 3,5 \/ncleo Cuadruple 2.2ghz\/ 8gb Ddr4 Hasta 64 Gb\/ Lan 2,5 Gbe X2\/ Usb 3.2 X2\/hot Swap\/ Soporta M.2 2280\/ No Incluye Discos + Env\u00edo a domicilio + Pago seguro + Garant\u00eda\" \/>\n<meta name=\"robots\" content=\"index, follow, max-snippet:-1, max-image-preview:large, max-video-preview:-1\" \/>\n<link rel=\"canonical\" href=\"https:\/\/compuviper.mx\/tienda\/producto\/qnap-ts-873a-8g-us-nas-8-bahias-sata-de-35-ncleo-cuadruple-2-2ghz-8gb-ddr4-hasta-64-gb-lan-25-gbe-x2-usb-3-2-x2-hot-swap-soporta-m-2-2280-no-incluye-discos\/\" \/>\n<meta property=\"og:locale\" content=\"es_MX\" \/>\n<meta property=\"og:type\" content=\"article\" \/>\n<meta property=\"og:title\" content=\"[ Qnap ] &#129351; Ts-873a-8g-us Nas \/8 Bahias Sata De 3,5 \/ncleo Cuadruple 2.2ghz\/ 8gb Ddr4 Hasta 64 Gb\/ Lan 2,5 Gbe X2\/ Usb 3.2 X2\/hot Swap\/ Soporta M.2 2280\/ No Incluye Discos\" \/>\n<meta property=\"og:description\" content=\"Compra Ts-873a-8g-us Nas \/8 Bahias Sata De 3,5 \/ncleo Cuadruple 2.2ghz\/ 8gb Ddr4 Hasta 64 Gb\/ Lan 2,5 Gbe X2\/ Usb 3.2 X2\/hot Swap\/ Soporta M.2 2280\/ No Incluye Discos + Env\u00edo a domicilio + Pago seguro + Garant\u00eda\" \/>\n<meta property=\"og:url\" content=\"https:\/\/compuviper.mx\/tienda\/producto\/qnap-ts-873a-8g-us-nas-8-bahias-sata-de-35-ncleo-cuadruple-2-2ghz-8gb-ddr4-hasta-64-gb-lan-25-gbe-x2-usb-3-2-x2-hot-swap-soporta-m-2-2280-no-incluye-discos\/\" \/>\n<meta property=\"og:site_name\" content=\"Compuviper\" \/>\n<meta property=\"article:publisher\" content=\"https:\/\/www.facebook.com\/compuviper\" \/>\n<meta property=\"og:image\" content=\"https:\/\/compuviper.mx\/tienda\/wp-content\/uploads\/2025\/01\/Nas-qnap-ts-873a-8g-us-8-bahias-sata-de-35-ncleo-cuadruple-2.2ghz-8gb-ddr4-hasta-64-gb-lan-25-gbe-x2-usb-3.2-x2hot-swap-soporta-m.2-2280-no-incluye-discos.jpg\" \/>\n\t<meta property=\"og:image:width\" content=\"200\" \/>\n\t<meta property=\"og:image:height\" content=\"200\" \/>\n\t<meta property=\"og:image:type\" content=\"image\/jpeg\" \/>\n<meta name=\"twitter:card\" content=\"summary_large_image\" \/>\n<meta name=\"twitter:label1\" content=\"Precio\" \/>\n\t<meta name=\"twitter:data1\" content=\"&#36;22,333 con IVA\" \/>\n\t<meta name=\"twitter:label2\" content=\"Availability\" \/>\n\t<meta name=\"twitter:data2\" content=\"In stock\" \/>\n<script type=\"application\/ld+json\" class=\"yoast-schema-graph\">{\"@context\":\"https:\/\/schema.org\",\"@graph\":[{\"@type\":\"WebPage\",\"@id\":\"https:\/\/compuviper.mx\/tienda\/producto\/qnap-ts-873a-8g-us-nas-8-bahias-sata-de-35-ncleo-cuadruple-2-2ghz-8gb-ddr4-hasta-64-gb-lan-25-gbe-x2-usb-3-2-x2-hot-swap-soporta-m-2-2280-no-incluye-discos\/\",\"url\":\"https:\/\/compuviper.mx\/tienda\/producto\/qnap-ts-873a-8g-us-nas-8-bahias-sata-de-35-ncleo-cuadruple-2-2ghz-8gb-ddr4-hasta-64-gb-lan-25-gbe-x2-usb-3-2-x2-hot-swap-soporta-m-2-2280-no-incluye-discos\/\",\"name\":\"[ Qnap ] &#129351; Ts-873a-8g-us Nas \/8 Bahias Sata De 3,5 \/ncleo Cuadruple 2.2ghz\/ 8gb Ddr4 Hasta 64 Gb\/ Lan 2,5 Gbe X2\/ Usb 3.2 X2\/hot Swap\/ Soporta M.2 2280\/ No Incluye Discos\",\"isPartOf\":{\"@id\":\"https:\/\/compuviper.mx\/tienda\/#website\"},\"datePublished\":\"2026-04-16T07:55:02+00:00\",\"dateModified\":\"2026-04-16T07:55:02+00:00\",\"description\":\"Compra Ts-873a-8g-us Nas \/8 Bahias Sata De 3,5 \/ncleo Cuadruple 2.2ghz\/ 8gb Ddr4 Hasta 64 Gb\/ Lan 2,5 Gbe X2\/ Usb 3.2 X2\/hot Swap\/ Soporta M.2 2280\/ No Incluye Discos + Env\u00edo a domicilio + Pago seguro + Garant\u00eda\",\"breadcrumb\":{\"@id\":\"https:\/\/compuviper.mx\/tienda\/producto\/qnap-ts-873a-8g-us-nas-8-bahias-sata-de-35-ncleo-cuadruple-2-2ghz-8gb-ddr4-hasta-64-gb-lan-25-gbe-x2-usb-3-2-x2-hot-swap-soporta-m-2-2280-no-incluye-discos\/#breadcrumb\"},\"inLanguage\":\"es-MX\",\"potentialAction\":[{\"@type\":\"ReadAction\",\"target\":[\"https:\/\/compuviper.mx\/tienda\/producto\/qnap-ts-873a-8g-us-nas-8-bahias-sata-de-35-ncleo-cuadruple-2-2ghz-8gb-ddr4-hasta-64-gb-lan-25-gbe-x2-usb-3-2-x2-hot-swap-soporta-m-2-2280-no-incluye-discos\/\"]}]},{\"@type\":\"BreadcrumbList\",\"@id\":\"https:\/\/compuviper.mx\/tienda\/producto\/qnap-ts-873a-8g-us-nas-8-bahias-sata-de-35-ncleo-cuadruple-2-2ghz-8gb-ddr4-hasta-64-gb-lan-25-gbe-x2-usb-3-2-x2-hot-swap-soporta-m-2-2280-no-incluye-discos\/#breadcrumb\",\"itemListElement\":[{\"@type\":\"ListItem\",\"position\":1,\"name\":\"Inicio\",\"item\":\"https:\/\/compuviper.mx\/tienda\/\"},{\"@type\":\"ListItem\",\"position\":2,\"name\":\"Productos\",\"item\":\"https:\/\/compuviper.mx\/tienda\/productos\/\"},{\"@type\":\"ListItem\",\"position\":3,\"name\":\"Almacenamiento\",\"item\":\"https:\/\/compuviper.mx\/tienda\/categoria-producto\/almacenamiento\/\"},{\"@type\":\"ListItem\",\"position\":4,\"name\":\"Sistema De Almacenamiento\",\"item\":\"https:\/\/compuviper.mx\/tienda\/categoria-producto\/almacenamiento\/sistema-de-almacenamiento\/\"},{\"@type\":\"ListItem\",\"position\":5,\"name\":\"Qnap Ts-873a-8g-us Nas \/8 Bahias Sata De 3,5 \/ncleo Cuadruple 2.2ghz\/ 8gb Ddr4 Hasta 64 Gb\/ Lan 2,5 Gbe X2\/ Usb 3.2 X2\/hot Swap\/ Soporta M.2 2280\/ No Incluye Discos\"}]},{\"@type\":\"WebSite\",\"@id\":\"https:\/\/compuviper.mx\/tienda\/#website\",\"url\":\"https:\/\/compuviper.mx\/tienda\/\",\"name\":\"Compuviper\",\"description\":\"Proveedor de Computadoras, Laptops, Servidores, Monitores, Puntos de Venta, Teclados,   Impresoras, T\u00f3ner, C\u00e1maras de Seguridad y m\u00e1s en tu tienda en l\u00ednea\",\"publisher\":{\"@id\":\"https:\/\/compuviper.mx\/tienda\/#organization\"},\"potentialAction\":[{\"@type\":\"SearchAction\",\"target\":{\"@type\":\"EntryPoint\",\"urlTemplate\":\"https:\/\/compuviper.mx\/tienda\/?s={search_term_string}\"},\"query-input\":\"required name=search_term_string\"}],\"inLanguage\":\"es-MX\"},{\"@type\":\"Organization\",\"@id\":\"https:\/\/compuviper.mx\/tienda\/#organization\",\"name\":\"Compuviper\",\"url\":\"https:\/\/compuviper.mx\/tienda\/\",\"logo\":{\"@type\":\"ImageObject\",\"inLanguage\":\"es-MX\",\"@id\":\"https:\/\/compuviper.mx\/tienda\/#\/schema\/logo\/image\/\",\"url\":\"https:\/\/compuviper.mx\/tienda\/wp-content\/uploads\/2021\/08\/Logo-Compuviper-10.png\",\"contentUrl\":\"https:\/\/compuviper.mx\/tienda\/wp-content\/uploads\/2021\/08\/Logo-Compuviper-10.png\",\"width\":1000,\"height\":500,\"caption\":\"Compuviper\"},\"image\":{\"@id\":\"https:\/\/compuviper.mx\/tienda\/#\/schema\/logo\/image\/\"},\"sameAs\":[\"https:\/\/www.facebook.com\/compuviper\",\"https:\/\/www.youtube.com\/channel\/UCf73dERp9Y3cfOq7q8BhLjA?view_as=subscriber\"]}]}<\/script>\n<meta property=\"product:brand\" content=\"Qnap\" \/>\n<meta property=\"product:price:amount\" content=\"22333\" \/>\n<meta property=\"product:price:currency\" content=\"MXN\" \/>\n<meta property=\"og:availability\" content=\"instock\" \/>\n<meta property=\"product:availability\" content=\"instock\" \/>\n<meta property=\"product:retailer_item_id\" content=\"TS-873A-8G-US\" \/>\n<meta property=\"product:condition\" content=\"new\" \/>\n<!-- \/ Yoast SEO plugin. -->","yoast_head_json":{"title":"[ Qnap ] &#129351; Ts-873a-8g-us Nas \/8 Bahias Sata De 3,5 \/ncleo Cuadruple 2.2ghz\/ 8gb Ddr4 Hasta 64 Gb\/ Lan 2,5 Gbe X2\/ Usb 3.2 X2\/hot Swap\/ Soporta M.2 2280\/ No Incluye Discos","description":"Compra Ts-873a-8g-us Nas \/8 Bahias Sata De 3,5 \/ncleo Cuadruple 2.2ghz\/ 8gb Ddr4 Hasta 64 Gb\/ Lan 2,5 Gbe X2\/ Usb 3.2 X2\/hot Swap\/ Soporta M.2 2280\/ No Incluye Discos + Env\u00edo a domicilio + Pago seguro + Garant\u00eda","robots":{"index":"index","follow":"follow","max-snippet":"max-snippet:-1","max-image-preview":"max-image-preview:large","max-video-preview":"max-video-preview:-1"},"canonical":"https:\/\/compuviper.mx\/tienda\/producto\/qnap-ts-873a-8g-us-nas-8-bahias-sata-de-35-ncleo-cuadruple-2-2ghz-8gb-ddr4-hasta-64-gb-lan-25-gbe-x2-usb-3-2-x2-hot-swap-soporta-m-2-2280-no-incluye-discos\/","og_locale":"es_MX","og_type":"article","og_title":"[ Qnap ] &#129351; Ts-873a-8g-us Nas \/8 Bahias Sata De 3,5 \/ncleo Cuadruple 2.2ghz\/ 8gb Ddr4 Hasta 64 Gb\/ Lan 2,5 Gbe X2\/ Usb 3.2 X2\/hot Swap\/ Soporta M.2 2280\/ No Incluye Discos","og_description":"Compra Ts-873a-8g-us Nas \/8 Bahias Sata De 3,5 \/ncleo Cuadruple 2.2ghz\/ 8gb Ddr4 Hasta 64 Gb\/ Lan 2,5 Gbe X2\/ Usb 3.2 X2\/hot Swap\/ Soporta M.2 2280\/ No Incluye Discos + Env\u00edo a domicilio + Pago seguro + Garant\u00eda","og_url":"https:\/\/compuviper.mx\/tienda\/producto\/qnap-ts-873a-8g-us-nas-8-bahias-sata-de-35-ncleo-cuadruple-2-2ghz-8gb-ddr4-hasta-64-gb-lan-25-gbe-x2-usb-3-2-x2-hot-swap-soporta-m-2-2280-no-incluye-discos\/","og_site_name":"Compuviper","article_publisher":"https:\/\/www.facebook.com\/compuviper","og_image":[{"width":200,"height":200,"url":"https:\/\/compuviper.mx\/tienda\/wp-content\/uploads\/2025\/01\/Nas-qnap-ts-873a-8g-us-8-bahias-sata-de-35-ncleo-cuadruple-2.2ghz-8gb-ddr4-hasta-64-gb-lan-25-gbe-x2-usb-3.2-x2hot-swap-soporta-m.2-2280-no-incluye-discos.jpg","type":"image\/jpeg"}],"twitter_card":"summary_large_image","twitter_misc":{"Precio":"&#36;22,333 con IVA","Availability":"In stock"},"schema":{"@context":"https:\/\/schema.org","@graph":[{"@type":"WebPage","@id":"https:\/\/compuviper.mx\/tienda\/producto\/qnap-ts-873a-8g-us-nas-8-bahias-sata-de-35-ncleo-cuadruple-2-2ghz-8gb-ddr4-hasta-64-gb-lan-25-gbe-x2-usb-3-2-x2-hot-swap-soporta-m-2-2280-no-incluye-discos\/","url":"https:\/\/compuviper.mx\/tienda\/producto\/qnap-ts-873a-8g-us-nas-8-bahias-sata-de-35-ncleo-cuadruple-2-2ghz-8gb-ddr4-hasta-64-gb-lan-25-gbe-x2-usb-3-2-x2-hot-swap-soporta-m-2-2280-no-incluye-discos\/","name":"[ Qnap ] &#129351; Ts-873a-8g-us Nas \/8 Bahias Sata De 3,5 \/ncleo Cuadruple 2.2ghz\/ 8gb Ddr4 Hasta 64 Gb\/ Lan 2,5 Gbe X2\/ Usb 3.2 X2\/hot Swap\/ Soporta M.2 2280\/ No Incluye Discos","isPartOf":{"@id":"https:\/\/compuviper.mx\/tienda\/#website"},"datePublished":"2026-04-16T07:55:02+00:00","dateModified":"2026-04-16T07:55:02+00:00","description":"Compra Ts-873a-8g-us Nas \/8 Bahias Sata De 3,5 \/ncleo Cuadruple 2.2ghz\/ 8gb Ddr4 Hasta 64 Gb\/ Lan 2,5 Gbe X2\/ Usb 3.2 X2\/hot Swap\/ Soporta M.2 2280\/ No Incluye Discos + Env\u00edo a domicilio + Pago seguro + Garant\u00eda","breadcrumb":{"@id":"https:\/\/compuviper.mx\/tienda\/producto\/qnap-ts-873a-8g-us-nas-8-bahias-sata-de-35-ncleo-cuadruple-2-2ghz-8gb-ddr4-hasta-64-gb-lan-25-gbe-x2-usb-3-2-x2-hot-swap-soporta-m-2-2280-no-incluye-discos\/#breadcrumb"},"inLanguage":"es-MX","potentialAction":[{"@type":"ReadAction","target":["https:\/\/compuviper.mx\/tienda\/producto\/qnap-ts-873a-8g-us-nas-8-bahias-sata-de-35-ncleo-cuadruple-2-2ghz-8gb-ddr4-hasta-64-gb-lan-25-gbe-x2-usb-3-2-x2-hot-swap-soporta-m-2-2280-no-incluye-discos\/"]}]},{"@type":"BreadcrumbList","@id":"https:\/\/compuviper.mx\/tienda\/producto\/qnap-ts-873a-8g-us-nas-8-bahias-sata-de-35-ncleo-cuadruple-2-2ghz-8gb-ddr4-hasta-64-gb-lan-25-gbe-x2-usb-3-2-x2-hot-swap-soporta-m-2-2280-no-incluye-discos\/#breadcrumb","itemListElement":[{"@type":"ListItem","position":1,"name":"Inicio","item":"https:\/\/compuviper.mx\/tienda\/"},{"@type":"ListItem","position":2,"name":"Productos","item":"https:\/\/compuviper.mx\/tienda\/productos\/"},{"@type":"ListItem","position":3,"name":"Almacenamiento","item":"https:\/\/compuviper.mx\/tienda\/categoria-producto\/almacenamiento\/"},{"@type":"ListItem","position":4,"name":"Sistema De Almacenamiento","item":"https:\/\/compuviper.mx\/tienda\/categoria-producto\/almacenamiento\/sistema-de-almacenamiento\/"},{"@type":"ListItem","position":5,"name":"Qnap Ts-873a-8g-us Nas \/8 Bahias Sata De 3,5 \/ncleo Cuadruple 2.2ghz\/ 8gb Ddr4 Hasta 64 Gb\/ Lan 2,5 Gbe X2\/ Usb 3.2 X2\/hot Swap\/ Soporta M.2 2280\/ No Incluye Discos"}]},{"@type":"WebSite","@id":"https:\/\/compuviper.mx\/tienda\/#website","url":"https:\/\/compuviper.mx\/tienda\/","name":"Compuviper","description":"Proveedor de Computadoras, Laptops, Servidores, Monitores, Puntos de Venta, Teclados,   Impresoras, T\u00f3ner, C\u00e1maras de Seguridad y m\u00e1s en tu tienda en l\u00ednea","publisher":{"@id":"https:\/\/compuviper.mx\/tienda\/#organization"},"potentialAction":[{"@type":"SearchAction","target":{"@type":"EntryPoint","urlTemplate":"https:\/\/compuviper.mx\/tienda\/?s={search_term_string}"},"query-input":"required name=search_term_string"}],"inLanguage":"es-MX"},{"@type":"Organization","@id":"https:\/\/compuviper.mx\/tienda\/#organization","name":"Compuviper","url":"https:\/\/compuviper.mx\/tienda\/","logo":{"@type":"ImageObject","inLanguage":"es-MX","@id":"https:\/\/compuviper.mx\/tienda\/#\/schema\/logo\/image\/","url":"https:\/\/compuviper.mx\/tienda\/wp-content\/uploads\/2021\/08\/Logo-Compuviper-10.png","contentUrl":"https:\/\/compuviper.mx\/tienda\/wp-content\/uploads\/2021\/08\/Logo-Compuviper-10.png","width":1000,"height":500,"caption":"Compuviper"},"image":{"@id":"https:\/\/compuviper.mx\/tienda\/#\/schema\/logo\/image\/"},"sameAs":["https:\/\/www.facebook.com\/compuviper","https:\/\/www.youtube.com\/channel\/UCf73dERp9Y3cfOq7q8BhLjA?view_as=subscriber"]}]},"product_brand":"Qnap","product_price_amount":"22333","product_price_currency":"MXN","og_availability":"instock","product_availability":"instock","product_retailer_item_id":"TS-873A-8G-US","product_condition":"new"},"_links":{"self":[{"href":"https:\/\/compuviper.mx\/tienda\/wp-json\/wp\/v2\/product\/248359"}],"collection":[{"href":"https:\/\/compuviper.mx\/tienda\/wp-json\/wp\/v2\/product"}],"about":[{"href":"https:\/\/compuviper.mx\/tienda\/wp-json\/wp\/v2\/types\/product"}],"replies":[{"embeddable":true,"href":"https:\/\/compuviper.mx\/tienda\/wp-json\/wp\/v2\/comments?post=248359"}],"wp:featuredmedia":[{"embeddable":true,"href":"https:\/\/compuviper.mx\/tienda\/wp-json\/wp\/v2\/media\/248360"}],"wp:attachment":[{"href":"https:\/\/compuviper.mx\/tienda\/wp-json\/wp\/v2\/media?parent=248359"}],"wp:term":[{"taxonomy":"product_cat","embeddable":true,"href":"https:\/\/compuviper.mx\/tienda\/wp-json\/wp\/v2\/product_cat?post=248359"},{"taxonomy":"product_tag","embeddable":true,"href":"https:\/\/compuviper.mx\/tienda\/wp-json\/wp\/v2\/product_tag?post=248359"}],"curies":[{"name":"wp","href":"https:\/\/api.w.org\/{rel}","templated":true}]}}