{"id":248334,"date":"2026-04-02T01:46:08","date_gmt":"2026-04-02T07:46:08","guid":{"rendered":"https:\/\/compuviper.mx\/tienda\/producto\/tech-zone-pos-tzpoimw-miniprinter-techzone-termica-rollo-80-x-83-mm-velocidad-260mm-s-203-dpi-usb-wifi-rj45-rj11-cortador-automatico-1-ao-de-garantia\/"},"modified":"2026-04-02T01:46:08","modified_gmt":"2026-04-02T07:46:08","slug":"tech-zone-pos-tzpoimw-miniprinter-techzone-termica-rollo-80-x-83-mm-velocidad-260mm-s-203-dpi-usb-wifi-rj45-rj11-cortador-automatico-1-ao-de-garantia","status":"publish","type":"product","link":"https:\/\/compuviper.mx\/tienda\/producto\/tech-zone-pos-tzpoimw-miniprinter-techzone-termica-rollo-80-x-83-mm-velocidad-260mm-s-203-dpi-usb-wifi-rj45-rj11-cortador-automatico-1-ao-de-garantia\/","title":{"rendered":"Tech Zone Pos Tzpoimw Miniprinter Techzone  Termica, Rollo 80 X 83 Mm, Velocidad 260mm\/s, 203 Dpi, Usb, Wifi, Rj45, Rj11, Cortador Automatico, 1 A?o De Garantia"},"content":{"rendered":"<table class=\"descripcion\">\n<tr>\n<td>Especificaci\u00f3n t\u00e9cnica:<\/td>\n<\/tr>\n<tr>\n<td>Impresi\u00f3n:<\/td>\n<\/tr>\n<tr>\n<td>M\u00e9todo de impresi\u00f3n: t\u00e9rmico directo<\/td>\n<\/tr>\n<tr>\n<td>Velocidad de impresi\u00f3n: 260 mm\/s<\/td>\n<\/tr>\n<tr>\n<td>Resoluci\u00f3n de impresi\u00f3n: 203dpi \/ 576 p\/l<\/td>\n<\/tr>\n<tr>\n<td>Rom \/ sram flash: 144 kb<\/td>\n<\/tr>\n<tr>\n<td>Buffer: 512 kb<\/td>\n<\/tr>\n<tr>\n<td>Interfaz: usb, ethernet, wifi y rj11<\/td>\n<\/tr>\n<tr>\n<td>Cortador: autom\u00e1tico<\/td>\n<\/tr>\n<tr>\n<td>Tiempo de vida: 150 km<\/td>\n<\/tr>\n<tr>\n<td>Compatibilidad: windows\u00ae, linux\u00ae, macos\u00ae y android\u00ae<\/td>\n<\/tr>\n<tr>\n<td>Fuente y simbolog\u00eda:<\/td>\n<\/tr>\n<tr>\n<td>Tipograf\u00eda fuente a: 12 x 24; fuente b: 9 x 17<\/td>\n<\/tr>\n<tr>\n<td>Numero de columnas: fuente a: 48 l\u00edneas; fuente b: 64 l\u00edneas<\/td>\n<\/tr>\n<tr>\n<td>Tipo de c\u00f3digos: upc-a, upc-e, ean-13,ean8, code39, itf,codebar, code93,code128<\/td>\n<\/tr>\n<tr>\n<td>Interlineado 3.75 mm (puede ser ajustado por comando)<\/td>\n<\/tr>\n<tr>\n<td>Caracter\u00edsticas el\u00e9ctricas:<\/td>\n<\/tr>\n<tr>\n<td>Alimentaci\u00f3n:entrada: 100 \u0096 240v ac \/ 50 \u009660 hz; salida: 24v \/ 2.5 a; caj\u00f3n de dinero: 24v \/ 1 a<\/td>\n<\/tr>\n<tr>\n<td>Condiciones ambientales:<\/td>\n<\/tr>\n<tr>\n<td>Temperatura de trabajo : 0\u00b0 &#8211; 45\u00b0c humedad; 10% &#8211; 80% sin condensaci\u00f3n<\/td>\n<\/tr>\n<tr>\n<td>Temperatura de almacenamiento: -10\u00b0 &#8211; 60\u00b0c humedad; 10% &#8211; 90% sin condensaci\u00f3n<\/td>\n<\/tr>\n<tr>\n<td>Caracter\u00edsticas f\u00edsicas:<\/td>\n<\/tr>\n<tr>\n<td>Peso: producto: 0.89 kg; empaque 1.6 kg<\/td>\n<\/tr>\n<tr>\n<td>Medidas:  producto: 13 cm ancho x 12.35 cm alto x 16.8 cm profundidad ; empaque: 21.5 cm ancho x 14.7 cm alto x 19.5 cm profundidad<\/td>\n<\/tr>\n<\/table>\n","protected":false},"excerpt":{"rendered":"<p>Especificaci\u00f3n t\u00e9cnica: Impresi\u00f3n: M\u00e9todo de impresi\u00f3n: t\u00e9rmico directo Velocidad de impresi\u00f3n: 260 mm\/s Resoluci\u00f3n de impresi\u00f3n: 203dpi \/ 576 p\/l Rom \/ sram flash: 144 kb Buffer: 512 kb Interfaz: usb, ethernet, wifi y rj11 Cortador: autom\u00e1tico Tiempo de vida: 150 km Compatibilidad: windows\u00ae, linux\u00ae, macos\u00ae y android\u00ae Fuente y simbolog\u00eda: Tipograf\u00eda fuente a: 12 [&hellip;]<\/p>\n","protected":false},"featured_media":260621,"comment_status":"open","ping_status":"open","template":"","meta":[],"product_cat":[1777,1778],"product_tag":[2234],"acf":[],"yoast_head":"<!-- This site is optimized with the Yoast SEO plugin v21.7 - https:\/\/yoast.com\/wordpress\/plugins\/seo\/ -->\n<title>[ Tech Zone Pos ] &#129351; Tzpoimw Miniprinter Techzone Termica, Rollo 80 X 83 Mm, Velocidad 260mm\/s, 203 Dpi, Usb, Wifi, Rj45, Rj11, Cortador Automatico, 1 A\u00f1o De Garantia<\/title>\n<meta name=\"description\" content=\"Compra Tzpoimw Miniprinter Techzone Termica, Rollo 80 X 83 Mm, Velocidad 260mm\/s, 203 Dpi, Usb, Wifi, Rj45, Rj11, Cortador Automatico, 1 A\u00f1o De Garantia + Env\u00edo a domicilio + Pago seguro + Garant\u00eda\" \/>\n<meta name=\"robots\" content=\"index, follow, max-snippet:-1, max-image-preview:large, max-video-preview:-1\" \/>\n<link rel=\"canonical\" href=\"https:\/\/compuviper.mx\/tienda\/producto\/tech-zone-pos-tzpoimw-miniprinter-techzone-termica-rollo-80-x-83-mm-velocidad-260mm-s-203-dpi-usb-wifi-rj45-rj11-cortador-automatico-1-ao-de-garantia\/\" \/>\n<meta property=\"og:locale\" content=\"es_MX\" \/>\n<meta property=\"og:type\" content=\"article\" \/>\n<meta property=\"og:title\" content=\"[ Tech Zone Pos ] &#129351; Tzpoimw Miniprinter Techzone Termica, Rollo 80 X 83 Mm, Velocidad 260mm\/s, 203 Dpi, Usb, Wifi, Rj45, Rj11, Cortador Automatico, 1 A\u00f1o De Garantia\" \/>\n<meta property=\"og:description\" content=\"Compra Tzpoimw Miniprinter Techzone Termica, Rollo 80 X 83 Mm, Velocidad 260mm\/s, 203 Dpi, Usb, Wifi, Rj45, Rj11, Cortador Automatico, 1 A\u00f1o De Garantia + Env\u00edo a domicilio + Pago seguro + Garant\u00eda\" \/>\n<meta property=\"og:url\" content=\"https:\/\/compuviper.mx\/tienda\/producto\/tech-zone-pos-tzpoimw-miniprinter-techzone-termica-rollo-80-x-83-mm-velocidad-260mm-s-203-dpi-usb-wifi-rj45-rj11-cortador-automatico-1-ao-de-garantia\/\" \/>\n<meta property=\"og:site_name\" content=\"Compuviper\" \/>\n<meta property=\"article:publisher\" content=\"https:\/\/www.facebook.com\/compuviper\" \/>\n<meta property=\"og:image\" content=\"https:\/\/compuviper.mx\/tienda\/wp-content\/uploads\/2025\/10\/Miniprinter-techzone-tzpoimw-termica-rollo-80-x-83-mm-velocidad-260mms-203-dpi-usb-wifi-rj45-rj11-cortador-automatico-1-ano-de-garantia.jpg\" \/>\n\t<meta property=\"og:image:width\" content=\"200\" \/>\n\t<meta property=\"og:image:height\" content=\"200\" \/>\n\t<meta property=\"og:image:type\" content=\"image\/jpeg\" \/>\n<meta name=\"twitter:card\" content=\"summary_large_image\" \/>\n<meta name=\"twitter:label1\" content=\"Precio\" \/>\n\t<meta name=\"twitter:data1\" content=\"&#36;2,232 con IVA\" \/>\n\t<meta name=\"twitter:label2\" content=\"Availability\" \/>\n\t<meta name=\"twitter:data2\" content=\"In stock\" \/>\n<script type=\"application\/ld+json\" class=\"yoast-schema-graph\">{\"@context\":\"https:\/\/schema.org\",\"@graph\":[{\"@type\":\"WebPage\",\"@id\":\"https:\/\/compuviper.mx\/tienda\/producto\/tech-zone-pos-tzpoimw-miniprinter-techzone-termica-rollo-80-x-83-mm-velocidad-260mm-s-203-dpi-usb-wifi-rj45-rj11-cortador-automatico-1-ao-de-garantia\/\",\"url\":\"https:\/\/compuviper.mx\/tienda\/producto\/tech-zone-pos-tzpoimw-miniprinter-techzone-termica-rollo-80-x-83-mm-velocidad-260mm-s-203-dpi-usb-wifi-rj45-rj11-cortador-automatico-1-ao-de-garantia\/\",\"name\":\"[ Tech Zone Pos ] &#129351; Tzpoimw Miniprinter Techzone Termica, Rollo 80 X 83 Mm, Velocidad 260mm\/s, 203 Dpi, Usb, Wifi, Rj45, Rj11, Cortador Automatico, 1 A\u00f1o De Garantia\",\"isPartOf\":{\"@id\":\"https:\/\/compuviper.mx\/tienda\/#website\"},\"datePublished\":\"2026-04-02T07:46:08+00:00\",\"dateModified\":\"2026-04-02T07:46:08+00:00\",\"description\":\"Compra Tzpoimw Miniprinter Techzone Termica, Rollo 80 X 83 Mm, Velocidad 260mm\/s, 203 Dpi, Usb, Wifi, Rj45, Rj11, Cortador Automatico, 1 A\u00f1o De Garantia + Env\u00edo a domicilio + Pago seguro + Garant\u00eda\",\"breadcrumb\":{\"@id\":\"https:\/\/compuviper.mx\/tienda\/producto\/tech-zone-pos-tzpoimw-miniprinter-techzone-termica-rollo-80-x-83-mm-velocidad-260mm-s-203-dpi-usb-wifi-rj45-rj11-cortador-automatico-1-ao-de-garantia\/#breadcrumb\"},\"inLanguage\":\"es-MX\",\"potentialAction\":[{\"@type\":\"ReadAction\",\"target\":[\"https:\/\/compuviper.mx\/tienda\/producto\/tech-zone-pos-tzpoimw-miniprinter-techzone-termica-rollo-80-x-83-mm-velocidad-260mm-s-203-dpi-usb-wifi-rj45-rj11-cortador-automatico-1-ao-de-garantia\/\"]}]},{\"@type\":\"BreadcrumbList\",\"@id\":\"https:\/\/compuviper.mx\/tienda\/producto\/tech-zone-pos-tzpoimw-miniprinter-techzone-termica-rollo-80-x-83-mm-velocidad-260mm-s-203-dpi-usb-wifi-rj45-rj11-cortador-automatico-1-ao-de-garantia\/#breadcrumb\",\"itemListElement\":[{\"@type\":\"ListItem\",\"position\":1,\"name\":\"Inicio\",\"item\":\"https:\/\/compuviper.mx\/tienda\/\"},{\"@type\":\"ListItem\",\"position\":2,\"name\":\"Productos\",\"item\":\"https:\/\/compuviper.mx\/tienda\/productos\/\"},{\"@type\":\"ListItem\",\"position\":3,\"name\":\"Impresoras\",\"item\":\"https:\/\/compuviper.mx\/tienda\/categoria-producto\/impresoras\/\"},{\"@type\":\"ListItem\",\"position\":4,\"name\":\"Punto De Venta\",\"item\":\"https:\/\/compuviper.mx\/tienda\/categoria-producto\/impresoras\/punto-de-venta-impresoras\/\"},{\"@type\":\"ListItem\",\"position\":5,\"name\":\"Tech Zone Pos Tzpoimw Miniprinter Techzone Termica, Rollo 80 X 83 Mm, Velocidad 260mm\/s, 203 Dpi, Usb, Wifi, Rj45, Rj11, Cortador Automatico, 1 A?o De Garantia\"}]},{\"@type\":\"WebSite\",\"@id\":\"https:\/\/compuviper.mx\/tienda\/#website\",\"url\":\"https:\/\/compuviper.mx\/tienda\/\",\"name\":\"Compuviper\",\"description\":\"Proveedor de Computadoras, Laptops, Servidores, Monitores, Puntos de Venta, Teclados,   Impresoras, T\u00f3ner, C\u00e1maras de Seguridad y m\u00e1s en tu tienda en l\u00ednea\",\"publisher\":{\"@id\":\"https:\/\/compuviper.mx\/tienda\/#organization\"},\"potentialAction\":[{\"@type\":\"SearchAction\",\"target\":{\"@type\":\"EntryPoint\",\"urlTemplate\":\"https:\/\/compuviper.mx\/tienda\/?s={search_term_string}\"},\"query-input\":\"required name=search_term_string\"}],\"inLanguage\":\"es-MX\"},{\"@type\":\"Organization\",\"@id\":\"https:\/\/compuviper.mx\/tienda\/#organization\",\"name\":\"Compuviper\",\"url\":\"https:\/\/compuviper.mx\/tienda\/\",\"logo\":{\"@type\":\"ImageObject\",\"inLanguage\":\"es-MX\",\"@id\":\"https:\/\/compuviper.mx\/tienda\/#\/schema\/logo\/image\/\",\"url\":\"https:\/\/compuviper.mx\/tienda\/wp-content\/uploads\/2021\/08\/Logo-Compuviper-10.png\",\"contentUrl\":\"https:\/\/compuviper.mx\/tienda\/wp-content\/uploads\/2021\/08\/Logo-Compuviper-10.png\",\"width\":1000,\"height\":500,\"caption\":\"Compuviper\"},\"image\":{\"@id\":\"https:\/\/compuviper.mx\/tienda\/#\/schema\/logo\/image\/\"},\"sameAs\":[\"https:\/\/www.facebook.com\/compuviper\",\"https:\/\/www.youtube.com\/channel\/UCf73dERp9Y3cfOq7q8BhLjA?view_as=subscriber\"]}]}<\/script>\n<meta property=\"product:brand\" content=\"Tech Zone Pos\" \/>\n<meta property=\"product:price:amount\" content=\"2232\" \/>\n<meta property=\"product:price:currency\" content=\"MXN\" \/>\n<meta property=\"og:availability\" content=\"instock\" \/>\n<meta property=\"product:availability\" content=\"instock\" \/>\n<meta property=\"product:retailer_item_id\" content=\"TZPOIMW\" \/>\n<meta property=\"product:condition\" content=\"new\" \/>\n<!-- \/ Yoast SEO plugin. -->","yoast_head_json":{"title":"[ Tech Zone Pos ] &#129351; Tzpoimw Miniprinter Techzone Termica, Rollo 80 X 83 Mm, Velocidad 260mm\/s, 203 Dpi, Usb, Wifi, Rj45, Rj11, Cortador Automatico, 1 A\u00f1o De Garantia","description":"Compra Tzpoimw Miniprinter Techzone Termica, Rollo 80 X 83 Mm, Velocidad 260mm\/s, 203 Dpi, Usb, Wifi, Rj45, Rj11, Cortador Automatico, 1 A\u00f1o De Garantia + Env\u00edo a domicilio + Pago seguro + Garant\u00eda","robots":{"index":"index","follow":"follow","max-snippet":"max-snippet:-1","max-image-preview":"max-image-preview:large","max-video-preview":"max-video-preview:-1"},"canonical":"https:\/\/compuviper.mx\/tienda\/producto\/tech-zone-pos-tzpoimw-miniprinter-techzone-termica-rollo-80-x-83-mm-velocidad-260mm-s-203-dpi-usb-wifi-rj45-rj11-cortador-automatico-1-ao-de-garantia\/","og_locale":"es_MX","og_type":"article","og_title":"[ Tech Zone Pos ] &#129351; Tzpoimw Miniprinter Techzone Termica, Rollo 80 X 83 Mm, Velocidad 260mm\/s, 203 Dpi, Usb, Wifi, Rj45, Rj11, Cortador Automatico, 1 A\u00f1o De Garantia","og_description":"Compra Tzpoimw Miniprinter Techzone Termica, Rollo 80 X 83 Mm, Velocidad 260mm\/s, 203 Dpi, Usb, Wifi, Rj45, Rj11, Cortador Automatico, 1 A\u00f1o De Garantia + Env\u00edo a domicilio + Pago seguro + Garant\u00eda","og_url":"https:\/\/compuviper.mx\/tienda\/producto\/tech-zone-pos-tzpoimw-miniprinter-techzone-termica-rollo-80-x-83-mm-velocidad-260mm-s-203-dpi-usb-wifi-rj45-rj11-cortador-automatico-1-ao-de-garantia\/","og_site_name":"Compuviper","article_publisher":"https:\/\/www.facebook.com\/compuviper","og_image":[{"width":200,"height":200,"url":"https:\/\/compuviper.mx\/tienda\/wp-content\/uploads\/2025\/10\/Miniprinter-techzone-tzpoimw-termica-rollo-80-x-83-mm-velocidad-260mms-203-dpi-usb-wifi-rj45-rj11-cortador-automatico-1-ano-de-garantia.jpg","type":"image\/jpeg"}],"twitter_card":"summary_large_image","twitter_misc":{"Precio":"&#36;2,232 con IVA","Availability":"In stock"},"schema":{"@context":"https:\/\/schema.org","@graph":[{"@type":"WebPage","@id":"https:\/\/compuviper.mx\/tienda\/producto\/tech-zone-pos-tzpoimw-miniprinter-techzone-termica-rollo-80-x-83-mm-velocidad-260mm-s-203-dpi-usb-wifi-rj45-rj11-cortador-automatico-1-ao-de-garantia\/","url":"https:\/\/compuviper.mx\/tienda\/producto\/tech-zone-pos-tzpoimw-miniprinter-techzone-termica-rollo-80-x-83-mm-velocidad-260mm-s-203-dpi-usb-wifi-rj45-rj11-cortador-automatico-1-ao-de-garantia\/","name":"[ Tech Zone Pos ] &#129351; Tzpoimw Miniprinter Techzone Termica, Rollo 80 X 83 Mm, Velocidad 260mm\/s, 203 Dpi, Usb, Wifi, Rj45, Rj11, Cortador Automatico, 1 A\u00f1o De Garantia","isPartOf":{"@id":"https:\/\/compuviper.mx\/tienda\/#website"},"datePublished":"2026-04-02T07:46:08+00:00","dateModified":"2026-04-02T07:46:08+00:00","description":"Compra Tzpoimw Miniprinter Techzone Termica, Rollo 80 X 83 Mm, Velocidad 260mm\/s, 203 Dpi, Usb, Wifi, Rj45, Rj11, Cortador Automatico, 1 A\u00f1o De Garantia + Env\u00edo a domicilio + Pago seguro + Garant\u00eda","breadcrumb":{"@id":"https:\/\/compuviper.mx\/tienda\/producto\/tech-zone-pos-tzpoimw-miniprinter-techzone-termica-rollo-80-x-83-mm-velocidad-260mm-s-203-dpi-usb-wifi-rj45-rj11-cortador-automatico-1-ao-de-garantia\/#breadcrumb"},"inLanguage":"es-MX","potentialAction":[{"@type":"ReadAction","target":["https:\/\/compuviper.mx\/tienda\/producto\/tech-zone-pos-tzpoimw-miniprinter-techzone-termica-rollo-80-x-83-mm-velocidad-260mm-s-203-dpi-usb-wifi-rj45-rj11-cortador-automatico-1-ao-de-garantia\/"]}]},{"@type":"BreadcrumbList","@id":"https:\/\/compuviper.mx\/tienda\/producto\/tech-zone-pos-tzpoimw-miniprinter-techzone-termica-rollo-80-x-83-mm-velocidad-260mm-s-203-dpi-usb-wifi-rj45-rj11-cortador-automatico-1-ao-de-garantia\/#breadcrumb","itemListElement":[{"@type":"ListItem","position":1,"name":"Inicio","item":"https:\/\/compuviper.mx\/tienda\/"},{"@type":"ListItem","position":2,"name":"Productos","item":"https:\/\/compuviper.mx\/tienda\/productos\/"},{"@type":"ListItem","position":3,"name":"Impresoras","item":"https:\/\/compuviper.mx\/tienda\/categoria-producto\/impresoras\/"},{"@type":"ListItem","position":4,"name":"Punto De Venta","item":"https:\/\/compuviper.mx\/tienda\/categoria-producto\/impresoras\/punto-de-venta-impresoras\/"},{"@type":"ListItem","position":5,"name":"Tech Zone Pos Tzpoimw Miniprinter Techzone Termica, Rollo 80 X 83 Mm, Velocidad 260mm\/s, 203 Dpi, Usb, Wifi, Rj45, Rj11, Cortador Automatico, 1 A?o De Garantia"}]},{"@type":"WebSite","@id":"https:\/\/compuviper.mx\/tienda\/#website","url":"https:\/\/compuviper.mx\/tienda\/","name":"Compuviper","description":"Proveedor de Computadoras, Laptops, Servidores, Monitores, Puntos de Venta, Teclados,   Impresoras, T\u00f3ner, C\u00e1maras de Seguridad y m\u00e1s en tu tienda en l\u00ednea","publisher":{"@id":"https:\/\/compuviper.mx\/tienda\/#organization"},"potentialAction":[{"@type":"SearchAction","target":{"@type":"EntryPoint","urlTemplate":"https:\/\/compuviper.mx\/tienda\/?s={search_term_string}"},"query-input":"required name=search_term_string"}],"inLanguage":"es-MX"},{"@type":"Organization","@id":"https:\/\/compuviper.mx\/tienda\/#organization","name":"Compuviper","url":"https:\/\/compuviper.mx\/tienda\/","logo":{"@type":"ImageObject","inLanguage":"es-MX","@id":"https:\/\/compuviper.mx\/tienda\/#\/schema\/logo\/image\/","url":"https:\/\/compuviper.mx\/tienda\/wp-content\/uploads\/2021\/08\/Logo-Compuviper-10.png","contentUrl":"https:\/\/compuviper.mx\/tienda\/wp-content\/uploads\/2021\/08\/Logo-Compuviper-10.png","width":1000,"height":500,"caption":"Compuviper"},"image":{"@id":"https:\/\/compuviper.mx\/tienda\/#\/schema\/logo\/image\/"},"sameAs":["https:\/\/www.facebook.com\/compuviper","https:\/\/www.youtube.com\/channel\/UCf73dERp9Y3cfOq7q8BhLjA?view_as=subscriber"]}]},"product_brand":"Tech Zone Pos","product_price_amount":"2232","product_price_currency":"MXN","og_availability":"instock","product_availability":"instock","product_retailer_item_id":"TZPOIMW","product_condition":"new"},"_links":{"self":[{"href":"https:\/\/compuviper.mx\/tienda\/wp-json\/wp\/v2\/product\/248334"}],"collection":[{"href":"https:\/\/compuviper.mx\/tienda\/wp-json\/wp\/v2\/product"}],"about":[{"href":"https:\/\/compuviper.mx\/tienda\/wp-json\/wp\/v2\/types\/product"}],"replies":[{"embeddable":true,"href":"https:\/\/compuviper.mx\/tienda\/wp-json\/wp\/v2\/comments?post=248334"}],"wp:featuredmedia":[{"embeddable":true,"href":"https:\/\/compuviper.mx\/tienda\/wp-json\/wp\/v2\/media\/260621"}],"wp:attachment":[{"href":"https:\/\/compuviper.mx\/tienda\/wp-json\/wp\/v2\/media?parent=248334"}],"wp:term":[{"taxonomy":"product_cat","embeddable":true,"href":"https:\/\/compuviper.mx\/tienda\/wp-json\/wp\/v2\/product_cat?post=248334"},{"taxonomy":"product_tag","embeddable":true,"href":"https:\/\/compuviper.mx\/tienda\/wp-json\/wp\/v2\/product_tag?post=248334"}],"curies":[{"name":"wp","href":"https:\/\/api.w.org\/{rel}","templated":true}]}}