{"id":248315,"date":"2026-04-02T00:42:24","date_gmt":"2026-04-02T06:42:24","guid":{"rendered":"https:\/\/compuviper.mx\/tienda\/producto\/acteck-ac-940160-kit-creator-krea-mk755-teclado-y-mouse-inalambrico-dual-multidispositivo-recargable-dongle-usb-bt-win-mac-espaol-118-teclas-2000-dpi-optico-negro-gris\/"},"modified":"2026-04-02T00:42:24","modified_gmt":"2026-04-02T06:42:24","slug":"acteck-ac-9401607506215940160-kit-creator-krea-mk755-teclado-y-mouse-inalambrico-dual-multidispositivo-recargable-dongle-usb-bt-win-mac-espaol-118-teclas-2000-dpi-optico-neg","status":"publish","type":"product","link":"https:\/\/compuviper.mx\/tienda\/producto\/acteck-ac-9401607506215940160-kit-creator-krea-mk755-teclado-y-mouse-inalambrico-dual-multidispositivo-recargable-dongle-usb-bt-win-mac-espaol-118-teclas-2000-dpi-optico-neg\/","title":{"rendered":"Acteck Ac-940160,7506215940160 Kit  Creator Krea Mk755 \/ Teclado Y Mouse \/ Inalambrico Dual \/ Multidispositivo \/ Recargable \/ Dongle Usb Bt \/ Win &#8211; Mac \/ Espa?ol \/ 118 Teclas \/ 2000 Dpi \/ Optico \/ Negro &#8211; Gris \/ Ac-940160"},"content":{"rendered":"<table class=\"descripcion\">\n<tr>\n<td>Especificaciones del teclado<\/td>\n<\/tr>\n<tr>\n<td>\u0095 modelo: ac-940160<\/td>\n<\/tr>\n<tr>\n<td>\u0095 producto: teclado inalambrico<\/td>\n<\/tr>\n<tr>\n<td>\u0095 color: negro &#8211; gris<\/td>\n<\/tr>\n<tr>\n<td>\u0095 materiales: abs<\/td>\n<\/tr>\n<tr>\n<td>\u0095 dimensiones: 42.7 x 13.6 x 2 cm<\/td>\n<\/tr>\n<tr>\n<td>\u0095 peso: 821 g<\/td>\n<\/tr>\n<tr>\n<td>\u0095 compatibilidad: windows \/ mac<\/td>\n<\/tr>\n<tr>\n<td>\u0095 idioma: espa\u00f1ol<\/td>\n<\/tr>\n<tr>\n<td>\u0095 formato: 100%<\/td>\n<\/tr>\n<tr>\n<td>\u0095 anti \u0096 ghosting: si<\/td>\n<\/tr>\n<tr>\n<td>\u0095 tipo de tecla: membrana<\/td>\n<\/tr>\n<tr>\n<td>\u0095 conectividad: inalambrica<\/td>\n<\/tr>\n<tr>\n<td>\u0095 tipo de conector: dongle 2.4 mhz + bluetooth 5.0 (2 dispositivos)<\/td>\n<\/tr>\n<tr>\n<td>\u0095 rango de conexion: 10 m<\/td>\n<\/tr>\n<tr>\n<td>\u0095 conector: usb c<\/td>\n<\/tr>\n<tr>\n<td>\u0095 tipo de impresion: laser<\/td>\n<\/tr>\n<tr>\n<td>\u0095 numero de teclas totales: 118<\/td>\n<\/tr>\n<tr>\n<td>\u0095 teclas con funcion multimedia (fn): 12 + 8<\/td>\n<\/tr>\n<tr>\n<td>\u0095 caracteristica electrica<\/td>\n<\/tr>\n<tr>\n<td>      o alimentacion: 5 v and #9107; 300 mah<\/td>\n<\/tr>\n<tr>\n<td>      o bateria: recargable litio<\/td>\n<\/tr>\n<tr>\n<td>      o tiempo: 2 horas de carga x 200 de uso<\/td>\n<\/tr>\n<tr>\n<td>Especificaciones del mouse<\/td>\n<\/tr>\n<tr>\n<td>\u0095 producto: mouse inalambrico<\/td>\n<\/tr>\n<tr>\n<td>\u0095 material: abs<\/td>\n<\/tr>\n<tr>\n<td>\u0095 color: negro<\/td>\n<\/tr>\n<tr>\n<td>\u0095 dimensiones: 12 x 7.7 x 5 cm<\/td>\n<\/tr>\n<tr>\n<td>\u0095 peso: 90 g<\/td>\n<\/tr>\n<tr>\n<td>\u0095 compatibilidad: windows \/ mac<\/td>\n<\/tr>\n<tr>\n<td>\u0095 conectividad: inalambrica<\/td>\n<\/tr>\n<tr>\n<td>\u0095 tipo de conector: dongle 2.4 mhz + bluetooth 5.0 (2 dispositivos)<\/td>\n<\/tr>\n<tr>\n<td>\u0095 tipo de cable: usb a &#8211; usb c<\/td>\n<\/tr>\n<tr>\n<td>\u0095 tipo de seguimiento: optico<\/td>\n<\/tr>\n<tr>\n<td>\u0095 sensibilidad (dpi): 800 &#8211; 2000 dpi<\/td>\n<\/tr>\n<tr>\n<td>\u0095 sensor: fct3065-xy<\/td>\n<\/tr>\n<tr>\n<td>\u0095 switch: huano switch<\/td>\n<\/tr>\n<tr>\n<td>\u0095 controlador dpi: parte superior del mouse<\/td>\n<\/tr>\n<tr>\n<td>\u0095 numero de botones: 7<\/td>\n<\/tr>\n<tr>\n<td>\u0095 rango de conexion: 10 m<\/td>\n<\/tr>\n<tr>\n<td>\u0095 caracteristica electrica<\/td>\n<\/tr>\n<tr>\n<td>      o alimentacion: 5 v and #9107; 500 mah<\/td>\n<\/tr>\n<tr>\n<td>      o bateria: recargable litio<\/td>\n<\/tr>\n<\/table>\n","protected":false},"excerpt":{"rendered":"<p>Elegante y funcional. Con un acabado en negro-gris y materiales abs de alta calidad, este combo agrega un toque de sofisticaci\u00f3n a tu espacio mientras mantiene una estructura ergon\u00f3mica y resistente. Teclas silenciosas y de alta respuesta. El teclado inal\u00e1mbrico cuenta con teclas de membrana de tecnolog\u00eda tipo tijera, que ofrecen una pulsaci\u00f3n suave, silenciosa y precisa. Brinda una experiencia de escritura c\u00f3moda y sin distracciones. Comodidad extrema. El mouse cuenta con un dise\u00f1o ergon\u00f3mico pensado para largas horas de uso, ayudando a reducir la fatiga en la mano y mu\u00f1eca<\/p>\n","protected":false},"featured_media":259742,"comment_status":"open","ping_status":"open","template":"","meta":[],"product_cat":[1711,1712],"product_tag":[1582],"acf":[],"yoast_head":"<!-- This site is optimized with the Yoast SEO plugin v21.7 - https:\/\/yoast.com\/wordpress\/plugins\/seo\/ -->\n<title>[ Acteck ] &#129351; Ac-940160,7506215940160 Kit Creator Krea Mk755 \/ Teclado Y Mouse \/ Inalambrico Dual \/ Multidispositivo \/ Recargable \/ Dongle Usb Bt \/ Win - Mac \/ Espa\u00f1ol \/ 118 Teclas \/ 2000 Dpi \/ Optico \/ Negro - Gris \/ Ac-940160<\/title>\n<meta name=\"description\" content=\"Compra Ac-940160,7506215940160 Kit Creator Krea Mk755 \/ Teclado Y Mouse \/ Inalambrico Dual \/ Multidispositivo \/ Recargable \/ Dongle Usb Bt \/ Win - Mac \/ Espa\u00f1ol \/ 118 Teclas \/ 2000 Dpi \/ Optico \/ Negro - Gris \/ Ac-940160 + Env\u00edo a domicilio + Pago seguro + Garant\u00eda\" \/>\n<meta name=\"robots\" content=\"index, follow, max-snippet:-1, max-image-preview:large, max-video-preview:-1\" \/>\n<link rel=\"canonical\" href=\"https:\/\/compuviper.mx\/tienda\/producto\/acteck-ac-9401607506215940160-kit-creator-krea-mk755-teclado-y-mouse-inalambrico-dual-multidispositivo-recargable-dongle-usb-bt-win-mac-espaol-118-teclas-2000-dpi-optico-neg\/\" \/>\n<meta property=\"og:locale\" content=\"es_MX\" \/>\n<meta property=\"og:type\" content=\"article\" \/>\n<meta property=\"og:title\" content=\"[ Acteck ] &#129351; Ac-940160,7506215940160 Kit Creator Krea Mk755 \/ Teclado Y Mouse \/ Inalambrico Dual \/ Multidispositivo \/ Recargable \/ Dongle Usb Bt \/ Win - Mac \/ Espa\u00f1ol \/ 118 Teclas \/ 2000 Dpi \/ Optico \/ Negro - Gris \/ Ac-940160\" \/>\n<meta property=\"og:description\" content=\"Compra Ac-940160,7506215940160 Kit Creator Krea Mk755 \/ Teclado Y Mouse \/ Inalambrico Dual \/ Multidispositivo \/ Recargable \/ Dongle Usb Bt \/ Win - Mac \/ Espa\u00f1ol \/ 118 Teclas \/ 2000 Dpi \/ Optico \/ Negro - Gris \/ Ac-940160 + Env\u00edo a domicilio + Pago seguro + Garant\u00eda\" \/>\n<meta property=\"og:url\" content=\"https:\/\/compuviper.mx\/tienda\/producto\/acteck-ac-9401607506215940160-kit-creator-krea-mk755-teclado-y-mouse-inalambrico-dual-multidispositivo-recargable-dongle-usb-bt-win-mac-espaol-118-teclas-2000-dpi-optico-neg\/\" \/>\n<meta property=\"og:site_name\" content=\"Compuviper\" \/>\n<meta property=\"article:publisher\" content=\"https:\/\/www.facebook.com\/compuviper\" \/>\n<meta property=\"og:image\" content=\"https:\/\/compuviper.mx\/tienda\/wp-content\/uploads\/2025\/10\/Kit-acteck-creator-krea-mk755-teclado-y-mouse-inalambrico-dual-multidispositivo-recargable-dongle-usb-bt-win-mac-espanol-118-teclas-2000-dpi-optico-negro-gris-ac-940160.jpg\" \/>\n\t<meta property=\"og:image:width\" content=\"200\" \/>\n\t<meta property=\"og:image:height\" content=\"200\" \/>\n\t<meta property=\"og:image:type\" content=\"image\/jpeg\" \/>\n<meta name=\"twitter:card\" content=\"summary_large_image\" \/>\n<meta name=\"twitter:label1\" content=\"Precio\" \/>\n\t<meta name=\"twitter:data1\" content=\"&#36;828 &#36;704 con IVA\" \/>\n\t<meta name=\"twitter:label2\" content=\"Availability\" \/>\n\t<meta name=\"twitter:data2\" content=\"In stock\" \/>\n<script type=\"application\/ld+json\" class=\"yoast-schema-graph\">{\"@context\":\"https:\/\/schema.org\",\"@graph\":[{\"@type\":\"WebPage\",\"@id\":\"https:\/\/compuviper.mx\/tienda\/producto\/acteck-ac-9401607506215940160-kit-creator-krea-mk755-teclado-y-mouse-inalambrico-dual-multidispositivo-recargable-dongle-usb-bt-win-mac-espaol-118-teclas-2000-dpi-optico-neg\/\",\"url\":\"https:\/\/compuviper.mx\/tienda\/producto\/acteck-ac-9401607506215940160-kit-creator-krea-mk755-teclado-y-mouse-inalambrico-dual-multidispositivo-recargable-dongle-usb-bt-win-mac-espaol-118-teclas-2000-dpi-optico-neg\/\",\"name\":\"[ Acteck ] &#129351; Ac-940160,7506215940160 Kit Creator Krea Mk755 \/ Teclado Y Mouse \/ Inalambrico Dual \/ Multidispositivo \/ Recargable \/ Dongle Usb Bt \/ Win - Mac \/ Espa\u00f1ol \/ 118 Teclas \/ 2000 Dpi \/ Optico \/ Negro - Gris \/ Ac-940160\",\"isPartOf\":{\"@id\":\"https:\/\/compuviper.mx\/tienda\/#website\"},\"datePublished\":\"2026-04-02T06:42:24+00:00\",\"dateModified\":\"2026-04-02T06:42:24+00:00\",\"description\":\"Compra Ac-940160,7506215940160 Kit Creator Krea Mk755 \/ Teclado Y Mouse \/ Inalambrico Dual \/ Multidispositivo \/ Recargable \/ Dongle Usb Bt \/ Win - Mac \/ Espa\u00f1ol \/ 118 Teclas \/ 2000 Dpi \/ Optico \/ Negro - Gris \/ Ac-940160 + Env\u00edo a domicilio + Pago seguro + Garant\u00eda\",\"breadcrumb\":{\"@id\":\"https:\/\/compuviper.mx\/tienda\/producto\/acteck-ac-9401607506215940160-kit-creator-krea-mk755-teclado-y-mouse-inalambrico-dual-multidispositivo-recargable-dongle-usb-bt-win-mac-espaol-118-teclas-2000-dpi-optico-neg\/#breadcrumb\"},\"inLanguage\":\"es-MX\",\"potentialAction\":[{\"@type\":\"ReadAction\",\"target\":[\"https:\/\/compuviper.mx\/tienda\/producto\/acteck-ac-9401607506215940160-kit-creator-krea-mk755-teclado-y-mouse-inalambrico-dual-multidispositivo-recargable-dongle-usb-bt-win-mac-espaol-118-teclas-2000-dpi-optico-neg\/\"]}]},{\"@type\":\"BreadcrumbList\",\"@id\":\"https:\/\/compuviper.mx\/tienda\/producto\/acteck-ac-9401607506215940160-kit-creator-krea-mk755-teclado-y-mouse-inalambrico-dual-multidispositivo-recargable-dongle-usb-bt-win-mac-espaol-118-teclas-2000-dpi-optico-neg\/#breadcrumb\",\"itemListElement\":[{\"@type\":\"ListItem\",\"position\":1,\"name\":\"Inicio\",\"item\":\"https:\/\/compuviper.mx\/tienda\/\"},{\"@type\":\"ListItem\",\"position\":2,\"name\":\"Productos\",\"item\":\"https:\/\/compuviper.mx\/tienda\/productos\/\"},{\"@type\":\"ListItem\",\"position\":3,\"name\":\"Teclado Y Mouse\",\"item\":\"https:\/\/compuviper.mx\/tienda\/categoria-producto\/teclado-y-mouse\/\"},{\"@type\":\"ListItem\",\"position\":4,\"name\":\"Sin Categor\u00eda\",\"item\":\"https:\/\/compuviper.mx\/tienda\/categoria-producto\/teclado-y-mouse\/sin-categoria-teclado-y-mouse\/\"},{\"@type\":\"ListItem\",\"position\":5,\"name\":\"Acteck Ac-940160,7506215940160 Kit Creator Krea Mk755 \/ Teclado Y Mouse \/ Inalambrico Dual \/ Multidispositivo \/ Recargable \/ Dongle Usb Bt \/ Win &#8211; Mac \/ Espa?ol \/ 118 Teclas \/ 2000 Dpi \/ Optico \/ Negro &#8211; Gris \/ Ac-940160\"}]},{\"@type\":\"WebSite\",\"@id\":\"https:\/\/compuviper.mx\/tienda\/#website\",\"url\":\"https:\/\/compuviper.mx\/tienda\/\",\"name\":\"Compuviper\",\"description\":\"Proveedor de Computadoras, Laptops, Servidores, Monitores, Puntos de Venta, Teclados,   Impresoras, T\u00f3ner, C\u00e1maras de Seguridad y m\u00e1s en tu tienda en l\u00ednea\",\"publisher\":{\"@id\":\"https:\/\/compuviper.mx\/tienda\/#organization\"},\"potentialAction\":[{\"@type\":\"SearchAction\",\"target\":{\"@type\":\"EntryPoint\",\"urlTemplate\":\"https:\/\/compuviper.mx\/tienda\/?s={search_term_string}\"},\"query-input\":\"required name=search_term_string\"}],\"inLanguage\":\"es-MX\"},{\"@type\":\"Organization\",\"@id\":\"https:\/\/compuviper.mx\/tienda\/#organization\",\"name\":\"Compuviper\",\"url\":\"https:\/\/compuviper.mx\/tienda\/\",\"logo\":{\"@type\":\"ImageObject\",\"inLanguage\":\"es-MX\",\"@id\":\"https:\/\/compuviper.mx\/tienda\/#\/schema\/logo\/image\/\",\"url\":\"https:\/\/compuviper.mx\/tienda\/wp-content\/uploads\/2021\/08\/Logo-Compuviper-10.png\",\"contentUrl\":\"https:\/\/compuviper.mx\/tienda\/wp-content\/uploads\/2021\/08\/Logo-Compuviper-10.png\",\"width\":1000,\"height\":500,\"caption\":\"Compuviper\"},\"image\":{\"@id\":\"https:\/\/compuviper.mx\/tienda\/#\/schema\/logo\/image\/\"},\"sameAs\":[\"https:\/\/www.facebook.com\/compuviper\",\"https:\/\/www.youtube.com\/channel\/UCf73dERp9Y3cfOq7q8BhLjA?view_as=subscriber\"]}]}<\/script>\n<meta property=\"product:brand\" content=\"ACTECK\" \/>\n<meta property=\"product:price:amount\" content=\"704\" \/>\n<meta property=\"product:price:currency\" content=\"MXN\" \/>\n<meta property=\"og:availability\" content=\"instock\" \/>\n<meta property=\"product:availability\" content=\"instock\" \/>\n<meta property=\"product:retailer_item_id\" content=\"AC-940160,7506215940160\" \/>\n<meta property=\"product:condition\" content=\"new\" \/>\n<!-- \/ Yoast SEO plugin. -->","yoast_head_json":{"title":"[ Acteck ] &#129351; Ac-940160,7506215940160 Kit Creator Krea Mk755 \/ Teclado Y Mouse \/ Inalambrico Dual \/ Multidispositivo \/ Recargable \/ Dongle Usb Bt \/ Win - Mac \/ Espa\u00f1ol \/ 118 Teclas \/ 2000 Dpi \/ Optico \/ Negro - Gris \/ Ac-940160","description":"Compra Ac-940160,7506215940160 Kit Creator Krea Mk755 \/ Teclado Y Mouse \/ Inalambrico Dual \/ Multidispositivo \/ Recargable \/ Dongle Usb Bt \/ Win - Mac \/ Espa\u00f1ol \/ 118 Teclas \/ 2000 Dpi \/ Optico \/ Negro - Gris \/ Ac-940160 + Env\u00edo a domicilio + Pago seguro + Garant\u00eda","robots":{"index":"index","follow":"follow","max-snippet":"max-snippet:-1","max-image-preview":"max-image-preview:large","max-video-preview":"max-video-preview:-1"},"canonical":"https:\/\/compuviper.mx\/tienda\/producto\/acteck-ac-9401607506215940160-kit-creator-krea-mk755-teclado-y-mouse-inalambrico-dual-multidispositivo-recargable-dongle-usb-bt-win-mac-espaol-118-teclas-2000-dpi-optico-neg\/","og_locale":"es_MX","og_type":"article","og_title":"[ Acteck ] &#129351; Ac-940160,7506215940160 Kit Creator Krea Mk755 \/ Teclado Y Mouse \/ Inalambrico Dual \/ Multidispositivo \/ Recargable \/ Dongle Usb Bt \/ Win - Mac \/ Espa\u00f1ol \/ 118 Teclas \/ 2000 Dpi \/ Optico \/ Negro - Gris \/ Ac-940160","og_description":"Compra Ac-940160,7506215940160 Kit Creator Krea Mk755 \/ Teclado Y Mouse \/ Inalambrico Dual \/ Multidispositivo \/ Recargable \/ Dongle Usb Bt \/ Win - Mac \/ Espa\u00f1ol \/ 118 Teclas \/ 2000 Dpi \/ Optico \/ Negro - Gris \/ Ac-940160 + Env\u00edo a domicilio + Pago seguro + Garant\u00eda","og_url":"https:\/\/compuviper.mx\/tienda\/producto\/acteck-ac-9401607506215940160-kit-creator-krea-mk755-teclado-y-mouse-inalambrico-dual-multidispositivo-recargable-dongle-usb-bt-win-mac-espaol-118-teclas-2000-dpi-optico-neg\/","og_site_name":"Compuviper","article_publisher":"https:\/\/www.facebook.com\/compuviper","og_image":[{"width":200,"height":200,"url":"https:\/\/compuviper.mx\/tienda\/wp-content\/uploads\/2025\/10\/Kit-acteck-creator-krea-mk755-teclado-y-mouse-inalambrico-dual-multidispositivo-recargable-dongle-usb-bt-win-mac-espanol-118-teclas-2000-dpi-optico-negro-gris-ac-940160.jpg","type":"image\/jpeg"}],"twitter_card":"summary_large_image","twitter_misc":{"Precio":"&#36;828 &#36;704 con IVA","Availability":"In stock"},"schema":{"@context":"https:\/\/schema.org","@graph":[{"@type":"WebPage","@id":"https:\/\/compuviper.mx\/tienda\/producto\/acteck-ac-9401607506215940160-kit-creator-krea-mk755-teclado-y-mouse-inalambrico-dual-multidispositivo-recargable-dongle-usb-bt-win-mac-espaol-118-teclas-2000-dpi-optico-neg\/","url":"https:\/\/compuviper.mx\/tienda\/producto\/acteck-ac-9401607506215940160-kit-creator-krea-mk755-teclado-y-mouse-inalambrico-dual-multidispositivo-recargable-dongle-usb-bt-win-mac-espaol-118-teclas-2000-dpi-optico-neg\/","name":"[ Acteck ] &#129351; Ac-940160,7506215940160 Kit Creator Krea Mk755 \/ Teclado Y Mouse \/ Inalambrico Dual \/ Multidispositivo \/ Recargable \/ Dongle Usb Bt \/ Win - Mac \/ Espa\u00f1ol \/ 118 Teclas \/ 2000 Dpi \/ Optico \/ Negro - Gris \/ Ac-940160","isPartOf":{"@id":"https:\/\/compuviper.mx\/tienda\/#website"},"datePublished":"2026-04-02T06:42:24+00:00","dateModified":"2026-04-02T06:42:24+00:00","description":"Compra Ac-940160,7506215940160 Kit Creator Krea Mk755 \/ Teclado Y Mouse \/ Inalambrico Dual \/ Multidispositivo \/ Recargable \/ Dongle Usb Bt \/ Win - Mac \/ Espa\u00f1ol \/ 118 Teclas \/ 2000 Dpi \/ Optico \/ Negro - Gris \/ Ac-940160 + Env\u00edo a domicilio + Pago seguro + Garant\u00eda","breadcrumb":{"@id":"https:\/\/compuviper.mx\/tienda\/producto\/acteck-ac-9401607506215940160-kit-creator-krea-mk755-teclado-y-mouse-inalambrico-dual-multidispositivo-recargable-dongle-usb-bt-win-mac-espaol-118-teclas-2000-dpi-optico-neg\/#breadcrumb"},"inLanguage":"es-MX","potentialAction":[{"@type":"ReadAction","target":["https:\/\/compuviper.mx\/tienda\/producto\/acteck-ac-9401607506215940160-kit-creator-krea-mk755-teclado-y-mouse-inalambrico-dual-multidispositivo-recargable-dongle-usb-bt-win-mac-espaol-118-teclas-2000-dpi-optico-neg\/"]}]},{"@type":"BreadcrumbList","@id":"https:\/\/compuviper.mx\/tienda\/producto\/acteck-ac-9401607506215940160-kit-creator-krea-mk755-teclado-y-mouse-inalambrico-dual-multidispositivo-recargable-dongle-usb-bt-win-mac-espaol-118-teclas-2000-dpi-optico-neg\/#breadcrumb","itemListElement":[{"@type":"ListItem","position":1,"name":"Inicio","item":"https:\/\/compuviper.mx\/tienda\/"},{"@type":"ListItem","position":2,"name":"Productos","item":"https:\/\/compuviper.mx\/tienda\/productos\/"},{"@type":"ListItem","position":3,"name":"Teclado Y Mouse","item":"https:\/\/compuviper.mx\/tienda\/categoria-producto\/teclado-y-mouse\/"},{"@type":"ListItem","position":4,"name":"Sin Categor\u00eda","item":"https:\/\/compuviper.mx\/tienda\/categoria-producto\/teclado-y-mouse\/sin-categoria-teclado-y-mouse\/"},{"@type":"ListItem","position":5,"name":"Acteck Ac-940160,7506215940160 Kit Creator Krea Mk755 \/ Teclado Y Mouse \/ Inalambrico Dual \/ Multidispositivo \/ Recargable \/ Dongle Usb Bt \/ Win &#8211; Mac \/ Espa?ol \/ 118 Teclas \/ 2000 Dpi \/ Optico \/ Negro &#8211; Gris \/ Ac-940160"}]},{"@type":"WebSite","@id":"https:\/\/compuviper.mx\/tienda\/#website","url":"https:\/\/compuviper.mx\/tienda\/","name":"Compuviper","description":"Proveedor de Computadoras, Laptops, Servidores, Monitores, Puntos de Venta, Teclados,   Impresoras, T\u00f3ner, C\u00e1maras de Seguridad y m\u00e1s en tu tienda en l\u00ednea","publisher":{"@id":"https:\/\/compuviper.mx\/tienda\/#organization"},"potentialAction":[{"@type":"SearchAction","target":{"@type":"EntryPoint","urlTemplate":"https:\/\/compuviper.mx\/tienda\/?s={search_term_string}"},"query-input":"required name=search_term_string"}],"inLanguage":"es-MX"},{"@type":"Organization","@id":"https:\/\/compuviper.mx\/tienda\/#organization","name":"Compuviper","url":"https:\/\/compuviper.mx\/tienda\/","logo":{"@type":"ImageObject","inLanguage":"es-MX","@id":"https:\/\/compuviper.mx\/tienda\/#\/schema\/logo\/image\/","url":"https:\/\/compuviper.mx\/tienda\/wp-content\/uploads\/2021\/08\/Logo-Compuviper-10.png","contentUrl":"https:\/\/compuviper.mx\/tienda\/wp-content\/uploads\/2021\/08\/Logo-Compuviper-10.png","width":1000,"height":500,"caption":"Compuviper"},"image":{"@id":"https:\/\/compuviper.mx\/tienda\/#\/schema\/logo\/image\/"},"sameAs":["https:\/\/www.facebook.com\/compuviper","https:\/\/www.youtube.com\/channel\/UCf73dERp9Y3cfOq7q8BhLjA?view_as=subscriber"]}]},"product_brand":"ACTECK","product_price_amount":"704","product_price_currency":"MXN","og_availability":"instock","product_availability":"instock","product_retailer_item_id":"AC-940160,7506215940160","product_condition":"new"},"_links":{"self":[{"href":"https:\/\/compuviper.mx\/tienda\/wp-json\/wp\/v2\/product\/248315"}],"collection":[{"href":"https:\/\/compuviper.mx\/tienda\/wp-json\/wp\/v2\/product"}],"about":[{"href":"https:\/\/compuviper.mx\/tienda\/wp-json\/wp\/v2\/types\/product"}],"replies":[{"embeddable":true,"href":"https:\/\/compuviper.mx\/tienda\/wp-json\/wp\/v2\/comments?post=248315"}],"wp:featuredmedia":[{"embeddable":true,"href":"https:\/\/compuviper.mx\/tienda\/wp-json\/wp\/v2\/media\/259742"}],"wp:attachment":[{"href":"https:\/\/compuviper.mx\/tienda\/wp-json\/wp\/v2\/media?parent=248315"}],"wp:term":[{"taxonomy":"product_cat","embeddable":true,"href":"https:\/\/compuviper.mx\/tienda\/wp-json\/wp\/v2\/product_cat?post=248315"},{"taxonomy":"product_tag","embeddable":true,"href":"https:\/\/compuviper.mx\/tienda\/wp-json\/wp\/v2\/product_tag?post=248315"}],"curies":[{"name":"wp","href":"https:\/\/api.w.org\/{rel}","templated":true}]}}