{"id":248279,"date":"2026-04-25T00:40:22","date_gmt":"2026-04-25T06:40:22","guid":{"rendered":"https:\/\/compuviper.mx\/tienda\/producto\/gigabyte-b650-eagle-ax-tarjeta-madre-bigabyte-s-am5-4x-ddr5-7600-oc-dp-hdmi-wifi-bt-pcie-4-0-atx-gama-media\/"},"modified":"2026-04-26T00:00:19","modified_gmt":"2026-04-26T06:00:19","slug":"gigabyte-b650-eagle-ax-tarjeta-madre-bigabyte-s-am5-4x-ddr5-7600-oc-dp-hdmi-wifi-bt-pcie-4-0-atx-gama-media","status":"publish","type":"product","link":"https:\/\/compuviper.mx\/tienda\/producto\/gigabyte-b650-eagle-ax-tarjeta-madre-bigabyte-s-am5-4x-ddr5-7600-oc-dp-hdmi-wifi-bt-pcie-4-0-atx-gama-media\/","title":{"rendered":"Gigabyte B650 Eagle Ax Tarjeta Madre Bigabyte  S-am5 \/ 4x Ddr5 7600 Oc \/ Dp \/ Hdmi \/ Wifi \/ Bt \/ Pcie 4.0\/ Atx \/ Gama Media"},"content":{"rendered":"<table class=\"descripcion\">\n<tr>\n<td>Upc<\/td>\n<\/tr>\n<tr>\n<td>Amd socket am5, soporte para:<\/td>\n<\/tr>\n<tr>\n<td>Procesadores amd ryzen\u0099 serie 7000 \/ procesadores amd ryzen\u0099 serie 8000<\/td>\n<\/tr>\n<tr>\n<td>Visite el sitio web de gigabyte para obtener la lista ms reciente de soporte de cpu.<\/td>\n<\/tr>\n<tr>\n<td>Conjunto de chips<\/td>\n<\/tr>\n<tr>\n<td>Amd b650<\/td>\n<\/tr>\n<tr>\n<td>Memoria<\/td>\n<\/tr>\n<tr>\n<td>Compatibilidad con ddr5 7600oc\/ 7200oc\/ 7000oc\/ 6800oc\/ 6600oc\/ 6400oc\/ 6200oc\/ 6000oc\/ 5600oc\/ 5200\/ mdulos de memoria 4800\/4400 mt\/s<\/td>\n<\/tr>\n<tr>\n<td>4 zcalos dimm ddr5 que admiten hasta 192 gb 48 gb de capacidad dimm nica<\/td>\n<\/tr>\n<tr>\n<td>De memoria del sistema<\/td>\n<\/tr>\n<tr>\n<td>Arquitectura de memoria de doble canal compatibilidad con<\/td>\n<\/tr>\n<tr>\n<td>Mdulos de memoria dimm sin bfer 1rx8\/2rx8\/1rx16 sin ecc compatibilidad con mdulos de memoria<\/td>\n<\/tr>\n<tr>\n<td>Amd extended profiles for overclocking amd expo\u0099 y extreme<\/td>\n<\/tr>\n<tr>\n<td>Memory profile xmp<\/td>\n<\/tr>\n<tr>\n<td>La configuracin de la cpu y la memoria puede afectar los tipos de memoria admitidos,<\/td>\n<\/tr>\n<tr>\n<td>La velocidad de datos velocidad y la cantidad de mdulos dram; consulte soporte de memoria.<\/td>\n<\/tr>\n<tr>\n<td>List en el sitio web de gigabyte para obtener ms informacin.<\/td>\n<\/tr>\n<tr>\n<td>Grficos integrados<\/td>\n<\/tr>\n<tr>\n<td>Procesador de grficos integrado:<\/td>\n<\/tr>\n<tr>\n<td>&#8211; 1 x displayport, compatible con una resolucin mxima de 3840&#215;2160@144 hz<\/td>\n<\/tr>\n<tr>\n<td> soporte para la versin displayport 1.4.<\/td>\n<\/tr>\n<tr>\n<td>&#8211; 1 x puerto hdmi, compatible con una resolucin mxima de 4096&#215;2160@60 hz<\/td>\n<\/tr>\n<tr>\n<td> compatibilidad con la versin hdmi 2.1 y hdcp 2.3.<\/td>\n<\/tr>\n<tr>\n<td> compatibilidad con puertos nativos compatibles con hdmi 2.1 tmds.<\/td>\n<\/tr>\n<tr>\n<td>Las especificaciones grficas pueden variar segn la compatibilidad de la cpu.<\/td>\n<\/tr>\n<tr>\n<td>Audio<\/td>\n<\/tr>\n<tr>\n<td>Realtek\u00ae audio codec<\/td>\n<\/tr>\n<tr>\n<td>Audio de alta definicin<\/td>\n<\/tr>\n<tr>\n<td>2\/4\/5.1\/7.1 canales<\/td>\n<\/tr>\n<tr>\n<td> puede cambiar la funcionalidad de un conector de audio utilizando el software de audio. a<\/td>\n<\/tr>\n<tr>\n<td>Configure audio de 7.1 canales, acceda al software de audio para la configuracin de audio.<\/td>\n<\/tr>\n<tr>\n<td>Lan<\/td>\n<\/tr>\n<tr>\n<td>Chip lan realtek\u00ae gbe 1 gbps\/100 mbps\/10 mbps<\/td>\n<\/tr>\n<tr>\n<td>Mdulo de comunicacin inalmbrica<\/td>\n<\/tr>\n<tr>\n<td>Realtek\u00ae wi-fi 6e rtl8852ce<\/td>\n<\/tr>\n<tr>\n<td>&#8211; wifi a, b, g, n, ac, ax, compatible con bandas de frecuencia portadora de 2,4\/5\/6 ghz<\/td>\n<\/tr>\n<tr>\n<td>&#8211; bluetooth 5.3<\/td>\n<\/tr>\n<tr>\n<td>&#8211; compatible con el estndar inalmbrico 11ax 160 mhz<\/td>\n<\/tr>\n<tr>\n<td>La velocidad de datos real puede variar segn el entorno y equipamiento.<\/td>\n<\/tr>\n<tr>\n<td>Ranuras de expansin<\/td>\n<\/tr>\n<tr>\n<td>1 x ranura pci express x16 pciex16, integrada en la cpu:<\/td>\n<\/tr>\n<tr>\n<td>&#8211; los procesadores amd ryzen\u0099 serie 7000 admiten el modo pcie 4.0 x16<\/td>\n<\/tr>\n<tr>\n<td>&#8211; los procesadores amd ryzen\u0099 serie 8000-phoenix 1 admiten el modo pcie 4.0 x8<\/td>\n<\/tr>\n<tr>\n<td>&#8211; amd ryzen\u0099 serie 8000-phoenix 2 procesadores admiten el modo pcie 4.0 x4<\/td>\n<\/tr>\n<tr>\n<td> la ranura pciex16 solo admite una tarjeta grfica o una ssd nvme. si solo se va a instalar una tarjeta grfica, asegrese de instalarla en la ranura pciex16.<\/td>\n<\/tr>\n<tr>\n<td>Conjunto de chips:<\/td>\n<\/tr>\n<tr>\n<td>3 x ranuras pci express x16, compatibles con pcie 3.0 y funcionando en x1<\/td>\n<\/tr>\n<tr>\n<td> las ranuras pciex1_1 y pciex1_2 dejan de estar disponibles cuando se utiliza un procesador amd ryzen\u0099 8000 series-phoenix 2.<\/td>\n<\/tr>\n<tr>\n<td>Interfaz de almacenamiento<\/td>\n<\/tr>\n<tr>\n<td>1 x conector m.2 m2a_cpu, integrado en la cpu, compatible con ssd socket 3, clave m, tipo 25110\/2580:<\/td>\n<\/tr>\n<tr>\n<td>&#8211; los procesadores amd ryzen\u0099 serie 7000 admiten ssd pcie 5.0 x4\/x2<\/td>\n<\/tr>\n<tr>\n<td>&#8211; amd ryzen\u0099 serie 8000-phoenix 1 procesadores compatibles con ssd pcie 4.0 x4\/x2<\/td>\n<\/tr>\n<tr>\n<td>&#8211; amd ryzen\u0099 serie 8000-phoenix 2 procesadores compatibles con ssd pcie 4.0 x4\/x2<\/td>\n<\/tr>\n<tr>\n<td>1 conector m.2 m2p_cpu, integrado en la cpu, compatible con socket 3, clave m, tipo 22110 \/2280 ssd:<\/td>\n<\/tr>\n<tr>\n<td>&#8211; los procesadores amd ryzen\u0099 serie 7000 admiten ssd pcie 4.0 x2<\/td>\n<\/tr>\n<tr>\n<td>&#8211; los procesadores amd ryzen\u0099 serie 8000-phoenix 1 admiten ssd pcie 4.0 x2<\/td>\n<\/tr>\n<tr>\n<td>&#8211; los procesadores amd ryzen\u0099 serie 8000-phoenix 2 admiten ssd pcie 4.0 x2<\/td>\n<\/tr>\n<tr>\n<td>Conjunto de chips:<\/td>\n<\/tr>\n<tr>\n<td>1 x conector m.2 socket 3, clave m, soporte para ssd pcie 4.0 x4\/x2 tipo 22110\/2280 m2c_sb<\/td>\n<\/tr>\n<tr>\n<td>4 conectores sata de 6 gb\/s compatibilidad<\/td>\n<\/tr>\n<tr>\n<td>Con raid 0, raid 1 y raid 10 para dispositivos de almacenamiento ssd nvme<\/td>\n<\/tr>\n<tr>\n<td>Raid 0 , compatibilidad con raid 1 y raid 10 para dispositivos de almacenamiento sata<\/td>\n<\/tr>\n<tr>\n<td>Usb<\/td>\n<\/tr>\n<tr>\n<td>Cpu:<\/td>\n<\/tr>\n<tr>\n<td>&#8211; 2 x puertos usb 3.2 gen 2 tipo a rojos en el panel posterior<\/td>\n<\/tr>\n<tr>\n<td>&#8211; 1 x puerto usb type-c\u00ae en el panel posterior, compatible con usb 3.2 gen 1<\/td>\n<\/tr>\n<tr>\n<td>Cpuconcentrador usb 2.0:<\/td>\n<\/tr>\n<tr>\n<td>&#8211; 4 x usb puertos 2.0\/1.1 en el<\/td>\n<\/tr>\n<tr>\n<td>Conjunto de chips del panel posterior:<\/td>\n<\/tr>\n<tr>\n<td>&#8211; 2 puertos usb 3.2 gen 1 disponibles a travs del encabezado usb interno<\/td>\n<\/tr>\n<tr>\n<td>&#8211; 1 puerto usb type-c\u00ae compatible con usb 3.2 gen 1, disponible a travs del<\/td>\n<\/tr>\n<tr>\n<td>Encabezado usb interno<\/td>\n<\/tr>\n<tr>\n<td>&#8211; 4 x usb puertos 2.0\/1.1 2 puertos en el panel posterior, 2 puertos disponibles a travs<\/td>\n<\/tr>\n<tr>\n<td>Del conector usb interno<\/td>\n<\/tr>\n<tr>\n<td>Chipsethub usb 2.0:<\/td>\n<\/tr>\n<tr>\n<td>&#8211; 4 puertos usb 2.0\/1.1 disponibles a travs del conector usb interno<\/td>\n<\/tr>\n<tr>\n<td>Conectores de e\/s internos<\/td>\n<\/tr>\n<tr>\n<td>1 conector de alimentacin principal atx de 24 pines<\/td>\n<\/tr>\n<tr>\n<td>1 conector de alimentacin atx de 12 v de 8 pines 1 cabezal de ventilador<\/td>\n<\/tr>\n<tr>\n<td>De cpu<\/td>\n<\/tr>\n<tr>\n<td>1 cabezal de bomba de refrigeracin de agua\/ventilador de cpu<\/td>\n<\/tr>\n<tr>\n<td>2 cabezales de ventilador del sistema<\/td>\n<\/tr>\n<tr>\n<td>1 cabezal de bomba de refrigeracin de agua\/ventilador del sistema<\/td>\n<\/tr>\n<tr>\n<td>3 rgb direccionables conectores de tira de led gen2<\/td>\n<\/tr>\n<tr>\n<td>1 conector de tira de led rgb<\/td>\n<\/tr>\n<tr>\n<td>3 conectores m.2 socket 3<\/td>\n<\/tr>\n<tr>\n<td>4 conectores sata de 6 gb\/s<\/td>\n<\/tr>\n<tr>\n<td>1 encabezado del panel frontal<\/td>\n<\/tr>\n<tr>\n<td>1 encabezado de audio del panel frontal<\/td>\n<\/tr>\n<tr>\n<td>1 encabezado usb type-c\u00ae, con usb 3.2 gen 1 compatible<\/td>\n<\/tr>\n<tr>\n<td>1 x encabezado usb 3.2 gen 1<\/td>\n<\/tr>\n<tr>\n<td>3 x encabezados usb 2.0\/1.1<\/td>\n<\/tr>\n<tr>\n<td>1 x encabezado de mdulo de plataforma segura<\/td>\n<\/tr>\n<tr>\n<td>Solo para el mdulo gc-tpm2.0 spi\/gc-tpm2.0 spi 2.0\/ gc-tpm2.0 spi v2<\/td>\n<\/tr>\n<tr>\n<td>1 x botn q-flash plus<\/td>\n<\/tr>\n<tr>\n<td>1 x encabezado del puerto serie j<\/td>\n<\/tr>\n<tr>\n<td>1 x puente para borrar cmos<\/td>\n<\/tr>\n<tr>\n<td>Conectores del panel posterior<\/td>\n<\/tr>\n<tr>\n<td>1 x displayport<\/td>\n<\/tr>\n<tr>\n<td>1 x puerto hdmi<\/td>\n<\/tr>\n<tr>\n<td>1 x puerto de teclado\/ratn ps\/2<\/td>\n<\/tr>\n<tr>\n<td>2 x conectores de antena sma 2t2r<\/td>\n<\/tr>\n<tr>\n<td>1 x puerto usb type-c\u00ae, compatible con usb 3.2 gen 1<\/td>\n<\/tr>\n<tr>\n<td>2 x puertos usb 3.2 gen 2 type-a  rojo<\/td>\n<\/tr>\n<tr>\n<td>6 x puertos usb 2.0\/1.1<\/td>\n<\/tr>\n<tr>\n<td>1 x puerto rj-45<\/td>\n<\/tr>\n<tr>\n<td>3 x conectores de audio<\/td>\n<\/tr>\n<tr>\n<td>Controlador de e\/s<\/td>\n<\/tr>\n<tr>\n<td>Chip controlador de e\/s ite\u00ae<\/td>\n<\/tr>\n<tr>\n<td>Monitoreo de hardware<\/td>\n<\/tr>\n<tr>\n<td>Deteccin de voltaje<\/td>\n<\/tr>\n<tr>\n<td>Deteccin de temperatura<\/td>\n<\/tr>\n<tr>\n<td>Deteccin de velocidad del ventilador<\/td>\n<\/tr>\n<tr>\n<td>Deteccin de caudal de refrigeracin por agua<\/td>\n<\/tr>\n<tr>\n<td>Advertencia de fallo del ventilador<\/td>\n<\/tr>\n<tr>\n<td>Control de velocidad del ventilador<\/td>\n<\/tr>\n<tr>\n<td> la compatibilidad con la funcin de control de velocidad del ventilador bomba depender del ventilador<\/td>\n<\/tr>\n<tr>\n<td>Bomba que instalas.<\/td>\n<\/tr>\n<tr>\n<td>Bios<\/td>\n<\/tr>\n<tr>\n<td>1 flash de 256 mbit<\/td>\n<\/tr>\n<tr>\n<td>Uso de ami uefi bios<\/td>\n<\/tr>\n<tr>\n<td>Pnp 1.0a, dmi 2.7, wfm 2.0, sm bios 2.7, acpi 5.0 con licencia<\/td>\n<\/tr>\n<tr>\n<td>Caractersticas unicas<\/td>\n<\/tr>\n<tr>\n<td>Soporte para el centro de control de gigabyte gcc<\/td>\n<\/tr>\n<tr>\n<td> las aplicaciones disponibles en gcc pueden variar segn el modelo de placa base. funciones soportadas<\/td>\n<\/tr>\n<tr>\n<td>De cada aplicacin tambin puede variar segn las especificaciones de la placa base.<\/td>\n<\/tr>\n<tr>\n<td>Soporte para q-flash<\/td>\n<\/tr>\n<tr>\n<td>Soporte para q-flash plus<\/td>\n<\/tr>\n<tr>\n<td>Software incluido<\/td>\n<\/tr>\n<tr>\n<td>Norton\u00ae internet security versin oem<\/td>\n<\/tr>\n<tr>\n<td>Software de gestin de ancho de banda lan<\/td>\n<\/tr>\n<tr>\n<td>Sistema operativo<\/td>\n<\/tr>\n<tr>\n<td>Soporte para windows 11 de 64 bits<\/td>\n<\/tr>\n<tr>\n<td>Soporte para windows 10 de 64 bits<\/td>\n<\/tr>\n<tr>\n<td>Factor de forma<\/td>\n<\/tr>\n<tr>\n<td>Factor de forma atx; 30,5 x 24,4 cm.<\/td>\n<\/tr>\n<\/table>\n","protected":false},"excerpt":{"rendered":"<p>B650 hacha de \u00e1guila. Amd socket am5: compatible con procesadores amd ryzen\u0099 serie 7000. Rendimiento incomparable: solucin vrm digital de 1222 fases. Ddr5 de doble canal: 4  dimm smd con compatibilidad con mdulos de memoria amd expo\u0099 e intel\u00ae xmp. Almacenamiento superspeed: 1  pcie 5.0  2  conectores pcie 4.0 m.2. Diseo trmico avanzado y proteccin trmica m.2: para garantizar la estabilidad de energa de vrm y el rendimiento de ssd 25110 m.2. Ez-latch: ranura pcie x16 con diseo de liberacin rpida. Redes rpidas: wi-fi 6e 802.11ax y gbe lan. Conectividad extendida: dp, hdmi, usb\u00ae trasero de 10 gb\/s. Smart fan 6: cuenta con mltiples sensores de temperatura y cabezales de ventilador hbridos con fan stop. Q-flash plus: actualice el bios sin instalar la cpu, la memoria y la tarjeta grfica<\/p>\n","protected":false},"featured_media":248318,"comment_status":"open","ping_status":"open","template":"","meta":[],"product_cat":[2240,1727],"product_tag":[1732],"acf":[],"yoast_head":"<!-- This site is optimized with the Yoast SEO plugin v21.7 - https:\/\/yoast.com\/wordpress\/plugins\/seo\/ -->\n<title>[ Gigabyte ] &#129351; B650 Eagle Ax Tarjeta Madre Bigabyte S-am5 \/ 4x Ddr5 7600 Oc \/ Dp \/ Hdmi \/ Wifi \/ Bt \/ Pcie 4.0\/ Atx \/ Gama Media<\/title>\n<meta name=\"description\" content=\"Compra B650 Eagle Ax Tarjeta Madre Bigabyte S-am5 \/ 4x Ddr5 7600 Oc \/ Dp \/ Hdmi \/ Wifi \/ Bt \/ Pcie 4.0\/ Atx \/ Gama Media + Env\u00edo a domicilio + Pago seguro + Garant\u00eda\" \/>\n<meta name=\"robots\" content=\"index, follow, max-snippet:-1, max-image-preview:large, max-video-preview:-1\" \/>\n<link rel=\"canonical\" href=\"https:\/\/compuviper.mx\/tienda\/producto\/gigabyte-b650-eagle-ax-tarjeta-madre-bigabyte-s-am5-4x-ddr5-7600-oc-dp-hdmi-wifi-bt-pcie-4-0-atx-gama-media\/\" \/>\n<meta property=\"og:locale\" content=\"es_MX\" \/>\n<meta property=\"og:type\" content=\"article\" \/>\n<meta property=\"og:title\" content=\"[ Gigabyte ] &#129351; B650 Eagle Ax Tarjeta Madre Bigabyte S-am5 \/ 4x Ddr5 7600 Oc \/ Dp \/ Hdmi \/ Wifi \/ Bt \/ Pcie 4.0\/ Atx \/ Gama Media\" \/>\n<meta property=\"og:description\" content=\"Compra B650 Eagle Ax Tarjeta Madre Bigabyte S-am5 \/ 4x Ddr5 7600 Oc \/ Dp \/ Hdmi \/ Wifi \/ Bt \/ Pcie 4.0\/ Atx \/ Gama Media + Env\u00edo a domicilio + Pago seguro + Garant\u00eda\" \/>\n<meta property=\"og:url\" content=\"https:\/\/compuviper.mx\/tienda\/producto\/gigabyte-b650-eagle-ax-tarjeta-madre-bigabyte-s-am5-4x-ddr5-7600-oc-dp-hdmi-wifi-bt-pcie-4-0-atx-gama-media\/\" \/>\n<meta property=\"og:site_name\" content=\"Compuviper\" \/>\n<meta property=\"article:publisher\" content=\"https:\/\/www.facebook.com\/compuviper\" \/>\n<meta property=\"article:modified_time\" content=\"2026-04-26T06:00:19+00:00\" \/>\n<meta property=\"og:image\" content=\"https:\/\/compuviper.mx\/tienda\/wp-content\/uploads\/2025\/01\/Tarjeta-madre-bigabyte-b650-eagle-ax-s-am5-4x-ddr5-7600-oc-dp-hdmi-wifi-bt-pcie-4.0-atx-gama-media.jpg\" \/>\n\t<meta property=\"og:image:width\" content=\"200\" \/>\n\t<meta property=\"og:image:height\" content=\"200\" \/>\n\t<meta property=\"og:image:type\" content=\"image\/jpeg\" \/>\n<meta name=\"twitter:card\" content=\"summary_large_image\" \/>\n<meta name=\"twitter:label1\" content=\"Precio\" \/>\n\t<meta name=\"twitter:data1\" content=\"&#36;2,661 con IVA\" \/>\n\t<meta name=\"twitter:label2\" content=\"Availability\" \/>\n\t<meta name=\"twitter:data2\" content=\"Out of stock\" \/>\n<script type=\"application\/ld+json\" class=\"yoast-schema-graph\">{\"@context\":\"https:\/\/schema.org\",\"@graph\":[{\"@type\":\"WebPage\",\"@id\":\"https:\/\/compuviper.mx\/tienda\/producto\/gigabyte-b650-eagle-ax-tarjeta-madre-bigabyte-s-am5-4x-ddr5-7600-oc-dp-hdmi-wifi-bt-pcie-4-0-atx-gama-media\/\",\"url\":\"https:\/\/compuviper.mx\/tienda\/producto\/gigabyte-b650-eagle-ax-tarjeta-madre-bigabyte-s-am5-4x-ddr5-7600-oc-dp-hdmi-wifi-bt-pcie-4-0-atx-gama-media\/\",\"name\":\"[ Gigabyte ] &#129351; B650 Eagle Ax Tarjeta Madre Bigabyte S-am5 \/ 4x Ddr5 7600 Oc \/ Dp \/ Hdmi \/ Wifi \/ Bt \/ Pcie 4.0\/ Atx \/ Gama Media\",\"isPartOf\":{\"@id\":\"https:\/\/compuviper.mx\/tienda\/#website\"},\"datePublished\":\"2026-04-25T06:40:22+00:00\",\"dateModified\":\"2026-04-26T06:00:19+00:00\",\"description\":\"Compra B650 Eagle Ax Tarjeta Madre Bigabyte S-am5 \/ 4x Ddr5 7600 Oc \/ Dp \/ Hdmi \/ Wifi \/ Bt \/ Pcie 4.0\/ Atx \/ Gama Media + Env\u00edo a domicilio + Pago seguro + Garant\u00eda\",\"breadcrumb\":{\"@id\":\"https:\/\/compuviper.mx\/tienda\/producto\/gigabyte-b650-eagle-ax-tarjeta-madre-bigabyte-s-am5-4x-ddr5-7600-oc-dp-hdmi-wifi-bt-pcie-4-0-atx-gama-media\/#breadcrumb\"},\"inLanguage\":\"es-MX\",\"potentialAction\":[{\"@type\":\"ReadAction\",\"target\":[\"https:\/\/compuviper.mx\/tienda\/producto\/gigabyte-b650-eagle-ax-tarjeta-madre-bigabyte-s-am5-4x-ddr5-7600-oc-dp-hdmi-wifi-bt-pcie-4-0-atx-gama-media\/\"]}]},{\"@type\":\"BreadcrumbList\",\"@id\":\"https:\/\/compuviper.mx\/tienda\/producto\/gigabyte-b650-eagle-ax-tarjeta-madre-bigabyte-s-am5-4x-ddr5-7600-oc-dp-hdmi-wifi-bt-pcie-4-0-atx-gama-media\/#breadcrumb\",\"itemListElement\":[{\"@type\":\"ListItem\",\"position\":1,\"name\":\"Inicio\",\"item\":\"https:\/\/compuviper.mx\/tienda\/\"},{\"@type\":\"ListItem\",\"position\":2,\"name\":\"Productos\",\"item\":\"https:\/\/compuviper.mx\/tienda\/productos\/\"},{\"@type\":\"ListItem\",\"position\":3,\"name\":\"Tarjeta Madre\",\"item\":\"https:\/\/compuviper.mx\/tienda\/categoria-producto\/tarjeta-madre\/\"},{\"@type\":\"ListItem\",\"position\":4,\"name\":\"Socket Am5\",\"item\":\"https:\/\/compuviper.mx\/tienda\/categoria-producto\/tarjeta-madre\/socket-am5\/\"},{\"@type\":\"ListItem\",\"position\":5,\"name\":\"Gigabyte B650 Eagle Ax Tarjeta Madre Bigabyte S-am5 \/ 4x Ddr5 7600 Oc \/ Dp \/ Hdmi \/ Wifi \/ Bt \/ Pcie 4.0\/ Atx \/ Gama Media\"}]},{\"@type\":\"WebSite\",\"@id\":\"https:\/\/compuviper.mx\/tienda\/#website\",\"url\":\"https:\/\/compuviper.mx\/tienda\/\",\"name\":\"Compuviper\",\"description\":\"Proveedor de Computadoras, Laptops, Servidores, Monitores, Puntos de Venta, Teclados,   Impresoras, T\u00f3ner, C\u00e1maras de Seguridad y m\u00e1s en tu tienda en l\u00ednea\",\"publisher\":{\"@id\":\"https:\/\/compuviper.mx\/tienda\/#organization\"},\"potentialAction\":[{\"@type\":\"SearchAction\",\"target\":{\"@type\":\"EntryPoint\",\"urlTemplate\":\"https:\/\/compuviper.mx\/tienda\/?s={search_term_string}\"},\"query-input\":\"required name=search_term_string\"}],\"inLanguage\":\"es-MX\"},{\"@type\":\"Organization\",\"@id\":\"https:\/\/compuviper.mx\/tienda\/#organization\",\"name\":\"Compuviper\",\"url\":\"https:\/\/compuviper.mx\/tienda\/\",\"logo\":{\"@type\":\"ImageObject\",\"inLanguage\":\"es-MX\",\"@id\":\"https:\/\/compuviper.mx\/tienda\/#\/schema\/logo\/image\/\",\"url\":\"https:\/\/compuviper.mx\/tienda\/wp-content\/uploads\/2021\/08\/Logo-Compuviper-10.png\",\"contentUrl\":\"https:\/\/compuviper.mx\/tienda\/wp-content\/uploads\/2021\/08\/Logo-Compuviper-10.png\",\"width\":1000,\"height\":500,\"caption\":\"Compuviper\"},\"image\":{\"@id\":\"https:\/\/compuviper.mx\/tienda\/#\/schema\/logo\/image\/\"},\"sameAs\":[\"https:\/\/www.facebook.com\/compuviper\",\"https:\/\/www.youtube.com\/channel\/UCf73dERp9Y3cfOq7q8BhLjA?view_as=subscriber\"]}]}<\/script>\n<meta property=\"product:brand\" content=\"GIGABYTE\" \/>\n<meta property=\"product:price:amount\" content=\"2661\" \/>\n<meta property=\"product:price:currency\" content=\"MXN\" \/>\n<meta property=\"og:availability\" content=\"out of stock\" \/>\n<meta property=\"product:availability\" content=\"out of stock\" \/>\n<meta property=\"product:retailer_item_id\" content=\"B650 EAGLE AX\" \/>\n<meta property=\"product:condition\" content=\"new\" \/>\n<!-- \/ Yoast SEO plugin. -->","yoast_head_json":{"title":"[ Gigabyte ] &#129351; B650 Eagle Ax Tarjeta Madre Bigabyte S-am5 \/ 4x Ddr5 7600 Oc \/ Dp \/ Hdmi \/ Wifi \/ Bt \/ Pcie 4.0\/ Atx \/ Gama Media","description":"Compra B650 Eagle Ax Tarjeta Madre Bigabyte S-am5 \/ 4x Ddr5 7600 Oc \/ Dp \/ Hdmi \/ Wifi \/ Bt \/ Pcie 4.0\/ Atx \/ Gama Media + Env\u00edo a domicilio + Pago seguro + Garant\u00eda","robots":{"index":"index","follow":"follow","max-snippet":"max-snippet:-1","max-image-preview":"max-image-preview:large","max-video-preview":"max-video-preview:-1"},"canonical":"https:\/\/compuviper.mx\/tienda\/producto\/gigabyte-b650-eagle-ax-tarjeta-madre-bigabyte-s-am5-4x-ddr5-7600-oc-dp-hdmi-wifi-bt-pcie-4-0-atx-gama-media\/","og_locale":"es_MX","og_type":"article","og_title":"[ Gigabyte ] &#129351; B650 Eagle Ax Tarjeta Madre Bigabyte S-am5 \/ 4x Ddr5 7600 Oc \/ Dp \/ Hdmi \/ Wifi \/ Bt \/ Pcie 4.0\/ Atx \/ Gama Media","og_description":"Compra B650 Eagle Ax Tarjeta Madre Bigabyte S-am5 \/ 4x Ddr5 7600 Oc \/ Dp \/ Hdmi \/ Wifi \/ Bt \/ Pcie 4.0\/ Atx \/ Gama Media + Env\u00edo a domicilio + Pago seguro + Garant\u00eda","og_url":"https:\/\/compuviper.mx\/tienda\/producto\/gigabyte-b650-eagle-ax-tarjeta-madre-bigabyte-s-am5-4x-ddr5-7600-oc-dp-hdmi-wifi-bt-pcie-4-0-atx-gama-media\/","og_site_name":"Compuviper","article_publisher":"https:\/\/www.facebook.com\/compuviper","article_modified_time":"2026-04-26T06:00:19+00:00","og_image":[{"width":200,"height":200,"url":"https:\/\/compuviper.mx\/tienda\/wp-content\/uploads\/2025\/01\/Tarjeta-madre-bigabyte-b650-eagle-ax-s-am5-4x-ddr5-7600-oc-dp-hdmi-wifi-bt-pcie-4.0-atx-gama-media.jpg","type":"image\/jpeg"}],"twitter_card":"summary_large_image","twitter_misc":{"Precio":"&#36;2,661 con IVA","Availability":"Out of stock"},"schema":{"@context":"https:\/\/schema.org","@graph":[{"@type":"WebPage","@id":"https:\/\/compuviper.mx\/tienda\/producto\/gigabyte-b650-eagle-ax-tarjeta-madre-bigabyte-s-am5-4x-ddr5-7600-oc-dp-hdmi-wifi-bt-pcie-4-0-atx-gama-media\/","url":"https:\/\/compuviper.mx\/tienda\/producto\/gigabyte-b650-eagle-ax-tarjeta-madre-bigabyte-s-am5-4x-ddr5-7600-oc-dp-hdmi-wifi-bt-pcie-4-0-atx-gama-media\/","name":"[ Gigabyte ] &#129351; B650 Eagle Ax Tarjeta Madre Bigabyte S-am5 \/ 4x Ddr5 7600 Oc \/ Dp \/ Hdmi \/ Wifi \/ Bt \/ Pcie 4.0\/ Atx \/ Gama Media","isPartOf":{"@id":"https:\/\/compuviper.mx\/tienda\/#website"},"datePublished":"2026-04-25T06:40:22+00:00","dateModified":"2026-04-26T06:00:19+00:00","description":"Compra B650 Eagle Ax Tarjeta Madre Bigabyte S-am5 \/ 4x Ddr5 7600 Oc \/ Dp \/ Hdmi \/ Wifi \/ Bt \/ Pcie 4.0\/ Atx \/ Gama Media + Env\u00edo a domicilio + Pago seguro + Garant\u00eda","breadcrumb":{"@id":"https:\/\/compuviper.mx\/tienda\/producto\/gigabyte-b650-eagle-ax-tarjeta-madre-bigabyte-s-am5-4x-ddr5-7600-oc-dp-hdmi-wifi-bt-pcie-4-0-atx-gama-media\/#breadcrumb"},"inLanguage":"es-MX","potentialAction":[{"@type":"ReadAction","target":["https:\/\/compuviper.mx\/tienda\/producto\/gigabyte-b650-eagle-ax-tarjeta-madre-bigabyte-s-am5-4x-ddr5-7600-oc-dp-hdmi-wifi-bt-pcie-4-0-atx-gama-media\/"]}]},{"@type":"BreadcrumbList","@id":"https:\/\/compuviper.mx\/tienda\/producto\/gigabyte-b650-eagle-ax-tarjeta-madre-bigabyte-s-am5-4x-ddr5-7600-oc-dp-hdmi-wifi-bt-pcie-4-0-atx-gama-media\/#breadcrumb","itemListElement":[{"@type":"ListItem","position":1,"name":"Inicio","item":"https:\/\/compuviper.mx\/tienda\/"},{"@type":"ListItem","position":2,"name":"Productos","item":"https:\/\/compuviper.mx\/tienda\/productos\/"},{"@type":"ListItem","position":3,"name":"Tarjeta Madre","item":"https:\/\/compuviper.mx\/tienda\/categoria-producto\/tarjeta-madre\/"},{"@type":"ListItem","position":4,"name":"Socket Am5","item":"https:\/\/compuviper.mx\/tienda\/categoria-producto\/tarjeta-madre\/socket-am5\/"},{"@type":"ListItem","position":5,"name":"Gigabyte B650 Eagle Ax Tarjeta Madre Bigabyte S-am5 \/ 4x Ddr5 7600 Oc \/ Dp \/ Hdmi \/ Wifi \/ Bt \/ Pcie 4.0\/ Atx \/ Gama Media"}]},{"@type":"WebSite","@id":"https:\/\/compuviper.mx\/tienda\/#website","url":"https:\/\/compuviper.mx\/tienda\/","name":"Compuviper","description":"Proveedor de Computadoras, Laptops, Servidores, Monitores, Puntos de Venta, Teclados,   Impresoras, T\u00f3ner, C\u00e1maras de Seguridad y m\u00e1s en tu tienda en l\u00ednea","publisher":{"@id":"https:\/\/compuviper.mx\/tienda\/#organization"},"potentialAction":[{"@type":"SearchAction","target":{"@type":"EntryPoint","urlTemplate":"https:\/\/compuviper.mx\/tienda\/?s={search_term_string}"},"query-input":"required name=search_term_string"}],"inLanguage":"es-MX"},{"@type":"Organization","@id":"https:\/\/compuviper.mx\/tienda\/#organization","name":"Compuviper","url":"https:\/\/compuviper.mx\/tienda\/","logo":{"@type":"ImageObject","inLanguage":"es-MX","@id":"https:\/\/compuviper.mx\/tienda\/#\/schema\/logo\/image\/","url":"https:\/\/compuviper.mx\/tienda\/wp-content\/uploads\/2021\/08\/Logo-Compuviper-10.png","contentUrl":"https:\/\/compuviper.mx\/tienda\/wp-content\/uploads\/2021\/08\/Logo-Compuviper-10.png","width":1000,"height":500,"caption":"Compuviper"},"image":{"@id":"https:\/\/compuviper.mx\/tienda\/#\/schema\/logo\/image\/"},"sameAs":["https:\/\/www.facebook.com\/compuviper","https:\/\/www.youtube.com\/channel\/UCf73dERp9Y3cfOq7q8BhLjA?view_as=subscriber"]}]},"product_brand":"GIGABYTE","product_price_amount":"2661","product_price_currency":"MXN","og_availability":"out of stock","product_availability":"out of stock","product_retailer_item_id":"B650 EAGLE AX","product_condition":"new"},"_links":{"self":[{"href":"https:\/\/compuviper.mx\/tienda\/wp-json\/wp\/v2\/product\/248279"}],"collection":[{"href":"https:\/\/compuviper.mx\/tienda\/wp-json\/wp\/v2\/product"}],"about":[{"href":"https:\/\/compuviper.mx\/tienda\/wp-json\/wp\/v2\/types\/product"}],"replies":[{"embeddable":true,"href":"https:\/\/compuviper.mx\/tienda\/wp-json\/wp\/v2\/comments?post=248279"}],"wp:featuredmedia":[{"embeddable":true,"href":"https:\/\/compuviper.mx\/tienda\/wp-json\/wp\/v2\/media\/248318"}],"wp:attachment":[{"href":"https:\/\/compuviper.mx\/tienda\/wp-json\/wp\/v2\/media?parent=248279"}],"wp:term":[{"taxonomy":"product_cat","embeddable":true,"href":"https:\/\/compuviper.mx\/tienda\/wp-json\/wp\/v2\/product_cat?post=248279"},{"taxonomy":"product_tag","embeddable":true,"href":"https:\/\/compuviper.mx\/tienda\/wp-json\/wp\/v2\/product_tag?post=248279"}],"curies":[{"name":"wp","href":"https:\/\/api.w.org\/{rel}","templated":true}]}}