{"id":248148,"date":"2026-04-25T02:17:28","date_gmt":"2026-04-25T08:17:28","guid":{"rendered":"https:\/\/compuviper.mx\/tienda\/producto\/epson-v11ha47020-videoproyector-pro-cinema-ls12000-3lcd-4k-pro-uhd-2700-lumenes-usb-hdmi\/"},"modified":"2026-04-25T02:17:29","modified_gmt":"2026-04-25T08:17:29","slug":"epson-v11ha47020010343967465-videoproyector-pro-cinema-ls12000-3lcd-4k-pro-uhd-2700-lumenes-usb-hdmi","status":"publish","type":"product","link":"https:\/\/compuviper.mx\/tienda\/producto\/epson-v11ha47020010343967465-videoproyector-pro-cinema-ls12000-3lcd-4k-pro-uhd-2700-lumenes-usb-hdmi\/","title":{"rendered":"Epson V11ha47020,010343967465 Videoproyector  Pro Cinema Ls12000, 3lcd, 4k Pro-uhd, 2700 Lumenes, Usb, Hdmi"},"content":{"rendered":"<table class=\"descripcion\">\n<tr>\n<td>Especificaciones tecnicas<\/td>\n<\/tr>\n<tr>\n<td>*sistema de proyeccion: tecnologia epson 3lcd de 3 chips<\/td>\n<\/tr>\n<tr>\n<td>*dise\u00f1o de chip (arquitectura): 3 chip<\/td>\n<\/tr>\n<tr>\n<td>*fuente de luz: conjunto de diodos laser verdadero<\/td>\n<\/tr>\n<tr>\n<td>*modo de proyeccion: frontal\/retroproyeccion\/pared<\/td>\n<\/tr>\n<tr>\n<td>*color del producto: negro<\/td>\n<\/tr>\n<tr>\n<td>*metodo de conduccion: poly-silicon \u00e1nel de 0.87\u0094 de ancho 12 bits<\/td>\n<\/tr>\n<tr>\n<td>*resolucion de salida: 4 k pro-uhd 3840 x 2160 (doble eje: 1920 x 1080<\/td>\n<\/tr>\n<tr>\n<td>Resolucion maxima de entrada: 4096 x 2160<\/td>\n<\/tr>\n<tr>\n<td>*frecuencia maxima de actualizacion: 120 hz<\/td>\n<\/tr>\n<tr>\n<td>*resoluciones admitidas: 4k 2160p, 2k full hd 1080p\/i, hd 720p, 576 p\/i 480p\/i<\/td>\n<\/tr>\n<tr>\n<td>*relacion de aspecto nativo: pantalla panoramica 16:9<\/td>\n<\/tr>\n<tr>\n<td>Cambio de tama\u00f1o de coompatibilidad con la relacion: 1,9:1 (4096 x 2160), 21:9 (2560 x 1080 ) 4:3 (1600 x 1200) 9:6 (720 x 480), 5:4 (720 x 576 )<\/td>\n<\/tr>\n<tr>\n<td>*brillo de colores: salida de colores: 2700 lumenes<\/td>\n<\/tr>\n<tr>\n<td>*brillo blanco: salida de luz blanca: 2700 lumenes<\/td>\n<\/tr>\n<tr>\n<td>*relacion de contraste: hasta 1.200.000:1 y mas, con contraste dinamico en configuracion de velocidad normal o alta.<\/td>\n<\/tr>\n<tr>\n<td>*balance de blancos: ajuste de temperatura de 14 puntos.<\/td>\n<\/tr>\n<tr>\n<td>Reproduccion de color: color completa (hasta 1070 millones de colores)<\/td>\n<\/tr>\n<tr>\n<td>*tama\u00f1o: 50\u0094 a 300\u0094<\/td>\n<\/tr>\n<tr>\n<td>*fuente de luz: normal hasta 20.000 horas, eco: hasta 20.000 horas<\/td>\n<\/tr>\n<\/table>\n","protected":false},"excerpt":{"rendered":"<p>Los proyectores epson pro cinema tienen un objetivo: reproducir fielmente el material de origen tal y como lo concibio el artista. Este unico pensamiento es lo que guio a nuestros equipos de ingenieria para desarrollar un proyector de cine en casa de ultima generacion. Y lo que se les ocurrio, posiblemente podria ser nuestro mejor proyector de cine profesional.<\/p>\n","protected":false},"featured_media":258593,"comment_status":"open","ping_status":"open","template":"","meta":[],"product_cat":[1843,1845],"product_tag":[1624],"acf":[],"yoast_head":"<!-- This site is optimized with the Yoast SEO plugin v21.7 - https:\/\/yoast.com\/wordpress\/plugins\/seo\/ -->\n<title>[ Epson ] &#129351; V11ha47020,010343967465 Videoproyector Pro Cinema Ls12000, 3lcd, 4k Pro-uhd, 2700 Lumenes, Usb, Hdmi<\/title>\n<meta name=\"description\" content=\"Compra V11ha47020,010343967465 Videoproyector Pro Cinema Ls12000, 3lcd, 4k Pro-uhd, 2700 Lumenes, Usb, Hdmi + Env\u00edo a domicilio + Pago seguro + Garant\u00eda\" \/>\n<meta name=\"robots\" content=\"index, follow, max-snippet:-1, max-image-preview:large, max-video-preview:-1\" \/>\n<link rel=\"canonical\" href=\"https:\/\/compuviper.mx\/tienda\/producto\/epson-v11ha47020010343967465-videoproyector-pro-cinema-ls12000-3lcd-4k-pro-uhd-2700-lumenes-usb-hdmi\/\" \/>\n<meta property=\"og:locale\" content=\"es_MX\" \/>\n<meta property=\"og:type\" content=\"article\" \/>\n<meta property=\"og:title\" content=\"[ Epson ] &#129351; V11ha47020,010343967465 Videoproyector Pro Cinema Ls12000, 3lcd, 4k Pro-uhd, 2700 Lumenes, Usb, Hdmi\" \/>\n<meta property=\"og:description\" content=\"Compra V11ha47020,010343967465 Videoproyector Pro Cinema Ls12000, 3lcd, 4k Pro-uhd, 2700 Lumenes, Usb, Hdmi + Env\u00edo a domicilio + Pago seguro + Garant\u00eda\" \/>\n<meta property=\"og:url\" content=\"https:\/\/compuviper.mx\/tienda\/producto\/epson-v11ha47020010343967465-videoproyector-pro-cinema-ls12000-3lcd-4k-pro-uhd-2700-lumenes-usb-hdmi\/\" \/>\n<meta property=\"og:site_name\" content=\"Compuviper\" \/>\n<meta property=\"article:publisher\" content=\"https:\/\/www.facebook.com\/compuviper\" \/>\n<meta property=\"article:modified_time\" content=\"2026-04-25T08:17:29+00:00\" \/>\n<meta property=\"og:image\" content=\"https:\/\/compuviper.mx\/tienda\/wp-content\/uploads\/2025\/10\/Videoproyector-epson-pro-cinema-ls12000-3lcd-4k-pro-uhd-2700-lumenes-usb-hdmi.jpg\" \/>\n\t<meta property=\"og:image:width\" content=\"200\" \/>\n\t<meta property=\"og:image:height\" content=\"200\" \/>\n\t<meta property=\"og:image:type\" content=\"image\/jpeg\" \/>\n<meta name=\"twitter:card\" content=\"summary_large_image\" \/>\n<meta name=\"twitter:label1\" content=\"Precio\" \/>\n\t<meta name=\"twitter:data1\" content=\"&#36;110,326 con IVA\" \/>\n\t<meta name=\"twitter:label2\" content=\"Availability\" \/>\n\t<meta name=\"twitter:data2\" content=\"On backorder\" \/>\n<script type=\"application\/ld+json\" class=\"yoast-schema-graph\">{\"@context\":\"https:\/\/schema.org\",\"@graph\":[{\"@type\":\"WebPage\",\"@id\":\"https:\/\/compuviper.mx\/tienda\/producto\/epson-v11ha47020010343967465-videoproyector-pro-cinema-ls12000-3lcd-4k-pro-uhd-2700-lumenes-usb-hdmi\/\",\"url\":\"https:\/\/compuviper.mx\/tienda\/producto\/epson-v11ha47020010343967465-videoproyector-pro-cinema-ls12000-3lcd-4k-pro-uhd-2700-lumenes-usb-hdmi\/\",\"name\":\"[ Epson ] &#129351; V11ha47020,010343967465 Videoproyector Pro Cinema Ls12000, 3lcd, 4k Pro-uhd, 2700 Lumenes, Usb, Hdmi\",\"isPartOf\":{\"@id\":\"https:\/\/compuviper.mx\/tienda\/#website\"},\"datePublished\":\"2026-04-25T08:17:28+00:00\",\"dateModified\":\"2026-04-25T08:17:29+00:00\",\"description\":\"Compra V11ha47020,010343967465 Videoproyector Pro Cinema Ls12000, 3lcd, 4k Pro-uhd, 2700 Lumenes, Usb, Hdmi + Env\u00edo a domicilio + Pago seguro + Garant\u00eda\",\"breadcrumb\":{\"@id\":\"https:\/\/compuviper.mx\/tienda\/producto\/epson-v11ha47020010343967465-videoproyector-pro-cinema-ls12000-3lcd-4k-pro-uhd-2700-lumenes-usb-hdmi\/#breadcrumb\"},\"inLanguage\":\"es-MX\",\"potentialAction\":[{\"@type\":\"ReadAction\",\"target\":[\"https:\/\/compuviper.mx\/tienda\/producto\/epson-v11ha47020010343967465-videoproyector-pro-cinema-ls12000-3lcd-4k-pro-uhd-2700-lumenes-usb-hdmi\/\"]}]},{\"@type\":\"BreadcrumbList\",\"@id\":\"https:\/\/compuviper.mx\/tienda\/producto\/epson-v11ha47020010343967465-videoproyector-pro-cinema-ls12000-3lcd-4k-pro-uhd-2700-lumenes-usb-hdmi\/#breadcrumb\",\"itemListElement\":[{\"@type\":\"ListItem\",\"position\":1,\"name\":\"Inicio\",\"item\":\"https:\/\/compuviper.mx\/tienda\/\"},{\"@type\":\"ListItem\",\"position\":2,\"name\":\"Productos\",\"item\":\"https:\/\/compuviper.mx\/tienda\/productos\/\"},{\"@type\":\"ListItem\",\"position\":3,\"name\":\"Videoproyector\",\"item\":\"https:\/\/compuviper.mx\/tienda\/categoria-producto\/videoproyector\/\"},{\"@type\":\"ListItem\",\"position\":4,\"name\":\"Teatro En Casa\",\"item\":\"https:\/\/compuviper.mx\/tienda\/categoria-producto\/videoproyector\/teatro-en-casa\/\"},{\"@type\":\"ListItem\",\"position\":5,\"name\":\"Epson V11ha47020,010343967465 Videoproyector Pro Cinema Ls12000, 3lcd, 4k Pro-uhd, 2700 Lumenes, Usb, Hdmi\"}]},{\"@type\":\"WebSite\",\"@id\":\"https:\/\/compuviper.mx\/tienda\/#website\",\"url\":\"https:\/\/compuviper.mx\/tienda\/\",\"name\":\"Compuviper\",\"description\":\"Proveedor de Computadoras, Laptops, Servidores, Monitores, Puntos de Venta, Teclados,   Impresoras, T\u00f3ner, C\u00e1maras de Seguridad y m\u00e1s en tu tienda en l\u00ednea\",\"publisher\":{\"@id\":\"https:\/\/compuviper.mx\/tienda\/#organization\"},\"potentialAction\":[{\"@type\":\"SearchAction\",\"target\":{\"@type\":\"EntryPoint\",\"urlTemplate\":\"https:\/\/compuviper.mx\/tienda\/?s={search_term_string}\"},\"query-input\":\"required name=search_term_string\"}],\"inLanguage\":\"es-MX\"},{\"@type\":\"Organization\",\"@id\":\"https:\/\/compuviper.mx\/tienda\/#organization\",\"name\":\"Compuviper\",\"url\":\"https:\/\/compuviper.mx\/tienda\/\",\"logo\":{\"@type\":\"ImageObject\",\"inLanguage\":\"es-MX\",\"@id\":\"https:\/\/compuviper.mx\/tienda\/#\/schema\/logo\/image\/\",\"url\":\"https:\/\/compuviper.mx\/tienda\/wp-content\/uploads\/2021\/08\/Logo-Compuviper-10.png\",\"contentUrl\":\"https:\/\/compuviper.mx\/tienda\/wp-content\/uploads\/2021\/08\/Logo-Compuviper-10.png\",\"width\":1000,\"height\":500,\"caption\":\"Compuviper\"},\"image\":{\"@id\":\"https:\/\/compuviper.mx\/tienda\/#\/schema\/logo\/image\/\"},\"sameAs\":[\"https:\/\/www.facebook.com\/compuviper\",\"https:\/\/www.youtube.com\/channel\/UCf73dERp9Y3cfOq7q8BhLjA?view_as=subscriber\"]}]}<\/script>\n<meta property=\"product:brand\" content=\"EPSON\" \/>\n<meta property=\"product:price:amount\" content=\"110326\" \/>\n<meta property=\"product:price:currency\" content=\"MXN\" \/>\n<meta property=\"og:availability\" content=\"backorder\" \/>\n<meta property=\"product:availability\" content=\"available for order\" \/>\n<meta property=\"product:retailer_item_id\" content=\"V11HA47020,010343967465\" \/>\n<meta property=\"product:condition\" content=\"new\" \/>\n<!-- \/ Yoast SEO plugin. -->","yoast_head_json":{"title":"[ Epson ] &#129351; V11ha47020,010343967465 Videoproyector Pro Cinema Ls12000, 3lcd, 4k Pro-uhd, 2700 Lumenes, Usb, Hdmi","description":"Compra V11ha47020,010343967465 Videoproyector Pro Cinema Ls12000, 3lcd, 4k Pro-uhd, 2700 Lumenes, Usb, Hdmi + Env\u00edo a domicilio + Pago seguro + Garant\u00eda","robots":{"index":"index","follow":"follow","max-snippet":"max-snippet:-1","max-image-preview":"max-image-preview:large","max-video-preview":"max-video-preview:-1"},"canonical":"https:\/\/compuviper.mx\/tienda\/producto\/epson-v11ha47020010343967465-videoproyector-pro-cinema-ls12000-3lcd-4k-pro-uhd-2700-lumenes-usb-hdmi\/","og_locale":"es_MX","og_type":"article","og_title":"[ Epson ] &#129351; V11ha47020,010343967465 Videoproyector Pro Cinema Ls12000, 3lcd, 4k Pro-uhd, 2700 Lumenes, Usb, Hdmi","og_description":"Compra V11ha47020,010343967465 Videoproyector Pro Cinema Ls12000, 3lcd, 4k Pro-uhd, 2700 Lumenes, Usb, Hdmi + Env\u00edo a domicilio + Pago seguro + Garant\u00eda","og_url":"https:\/\/compuviper.mx\/tienda\/producto\/epson-v11ha47020010343967465-videoproyector-pro-cinema-ls12000-3lcd-4k-pro-uhd-2700-lumenes-usb-hdmi\/","og_site_name":"Compuviper","article_publisher":"https:\/\/www.facebook.com\/compuviper","article_modified_time":"2026-04-25T08:17:29+00:00","og_image":[{"width":200,"height":200,"url":"https:\/\/compuviper.mx\/tienda\/wp-content\/uploads\/2025\/10\/Videoproyector-epson-pro-cinema-ls12000-3lcd-4k-pro-uhd-2700-lumenes-usb-hdmi.jpg","type":"image\/jpeg"}],"twitter_card":"summary_large_image","twitter_misc":{"Precio":"&#36;110,326 con IVA","Availability":"On backorder"},"schema":{"@context":"https:\/\/schema.org","@graph":[{"@type":"WebPage","@id":"https:\/\/compuviper.mx\/tienda\/producto\/epson-v11ha47020010343967465-videoproyector-pro-cinema-ls12000-3lcd-4k-pro-uhd-2700-lumenes-usb-hdmi\/","url":"https:\/\/compuviper.mx\/tienda\/producto\/epson-v11ha47020010343967465-videoproyector-pro-cinema-ls12000-3lcd-4k-pro-uhd-2700-lumenes-usb-hdmi\/","name":"[ Epson ] &#129351; V11ha47020,010343967465 Videoproyector Pro Cinema Ls12000, 3lcd, 4k Pro-uhd, 2700 Lumenes, Usb, Hdmi","isPartOf":{"@id":"https:\/\/compuviper.mx\/tienda\/#website"},"datePublished":"2026-04-25T08:17:28+00:00","dateModified":"2026-04-25T08:17:29+00:00","description":"Compra V11ha47020,010343967465 Videoproyector Pro Cinema Ls12000, 3lcd, 4k Pro-uhd, 2700 Lumenes, Usb, Hdmi + Env\u00edo a domicilio + Pago seguro + Garant\u00eda","breadcrumb":{"@id":"https:\/\/compuviper.mx\/tienda\/producto\/epson-v11ha47020010343967465-videoproyector-pro-cinema-ls12000-3lcd-4k-pro-uhd-2700-lumenes-usb-hdmi\/#breadcrumb"},"inLanguage":"es-MX","potentialAction":[{"@type":"ReadAction","target":["https:\/\/compuviper.mx\/tienda\/producto\/epson-v11ha47020010343967465-videoproyector-pro-cinema-ls12000-3lcd-4k-pro-uhd-2700-lumenes-usb-hdmi\/"]}]},{"@type":"BreadcrumbList","@id":"https:\/\/compuviper.mx\/tienda\/producto\/epson-v11ha47020010343967465-videoproyector-pro-cinema-ls12000-3lcd-4k-pro-uhd-2700-lumenes-usb-hdmi\/#breadcrumb","itemListElement":[{"@type":"ListItem","position":1,"name":"Inicio","item":"https:\/\/compuviper.mx\/tienda\/"},{"@type":"ListItem","position":2,"name":"Productos","item":"https:\/\/compuviper.mx\/tienda\/productos\/"},{"@type":"ListItem","position":3,"name":"Videoproyector","item":"https:\/\/compuviper.mx\/tienda\/categoria-producto\/videoproyector\/"},{"@type":"ListItem","position":4,"name":"Teatro En Casa","item":"https:\/\/compuviper.mx\/tienda\/categoria-producto\/videoproyector\/teatro-en-casa\/"},{"@type":"ListItem","position":5,"name":"Epson V11ha47020,010343967465 Videoproyector Pro Cinema Ls12000, 3lcd, 4k Pro-uhd, 2700 Lumenes, Usb, Hdmi"}]},{"@type":"WebSite","@id":"https:\/\/compuviper.mx\/tienda\/#website","url":"https:\/\/compuviper.mx\/tienda\/","name":"Compuviper","description":"Proveedor de Computadoras, Laptops, Servidores, Monitores, Puntos de Venta, Teclados,   Impresoras, T\u00f3ner, C\u00e1maras de Seguridad y m\u00e1s en tu tienda en l\u00ednea","publisher":{"@id":"https:\/\/compuviper.mx\/tienda\/#organization"},"potentialAction":[{"@type":"SearchAction","target":{"@type":"EntryPoint","urlTemplate":"https:\/\/compuviper.mx\/tienda\/?s={search_term_string}"},"query-input":"required name=search_term_string"}],"inLanguage":"es-MX"},{"@type":"Organization","@id":"https:\/\/compuviper.mx\/tienda\/#organization","name":"Compuviper","url":"https:\/\/compuviper.mx\/tienda\/","logo":{"@type":"ImageObject","inLanguage":"es-MX","@id":"https:\/\/compuviper.mx\/tienda\/#\/schema\/logo\/image\/","url":"https:\/\/compuviper.mx\/tienda\/wp-content\/uploads\/2021\/08\/Logo-Compuviper-10.png","contentUrl":"https:\/\/compuviper.mx\/tienda\/wp-content\/uploads\/2021\/08\/Logo-Compuviper-10.png","width":1000,"height":500,"caption":"Compuviper"},"image":{"@id":"https:\/\/compuviper.mx\/tienda\/#\/schema\/logo\/image\/"},"sameAs":["https:\/\/www.facebook.com\/compuviper","https:\/\/www.youtube.com\/channel\/UCf73dERp9Y3cfOq7q8BhLjA?view_as=subscriber"]}]},"product_brand":"EPSON","product_price_amount":"110326","product_price_currency":"MXN","og_availability":"backorder","product_availability":"available for order","product_retailer_item_id":"V11HA47020,010343967465","product_condition":"new"},"_links":{"self":[{"href":"https:\/\/compuviper.mx\/tienda\/wp-json\/wp\/v2\/product\/248148"}],"collection":[{"href":"https:\/\/compuviper.mx\/tienda\/wp-json\/wp\/v2\/product"}],"about":[{"href":"https:\/\/compuviper.mx\/tienda\/wp-json\/wp\/v2\/types\/product"}],"replies":[{"embeddable":true,"href":"https:\/\/compuviper.mx\/tienda\/wp-json\/wp\/v2\/comments?post=248148"}],"wp:featuredmedia":[{"embeddable":true,"href":"https:\/\/compuviper.mx\/tienda\/wp-json\/wp\/v2\/media\/258593"}],"wp:attachment":[{"href":"https:\/\/compuviper.mx\/tienda\/wp-json\/wp\/v2\/media?parent=248148"}],"wp:term":[{"taxonomy":"product_cat","embeddable":true,"href":"https:\/\/compuviper.mx\/tienda\/wp-json\/wp\/v2\/product_cat?post=248148"},{"taxonomy":"product_tag","embeddable":true,"href":"https:\/\/compuviper.mx\/tienda\/wp-json\/wp\/v2\/product_tag?post=248148"}],"curies":[{"name":"wp","href":"https:\/\/api.w.org\/{rel}","templated":true}]}}