{"id":248147,"date":"2026-04-10T01:58:40","date_gmt":"2026-04-10T07:58:40","guid":{"rendered":"https:\/\/compuviper.mx\/tienda\/producto\/dell-520-bbfl-audifonos-con-microfono-wl3024-inalambrico-usb-c-1-bluetooth-5-3\/"},"modified":"2026-04-10T01:58:40","modified_gmt":"2026-04-10T07:58:40","slug":"dell-520-bbflwl3024-dww-audifonos-con-microfono-wl3024-inalambrico-usb-c-1-bluetooth-5-3-520-bbfl","status":"publish","type":"product","link":"https:\/\/compuviper.mx\/tienda\/producto\/dell-520-bbflwl3024-dww-audifonos-con-microfono-wl3024-inalambrico-usb-c-1-bluetooth-5-3-520-bbfl\/","title":{"rendered":"Dell 520-bbfl,wl3024-dww Audifonos Con Microfono  Wl3024 Inalambrico Usb-c 1 Bluetooth 5.3 520-bbfl"},"content":{"rendered":"<table class=\"descripcion\">\n<tr>\n<td>Tecnolog\u00eda de conectividad<\/td>\n<\/tr>\n<tr>\n<td>Inal\u00e1mbrico<\/td>\n<\/tr>\n<tr>\n<td>Tecnolog\u00eda inal\u00e1mbrica<\/td>\n<\/tr>\n<tr>\n<td>Bluetooth<\/td>\n<\/tr>\n<tr>\n<td>Distancia de funcionamiento inal\u00e1mbrico<\/td>\n<\/tr>\n<tr>\n<td>3000cm<\/td>\n<\/tr>\n<tr>\n<td>Versi\u00f3n bluetooth<\/td>\n<\/tr>\n<tr>\n<td>Bluetooth 5.3<\/td>\n<\/tr>\n<tr>\n<td>Modo de sonido<\/td>\n<\/tr>\n<tr>\n<td>Est\u00e9reo<\/td>\n<\/tr>\n<tr>\n<td>Respuesta de frecuencia m\u00edn.<\/td>\n<\/tr>\n<tr>\n<td>20 hz<\/td>\n<\/tr>\n<tr>\n<td>Tipo de cable<\/td>\n<\/tr>\n<tr>\n<td>Cable usb-c<\/td>\n<\/tr>\n<tr>\n<td>Carga r\u00e1pida<\/td>\n<\/tr>\n<tr>\n<td>S\u00ed<\/td>\n<\/tr>\n<tr>\n<td>Compatible con asistente vitual<\/td>\n<\/tr>\n<tr>\n<td>Siri, google assistant, bixby<\/td>\n<\/tr>\n<\/table>\n","protected":false},"excerpt":{"rendered":"<p>Disfruta de una comunicaci\u00f3n n\u00edtida con estos auriculares inal\u00e1mbricos con cancelaci\u00f3n de ruido basada en ia, que est\u00e1n dise\u00f1ados con especial atenci\u00f3n a la productividad y la comodidad para las conferencias de todo el d\u00eda. 3 a\u00f1os de garantia. Contenido de la caja. Auriculares inal\u00e1mbricos dell &#8211; wl3024. Adaptador usb-a. Receptor de audio inal\u00e1mbrico usb-c. Cable de carga tipo c. Bolsa de transporte blanda. Documentaci\u00f3n de usuarios. Upc: 884116451877<\/p>\n","protected":false},"featured_media":260855,"comment_status":"open","ping_status":"open","template":"","meta":[],"product_cat":[1816,1552],"product_tag":[1537],"acf":[],"yoast_head":"<!-- This site is optimized with the Yoast SEO plugin v21.7 - https:\/\/yoast.com\/wordpress\/plugins\/seo\/ -->\n<title>[ Dell ] &#129351; 520-bbfl,wl3024-dww Audifonos Con Microfono Wl3024 Inalambrico Usb-c 1 Bluetooth 5.3 520-bbfl<\/title>\n<meta name=\"description\" content=\"Compra 520-bbfl,wl3024-dww Audifonos Con Microfono Wl3024 Inalambrico Usb-c 1 Bluetooth 5.3 520-bbfl + Env\u00edo a domicilio + Pago seguro + Garant\u00eda\" \/>\n<meta name=\"robots\" content=\"index, follow, max-snippet:-1, max-image-preview:large, max-video-preview:-1\" \/>\n<link rel=\"canonical\" href=\"https:\/\/compuviper.mx\/tienda\/producto\/dell-520-bbflwl3024-dww-audifonos-con-microfono-wl3024-inalambrico-usb-c-1-bluetooth-5-3-520-bbfl\/\" \/>\n<meta property=\"og:locale\" content=\"es_MX\" \/>\n<meta property=\"og:type\" content=\"article\" \/>\n<meta property=\"og:title\" content=\"[ Dell ] &#129351; 520-bbfl,wl3024-dww Audifonos Con Microfono Wl3024 Inalambrico Usb-c 1 Bluetooth 5.3 520-bbfl\" \/>\n<meta property=\"og:description\" content=\"Compra 520-bbfl,wl3024-dww Audifonos Con Microfono Wl3024 Inalambrico Usb-c 1 Bluetooth 5.3 520-bbfl + Env\u00edo a domicilio + Pago seguro + Garant\u00eda\" \/>\n<meta property=\"og:url\" content=\"https:\/\/compuviper.mx\/tienda\/producto\/dell-520-bbflwl3024-dww-audifonos-con-microfono-wl3024-inalambrico-usb-c-1-bluetooth-5-3-520-bbfl\/\" \/>\n<meta property=\"og:site_name\" content=\"Compuviper\" \/>\n<meta property=\"article:publisher\" content=\"https:\/\/www.facebook.com\/compuviper\" \/>\n<meta property=\"og:image\" content=\"https:\/\/compuviper.mx\/tienda\/wp-content\/uploads\/2025\/10\/Audifonos-con-microfono-dell-wl3024-inalambrico-usb-c-1-bluetooth-5.3-520-bbfl.jpg\" \/>\n\t<meta property=\"og:image:width\" content=\"200\" \/>\n\t<meta property=\"og:image:height\" content=\"200\" \/>\n\t<meta property=\"og:image:type\" content=\"image\/jpeg\" \/>\n<meta name=\"twitter:card\" content=\"summary_large_image\" \/>\n<meta name=\"twitter:label1\" content=\"Precio\" \/>\n\t<meta name=\"twitter:data1\" content=\"&#36;2,232 &#36;2,169 con IVA\" \/>\n\t<meta name=\"twitter:label2\" content=\"Availability\" \/>\n\t<meta name=\"twitter:data2\" content=\"Out of stock\" \/>\n<script type=\"application\/ld+json\" class=\"yoast-schema-graph\">{\"@context\":\"https:\/\/schema.org\",\"@graph\":[{\"@type\":\"WebPage\",\"@id\":\"https:\/\/compuviper.mx\/tienda\/producto\/dell-520-bbflwl3024-dww-audifonos-con-microfono-wl3024-inalambrico-usb-c-1-bluetooth-5-3-520-bbfl\/\",\"url\":\"https:\/\/compuviper.mx\/tienda\/producto\/dell-520-bbflwl3024-dww-audifonos-con-microfono-wl3024-inalambrico-usb-c-1-bluetooth-5-3-520-bbfl\/\",\"name\":\"[ Dell ] &#129351; 520-bbfl,wl3024-dww Audifonos Con Microfono Wl3024 Inalambrico Usb-c 1 Bluetooth 5.3 520-bbfl\",\"isPartOf\":{\"@id\":\"https:\/\/compuviper.mx\/tienda\/#website\"},\"datePublished\":\"2026-04-10T07:58:40+00:00\",\"dateModified\":\"2026-04-10T07:58:40+00:00\",\"description\":\"Compra 520-bbfl,wl3024-dww Audifonos Con Microfono Wl3024 Inalambrico Usb-c 1 Bluetooth 5.3 520-bbfl + Env\u00edo a domicilio + Pago seguro + Garant\u00eda\",\"breadcrumb\":{\"@id\":\"https:\/\/compuviper.mx\/tienda\/producto\/dell-520-bbflwl3024-dww-audifonos-con-microfono-wl3024-inalambrico-usb-c-1-bluetooth-5-3-520-bbfl\/#breadcrumb\"},\"inLanguage\":\"es-MX\",\"potentialAction\":[{\"@type\":\"ReadAction\",\"target\":[\"https:\/\/compuviper.mx\/tienda\/producto\/dell-520-bbflwl3024-dww-audifonos-con-microfono-wl3024-inalambrico-usb-c-1-bluetooth-5-3-520-bbfl\/\"]}]},{\"@type\":\"BreadcrumbList\",\"@id\":\"https:\/\/compuviper.mx\/tienda\/producto\/dell-520-bbflwl3024-dww-audifonos-con-microfono-wl3024-inalambrico-usb-c-1-bluetooth-5-3-520-bbfl\/#breadcrumb\",\"itemListElement\":[{\"@type\":\"ListItem\",\"position\":1,\"name\":\"Inicio\",\"item\":\"https:\/\/compuviper.mx\/tienda\/\"},{\"@type\":\"ListItem\",\"position\":2,\"name\":\"Productos\",\"item\":\"https:\/\/compuviper.mx\/tienda\/productos\/\"},{\"@type\":\"ListItem\",\"position\":3,\"name\":\"Audifonos Y Micro\",\"item\":\"https:\/\/compuviper.mx\/tienda\/categoria-producto\/audifonos-y-micro\/\"},{\"@type\":\"ListItem\",\"position\":4,\"name\":\"Audifono Con Microfono\",\"item\":\"https:\/\/compuviper.mx\/tienda\/categoria-producto\/audifonos-y-micro\/audifono-con-microfono\/\"},{\"@type\":\"ListItem\",\"position\":5,\"name\":\"Dell 520-bbfl,wl3024-dww Audifonos Con Microfono Wl3024 Inalambrico Usb-c 1 Bluetooth 5.3 520-bbfl\"}]},{\"@type\":\"WebSite\",\"@id\":\"https:\/\/compuviper.mx\/tienda\/#website\",\"url\":\"https:\/\/compuviper.mx\/tienda\/\",\"name\":\"Compuviper\",\"description\":\"Proveedor de Computadoras, Laptops, Servidores, Monitores, Puntos de Venta, Teclados,   Impresoras, T\u00f3ner, C\u00e1maras de Seguridad y m\u00e1s en tu tienda en l\u00ednea\",\"publisher\":{\"@id\":\"https:\/\/compuviper.mx\/tienda\/#organization\"},\"potentialAction\":[{\"@type\":\"SearchAction\",\"target\":{\"@type\":\"EntryPoint\",\"urlTemplate\":\"https:\/\/compuviper.mx\/tienda\/?s={search_term_string}\"},\"query-input\":\"required name=search_term_string\"}],\"inLanguage\":\"es-MX\"},{\"@type\":\"Organization\",\"@id\":\"https:\/\/compuviper.mx\/tienda\/#organization\",\"name\":\"Compuviper\",\"url\":\"https:\/\/compuviper.mx\/tienda\/\",\"logo\":{\"@type\":\"ImageObject\",\"inLanguage\":\"es-MX\",\"@id\":\"https:\/\/compuviper.mx\/tienda\/#\/schema\/logo\/image\/\",\"url\":\"https:\/\/compuviper.mx\/tienda\/wp-content\/uploads\/2021\/08\/Logo-Compuviper-10.png\",\"contentUrl\":\"https:\/\/compuviper.mx\/tienda\/wp-content\/uploads\/2021\/08\/Logo-Compuviper-10.png\",\"width\":1000,\"height\":500,\"caption\":\"Compuviper\"},\"image\":{\"@id\":\"https:\/\/compuviper.mx\/tienda\/#\/schema\/logo\/image\/\"},\"sameAs\":[\"https:\/\/www.facebook.com\/compuviper\",\"https:\/\/www.youtube.com\/channel\/UCf73dERp9Y3cfOq7q8BhLjA?view_as=subscriber\"]}]}<\/script>\n<meta property=\"product:brand\" content=\"DELL\" \/>\n<meta property=\"product:price:amount\" content=\"2169\" \/>\n<meta property=\"product:price:currency\" content=\"MXN\" \/>\n<meta property=\"og:availability\" content=\"out of stock\" \/>\n<meta property=\"product:availability\" content=\"out of stock\" \/>\n<meta property=\"product:retailer_item_id\" content=\"520-BBFL,WL3024-DWW\" \/>\n<meta property=\"product:condition\" content=\"new\" \/>\n<!-- \/ Yoast SEO plugin. -->","yoast_head_json":{"title":"[ Dell ] &#129351; 520-bbfl,wl3024-dww Audifonos Con Microfono Wl3024 Inalambrico Usb-c 1 Bluetooth 5.3 520-bbfl","description":"Compra 520-bbfl,wl3024-dww Audifonos Con Microfono Wl3024 Inalambrico Usb-c 1 Bluetooth 5.3 520-bbfl + Env\u00edo a domicilio + Pago seguro + Garant\u00eda","robots":{"index":"index","follow":"follow","max-snippet":"max-snippet:-1","max-image-preview":"max-image-preview:large","max-video-preview":"max-video-preview:-1"},"canonical":"https:\/\/compuviper.mx\/tienda\/producto\/dell-520-bbflwl3024-dww-audifonos-con-microfono-wl3024-inalambrico-usb-c-1-bluetooth-5-3-520-bbfl\/","og_locale":"es_MX","og_type":"article","og_title":"[ Dell ] &#129351; 520-bbfl,wl3024-dww Audifonos Con Microfono Wl3024 Inalambrico Usb-c 1 Bluetooth 5.3 520-bbfl","og_description":"Compra 520-bbfl,wl3024-dww Audifonos Con Microfono Wl3024 Inalambrico Usb-c 1 Bluetooth 5.3 520-bbfl + Env\u00edo a domicilio + Pago seguro + Garant\u00eda","og_url":"https:\/\/compuviper.mx\/tienda\/producto\/dell-520-bbflwl3024-dww-audifonos-con-microfono-wl3024-inalambrico-usb-c-1-bluetooth-5-3-520-bbfl\/","og_site_name":"Compuviper","article_publisher":"https:\/\/www.facebook.com\/compuviper","og_image":[{"width":200,"height":200,"url":"https:\/\/compuviper.mx\/tienda\/wp-content\/uploads\/2025\/10\/Audifonos-con-microfono-dell-wl3024-inalambrico-usb-c-1-bluetooth-5.3-520-bbfl.jpg","type":"image\/jpeg"}],"twitter_card":"summary_large_image","twitter_misc":{"Precio":"&#36;2,232 &#36;2,169 con IVA","Availability":"Out of stock"},"schema":{"@context":"https:\/\/schema.org","@graph":[{"@type":"WebPage","@id":"https:\/\/compuviper.mx\/tienda\/producto\/dell-520-bbflwl3024-dww-audifonos-con-microfono-wl3024-inalambrico-usb-c-1-bluetooth-5-3-520-bbfl\/","url":"https:\/\/compuviper.mx\/tienda\/producto\/dell-520-bbflwl3024-dww-audifonos-con-microfono-wl3024-inalambrico-usb-c-1-bluetooth-5-3-520-bbfl\/","name":"[ Dell ] &#129351; 520-bbfl,wl3024-dww Audifonos Con Microfono Wl3024 Inalambrico Usb-c 1 Bluetooth 5.3 520-bbfl","isPartOf":{"@id":"https:\/\/compuviper.mx\/tienda\/#website"},"datePublished":"2026-04-10T07:58:40+00:00","dateModified":"2026-04-10T07:58:40+00:00","description":"Compra 520-bbfl,wl3024-dww Audifonos Con Microfono Wl3024 Inalambrico Usb-c 1 Bluetooth 5.3 520-bbfl + Env\u00edo a domicilio + Pago seguro + Garant\u00eda","breadcrumb":{"@id":"https:\/\/compuviper.mx\/tienda\/producto\/dell-520-bbflwl3024-dww-audifonos-con-microfono-wl3024-inalambrico-usb-c-1-bluetooth-5-3-520-bbfl\/#breadcrumb"},"inLanguage":"es-MX","potentialAction":[{"@type":"ReadAction","target":["https:\/\/compuviper.mx\/tienda\/producto\/dell-520-bbflwl3024-dww-audifonos-con-microfono-wl3024-inalambrico-usb-c-1-bluetooth-5-3-520-bbfl\/"]}]},{"@type":"BreadcrumbList","@id":"https:\/\/compuviper.mx\/tienda\/producto\/dell-520-bbflwl3024-dww-audifonos-con-microfono-wl3024-inalambrico-usb-c-1-bluetooth-5-3-520-bbfl\/#breadcrumb","itemListElement":[{"@type":"ListItem","position":1,"name":"Inicio","item":"https:\/\/compuviper.mx\/tienda\/"},{"@type":"ListItem","position":2,"name":"Productos","item":"https:\/\/compuviper.mx\/tienda\/productos\/"},{"@type":"ListItem","position":3,"name":"Audifonos Y Micro","item":"https:\/\/compuviper.mx\/tienda\/categoria-producto\/audifonos-y-micro\/"},{"@type":"ListItem","position":4,"name":"Audifono Con Microfono","item":"https:\/\/compuviper.mx\/tienda\/categoria-producto\/audifonos-y-micro\/audifono-con-microfono\/"},{"@type":"ListItem","position":5,"name":"Dell 520-bbfl,wl3024-dww Audifonos Con Microfono Wl3024 Inalambrico Usb-c 1 Bluetooth 5.3 520-bbfl"}]},{"@type":"WebSite","@id":"https:\/\/compuviper.mx\/tienda\/#website","url":"https:\/\/compuviper.mx\/tienda\/","name":"Compuviper","description":"Proveedor de Computadoras, Laptops, Servidores, Monitores, Puntos de Venta, Teclados,   Impresoras, T\u00f3ner, C\u00e1maras de Seguridad y m\u00e1s en tu tienda en l\u00ednea","publisher":{"@id":"https:\/\/compuviper.mx\/tienda\/#organization"},"potentialAction":[{"@type":"SearchAction","target":{"@type":"EntryPoint","urlTemplate":"https:\/\/compuviper.mx\/tienda\/?s={search_term_string}"},"query-input":"required name=search_term_string"}],"inLanguage":"es-MX"},{"@type":"Organization","@id":"https:\/\/compuviper.mx\/tienda\/#organization","name":"Compuviper","url":"https:\/\/compuviper.mx\/tienda\/","logo":{"@type":"ImageObject","inLanguage":"es-MX","@id":"https:\/\/compuviper.mx\/tienda\/#\/schema\/logo\/image\/","url":"https:\/\/compuviper.mx\/tienda\/wp-content\/uploads\/2021\/08\/Logo-Compuviper-10.png","contentUrl":"https:\/\/compuviper.mx\/tienda\/wp-content\/uploads\/2021\/08\/Logo-Compuviper-10.png","width":1000,"height":500,"caption":"Compuviper"},"image":{"@id":"https:\/\/compuviper.mx\/tienda\/#\/schema\/logo\/image\/"},"sameAs":["https:\/\/www.facebook.com\/compuviper","https:\/\/www.youtube.com\/channel\/UCf73dERp9Y3cfOq7q8BhLjA?view_as=subscriber"]}]},"product_brand":"DELL","product_price_amount":"2169","product_price_currency":"MXN","og_availability":"out of stock","product_availability":"out of stock","product_retailer_item_id":"520-BBFL,WL3024-DWW","product_condition":"new"},"_links":{"self":[{"href":"https:\/\/compuviper.mx\/tienda\/wp-json\/wp\/v2\/product\/248147"}],"collection":[{"href":"https:\/\/compuviper.mx\/tienda\/wp-json\/wp\/v2\/product"}],"about":[{"href":"https:\/\/compuviper.mx\/tienda\/wp-json\/wp\/v2\/types\/product"}],"replies":[{"embeddable":true,"href":"https:\/\/compuviper.mx\/tienda\/wp-json\/wp\/v2\/comments?post=248147"}],"wp:featuredmedia":[{"embeddable":true,"href":"https:\/\/compuviper.mx\/tienda\/wp-json\/wp\/v2\/media\/260855"}],"wp:attachment":[{"href":"https:\/\/compuviper.mx\/tienda\/wp-json\/wp\/v2\/media?parent=248147"}],"wp:term":[{"taxonomy":"product_cat","embeddable":true,"href":"https:\/\/compuviper.mx\/tienda\/wp-json\/wp\/v2\/product_cat?post=248147"},{"taxonomy":"product_tag","embeddable":true,"href":"https:\/\/compuviper.mx\/tienda\/wp-json\/wp\/v2\/product_tag?post=248147"}],"curies":[{"name":"wp","href":"https:\/\/api.w.org\/{rel}","templated":true}]}}