{"id":248134,"date":"2026-04-10T01:10:40","date_gmt":"2026-04-10T07:10:40","guid":{"rendered":"https:\/\/compuviper.mx\/tienda\/producto\/lenovo-21l4000nlm-laptop-think-l16-gen-1-core-ultra-7-155u-4-8ghz-16gb-ddr5-512gb-ssd-16-wuxga-1920x1200-win-11-pro-3yr-on-site\/"},"modified":"2026-04-10T01:10:40","modified_gmt":"2026-04-10T07:10:40","slug":"lenovo-21l4000nlm-laptop-thinkpad-l16-gen-1-core-ultra-7-155u-4-8ghz-16gb-ddr5-512gb-ssd-16-wuxga-1920x1200-win-11-pro-3yr-on-site","status":"publish","type":"product","link":"https:\/\/compuviper.mx\/tienda\/producto\/lenovo-21l4000nlm-laptop-thinkpad-l16-gen-1-core-ultra-7-155u-4-8ghz-16gb-ddr5-512gb-ssd-16-wuxga-1920x1200-win-11-pro-3yr-on-site\/","title":{"rendered":"Lenovo 21l4000nlm Laptop  Thinkpad L16 Gen 1 \/ Core Ultra 7 155u 4.8ghz \/ 16gb Ddr5 \/ 512gb Ssd \/ 16 Wuxga 1920&#215;1200 \/ Win 11 Pro \/ 3yr On Site"},"content":{"rendered":"<table class=\"descripcion\">\n<tr>\n<td>Thinkpad l16 gen 1 (intel)<\/td>\n<\/tr>\n<tr>\n<td>Part number : 21l4000nlm<\/td>\n<\/tr>\n<tr>\n<td>Performance<\/td>\n<\/tr>\n<tr>\n<td>Processor<\/td>\n<\/tr>\n<tr>\n<td>Intel\u00ae core\u0099 ultra 7 155u, 12c (2p + 8e + 2lpe) \/ 14t, max turbo up to 4.8ghz, 12mb<\/td>\n<\/tr>\n<tr>\n<td>Ai pc category<\/td>\n<\/tr>\n<tr>\n<td>Ai pc<\/td>\n<\/tr>\n<tr>\n<td>Npu<\/td>\n<\/tr>\n<tr>\n<td>Integrated intel\u00ae ai boost, up to 11 tops<\/td>\n<\/tr>\n<tr>\n<td>Graphics<\/td>\n<\/tr>\n<tr>\n<td>Integrated intel\u00ae graphics<\/td>\n<\/tr>\n<tr>\n<td>Chipset<\/td>\n<\/tr>\n<tr>\n<td>Intel\u00ae soc platform<\/td>\n<\/tr>\n<tr>\n<td>Memory<\/td>\n<\/tr>\n<tr>\n<td>1x 16gb so-dimm ddr5-5600<\/td>\n<\/tr>\n<tr>\n<td>Memory slots<\/td>\n<\/tr>\n<tr>\n<td>Two ddr5 so-dimm slots, dual-channel capable<\/td>\n<\/tr>\n<tr>\n<td>Max memory<\/td>\n<\/tr>\n<tr>\n<td>Up to 64gb ddr5-5600<\/td>\n<\/tr>\n<tr>\n<td>Storage<\/td>\n<\/tr>\n<tr>\n<td>512gb ssd m.2 2280 pcie\u00ae 4.0&#215;4 nvme\u00ae opal 2.0<\/td>\n<\/tr>\n<tr>\n<td>Storage support<\/td>\n<\/tr>\n<tr>\n<td>One drive, up to 2tb m.2 2280 ssd<\/td>\n<\/tr>\n<tr>\n<td>Storage slot<\/td>\n<\/tr>\n<tr>\n<td>One m.2 2280 pcie\u00ae 4.0 x4 slot<\/td>\n<\/tr>\n<tr>\n<td>Card reader<\/td>\n<\/tr>\n<tr>\n<td>None<\/td>\n<\/tr>\n<tr>\n<td>Optical<\/td>\n<\/tr>\n<tr>\n<td>None<\/td>\n<\/tr>\n<tr>\n<td>Audio chip<\/td>\n<\/tr>\n<tr>\n<td>High definition (hd) audio, senary sn6147 codec<\/td>\n<\/tr>\n<tr>\n<td>Speakers<\/td>\n<\/tr>\n<tr>\n<td>Stereo speakers, 2w x2, dolby audio\u0099<\/td>\n<\/tr>\n<tr>\n<td>Camera<\/td>\n<\/tr>\n<tr>\n<td>5.0mp + ir discrete with privacy shutter<\/td>\n<\/tr>\n<tr>\n<td>Microphone<\/td>\n<\/tr>\n<tr>\n<td>2x, array<\/td>\n<\/tr>\n<tr>\n<td>Battery<\/td>\n<\/tr>\n<tr>\n<td>Integrated 57wh<\/td>\n<\/tr>\n<tr>\n<td>Power adapter<\/td>\n<\/tr>\n<tr>\n<td>65w usb-c\u00ae (2-pin)<\/td>\n<\/tr>\n<tr>\n<td>Design<\/td>\n<\/tr>\n<tr>\n<td>Display<\/td>\n<\/tr>\n<tr>\n<td>16 wuxga (1920&#215;1200) ips 300nits anti-glare, 45% ntsc<\/td>\n<\/tr>\n<tr>\n<td>Touchscreen<\/td>\n<\/tr>\n<tr>\n<td>None<\/td>\n<\/tr>\n<tr>\n<td>Keyboard<\/td>\n<\/tr>\n<tr>\n<td>Non-backlit, spanish (la)<\/td>\n<\/tr>\n<tr>\n<td>Case color<\/td>\n<\/tr>\n<tr>\n<td>Black<\/td>\n<\/tr>\n<tr>\n<td>Case material<\/td>\n<\/tr>\n<tr>\n<td>Pc-abs (top), pc-abs (bottom)<\/td>\n<\/tr>\n<tr>\n<td>Pen<\/td>\n<\/tr>\n<tr>\n<td>Pen not supported<\/td>\n<\/tr>\n<tr>\n<td>Dimensions (wxdxh)<\/td>\n<\/tr>\n<tr>\n<td>357.2 x 253.4 x 20.78 mm (14.06 x 9.98 x 0.82 inches)<\/td>\n<\/tr>\n<tr>\n<td>Weight<\/td>\n<\/tr>\n<tr>\n<td>Starting at 1.77 kg (3.90 lbs)<\/td>\n<\/tr>\n<tr>\n<td>Software<\/td>\n<\/tr>\n<tr>\n<td>Operating system<\/td>\n<\/tr>\n<tr>\n<td>Windows\u00ae 11 pro, spanish<\/td>\n<\/tr>\n<tr>\n<td>Bundled software<\/td>\n<\/tr>\n<tr>\n<td>None<\/td>\n<\/tr>\n<tr>\n<td>Connectivity<\/td>\n<\/tr>\n<tr>\n<td>Ethernet<\/td>\n<\/tr>\n<tr>\n<td>100\/1000m (rj-45)<\/td>\n<\/tr>\n<tr>\n<td>Wlan + bluetooth<\/td>\n<\/tr>\n<tr>\n<td>Intel\u00ae wi-fi\u00ae 6e ax211, 802.11ax 2&#215;2 + bt5.3<\/td>\n<\/tr>\n<tr>\n<td>Wwan<\/td>\n<\/tr>\n<tr>\n<td>Non-wwan<\/td>\n<\/tr>\n<tr>\n<td>Sim card<\/td>\n<\/tr>\n<tr>\n<td>None<\/td>\n<\/tr>\n<tr>\n<td>Nfc<\/td>\n<\/tr>\n<tr>\n<td>None<\/td>\n<\/tr>\n<tr>\n<td>Standard ports<\/td>\n<\/tr>\n<tr>\n<td>1x usb-a (hi-speed usb \/ usb 2.0)<\/td>\n<\/tr>\n<tr>\n<td>2x usb-a (usb 5gbps \/ usb 3.2 gen 1), one always on<\/td>\n<\/tr>\n<tr>\n<td>1x usb-c\u00ae (usb 20gbps \/ usb 3.2 gen 2&#215;2), with usb pd 3.0 and displayport\u0099 1.4<\/td>\n<\/tr>\n<tr>\n<td>1x usb-c\u00ae (thunderbolt\u0099 4 \/ usb4\u00ae 40gbps), with usb pd 3.0 and displayport\u0099 2.1<\/td>\n<\/tr>\n<tr>\n<td>1x hdmi\u00ae 2.1, up to 4k\/60hz<\/td>\n<\/tr>\n<tr>\n<td>1x headphone \/ microphone combo jack (3.5mm)<\/td>\n<\/tr>\n<tr>\n<td>1x ethernet (rj-45)<\/td>\n<\/tr>\n<tr>\n<td>Optional ports (configured)<\/td>\n<\/tr>\n<tr>\n<td>None<\/td>\n<\/tr>\n<tr>\n<td>Docking<\/td>\n<\/tr>\n<tr>\n<td>Various docking solutions supported via thunderbolt\u0099 or usb-c\u00ae.<\/td>\n<\/tr>\n<tr>\n<td>For more compatible docking solutions, please visit docking for thinkpad\u00ae l16 gen 1 (intel\u00ae)<\/td>\n<\/tr>\n<tr>\n<td>Security  and  privacy<\/td>\n<\/tr>\n<tr>\n<td>Smart card reader<\/td>\n<\/tr>\n<tr>\n<td>None<\/td>\n<\/tr>\n<tr>\n<td>Security chip<\/td>\n<\/tr>\n<tr>\n<td>Discrete tpm 2.0 enabled<\/td>\n<\/tr>\n<tr>\n<td>Fingerprint reader<\/td>\n<\/tr>\n<tr>\n<td>Touch style, match-on-chip, integrated in power button<\/td>\n<\/tr>\n<tr>\n<td>Physical locks<\/td>\n<\/tr>\n<tr>\n<td>Kensington\u00ae nano security slot\u0099, 2.5 x 6 mm<\/td>\n<\/tr>\n<tr>\n<td>Other security<\/td>\n<\/tr>\n<tr>\n<td>Ir camera for windows\u00ae hello (facial recognition)<\/td>\n<\/tr>\n<tr>\n<td>Camera privacy shutter<\/td>\n<\/tr>\n<tr>\n<td>Manageability<\/td>\n<\/tr>\n<tr>\n<td>System management<\/td>\n<\/tr>\n<tr>\n<td>Non-vpro\u00ae<\/td>\n<\/tr>\n<tr>\n<td>Service<\/td>\n<\/tr>\n<tr>\n<td>Base warranty<\/td>\n<\/tr>\n<tr>\n<td>3-year, courier or carry-in<\/td>\n<\/tr>\n<tr>\n<td>Included upgrade<\/td>\n<\/tr>\n<tr>\n<td>3y onsite upgrade from 3y courier\/carry-in<\/td>\n<\/tr>\n<tr>\n<td>Accessories<\/td>\n<\/tr>\n<tr>\n<td>Bundled accessories<\/td>\n<\/tr>\n<tr>\n<td>None<\/td>\n<\/tr>\n<tr>\n<td>Certifications<\/td>\n<\/tr>\n<tr>\n<td>Green certifications<\/td>\n<\/tr>\n<tr>\n<td>Energy star\u00ae 8.0<\/td>\n<\/tr>\n<tr>\n<td>Epeat\u0099 gold registered<\/td>\n<\/tr>\n<tr>\n<td>Erp lot 6\/26<\/td>\n<\/tr>\n<tr>\n<td>Rohs compliant<\/td>\n<\/tr>\n<tr>\n<td>Tco certified 9.0<\/td>\n<\/tr>\n<tr>\n<td>Mil-spec test<\/td>\n<\/tr>\n<tr>\n<td>Mil-std-810h military test passed<\/td>\n<\/tr>\n<\/table>\n","protected":false},"excerpt":{"rendered":"<p>Mejora la productividad de cualquier empresa. Lenovo thinkpad l16 (16 and #8243; intel. Port\u00e1til de 40,64 cm (16) con procesador intel\u00ae core\u0099 ultra. Accesibilidad mejorada del teclado, ajustes r\u00e1pidos de audio y v\u00eddeo y teclado num\u00e9rico. Productividad asistida por ia, opciones de conectividad maximizadas. Mayor uso de materiales reciclados en varios componentes<\/p>\n","protected":false},"featured_media":260260,"comment_status":"open","ping_status":"open","template":"","meta":[],"product_cat":[1886,1887],"product_tag":[1578],"acf":[],"yoast_head":"<!-- This site is optimized with the Yoast SEO plugin v21.7 - https:\/\/yoast.com\/wordpress\/plugins\/seo\/ -->\n<title>[ Lenovo ] &#129351; 21l4000nlm Laptop Thinkpad L16 Gen 1 \/ Core Ultra 7 155u 4.8ghz \/ 16gb Ddr5 \/ 512gb Ssd \/ 16 Wuxga 1920x1200 \/ Win 11 Pro \/ 3yr On Site<\/title>\n<meta name=\"description\" content=\"Compra 21l4000nlm Laptop Thinkpad L16 Gen 1 \/ Core Ultra 7 155u 4.8ghz \/ 16gb Ddr5 \/ 512gb Ssd \/ 16 Wuxga 1920x1200 \/ Win 11 Pro \/ 3yr On Site + Env\u00edo a domicilio + Pago seguro + Garant\u00eda\" \/>\n<meta name=\"robots\" content=\"index, follow, max-snippet:-1, max-image-preview:large, max-video-preview:-1\" \/>\n<link rel=\"canonical\" href=\"https:\/\/compuviper.mx\/tienda\/producto\/lenovo-21l4000nlm-laptop-thinkpad-l16-gen-1-core-ultra-7-155u-4-8ghz-16gb-ddr5-512gb-ssd-16-wuxga-1920x1200-win-11-pro-3yr-on-site\/\" \/>\n<meta property=\"og:locale\" content=\"es_MX\" \/>\n<meta property=\"og:type\" content=\"article\" \/>\n<meta property=\"og:title\" content=\"[ Lenovo ] &#129351; 21l4000nlm Laptop Thinkpad L16 Gen 1 \/ Core Ultra 7 155u 4.8ghz \/ 16gb Ddr5 \/ 512gb Ssd \/ 16 Wuxga 1920x1200 \/ Win 11 Pro \/ 3yr On Site\" \/>\n<meta property=\"og:description\" content=\"Compra 21l4000nlm Laptop Thinkpad L16 Gen 1 \/ Core Ultra 7 155u 4.8ghz \/ 16gb Ddr5 \/ 512gb Ssd \/ 16 Wuxga 1920x1200 \/ Win 11 Pro \/ 3yr On Site + Env\u00edo a domicilio + Pago seguro + Garant\u00eda\" \/>\n<meta property=\"og:url\" content=\"https:\/\/compuviper.mx\/tienda\/producto\/lenovo-21l4000nlm-laptop-thinkpad-l16-gen-1-core-ultra-7-155u-4-8ghz-16gb-ddr5-512gb-ssd-16-wuxga-1920x1200-win-11-pro-3yr-on-site\/\" \/>\n<meta property=\"og:site_name\" content=\"Compuviper\" \/>\n<meta property=\"article:publisher\" content=\"https:\/\/www.facebook.com\/compuviper\" \/>\n<meta property=\"og:image\" content=\"https:\/\/compuviper.mx\/tienda\/wp-content\/uploads\/2025\/10\/Laptop-lenovo-thinkpad-l16-gen-1-core-ultra-7-155u-4.8ghz-16gb-ddr5-512gb-ssd-16-wuxga-1920x1200-win-11-pro-3yr-on-site.jpg\" \/>\n\t<meta property=\"og:image:width\" content=\"200\" \/>\n\t<meta property=\"og:image:height\" content=\"200\" \/>\n\t<meta property=\"og:image:type\" content=\"image\/jpeg\" \/>\n<meta name=\"twitter:card\" content=\"summary_large_image\" \/>\n<meta name=\"twitter:label1\" content=\"Precio\" \/>\n\t<meta name=\"twitter:data1\" content=\"&#36;23,011 con IVA\" \/>\n\t<meta name=\"twitter:label2\" content=\"Availability\" \/>\n\t<meta name=\"twitter:data2\" content=\"In stock\" \/>\n<script type=\"application\/ld+json\" class=\"yoast-schema-graph\">{\"@context\":\"https:\/\/schema.org\",\"@graph\":[{\"@type\":\"WebPage\",\"@id\":\"https:\/\/compuviper.mx\/tienda\/producto\/lenovo-21l4000nlm-laptop-thinkpad-l16-gen-1-core-ultra-7-155u-4-8ghz-16gb-ddr5-512gb-ssd-16-wuxga-1920x1200-win-11-pro-3yr-on-site\/\",\"url\":\"https:\/\/compuviper.mx\/tienda\/producto\/lenovo-21l4000nlm-laptop-thinkpad-l16-gen-1-core-ultra-7-155u-4-8ghz-16gb-ddr5-512gb-ssd-16-wuxga-1920x1200-win-11-pro-3yr-on-site\/\",\"name\":\"[ Lenovo ] &#129351; 21l4000nlm Laptop Thinkpad L16 Gen 1 \/ Core Ultra 7 155u 4.8ghz \/ 16gb Ddr5 \/ 512gb Ssd \/ 16 Wuxga 1920x1200 \/ Win 11 Pro \/ 3yr On Site\",\"isPartOf\":{\"@id\":\"https:\/\/compuviper.mx\/tienda\/#website\"},\"datePublished\":\"2026-04-10T07:10:40+00:00\",\"dateModified\":\"2026-04-10T07:10:40+00:00\",\"description\":\"Compra 21l4000nlm Laptop Thinkpad L16 Gen 1 \/ Core Ultra 7 155u 4.8ghz \/ 16gb Ddr5 \/ 512gb Ssd \/ 16 Wuxga 1920x1200 \/ Win 11 Pro \/ 3yr On Site + Env\u00edo a domicilio + Pago seguro + Garant\u00eda\",\"breadcrumb\":{\"@id\":\"https:\/\/compuviper.mx\/tienda\/producto\/lenovo-21l4000nlm-laptop-thinkpad-l16-gen-1-core-ultra-7-155u-4-8ghz-16gb-ddr5-512gb-ssd-16-wuxga-1920x1200-win-11-pro-3yr-on-site\/#breadcrumb\"},\"inLanguage\":\"es-MX\",\"potentialAction\":[{\"@type\":\"ReadAction\",\"target\":[\"https:\/\/compuviper.mx\/tienda\/producto\/lenovo-21l4000nlm-laptop-thinkpad-l16-gen-1-core-ultra-7-155u-4-8ghz-16gb-ddr5-512gb-ssd-16-wuxga-1920x1200-win-11-pro-3yr-on-site\/\"]}]},{\"@type\":\"BreadcrumbList\",\"@id\":\"https:\/\/compuviper.mx\/tienda\/producto\/lenovo-21l4000nlm-laptop-thinkpad-l16-gen-1-core-ultra-7-155u-4-8ghz-16gb-ddr5-512gb-ssd-16-wuxga-1920x1200-win-11-pro-3yr-on-site\/#breadcrumb\",\"itemListElement\":[{\"@type\":\"ListItem\",\"position\":1,\"name\":\"Inicio\",\"item\":\"https:\/\/compuviper.mx\/tienda\/\"},{\"@type\":\"ListItem\",\"position\":2,\"name\":\"Productos\",\"item\":\"https:\/\/compuviper.mx\/tienda\/productos\/\"},{\"@type\":\"ListItem\",\"position\":3,\"name\":\"Laptops\",\"item\":\"https:\/\/compuviper.mx\/tienda\/categoria-producto\/laptops\/\"},{\"@type\":\"ListItem\",\"position\":4,\"name\":\"Notebook\",\"item\":\"https:\/\/compuviper.mx\/tienda\/categoria-producto\/laptops\/notebook-laptops\/\"},{\"@type\":\"ListItem\",\"position\":5,\"name\":\"Lenovo 21l4000nlm Laptop Thinkpad L16 Gen 1 \/ Core Ultra 7 155u 4.8ghz \/ 16gb Ddr5 \/ 512gb Ssd \/ 16 Wuxga 1920&#215;1200 \/ Win 11 Pro \/ 3yr On Site\"}]},{\"@type\":\"WebSite\",\"@id\":\"https:\/\/compuviper.mx\/tienda\/#website\",\"url\":\"https:\/\/compuviper.mx\/tienda\/\",\"name\":\"Compuviper\",\"description\":\"Proveedor de Computadoras, Laptops, Servidores, Monitores, Puntos de Venta, Teclados,   Impresoras, T\u00f3ner, C\u00e1maras de Seguridad y m\u00e1s en tu tienda en l\u00ednea\",\"publisher\":{\"@id\":\"https:\/\/compuviper.mx\/tienda\/#organization\"},\"potentialAction\":[{\"@type\":\"SearchAction\",\"target\":{\"@type\":\"EntryPoint\",\"urlTemplate\":\"https:\/\/compuviper.mx\/tienda\/?s={search_term_string}\"},\"query-input\":\"required name=search_term_string\"}],\"inLanguage\":\"es-MX\"},{\"@type\":\"Organization\",\"@id\":\"https:\/\/compuviper.mx\/tienda\/#organization\",\"name\":\"Compuviper\",\"url\":\"https:\/\/compuviper.mx\/tienda\/\",\"logo\":{\"@type\":\"ImageObject\",\"inLanguage\":\"es-MX\",\"@id\":\"https:\/\/compuviper.mx\/tienda\/#\/schema\/logo\/image\/\",\"url\":\"https:\/\/compuviper.mx\/tienda\/wp-content\/uploads\/2021\/08\/Logo-Compuviper-10.png\",\"contentUrl\":\"https:\/\/compuviper.mx\/tienda\/wp-content\/uploads\/2021\/08\/Logo-Compuviper-10.png\",\"width\":1000,\"height\":500,\"caption\":\"Compuviper\"},\"image\":{\"@id\":\"https:\/\/compuviper.mx\/tienda\/#\/schema\/logo\/image\/\"},\"sameAs\":[\"https:\/\/www.facebook.com\/compuviper\",\"https:\/\/www.youtube.com\/channel\/UCf73dERp9Y3cfOq7q8BhLjA?view_as=subscriber\"]}]}<\/script>\n<meta property=\"product:brand\" content=\"LENOVO\" \/>\n<meta property=\"product:price:amount\" content=\"23011\" \/>\n<meta property=\"product:price:currency\" content=\"MXN\" \/>\n<meta property=\"og:availability\" content=\"instock\" \/>\n<meta property=\"product:availability\" content=\"instock\" \/>\n<meta property=\"product:retailer_item_id\" content=\"21L4000NLM\" \/>\n<meta property=\"product:condition\" content=\"new\" \/>\n<!-- \/ Yoast SEO plugin. -->","yoast_head_json":{"title":"[ Lenovo ] &#129351; 21l4000nlm Laptop Thinkpad L16 Gen 1 \/ Core Ultra 7 155u 4.8ghz \/ 16gb Ddr5 \/ 512gb Ssd \/ 16 Wuxga 1920x1200 \/ Win 11 Pro \/ 3yr On Site","description":"Compra 21l4000nlm Laptop Thinkpad L16 Gen 1 \/ Core Ultra 7 155u 4.8ghz \/ 16gb Ddr5 \/ 512gb Ssd \/ 16 Wuxga 1920x1200 \/ Win 11 Pro \/ 3yr On Site + Env\u00edo a domicilio + Pago seguro + Garant\u00eda","robots":{"index":"index","follow":"follow","max-snippet":"max-snippet:-1","max-image-preview":"max-image-preview:large","max-video-preview":"max-video-preview:-1"},"canonical":"https:\/\/compuviper.mx\/tienda\/producto\/lenovo-21l4000nlm-laptop-thinkpad-l16-gen-1-core-ultra-7-155u-4-8ghz-16gb-ddr5-512gb-ssd-16-wuxga-1920x1200-win-11-pro-3yr-on-site\/","og_locale":"es_MX","og_type":"article","og_title":"[ Lenovo ] &#129351; 21l4000nlm Laptop Thinkpad L16 Gen 1 \/ Core Ultra 7 155u 4.8ghz \/ 16gb Ddr5 \/ 512gb Ssd \/ 16 Wuxga 1920x1200 \/ Win 11 Pro \/ 3yr On Site","og_description":"Compra 21l4000nlm Laptop Thinkpad L16 Gen 1 \/ Core Ultra 7 155u 4.8ghz \/ 16gb Ddr5 \/ 512gb Ssd \/ 16 Wuxga 1920x1200 \/ Win 11 Pro \/ 3yr On Site + Env\u00edo a domicilio + Pago seguro + Garant\u00eda","og_url":"https:\/\/compuviper.mx\/tienda\/producto\/lenovo-21l4000nlm-laptop-thinkpad-l16-gen-1-core-ultra-7-155u-4-8ghz-16gb-ddr5-512gb-ssd-16-wuxga-1920x1200-win-11-pro-3yr-on-site\/","og_site_name":"Compuviper","article_publisher":"https:\/\/www.facebook.com\/compuviper","og_image":[{"width":200,"height":200,"url":"https:\/\/compuviper.mx\/tienda\/wp-content\/uploads\/2025\/10\/Laptop-lenovo-thinkpad-l16-gen-1-core-ultra-7-155u-4.8ghz-16gb-ddr5-512gb-ssd-16-wuxga-1920x1200-win-11-pro-3yr-on-site.jpg","type":"image\/jpeg"}],"twitter_card":"summary_large_image","twitter_misc":{"Precio":"&#36;23,011 con IVA","Availability":"In stock"},"schema":{"@context":"https:\/\/schema.org","@graph":[{"@type":"WebPage","@id":"https:\/\/compuviper.mx\/tienda\/producto\/lenovo-21l4000nlm-laptop-thinkpad-l16-gen-1-core-ultra-7-155u-4-8ghz-16gb-ddr5-512gb-ssd-16-wuxga-1920x1200-win-11-pro-3yr-on-site\/","url":"https:\/\/compuviper.mx\/tienda\/producto\/lenovo-21l4000nlm-laptop-thinkpad-l16-gen-1-core-ultra-7-155u-4-8ghz-16gb-ddr5-512gb-ssd-16-wuxga-1920x1200-win-11-pro-3yr-on-site\/","name":"[ Lenovo ] &#129351; 21l4000nlm Laptop Thinkpad L16 Gen 1 \/ Core Ultra 7 155u 4.8ghz \/ 16gb Ddr5 \/ 512gb Ssd \/ 16 Wuxga 1920x1200 \/ Win 11 Pro \/ 3yr On Site","isPartOf":{"@id":"https:\/\/compuviper.mx\/tienda\/#website"},"datePublished":"2026-04-10T07:10:40+00:00","dateModified":"2026-04-10T07:10:40+00:00","description":"Compra 21l4000nlm Laptop Thinkpad L16 Gen 1 \/ Core Ultra 7 155u 4.8ghz \/ 16gb Ddr5 \/ 512gb Ssd \/ 16 Wuxga 1920x1200 \/ Win 11 Pro \/ 3yr On Site + Env\u00edo a domicilio + Pago seguro + Garant\u00eda","breadcrumb":{"@id":"https:\/\/compuviper.mx\/tienda\/producto\/lenovo-21l4000nlm-laptop-thinkpad-l16-gen-1-core-ultra-7-155u-4-8ghz-16gb-ddr5-512gb-ssd-16-wuxga-1920x1200-win-11-pro-3yr-on-site\/#breadcrumb"},"inLanguage":"es-MX","potentialAction":[{"@type":"ReadAction","target":["https:\/\/compuviper.mx\/tienda\/producto\/lenovo-21l4000nlm-laptop-thinkpad-l16-gen-1-core-ultra-7-155u-4-8ghz-16gb-ddr5-512gb-ssd-16-wuxga-1920x1200-win-11-pro-3yr-on-site\/"]}]},{"@type":"BreadcrumbList","@id":"https:\/\/compuviper.mx\/tienda\/producto\/lenovo-21l4000nlm-laptop-thinkpad-l16-gen-1-core-ultra-7-155u-4-8ghz-16gb-ddr5-512gb-ssd-16-wuxga-1920x1200-win-11-pro-3yr-on-site\/#breadcrumb","itemListElement":[{"@type":"ListItem","position":1,"name":"Inicio","item":"https:\/\/compuviper.mx\/tienda\/"},{"@type":"ListItem","position":2,"name":"Productos","item":"https:\/\/compuviper.mx\/tienda\/productos\/"},{"@type":"ListItem","position":3,"name":"Laptops","item":"https:\/\/compuviper.mx\/tienda\/categoria-producto\/laptops\/"},{"@type":"ListItem","position":4,"name":"Notebook","item":"https:\/\/compuviper.mx\/tienda\/categoria-producto\/laptops\/notebook-laptops\/"},{"@type":"ListItem","position":5,"name":"Lenovo 21l4000nlm Laptop Thinkpad L16 Gen 1 \/ Core Ultra 7 155u 4.8ghz \/ 16gb Ddr5 \/ 512gb Ssd \/ 16 Wuxga 1920&#215;1200 \/ Win 11 Pro \/ 3yr On Site"}]},{"@type":"WebSite","@id":"https:\/\/compuviper.mx\/tienda\/#website","url":"https:\/\/compuviper.mx\/tienda\/","name":"Compuviper","description":"Proveedor de Computadoras, Laptops, Servidores, Monitores, Puntos de Venta, Teclados,   Impresoras, T\u00f3ner, C\u00e1maras de Seguridad y m\u00e1s en tu tienda en l\u00ednea","publisher":{"@id":"https:\/\/compuviper.mx\/tienda\/#organization"},"potentialAction":[{"@type":"SearchAction","target":{"@type":"EntryPoint","urlTemplate":"https:\/\/compuviper.mx\/tienda\/?s={search_term_string}"},"query-input":"required name=search_term_string"}],"inLanguage":"es-MX"},{"@type":"Organization","@id":"https:\/\/compuviper.mx\/tienda\/#organization","name":"Compuviper","url":"https:\/\/compuviper.mx\/tienda\/","logo":{"@type":"ImageObject","inLanguage":"es-MX","@id":"https:\/\/compuviper.mx\/tienda\/#\/schema\/logo\/image\/","url":"https:\/\/compuviper.mx\/tienda\/wp-content\/uploads\/2021\/08\/Logo-Compuviper-10.png","contentUrl":"https:\/\/compuviper.mx\/tienda\/wp-content\/uploads\/2021\/08\/Logo-Compuviper-10.png","width":1000,"height":500,"caption":"Compuviper"},"image":{"@id":"https:\/\/compuviper.mx\/tienda\/#\/schema\/logo\/image\/"},"sameAs":["https:\/\/www.facebook.com\/compuviper","https:\/\/www.youtube.com\/channel\/UCf73dERp9Y3cfOq7q8BhLjA?view_as=subscriber"]}]},"product_brand":"LENOVO","product_price_amount":"23011","product_price_currency":"MXN","og_availability":"instock","product_availability":"instock","product_retailer_item_id":"21L4000NLM","product_condition":"new"},"_links":{"self":[{"href":"https:\/\/compuviper.mx\/tienda\/wp-json\/wp\/v2\/product\/248134"}],"collection":[{"href":"https:\/\/compuviper.mx\/tienda\/wp-json\/wp\/v2\/product"}],"about":[{"href":"https:\/\/compuviper.mx\/tienda\/wp-json\/wp\/v2\/types\/product"}],"replies":[{"embeddable":true,"href":"https:\/\/compuviper.mx\/tienda\/wp-json\/wp\/v2\/comments?post=248134"}],"wp:featuredmedia":[{"embeddable":true,"href":"https:\/\/compuviper.mx\/tienda\/wp-json\/wp\/v2\/media\/260260"}],"wp:attachment":[{"href":"https:\/\/compuviper.mx\/tienda\/wp-json\/wp\/v2\/media?parent=248134"}],"wp:term":[{"taxonomy":"product_cat","embeddable":true,"href":"https:\/\/compuviper.mx\/tienda\/wp-json\/wp\/v2\/product_cat?post=248134"},{"taxonomy":"product_tag","embeddable":true,"href":"https:\/\/compuviper.mx\/tienda\/wp-json\/wp\/v2\/product_tag?post=248134"}],"curies":[{"name":"wp","href":"https:\/\/api.w.org\/{rel}","templated":true}]}}