{"id":248083,"date":"2026-04-14T00:38:22","date_gmt":"2026-04-14T06:38:22","guid":{"rendered":"https:\/\/compuviper.mx\/tienda\/producto\/hewlett-packard-enterprise-p40515-b21-hpe-ssd-1-92-tb-nvme-m-2-gen3-rendimiento-convencional-lectura-intensiva-mltiples-proveedores\/"},"modified":"2026-04-14T00:38:23","modified_gmt":"2026-04-14T06:38:23","slug":"hewlett-packard-enterprise-p40515-b21-hpe-ssd-1-92-tb-nvme-m-2-gen3-rendimiento-convencional-lectura-intensiva-mltiples-proveedores","status":"publish","type":"product","link":"https:\/\/compuviper.mx\/tienda\/producto\/hewlett-packard-enterprise-p40515-b21-hpe-ssd-1-92-tb-nvme-m-2-gen3-rendimiento-convencional-lectura-intensiva-mltiples-proveedores\/","title":{"rendered":"Hewlett Packard Enterprise P40515-b21 Hpe Ssd 1.92 Tb Nvme M.2 Gen3 Rendimiento Convencional Lectura Intensiva M?ltiples Proveedores"},"content":{"rendered":"<table class=\"descripcion\">\n<tr>\n<td>Escrituras durante la vida til<\/td>\n<\/tr>\n<tr>\n<td>4765<\/td>\n<\/tr>\n<tr>\n<td>Resistencia dwpd escrituras a la unidad por da<\/td>\n<\/tr>\n<tr>\n<td>1,36<\/td>\n<\/tr>\n<tr>\n<td>Iops de lectura<\/td>\n<\/tr>\n<tr>\n<td>Iops de lectura aleatoria 4 kib, q = 16 = 145 000 iops de lectura aleatoria m\u00e1x. 4 kib = 425 000 a q256<\/td>\n<\/tr>\n<tr>\n<td>Iops de escritura<\/td>\n<\/tr>\n<tr>\n<td>Iops de escritura aleatoria 4 kib, q = 16 = 54 000 iops de escritura aleatoria m\u00e1x. 4 kib = 54 500 a q64<\/td>\n<\/tr>\n<tr>\n<td>Alimentacin vatios<\/td>\n<\/tr>\n<tr>\n<td>6,8<\/td>\n<\/tr>\n<tr>\n<td>Tipo de conexin<\/td>\n<\/tr>\n<tr>\n<td>Sin conexin directa<\/td>\n<\/tr>\n<tr>\n<td>Altura<\/td>\n<\/tr>\n<tr>\n<td>2 mm<\/td>\n<\/tr>\n<tr>\n<td>Medidas del producto mtrico<\/td>\n<\/tr>\n<tr>\n<td>10,8 x 15,88 x 3,17 cm<\/td>\n<\/tr>\n<tr>\n<td>4.25 x 6.25 x 1.25 in<\/td>\n<\/tr>\n<tr>\n<td>Peso<\/td>\n<\/tr>\n<tr>\n<td>0,5 kg<\/td>\n<\/tr>\n<tr>\n<td>1.1 lb<\/td>\n<\/tr>\n<\/table>\n","protected":false},"excerpt":{"rendered":"<p>Las unidades de estado slido de rendimiento convencional y lectura intensiva hpe nvme m.2 incluyen firmware firmado digitalmente para evitar la prdida de datos y los ataques maliciosos verificando que el firmware de la unidad procede de una fuente de confianza. Hpe smart ssd wear gauge, con herramientas de gestin, supervisa la vida til de una unidad ssd y evita la prdida de datos.<\/p>\n","protected":false},"featured_media":259659,"comment_status":"open","ping_status":"open","template":"","meta":[],"product_cat":[1703,1708],"product_tag":[1568],"acf":[],"yoast_head":"<!-- This site is optimized with the Yoast SEO plugin v21.7 - https:\/\/yoast.com\/wordpress\/plugins\/seo\/ -->\n<title>[ Hewlett Packard Enterprise ] &#129351; P40515-b21 Hpe Ssd 1.92 Tb Nvme M.2 Gen3 Rendimiento Convencional Lectura Intensiva M\u00faltiples Proveedores<\/title>\n<meta name=\"description\" content=\"Compra P40515-b21 Hpe Ssd 1.92 Tb Nvme M.2 Gen3 Rendimiento Convencional Lectura Intensiva M\u00faltiples Proveedores + Env\u00edo a domicilio + Pago seguro + Garant\u00eda\" \/>\n<meta name=\"robots\" content=\"index, follow, max-snippet:-1, max-image-preview:large, max-video-preview:-1\" \/>\n<link rel=\"canonical\" href=\"https:\/\/compuviper.mx\/tienda\/producto\/hewlett-packard-enterprise-p40515-b21-hpe-ssd-1-92-tb-nvme-m-2-gen3-rendimiento-convencional-lectura-intensiva-mltiples-proveedores\/\" \/>\n<meta property=\"og:locale\" content=\"es_MX\" \/>\n<meta property=\"og:type\" content=\"article\" \/>\n<meta property=\"og:title\" content=\"[ Hewlett Packard Enterprise ] &#129351; P40515-b21 Hpe Ssd 1.92 Tb Nvme M.2 Gen3 Rendimiento Convencional Lectura Intensiva M\u00faltiples Proveedores\" \/>\n<meta property=\"og:description\" content=\"Compra P40515-b21 Hpe Ssd 1.92 Tb Nvme M.2 Gen3 Rendimiento Convencional Lectura Intensiva M\u00faltiples Proveedores + Env\u00edo a domicilio + Pago seguro + Garant\u00eda\" \/>\n<meta property=\"og:url\" content=\"https:\/\/compuviper.mx\/tienda\/producto\/hewlett-packard-enterprise-p40515-b21-hpe-ssd-1-92-tb-nvme-m-2-gen3-rendimiento-convencional-lectura-intensiva-mltiples-proveedores\/\" \/>\n<meta property=\"og:site_name\" content=\"Compuviper\" \/>\n<meta property=\"article:publisher\" content=\"https:\/\/www.facebook.com\/compuviper\" \/>\n<meta property=\"article:modified_time\" content=\"2026-04-14T06:38:23+00:00\" \/>\n<meta property=\"og:image\" content=\"https:\/\/compuviper.mx\/tienda\/wp-content\/uploads\/2025\/10\/Hpe-ssd-1.92-tb-nvme-m.2-gen3-rendimiento-convencional-lectura-intensiva-multiples-proveedores.jpg\" \/>\n\t<meta property=\"og:image:width\" content=\"200\" \/>\n\t<meta property=\"og:image:height\" content=\"200\" \/>\n\t<meta property=\"og:image:type\" content=\"image\/jpeg\" \/>\n<meta name=\"twitter:card\" content=\"summary_large_image\" \/>\n<meta name=\"twitter:label1\" content=\"Precio\" \/>\n\t<meta name=\"twitter:data1\" content=\"&#36;96,736 con IVA\" \/>\n\t<meta name=\"twitter:label2\" content=\"Availability\" \/>\n\t<meta name=\"twitter:data2\" content=\"On backorder\" \/>\n<script type=\"application\/ld+json\" class=\"yoast-schema-graph\">{\"@context\":\"https:\/\/schema.org\",\"@graph\":[{\"@type\":\"WebPage\",\"@id\":\"https:\/\/compuviper.mx\/tienda\/producto\/hewlett-packard-enterprise-p40515-b21-hpe-ssd-1-92-tb-nvme-m-2-gen3-rendimiento-convencional-lectura-intensiva-mltiples-proveedores\/\",\"url\":\"https:\/\/compuviper.mx\/tienda\/producto\/hewlett-packard-enterprise-p40515-b21-hpe-ssd-1-92-tb-nvme-m-2-gen3-rendimiento-convencional-lectura-intensiva-mltiples-proveedores\/\",\"name\":\"[ Hewlett Packard Enterprise ] &#129351; P40515-b21 Hpe Ssd 1.92 Tb Nvme M.2 Gen3 Rendimiento Convencional Lectura Intensiva M\u00faltiples Proveedores\",\"isPartOf\":{\"@id\":\"https:\/\/compuviper.mx\/tienda\/#website\"},\"datePublished\":\"2026-04-14T06:38:22+00:00\",\"dateModified\":\"2026-04-14T06:38:23+00:00\",\"description\":\"Compra P40515-b21 Hpe Ssd 1.92 Tb Nvme M.2 Gen3 Rendimiento Convencional Lectura Intensiva M\u00faltiples Proveedores + Env\u00edo a domicilio + Pago seguro + Garant\u00eda\",\"breadcrumb\":{\"@id\":\"https:\/\/compuviper.mx\/tienda\/producto\/hewlett-packard-enterprise-p40515-b21-hpe-ssd-1-92-tb-nvme-m-2-gen3-rendimiento-convencional-lectura-intensiva-mltiples-proveedores\/#breadcrumb\"},\"inLanguage\":\"es-MX\",\"potentialAction\":[{\"@type\":\"ReadAction\",\"target\":[\"https:\/\/compuviper.mx\/tienda\/producto\/hewlett-packard-enterprise-p40515-b21-hpe-ssd-1-92-tb-nvme-m-2-gen3-rendimiento-convencional-lectura-intensiva-mltiples-proveedores\/\"]}]},{\"@type\":\"BreadcrumbList\",\"@id\":\"https:\/\/compuviper.mx\/tienda\/producto\/hewlett-packard-enterprise-p40515-b21-hpe-ssd-1-92-tb-nvme-m-2-gen3-rendimiento-convencional-lectura-intensiva-mltiples-proveedores\/#breadcrumb\",\"itemListElement\":[{\"@type\":\"ListItem\",\"position\":1,\"name\":\"Inicio\",\"item\":\"https:\/\/compuviper.mx\/tienda\/\"},{\"@type\":\"ListItem\",\"position\":2,\"name\":\"Productos\",\"item\":\"https:\/\/compuviper.mx\/tienda\/productos\/\"},{\"@type\":\"ListItem\",\"position\":3,\"name\":\"Discos Duros\",\"item\":\"https:\/\/compuviper.mx\/tienda\/categoria-producto\/discos-duros\/\"},{\"@type\":\"ListItem\",\"position\":4,\"name\":\"Unidad De Estado Solido\",\"item\":\"https:\/\/compuviper.mx\/tienda\/categoria-producto\/discos-duros\/unidad-de-estado-solido\/\"},{\"@type\":\"ListItem\",\"position\":5,\"name\":\"Hewlett Packard Enterprise P40515-b21 Hpe Ssd 1.92 Tb Nvme M.2 Gen3 Rendimiento Convencional Lectura Intensiva M?ltiples Proveedores\"}]},{\"@type\":\"WebSite\",\"@id\":\"https:\/\/compuviper.mx\/tienda\/#website\",\"url\":\"https:\/\/compuviper.mx\/tienda\/\",\"name\":\"Compuviper\",\"description\":\"Proveedor de Computadoras, Laptops, Servidores, Monitores, Puntos de Venta, Teclados,   Impresoras, T\u00f3ner, C\u00e1maras de Seguridad y m\u00e1s en tu tienda en l\u00ednea\",\"publisher\":{\"@id\":\"https:\/\/compuviper.mx\/tienda\/#organization\"},\"potentialAction\":[{\"@type\":\"SearchAction\",\"target\":{\"@type\":\"EntryPoint\",\"urlTemplate\":\"https:\/\/compuviper.mx\/tienda\/?s={search_term_string}\"},\"query-input\":\"required name=search_term_string\"}],\"inLanguage\":\"es-MX\"},{\"@type\":\"Organization\",\"@id\":\"https:\/\/compuviper.mx\/tienda\/#organization\",\"name\":\"Compuviper\",\"url\":\"https:\/\/compuviper.mx\/tienda\/\",\"logo\":{\"@type\":\"ImageObject\",\"inLanguage\":\"es-MX\",\"@id\":\"https:\/\/compuviper.mx\/tienda\/#\/schema\/logo\/image\/\",\"url\":\"https:\/\/compuviper.mx\/tienda\/wp-content\/uploads\/2021\/08\/Logo-Compuviper-10.png\",\"contentUrl\":\"https:\/\/compuviper.mx\/tienda\/wp-content\/uploads\/2021\/08\/Logo-Compuviper-10.png\",\"width\":1000,\"height\":500,\"caption\":\"Compuviper\"},\"image\":{\"@id\":\"https:\/\/compuviper.mx\/tienda\/#\/schema\/logo\/image\/\"},\"sameAs\":[\"https:\/\/www.facebook.com\/compuviper\",\"https:\/\/www.youtube.com\/channel\/UCf73dERp9Y3cfOq7q8BhLjA?view_as=subscriber\"]}]}<\/script>\n<meta property=\"product:brand\" content=\"HEWLETT PACKARD ENTERPRISE\" \/>\n<meta property=\"product:price:amount\" content=\"96736\" \/>\n<meta property=\"product:price:currency\" content=\"MXN\" \/>\n<meta property=\"og:availability\" content=\"backorder\" \/>\n<meta property=\"product:availability\" content=\"available for order\" \/>\n<meta property=\"product:retailer_item_id\" content=\"P40515-B21\" \/>\n<meta property=\"product:condition\" content=\"new\" \/>\n<!-- \/ Yoast SEO plugin. -->","yoast_head_json":{"title":"[ Hewlett Packard Enterprise ] &#129351; P40515-b21 Hpe Ssd 1.92 Tb Nvme M.2 Gen3 Rendimiento Convencional Lectura Intensiva M\u00faltiples Proveedores","description":"Compra P40515-b21 Hpe Ssd 1.92 Tb Nvme M.2 Gen3 Rendimiento Convencional Lectura Intensiva M\u00faltiples Proveedores + Env\u00edo a domicilio + Pago seguro + Garant\u00eda","robots":{"index":"index","follow":"follow","max-snippet":"max-snippet:-1","max-image-preview":"max-image-preview:large","max-video-preview":"max-video-preview:-1"},"canonical":"https:\/\/compuviper.mx\/tienda\/producto\/hewlett-packard-enterprise-p40515-b21-hpe-ssd-1-92-tb-nvme-m-2-gen3-rendimiento-convencional-lectura-intensiva-mltiples-proveedores\/","og_locale":"es_MX","og_type":"article","og_title":"[ Hewlett Packard Enterprise ] &#129351; P40515-b21 Hpe Ssd 1.92 Tb Nvme M.2 Gen3 Rendimiento Convencional Lectura Intensiva M\u00faltiples Proveedores","og_description":"Compra P40515-b21 Hpe Ssd 1.92 Tb Nvme M.2 Gen3 Rendimiento Convencional Lectura Intensiva M\u00faltiples Proveedores + Env\u00edo a domicilio + Pago seguro + Garant\u00eda","og_url":"https:\/\/compuviper.mx\/tienda\/producto\/hewlett-packard-enterprise-p40515-b21-hpe-ssd-1-92-tb-nvme-m-2-gen3-rendimiento-convencional-lectura-intensiva-mltiples-proveedores\/","og_site_name":"Compuviper","article_publisher":"https:\/\/www.facebook.com\/compuviper","article_modified_time":"2026-04-14T06:38:23+00:00","og_image":[{"width":200,"height":200,"url":"https:\/\/compuviper.mx\/tienda\/wp-content\/uploads\/2025\/10\/Hpe-ssd-1.92-tb-nvme-m.2-gen3-rendimiento-convencional-lectura-intensiva-multiples-proveedores.jpg","type":"image\/jpeg"}],"twitter_card":"summary_large_image","twitter_misc":{"Precio":"&#36;96,736 con IVA","Availability":"On backorder"},"schema":{"@context":"https:\/\/schema.org","@graph":[{"@type":"WebPage","@id":"https:\/\/compuviper.mx\/tienda\/producto\/hewlett-packard-enterprise-p40515-b21-hpe-ssd-1-92-tb-nvme-m-2-gen3-rendimiento-convencional-lectura-intensiva-mltiples-proveedores\/","url":"https:\/\/compuviper.mx\/tienda\/producto\/hewlett-packard-enterprise-p40515-b21-hpe-ssd-1-92-tb-nvme-m-2-gen3-rendimiento-convencional-lectura-intensiva-mltiples-proveedores\/","name":"[ Hewlett Packard Enterprise ] &#129351; P40515-b21 Hpe Ssd 1.92 Tb Nvme M.2 Gen3 Rendimiento Convencional Lectura Intensiva M\u00faltiples Proveedores","isPartOf":{"@id":"https:\/\/compuviper.mx\/tienda\/#website"},"datePublished":"2026-04-14T06:38:22+00:00","dateModified":"2026-04-14T06:38:23+00:00","description":"Compra P40515-b21 Hpe Ssd 1.92 Tb Nvme M.2 Gen3 Rendimiento Convencional Lectura Intensiva M\u00faltiples Proveedores + Env\u00edo a domicilio + Pago seguro + Garant\u00eda","breadcrumb":{"@id":"https:\/\/compuviper.mx\/tienda\/producto\/hewlett-packard-enterprise-p40515-b21-hpe-ssd-1-92-tb-nvme-m-2-gen3-rendimiento-convencional-lectura-intensiva-mltiples-proveedores\/#breadcrumb"},"inLanguage":"es-MX","potentialAction":[{"@type":"ReadAction","target":["https:\/\/compuviper.mx\/tienda\/producto\/hewlett-packard-enterprise-p40515-b21-hpe-ssd-1-92-tb-nvme-m-2-gen3-rendimiento-convencional-lectura-intensiva-mltiples-proveedores\/"]}]},{"@type":"BreadcrumbList","@id":"https:\/\/compuviper.mx\/tienda\/producto\/hewlett-packard-enterprise-p40515-b21-hpe-ssd-1-92-tb-nvme-m-2-gen3-rendimiento-convencional-lectura-intensiva-mltiples-proveedores\/#breadcrumb","itemListElement":[{"@type":"ListItem","position":1,"name":"Inicio","item":"https:\/\/compuviper.mx\/tienda\/"},{"@type":"ListItem","position":2,"name":"Productos","item":"https:\/\/compuviper.mx\/tienda\/productos\/"},{"@type":"ListItem","position":3,"name":"Discos Duros","item":"https:\/\/compuviper.mx\/tienda\/categoria-producto\/discos-duros\/"},{"@type":"ListItem","position":4,"name":"Unidad De Estado Solido","item":"https:\/\/compuviper.mx\/tienda\/categoria-producto\/discos-duros\/unidad-de-estado-solido\/"},{"@type":"ListItem","position":5,"name":"Hewlett Packard Enterprise P40515-b21 Hpe Ssd 1.92 Tb Nvme M.2 Gen3 Rendimiento Convencional Lectura Intensiva M?ltiples Proveedores"}]},{"@type":"WebSite","@id":"https:\/\/compuviper.mx\/tienda\/#website","url":"https:\/\/compuviper.mx\/tienda\/","name":"Compuviper","description":"Proveedor de Computadoras, Laptops, Servidores, Monitores, Puntos de Venta, Teclados,   Impresoras, T\u00f3ner, C\u00e1maras de Seguridad y m\u00e1s en tu tienda en l\u00ednea","publisher":{"@id":"https:\/\/compuviper.mx\/tienda\/#organization"},"potentialAction":[{"@type":"SearchAction","target":{"@type":"EntryPoint","urlTemplate":"https:\/\/compuviper.mx\/tienda\/?s={search_term_string}"},"query-input":"required name=search_term_string"}],"inLanguage":"es-MX"},{"@type":"Organization","@id":"https:\/\/compuviper.mx\/tienda\/#organization","name":"Compuviper","url":"https:\/\/compuviper.mx\/tienda\/","logo":{"@type":"ImageObject","inLanguage":"es-MX","@id":"https:\/\/compuviper.mx\/tienda\/#\/schema\/logo\/image\/","url":"https:\/\/compuviper.mx\/tienda\/wp-content\/uploads\/2021\/08\/Logo-Compuviper-10.png","contentUrl":"https:\/\/compuviper.mx\/tienda\/wp-content\/uploads\/2021\/08\/Logo-Compuviper-10.png","width":1000,"height":500,"caption":"Compuviper"},"image":{"@id":"https:\/\/compuviper.mx\/tienda\/#\/schema\/logo\/image\/"},"sameAs":["https:\/\/www.facebook.com\/compuviper","https:\/\/www.youtube.com\/channel\/UCf73dERp9Y3cfOq7q8BhLjA?view_as=subscriber"]}]},"product_brand":"HEWLETT PACKARD ENTERPRISE","product_price_amount":"96736","product_price_currency":"MXN","og_availability":"backorder","product_availability":"available for order","product_retailer_item_id":"P40515-B21","product_condition":"new"},"_links":{"self":[{"href":"https:\/\/compuviper.mx\/tienda\/wp-json\/wp\/v2\/product\/248083"}],"collection":[{"href":"https:\/\/compuviper.mx\/tienda\/wp-json\/wp\/v2\/product"}],"about":[{"href":"https:\/\/compuviper.mx\/tienda\/wp-json\/wp\/v2\/types\/product"}],"replies":[{"embeddable":true,"href":"https:\/\/compuviper.mx\/tienda\/wp-json\/wp\/v2\/comments?post=248083"}],"wp:featuredmedia":[{"embeddable":true,"href":"https:\/\/compuviper.mx\/tienda\/wp-json\/wp\/v2\/media\/259659"}],"wp:attachment":[{"href":"https:\/\/compuviper.mx\/tienda\/wp-json\/wp\/v2\/media?parent=248083"}],"wp:term":[{"taxonomy":"product_cat","embeddable":true,"href":"https:\/\/compuviper.mx\/tienda\/wp-json\/wp\/v2\/product_cat?post=248083"},{"taxonomy":"product_tag","embeddable":true,"href":"https:\/\/compuviper.mx\/tienda\/wp-json\/wp\/v2\/product_tag?post=248083"}],"curies":[{"name":"wp","href":"https:\/\/api.w.org\/{rel}","templated":true}]}}